{"id":17367,"date":"2025-09-03T09:51:27","date_gmt":"2025-09-03T07:51:27","guid":{"rendered":"https:\/\/rutana.webdemo.lt\/?post_type=product&#038;p=17367"},"modified":"2025-10-13T15:53:48","modified_gmt":"2025-10-13T13:53:48","slug":"lipdukai-elnias-ir-dekoracijos-blizgantys-20vnt-herma-3727","status":"publish","type":"product","link":"https:\/\/rutana.lt\/en\/product\/lipdukai-elnias-ir-dekoracijos-blizgantys-20vnt-herma-3727\/","title":{"rendered":"Lipdukai &#8222;Elnias ir dekoracijos&#8221; blizgantys 20vnt. Herma 3727"},"content":{"rendered":"<p>Lipn\u016bs, blizgantys lipdukai, skirti Kal\u0117diniam papuo\u0161imui, Advento kalendoriams ar kal\u0117diniams atvirukams, stebuklingam Advento sezonui.<\/p>\n<p>Lipduk\u0173 kiekis: 20 vnt.<\/p>\n<p>Klijavimo savyb\u0117s: atsparios vandeniui<\/p>\n<p>Med\u017eiaga: popierius<\/p>\n<p>Kilm\u0117s \u0161alis: Vokietija<\/p>\n<p><\/p>\n<p><\/p>\n<\/p>\n<p><\/p>","protected":false},"excerpt":{"rendered":"<p>Lipn\u016bs, blizgantys lipdukai, skirti Kal\u0117diniam papuo\u0161imui, Advento kalendoriams ar kal\u0117diniams atvirukams, stebuklingam Advento sezonui. Lipduk\u0173 kiekis: 20 vnt. Klijavimo savyb\u0117s: atsparios vandeniui Med\u017eiaga: popierius Kilm\u0117s \u0161alis: Vokietija<\/p>","protected":false},"featured_media":29388,"comment_status":"open","ping_status":"closed","template":"","meta":{"_season_start":"","_season_end":"","_season_days":"","_season_months":"","_season_auto_visibility":""},"product_brand":[665],"product_cat":[1884],"product_tag":[],"class_list":{"0":"post-17367","1":"product","2":"type-product","3":"status-publish","4":"has-post-thumbnail","6":"product_brand-herma","7":"product_cat-lipdukai-vaikiski","9":"first","10":"instock","11":"taxable","12":"shipping-taxable","13":"purchasable","14":"product-type-simple"},"yoast_head":"<!-- This site is optimized with the Yoast SEO plugin v27.4 - https:\/\/yoast.com\/product\/yoast-seo-wordpress\/ -->\n<title>Lipdukai &quot;Elnias ir dekoracijos&quot; blizgantys 20vnt. Herma 3727 - Rutana - Ra\u0161tin\u0117s reikmenys<\/title>\n<meta name=\"robots\" content=\"index, follow, max-snippet:-1, max-image-preview:large, max-video-preview:-1\" \/>\n<link rel=\"canonical\" href=\"https:\/\/rutana.lt\/en\/product\/lipdukai-elnias-ir-dekoracijos-blizgantys-20vnt-herma-3727\/\" \/>\n<meta property=\"og:locale\" content=\"en_US\" \/>\n<meta property=\"og:type\" content=\"article\" \/>\n<meta property=\"og:title\" content=\"Lipdukai &quot;Elnias ir dekoracijos&quot; blizgantys 20vnt. Herma 3727 - Rutana - Ra\u0161tin\u0117s reikmenys\" \/>\n<meta property=\"og:description\" content=\"Lipn\u016bs, blizgantys lipdukai, skirti Kal\u0117diniam papuo\u0161imui, Advento kalendoriams ar kal\u0117diniams atvirukams, stebuklingam Advento sezonui. Lipduk\u0173 kiekis: 20 vnt. Klijavimo savyb\u0117s: atsparios vandeniui Med\u017eiaga: popierius Kilm\u0117s \u0161alis: Vokietija\" \/>\n<meta property=\"og:url\" content=\"https:\/\/rutana.lt\/en\/product\/lipdukai-elnias-ir-dekoracijos-blizgantys-20vnt-herma-3727\/\" \/>\n<meta property=\"og:site_name\" content=\"Rutana - Ra\u0161tin\u0117s reikmenys\" \/>\n<meta property=\"article:publisher\" content=\"https:\/\/www.facebook.com\/RutanaKanceliarinesPrekes\/\" \/>\n<meta property=\"article:modified_time\" content=\"2025-10-13T13:53:48+00:00\" \/>\n<meta property=\"og:image\" content=\"https:\/\/rutana.lt\/wp-content\/uploads\/2025\/09\/A113-633N.jpg\" \/>\n\t<meta property=\"og:image:width\" content=\"1130\" \/>\n\t<meta property=\"og:image:height\" content=\"1225\" \/>\n\t<meta property=\"og:image:type\" content=\"image\/jpeg\" \/>\n<meta name=\"twitter:card\" content=\"summary_large_image\" \/>\n<script type=\"application\/ld+json\" class=\"yoast-schema-graph\">{\"@context\":\"https:\\\/\\\/schema.org\",\"@graph\":[{\"@type\":\"WebPage\",\"@id\":\"https:\\\/\\\/rutana.lt\\\/produktas\\\/lipdukai-elnias-ir-dekoracijos-blizgantys-20vnt-herma-3727\\\/\",\"url\":\"https:\\\/\\\/rutana.lt\\\/produktas\\\/lipdukai-elnias-ir-dekoracijos-blizgantys-20vnt-herma-3727\\\/\",\"name\":\"Lipdukai \\\"Elnias ir dekoracijos\\\" blizgantys 20vnt. Herma 3727 - Rutana - Ra\u0161tin\u0117s reikmenys\",\"isPartOf\":{\"@id\":\"https:\\\/\\\/rutana.lt\\\/#website\"},\"primaryImageOfPage\":{\"@id\":\"https:\\\/\\\/rutana.lt\\\/produktas\\\/lipdukai-elnias-ir-dekoracijos-blizgantys-20vnt-herma-3727\\\/#primaryimage\"},\"image\":{\"@id\":\"https:\\\/\\\/rutana.lt\\\/produktas\\\/lipdukai-elnias-ir-dekoracijos-blizgantys-20vnt-herma-3727\\\/#primaryimage\"},\"thumbnailUrl\":\"https:\\\/\\\/rutana.lt\\\/wp-content\\\/uploads\\\/2025\\\/09\\\/A113-633N-1.jpg?v=1763564834\",\"datePublished\":\"2025-09-03T07:51:27+00:00\",\"dateModified\":\"2025-10-13T13:53:48+00:00\",\"breadcrumb\":{\"@id\":\"https:\\\/\\\/rutana.lt\\\/produktas\\\/lipdukai-elnias-ir-dekoracijos-blizgantys-20vnt-herma-3727\\\/#breadcrumb\"},\"inLanguage\":\"en-US\",\"potentialAction\":[{\"@type\":\"ReadAction\",\"target\":[\"https:\\\/\\\/rutana.lt\\\/produktas\\\/lipdukai-elnias-ir-dekoracijos-blizgantys-20vnt-herma-3727\\\/\"]}]},{\"@type\":\"ImageObject\",\"inLanguage\":\"en-US\",\"@id\":\"https:\\\/\\\/rutana.lt\\\/produktas\\\/lipdukai-elnias-ir-dekoracijos-blizgantys-20vnt-herma-3727\\\/#primaryimage\",\"url\":\"https:\\\/\\\/rutana.lt\\\/wp-content\\\/uploads\\\/2025\\\/09\\\/A113-633N-1.jpg?v=1763564834\",\"contentUrl\":\"https:\\\/\\\/rutana.lt\\\/wp-content\\\/uploads\\\/2025\\\/09\\\/A113-633N-1.jpg?v=1763564834\",\"width\":1130,\"height\":1225},{\"@type\":\"BreadcrumbList\",\"@id\":\"https:\\\/\\\/rutana.lt\\\/produktas\\\/lipdukai-elnias-ir-dekoracijos-blizgantys-20vnt-herma-3727\\\/#breadcrumb\",\"itemListElement\":[{\"@type\":\"ListItem\",\"position\":1,\"name\":\"Home\",\"item\":\"https:\\\/\\\/rutana.lt\\\/\"},{\"@type\":\"ListItem\",\"position\":2,\"name\":\"Parduotuv\u0117\",\"item\":\"https:\\\/\\\/rutana.lt\\\/parduotuve\\\/\"},{\"@type\":\"ListItem\",\"position\":3,\"name\":\"Lipdukai &#8222;Elnias ir dekoracijos&#8221; blizgantys 20vnt. Herma 3727\"}]},{\"@type\":\"WebSite\",\"@id\":\"https:\\\/\\\/rutana.lt\\\/#website\",\"url\":\"https:\\\/\\\/rutana.lt\\\/\",\"name\":\"Rutana - Ra\u0161tin\u0117s reikmenys\",\"description\":\"Prekiaujame pasaulin\u0117je rinkoje pripa\u017eintomis, kokybi\u0161komis biuro prek\u0117mis toki\u0173  gamintoj\u0173 kaip: Schneider, Esselte, Novus, 3M, Faber-Castell, Citizen, Milan, Leitz, Colop, Zebra, Staedtler, Durable, Tork, Parker, Waterman ir kt.\",\"publisher\":{\"@id\":\"https:\\\/\\\/rutana.lt\\\/#organization\"},\"potentialAction\":[{\"@type\":\"SearchAction\",\"target\":{\"@type\":\"EntryPoint\",\"urlTemplate\":\"https:\\\/\\\/rutana.lt\\\/?s={search_term_string}\"},\"query-input\":{\"@type\":\"PropertyValueSpecification\",\"valueRequired\":true,\"valueName\":\"search_term_string\"}}],\"inLanguage\":\"en-US\"},{\"@type\":\"Organization\",\"@id\":\"https:\\\/\\\/rutana.lt\\\/#organization\",\"name\":\"Rutana - Ra\u0161tin\u0117s reikmenys\",\"url\":\"https:\\\/\\\/rutana.lt\\\/\",\"logo\":{\"@type\":\"ImageObject\",\"inLanguage\":\"en-US\",\"@id\":\"https:\\\/\\\/rutana.lt\\\/#\\\/schema\\\/logo\\\/image\\\/\",\"url\":\"https:\\\/\\\/rutana.lt\\\/wp-content\\\/uploads\\\/2025\\\/10\\\/Asset-32.png\",\"contentUrl\":\"https:\\\/\\\/rutana.lt\\\/wp-content\\\/uploads\\\/2025\\\/10\\\/Asset-32.png\",\"width\":433,\"height\":119,\"caption\":\"Rutana - Ra\u0161tin\u0117s reikmenys\"},\"image\":{\"@id\":\"https:\\\/\\\/rutana.lt\\\/#\\\/schema\\\/logo\\\/image\\\/\"},\"sameAs\":[\"https:\\\/\\\/www.facebook.com\\\/RutanaKanceliarinesPrekes\\\/\"]}]}<\/script>\n<!-- \/ Yoast SEO plugin. -->","yoast_head_json":{"title":"Lipdukai \"Elnias ir dekoracijos\" blizgantys 20vnt. Herma 3727 - Rutana - Ra\u0161tin\u0117s reikmenys","robots":{"index":"index","follow":"follow","max-snippet":"max-snippet:-1","max-image-preview":"max-image-preview:large","max-video-preview":"max-video-preview:-1"},"canonical":"https:\/\/rutana.lt\/en\/product\/lipdukai-elnias-ir-dekoracijos-blizgantys-20vnt-herma-3727\/","og_locale":"en_US","og_type":"article","og_title":"Lipdukai \"Elnias ir dekoracijos\" blizgantys 20vnt. Herma 3727 - Rutana - Ra\u0161tin\u0117s reikmenys","og_description":"Lipn\u016bs, blizgantys lipdukai, skirti Kal\u0117diniam papuo\u0161imui, Advento kalendoriams ar kal\u0117diniams atvirukams, stebuklingam Advento sezonui. Lipduk\u0173 kiekis: 20 vnt. Klijavimo savyb\u0117s: atsparios vandeniui Med\u017eiaga: popierius Kilm\u0117s \u0161alis: Vokietija","og_url":"https:\/\/rutana.lt\/en\/product\/lipdukai-elnias-ir-dekoracijos-blizgantys-20vnt-herma-3727\/","og_site_name":"Rutana - Ra\u0161tin\u0117s reikmenys","article_publisher":"https:\/\/www.facebook.com\/RutanaKanceliarinesPrekes\/","article_modified_time":"2025-10-13T13:53:48+00:00","og_image":[{"width":1130,"height":1225,"url":"https:\/\/rutana.lt\/wp-content\/uploads\/2025\/09\/A113-633N.jpg","type":"image\/jpeg"}],"twitter_card":"summary_large_image","schema":{"@context":"https:\/\/schema.org","@graph":[{"@type":"WebPage","@id":"https:\/\/rutana.lt\/produktas\/lipdukai-elnias-ir-dekoracijos-blizgantys-20vnt-herma-3727\/","url":"https:\/\/rutana.lt\/produktas\/lipdukai-elnias-ir-dekoracijos-blizgantys-20vnt-herma-3727\/","name":"Lipdukai \"Elnias ir dekoracijos\" blizgantys 20vnt. Herma 3727 - Rutana - Ra\u0161tin\u0117s reikmenys","isPartOf":{"@id":"https:\/\/rutana.lt\/#website"},"primaryImageOfPage":{"@id":"https:\/\/rutana.lt\/produktas\/lipdukai-elnias-ir-dekoracijos-blizgantys-20vnt-herma-3727\/#primaryimage"},"image":{"@id":"https:\/\/rutana.lt\/produktas\/lipdukai-elnias-ir-dekoracijos-blizgantys-20vnt-herma-3727\/#primaryimage"},"thumbnailUrl":"https:\/\/rutana.lt\/wp-content\/uploads\/2025\/09\/A113-633N-1.jpg?v=1763564834","datePublished":"2025-09-03T07:51:27+00:00","dateModified":"2025-10-13T13:53:48+00:00","breadcrumb":{"@id":"https:\/\/rutana.lt\/produktas\/lipdukai-elnias-ir-dekoracijos-blizgantys-20vnt-herma-3727\/#breadcrumb"},"inLanguage":"en-US","potentialAction":[{"@type":"ReadAction","target":["https:\/\/rutana.lt\/produktas\/lipdukai-elnias-ir-dekoracijos-blizgantys-20vnt-herma-3727\/"]}]},{"@type":"ImageObject","inLanguage":"en-US","@id":"https:\/\/rutana.lt\/produktas\/lipdukai-elnias-ir-dekoracijos-blizgantys-20vnt-herma-3727\/#primaryimage","url":"https:\/\/rutana.lt\/wp-content\/uploads\/2025\/09\/A113-633N-1.jpg?v=1763564834","contentUrl":"https:\/\/rutana.lt\/wp-content\/uploads\/2025\/09\/A113-633N-1.jpg?v=1763564834","width":1130,"height":1225},{"@type":"BreadcrumbList","@id":"https:\/\/rutana.lt\/produktas\/lipdukai-elnias-ir-dekoracijos-blizgantys-20vnt-herma-3727\/#breadcrumb","itemListElement":[{"@type":"ListItem","position":1,"name":"Home","item":"https:\/\/rutana.lt\/"},{"@type":"ListItem","position":2,"name":"Parduotuv\u0117","item":"https:\/\/rutana.lt\/parduotuve\/"},{"@type":"ListItem","position":3,"name":"Lipdukai &#8222;Elnias ir dekoracijos&#8221; blizgantys 20vnt. Herma 3727"}]},{"@type":"WebSite","@id":"https:\/\/rutana.lt\/#website","url":"https:\/\/rutana.lt\/","name":"Rutana - Ra\u0161tin\u0117s reikmenys","description":"Prekiaujame pasaulin\u0117je rinkoje pripa\u017eintomis, kokybi\u0161komis biuro prek\u0117mis toki\u0173  gamintoj\u0173 kaip: Schneider, Esselte, Novus, 3M, Faber-Castell, Citizen, Milan, Leitz, Colop, Zebra, Staedtler, Durable, Tork, Parker, Waterman ir kt.","publisher":{"@id":"https:\/\/rutana.lt\/#organization"},"potentialAction":[{"@type":"SearchAction","target":{"@type":"EntryPoint","urlTemplate":"https:\/\/rutana.lt\/?s={search_term_string}"},"query-input":{"@type":"PropertyValueSpecification","valueRequired":true,"valueName":"search_term_string"}}],"inLanguage":"en-US"},{"@type":"Organization","@id":"https:\/\/rutana.lt\/#organization","name":"Rutana - Ra\u0161tin\u0117s reikmenys","url":"https:\/\/rutana.lt\/","logo":{"@type":"ImageObject","inLanguage":"en-US","@id":"https:\/\/rutana.lt\/#\/schema\/logo\/image\/","url":"https:\/\/rutana.lt\/wp-content\/uploads\/2025\/10\/Asset-32.png","contentUrl":"https:\/\/rutana.lt\/wp-content\/uploads\/2025\/10\/Asset-32.png","width":433,"height":119,"caption":"Rutana - Ra\u0161tin\u0117s reikmenys"},"image":{"@id":"https:\/\/rutana.lt\/#\/schema\/logo\/image\/"},"sameAs":["https:\/\/www.facebook.com\/RutanaKanceliarinesPrekes\/"]}]}},"_links":{"self":[{"href":"https:\/\/rutana.lt\/en\/wp-json\/wp\/v2\/product\/17367","targetHints":{"allow":["GET"]}}],"collection":[{"href":"https:\/\/rutana.lt\/en\/wp-json\/wp\/v2\/product"}],"about":[{"href":"https:\/\/rutana.lt\/en\/wp-json\/wp\/v2\/types\/product"}],"replies":[{"embeddable":true,"href":"https:\/\/rutana.lt\/en\/wp-json\/wp\/v2\/comments?post=17367"}],"version-history":[{"count":1,"href":"https:\/\/rutana.lt\/en\/wp-json\/wp\/v2\/product\/17367\/revisions"}],"predecessor-version":[{"id":17439,"href":"https:\/\/rutana.lt\/en\/wp-json\/wp\/v2\/product\/17367\/revisions\/17439"}],"wp:featuredmedia":[{"embeddable":true,"href":"https:\/\/rutana.lt\/en\/wp-json\/wp\/v2\/media\/29388"}],"wp:attachment":[{"href":"https:\/\/rutana.lt\/en\/wp-json\/wp\/v2\/media?parent=17367"}],"wp:term":[{"taxonomy":"product_brand","embeddable":true,"href":"https:\/\/rutana.lt\/en\/wp-json\/wp\/v2\/product_brand?post=17367"},{"taxonomy":"product_cat","embeddable":true,"href":"https:\/\/rutana.lt\/en\/wp-json\/wp\/v2\/product_cat?post=17367"},{"taxonomy":"product_tag","embeddable":true,"href":"https:\/\/rutana.lt\/en\/wp-json\/wp\/v2\/product_tag?post=17367"}],"curies":[{"name":"wp","href":"https:\/\/api.w.org\/{rel}","templated":true}]}}