{"id":17307,"date":"2025-09-03T09:51:05","date_gmt":"2025-09-03T07:51:05","guid":{"rendered":"https:\/\/rutana.webdemo.lt\/?post_type=product&#038;p=17307"},"modified":"2025-10-13T15:53:38","modified_gmt":"2025-10-13T13:53:38","slug":"rasiklis-kapsulinis-pina-colada-mauve-metallic-pelikan-824392","status":"publish","type":"product","link":"https:\/\/rutana.lt\/en\/product\/rasiklis-kapsulinis-pina-colada-mauve-metallic-pelikan-824392\/","title":{"rendered":"Ra\u0161iklis kapsulinis Pina Colada mauve metallic Pelikan 824392"},"content":{"rendered":"<p>Pelikan Pina Colada ra\u0161iklis \u012fkvepia savo madingu dizainu ir \u0161auniai tviskan\u010diomis spalvomis. Metaliko atspalvio da\u017eai sukurti pagal naujausias spalv\u0173 tendencijas. Malonios formos sukibimo zona vienodai tinka kairiarankiams ir de\u0161iniarankiams. Ra\u0161iklis u\u017epildytas 1 ma\u017ea ra\u0161alo kapsule. M\u0117lynas ra\u0161alas yra i\u0161trinamas. Pina Colada gali b\u016bti pildomas standartin\u0117mis arba didel\u0117s talpos kapsul\u0117mis. Jis supakuotas \u012f kartonin\u0119 d\u0117\u017eut\u0119.<\/p>\n<p>Korpuso spalva: rausvai violetin\u0117<\/p>\n<p>Linijos br\u0117\u017eio storis: 0.7 mm<\/p>\n<p>Kilm\u0117s \u0161alis: Europa<\/p>\n<p><\/p>\n<p><\/p>","protected":false},"excerpt":{"rendered":"<p>Pelikan Pina Colada ra\u0161iklis \u012fkvepia savo madingu dizainu ir \u0161auniai tviskan\u010diomis spalvomis. Metaliko atspalvio da\u017eai sukurti pagal naujausias spalv\u0173 tendencijas. Malonios formos sukibimo zona vienodai tinka kairiarankiams ir de\u0161iniarankiams. Ra\u0161iklis u\u017epildytas 1 ma\u017ea ra\u0161alo kapsule. M\u0117lynas ra\u0161alas yra i\u0161trinamas. Pina Colada gali b\u016bti pildomas standartin\u0117mis arba didel\u0117s talpos kapsul\u0117mis. Jis supakuotas \u012f kartonin\u0119 d\u0117\u017eut\u0119. Korpuso [&hellip;]<\/p>","protected":false},"featured_media":29368,"comment_status":"open","ping_status":"closed","template":"","meta":{"_season_start":"","_season_end":"","_season_days":"","_season_months":"","_season_auto_visibility":""},"product_brand":[540],"product_cat":[1537],"product_tag":[],"class_list":{"0":"post-17307","1":"product","2":"type-product","3":"status-publish","4":"has-post-thumbnail","6":"product_brand-pelikan","7":"product_cat-mokykliniai-parkeriai-mokyklines-prekes","9":"first","10":"instock","11":"taxable","12":"shipping-taxable","13":"purchasable","14":"product-type-simple"},"yoast_head":"<!-- This site is optimized with the Yoast SEO plugin v27.4 - https:\/\/yoast.com\/product\/yoast-seo-wordpress\/ -->\n<title>Ra\u0161iklis kapsulinis Pina Colada mauve metallic Pelikan 824392 - Rutana - Ra\u0161tin\u0117s reikmenys<\/title>\n<meta name=\"robots\" content=\"index, follow, max-snippet:-1, max-image-preview:large, max-video-preview:-1\" \/>\n<link rel=\"canonical\" href=\"https:\/\/rutana.lt\/en\/product\/rasiklis-kapsulinis-pina-colada-mauve-metallic-pelikan-824392\/\" \/>\n<meta property=\"og:locale\" content=\"en_US\" \/>\n<meta property=\"og:type\" content=\"article\" \/>\n<meta property=\"og:title\" content=\"Ra\u0161iklis kapsulinis Pina Colada mauve metallic Pelikan 824392 - Rutana - Ra\u0161tin\u0117s reikmenys\" \/>\n<meta property=\"og:description\" content=\"Pelikan Pina Colada ra\u0161iklis \u012fkvepia savo madingu dizainu ir \u0161auniai tviskan\u010diomis spalvomis. Metaliko atspalvio da\u017eai sukurti pagal naujausias spalv\u0173 tendencijas. Malonios formos sukibimo zona vienodai tinka kairiarankiams ir de\u0161iniarankiams. Ra\u0161iklis u\u017epildytas 1 ma\u017ea ra\u0161alo kapsule. M\u0117lynas ra\u0161alas yra i\u0161trinamas. Pina Colada gali b\u016bti pildomas standartin\u0117mis arba didel\u0117s talpos kapsul\u0117mis. Jis supakuotas \u012f kartonin\u0119 d\u0117\u017eut\u0119. Korpuso [&hellip;]\" \/>\n<meta property=\"og:url\" content=\"https:\/\/rutana.lt\/en\/product\/rasiklis-kapsulinis-pina-colada-mauve-metallic-pelikan-824392\/\" \/>\n<meta property=\"og:site_name\" content=\"Rutana - Ra\u0161tin\u0117s reikmenys\" \/>\n<meta property=\"article:publisher\" content=\"https:\/\/www.facebook.com\/RutanaKanceliarinesPrekes\/\" \/>\n<meta property=\"article:modified_time\" content=\"2025-10-13T13:53:38+00:00\" \/>\n<meta property=\"og:image\" content=\"https:\/\/rutana.lt\/wp-content\/uploads\/2025\/09\/C035-729-1.jpg\" \/>\n\t<meta property=\"og:image:width\" content=\"1000\" \/>\n\t<meta property=\"og:image:height\" content=\"1000\" \/>\n\t<meta property=\"og:image:type\" content=\"image\/jpeg\" \/>\n<meta name=\"twitter:card\" content=\"summary_large_image\" \/>\n<script type=\"application\/ld+json\" class=\"yoast-schema-graph\">{\"@context\":\"https:\\\/\\\/schema.org\",\"@graph\":[{\"@type\":\"WebPage\",\"@id\":\"https:\\\/\\\/rutana.lt\\\/produktas\\\/rasiklis-kapsulinis-pina-colada-mauve-metallic-pelikan-824392\\\/\",\"url\":\"https:\\\/\\\/rutana.lt\\\/produktas\\\/rasiklis-kapsulinis-pina-colada-mauve-metallic-pelikan-824392\\\/\",\"name\":\"Ra\u0161iklis kapsulinis Pina Colada mauve metallic Pelikan 824392 - Rutana - Ra\u0161tin\u0117s reikmenys\",\"isPartOf\":{\"@id\":\"https:\\\/\\\/rutana.lt\\\/#website\"},\"primaryImageOfPage\":{\"@id\":\"https:\\\/\\\/rutana.lt\\\/produktas\\\/rasiklis-kapsulinis-pina-colada-mauve-metallic-pelikan-824392\\\/#primaryimage\"},\"image\":{\"@id\":\"https:\\\/\\\/rutana.lt\\\/produktas\\\/rasiklis-kapsulinis-pina-colada-mauve-metallic-pelikan-824392\\\/#primaryimage\"},\"thumbnailUrl\":\"https:\\\/\\\/rutana.lt\\\/wp-content\\\/uploads\\\/2025\\\/09\\\/C035-729-1-1.jpg?v=1763564871\",\"datePublished\":\"2025-09-03T07:51:05+00:00\",\"dateModified\":\"2025-10-13T13:53:38+00:00\",\"breadcrumb\":{\"@id\":\"https:\\\/\\\/rutana.lt\\\/produktas\\\/rasiklis-kapsulinis-pina-colada-mauve-metallic-pelikan-824392\\\/#breadcrumb\"},\"inLanguage\":\"en-US\",\"potentialAction\":[{\"@type\":\"ReadAction\",\"target\":[\"https:\\\/\\\/rutana.lt\\\/produktas\\\/rasiklis-kapsulinis-pina-colada-mauve-metallic-pelikan-824392\\\/\"]}]},{\"@type\":\"ImageObject\",\"inLanguage\":\"en-US\",\"@id\":\"https:\\\/\\\/rutana.lt\\\/produktas\\\/rasiklis-kapsulinis-pina-colada-mauve-metallic-pelikan-824392\\\/#primaryimage\",\"url\":\"https:\\\/\\\/rutana.lt\\\/wp-content\\\/uploads\\\/2025\\\/09\\\/C035-729-1-1.jpg?v=1763564871\",\"contentUrl\":\"https:\\\/\\\/rutana.lt\\\/wp-content\\\/uploads\\\/2025\\\/09\\\/C035-729-1-1.jpg?v=1763564871\",\"width\":1000,\"height\":1000},{\"@type\":\"BreadcrumbList\",\"@id\":\"https:\\\/\\\/rutana.lt\\\/produktas\\\/rasiklis-kapsulinis-pina-colada-mauve-metallic-pelikan-824392\\\/#breadcrumb\",\"itemListElement\":[{\"@type\":\"ListItem\",\"position\":1,\"name\":\"Home\",\"item\":\"https:\\\/\\\/rutana.lt\\\/\"},{\"@type\":\"ListItem\",\"position\":2,\"name\":\"Parduotuv\u0117\",\"item\":\"https:\\\/\\\/rutana.lt\\\/parduotuve\\\/\"},{\"@type\":\"ListItem\",\"position\":3,\"name\":\"Ra\u0161iklis kapsulinis Pina Colada mauve metallic Pelikan 824392\"}]},{\"@type\":\"WebSite\",\"@id\":\"https:\\\/\\\/rutana.lt\\\/#website\",\"url\":\"https:\\\/\\\/rutana.lt\\\/\",\"name\":\"Rutana - Ra\u0161tin\u0117s reikmenys\",\"description\":\"Prekiaujame pasaulin\u0117je rinkoje pripa\u017eintomis, kokybi\u0161komis biuro prek\u0117mis toki\u0173  gamintoj\u0173 kaip: Schneider, Esselte, Novus, 3M, Faber-Castell, Citizen, Milan, Leitz, Colop, Zebra, Staedtler, Durable, Tork, Parker, Waterman ir kt.\",\"publisher\":{\"@id\":\"https:\\\/\\\/rutana.lt\\\/#organization\"},\"potentialAction\":[{\"@type\":\"SearchAction\",\"target\":{\"@type\":\"EntryPoint\",\"urlTemplate\":\"https:\\\/\\\/rutana.lt\\\/?s={search_term_string}\"},\"query-input\":{\"@type\":\"PropertyValueSpecification\",\"valueRequired\":true,\"valueName\":\"search_term_string\"}}],\"inLanguage\":\"en-US\"},{\"@type\":\"Organization\",\"@id\":\"https:\\\/\\\/rutana.lt\\\/#organization\",\"name\":\"Rutana - Ra\u0161tin\u0117s reikmenys\",\"url\":\"https:\\\/\\\/rutana.lt\\\/\",\"logo\":{\"@type\":\"ImageObject\",\"inLanguage\":\"en-US\",\"@id\":\"https:\\\/\\\/rutana.lt\\\/#\\\/schema\\\/logo\\\/image\\\/\",\"url\":\"https:\\\/\\\/rutana.lt\\\/wp-content\\\/uploads\\\/2025\\\/10\\\/Asset-32.png\",\"contentUrl\":\"https:\\\/\\\/rutana.lt\\\/wp-content\\\/uploads\\\/2025\\\/10\\\/Asset-32.png\",\"width\":433,\"height\":119,\"caption\":\"Rutana - Ra\u0161tin\u0117s reikmenys\"},\"image\":{\"@id\":\"https:\\\/\\\/rutana.lt\\\/#\\\/schema\\\/logo\\\/image\\\/\"},\"sameAs\":[\"https:\\\/\\\/www.facebook.com\\\/RutanaKanceliarinesPrekes\\\/\"]}]}<\/script>\n<!-- \/ Yoast SEO plugin. -->","yoast_head_json":{"title":"Ra\u0161iklis kapsulinis Pina Colada mauve metallic Pelikan 824392 - Rutana - Ra\u0161tin\u0117s reikmenys","robots":{"index":"index","follow":"follow","max-snippet":"max-snippet:-1","max-image-preview":"max-image-preview:large","max-video-preview":"max-video-preview:-1"},"canonical":"https:\/\/rutana.lt\/en\/product\/rasiklis-kapsulinis-pina-colada-mauve-metallic-pelikan-824392\/","og_locale":"en_US","og_type":"article","og_title":"Ra\u0161iklis kapsulinis Pina Colada mauve metallic Pelikan 824392 - Rutana - Ra\u0161tin\u0117s reikmenys","og_description":"Pelikan Pina Colada ra\u0161iklis \u012fkvepia savo madingu dizainu ir \u0161auniai tviskan\u010diomis spalvomis. Metaliko atspalvio da\u017eai sukurti pagal naujausias spalv\u0173 tendencijas. Malonios formos sukibimo zona vienodai tinka kairiarankiams ir de\u0161iniarankiams. Ra\u0161iklis u\u017epildytas 1 ma\u017ea ra\u0161alo kapsule. M\u0117lynas ra\u0161alas yra i\u0161trinamas. Pina Colada gali b\u016bti pildomas standartin\u0117mis arba didel\u0117s talpos kapsul\u0117mis. Jis supakuotas \u012f kartonin\u0119 d\u0117\u017eut\u0119. Korpuso [&hellip;]","og_url":"https:\/\/rutana.lt\/en\/product\/rasiklis-kapsulinis-pina-colada-mauve-metallic-pelikan-824392\/","og_site_name":"Rutana - Ra\u0161tin\u0117s reikmenys","article_publisher":"https:\/\/www.facebook.com\/RutanaKanceliarinesPrekes\/","article_modified_time":"2025-10-13T13:53:38+00:00","og_image":[{"width":1000,"height":1000,"url":"https:\/\/rutana.lt\/wp-content\/uploads\/2025\/09\/C035-729-1.jpg","type":"image\/jpeg"}],"twitter_card":"summary_large_image","schema":{"@context":"https:\/\/schema.org","@graph":[{"@type":"WebPage","@id":"https:\/\/rutana.lt\/produktas\/rasiklis-kapsulinis-pina-colada-mauve-metallic-pelikan-824392\/","url":"https:\/\/rutana.lt\/produktas\/rasiklis-kapsulinis-pina-colada-mauve-metallic-pelikan-824392\/","name":"Ra\u0161iklis kapsulinis Pina Colada mauve metallic Pelikan 824392 - Rutana - Ra\u0161tin\u0117s reikmenys","isPartOf":{"@id":"https:\/\/rutana.lt\/#website"},"primaryImageOfPage":{"@id":"https:\/\/rutana.lt\/produktas\/rasiklis-kapsulinis-pina-colada-mauve-metallic-pelikan-824392\/#primaryimage"},"image":{"@id":"https:\/\/rutana.lt\/produktas\/rasiklis-kapsulinis-pina-colada-mauve-metallic-pelikan-824392\/#primaryimage"},"thumbnailUrl":"https:\/\/rutana.lt\/wp-content\/uploads\/2025\/09\/C035-729-1-1.jpg?v=1763564871","datePublished":"2025-09-03T07:51:05+00:00","dateModified":"2025-10-13T13:53:38+00:00","breadcrumb":{"@id":"https:\/\/rutana.lt\/produktas\/rasiklis-kapsulinis-pina-colada-mauve-metallic-pelikan-824392\/#breadcrumb"},"inLanguage":"en-US","potentialAction":[{"@type":"ReadAction","target":["https:\/\/rutana.lt\/produktas\/rasiklis-kapsulinis-pina-colada-mauve-metallic-pelikan-824392\/"]}]},{"@type":"ImageObject","inLanguage":"en-US","@id":"https:\/\/rutana.lt\/produktas\/rasiklis-kapsulinis-pina-colada-mauve-metallic-pelikan-824392\/#primaryimage","url":"https:\/\/rutana.lt\/wp-content\/uploads\/2025\/09\/C035-729-1-1.jpg?v=1763564871","contentUrl":"https:\/\/rutana.lt\/wp-content\/uploads\/2025\/09\/C035-729-1-1.jpg?v=1763564871","width":1000,"height":1000},{"@type":"BreadcrumbList","@id":"https:\/\/rutana.lt\/produktas\/rasiklis-kapsulinis-pina-colada-mauve-metallic-pelikan-824392\/#breadcrumb","itemListElement":[{"@type":"ListItem","position":1,"name":"Home","item":"https:\/\/rutana.lt\/"},{"@type":"ListItem","position":2,"name":"Parduotuv\u0117","item":"https:\/\/rutana.lt\/parduotuve\/"},{"@type":"ListItem","position":3,"name":"Ra\u0161iklis kapsulinis Pina Colada mauve metallic Pelikan 824392"}]},{"@type":"WebSite","@id":"https:\/\/rutana.lt\/#website","url":"https:\/\/rutana.lt\/","name":"Rutana - Ra\u0161tin\u0117s reikmenys","description":"Prekiaujame pasaulin\u0117je rinkoje pripa\u017eintomis, kokybi\u0161komis biuro prek\u0117mis toki\u0173  gamintoj\u0173 kaip: Schneider, Esselte, Novus, 3M, Faber-Castell, Citizen, Milan, Leitz, Colop, Zebra, Staedtler, Durable, Tork, Parker, Waterman ir kt.","publisher":{"@id":"https:\/\/rutana.lt\/#organization"},"potentialAction":[{"@type":"SearchAction","target":{"@type":"EntryPoint","urlTemplate":"https:\/\/rutana.lt\/?s={search_term_string}"},"query-input":{"@type":"PropertyValueSpecification","valueRequired":true,"valueName":"search_term_string"}}],"inLanguage":"en-US"},{"@type":"Organization","@id":"https:\/\/rutana.lt\/#organization","name":"Rutana - Ra\u0161tin\u0117s reikmenys","url":"https:\/\/rutana.lt\/","logo":{"@type":"ImageObject","inLanguage":"en-US","@id":"https:\/\/rutana.lt\/#\/schema\/logo\/image\/","url":"https:\/\/rutana.lt\/wp-content\/uploads\/2025\/10\/Asset-32.png","contentUrl":"https:\/\/rutana.lt\/wp-content\/uploads\/2025\/10\/Asset-32.png","width":433,"height":119,"caption":"Rutana - Ra\u0161tin\u0117s reikmenys"},"image":{"@id":"https:\/\/rutana.lt\/#\/schema\/logo\/image\/"},"sameAs":["https:\/\/www.facebook.com\/RutanaKanceliarinesPrekes\/"]}]}},"_links":{"self":[{"href":"https:\/\/rutana.lt\/en\/wp-json\/wp\/v2\/product\/17307","targetHints":{"allow":["GET"]}}],"collection":[{"href":"https:\/\/rutana.lt\/en\/wp-json\/wp\/v2\/product"}],"about":[{"href":"https:\/\/rutana.lt\/en\/wp-json\/wp\/v2\/types\/product"}],"replies":[{"embeddable":true,"href":"https:\/\/rutana.lt\/en\/wp-json\/wp\/v2\/comments?post=17307"}],"version-history":[{"count":1,"href":"https:\/\/rutana.lt\/en\/wp-json\/wp\/v2\/product\/17307\/revisions"}],"predecessor-version":[{"id":17379,"href":"https:\/\/rutana.lt\/en\/wp-json\/wp\/v2\/product\/17307\/revisions\/17379"}],"wp:featuredmedia":[{"embeddable":true,"href":"https:\/\/rutana.lt\/en\/wp-json\/wp\/v2\/media\/29368"}],"wp:attachment":[{"href":"https:\/\/rutana.lt\/en\/wp-json\/wp\/v2\/media?parent=17307"}],"wp:term":[{"taxonomy":"product_brand","embeddable":true,"href":"https:\/\/rutana.lt\/en\/wp-json\/wp\/v2\/product_brand?post=17307"},{"taxonomy":"product_cat","embeddable":true,"href":"https:\/\/rutana.lt\/en\/wp-json\/wp\/v2\/product_cat?post=17307"},{"taxonomy":"product_tag","embeddable":true,"href":"https:\/\/rutana.lt\/en\/wp-json\/wp\/v2\/product_tag?post=17307"}],"curies":[{"name":"wp","href":"https:\/\/api.w.org\/{rel}","templated":true}]}}