{"id":17254,"date":"2025-09-03T09:50:42","date_gmt":"2025-09-03T07:50:42","guid":{"rendered":"https:\/\/rutana.webdemo.lt\/?post_type=product&#038;p=17254"},"modified":"2025-10-13T15:53:30","modified_gmt":"2025-10-13T13:53:30","slug":"guasas-18-spalvu-zoo-luc-01464","status":"publish","type":"product","link":"https:\/\/rutana.lt\/en\/product\/guasas-18-spalvu-zoo-luc-01464\/","title":{"rendered":"Gua\u0161as 18 spalv\u0173 &#8222;Zoo&#8221; Lu\u010d 01464"},"content":{"rendered":"<p>Gua\u0161o serija &#8222;Zoo&#8221; yra ekonomi\u0161kesn\u0117 d\u0117ka ma\u017eesn\u0117s talpos indeli\u0173. Skirta dar\u017eelinukams arba pirm\u0173 klasi\u0173 mokiniams. Gua\u0161as pagamintas i\u0161 nat\u016brali\u0173 komponent\u0173 ir auk\u0161tos  kokyb\u0117s pigment\u0173. Tinka pie\u0161imui ant popieriaus, kartono, med\u017eio. U\u017esukami indeliai. Kartonin\u0117 pakuot\u0117. Tinka vaikams nuo 3 met\u0173 am\u017eiaus. Atitinka CE reikalavimams.<\/p>\n<p>Spalvos: 18 x 15 ml<\/p>\n<p><\/p>\n<p><\/p>\n<p><\/p><\/p>","protected":false},"excerpt":{"rendered":"<p>Gua\u0161o serija &#8222;Zoo&#8221; yra ekonomi\u0161kesn\u0117 d\u0117ka ma\u017eesn\u0117s talpos indeli\u0173. Skirta dar\u017eelinukams arba pirm\u0173 klasi\u0173 mokiniams. Gua\u0161as pagamintas i\u0161 nat\u016brali\u0173 komponent\u0173 ir auk\u0161tos kokyb\u0117s pigment\u0173. Tinka pie\u0161imui ant popieriaus, kartono, med\u017eio. U\u017esukami indeliai. Kartonin\u0117 pakuot\u0117. Tinka vaikams nuo 3 met\u0173 am\u017eiaus. Atitinka CE reikalavimams. Spalvos: 18 x 15 ml<\/p>","protected":false},"featured_media":29350,"comment_status":"open","ping_status":"closed","template":"","meta":{"_season_start":"","_season_end":"","_season_days":"","_season_months":"","_season_auto_visibility":""},"product_brand":[516],"product_cat":[1659],"product_tag":[],"class_list":{"0":"post-17254","1":"product","2":"type-product","3":"status-publish","4":"has-post-thumbnail","6":"product_brand-luc","7":"product_cat-guasas","9":"first","10":"instock","11":"taxable","12":"shipping-taxable","13":"purchasable","14":"product-type-simple"},"yoast_head":"<!-- This site is optimized with the Yoast SEO plugin v27.4 - https:\/\/yoast.com\/product\/yoast-seo-wordpress\/ -->\n<title>Gua\u0161as 18 spalv\u0173 &quot;Zoo&quot; Lu\u010d 01464 - Rutana - Ra\u0161tin\u0117s reikmenys<\/title>\n<meta name=\"robots\" content=\"index, follow, max-snippet:-1, max-image-preview:large, max-video-preview:-1\" \/>\n<link rel=\"canonical\" href=\"https:\/\/rutana.lt\/en\/product\/guasas-18-spalvu-zoo-luc-01464\/\" \/>\n<meta property=\"og:locale\" content=\"en_US\" \/>\n<meta property=\"og:type\" content=\"article\" \/>\n<meta property=\"og:title\" content=\"Gua\u0161as 18 spalv\u0173 &quot;Zoo&quot; Lu\u010d 01464 - Rutana - Ra\u0161tin\u0117s reikmenys\" \/>\n<meta property=\"og:description\" content=\"Gua\u0161o serija &#8222;Zoo&#8221; yra ekonomi\u0161kesn\u0117 d\u0117ka ma\u017eesn\u0117s talpos indeli\u0173. Skirta dar\u017eelinukams arba pirm\u0173 klasi\u0173 mokiniams. Gua\u0161as pagamintas i\u0161 nat\u016brali\u0173 komponent\u0173 ir auk\u0161tos kokyb\u0117s pigment\u0173. Tinka pie\u0161imui ant popieriaus, kartono, med\u017eio. U\u017esukami indeliai. Kartonin\u0117 pakuot\u0117. Tinka vaikams nuo 3 met\u0173 am\u017eiaus. Atitinka CE reikalavimams. Spalvos: 18 x 15 ml\" \/>\n<meta property=\"og:url\" content=\"https:\/\/rutana.lt\/en\/product\/guasas-18-spalvu-zoo-luc-01464\/\" \/>\n<meta property=\"og:site_name\" content=\"Rutana - Ra\u0161tin\u0117s reikmenys\" \/>\n<meta property=\"article:publisher\" content=\"https:\/\/www.facebook.com\/RutanaKanceliarinesPrekes\/\" \/>\n<meta property=\"article:modified_time\" content=\"2025-10-13T13:53:30+00:00\" \/>\n<meta property=\"og:image\" content=\"https:\/\/rutana.lt\/wp-content\/uploads\/2025\/09\/D032-215.jpg\" \/>\n\t<meta property=\"og:image:width\" content=\"1000\" \/>\n\t<meta property=\"og:image:height\" content=\"1000\" \/>\n\t<meta property=\"og:image:type\" content=\"image\/jpeg\" \/>\n<meta name=\"twitter:card\" content=\"summary_large_image\" \/>\n<script type=\"application\/ld+json\" class=\"yoast-schema-graph\">{\"@context\":\"https:\\\/\\\/schema.org\",\"@graph\":[{\"@type\":\"WebPage\",\"@id\":\"https:\\\/\\\/rutana.lt\\\/produktas\\\/guasas-18-spalvu-zoo-luc-01464\\\/\",\"url\":\"https:\\\/\\\/rutana.lt\\\/produktas\\\/guasas-18-spalvu-zoo-luc-01464\\\/\",\"name\":\"Gua\u0161as 18 spalv\u0173 \\\"Zoo\\\" Lu\u010d 01464 - Rutana - Ra\u0161tin\u0117s reikmenys\",\"isPartOf\":{\"@id\":\"https:\\\/\\\/rutana.lt\\\/#website\"},\"primaryImageOfPage\":{\"@id\":\"https:\\\/\\\/rutana.lt\\\/produktas\\\/guasas-18-spalvu-zoo-luc-01464\\\/#primaryimage\"},\"image\":{\"@id\":\"https:\\\/\\\/rutana.lt\\\/produktas\\\/guasas-18-spalvu-zoo-luc-01464\\\/#primaryimage\"},\"thumbnailUrl\":\"https:\\\/\\\/rutana.lt\\\/wp-content\\\/uploads\\\/2025\\\/09\\\/D032-215-1.jpg?v=1763564904\",\"datePublished\":\"2025-09-03T07:50:42+00:00\",\"dateModified\":\"2025-10-13T13:53:30+00:00\",\"breadcrumb\":{\"@id\":\"https:\\\/\\\/rutana.lt\\\/produktas\\\/guasas-18-spalvu-zoo-luc-01464\\\/#breadcrumb\"},\"inLanguage\":\"en-US\",\"potentialAction\":[{\"@type\":\"ReadAction\",\"target\":[\"https:\\\/\\\/rutana.lt\\\/produktas\\\/guasas-18-spalvu-zoo-luc-01464\\\/\"]}]},{\"@type\":\"ImageObject\",\"inLanguage\":\"en-US\",\"@id\":\"https:\\\/\\\/rutana.lt\\\/produktas\\\/guasas-18-spalvu-zoo-luc-01464\\\/#primaryimage\",\"url\":\"https:\\\/\\\/rutana.lt\\\/wp-content\\\/uploads\\\/2025\\\/09\\\/D032-215-1.jpg?v=1763564904\",\"contentUrl\":\"https:\\\/\\\/rutana.lt\\\/wp-content\\\/uploads\\\/2025\\\/09\\\/D032-215-1.jpg?v=1763564904\",\"width\":1000,\"height\":1000},{\"@type\":\"BreadcrumbList\",\"@id\":\"https:\\\/\\\/rutana.lt\\\/produktas\\\/guasas-18-spalvu-zoo-luc-01464\\\/#breadcrumb\",\"itemListElement\":[{\"@type\":\"ListItem\",\"position\":1,\"name\":\"Home\",\"item\":\"https:\\\/\\\/rutana.lt\\\/\"},{\"@type\":\"ListItem\",\"position\":2,\"name\":\"Parduotuv\u0117\",\"item\":\"https:\\\/\\\/rutana.lt\\\/parduotuve\\\/\"},{\"@type\":\"ListItem\",\"position\":3,\"name\":\"Gua\u0161as 18 spalv\u0173 &#8222;Zoo&#8221; Lu\u010d 01464\"}]},{\"@type\":\"WebSite\",\"@id\":\"https:\\\/\\\/rutana.lt\\\/#website\",\"url\":\"https:\\\/\\\/rutana.lt\\\/\",\"name\":\"Rutana - Ra\u0161tin\u0117s reikmenys\",\"description\":\"Prekiaujame pasaulin\u0117je rinkoje pripa\u017eintomis, kokybi\u0161komis biuro prek\u0117mis toki\u0173  gamintoj\u0173 kaip: Schneider, Esselte, Novus, 3M, Faber-Castell, Citizen, Milan, Leitz, Colop, Zebra, Staedtler, Durable, Tork, Parker, Waterman ir kt.\",\"publisher\":{\"@id\":\"https:\\\/\\\/rutana.lt\\\/#organization\"},\"potentialAction\":[{\"@type\":\"SearchAction\",\"target\":{\"@type\":\"EntryPoint\",\"urlTemplate\":\"https:\\\/\\\/rutana.lt\\\/?s={search_term_string}\"},\"query-input\":{\"@type\":\"PropertyValueSpecification\",\"valueRequired\":true,\"valueName\":\"search_term_string\"}}],\"inLanguage\":\"en-US\"},{\"@type\":\"Organization\",\"@id\":\"https:\\\/\\\/rutana.lt\\\/#organization\",\"name\":\"Rutana - Ra\u0161tin\u0117s reikmenys\",\"url\":\"https:\\\/\\\/rutana.lt\\\/\",\"logo\":{\"@type\":\"ImageObject\",\"inLanguage\":\"en-US\",\"@id\":\"https:\\\/\\\/rutana.lt\\\/#\\\/schema\\\/logo\\\/image\\\/\",\"url\":\"https:\\\/\\\/rutana.lt\\\/wp-content\\\/uploads\\\/2025\\\/10\\\/Asset-32.png\",\"contentUrl\":\"https:\\\/\\\/rutana.lt\\\/wp-content\\\/uploads\\\/2025\\\/10\\\/Asset-32.png\",\"width\":433,\"height\":119,\"caption\":\"Rutana - Ra\u0161tin\u0117s reikmenys\"},\"image\":{\"@id\":\"https:\\\/\\\/rutana.lt\\\/#\\\/schema\\\/logo\\\/image\\\/\"},\"sameAs\":[\"https:\\\/\\\/www.facebook.com\\\/RutanaKanceliarinesPrekes\\\/\"]}]}<\/script>\n<!-- \/ Yoast SEO plugin. -->","yoast_head_json":{"title":"Gua\u0161as 18 spalv\u0173 \"Zoo\" Lu\u010d 01464 - Rutana - Ra\u0161tin\u0117s reikmenys","robots":{"index":"index","follow":"follow","max-snippet":"max-snippet:-1","max-image-preview":"max-image-preview:large","max-video-preview":"max-video-preview:-1"},"canonical":"https:\/\/rutana.lt\/en\/product\/guasas-18-spalvu-zoo-luc-01464\/","og_locale":"en_US","og_type":"article","og_title":"Gua\u0161as 18 spalv\u0173 \"Zoo\" Lu\u010d 01464 - Rutana - Ra\u0161tin\u0117s reikmenys","og_description":"Gua\u0161o serija &#8222;Zoo&#8221; yra ekonomi\u0161kesn\u0117 d\u0117ka ma\u017eesn\u0117s talpos indeli\u0173. Skirta dar\u017eelinukams arba pirm\u0173 klasi\u0173 mokiniams. Gua\u0161as pagamintas i\u0161 nat\u016brali\u0173 komponent\u0173 ir auk\u0161tos kokyb\u0117s pigment\u0173. Tinka pie\u0161imui ant popieriaus, kartono, med\u017eio. U\u017esukami indeliai. Kartonin\u0117 pakuot\u0117. Tinka vaikams nuo 3 met\u0173 am\u017eiaus. Atitinka CE reikalavimams. Spalvos: 18 x 15 ml","og_url":"https:\/\/rutana.lt\/en\/product\/guasas-18-spalvu-zoo-luc-01464\/","og_site_name":"Rutana - Ra\u0161tin\u0117s reikmenys","article_publisher":"https:\/\/www.facebook.com\/RutanaKanceliarinesPrekes\/","article_modified_time":"2025-10-13T13:53:30+00:00","og_image":[{"width":1000,"height":1000,"url":"https:\/\/rutana.lt\/wp-content\/uploads\/2025\/09\/D032-215.jpg","type":"image\/jpeg"}],"twitter_card":"summary_large_image","schema":{"@context":"https:\/\/schema.org","@graph":[{"@type":"WebPage","@id":"https:\/\/rutana.lt\/produktas\/guasas-18-spalvu-zoo-luc-01464\/","url":"https:\/\/rutana.lt\/produktas\/guasas-18-spalvu-zoo-luc-01464\/","name":"Gua\u0161as 18 spalv\u0173 \"Zoo\" Lu\u010d 01464 - Rutana - Ra\u0161tin\u0117s reikmenys","isPartOf":{"@id":"https:\/\/rutana.lt\/#website"},"primaryImageOfPage":{"@id":"https:\/\/rutana.lt\/produktas\/guasas-18-spalvu-zoo-luc-01464\/#primaryimage"},"image":{"@id":"https:\/\/rutana.lt\/produktas\/guasas-18-spalvu-zoo-luc-01464\/#primaryimage"},"thumbnailUrl":"https:\/\/rutana.lt\/wp-content\/uploads\/2025\/09\/D032-215-1.jpg?v=1763564904","datePublished":"2025-09-03T07:50:42+00:00","dateModified":"2025-10-13T13:53:30+00:00","breadcrumb":{"@id":"https:\/\/rutana.lt\/produktas\/guasas-18-spalvu-zoo-luc-01464\/#breadcrumb"},"inLanguage":"en-US","potentialAction":[{"@type":"ReadAction","target":["https:\/\/rutana.lt\/produktas\/guasas-18-spalvu-zoo-luc-01464\/"]}]},{"@type":"ImageObject","inLanguage":"en-US","@id":"https:\/\/rutana.lt\/produktas\/guasas-18-spalvu-zoo-luc-01464\/#primaryimage","url":"https:\/\/rutana.lt\/wp-content\/uploads\/2025\/09\/D032-215-1.jpg?v=1763564904","contentUrl":"https:\/\/rutana.lt\/wp-content\/uploads\/2025\/09\/D032-215-1.jpg?v=1763564904","width":1000,"height":1000},{"@type":"BreadcrumbList","@id":"https:\/\/rutana.lt\/produktas\/guasas-18-spalvu-zoo-luc-01464\/#breadcrumb","itemListElement":[{"@type":"ListItem","position":1,"name":"Home","item":"https:\/\/rutana.lt\/"},{"@type":"ListItem","position":2,"name":"Parduotuv\u0117","item":"https:\/\/rutana.lt\/parduotuve\/"},{"@type":"ListItem","position":3,"name":"Gua\u0161as 18 spalv\u0173 &#8222;Zoo&#8221; Lu\u010d 01464"}]},{"@type":"WebSite","@id":"https:\/\/rutana.lt\/#website","url":"https:\/\/rutana.lt\/","name":"Rutana - Ra\u0161tin\u0117s reikmenys","description":"Prekiaujame pasaulin\u0117je rinkoje pripa\u017eintomis, kokybi\u0161komis biuro prek\u0117mis toki\u0173  gamintoj\u0173 kaip: Schneider, Esselte, Novus, 3M, Faber-Castell, Citizen, Milan, Leitz, Colop, Zebra, Staedtler, Durable, Tork, Parker, Waterman ir kt.","publisher":{"@id":"https:\/\/rutana.lt\/#organization"},"potentialAction":[{"@type":"SearchAction","target":{"@type":"EntryPoint","urlTemplate":"https:\/\/rutana.lt\/?s={search_term_string}"},"query-input":{"@type":"PropertyValueSpecification","valueRequired":true,"valueName":"search_term_string"}}],"inLanguage":"en-US"},{"@type":"Organization","@id":"https:\/\/rutana.lt\/#organization","name":"Rutana - Ra\u0161tin\u0117s reikmenys","url":"https:\/\/rutana.lt\/","logo":{"@type":"ImageObject","inLanguage":"en-US","@id":"https:\/\/rutana.lt\/#\/schema\/logo\/image\/","url":"https:\/\/rutana.lt\/wp-content\/uploads\/2025\/10\/Asset-32.png","contentUrl":"https:\/\/rutana.lt\/wp-content\/uploads\/2025\/10\/Asset-32.png","width":433,"height":119,"caption":"Rutana - Ra\u0161tin\u0117s reikmenys"},"image":{"@id":"https:\/\/rutana.lt\/#\/schema\/logo\/image\/"},"sameAs":["https:\/\/www.facebook.com\/RutanaKanceliarinesPrekes\/"]}]}},"_links":{"self":[{"href":"https:\/\/rutana.lt\/en\/wp-json\/wp\/v2\/product\/17254","targetHints":{"allow":["GET"]}}],"collection":[{"href":"https:\/\/rutana.lt\/en\/wp-json\/wp\/v2\/product"}],"about":[{"href":"https:\/\/rutana.lt\/en\/wp-json\/wp\/v2\/types\/product"}],"replies":[{"embeddable":true,"href":"https:\/\/rutana.lt\/en\/wp-json\/wp\/v2\/comments?post=17254"}],"version-history":[{"count":1,"href":"https:\/\/rutana.lt\/en\/wp-json\/wp\/v2\/product\/17254\/revisions"}],"predecessor-version":[{"id":17325,"href":"https:\/\/rutana.lt\/en\/wp-json\/wp\/v2\/product\/17254\/revisions\/17325"}],"wp:featuredmedia":[{"embeddable":true,"href":"https:\/\/rutana.lt\/en\/wp-json\/wp\/v2\/media\/29350"}],"wp:attachment":[{"href":"https:\/\/rutana.lt\/en\/wp-json\/wp\/v2\/media?parent=17254"}],"wp:term":[{"taxonomy":"product_brand","embeddable":true,"href":"https:\/\/rutana.lt\/en\/wp-json\/wp\/v2\/product_brand?post=17254"},{"taxonomy":"product_cat","embeddable":true,"href":"https:\/\/rutana.lt\/en\/wp-json\/wp\/v2\/product_cat?post=17254"},{"taxonomy":"product_tag","embeddable":true,"href":"https:\/\/rutana.lt\/en\/wp-json\/wp\/v2\/product_tag?post=17254"}],"curies":[{"name":"wp","href":"https:\/\/api.w.org\/{rel}","templated":true}]}}