{"id":17253,"date":"2025-09-03T09:50:42","date_gmt":"2025-09-03T07:50:42","guid":{"rendered":"https:\/\/rutana.webdemo.lt\/?post_type=product&#038;p=17253"},"modified":"2025-10-13T15:53:30","modified_gmt":"2025-10-13T13:53:30","slug":"akvarele-24-spalvu-zoo-luc-01441","status":"publish","type":"product","link":"https:\/\/rutana.lt\/en\/product\/akvarele-24-spalvu-zoo-luc-01441\/","title":{"rendered":"Akvarel\u0117 24 spalv\u0173 &#8222;Zoo&#8221; Lu\u010d 01441"},"content":{"rendered":"<p>Auk\u0161tos kokyb\u0117s da\u017eai vaik\u0173 k\u016brybi\u0161kumui, pagaminti pagal klasikin\u012f recept\u0105 naudojant med\u0173. Ry\u0161kios, grynos spalvos. Da\u017eai puikiai i\u0161silieja ir pasiskirsto ant popieriaus pavir\u0161iaus. Da\u017eai mai\u0161osi vienas su kitu, i\u0161laikydami spalv\u0173 sodrum\u0105. Didelis da\u017e\u0173 kiekis \u012fdubime. Galiojimo laikas neribotas. Plastikin\u0117 pakuot\u0117, be teptuko. Tinka vaikams nuo 3 met\u0173 am\u017eiaus. Atitinka CE reikalavimams.<\/p>\n<p>Spalvos: 24<\/p>\n<p><\/p>\n<p><span style=\"color: rgb(74, 76, 63); font-family: Arial; font-size: 13.3333px;\"><br \/><\/span><\/p>","protected":false},"excerpt":{"rendered":"<p>Auk\u0161tos kokyb\u0117s da\u017eai vaik\u0173 k\u016brybi\u0161kumui, pagaminti pagal klasikin\u012f recept\u0105 naudojant med\u0173. Ry\u0161kios, grynos spalvos. Da\u017eai puikiai i\u0161silieja ir pasiskirsto ant popieriaus pavir\u0161iaus. Da\u017eai mai\u0161osi vienas su kitu, i\u0161laikydami spalv\u0173 sodrum\u0105. Didelis da\u017e\u0173 kiekis \u012fdubime. Galiojimo laikas neribotas. Plastikin\u0117 pakuot\u0117, be teptuko. Tinka vaikams nuo 3 met\u0173 am\u017eiaus. Atitinka CE reikalavimams. Spalvos: 24<\/p>","protected":false},"featured_media":29349,"comment_status":"open","ping_status":"closed","template":"","meta":{"_season_start":"","_season_end":"","_season_days":"","_season_months":"","_season_auto_visibility":""},"product_brand":[516],"product_cat":[1660],"product_tag":[],"class_list":{"0":"post-17253","1":"product","2":"type-product","3":"status-publish","4":"has-post-thumbnail","6":"product_brand-luc","7":"product_cat-akvarele","9":"first","10":"instock","11":"taxable","12":"shipping-taxable","13":"purchasable","14":"product-type-simple"},"yoast_head":"<!-- This site is optimized with the Yoast SEO plugin v27.4 - https:\/\/yoast.com\/product\/yoast-seo-wordpress\/ -->\n<title>Akvarel\u0117 24 spalv\u0173 &quot;Zoo&quot; Lu\u010d 01441 - Rutana - Ra\u0161tin\u0117s reikmenys<\/title>\n<meta name=\"robots\" content=\"index, follow, max-snippet:-1, max-image-preview:large, max-video-preview:-1\" \/>\n<link rel=\"canonical\" href=\"https:\/\/rutana.lt\/en\/product\/akvarele-24-spalvu-zoo-luc-01441\/\" \/>\n<meta property=\"og:locale\" content=\"en_US\" \/>\n<meta property=\"og:type\" content=\"article\" \/>\n<meta property=\"og:title\" content=\"Akvarel\u0117 24 spalv\u0173 &quot;Zoo&quot; Lu\u010d 01441 - Rutana - Ra\u0161tin\u0117s reikmenys\" \/>\n<meta property=\"og:description\" content=\"Auk\u0161tos kokyb\u0117s da\u017eai vaik\u0173 k\u016brybi\u0161kumui, pagaminti pagal klasikin\u012f recept\u0105 naudojant med\u0173. Ry\u0161kios, grynos spalvos. Da\u017eai puikiai i\u0161silieja ir pasiskirsto ant popieriaus pavir\u0161iaus. Da\u017eai mai\u0161osi vienas su kitu, i\u0161laikydami spalv\u0173 sodrum\u0105. Didelis da\u017e\u0173 kiekis \u012fdubime. Galiojimo laikas neribotas. Plastikin\u0117 pakuot\u0117, be teptuko. Tinka vaikams nuo 3 met\u0173 am\u017eiaus. Atitinka CE reikalavimams. Spalvos: 24\" \/>\n<meta property=\"og:url\" content=\"https:\/\/rutana.lt\/en\/product\/akvarele-24-spalvu-zoo-luc-01441\/\" \/>\n<meta property=\"og:site_name\" content=\"Rutana - Ra\u0161tin\u0117s reikmenys\" \/>\n<meta property=\"article:publisher\" content=\"https:\/\/www.facebook.com\/RutanaKanceliarinesPrekes\/\" \/>\n<meta property=\"article:modified_time\" content=\"2025-10-13T13:53:30+00:00\" \/>\n<meta property=\"og:image\" content=\"https:\/\/rutana.lt\/wp-content\/uploads\/2025\/09\/D031-807.jpg\" \/>\n\t<meta property=\"og:image:width\" content=\"1000\" \/>\n\t<meta property=\"og:image:height\" content=\"1000\" \/>\n\t<meta property=\"og:image:type\" content=\"image\/jpeg\" \/>\n<meta name=\"twitter:card\" content=\"summary_large_image\" \/>\n<script type=\"application\/ld+json\" class=\"yoast-schema-graph\">{\"@context\":\"https:\\\/\\\/schema.org\",\"@graph\":[{\"@type\":\"WebPage\",\"@id\":\"https:\\\/\\\/rutana.lt\\\/produktas\\\/akvarele-24-spalvu-zoo-luc-01441\\\/\",\"url\":\"https:\\\/\\\/rutana.lt\\\/produktas\\\/akvarele-24-spalvu-zoo-luc-01441\\\/\",\"name\":\"Akvarel\u0117 24 spalv\u0173 \\\"Zoo\\\" Lu\u010d 01441 - Rutana - Ra\u0161tin\u0117s reikmenys\",\"isPartOf\":{\"@id\":\"https:\\\/\\\/rutana.lt\\\/#website\"},\"primaryImageOfPage\":{\"@id\":\"https:\\\/\\\/rutana.lt\\\/produktas\\\/akvarele-24-spalvu-zoo-luc-01441\\\/#primaryimage\"},\"image\":{\"@id\":\"https:\\\/\\\/rutana.lt\\\/produktas\\\/akvarele-24-spalvu-zoo-luc-01441\\\/#primaryimage\"},\"thumbnailUrl\":\"https:\\\/\\\/rutana.lt\\\/wp-content\\\/uploads\\\/2025\\\/09\\\/D031-807-2.jpg?v=1763564908\",\"datePublished\":\"2025-09-03T07:50:42+00:00\",\"dateModified\":\"2025-10-13T13:53:30+00:00\",\"breadcrumb\":{\"@id\":\"https:\\\/\\\/rutana.lt\\\/produktas\\\/akvarele-24-spalvu-zoo-luc-01441\\\/#breadcrumb\"},\"inLanguage\":\"en-US\",\"potentialAction\":[{\"@type\":\"ReadAction\",\"target\":[\"https:\\\/\\\/rutana.lt\\\/produktas\\\/akvarele-24-spalvu-zoo-luc-01441\\\/\"]}]},{\"@type\":\"ImageObject\",\"inLanguage\":\"en-US\",\"@id\":\"https:\\\/\\\/rutana.lt\\\/produktas\\\/akvarele-24-spalvu-zoo-luc-01441\\\/#primaryimage\",\"url\":\"https:\\\/\\\/rutana.lt\\\/wp-content\\\/uploads\\\/2025\\\/09\\\/D031-807-2.jpg?v=1763564908\",\"contentUrl\":\"https:\\\/\\\/rutana.lt\\\/wp-content\\\/uploads\\\/2025\\\/09\\\/D031-807-2.jpg?v=1763564908\",\"width\":1000,\"height\":1000},{\"@type\":\"BreadcrumbList\",\"@id\":\"https:\\\/\\\/rutana.lt\\\/produktas\\\/akvarele-24-spalvu-zoo-luc-01441\\\/#breadcrumb\",\"itemListElement\":[{\"@type\":\"ListItem\",\"position\":1,\"name\":\"Home\",\"item\":\"https:\\\/\\\/rutana.lt\\\/\"},{\"@type\":\"ListItem\",\"position\":2,\"name\":\"Parduotuv\u0117\",\"item\":\"https:\\\/\\\/rutana.lt\\\/parduotuve\\\/\"},{\"@type\":\"ListItem\",\"position\":3,\"name\":\"Akvarel\u0117 24 spalv\u0173 &#8222;Zoo&#8221; Lu\u010d 01441\"}]},{\"@type\":\"WebSite\",\"@id\":\"https:\\\/\\\/rutana.lt\\\/#website\",\"url\":\"https:\\\/\\\/rutana.lt\\\/\",\"name\":\"Rutana - Ra\u0161tin\u0117s reikmenys\",\"description\":\"Prekiaujame pasaulin\u0117je rinkoje pripa\u017eintomis, kokybi\u0161komis biuro prek\u0117mis toki\u0173  gamintoj\u0173 kaip: Schneider, Esselte, Novus, 3M, Faber-Castell, Citizen, Milan, Leitz, Colop, Zebra, Staedtler, Durable, Tork, Parker, Waterman ir kt.\",\"publisher\":{\"@id\":\"https:\\\/\\\/rutana.lt\\\/#organization\"},\"potentialAction\":[{\"@type\":\"SearchAction\",\"target\":{\"@type\":\"EntryPoint\",\"urlTemplate\":\"https:\\\/\\\/rutana.lt\\\/?s={search_term_string}\"},\"query-input\":{\"@type\":\"PropertyValueSpecification\",\"valueRequired\":true,\"valueName\":\"search_term_string\"}}],\"inLanguage\":\"en-US\"},{\"@type\":\"Organization\",\"@id\":\"https:\\\/\\\/rutana.lt\\\/#organization\",\"name\":\"Rutana - Ra\u0161tin\u0117s reikmenys\",\"url\":\"https:\\\/\\\/rutana.lt\\\/\",\"logo\":{\"@type\":\"ImageObject\",\"inLanguage\":\"en-US\",\"@id\":\"https:\\\/\\\/rutana.lt\\\/#\\\/schema\\\/logo\\\/image\\\/\",\"url\":\"https:\\\/\\\/rutana.lt\\\/wp-content\\\/uploads\\\/2025\\\/10\\\/Asset-32.png\",\"contentUrl\":\"https:\\\/\\\/rutana.lt\\\/wp-content\\\/uploads\\\/2025\\\/10\\\/Asset-32.png\",\"width\":433,\"height\":119,\"caption\":\"Rutana - Ra\u0161tin\u0117s reikmenys\"},\"image\":{\"@id\":\"https:\\\/\\\/rutana.lt\\\/#\\\/schema\\\/logo\\\/image\\\/\"},\"sameAs\":[\"https:\\\/\\\/www.facebook.com\\\/RutanaKanceliarinesPrekes\\\/\"]}]}<\/script>\n<!-- \/ Yoast SEO plugin. -->","yoast_head_json":{"title":"Akvarel\u0117 24 spalv\u0173 \"Zoo\" Lu\u010d 01441 - Rutana - Ra\u0161tin\u0117s reikmenys","robots":{"index":"index","follow":"follow","max-snippet":"max-snippet:-1","max-image-preview":"max-image-preview:large","max-video-preview":"max-video-preview:-1"},"canonical":"https:\/\/rutana.lt\/en\/product\/akvarele-24-spalvu-zoo-luc-01441\/","og_locale":"en_US","og_type":"article","og_title":"Akvarel\u0117 24 spalv\u0173 \"Zoo\" Lu\u010d 01441 - Rutana - Ra\u0161tin\u0117s reikmenys","og_description":"Auk\u0161tos kokyb\u0117s da\u017eai vaik\u0173 k\u016brybi\u0161kumui, pagaminti pagal klasikin\u012f recept\u0105 naudojant med\u0173. Ry\u0161kios, grynos spalvos. Da\u017eai puikiai i\u0161silieja ir pasiskirsto ant popieriaus pavir\u0161iaus. Da\u017eai mai\u0161osi vienas su kitu, i\u0161laikydami spalv\u0173 sodrum\u0105. Didelis da\u017e\u0173 kiekis \u012fdubime. Galiojimo laikas neribotas. Plastikin\u0117 pakuot\u0117, be teptuko. Tinka vaikams nuo 3 met\u0173 am\u017eiaus. Atitinka CE reikalavimams. Spalvos: 24","og_url":"https:\/\/rutana.lt\/en\/product\/akvarele-24-spalvu-zoo-luc-01441\/","og_site_name":"Rutana - Ra\u0161tin\u0117s reikmenys","article_publisher":"https:\/\/www.facebook.com\/RutanaKanceliarinesPrekes\/","article_modified_time":"2025-10-13T13:53:30+00:00","og_image":[{"width":1000,"height":1000,"url":"https:\/\/rutana.lt\/wp-content\/uploads\/2025\/09\/D031-807.jpg","type":"image\/jpeg"}],"twitter_card":"summary_large_image","schema":{"@context":"https:\/\/schema.org","@graph":[{"@type":"WebPage","@id":"https:\/\/rutana.lt\/produktas\/akvarele-24-spalvu-zoo-luc-01441\/","url":"https:\/\/rutana.lt\/produktas\/akvarele-24-spalvu-zoo-luc-01441\/","name":"Akvarel\u0117 24 spalv\u0173 \"Zoo\" Lu\u010d 01441 - Rutana - Ra\u0161tin\u0117s reikmenys","isPartOf":{"@id":"https:\/\/rutana.lt\/#website"},"primaryImageOfPage":{"@id":"https:\/\/rutana.lt\/produktas\/akvarele-24-spalvu-zoo-luc-01441\/#primaryimage"},"image":{"@id":"https:\/\/rutana.lt\/produktas\/akvarele-24-spalvu-zoo-luc-01441\/#primaryimage"},"thumbnailUrl":"https:\/\/rutana.lt\/wp-content\/uploads\/2025\/09\/D031-807-2.jpg?v=1763564908","datePublished":"2025-09-03T07:50:42+00:00","dateModified":"2025-10-13T13:53:30+00:00","breadcrumb":{"@id":"https:\/\/rutana.lt\/produktas\/akvarele-24-spalvu-zoo-luc-01441\/#breadcrumb"},"inLanguage":"en-US","potentialAction":[{"@type":"ReadAction","target":["https:\/\/rutana.lt\/produktas\/akvarele-24-spalvu-zoo-luc-01441\/"]}]},{"@type":"ImageObject","inLanguage":"en-US","@id":"https:\/\/rutana.lt\/produktas\/akvarele-24-spalvu-zoo-luc-01441\/#primaryimage","url":"https:\/\/rutana.lt\/wp-content\/uploads\/2025\/09\/D031-807-2.jpg?v=1763564908","contentUrl":"https:\/\/rutana.lt\/wp-content\/uploads\/2025\/09\/D031-807-2.jpg?v=1763564908","width":1000,"height":1000},{"@type":"BreadcrumbList","@id":"https:\/\/rutana.lt\/produktas\/akvarele-24-spalvu-zoo-luc-01441\/#breadcrumb","itemListElement":[{"@type":"ListItem","position":1,"name":"Home","item":"https:\/\/rutana.lt\/"},{"@type":"ListItem","position":2,"name":"Parduotuv\u0117","item":"https:\/\/rutana.lt\/parduotuve\/"},{"@type":"ListItem","position":3,"name":"Akvarel\u0117 24 spalv\u0173 &#8222;Zoo&#8221; Lu\u010d 01441"}]},{"@type":"WebSite","@id":"https:\/\/rutana.lt\/#website","url":"https:\/\/rutana.lt\/","name":"Rutana - Ra\u0161tin\u0117s reikmenys","description":"Prekiaujame pasaulin\u0117je rinkoje pripa\u017eintomis, kokybi\u0161komis biuro prek\u0117mis toki\u0173  gamintoj\u0173 kaip: Schneider, Esselte, Novus, 3M, Faber-Castell, Citizen, Milan, Leitz, Colop, Zebra, Staedtler, Durable, Tork, Parker, Waterman ir kt.","publisher":{"@id":"https:\/\/rutana.lt\/#organization"},"potentialAction":[{"@type":"SearchAction","target":{"@type":"EntryPoint","urlTemplate":"https:\/\/rutana.lt\/?s={search_term_string}"},"query-input":{"@type":"PropertyValueSpecification","valueRequired":true,"valueName":"search_term_string"}}],"inLanguage":"en-US"},{"@type":"Organization","@id":"https:\/\/rutana.lt\/#organization","name":"Rutana - Ra\u0161tin\u0117s reikmenys","url":"https:\/\/rutana.lt\/","logo":{"@type":"ImageObject","inLanguage":"en-US","@id":"https:\/\/rutana.lt\/#\/schema\/logo\/image\/","url":"https:\/\/rutana.lt\/wp-content\/uploads\/2025\/10\/Asset-32.png","contentUrl":"https:\/\/rutana.lt\/wp-content\/uploads\/2025\/10\/Asset-32.png","width":433,"height":119,"caption":"Rutana - Ra\u0161tin\u0117s reikmenys"},"image":{"@id":"https:\/\/rutana.lt\/#\/schema\/logo\/image\/"},"sameAs":["https:\/\/www.facebook.com\/RutanaKanceliarinesPrekes\/"]}]}},"_links":{"self":[{"href":"https:\/\/rutana.lt\/en\/wp-json\/wp\/v2\/product\/17253","targetHints":{"allow":["GET"]}}],"collection":[{"href":"https:\/\/rutana.lt\/en\/wp-json\/wp\/v2\/product"}],"about":[{"href":"https:\/\/rutana.lt\/en\/wp-json\/wp\/v2\/types\/product"}],"replies":[{"embeddable":true,"href":"https:\/\/rutana.lt\/en\/wp-json\/wp\/v2\/comments?post=17253"}],"version-history":[{"count":1,"href":"https:\/\/rutana.lt\/en\/wp-json\/wp\/v2\/product\/17253\/revisions"}],"predecessor-version":[{"id":17323,"href":"https:\/\/rutana.lt\/en\/wp-json\/wp\/v2\/product\/17253\/revisions\/17323"}],"wp:featuredmedia":[{"embeddable":true,"href":"https:\/\/rutana.lt\/en\/wp-json\/wp\/v2\/media\/29349"}],"wp:attachment":[{"href":"https:\/\/rutana.lt\/en\/wp-json\/wp\/v2\/media?parent=17253"}],"wp:term":[{"taxonomy":"product_brand","embeddable":true,"href":"https:\/\/rutana.lt\/en\/wp-json\/wp\/v2\/product_brand?post=17253"},{"taxonomy":"product_cat","embeddable":true,"href":"https:\/\/rutana.lt\/en\/wp-json\/wp\/v2\/product_cat?post=17253"},{"taxonomy":"product_tag","embeddable":true,"href":"https:\/\/rutana.lt\/en\/wp-json\/wp\/v2\/product_tag?post=17253"}],"curies":[{"name":"wp","href":"https:\/\/api.w.org\/{rel}","templated":true}]}}