{"id":17252,"date":"2025-09-03T09:50:42","date_gmt":"2025-09-03T07:50:42","guid":{"rendered":"https:\/\/rutana.webdemo.lt\/?post_type=product&#038;p=17252"},"modified":"2025-10-13T15:53:29","modified_gmt":"2025-10-13T13:53:29","slug":"flomasteriai-kvepiantys-perfume-carioca-12-spalvu-universal-42672","status":"publish","type":"product","link":"https:\/\/rutana.lt\/en\/product\/flomasteriai-kvepiantys-perfume-carioca-12-spalvu-universal-42672\/","title":{"rendered":"Flomasteriai kvepiantys &#8222;Perfume&#8221; Carioca 12 spalv\u0173 Universal 42672"},"content":{"rendered":"<p>Kvepiantys flomasteriai skirti vaikams nuo 3 met\u0173. Kvapusis ir plaunamas ra\u0161alas. Naudojami aromatai buvo grie\u017etai atrinkti, kad primint\u0173 nat\u016bralias esencijas. Jame n\u0117ra alergij\u0105 sukelian\u010di\u0173 med\u017eiag\u0173 p\u0117dsak\u0173.  Plonas korpusas. Spalvinimo galvut\u0117 apsaugota nuo smarkaus paspaudimo ranka, tod\u0117l idealiai tinka ir ma\u017eesniems vaikams. Flomasteriai nusiplauna nuo \u012fvairi\u0173 audini\u0173 pavir\u0161i\u0173, o nuo k\u016bno nusiplauna nenaudojant muilo. Kam\u0161tukas turi skylut\u0119, jei vaikas nety\u010dia prarij\u0119s j\u012f, gal\u0117t\u0173 prakv\u0117puoti prie\u0161 suteikiant pirm\u0105j\u0105 pagalb\u0105. Netoksi\u0161ki, ilgalaikio naudojimo.  <\/p>\n<p>Spalv\u0173 kiekis: 12<\/p>\n<p>Kilm\u0117s \u0161alis: Italija<\/p>\n<\/p>\n<p><\/p>","protected":false},"excerpt":{"rendered":"<p>Kvepiantys flomasteriai skirti vaikams nuo 3 met\u0173. Kvapusis ir plaunamas ra\u0161alas. Naudojami aromatai buvo grie\u017etai atrinkti, kad primint\u0173 nat\u016bralias esencijas. Jame n\u0117ra alergij\u0105 sukelian\u010di\u0173 med\u017eiag\u0173 p\u0117dsak\u0173. Plonas korpusas. Spalvinimo galvut\u0117 apsaugota nuo smarkaus paspaudimo ranka, tod\u0117l idealiai tinka ir ma\u017eesniems vaikams. Flomasteriai nusiplauna nuo \u012fvairi\u0173 audini\u0173 pavir\u0161i\u0173, o nuo k\u016bno nusiplauna nenaudojant muilo. Kam\u0161tukas turi [&hellip;]<\/p>","protected":false},"featured_media":29348,"comment_status":"open","ping_status":"closed","template":"","meta":{"_season_start":"","_season_end":"","_season_days":"","_season_months":"","_season_auto_visibility":""},"product_brand":[207],"product_cat":[1515],"product_tag":[],"class_list":{"0":"post-17252","1":"product","2":"type-product","3":"status-publish","4":"has-post-thumbnail","6":"product_brand-universal","7":"product_cat-flomasteriai-mokyklines-prekes","9":"first","10":"instock","11":"taxable","12":"shipping-taxable","13":"purchasable","14":"product-type-simple"},"yoast_head":"<!-- This site is optimized with the Yoast SEO plugin v27.4 - https:\/\/yoast.com\/product\/yoast-seo-wordpress\/ -->\n<title>Flomasteriai kvepiantys &quot;Perfume&quot; Carioca 12 spalv\u0173 Universal 42672 - Rutana - Ra\u0161tin\u0117s reikmenys<\/title>\n<meta name=\"robots\" content=\"index, follow, max-snippet:-1, max-image-preview:large, max-video-preview:-1\" \/>\n<link rel=\"canonical\" href=\"https:\/\/rutana.lt\/en\/product\/flomasteriai-kvepiantys-perfume-carioca-12-spalvu-universal-42672\/\" \/>\n<meta property=\"og:locale\" content=\"en_US\" \/>\n<meta property=\"og:type\" content=\"article\" \/>\n<meta property=\"og:title\" content=\"Flomasteriai kvepiantys &quot;Perfume&quot; Carioca 12 spalv\u0173 Universal 42672 - Rutana - Ra\u0161tin\u0117s reikmenys\" \/>\n<meta property=\"og:description\" content=\"Kvepiantys flomasteriai skirti vaikams nuo 3 met\u0173. Kvapusis ir plaunamas ra\u0161alas. Naudojami aromatai buvo grie\u017etai atrinkti, kad primint\u0173 nat\u016bralias esencijas. Jame n\u0117ra alergij\u0105 sukelian\u010di\u0173 med\u017eiag\u0173 p\u0117dsak\u0173. Plonas korpusas. Spalvinimo galvut\u0117 apsaugota nuo smarkaus paspaudimo ranka, tod\u0117l idealiai tinka ir ma\u017eesniems vaikams. Flomasteriai nusiplauna nuo \u012fvairi\u0173 audini\u0173 pavir\u0161i\u0173, o nuo k\u016bno nusiplauna nenaudojant muilo. Kam\u0161tukas turi [&hellip;]\" \/>\n<meta property=\"og:url\" content=\"https:\/\/rutana.lt\/en\/product\/flomasteriai-kvepiantys-perfume-carioca-12-spalvu-universal-42672\/\" \/>\n<meta property=\"og:site_name\" content=\"Rutana - Ra\u0161tin\u0117s reikmenys\" \/>\n<meta property=\"article:publisher\" content=\"https:\/\/www.facebook.com\/RutanaKanceliarinesPrekes\/\" \/>\n<meta property=\"article:modified_time\" content=\"2025-10-13T13:53:29+00:00\" \/>\n<meta property=\"og:image\" content=\"https:\/\/rutana.lt\/wp-content\/uploads\/2025\/09\/C094-053.jpg\" \/>\n\t<meta property=\"og:image:width\" content=\"861\" \/>\n\t<meta property=\"og:image:height\" content=\"948\" \/>\n\t<meta property=\"og:image:type\" content=\"image\/jpeg\" \/>\n<meta name=\"twitter:card\" content=\"summary_large_image\" \/>\n<script type=\"application\/ld+json\" class=\"yoast-schema-graph\">{\"@context\":\"https:\\\/\\\/schema.org\",\"@graph\":[{\"@type\":\"WebPage\",\"@id\":\"https:\\\/\\\/rutana.lt\\\/produktas\\\/flomasteriai-kvepiantys-perfume-carioca-12-spalvu-universal-42672\\\/\",\"url\":\"https:\\\/\\\/rutana.lt\\\/produktas\\\/flomasteriai-kvepiantys-perfume-carioca-12-spalvu-universal-42672\\\/\",\"name\":\"Flomasteriai kvepiantys \\\"Perfume\\\" Carioca 12 spalv\u0173 Universal 42672 - Rutana - Ra\u0161tin\u0117s reikmenys\",\"isPartOf\":{\"@id\":\"https:\\\/\\\/rutana.lt\\\/#website\"},\"primaryImageOfPage\":{\"@id\":\"https:\\\/\\\/rutana.lt\\\/produktas\\\/flomasteriai-kvepiantys-perfume-carioca-12-spalvu-universal-42672\\\/#primaryimage\"},\"image\":{\"@id\":\"https:\\\/\\\/rutana.lt\\\/produktas\\\/flomasteriai-kvepiantys-perfume-carioca-12-spalvu-universal-42672\\\/#primaryimage\"},\"thumbnailUrl\":\"https:\\\/\\\/rutana.lt\\\/wp-content\\\/uploads\\\/2025\\\/09\\\/C094-053-2.jpg?v=1763564906\",\"datePublished\":\"2025-09-03T07:50:42+00:00\",\"dateModified\":\"2025-10-13T13:53:29+00:00\",\"breadcrumb\":{\"@id\":\"https:\\\/\\\/rutana.lt\\\/produktas\\\/flomasteriai-kvepiantys-perfume-carioca-12-spalvu-universal-42672\\\/#breadcrumb\"},\"inLanguage\":\"en-US\",\"potentialAction\":[{\"@type\":\"ReadAction\",\"target\":[\"https:\\\/\\\/rutana.lt\\\/produktas\\\/flomasteriai-kvepiantys-perfume-carioca-12-spalvu-universal-42672\\\/\"]}]},{\"@type\":\"ImageObject\",\"inLanguage\":\"en-US\",\"@id\":\"https:\\\/\\\/rutana.lt\\\/produktas\\\/flomasteriai-kvepiantys-perfume-carioca-12-spalvu-universal-42672\\\/#primaryimage\",\"url\":\"https:\\\/\\\/rutana.lt\\\/wp-content\\\/uploads\\\/2025\\\/09\\\/C094-053-2.jpg?v=1763564906\",\"contentUrl\":\"https:\\\/\\\/rutana.lt\\\/wp-content\\\/uploads\\\/2025\\\/09\\\/C094-053-2.jpg?v=1763564906\",\"width\":861,\"height\":948},{\"@type\":\"BreadcrumbList\",\"@id\":\"https:\\\/\\\/rutana.lt\\\/produktas\\\/flomasteriai-kvepiantys-perfume-carioca-12-spalvu-universal-42672\\\/#breadcrumb\",\"itemListElement\":[{\"@type\":\"ListItem\",\"position\":1,\"name\":\"Home\",\"item\":\"https:\\\/\\\/rutana.lt\\\/\"},{\"@type\":\"ListItem\",\"position\":2,\"name\":\"Parduotuv\u0117\",\"item\":\"https:\\\/\\\/rutana.lt\\\/parduotuve\\\/\"},{\"@type\":\"ListItem\",\"position\":3,\"name\":\"Flomasteriai kvepiantys &#8222;Perfume&#8221; Carioca 12 spalv\u0173 Universal 42672\"}]},{\"@type\":\"WebSite\",\"@id\":\"https:\\\/\\\/rutana.lt\\\/#website\",\"url\":\"https:\\\/\\\/rutana.lt\\\/\",\"name\":\"Rutana - Ra\u0161tin\u0117s reikmenys\",\"description\":\"Prekiaujame pasaulin\u0117je rinkoje pripa\u017eintomis, kokybi\u0161komis biuro prek\u0117mis toki\u0173  gamintoj\u0173 kaip: Schneider, Esselte, Novus, 3M, Faber-Castell, Citizen, Milan, Leitz, Colop, Zebra, Staedtler, Durable, Tork, Parker, Waterman ir kt.\",\"publisher\":{\"@id\":\"https:\\\/\\\/rutana.lt\\\/#organization\"},\"potentialAction\":[{\"@type\":\"SearchAction\",\"target\":{\"@type\":\"EntryPoint\",\"urlTemplate\":\"https:\\\/\\\/rutana.lt\\\/?s={search_term_string}\"},\"query-input\":{\"@type\":\"PropertyValueSpecification\",\"valueRequired\":true,\"valueName\":\"search_term_string\"}}],\"inLanguage\":\"en-US\"},{\"@type\":\"Organization\",\"@id\":\"https:\\\/\\\/rutana.lt\\\/#organization\",\"name\":\"Rutana - Ra\u0161tin\u0117s reikmenys\",\"url\":\"https:\\\/\\\/rutana.lt\\\/\",\"logo\":{\"@type\":\"ImageObject\",\"inLanguage\":\"en-US\",\"@id\":\"https:\\\/\\\/rutana.lt\\\/#\\\/schema\\\/logo\\\/image\\\/\",\"url\":\"https:\\\/\\\/rutana.lt\\\/wp-content\\\/uploads\\\/2025\\\/10\\\/Asset-32.png\",\"contentUrl\":\"https:\\\/\\\/rutana.lt\\\/wp-content\\\/uploads\\\/2025\\\/10\\\/Asset-32.png\",\"width\":433,\"height\":119,\"caption\":\"Rutana - Ra\u0161tin\u0117s reikmenys\"},\"image\":{\"@id\":\"https:\\\/\\\/rutana.lt\\\/#\\\/schema\\\/logo\\\/image\\\/\"},\"sameAs\":[\"https:\\\/\\\/www.facebook.com\\\/RutanaKanceliarinesPrekes\\\/\"]}]}<\/script>\n<!-- \/ Yoast SEO plugin. -->","yoast_head_json":{"title":"Flomasteriai kvepiantys \"Perfume\" Carioca 12 spalv\u0173 Universal 42672 - Rutana - Ra\u0161tin\u0117s reikmenys","robots":{"index":"index","follow":"follow","max-snippet":"max-snippet:-1","max-image-preview":"max-image-preview:large","max-video-preview":"max-video-preview:-1"},"canonical":"https:\/\/rutana.lt\/en\/product\/flomasteriai-kvepiantys-perfume-carioca-12-spalvu-universal-42672\/","og_locale":"en_US","og_type":"article","og_title":"Flomasteriai kvepiantys \"Perfume\" Carioca 12 spalv\u0173 Universal 42672 - Rutana - Ra\u0161tin\u0117s reikmenys","og_description":"Kvepiantys flomasteriai skirti vaikams nuo 3 met\u0173. Kvapusis ir plaunamas ra\u0161alas. Naudojami aromatai buvo grie\u017etai atrinkti, kad primint\u0173 nat\u016bralias esencijas. Jame n\u0117ra alergij\u0105 sukelian\u010di\u0173 med\u017eiag\u0173 p\u0117dsak\u0173. Plonas korpusas. Spalvinimo galvut\u0117 apsaugota nuo smarkaus paspaudimo ranka, tod\u0117l idealiai tinka ir ma\u017eesniems vaikams. Flomasteriai nusiplauna nuo \u012fvairi\u0173 audini\u0173 pavir\u0161i\u0173, o nuo k\u016bno nusiplauna nenaudojant muilo. Kam\u0161tukas turi [&hellip;]","og_url":"https:\/\/rutana.lt\/en\/product\/flomasteriai-kvepiantys-perfume-carioca-12-spalvu-universal-42672\/","og_site_name":"Rutana - Ra\u0161tin\u0117s reikmenys","article_publisher":"https:\/\/www.facebook.com\/RutanaKanceliarinesPrekes\/","article_modified_time":"2025-10-13T13:53:29+00:00","og_image":[{"width":861,"height":948,"url":"https:\/\/rutana.lt\/wp-content\/uploads\/2025\/09\/C094-053.jpg","type":"image\/jpeg"}],"twitter_card":"summary_large_image","schema":{"@context":"https:\/\/schema.org","@graph":[{"@type":"WebPage","@id":"https:\/\/rutana.lt\/produktas\/flomasteriai-kvepiantys-perfume-carioca-12-spalvu-universal-42672\/","url":"https:\/\/rutana.lt\/produktas\/flomasteriai-kvepiantys-perfume-carioca-12-spalvu-universal-42672\/","name":"Flomasteriai kvepiantys \"Perfume\" Carioca 12 spalv\u0173 Universal 42672 - Rutana - Ra\u0161tin\u0117s reikmenys","isPartOf":{"@id":"https:\/\/rutana.lt\/#website"},"primaryImageOfPage":{"@id":"https:\/\/rutana.lt\/produktas\/flomasteriai-kvepiantys-perfume-carioca-12-spalvu-universal-42672\/#primaryimage"},"image":{"@id":"https:\/\/rutana.lt\/produktas\/flomasteriai-kvepiantys-perfume-carioca-12-spalvu-universal-42672\/#primaryimage"},"thumbnailUrl":"https:\/\/rutana.lt\/wp-content\/uploads\/2025\/09\/C094-053-2.jpg?v=1763564906","datePublished":"2025-09-03T07:50:42+00:00","dateModified":"2025-10-13T13:53:29+00:00","breadcrumb":{"@id":"https:\/\/rutana.lt\/produktas\/flomasteriai-kvepiantys-perfume-carioca-12-spalvu-universal-42672\/#breadcrumb"},"inLanguage":"en-US","potentialAction":[{"@type":"ReadAction","target":["https:\/\/rutana.lt\/produktas\/flomasteriai-kvepiantys-perfume-carioca-12-spalvu-universal-42672\/"]}]},{"@type":"ImageObject","inLanguage":"en-US","@id":"https:\/\/rutana.lt\/produktas\/flomasteriai-kvepiantys-perfume-carioca-12-spalvu-universal-42672\/#primaryimage","url":"https:\/\/rutana.lt\/wp-content\/uploads\/2025\/09\/C094-053-2.jpg?v=1763564906","contentUrl":"https:\/\/rutana.lt\/wp-content\/uploads\/2025\/09\/C094-053-2.jpg?v=1763564906","width":861,"height":948},{"@type":"BreadcrumbList","@id":"https:\/\/rutana.lt\/produktas\/flomasteriai-kvepiantys-perfume-carioca-12-spalvu-universal-42672\/#breadcrumb","itemListElement":[{"@type":"ListItem","position":1,"name":"Home","item":"https:\/\/rutana.lt\/"},{"@type":"ListItem","position":2,"name":"Parduotuv\u0117","item":"https:\/\/rutana.lt\/parduotuve\/"},{"@type":"ListItem","position":3,"name":"Flomasteriai kvepiantys &#8222;Perfume&#8221; Carioca 12 spalv\u0173 Universal 42672"}]},{"@type":"WebSite","@id":"https:\/\/rutana.lt\/#website","url":"https:\/\/rutana.lt\/","name":"Rutana - Ra\u0161tin\u0117s reikmenys","description":"Prekiaujame pasaulin\u0117je rinkoje pripa\u017eintomis, kokybi\u0161komis biuro prek\u0117mis toki\u0173  gamintoj\u0173 kaip: Schneider, Esselte, Novus, 3M, Faber-Castell, Citizen, Milan, Leitz, Colop, Zebra, Staedtler, Durable, Tork, Parker, Waterman ir kt.","publisher":{"@id":"https:\/\/rutana.lt\/#organization"},"potentialAction":[{"@type":"SearchAction","target":{"@type":"EntryPoint","urlTemplate":"https:\/\/rutana.lt\/?s={search_term_string}"},"query-input":{"@type":"PropertyValueSpecification","valueRequired":true,"valueName":"search_term_string"}}],"inLanguage":"en-US"},{"@type":"Organization","@id":"https:\/\/rutana.lt\/#organization","name":"Rutana - Ra\u0161tin\u0117s reikmenys","url":"https:\/\/rutana.lt\/","logo":{"@type":"ImageObject","inLanguage":"en-US","@id":"https:\/\/rutana.lt\/#\/schema\/logo\/image\/","url":"https:\/\/rutana.lt\/wp-content\/uploads\/2025\/10\/Asset-32.png","contentUrl":"https:\/\/rutana.lt\/wp-content\/uploads\/2025\/10\/Asset-32.png","width":433,"height":119,"caption":"Rutana - Ra\u0161tin\u0117s reikmenys"},"image":{"@id":"https:\/\/rutana.lt\/#\/schema\/logo\/image\/"},"sameAs":["https:\/\/www.facebook.com\/RutanaKanceliarinesPrekes\/"]}]}},"_links":{"self":[{"href":"https:\/\/rutana.lt\/en\/wp-json\/wp\/v2\/product\/17252","targetHints":{"allow":["GET"]}}],"collection":[{"href":"https:\/\/rutana.lt\/en\/wp-json\/wp\/v2\/product"}],"about":[{"href":"https:\/\/rutana.lt\/en\/wp-json\/wp\/v2\/types\/product"}],"replies":[{"embeddable":true,"href":"https:\/\/rutana.lt\/en\/wp-json\/wp\/v2\/comments?post=17252"}],"version-history":[{"count":1,"href":"https:\/\/rutana.lt\/en\/wp-json\/wp\/v2\/product\/17252\/revisions"}],"predecessor-version":[{"id":17321,"href":"https:\/\/rutana.lt\/en\/wp-json\/wp\/v2\/product\/17252\/revisions\/17321"}],"wp:featuredmedia":[{"embeddable":true,"href":"https:\/\/rutana.lt\/en\/wp-json\/wp\/v2\/media\/29348"}],"wp:attachment":[{"href":"https:\/\/rutana.lt\/en\/wp-json\/wp\/v2\/media?parent=17252"}],"wp:term":[{"taxonomy":"product_brand","embeddable":true,"href":"https:\/\/rutana.lt\/en\/wp-json\/wp\/v2\/product_brand?post=17252"},{"taxonomy":"product_cat","embeddable":true,"href":"https:\/\/rutana.lt\/en\/wp-json\/wp\/v2\/product_cat?post=17252"},{"taxonomy":"product_tag","embeddable":true,"href":"https:\/\/rutana.lt\/en\/wp-json\/wp\/v2\/product_tag?post=17252"}],"curies":[{"name":"wp","href":"https:\/\/api.w.org\/{rel}","templated":true}]}}