{"id":17241,"date":"2025-09-03T09:50:41","date_gmt":"2025-09-03T07:50:41","guid":{"rendered":"https:\/\/rutana.webdemo.lt\/?post_type=product&#038;p=17241"},"modified":"2025-10-13T15:53:20","modified_gmt":"2025-10-13T13:53:20","slug":"palete-dazams-su-idubimais-apvali-17-cm-balta-30004","status":"publish","type":"product","link":"https:\/\/rutana.lt\/en\/product\/palete-dazams-su-idubimais-apvali-17-cm-balta-30004\/","title":{"rendered":"Palet\u0117 da\u017eams su \u012fdubimais apvali 17 cm balta 30004"},"content":{"rendered":"<h5 style=\"margin-bottom: 0px; padding: 0px; line-height: 1.8;\">Palet\u0117 skirta da\u017eams mai\u0161yti. Pagaminta i\u0161 patvaraus tirpikliams atsparaus plastiko. Skirta mokyklinio am\u017eiaus vaikams arba kaip pagalbin\u0117 priemon\u0117 k\u016brybos darbams.<br \/>Palet\u0117s diametras: 17 cm<br \/>Spalva: balta<\/h5>\n<p><\/p>\n<p><\/p>","protected":false},"excerpt":{"rendered":"<p>Palet\u0117 skirta da\u017eams mai\u0161yti. Pagaminta i\u0161 patvaraus tirpikliams atsparaus plastiko. Skirta mokyklinio am\u017eiaus vaikams arba kaip pagalbin\u0117 priemon\u0117 k\u016brybos darbams.Palet\u0117s diametras: 17 cmSpalva: balta<\/p>","protected":false},"featured_media":29337,"comment_status":"open","ping_status":"closed","template":"","meta":{"_season_start":"","_season_end":"","_season_days":"","_season_months":"","_season_auto_visibility":""},"product_brand":[83],"product_cat":[1663,1664],"product_tag":[],"class_list":{"0":"post-17241","1":"product","2":"type-product","3":"status-publish","4":"has-post-thumbnail","6":"product_brand-null","7":"product_cat-akriliniai","8":"product_cat-aliejiniai-dazai","10":"first","11":"instock","12":"taxable","13":"shipping-taxable","14":"purchasable","15":"product-type-simple"},"yoast_head":"<!-- This site is optimized with the Yoast SEO plugin v27.4 - https:\/\/yoast.com\/product\/yoast-seo-wordpress\/ -->\n<title>Palet\u0117 da\u017eams su \u012fdubimais apvali 17 cm balta 30004 - Rutana - Ra\u0161tin\u0117s reikmenys<\/title>\n<meta name=\"robots\" content=\"index, follow, max-snippet:-1, max-image-preview:large, max-video-preview:-1\" \/>\n<link rel=\"canonical\" href=\"https:\/\/rutana.lt\/en\/product\/palete-dazams-su-idubimais-apvali-17-cm-balta-30004\/\" \/>\n<meta property=\"og:locale\" content=\"en_US\" \/>\n<meta property=\"og:type\" content=\"article\" \/>\n<meta property=\"og:title\" content=\"Palet\u0117 da\u017eams su \u012fdubimais apvali 17 cm balta 30004 - Rutana - Ra\u0161tin\u0117s reikmenys\" \/>\n<meta property=\"og:description\" content=\"Palet\u0117 skirta da\u017eams mai\u0161yti. Pagaminta i\u0161 patvaraus tirpikliams atsparaus plastiko. Skirta mokyklinio am\u017eiaus vaikams arba kaip pagalbin\u0117 priemon\u0117 k\u016brybos darbams.Palet\u0117s diametras: 17 cmSpalva: balta\" \/>\n<meta property=\"og:url\" content=\"https:\/\/rutana.lt\/en\/product\/palete-dazams-su-idubimais-apvali-17-cm-balta-30004\/\" \/>\n<meta property=\"og:site_name\" content=\"Rutana - Ra\u0161tin\u0117s reikmenys\" \/>\n<meta property=\"article:publisher\" content=\"https:\/\/www.facebook.com\/RutanaKanceliarinesPrekes\/\" \/>\n<meta property=\"article:modified_time\" content=\"2025-10-13T13:53:20+00:00\" \/>\n<meta property=\"og:image\" content=\"https:\/\/rutana.lt\/wp-content\/uploads\/2025\/09\/D033-835.jpg\" \/>\n\t<meta property=\"og:image:width\" content=\"883\" \/>\n\t<meta property=\"og:image:height\" content=\"812\" \/>\n\t<meta property=\"og:image:type\" content=\"image\/jpeg\" \/>\n<meta name=\"twitter:card\" content=\"summary_large_image\" \/>\n<script type=\"application\/ld+json\" class=\"yoast-schema-graph\">{\"@context\":\"https:\\\/\\\/schema.org\",\"@graph\":[{\"@type\":\"WebPage\",\"@id\":\"https:\\\/\\\/rutana.lt\\\/produktas\\\/palete-dazams-su-idubimais-apvali-17-cm-balta-30004\\\/\",\"url\":\"https:\\\/\\\/rutana.lt\\\/produktas\\\/palete-dazams-su-idubimais-apvali-17-cm-balta-30004\\\/\",\"name\":\"Palet\u0117 da\u017eams su \u012fdubimais apvali 17 cm balta 30004 - Rutana - Ra\u0161tin\u0117s reikmenys\",\"isPartOf\":{\"@id\":\"https:\\\/\\\/rutana.lt\\\/#website\"},\"primaryImageOfPage\":{\"@id\":\"https:\\\/\\\/rutana.lt\\\/produktas\\\/palete-dazams-su-idubimais-apvali-17-cm-balta-30004\\\/#primaryimage\"},\"image\":{\"@id\":\"https:\\\/\\\/rutana.lt\\\/produktas\\\/palete-dazams-su-idubimais-apvali-17-cm-balta-30004\\\/#primaryimage\"},\"thumbnailUrl\":\"https:\\\/\\\/rutana.lt\\\/wp-content\\\/uploads\\\/2025\\\/09\\\/D033-835-1.jpg?v=1763564928\",\"datePublished\":\"2025-09-03T07:50:41+00:00\",\"dateModified\":\"2025-10-13T13:53:20+00:00\",\"breadcrumb\":{\"@id\":\"https:\\\/\\\/rutana.lt\\\/produktas\\\/palete-dazams-su-idubimais-apvali-17-cm-balta-30004\\\/#breadcrumb\"},\"inLanguage\":\"en-US\",\"potentialAction\":[{\"@type\":\"ReadAction\",\"target\":[\"https:\\\/\\\/rutana.lt\\\/produktas\\\/palete-dazams-su-idubimais-apvali-17-cm-balta-30004\\\/\"]}]},{\"@type\":\"ImageObject\",\"inLanguage\":\"en-US\",\"@id\":\"https:\\\/\\\/rutana.lt\\\/produktas\\\/palete-dazams-su-idubimais-apvali-17-cm-balta-30004\\\/#primaryimage\",\"url\":\"https:\\\/\\\/rutana.lt\\\/wp-content\\\/uploads\\\/2025\\\/09\\\/D033-835-1.jpg?v=1763564928\",\"contentUrl\":\"https:\\\/\\\/rutana.lt\\\/wp-content\\\/uploads\\\/2025\\\/09\\\/D033-835-1.jpg?v=1763564928\",\"width\":883,\"height\":812},{\"@type\":\"BreadcrumbList\",\"@id\":\"https:\\\/\\\/rutana.lt\\\/produktas\\\/palete-dazams-su-idubimais-apvali-17-cm-balta-30004\\\/#breadcrumb\",\"itemListElement\":[{\"@type\":\"ListItem\",\"position\":1,\"name\":\"Home\",\"item\":\"https:\\\/\\\/rutana.lt\\\/\"},{\"@type\":\"ListItem\",\"position\":2,\"name\":\"Parduotuv\u0117\",\"item\":\"https:\\\/\\\/rutana.lt\\\/parduotuve\\\/\"},{\"@type\":\"ListItem\",\"position\":3,\"name\":\"Palet\u0117 da\u017eams su \u012fdubimais apvali 17 cm balta 30004\"}]},{\"@type\":\"WebSite\",\"@id\":\"https:\\\/\\\/rutana.lt\\\/#website\",\"url\":\"https:\\\/\\\/rutana.lt\\\/\",\"name\":\"Rutana - Ra\u0161tin\u0117s reikmenys\",\"description\":\"Prekiaujame pasaulin\u0117je rinkoje pripa\u017eintomis, kokybi\u0161komis biuro prek\u0117mis toki\u0173  gamintoj\u0173 kaip: Schneider, Esselte, Novus, 3M, Faber-Castell, Citizen, Milan, Leitz, Colop, Zebra, Staedtler, Durable, Tork, Parker, Waterman ir kt.\",\"publisher\":{\"@id\":\"https:\\\/\\\/rutana.lt\\\/#organization\"},\"potentialAction\":[{\"@type\":\"SearchAction\",\"target\":{\"@type\":\"EntryPoint\",\"urlTemplate\":\"https:\\\/\\\/rutana.lt\\\/?s={search_term_string}\"},\"query-input\":{\"@type\":\"PropertyValueSpecification\",\"valueRequired\":true,\"valueName\":\"search_term_string\"}}],\"inLanguage\":\"en-US\"},{\"@type\":\"Organization\",\"@id\":\"https:\\\/\\\/rutana.lt\\\/#organization\",\"name\":\"Rutana - Ra\u0161tin\u0117s reikmenys\",\"url\":\"https:\\\/\\\/rutana.lt\\\/\",\"logo\":{\"@type\":\"ImageObject\",\"inLanguage\":\"en-US\",\"@id\":\"https:\\\/\\\/rutana.lt\\\/#\\\/schema\\\/logo\\\/image\\\/\",\"url\":\"https:\\\/\\\/rutana.lt\\\/wp-content\\\/uploads\\\/2025\\\/10\\\/Asset-32.png\",\"contentUrl\":\"https:\\\/\\\/rutana.lt\\\/wp-content\\\/uploads\\\/2025\\\/10\\\/Asset-32.png\",\"width\":433,\"height\":119,\"caption\":\"Rutana - Ra\u0161tin\u0117s reikmenys\"},\"image\":{\"@id\":\"https:\\\/\\\/rutana.lt\\\/#\\\/schema\\\/logo\\\/image\\\/\"},\"sameAs\":[\"https:\\\/\\\/www.facebook.com\\\/RutanaKanceliarinesPrekes\\\/\"]}]}<\/script>\n<!-- \/ Yoast SEO plugin. -->","yoast_head_json":{"title":"Palet\u0117 da\u017eams su \u012fdubimais apvali 17 cm balta 30004 - Rutana - Ra\u0161tin\u0117s reikmenys","robots":{"index":"index","follow":"follow","max-snippet":"max-snippet:-1","max-image-preview":"max-image-preview:large","max-video-preview":"max-video-preview:-1"},"canonical":"https:\/\/rutana.lt\/en\/product\/palete-dazams-su-idubimais-apvali-17-cm-balta-30004\/","og_locale":"en_US","og_type":"article","og_title":"Palet\u0117 da\u017eams su \u012fdubimais apvali 17 cm balta 30004 - Rutana - Ra\u0161tin\u0117s reikmenys","og_description":"Palet\u0117 skirta da\u017eams mai\u0161yti. Pagaminta i\u0161 patvaraus tirpikliams atsparaus plastiko. Skirta mokyklinio am\u017eiaus vaikams arba kaip pagalbin\u0117 priemon\u0117 k\u016brybos darbams.Palet\u0117s diametras: 17 cmSpalva: balta","og_url":"https:\/\/rutana.lt\/en\/product\/palete-dazams-su-idubimais-apvali-17-cm-balta-30004\/","og_site_name":"Rutana - Ra\u0161tin\u0117s reikmenys","article_publisher":"https:\/\/www.facebook.com\/RutanaKanceliarinesPrekes\/","article_modified_time":"2025-10-13T13:53:20+00:00","og_image":[{"width":883,"height":812,"url":"https:\/\/rutana.lt\/wp-content\/uploads\/2025\/09\/D033-835.jpg","type":"image\/jpeg"}],"twitter_card":"summary_large_image","schema":{"@context":"https:\/\/schema.org","@graph":[{"@type":"WebPage","@id":"https:\/\/rutana.lt\/produktas\/palete-dazams-su-idubimais-apvali-17-cm-balta-30004\/","url":"https:\/\/rutana.lt\/produktas\/palete-dazams-su-idubimais-apvali-17-cm-balta-30004\/","name":"Palet\u0117 da\u017eams su \u012fdubimais apvali 17 cm balta 30004 - Rutana - Ra\u0161tin\u0117s reikmenys","isPartOf":{"@id":"https:\/\/rutana.lt\/#website"},"primaryImageOfPage":{"@id":"https:\/\/rutana.lt\/produktas\/palete-dazams-su-idubimais-apvali-17-cm-balta-30004\/#primaryimage"},"image":{"@id":"https:\/\/rutana.lt\/produktas\/palete-dazams-su-idubimais-apvali-17-cm-balta-30004\/#primaryimage"},"thumbnailUrl":"https:\/\/rutana.lt\/wp-content\/uploads\/2025\/09\/D033-835-1.jpg?v=1763564928","datePublished":"2025-09-03T07:50:41+00:00","dateModified":"2025-10-13T13:53:20+00:00","breadcrumb":{"@id":"https:\/\/rutana.lt\/produktas\/palete-dazams-su-idubimais-apvali-17-cm-balta-30004\/#breadcrumb"},"inLanguage":"en-US","potentialAction":[{"@type":"ReadAction","target":["https:\/\/rutana.lt\/produktas\/palete-dazams-su-idubimais-apvali-17-cm-balta-30004\/"]}]},{"@type":"ImageObject","inLanguage":"en-US","@id":"https:\/\/rutana.lt\/produktas\/palete-dazams-su-idubimais-apvali-17-cm-balta-30004\/#primaryimage","url":"https:\/\/rutana.lt\/wp-content\/uploads\/2025\/09\/D033-835-1.jpg?v=1763564928","contentUrl":"https:\/\/rutana.lt\/wp-content\/uploads\/2025\/09\/D033-835-1.jpg?v=1763564928","width":883,"height":812},{"@type":"BreadcrumbList","@id":"https:\/\/rutana.lt\/produktas\/palete-dazams-su-idubimais-apvali-17-cm-balta-30004\/#breadcrumb","itemListElement":[{"@type":"ListItem","position":1,"name":"Home","item":"https:\/\/rutana.lt\/"},{"@type":"ListItem","position":2,"name":"Parduotuv\u0117","item":"https:\/\/rutana.lt\/parduotuve\/"},{"@type":"ListItem","position":3,"name":"Palet\u0117 da\u017eams su \u012fdubimais apvali 17 cm balta 30004"}]},{"@type":"WebSite","@id":"https:\/\/rutana.lt\/#website","url":"https:\/\/rutana.lt\/","name":"Rutana - Ra\u0161tin\u0117s reikmenys","description":"Prekiaujame pasaulin\u0117je rinkoje pripa\u017eintomis, kokybi\u0161komis biuro prek\u0117mis toki\u0173  gamintoj\u0173 kaip: Schneider, Esselte, Novus, 3M, Faber-Castell, Citizen, Milan, Leitz, Colop, Zebra, Staedtler, Durable, Tork, Parker, Waterman ir kt.","publisher":{"@id":"https:\/\/rutana.lt\/#organization"},"potentialAction":[{"@type":"SearchAction","target":{"@type":"EntryPoint","urlTemplate":"https:\/\/rutana.lt\/?s={search_term_string}"},"query-input":{"@type":"PropertyValueSpecification","valueRequired":true,"valueName":"search_term_string"}}],"inLanguage":"en-US"},{"@type":"Organization","@id":"https:\/\/rutana.lt\/#organization","name":"Rutana - Ra\u0161tin\u0117s reikmenys","url":"https:\/\/rutana.lt\/","logo":{"@type":"ImageObject","inLanguage":"en-US","@id":"https:\/\/rutana.lt\/#\/schema\/logo\/image\/","url":"https:\/\/rutana.lt\/wp-content\/uploads\/2025\/10\/Asset-32.png","contentUrl":"https:\/\/rutana.lt\/wp-content\/uploads\/2025\/10\/Asset-32.png","width":433,"height":119,"caption":"Rutana - Ra\u0161tin\u0117s reikmenys"},"image":{"@id":"https:\/\/rutana.lt\/#\/schema\/logo\/image\/"},"sameAs":["https:\/\/www.facebook.com\/RutanaKanceliarinesPrekes\/"]}]}},"_links":{"self":[{"href":"https:\/\/rutana.lt\/en\/wp-json\/wp\/v2\/product\/17241","targetHints":{"allow":["GET"]}}],"collection":[{"href":"https:\/\/rutana.lt\/en\/wp-json\/wp\/v2\/product"}],"about":[{"href":"https:\/\/rutana.lt\/en\/wp-json\/wp\/v2\/types\/product"}],"replies":[{"embeddable":true,"href":"https:\/\/rutana.lt\/en\/wp-json\/wp\/v2\/comments?post=17241"}],"version-history":[{"count":1,"href":"https:\/\/rutana.lt\/en\/wp-json\/wp\/v2\/product\/17241\/revisions"}],"predecessor-version":[{"id":17282,"href":"https:\/\/rutana.lt\/en\/wp-json\/wp\/v2\/product\/17241\/revisions\/17282"}],"wp:featuredmedia":[{"embeddable":true,"href":"https:\/\/rutana.lt\/en\/wp-json\/wp\/v2\/media\/29337"}],"wp:attachment":[{"href":"https:\/\/rutana.lt\/en\/wp-json\/wp\/v2\/media?parent=17241"}],"wp:term":[{"taxonomy":"product_brand","embeddable":true,"href":"https:\/\/rutana.lt\/en\/wp-json\/wp\/v2\/product_brand?post=17241"},{"taxonomy":"product_cat","embeddable":true,"href":"https:\/\/rutana.lt\/en\/wp-json\/wp\/v2\/product_cat?post=17241"},{"taxonomy":"product_tag","embeddable":true,"href":"https:\/\/rutana.lt\/en\/wp-json\/wp\/v2\/product_tag?post=17241"}],"curies":[{"name":"wp","href":"https:\/\/api.w.org\/{rel}","templated":true}]}}