{"id":17240,"date":"2025-09-03T09:50:41","date_gmt":"2025-09-03T07:50:41","guid":{"rendered":"https:\/\/rutana.webdemo.lt\/?post_type=product&#038;p=17240"},"modified":"2025-10-13T15:53:20","modified_gmt":"2025-10-13T13:53:20","slug":"aplankas-a4-sasiuviniams-spalvotu-krastu-biurfol-ozk-02","status":"publish","type":"product","link":"https:\/\/rutana.lt\/en\/product\/aplankas-a4-sasiuviniams-spalvotu-krastu-biurfol-ozk-02\/","title":{"rendered":"Aplankas A4 s\u0105siuviniams spalvotu kra\u0161tu Biurfol OZK-02"},"content":{"rendered":"<\/p>\n<ul style=\"list-style-image: url(\"ul.gif\"); list-style-type: circle; margin-bottom: 10px; margin-left: 18px; margin-top: 3px; line-height: 14pt; padding: 0px; color: rgb(74, 76, 63); font-family: arial; font-size: 13.3333px; font-style: normal; font-variant-ligatures: font-variant-caps: font-weight: 400; letter-spacing: orphans: 2; text-align: left; text-indent: text-transform: none; white-space: widows: word-spacing: -webkit-text-stroke-width: background-color: rgb(255, 255, 255); text-decoration-thickness: initial; text-decoration-style: text-decoration-color: initial;\"><\/ul>\n<\/p>\n<p style=\"margin: 0px; padding: 0px; text-decoration-thickness: initial; text-decoration-style: initial; text-decoration-color: initial; line-height: 1.8;\">Aplankas biuro s\u0105siuviniams, u\u017era\u0161\u0173 knygoms arba pratyb\u0173 s\u0105siuviniams. Pagamintas i\u0161 skaidraus plastiko su spalvotu kra\u0161tu vienoje pus\u0117je. <\/p>\n<p style=\"margin: 0px; padding: 0px; text-decoration-thickness: initial; text-decoration-style: initial; text-decoration-color: initial; line-height: 1.8;\">Formatas: A4<\/p>\n<p style=\"margin: 0px; padding: 0px; text-decoration-thickness: initial; text-decoration-style: initial; text-decoration-color: initial; line-height: 1.8;\">Matmenys: 30 x 43.7 cm<\/p>\n<p style=\"margin: 0px; padding: 0px; text-decoration-thickness: initial; text-decoration-style: initial; text-decoration-color: initial; line-height: 1.8;\">Kilm\u0117s \u0161alis: Lenkija<\/p>","protected":false},"excerpt":{"rendered":"<p>Aplankas biuro s\u0105siuviniams, u\u017era\u0161\u0173 knygoms arba pratyb\u0173 s\u0105siuviniams. Pagamintas i\u0161 skaidraus plastiko su spalvotu kra\u0161tu vienoje pus\u0117je. Formatas: A4 Matmenys: 30 x 43.7 cm Kilm\u0117s \u0161alis: Lenkija<\/p>","protected":false},"featured_media":29336,"comment_status":"open","ping_status":"closed","template":"","meta":{"_season_start":"","_season_end":"","_season_days":"","_season_months":"","_season_auto_visibility":""},"product_brand":[740],"product_cat":[1729,1730],"product_tag":[],"class_list":{"0":"post-17240","1":"product","2":"type-product","3":"status-publish","4":"has-post-thumbnail","6":"product_brand-biurfol","7":"product_cat-aplankalai","8":"product_cat-deklai-sasiuviniams","10":"first","11":"instock","12":"taxable","13":"shipping-taxable","14":"purchasable","15":"product-type-simple"},"yoast_head":"<!-- This site is optimized with the Yoast SEO plugin v27.4 - https:\/\/yoast.com\/product\/yoast-seo-wordpress\/ -->\n<title>Aplankas A4 s\u0105siuviniams spalvotu kra\u0161tu Biurfol OZK-02 - Rutana - Ra\u0161tin\u0117s reikmenys<\/title>\n<meta name=\"robots\" content=\"index, follow, max-snippet:-1, max-image-preview:large, max-video-preview:-1\" \/>\n<link rel=\"canonical\" href=\"https:\/\/rutana.lt\/en\/product\/aplankas-a4-sasiuviniams-spalvotu-krastu-biurfol-ozk-02\/\" \/>\n<meta property=\"og:locale\" content=\"en_US\" \/>\n<meta property=\"og:type\" content=\"article\" \/>\n<meta property=\"og:title\" content=\"Aplankas A4 s\u0105siuviniams spalvotu kra\u0161tu Biurfol OZK-02 - Rutana - Ra\u0161tin\u0117s reikmenys\" \/>\n<meta property=\"og:description\" content=\"Aplankas biuro s\u0105siuviniams, u\u017era\u0161\u0173 knygoms arba pratyb\u0173 s\u0105siuviniams. Pagamintas i\u0161 skaidraus plastiko su spalvotu kra\u0161tu vienoje pus\u0117je. Formatas: A4 Matmenys: 30 x 43.7 cm Kilm\u0117s \u0161alis: Lenkija\" \/>\n<meta property=\"og:url\" content=\"https:\/\/rutana.lt\/en\/product\/aplankas-a4-sasiuviniams-spalvotu-krastu-biurfol-ozk-02\/\" \/>\n<meta property=\"og:site_name\" content=\"Rutana - Ra\u0161tin\u0117s reikmenys\" \/>\n<meta property=\"article:publisher\" content=\"https:\/\/www.facebook.com\/RutanaKanceliarinesPrekes\/\" \/>\n<meta property=\"article:modified_time\" content=\"2025-10-13T13:53:20+00:00\" \/>\n<meta property=\"og:image\" content=\"https:\/\/rutana.lt\/wp-content\/uploads\/2025\/09\/D028-051.jpg\" \/>\n\t<meta property=\"og:image:width\" content=\"1400\" \/>\n\t<meta property=\"og:image:height\" content=\"1024\" \/>\n\t<meta property=\"og:image:type\" content=\"image\/jpeg\" \/>\n<meta name=\"twitter:card\" content=\"summary_large_image\" \/>\n<script type=\"application\/ld+json\" class=\"yoast-schema-graph\">{\"@context\":\"https:\\\/\\\/schema.org\",\"@graph\":[{\"@type\":\"WebPage\",\"@id\":\"https:\\\/\\\/rutana.lt\\\/produktas\\\/aplankas-a4-sasiuviniams-spalvotu-krastu-biurfol-ozk-02\\\/\",\"url\":\"https:\\\/\\\/rutana.lt\\\/produktas\\\/aplankas-a4-sasiuviniams-spalvotu-krastu-biurfol-ozk-02\\\/\",\"name\":\"Aplankas A4 s\u0105siuviniams spalvotu kra\u0161tu Biurfol OZK-02 - Rutana - Ra\u0161tin\u0117s reikmenys\",\"isPartOf\":{\"@id\":\"https:\\\/\\\/rutana.lt\\\/#website\"},\"primaryImageOfPage\":{\"@id\":\"https:\\\/\\\/rutana.lt\\\/produktas\\\/aplankas-a4-sasiuviniams-spalvotu-krastu-biurfol-ozk-02\\\/#primaryimage\"},\"image\":{\"@id\":\"https:\\\/\\\/rutana.lt\\\/produktas\\\/aplankas-a4-sasiuviniams-spalvotu-krastu-biurfol-ozk-02\\\/#primaryimage\"},\"thumbnailUrl\":\"https:\\\/\\\/rutana.lt\\\/wp-content\\\/uploads\\\/2025\\\/09\\\/D028-051-2.jpg?v=1763564933\",\"datePublished\":\"2025-09-03T07:50:41+00:00\",\"dateModified\":\"2025-10-13T13:53:20+00:00\",\"breadcrumb\":{\"@id\":\"https:\\\/\\\/rutana.lt\\\/produktas\\\/aplankas-a4-sasiuviniams-spalvotu-krastu-biurfol-ozk-02\\\/#breadcrumb\"},\"inLanguage\":\"en-US\",\"potentialAction\":[{\"@type\":\"ReadAction\",\"target\":[\"https:\\\/\\\/rutana.lt\\\/produktas\\\/aplankas-a4-sasiuviniams-spalvotu-krastu-biurfol-ozk-02\\\/\"]}]},{\"@type\":\"ImageObject\",\"inLanguage\":\"en-US\",\"@id\":\"https:\\\/\\\/rutana.lt\\\/produktas\\\/aplankas-a4-sasiuviniams-spalvotu-krastu-biurfol-ozk-02\\\/#primaryimage\",\"url\":\"https:\\\/\\\/rutana.lt\\\/wp-content\\\/uploads\\\/2025\\\/09\\\/D028-051-2.jpg?v=1763564933\",\"contentUrl\":\"https:\\\/\\\/rutana.lt\\\/wp-content\\\/uploads\\\/2025\\\/09\\\/D028-051-2.jpg?v=1763564933\",\"width\":1400,\"height\":1024},{\"@type\":\"BreadcrumbList\",\"@id\":\"https:\\\/\\\/rutana.lt\\\/produktas\\\/aplankas-a4-sasiuviniams-spalvotu-krastu-biurfol-ozk-02\\\/#breadcrumb\",\"itemListElement\":[{\"@type\":\"ListItem\",\"position\":1,\"name\":\"Home\",\"item\":\"https:\\\/\\\/rutana.lt\\\/\"},{\"@type\":\"ListItem\",\"position\":2,\"name\":\"Parduotuv\u0117\",\"item\":\"https:\\\/\\\/rutana.lt\\\/parduotuve\\\/\"},{\"@type\":\"ListItem\",\"position\":3,\"name\":\"Aplankas A4 s\u0105siuviniams spalvotu kra\u0161tu Biurfol OZK-02\"}]},{\"@type\":\"WebSite\",\"@id\":\"https:\\\/\\\/rutana.lt\\\/#website\",\"url\":\"https:\\\/\\\/rutana.lt\\\/\",\"name\":\"Rutana - Ra\u0161tin\u0117s reikmenys\",\"description\":\"Prekiaujame pasaulin\u0117je rinkoje pripa\u017eintomis, kokybi\u0161komis biuro prek\u0117mis toki\u0173  gamintoj\u0173 kaip: Schneider, Esselte, Novus, 3M, Faber-Castell, Citizen, Milan, Leitz, Colop, Zebra, Staedtler, Durable, Tork, Parker, Waterman ir kt.\",\"publisher\":{\"@id\":\"https:\\\/\\\/rutana.lt\\\/#organization\"},\"potentialAction\":[{\"@type\":\"SearchAction\",\"target\":{\"@type\":\"EntryPoint\",\"urlTemplate\":\"https:\\\/\\\/rutana.lt\\\/?s={search_term_string}\"},\"query-input\":{\"@type\":\"PropertyValueSpecification\",\"valueRequired\":true,\"valueName\":\"search_term_string\"}}],\"inLanguage\":\"en-US\"},{\"@type\":\"Organization\",\"@id\":\"https:\\\/\\\/rutana.lt\\\/#organization\",\"name\":\"Rutana - Ra\u0161tin\u0117s reikmenys\",\"url\":\"https:\\\/\\\/rutana.lt\\\/\",\"logo\":{\"@type\":\"ImageObject\",\"inLanguage\":\"en-US\",\"@id\":\"https:\\\/\\\/rutana.lt\\\/#\\\/schema\\\/logo\\\/image\\\/\",\"url\":\"https:\\\/\\\/rutana.lt\\\/wp-content\\\/uploads\\\/2025\\\/10\\\/Asset-32.png\",\"contentUrl\":\"https:\\\/\\\/rutana.lt\\\/wp-content\\\/uploads\\\/2025\\\/10\\\/Asset-32.png\",\"width\":433,\"height\":119,\"caption\":\"Rutana - Ra\u0161tin\u0117s reikmenys\"},\"image\":{\"@id\":\"https:\\\/\\\/rutana.lt\\\/#\\\/schema\\\/logo\\\/image\\\/\"},\"sameAs\":[\"https:\\\/\\\/www.facebook.com\\\/RutanaKanceliarinesPrekes\\\/\"]}]}<\/script>\n<!-- \/ Yoast SEO plugin. -->","yoast_head_json":{"title":"Aplankas A4 s\u0105siuviniams spalvotu kra\u0161tu Biurfol OZK-02 - Rutana - Ra\u0161tin\u0117s reikmenys","robots":{"index":"index","follow":"follow","max-snippet":"max-snippet:-1","max-image-preview":"max-image-preview:large","max-video-preview":"max-video-preview:-1"},"canonical":"https:\/\/rutana.lt\/en\/product\/aplankas-a4-sasiuviniams-spalvotu-krastu-biurfol-ozk-02\/","og_locale":"en_US","og_type":"article","og_title":"Aplankas A4 s\u0105siuviniams spalvotu kra\u0161tu Biurfol OZK-02 - Rutana - Ra\u0161tin\u0117s reikmenys","og_description":"Aplankas biuro s\u0105siuviniams, u\u017era\u0161\u0173 knygoms arba pratyb\u0173 s\u0105siuviniams. Pagamintas i\u0161 skaidraus plastiko su spalvotu kra\u0161tu vienoje pus\u0117je. Formatas: A4 Matmenys: 30 x 43.7 cm Kilm\u0117s \u0161alis: Lenkija","og_url":"https:\/\/rutana.lt\/en\/product\/aplankas-a4-sasiuviniams-spalvotu-krastu-biurfol-ozk-02\/","og_site_name":"Rutana - Ra\u0161tin\u0117s reikmenys","article_publisher":"https:\/\/www.facebook.com\/RutanaKanceliarinesPrekes\/","article_modified_time":"2025-10-13T13:53:20+00:00","og_image":[{"width":1400,"height":1024,"url":"https:\/\/rutana.lt\/wp-content\/uploads\/2025\/09\/D028-051.jpg","type":"image\/jpeg"}],"twitter_card":"summary_large_image","schema":{"@context":"https:\/\/schema.org","@graph":[{"@type":"WebPage","@id":"https:\/\/rutana.lt\/produktas\/aplankas-a4-sasiuviniams-spalvotu-krastu-biurfol-ozk-02\/","url":"https:\/\/rutana.lt\/produktas\/aplankas-a4-sasiuviniams-spalvotu-krastu-biurfol-ozk-02\/","name":"Aplankas A4 s\u0105siuviniams spalvotu kra\u0161tu Biurfol OZK-02 - Rutana - Ra\u0161tin\u0117s reikmenys","isPartOf":{"@id":"https:\/\/rutana.lt\/#website"},"primaryImageOfPage":{"@id":"https:\/\/rutana.lt\/produktas\/aplankas-a4-sasiuviniams-spalvotu-krastu-biurfol-ozk-02\/#primaryimage"},"image":{"@id":"https:\/\/rutana.lt\/produktas\/aplankas-a4-sasiuviniams-spalvotu-krastu-biurfol-ozk-02\/#primaryimage"},"thumbnailUrl":"https:\/\/rutana.lt\/wp-content\/uploads\/2025\/09\/D028-051-2.jpg?v=1763564933","datePublished":"2025-09-03T07:50:41+00:00","dateModified":"2025-10-13T13:53:20+00:00","breadcrumb":{"@id":"https:\/\/rutana.lt\/produktas\/aplankas-a4-sasiuviniams-spalvotu-krastu-biurfol-ozk-02\/#breadcrumb"},"inLanguage":"en-US","potentialAction":[{"@type":"ReadAction","target":["https:\/\/rutana.lt\/produktas\/aplankas-a4-sasiuviniams-spalvotu-krastu-biurfol-ozk-02\/"]}]},{"@type":"ImageObject","inLanguage":"en-US","@id":"https:\/\/rutana.lt\/produktas\/aplankas-a4-sasiuviniams-spalvotu-krastu-biurfol-ozk-02\/#primaryimage","url":"https:\/\/rutana.lt\/wp-content\/uploads\/2025\/09\/D028-051-2.jpg?v=1763564933","contentUrl":"https:\/\/rutana.lt\/wp-content\/uploads\/2025\/09\/D028-051-2.jpg?v=1763564933","width":1400,"height":1024},{"@type":"BreadcrumbList","@id":"https:\/\/rutana.lt\/produktas\/aplankas-a4-sasiuviniams-spalvotu-krastu-biurfol-ozk-02\/#breadcrumb","itemListElement":[{"@type":"ListItem","position":1,"name":"Home","item":"https:\/\/rutana.lt\/"},{"@type":"ListItem","position":2,"name":"Parduotuv\u0117","item":"https:\/\/rutana.lt\/parduotuve\/"},{"@type":"ListItem","position":3,"name":"Aplankas A4 s\u0105siuviniams spalvotu kra\u0161tu Biurfol OZK-02"}]},{"@type":"WebSite","@id":"https:\/\/rutana.lt\/#website","url":"https:\/\/rutana.lt\/","name":"Rutana - Ra\u0161tin\u0117s reikmenys","description":"Prekiaujame pasaulin\u0117je rinkoje pripa\u017eintomis, kokybi\u0161komis biuro prek\u0117mis toki\u0173  gamintoj\u0173 kaip: Schneider, Esselte, Novus, 3M, Faber-Castell, Citizen, Milan, Leitz, Colop, Zebra, Staedtler, Durable, Tork, Parker, Waterman ir kt.","publisher":{"@id":"https:\/\/rutana.lt\/#organization"},"potentialAction":[{"@type":"SearchAction","target":{"@type":"EntryPoint","urlTemplate":"https:\/\/rutana.lt\/?s={search_term_string}"},"query-input":{"@type":"PropertyValueSpecification","valueRequired":true,"valueName":"search_term_string"}}],"inLanguage":"en-US"},{"@type":"Organization","@id":"https:\/\/rutana.lt\/#organization","name":"Rutana - Ra\u0161tin\u0117s reikmenys","url":"https:\/\/rutana.lt\/","logo":{"@type":"ImageObject","inLanguage":"en-US","@id":"https:\/\/rutana.lt\/#\/schema\/logo\/image\/","url":"https:\/\/rutana.lt\/wp-content\/uploads\/2025\/10\/Asset-32.png","contentUrl":"https:\/\/rutana.lt\/wp-content\/uploads\/2025\/10\/Asset-32.png","width":433,"height":119,"caption":"Rutana - Ra\u0161tin\u0117s reikmenys"},"image":{"@id":"https:\/\/rutana.lt\/#\/schema\/logo\/image\/"},"sameAs":["https:\/\/www.facebook.com\/RutanaKanceliarinesPrekes\/"]}]}},"_links":{"self":[{"href":"https:\/\/rutana.lt\/en\/wp-json\/wp\/v2\/product\/17240","targetHints":{"allow":["GET"]}}],"collection":[{"href":"https:\/\/rutana.lt\/en\/wp-json\/wp\/v2\/product"}],"about":[{"href":"https:\/\/rutana.lt\/en\/wp-json\/wp\/v2\/types\/product"}],"replies":[{"embeddable":true,"href":"https:\/\/rutana.lt\/en\/wp-json\/wp\/v2\/comments?post=17240"}],"version-history":[{"count":1,"href":"https:\/\/rutana.lt\/en\/wp-json\/wp\/v2\/product\/17240\/revisions"}],"predecessor-version":[{"id":17280,"href":"https:\/\/rutana.lt\/en\/wp-json\/wp\/v2\/product\/17240\/revisions\/17280"}],"wp:featuredmedia":[{"embeddable":true,"href":"https:\/\/rutana.lt\/en\/wp-json\/wp\/v2\/media\/29336"}],"wp:attachment":[{"href":"https:\/\/rutana.lt\/en\/wp-json\/wp\/v2\/media?parent=17240"}],"wp:term":[{"taxonomy":"product_brand","embeddable":true,"href":"https:\/\/rutana.lt\/en\/wp-json\/wp\/v2\/product_brand?post=17240"},{"taxonomy":"product_cat","embeddable":true,"href":"https:\/\/rutana.lt\/en\/wp-json\/wp\/v2\/product_cat?post=17240"},{"taxonomy":"product_tag","embeddable":true,"href":"https:\/\/rutana.lt\/en\/wp-json\/wp\/v2\/product_tag?post=17240"}],"curies":[{"name":"wp","href":"https:\/\/api.w.org\/{rel}","templated":true}]}}