{"id":17206,"date":"2025-09-03T09:50:19","date_gmt":"2025-09-03T07:50:19","guid":{"rendered":"https:\/\/rutana.webdemo.lt\/?post_type=product&#038;p=17206"},"modified":"2025-10-13T15:53:19","modified_gmt":"2025-10-13T13:53:19","slug":"rasiklis-one-change-0-6mm-melynas-schneider-183703","status":"publish","type":"product","link":"https:\/\/rutana.lt\/en\/product\/rasiklis-one-change-0-6mm-melynas-schneider-183703\/","title":{"rendered":"Ra\u0161iklis One Change 0.6mm m\u0117lynas Schneider 183703"},"content":{"rendered":"<p>Ra\u0161ikl\u012f galima papildyti kei\u010diama \u201eOne Change\u201c kapsule su \u201eUltra-Smooth\u201c antgaliu, kad ra\u0161ymas b\u016bt\u0173 geriausias. Linijos plotis apytiksl. 0.6 mm, ra\u0161alas, atsparus vandeniui pagal ra\u0161alo standart\u0105 ISO 14145-2. Novatori\u0161ka Super-Flow-System garantuoja tolyg\u0173 ra\u0161alo sraut\u0105 nuo prad\u017eios iki pabaigos. Ra\u0161alas nei\u0161d\u017ei\u016bsta net nu\u0117mus dangtel\u012f 2\u20133 dienas, be to, jis greitai d\u017ei\u016bsta ir nesutepa. \u201eOne Change\u201c turi tvirt\u0105 metalin\u012f segtuk\u0105 ir gumin\u0119 rankenos zon\u0105, kuri u\u017etikrina patikim\u0105 laikym\u0105, kad gal\u0117tum\u0117te ramiai ra\u0161yti.<\/p>\n<p>Br\u0117\u017eio storis: 0.6 mm<\/p>\n<p>Tu\u0161o spalva: m\u0117lyna <\/p>\n<p>Kilm\u0117s \u0161alis: Vokietija<\/p>\n<p><\/p>\n<\/p>\n<p><\/p>","protected":false},"excerpt":{"rendered":"<p>Ra\u0161ikl\u012f galima papildyti kei\u010diama \u201eOne Change\u201c kapsule su \u201eUltra-Smooth\u201c antgaliu, kad ra\u0161ymas b\u016bt\u0173 geriausias. Linijos plotis apytiksl. 0.6 mm, ra\u0161alas, atsparus vandeniui pagal ra\u0161alo standart\u0105 ISO 14145-2. Novatori\u0161ka Super-Flow-System garantuoja tolyg\u0173 ra\u0161alo sraut\u0105 nuo prad\u017eios iki pabaigos. Ra\u0161alas nei\u0161d\u017ei\u016bsta net nu\u0117mus dangtel\u012f 2\u20133 dienas, be to, jis greitai d\u017ei\u016bsta ir nesutepa. \u201eOne Change\u201c turi tvirt\u0105 [&hellip;]<\/p>","protected":false},"featured_media":29334,"comment_status":"open","ping_status":"closed","template":"","meta":{"_season_start":"","_season_end":"","_season_days":"","_season_months":"","_season_auto_visibility":""},"product_brand":[202],"product_cat":[1749],"product_tag":[],"class_list":{"0":"post-17206","1":"product","2":"type-product","3":"status-publish","4":"has-post-thumbnail","6":"product_brand-schneider","7":"product_cat-vienkartiniai-rasikliai","9":"first","10":"instock","11":"taxable","12":"shipping-taxable","13":"purchasable","14":"product-type-simple"},"yoast_head":"<!-- This site is optimized with the Yoast SEO plugin v26.1.1 - https:\/\/yoast.com\/wordpress\/plugins\/seo\/ -->\n<title>Ra\u0161iklis One Change 0.6mm m\u0117lynas Schneider 183703 - Rutana - Ra\u0161tin\u0117s reikmenys<\/title>\n<meta name=\"robots\" content=\"index, follow, max-snippet:-1, max-image-preview:large, max-video-preview:-1\" \/>\n<link rel=\"canonical\" href=\"https:\/\/rutana.lt\/en\/product\/rasiklis-one-change-0-6mm-melynas-schneider-183703\/\" \/>\n<meta property=\"og:locale\" content=\"en_US\" \/>\n<meta property=\"og:type\" content=\"article\" \/>\n<meta property=\"og:title\" content=\"Ra\u0161iklis One Change 0.6mm m\u0117lynas Schneider 183703 - Rutana - Ra\u0161tin\u0117s reikmenys\" \/>\n<meta property=\"og:description\" content=\"Ra\u0161ikl\u012f galima papildyti kei\u010diama \u201eOne Change\u201c kapsule su \u201eUltra-Smooth\u201c antgaliu, kad ra\u0161ymas b\u016bt\u0173 geriausias. Linijos plotis apytiksl. 0.6 mm, ra\u0161alas, atsparus vandeniui pagal ra\u0161alo standart\u0105 ISO 14145-2. Novatori\u0161ka Super-Flow-System garantuoja tolyg\u0173 ra\u0161alo sraut\u0105 nuo prad\u017eios iki pabaigos. Ra\u0161alas nei\u0161d\u017ei\u016bsta net nu\u0117mus dangtel\u012f 2\u20133 dienas, be to, jis greitai d\u017ei\u016bsta ir nesutepa. \u201eOne Change\u201c turi tvirt\u0105 [&hellip;]\" \/>\n<meta property=\"og:url\" content=\"https:\/\/rutana.lt\/en\/product\/rasiklis-one-change-0-6mm-melynas-schneider-183703\/\" \/>\n<meta property=\"og:site_name\" content=\"Rutana - Ra\u0161tin\u0117s reikmenys\" \/>\n<meta property=\"article:publisher\" content=\"https:\/\/www.facebook.com\/RutanaKanceliarinesPrekes\/\" \/>\n<meta property=\"article:modified_time\" content=\"2025-10-13T13:53:19+00:00\" \/>\n<meta property=\"og:image\" content=\"https:\/\/rutana.lt\/wp-content\/uploads\/2025\/09\/C035-050.jpg\" \/>\n\t<meta property=\"og:image:width\" content=\"1024\" \/>\n\t<meta property=\"og:image:height\" content=\"1024\" \/>\n\t<meta property=\"og:image:type\" content=\"image\/jpeg\" \/>\n<meta name=\"twitter:card\" content=\"summary_large_image\" \/>\n<script type=\"application\/ld+json\" class=\"yoast-schema-graph\">{\"@context\":\"https:\/\/schema.org\",\"@graph\":[{\"@type\":\"WebPage\",\"@id\":\"https:\/\/rutana.lt\/produktas\/rasiklis-one-change-0-6mm-melynas-schneider-183703\/\",\"url\":\"https:\/\/rutana.lt\/produktas\/rasiklis-one-change-0-6mm-melynas-schneider-183703\/\",\"name\":\"Ra\u0161iklis One Change 0.6mm m\u0117lynas Schneider 183703 - Rutana - Ra\u0161tin\u0117s reikmenys\",\"isPartOf\":{\"@id\":\"https:\/\/rutana.lt\/#website\"},\"primaryImageOfPage\":{\"@id\":\"https:\/\/rutana.lt\/produktas\/rasiklis-one-change-0-6mm-melynas-schneider-183703\/#primaryimage\"},\"image\":{\"@id\":\"https:\/\/rutana.lt\/produktas\/rasiklis-one-change-0-6mm-melynas-schneider-183703\/#primaryimage\"},\"thumbnailUrl\":\"https:\/\/rutana.lt\/wp-content\/uploads\/2025\/09\/C035-050-2.jpg?v=1763564936\",\"datePublished\":\"2025-09-03T07:50:19+00:00\",\"dateModified\":\"2025-10-13T13:53:19+00:00\",\"breadcrumb\":{\"@id\":\"https:\/\/rutana.lt\/produktas\/rasiklis-one-change-0-6mm-melynas-schneider-183703\/#breadcrumb\"},\"inLanguage\":\"en-US\",\"potentialAction\":[{\"@type\":\"ReadAction\",\"target\":[\"https:\/\/rutana.lt\/produktas\/rasiklis-one-change-0-6mm-melynas-schneider-183703\/\"]}]},{\"@type\":\"ImageObject\",\"inLanguage\":\"en-US\",\"@id\":\"https:\/\/rutana.lt\/produktas\/rasiklis-one-change-0-6mm-melynas-schneider-183703\/#primaryimage\",\"url\":\"https:\/\/rutana.lt\/wp-content\/uploads\/2025\/09\/C035-050-2.jpg?v=1763564936\",\"contentUrl\":\"https:\/\/rutana.lt\/wp-content\/uploads\/2025\/09\/C035-050-2.jpg?v=1763564936\",\"width\":1024,\"height\":1024},{\"@type\":\"BreadcrumbList\",\"@id\":\"https:\/\/rutana.lt\/produktas\/rasiklis-one-change-0-6mm-melynas-schneider-183703\/#breadcrumb\",\"itemListElement\":[{\"@type\":\"ListItem\",\"position\":1,\"name\":\"Home\",\"item\":\"https:\/\/rutana.lt\/\"},{\"@type\":\"ListItem\",\"position\":2,\"name\":\"Parduotuv\u0117\",\"item\":\"https:\/\/rutana.lt\/parduotuve\/\"},{\"@type\":\"ListItem\",\"position\":3,\"name\":\"Ra\u0161iklis One Change 0.6mm m\u0117lynas Schneider 183703\"}]},{\"@type\":\"WebSite\",\"@id\":\"https:\/\/rutana.lt\/#website\",\"url\":\"https:\/\/rutana.lt\/\",\"name\":\"Rutana - Ra\u0161tin\u0117s reikmenys\",\"description\":\"Prekiaujame pasaulin\u0117je rinkoje pripa\u017eintomis, kokybi\u0161komis biuro prek\u0117mis toki\u0173  gamintoj\u0173 kaip: Schneider, Esselte, Novus, 3M, Faber-Castell, Citizen, Milan, Leitz, Colop, Zebra, Staedtler, Durable, Tork, Parker, Waterman ir kt.\",\"publisher\":{\"@id\":\"https:\/\/rutana.lt\/#organization\"},\"potentialAction\":[{\"@type\":\"SearchAction\",\"target\":{\"@type\":\"EntryPoint\",\"urlTemplate\":\"https:\/\/rutana.lt\/?s={search_term_string}\"},\"query-input\":{\"@type\":\"PropertyValueSpecification\",\"valueRequired\":true,\"valueName\":\"search_term_string\"}}],\"inLanguage\":\"en-US\"},{\"@type\":\"Organization\",\"@id\":\"https:\/\/rutana.lt\/#organization\",\"name\":\"Rutana - Ra\u0161tin\u0117s reikmenys\",\"url\":\"https:\/\/rutana.lt\/\",\"logo\":{\"@type\":\"ImageObject\",\"inLanguage\":\"en-US\",\"@id\":\"https:\/\/rutana.lt\/#\/schema\/logo\/image\/\",\"url\":\"https:\/\/rutana.lt\/wp-content\/uploads\/2025\/10\/Asset-32.png\",\"contentUrl\":\"https:\/\/rutana.lt\/wp-content\/uploads\/2025\/10\/Asset-32.png\",\"width\":433,\"height\":119,\"caption\":\"Rutana - Ra\u0161tin\u0117s reikmenys\"},\"image\":{\"@id\":\"https:\/\/rutana.lt\/#\/schema\/logo\/image\/\"},\"sameAs\":[\"https:\/\/www.facebook.com\/RutanaKanceliarinesPrekes\/\"]}]}<\/script>\n<!-- \/ Yoast SEO plugin. -->","yoast_head_json":{"title":"Ra\u0161iklis One Change 0.6mm m\u0117lynas Schneider 183703 - Rutana - Ra\u0161tin\u0117s reikmenys","robots":{"index":"index","follow":"follow","max-snippet":"max-snippet:-1","max-image-preview":"max-image-preview:large","max-video-preview":"max-video-preview:-1"},"canonical":"https:\/\/rutana.lt\/en\/product\/rasiklis-one-change-0-6mm-melynas-schneider-183703\/","og_locale":"en_US","og_type":"article","og_title":"Ra\u0161iklis One Change 0.6mm m\u0117lynas Schneider 183703 - Rutana - Ra\u0161tin\u0117s reikmenys","og_description":"Ra\u0161ikl\u012f galima papildyti kei\u010diama \u201eOne Change\u201c kapsule su \u201eUltra-Smooth\u201c antgaliu, kad ra\u0161ymas b\u016bt\u0173 geriausias. Linijos plotis apytiksl. 0.6 mm, ra\u0161alas, atsparus vandeniui pagal ra\u0161alo standart\u0105 ISO 14145-2. Novatori\u0161ka Super-Flow-System garantuoja tolyg\u0173 ra\u0161alo sraut\u0105 nuo prad\u017eios iki pabaigos. Ra\u0161alas nei\u0161d\u017ei\u016bsta net nu\u0117mus dangtel\u012f 2\u20133 dienas, be to, jis greitai d\u017ei\u016bsta ir nesutepa. \u201eOne Change\u201c turi tvirt\u0105 [&hellip;]","og_url":"https:\/\/rutana.lt\/en\/product\/rasiklis-one-change-0-6mm-melynas-schneider-183703\/","og_site_name":"Rutana - Ra\u0161tin\u0117s reikmenys","article_publisher":"https:\/\/www.facebook.com\/RutanaKanceliarinesPrekes\/","article_modified_time":"2025-10-13T13:53:19+00:00","og_image":[{"width":1024,"height":1024,"url":"https:\/\/rutana.lt\/wp-content\/uploads\/2025\/09\/C035-050.jpg","type":"image\/jpeg"}],"twitter_card":"summary_large_image","schema":{"@context":"https:\/\/schema.org","@graph":[{"@type":"WebPage","@id":"https:\/\/rutana.lt\/produktas\/rasiklis-one-change-0-6mm-melynas-schneider-183703\/","url":"https:\/\/rutana.lt\/produktas\/rasiklis-one-change-0-6mm-melynas-schneider-183703\/","name":"Ra\u0161iklis One Change 0.6mm m\u0117lynas Schneider 183703 - Rutana - Ra\u0161tin\u0117s reikmenys","isPartOf":{"@id":"https:\/\/rutana.lt\/#website"},"primaryImageOfPage":{"@id":"https:\/\/rutana.lt\/produktas\/rasiklis-one-change-0-6mm-melynas-schneider-183703\/#primaryimage"},"image":{"@id":"https:\/\/rutana.lt\/produktas\/rasiklis-one-change-0-6mm-melynas-schneider-183703\/#primaryimage"},"thumbnailUrl":"https:\/\/rutana.lt\/wp-content\/uploads\/2025\/09\/C035-050-2.jpg?v=1763564936","datePublished":"2025-09-03T07:50:19+00:00","dateModified":"2025-10-13T13:53:19+00:00","breadcrumb":{"@id":"https:\/\/rutana.lt\/produktas\/rasiklis-one-change-0-6mm-melynas-schneider-183703\/#breadcrumb"},"inLanguage":"en-US","potentialAction":[{"@type":"ReadAction","target":["https:\/\/rutana.lt\/produktas\/rasiklis-one-change-0-6mm-melynas-schneider-183703\/"]}]},{"@type":"ImageObject","inLanguage":"en-US","@id":"https:\/\/rutana.lt\/produktas\/rasiklis-one-change-0-6mm-melynas-schneider-183703\/#primaryimage","url":"https:\/\/rutana.lt\/wp-content\/uploads\/2025\/09\/C035-050-2.jpg?v=1763564936","contentUrl":"https:\/\/rutana.lt\/wp-content\/uploads\/2025\/09\/C035-050-2.jpg?v=1763564936","width":1024,"height":1024},{"@type":"BreadcrumbList","@id":"https:\/\/rutana.lt\/produktas\/rasiklis-one-change-0-6mm-melynas-schneider-183703\/#breadcrumb","itemListElement":[{"@type":"ListItem","position":1,"name":"Home","item":"https:\/\/rutana.lt\/"},{"@type":"ListItem","position":2,"name":"Parduotuv\u0117","item":"https:\/\/rutana.lt\/parduotuve\/"},{"@type":"ListItem","position":3,"name":"Ra\u0161iklis One Change 0.6mm m\u0117lynas Schneider 183703"}]},{"@type":"WebSite","@id":"https:\/\/rutana.lt\/#website","url":"https:\/\/rutana.lt\/","name":"Rutana - Ra\u0161tin\u0117s reikmenys","description":"Prekiaujame pasaulin\u0117je rinkoje pripa\u017eintomis, kokybi\u0161komis biuro prek\u0117mis toki\u0173  gamintoj\u0173 kaip: Schneider, Esselte, Novus, 3M, Faber-Castell, Citizen, Milan, Leitz, Colop, Zebra, Staedtler, Durable, Tork, Parker, Waterman ir kt.","publisher":{"@id":"https:\/\/rutana.lt\/#organization"},"potentialAction":[{"@type":"SearchAction","target":{"@type":"EntryPoint","urlTemplate":"https:\/\/rutana.lt\/?s={search_term_string}"},"query-input":{"@type":"PropertyValueSpecification","valueRequired":true,"valueName":"search_term_string"}}],"inLanguage":"en-US"},{"@type":"Organization","@id":"https:\/\/rutana.lt\/#organization","name":"Rutana - Ra\u0161tin\u0117s reikmenys","url":"https:\/\/rutana.lt\/","logo":{"@type":"ImageObject","inLanguage":"en-US","@id":"https:\/\/rutana.lt\/#\/schema\/logo\/image\/","url":"https:\/\/rutana.lt\/wp-content\/uploads\/2025\/10\/Asset-32.png","contentUrl":"https:\/\/rutana.lt\/wp-content\/uploads\/2025\/10\/Asset-32.png","width":433,"height":119,"caption":"Rutana - Ra\u0161tin\u0117s reikmenys"},"image":{"@id":"https:\/\/rutana.lt\/#\/schema\/logo\/image\/"},"sameAs":["https:\/\/www.facebook.com\/RutanaKanceliarinesPrekes\/"]}]}},"_links":{"self":[{"href":"https:\/\/rutana.lt\/en\/wp-json\/wp\/v2\/product\/17206","targetHints":{"allow":["GET"]}}],"collection":[{"href":"https:\/\/rutana.lt\/en\/wp-json\/wp\/v2\/product"}],"about":[{"href":"https:\/\/rutana.lt\/en\/wp-json\/wp\/v2\/types\/product"}],"replies":[{"embeddable":true,"href":"https:\/\/rutana.lt\/en\/wp-json\/wp\/v2\/comments?post=17206"}],"version-history":[{"count":1,"href":"https:\/\/rutana.lt\/en\/wp-json\/wp\/v2\/product\/17206\/revisions"}],"predecessor-version":[{"id":17276,"href":"https:\/\/rutana.lt\/en\/wp-json\/wp\/v2\/product\/17206\/revisions\/17276"}],"wp:featuredmedia":[{"embeddable":true,"href":"https:\/\/rutana.lt\/en\/wp-json\/wp\/v2\/media\/29334"}],"wp:attachment":[{"href":"https:\/\/rutana.lt\/en\/wp-json\/wp\/v2\/media?parent=17206"}],"wp:term":[{"taxonomy":"product_brand","embeddable":true,"href":"https:\/\/rutana.lt\/en\/wp-json\/wp\/v2\/product_brand?post=17206"},{"taxonomy":"product_cat","embeddable":true,"href":"https:\/\/rutana.lt\/en\/wp-json\/wp\/v2\/product_cat?post=17206"},{"taxonomy":"product_tag","embeddable":true,"href":"https:\/\/rutana.lt\/en\/wp-json\/wp\/v2\/product_tag?post=17206"}],"curies":[{"name":"wp","href":"https:\/\/api.w.org\/{rel}","templated":true}]}}