{"id":17203,"date":"2025-09-03T09:50:19","date_gmt":"2025-09-03T07:50:19","guid":{"rendered":"https:\/\/rutana.webdemo.lt\/?post_type=product&#038;p=17203"},"modified":"2025-10-13T15:53:17","modified_gmt":"2025-10-13T13:53:17","slug":"tusinukas-stickgrip-neon-r-301-0-7mm-melynas-erichkrause-42751","status":"publish","type":"product","link":"https:\/\/rutana.lt\/en\/product\/tusinukas-stickgrip-neon-r-301-0-7mm-melynas-erichkrause-42751\/","title":{"rendered":"Tu\u0161inukas &#8222;Stick&#038;Grip&#8221; Neon R-301 0.7mm m\u0117lynas ErichKrause 42751"},"content":{"rendered":"<p>Klasikinis \u201eStick&#038;Grip\u201c tu\u0161inukas su standartinio tipo antgaliu ir kei\u010diamu u\u017epildu. Ra\u0161iklis turi nepermatom\u0105 \u0161e\u0161iakamp\u012f ry\u0161ki\u0173 neonini\u0173 spalv\u0173 korpus\u0105 su patogia profiliuota gumos rankena ir ventiliuojamu dangteliu. Dangtelio, rankenos ir ki\u0161tuko spalva atitinka ra\u0161alo spalv\u0105. Penki\u0173 kanal\u0173 antgalis su 0.7 mm rutuliuko skersmeniu kartu su greitai d\u017ei\u016bstan\u010diu ra\u0161alu u\u017etikrina mink\u0161t\u0105 ir greit\u0105 ra\u0161ym\u0105. I\u0161tisin\u0117s linijos ilgis yra 2000 m, o plotis 0.35 mm, o tai yra vienas did\u017eiausi\u0173 rodikli\u0173 savo kategorijoje. Modelis R-301 Stick&#038;Grip Neon turi atpa\u017e\u012fstam\u0105 patentuot\u0105 form\u0105 ir tapo vienu perkamiausi\u0173 ErichKrause tu\u0161inuk\u0173 asortimento daugiau nei penkiasde\u0161imtyje pasaulio \u0161ali\u0173.<\/p>\n<p>\u0160erdel\u0117s antgalio storis: 0.7 mm<\/p>\n<p>Br\u0117\u017eio storis: 0.35 mm<\/p>\n<p style=\"margin-bottom: 10px;\">Tu\u0161o spalva: m\u0117lyna<\/p>\n<p style=\"margin-bottom: 10px;\">Korpuso spalva: \u012fvairios<\/p>\n<p style=\"margin-bottom: 10px;\">Kilm\u0117s \u0161alis: Vokietija<\/p>\n<p style=\"margin-bottom: 10px;\"><\/p>\n<p style=\"margin-bottom: 10px;\"><\/p>","protected":false},"excerpt":{"rendered":"<p>Klasikinis \u201eStick&#038;Grip\u201c tu\u0161inukas su standartinio tipo antgaliu ir kei\u010diamu u\u017epildu. Ra\u0161iklis turi nepermatom\u0105 \u0161e\u0161iakamp\u012f ry\u0161ki\u0173 neonini\u0173 spalv\u0173 korpus\u0105 su patogia profiliuota gumos rankena ir ventiliuojamu dangteliu. Dangtelio, rankenos ir ki\u0161tuko spalva atitinka ra\u0161alo spalv\u0105. Penki\u0173 kanal\u0173 antgalis su 0.7 mm rutuliuko skersmeniu kartu su greitai d\u017ei\u016bstan\u010diu ra\u0161alu u\u017etikrina mink\u0161t\u0105 ir greit\u0105 ra\u0161ym\u0105. I\u0161tisin\u0117s linijos ilgis [&hellip;]<\/p>","protected":false},"featured_media":29331,"comment_status":"open","ping_status":"closed","template":"","meta":{"_season_start":"","_season_end":"","_season_days":"","_season_months":"","_season_auto_visibility":""},"product_brand":[648],"product_cat":[1750],"product_tag":[],"class_list":{"0":"post-17203","1":"product","2":"type-product","3":"status-publish","4":"has-post-thumbnail","6":"product_brand-erichkrause","7":"product_cat-tusinukai","9":"first","10":"instock","11":"taxable","12":"shipping-taxable","13":"purchasable","14":"product-type-simple"},"yoast_head":"<!-- This site is optimized with the Yoast SEO plugin v26.1.1 - https:\/\/yoast.com\/wordpress\/plugins\/seo\/ -->\n<title>Tu\u0161inukas &quot;Stick&amp;Grip&quot; Neon R-301 0.7mm m\u0117lynas ErichKrause 42751 - Rutana - Ra\u0161tin\u0117s reikmenys<\/title>\n<meta name=\"robots\" content=\"index, follow, max-snippet:-1, max-image-preview:large, max-video-preview:-1\" \/>\n<link rel=\"canonical\" href=\"https:\/\/rutana.lt\/en\/product\/tusinukas-stickgrip-neon-r-301-0-7mm-melynas-erichkrause-42751\/\" \/>\n<meta property=\"og:locale\" content=\"en_US\" \/>\n<meta property=\"og:type\" content=\"article\" \/>\n<meta property=\"og:title\" content=\"Tu\u0161inukas &quot;Stick&amp;Grip&quot; Neon R-301 0.7mm m\u0117lynas ErichKrause 42751 - Rutana - Ra\u0161tin\u0117s reikmenys\" \/>\n<meta property=\"og:description\" content=\"Klasikinis \u201eStick&#038;Grip\u201c tu\u0161inukas su standartinio tipo antgaliu ir kei\u010diamu u\u017epildu. Ra\u0161iklis turi nepermatom\u0105 \u0161e\u0161iakamp\u012f ry\u0161ki\u0173 neonini\u0173 spalv\u0173 korpus\u0105 su patogia profiliuota gumos rankena ir ventiliuojamu dangteliu. Dangtelio, rankenos ir ki\u0161tuko spalva atitinka ra\u0161alo spalv\u0105. Penki\u0173 kanal\u0173 antgalis su 0.7 mm rutuliuko skersmeniu kartu su greitai d\u017ei\u016bstan\u010diu ra\u0161alu u\u017etikrina mink\u0161t\u0105 ir greit\u0105 ra\u0161ym\u0105. I\u0161tisin\u0117s linijos ilgis [&hellip;]\" \/>\n<meta property=\"og:url\" content=\"https:\/\/rutana.lt\/en\/product\/tusinukas-stickgrip-neon-r-301-0-7mm-melynas-erichkrause-42751\/\" \/>\n<meta property=\"og:site_name\" content=\"Rutana - Ra\u0161tin\u0117s reikmenys\" \/>\n<meta property=\"article:publisher\" content=\"https:\/\/www.facebook.com\/RutanaKanceliarinesPrekes\/\" \/>\n<meta property=\"article:modified_time\" content=\"2025-10-13T13:53:17+00:00\" \/>\n<meta property=\"og:image\" content=\"https:\/\/rutana.lt\/wp-content\/uploads\/2025\/09\/C032-068.jpg\" \/>\n\t<meta property=\"og:image:width\" content=\"1024\" \/>\n\t<meta property=\"og:image:height\" content=\"1024\" \/>\n\t<meta property=\"og:image:type\" content=\"image\/jpeg\" \/>\n<meta name=\"twitter:card\" content=\"summary_large_image\" \/>\n<meta name=\"twitter:label1\" content=\"Est. reading time\" \/>\n\t<meta name=\"twitter:data1\" content=\"1 minute\" \/>\n<script type=\"application\/ld+json\" class=\"yoast-schema-graph\">{\"@context\":\"https:\/\/schema.org\",\"@graph\":[{\"@type\":\"WebPage\",\"@id\":\"https:\/\/rutana.lt\/produktas\/tusinukas-stickgrip-neon-r-301-0-7mm-melynas-erichkrause-42751\/\",\"url\":\"https:\/\/rutana.lt\/produktas\/tusinukas-stickgrip-neon-r-301-0-7mm-melynas-erichkrause-42751\/\",\"name\":\"Tu\u0161inukas \\\"Stick&Grip\\\" Neon R-301 0.7mm m\u0117lynas ErichKrause 42751 - Rutana - Ra\u0161tin\u0117s reikmenys\",\"isPartOf\":{\"@id\":\"https:\/\/rutana.lt\/#website\"},\"primaryImageOfPage\":{\"@id\":\"https:\/\/rutana.lt\/produktas\/tusinukas-stickgrip-neon-r-301-0-7mm-melynas-erichkrause-42751\/#primaryimage\"},\"image\":{\"@id\":\"https:\/\/rutana.lt\/produktas\/tusinukas-stickgrip-neon-r-301-0-7mm-melynas-erichkrause-42751\/#primaryimage\"},\"thumbnailUrl\":\"https:\/\/rutana.lt\/wp-content\/uploads\/2025\/09\/C032-068-2.jpg?v=1763564947\",\"datePublished\":\"2025-09-03T07:50:19+00:00\",\"dateModified\":\"2025-10-13T13:53:17+00:00\",\"breadcrumb\":{\"@id\":\"https:\/\/rutana.lt\/produktas\/tusinukas-stickgrip-neon-r-301-0-7mm-melynas-erichkrause-42751\/#breadcrumb\"},\"inLanguage\":\"en-US\",\"potentialAction\":[{\"@type\":\"ReadAction\",\"target\":[\"https:\/\/rutana.lt\/produktas\/tusinukas-stickgrip-neon-r-301-0-7mm-melynas-erichkrause-42751\/\"]}]},{\"@type\":\"ImageObject\",\"inLanguage\":\"en-US\",\"@id\":\"https:\/\/rutana.lt\/produktas\/tusinukas-stickgrip-neon-r-301-0-7mm-melynas-erichkrause-42751\/#primaryimage\",\"url\":\"https:\/\/rutana.lt\/wp-content\/uploads\/2025\/09\/C032-068-2.jpg?v=1763564947\",\"contentUrl\":\"https:\/\/rutana.lt\/wp-content\/uploads\/2025\/09\/C032-068-2.jpg?v=1763564947\",\"width\":1024,\"height\":1024},{\"@type\":\"BreadcrumbList\",\"@id\":\"https:\/\/rutana.lt\/produktas\/tusinukas-stickgrip-neon-r-301-0-7mm-melynas-erichkrause-42751\/#breadcrumb\",\"itemListElement\":[{\"@type\":\"ListItem\",\"position\":1,\"name\":\"Home\",\"item\":\"https:\/\/rutana.lt\/\"},{\"@type\":\"ListItem\",\"position\":2,\"name\":\"Parduotuv\u0117\",\"item\":\"https:\/\/rutana.lt\/parduotuve\/\"},{\"@type\":\"ListItem\",\"position\":3,\"name\":\"Tu\u0161inukas &#8222;Stick&#038;Grip&#8221; Neon R-301 0.7mm m\u0117lynas ErichKrause 42751\"}]},{\"@type\":\"WebSite\",\"@id\":\"https:\/\/rutana.lt\/#website\",\"url\":\"https:\/\/rutana.lt\/\",\"name\":\"Rutana - Ra\u0161tin\u0117s reikmenys\",\"description\":\"Prekiaujame pasaulin\u0117je rinkoje pripa\u017eintomis, kokybi\u0161komis biuro prek\u0117mis toki\u0173  gamintoj\u0173 kaip: Schneider, Esselte, Novus, 3M, Faber-Castell, Citizen, Milan, Leitz, Colop, Zebra, Staedtler, Durable, Tork, Parker, Waterman ir kt.\",\"publisher\":{\"@id\":\"https:\/\/rutana.lt\/#organization\"},\"potentialAction\":[{\"@type\":\"SearchAction\",\"target\":{\"@type\":\"EntryPoint\",\"urlTemplate\":\"https:\/\/rutana.lt\/?s={search_term_string}\"},\"query-input\":{\"@type\":\"PropertyValueSpecification\",\"valueRequired\":true,\"valueName\":\"search_term_string\"}}],\"inLanguage\":\"en-US\"},{\"@type\":\"Organization\",\"@id\":\"https:\/\/rutana.lt\/#organization\",\"name\":\"Rutana - Ra\u0161tin\u0117s reikmenys\",\"url\":\"https:\/\/rutana.lt\/\",\"logo\":{\"@type\":\"ImageObject\",\"inLanguage\":\"en-US\",\"@id\":\"https:\/\/rutana.lt\/#\/schema\/logo\/image\/\",\"url\":\"https:\/\/rutana.lt\/wp-content\/uploads\/2025\/10\/Asset-32.png\",\"contentUrl\":\"https:\/\/rutana.lt\/wp-content\/uploads\/2025\/10\/Asset-32.png\",\"width\":433,\"height\":119,\"caption\":\"Rutana - Ra\u0161tin\u0117s reikmenys\"},\"image\":{\"@id\":\"https:\/\/rutana.lt\/#\/schema\/logo\/image\/\"},\"sameAs\":[\"https:\/\/www.facebook.com\/RutanaKanceliarinesPrekes\/\"]}]}<\/script>\n<!-- \/ Yoast SEO plugin. -->","yoast_head_json":{"title":"Tu\u0161inukas \"Stick&Grip\" Neon R-301 0.7mm m\u0117lynas ErichKrause 42751 - Rutana - Ra\u0161tin\u0117s reikmenys","robots":{"index":"index","follow":"follow","max-snippet":"max-snippet:-1","max-image-preview":"max-image-preview:large","max-video-preview":"max-video-preview:-1"},"canonical":"https:\/\/rutana.lt\/en\/product\/tusinukas-stickgrip-neon-r-301-0-7mm-melynas-erichkrause-42751\/","og_locale":"en_US","og_type":"article","og_title":"Tu\u0161inukas \"Stick&Grip\" Neon R-301 0.7mm m\u0117lynas ErichKrause 42751 - Rutana - Ra\u0161tin\u0117s reikmenys","og_description":"Klasikinis \u201eStick&#038;Grip\u201c tu\u0161inukas su standartinio tipo antgaliu ir kei\u010diamu u\u017epildu. Ra\u0161iklis turi nepermatom\u0105 \u0161e\u0161iakamp\u012f ry\u0161ki\u0173 neonini\u0173 spalv\u0173 korpus\u0105 su patogia profiliuota gumos rankena ir ventiliuojamu dangteliu. Dangtelio, rankenos ir ki\u0161tuko spalva atitinka ra\u0161alo spalv\u0105. Penki\u0173 kanal\u0173 antgalis su 0.7 mm rutuliuko skersmeniu kartu su greitai d\u017ei\u016bstan\u010diu ra\u0161alu u\u017etikrina mink\u0161t\u0105 ir greit\u0105 ra\u0161ym\u0105. I\u0161tisin\u0117s linijos ilgis [&hellip;]","og_url":"https:\/\/rutana.lt\/en\/product\/tusinukas-stickgrip-neon-r-301-0-7mm-melynas-erichkrause-42751\/","og_site_name":"Rutana - Ra\u0161tin\u0117s reikmenys","article_publisher":"https:\/\/www.facebook.com\/RutanaKanceliarinesPrekes\/","article_modified_time":"2025-10-13T13:53:17+00:00","og_image":[{"width":1024,"height":1024,"url":"https:\/\/rutana.lt\/wp-content\/uploads\/2025\/09\/C032-068.jpg","type":"image\/jpeg"}],"twitter_card":"summary_large_image","twitter_misc":{"Est. reading time":"1 minute"},"schema":{"@context":"https:\/\/schema.org","@graph":[{"@type":"WebPage","@id":"https:\/\/rutana.lt\/produktas\/tusinukas-stickgrip-neon-r-301-0-7mm-melynas-erichkrause-42751\/","url":"https:\/\/rutana.lt\/produktas\/tusinukas-stickgrip-neon-r-301-0-7mm-melynas-erichkrause-42751\/","name":"Tu\u0161inukas \"Stick&Grip\" Neon R-301 0.7mm m\u0117lynas ErichKrause 42751 - Rutana - Ra\u0161tin\u0117s reikmenys","isPartOf":{"@id":"https:\/\/rutana.lt\/#website"},"primaryImageOfPage":{"@id":"https:\/\/rutana.lt\/produktas\/tusinukas-stickgrip-neon-r-301-0-7mm-melynas-erichkrause-42751\/#primaryimage"},"image":{"@id":"https:\/\/rutana.lt\/produktas\/tusinukas-stickgrip-neon-r-301-0-7mm-melynas-erichkrause-42751\/#primaryimage"},"thumbnailUrl":"https:\/\/rutana.lt\/wp-content\/uploads\/2025\/09\/C032-068-2.jpg?v=1763564947","datePublished":"2025-09-03T07:50:19+00:00","dateModified":"2025-10-13T13:53:17+00:00","breadcrumb":{"@id":"https:\/\/rutana.lt\/produktas\/tusinukas-stickgrip-neon-r-301-0-7mm-melynas-erichkrause-42751\/#breadcrumb"},"inLanguage":"en-US","potentialAction":[{"@type":"ReadAction","target":["https:\/\/rutana.lt\/produktas\/tusinukas-stickgrip-neon-r-301-0-7mm-melynas-erichkrause-42751\/"]}]},{"@type":"ImageObject","inLanguage":"en-US","@id":"https:\/\/rutana.lt\/produktas\/tusinukas-stickgrip-neon-r-301-0-7mm-melynas-erichkrause-42751\/#primaryimage","url":"https:\/\/rutana.lt\/wp-content\/uploads\/2025\/09\/C032-068-2.jpg?v=1763564947","contentUrl":"https:\/\/rutana.lt\/wp-content\/uploads\/2025\/09\/C032-068-2.jpg?v=1763564947","width":1024,"height":1024},{"@type":"BreadcrumbList","@id":"https:\/\/rutana.lt\/produktas\/tusinukas-stickgrip-neon-r-301-0-7mm-melynas-erichkrause-42751\/#breadcrumb","itemListElement":[{"@type":"ListItem","position":1,"name":"Home","item":"https:\/\/rutana.lt\/"},{"@type":"ListItem","position":2,"name":"Parduotuv\u0117","item":"https:\/\/rutana.lt\/parduotuve\/"},{"@type":"ListItem","position":3,"name":"Tu\u0161inukas &#8222;Stick&#038;Grip&#8221; Neon R-301 0.7mm m\u0117lynas ErichKrause 42751"}]},{"@type":"WebSite","@id":"https:\/\/rutana.lt\/#website","url":"https:\/\/rutana.lt\/","name":"Rutana - Ra\u0161tin\u0117s reikmenys","description":"Prekiaujame pasaulin\u0117je rinkoje pripa\u017eintomis, kokybi\u0161komis biuro prek\u0117mis toki\u0173  gamintoj\u0173 kaip: Schneider, Esselte, Novus, 3M, Faber-Castell, Citizen, Milan, Leitz, Colop, Zebra, Staedtler, Durable, Tork, Parker, Waterman ir kt.","publisher":{"@id":"https:\/\/rutana.lt\/#organization"},"potentialAction":[{"@type":"SearchAction","target":{"@type":"EntryPoint","urlTemplate":"https:\/\/rutana.lt\/?s={search_term_string}"},"query-input":{"@type":"PropertyValueSpecification","valueRequired":true,"valueName":"search_term_string"}}],"inLanguage":"en-US"},{"@type":"Organization","@id":"https:\/\/rutana.lt\/#organization","name":"Rutana - Ra\u0161tin\u0117s reikmenys","url":"https:\/\/rutana.lt\/","logo":{"@type":"ImageObject","inLanguage":"en-US","@id":"https:\/\/rutana.lt\/#\/schema\/logo\/image\/","url":"https:\/\/rutana.lt\/wp-content\/uploads\/2025\/10\/Asset-32.png","contentUrl":"https:\/\/rutana.lt\/wp-content\/uploads\/2025\/10\/Asset-32.png","width":433,"height":119,"caption":"Rutana - Ra\u0161tin\u0117s reikmenys"},"image":{"@id":"https:\/\/rutana.lt\/#\/schema\/logo\/image\/"},"sameAs":["https:\/\/www.facebook.com\/RutanaKanceliarinesPrekes\/"]}]}},"_links":{"self":[{"href":"https:\/\/rutana.lt\/en\/wp-json\/wp\/v2\/product\/17203","targetHints":{"allow":["GET"]}}],"collection":[{"href":"https:\/\/rutana.lt\/en\/wp-json\/wp\/v2\/product"}],"about":[{"href":"https:\/\/rutana.lt\/en\/wp-json\/wp\/v2\/types\/product"}],"replies":[{"embeddable":true,"href":"https:\/\/rutana.lt\/en\/wp-json\/wp\/v2\/comments?post=17203"}],"version-history":[{"count":1,"href":"https:\/\/rutana.lt\/en\/wp-json\/wp\/v2\/product\/17203\/revisions"}],"predecessor-version":[{"id":17270,"href":"https:\/\/rutana.lt\/en\/wp-json\/wp\/v2\/product\/17203\/revisions\/17270"}],"wp:featuredmedia":[{"embeddable":true,"href":"https:\/\/rutana.lt\/en\/wp-json\/wp\/v2\/media\/29331"}],"wp:attachment":[{"href":"https:\/\/rutana.lt\/en\/wp-json\/wp\/v2\/media?parent=17203"}],"wp:term":[{"taxonomy":"product_brand","embeddable":true,"href":"https:\/\/rutana.lt\/en\/wp-json\/wp\/v2\/product_brand?post=17203"},{"taxonomy":"product_cat","embeddable":true,"href":"https:\/\/rutana.lt\/en\/wp-json\/wp\/v2\/product_cat?post=17203"},{"taxonomy":"product_tag","embeddable":true,"href":"https:\/\/rutana.lt\/en\/wp-json\/wp\/v2\/product_tag?post=17203"}],"curies":[{"name":"wp","href":"https:\/\/api.w.org\/{rel}","templated":true}]}}