{"id":17201,"date":"2025-09-03T09:50:18","date_gmt":"2025-09-03T07:50:18","guid":{"rendered":"https:\/\/rutana.webdemo.lt\/?post_type=product&#038;p=17201"},"modified":"2026-03-30T17:13:37","modified_gmt":"2026-03-30T15:13:37","slug":"ruloninis-popierius-pramonei-170m-baltas-tork-130062","status":"publish","type":"product","link":"https:\/\/rutana.lt\/en\/product\/ruloninis-popierius-pramonei-170m-baltas-tork-130062\/","title":{"rendered":"Ruloninis popierius pramonei 170m baltas Tork 130062"},"content":{"rendered":"<p>Dvisluoksnis ypa\u010d atsparus \u0161luostymo popierius \u201eTork\u201c puikiai tinka skys\u010diams sugerti ir rankoms sausinti. \u0160\u012f popieri\u0173 galima naudoti su \u201eTork Floor Stand\u201c ant grind\u0173 pastatomais arba \u201eTork Wall Stand\u201c sieniniais dozatoriais, kurie yra saug\u016bs, veiksmingi ir patikimi, arba \u201eTork Maxi Centerfeed\u201c dozatoriais, kuri\u0173 konstrukcija leid\u017eia lengviau paimti popieriaus viena ranka. Universalus \u2013 tinka bendriems valymo darbams, kuriems reikia stipri\u0173 ir sugerian\u010di\u0173 \u0161luos\u010di\u0173. D\u0117l savo tvirtos tekst\u016bros ir puikaus sugeriamumo jis puikiai tinka alyvai, tepalui ir purvui \u0161alinti. Labai patvarios \u0161luost\u0117s \u2013 lieka stiprios, net kai sudr\u0117ksta, galima naudoti pakartotinai.<\/p>\n<p>Kokyb\u0117: Premium<\/p>\n<p>Ritinio ilgis: 170 m<\/p>\n<p>Lapelio ilgis: 34 cm<\/p>\n<p>Lapelio plotis: 23.5 cm<\/p>\n<p>Lapeli\u0173 kiekis: 500<\/p>\n<p>Ritinio \u0161erdies skersmuo: 7.1 cm<\/p>\n<p>Ritinio skersmuo: 26.2 cm<\/p>\n<p>Sluoksniai: 2<\/p>\n<p>Med\u017eiaga: \u0161vie\u017eias pluo\u0161tas<\/p>\n<p>Spalva: balta<\/p>\n<p>Laikikli\u0173 laikymo sistema: W2 &#8211; \u0160luos\u010di\u0173 ritini\u0173 sistema, W1 &#8211; Kabinama ant sienos arba ant grind\u0173 statoma \u0161luos\u010di\u0173 sistema<\/p>\n<p>&nbsp;<\/p>","protected":false},"excerpt":{"rendered":"<p>Dvisluoksnis ypa\u010d atsparus \u0161luostymo popierius \u201eTork\u201c puikiai tinka skys\u010diams sugerti ir rankoms sausinti.<\/p>","protected":false},"featured_media":29329,"comment_status":"open","ping_status":"closed","template":"","meta":{"_season_start":"","_season_end":"","_season_days":"","_season_months":"","_season_auto_visibility":"1"},"product_brand":[231],"product_cat":[1620],"product_tag":[],"class_list":{"0":"post-17201","1":"product","2":"type-product","3":"status-publish","4":"has-post-thumbnail","6":"product_brand-tork","7":"product_cat-popieriniai-ranksluosciai","9":"first","10":"instock","11":"taxable","12":"shipping-taxable","13":"purchasable","14":"product-type-simple"},"yoast_head":"<!-- This site is optimized with the Yoast SEO plugin v26.1.1 - https:\/\/yoast.com\/wordpress\/plugins\/seo\/ -->\n<title>Ruloninis popierius pramonei 170m baltas Tork 130062 - Rutana - Ra\u0161tin\u0117s reikmenys<\/title>\n<meta name=\"robots\" content=\"index, follow, max-snippet:-1, max-image-preview:large, max-video-preview:-1\" \/>\n<link rel=\"canonical\" href=\"https:\/\/rutana.lt\/en\/product\/ruloninis-popierius-pramonei-170m-baltas-tork-130062\/\" \/>\n<meta property=\"og:locale\" content=\"en_US\" \/>\n<meta property=\"og:type\" content=\"article\" \/>\n<meta property=\"og:title\" content=\"Ruloninis popierius pramonei 170m baltas Tork 130062 - Rutana - Ra\u0161tin\u0117s reikmenys\" \/>\n<meta property=\"og:description\" content=\"Dvisluoksnis ypa\u010d atsparus \u0161luostymo popierius \u201eTork\u201c puikiai tinka skys\u010diams sugerti ir rankoms sausinti.\" \/>\n<meta property=\"og:url\" content=\"https:\/\/rutana.lt\/en\/product\/ruloninis-popierius-pramonei-170m-baltas-tork-130062\/\" \/>\n<meta property=\"og:site_name\" content=\"Rutana - Ra\u0161tin\u0117s reikmenys\" \/>\n<meta property=\"article:publisher\" content=\"https:\/\/www.facebook.com\/RutanaKanceliarinesPrekes\/\" \/>\n<meta property=\"article:modified_time\" content=\"2026-03-30T15:13:37+00:00\" \/>\n<meta property=\"og:image\" content=\"https:\/\/rutana.lt\/wp-content\/uploads\/2025\/09\/A082-111-1.jpg?v=1763564952\" \/>\n\t<meta property=\"og:image:width\" content=\"1043\" \/>\n\t<meta property=\"og:image:height\" content=\"1021\" \/>\n\t<meta property=\"og:image:type\" content=\"image\/jpeg\" \/>\n<meta name=\"twitter:card\" content=\"summary_large_image\" \/>\n<meta name=\"twitter:label1\" content=\"Est. reading time\" \/>\n\t<meta name=\"twitter:data1\" content=\"1 minute\" \/>\n<script type=\"application\/ld+json\" class=\"yoast-schema-graph\">{\"@context\":\"https:\/\/schema.org\",\"@graph\":[{\"@type\":\"WebPage\",\"@id\":\"https:\/\/rutana.lt\/produktas\/ruloninis-popierius-pramonei-170m-baltas-tork-130062\/\",\"url\":\"https:\/\/rutana.lt\/produktas\/ruloninis-popierius-pramonei-170m-baltas-tork-130062\/\",\"name\":\"Ruloninis popierius pramonei 170m baltas Tork 130062 - Rutana - Ra\u0161tin\u0117s reikmenys\",\"isPartOf\":{\"@id\":\"https:\/\/rutana.lt\/#website\"},\"primaryImageOfPage\":{\"@id\":\"https:\/\/rutana.lt\/produktas\/ruloninis-popierius-pramonei-170m-baltas-tork-130062\/#primaryimage\"},\"image\":{\"@id\":\"https:\/\/rutana.lt\/produktas\/ruloninis-popierius-pramonei-170m-baltas-tork-130062\/#primaryimage\"},\"thumbnailUrl\":\"https:\/\/rutana.lt\/wp-content\/uploads\/2025\/09\/A082-111-1.jpg?v=1763564952\",\"datePublished\":\"2025-09-03T07:50:18+00:00\",\"dateModified\":\"2026-03-30T15:13:37+00:00\",\"breadcrumb\":{\"@id\":\"https:\/\/rutana.lt\/produktas\/ruloninis-popierius-pramonei-170m-baltas-tork-130062\/#breadcrumb\"},\"inLanguage\":\"en-US\",\"potentialAction\":[{\"@type\":\"ReadAction\",\"target\":[\"https:\/\/rutana.lt\/produktas\/ruloninis-popierius-pramonei-170m-baltas-tork-130062\/\"]}]},{\"@type\":\"ImageObject\",\"inLanguage\":\"en-US\",\"@id\":\"https:\/\/rutana.lt\/produktas\/ruloninis-popierius-pramonei-170m-baltas-tork-130062\/#primaryimage\",\"url\":\"https:\/\/rutana.lt\/wp-content\/uploads\/2025\/09\/A082-111-1.jpg?v=1763564952\",\"contentUrl\":\"https:\/\/rutana.lt\/wp-content\/uploads\/2025\/09\/A082-111-1.jpg?v=1763564952\",\"width\":1043,\"height\":1021},{\"@type\":\"BreadcrumbList\",\"@id\":\"https:\/\/rutana.lt\/produktas\/ruloninis-popierius-pramonei-170m-baltas-tork-130062\/#breadcrumb\",\"itemListElement\":[{\"@type\":\"ListItem\",\"position\":1,\"name\":\"Home\",\"item\":\"https:\/\/rutana.lt\/\"},{\"@type\":\"ListItem\",\"position\":2,\"name\":\"Parduotuv\u0117\",\"item\":\"https:\/\/rutana.lt\/parduotuve\/\"},{\"@type\":\"ListItem\",\"position\":3,\"name\":\"Ruloninis popierius pramonei 170m baltas Tork 130062\"}]},{\"@type\":\"WebSite\",\"@id\":\"https:\/\/rutana.lt\/#website\",\"url\":\"https:\/\/rutana.lt\/\",\"name\":\"Rutana - Ra\u0161tin\u0117s reikmenys\",\"description\":\"Prekiaujame pasaulin\u0117je rinkoje pripa\u017eintomis, kokybi\u0161komis biuro prek\u0117mis toki\u0173  gamintoj\u0173 kaip: Schneider, Esselte, Novus, 3M, Faber-Castell, Citizen, Milan, Leitz, Colop, Zebra, Staedtler, Durable, Tork, Parker, Waterman ir kt.\",\"publisher\":{\"@id\":\"https:\/\/rutana.lt\/#organization\"},\"potentialAction\":[{\"@type\":\"SearchAction\",\"target\":{\"@type\":\"EntryPoint\",\"urlTemplate\":\"https:\/\/rutana.lt\/?s={search_term_string}\"},\"query-input\":{\"@type\":\"PropertyValueSpecification\",\"valueRequired\":true,\"valueName\":\"search_term_string\"}}],\"inLanguage\":\"en-US\"},{\"@type\":\"Organization\",\"@id\":\"https:\/\/rutana.lt\/#organization\",\"name\":\"Rutana - Ra\u0161tin\u0117s reikmenys\",\"url\":\"https:\/\/rutana.lt\/\",\"logo\":{\"@type\":\"ImageObject\",\"inLanguage\":\"en-US\",\"@id\":\"https:\/\/rutana.lt\/#\/schema\/logo\/image\/\",\"url\":\"https:\/\/rutana.lt\/wp-content\/uploads\/2025\/10\/Asset-32.png\",\"contentUrl\":\"https:\/\/rutana.lt\/wp-content\/uploads\/2025\/10\/Asset-32.png\",\"width\":433,\"height\":119,\"caption\":\"Rutana - Ra\u0161tin\u0117s reikmenys\"},\"image\":{\"@id\":\"https:\/\/rutana.lt\/#\/schema\/logo\/image\/\"},\"sameAs\":[\"https:\/\/www.facebook.com\/RutanaKanceliarinesPrekes\/\"]}]}<\/script>\n<!-- \/ Yoast SEO plugin. -->","yoast_head_json":{"title":"Ruloninis popierius pramonei 170m baltas Tork 130062 - Rutana - Ra\u0161tin\u0117s reikmenys","robots":{"index":"index","follow":"follow","max-snippet":"max-snippet:-1","max-image-preview":"max-image-preview:large","max-video-preview":"max-video-preview:-1"},"canonical":"https:\/\/rutana.lt\/en\/product\/ruloninis-popierius-pramonei-170m-baltas-tork-130062\/","og_locale":"en_US","og_type":"article","og_title":"Ruloninis popierius pramonei 170m baltas Tork 130062 - Rutana - Ra\u0161tin\u0117s reikmenys","og_description":"Dvisluoksnis ypa\u010d atsparus \u0161luostymo popierius \u201eTork\u201c puikiai tinka skys\u010diams sugerti ir rankoms sausinti.","og_url":"https:\/\/rutana.lt\/en\/product\/ruloninis-popierius-pramonei-170m-baltas-tork-130062\/","og_site_name":"Rutana - Ra\u0161tin\u0117s reikmenys","article_publisher":"https:\/\/www.facebook.com\/RutanaKanceliarinesPrekes\/","article_modified_time":"2026-03-30T15:13:37+00:00","og_image":[{"width":1043,"height":1021,"url":"https:\/\/rutana.lt\/wp-content\/uploads\/2025\/09\/A082-111-1.jpg?v=1763564952","type":"image\/jpeg"}],"twitter_card":"summary_large_image","twitter_misc":{"Est. reading time":"1 minute"},"schema":{"@context":"https:\/\/schema.org","@graph":[{"@type":"WebPage","@id":"https:\/\/rutana.lt\/produktas\/ruloninis-popierius-pramonei-170m-baltas-tork-130062\/","url":"https:\/\/rutana.lt\/produktas\/ruloninis-popierius-pramonei-170m-baltas-tork-130062\/","name":"Ruloninis popierius pramonei 170m baltas Tork 130062 - Rutana - Ra\u0161tin\u0117s reikmenys","isPartOf":{"@id":"https:\/\/rutana.lt\/#website"},"primaryImageOfPage":{"@id":"https:\/\/rutana.lt\/produktas\/ruloninis-popierius-pramonei-170m-baltas-tork-130062\/#primaryimage"},"image":{"@id":"https:\/\/rutana.lt\/produktas\/ruloninis-popierius-pramonei-170m-baltas-tork-130062\/#primaryimage"},"thumbnailUrl":"https:\/\/rutana.lt\/wp-content\/uploads\/2025\/09\/A082-111-1.jpg?v=1763564952","datePublished":"2025-09-03T07:50:18+00:00","dateModified":"2026-03-30T15:13:37+00:00","breadcrumb":{"@id":"https:\/\/rutana.lt\/produktas\/ruloninis-popierius-pramonei-170m-baltas-tork-130062\/#breadcrumb"},"inLanguage":"en-US","potentialAction":[{"@type":"ReadAction","target":["https:\/\/rutana.lt\/produktas\/ruloninis-popierius-pramonei-170m-baltas-tork-130062\/"]}]},{"@type":"ImageObject","inLanguage":"en-US","@id":"https:\/\/rutana.lt\/produktas\/ruloninis-popierius-pramonei-170m-baltas-tork-130062\/#primaryimage","url":"https:\/\/rutana.lt\/wp-content\/uploads\/2025\/09\/A082-111-1.jpg?v=1763564952","contentUrl":"https:\/\/rutana.lt\/wp-content\/uploads\/2025\/09\/A082-111-1.jpg?v=1763564952","width":1043,"height":1021},{"@type":"BreadcrumbList","@id":"https:\/\/rutana.lt\/produktas\/ruloninis-popierius-pramonei-170m-baltas-tork-130062\/#breadcrumb","itemListElement":[{"@type":"ListItem","position":1,"name":"Home","item":"https:\/\/rutana.lt\/"},{"@type":"ListItem","position":2,"name":"Parduotuv\u0117","item":"https:\/\/rutana.lt\/parduotuve\/"},{"@type":"ListItem","position":3,"name":"Ruloninis popierius pramonei 170m baltas Tork 130062"}]},{"@type":"WebSite","@id":"https:\/\/rutana.lt\/#website","url":"https:\/\/rutana.lt\/","name":"Rutana - Ra\u0161tin\u0117s reikmenys","description":"Prekiaujame pasaulin\u0117je rinkoje pripa\u017eintomis, kokybi\u0161komis biuro prek\u0117mis toki\u0173  gamintoj\u0173 kaip: Schneider, Esselte, Novus, 3M, Faber-Castell, Citizen, Milan, Leitz, Colop, Zebra, Staedtler, Durable, Tork, Parker, Waterman ir kt.","publisher":{"@id":"https:\/\/rutana.lt\/#organization"},"potentialAction":[{"@type":"SearchAction","target":{"@type":"EntryPoint","urlTemplate":"https:\/\/rutana.lt\/?s={search_term_string}"},"query-input":{"@type":"PropertyValueSpecification","valueRequired":true,"valueName":"search_term_string"}}],"inLanguage":"en-US"},{"@type":"Organization","@id":"https:\/\/rutana.lt\/#organization","name":"Rutana - Ra\u0161tin\u0117s reikmenys","url":"https:\/\/rutana.lt\/","logo":{"@type":"ImageObject","inLanguage":"en-US","@id":"https:\/\/rutana.lt\/#\/schema\/logo\/image\/","url":"https:\/\/rutana.lt\/wp-content\/uploads\/2025\/10\/Asset-32.png","contentUrl":"https:\/\/rutana.lt\/wp-content\/uploads\/2025\/10\/Asset-32.png","width":433,"height":119,"caption":"Rutana - Ra\u0161tin\u0117s reikmenys"},"image":{"@id":"https:\/\/rutana.lt\/#\/schema\/logo\/image\/"},"sameAs":["https:\/\/www.facebook.com\/RutanaKanceliarinesPrekes\/"]}]}},"_links":{"self":[{"href":"https:\/\/rutana.lt\/en\/wp-json\/wp\/v2\/product\/17201","targetHints":{"allow":["GET"]}}],"collection":[{"href":"https:\/\/rutana.lt\/en\/wp-json\/wp\/v2\/product"}],"about":[{"href":"https:\/\/rutana.lt\/en\/wp-json\/wp\/v2\/types\/product"}],"replies":[{"embeddable":true,"href":"https:\/\/rutana.lt\/en\/wp-json\/wp\/v2\/comments?post=17201"}],"version-history":[{"count":3,"href":"https:\/\/rutana.lt\/en\/wp-json\/wp\/v2\/product\/17201\/revisions"}],"predecessor-version":[{"id":35470,"href":"https:\/\/rutana.lt\/en\/wp-json\/wp\/v2\/product\/17201\/revisions\/35470"}],"wp:featuredmedia":[{"embeddable":true,"href":"https:\/\/rutana.lt\/en\/wp-json\/wp\/v2\/media\/29329"}],"wp:attachment":[{"href":"https:\/\/rutana.lt\/en\/wp-json\/wp\/v2\/media?parent=17201"}],"wp:term":[{"taxonomy":"product_brand","embeddable":true,"href":"https:\/\/rutana.lt\/en\/wp-json\/wp\/v2\/product_brand?post=17201"},{"taxonomy":"product_cat","embeddable":true,"href":"https:\/\/rutana.lt\/en\/wp-json\/wp\/v2\/product_cat?post=17201"},{"taxonomy":"product_tag","embeddable":true,"href":"https:\/\/rutana.lt\/en\/wp-json\/wp\/v2\/product_tag?post=17201"}],"curies":[{"name":"wp","href":"https:\/\/api.w.org\/{rel}","templated":true}]}}