{"id":17197,"date":"2025-09-03T09:50:17","date_gmt":"2025-09-03T07:50:17","guid":{"rendered":"https:\/\/rutana.webdemo.lt\/?post_type=product&#038;p=17197"},"modified":"2025-10-13T15:53:15","modified_gmt":"2025-10-13T13:53:15","slug":"lipnios-etiketes-thermal-eco-40x25mm-1000-etikeciu-baltos-01336","status":"publish","type":"product","link":"https:\/\/rutana.lt\/en\/product\/lipnios-etiketes-thermal-eco-40x25mm-1000-etikeciu-baltos-01336\/","title":{"rendered":"Lipnios etiket\u0117s Thermal Eco 40x25mm 1000 etike\u010di\u0173 baltos 01336"},"content":{"rendered":"<div style=\"\"><span style=\"outline: none !important;\">Thermal Eco popierius<\/span> &#8211; standartinio jautrumo termopopierius tinkantis informacijos spausdinimui tiesioginio \u0161iluminio ( terminio ) perne\u0161imo spausdintuvais arba svarstykl\u0117mis su integruotais spausdintuvais. Informacijos spausdinimui ant \u0161ios \u017ealiavos etike\u010di\u0173 da\u017ejuost\u0117s yra nereikalingos. Thermal Eco popierius n\u0117ra atsparus aplinkos poveikiui ( dr\u0117gmei, \u0161viesai, \u0161ilumai ) ar mechaniniams pa\u017eeidimams ( \u012fbr\u0117\u017eimams, trin\u010diai ), tod\u0117l idealiai tinka trumpo naudojimo etike\u010di\u0173 spausdinimui. Etike\u010di\u0173 ruo\u0161iniai gali b\u016bti naudojami kurjeri\u0173 siunt\u0173 lipduk\u0173, produkt\u0173 apra\u0161ym\u0173 spausdinimui, g\u0117rim\u0173, farmacijos, maisto, chemijos, tabako, elektros, transporto ir kitose srityse.<\/div>\n<div style=\"line-height: 1.8;\">Etike\u010di\u0173 kiekis rulone: 1000 vnt.<br \/>Etiket\u0117s plotis: 40 mm <br \/>Etiket\u0117s auk\u0161tis: 25 mm <br \/>\u012evor\u0117s diametras: 40 mm<br \/>Rulono diametras: 80 mm<br \/>Etiket\u0117s spalva: balta<\/div>\n<div style=\"line-height: 1.8;\">Eili\u0173 skai\u010dius: 1<\/div>\n<div style=\"line-height: 1.8;\">Spausdinimo b\u016bdas: tiesioginis terminis<\/div>\n<div style=\"line-height: 1.8;\">Kaina nurodyta u\u017e 1 rulon\u0105.<\/div>\n<p><\/p>\n<\/p>\n<p><\/p>","protected":false},"excerpt":{"rendered":"<p>Thermal Eco popierius &#8211; standartinio jautrumo termopopierius tinkantis informacijos spausdinimui tiesioginio \u0161iluminio ( terminio ) perne\u0161imo spausdintuvais arba svarstykl\u0117mis su integruotais spausdintuvais. Informacijos spausdinimui ant \u0161ios \u017ealiavos etike\u010di\u0173 da\u017ejuost\u0117s yra nereikalingos. Thermal Eco popierius n\u0117ra atsparus aplinkos poveikiui ( dr\u0117gmei, \u0161viesai, \u0161ilumai ) ar mechaniniams pa\u017eeidimams ( \u012fbr\u0117\u017eimams, trin\u010diai ), tod\u0117l idealiai tinka trumpo naudojimo [&hellip;]<\/p>","protected":false},"featured_media":29325,"comment_status":"open","ping_status":"closed","template":"","meta":{"_season_start":"","_season_end":"","_season_days":"","_season_months":"","_season_auto_visibility":""},"product_brand":[83],"product_cat":[1862],"product_tag":[],"class_list":{"0":"post-17197","1":"product","2":"type-product","3":"status-publish","4":"has-post-thumbnail","6":"product_brand-null","7":"product_cat-kainu-etiketes","9":"first","10":"instock","11":"taxable","12":"shipping-taxable","13":"purchasable","14":"product-type-simple"},"yoast_head":"<!-- This site is optimized with the Yoast SEO plugin v27.4 - https:\/\/yoast.com\/product\/yoast-seo-wordpress\/ -->\n<title>Lipnios etiket\u0117s Thermal Eco 40x25mm 1000 etike\u010di\u0173 baltos 01336 - Rutana - Ra\u0161tin\u0117s reikmenys<\/title>\n<meta name=\"robots\" content=\"index, follow, max-snippet:-1, max-image-preview:large, max-video-preview:-1\" \/>\n<link rel=\"canonical\" href=\"https:\/\/rutana.lt\/en\/product\/lipnios-etiketes-thermal-eco-40x25mm-1000-etikeciu-baltos-01336\/\" \/>\n<meta property=\"og:locale\" content=\"en_US\" \/>\n<meta property=\"og:type\" content=\"article\" \/>\n<meta property=\"og:title\" content=\"Lipnios etiket\u0117s Thermal Eco 40x25mm 1000 etike\u010di\u0173 baltos 01336 - Rutana - Ra\u0161tin\u0117s reikmenys\" \/>\n<meta property=\"og:description\" content=\"Thermal Eco popierius &#8211; standartinio jautrumo termopopierius tinkantis informacijos spausdinimui tiesioginio \u0161iluminio ( terminio ) perne\u0161imo spausdintuvais arba svarstykl\u0117mis su integruotais spausdintuvais. Informacijos spausdinimui ant \u0161ios \u017ealiavos etike\u010di\u0173 da\u017ejuost\u0117s yra nereikalingos. Thermal Eco popierius n\u0117ra atsparus aplinkos poveikiui ( dr\u0117gmei, \u0161viesai, \u0161ilumai ) ar mechaniniams pa\u017eeidimams ( \u012fbr\u0117\u017eimams, trin\u010diai ), tod\u0117l idealiai tinka trumpo naudojimo [&hellip;]\" \/>\n<meta property=\"og:url\" content=\"https:\/\/rutana.lt\/en\/product\/lipnios-etiketes-thermal-eco-40x25mm-1000-etikeciu-baltos-01336\/\" \/>\n<meta property=\"og:site_name\" content=\"Rutana - Ra\u0161tin\u0117s reikmenys\" \/>\n<meta property=\"article:publisher\" content=\"https:\/\/www.facebook.com\/RutanaKanceliarinesPrekes\/\" \/>\n<meta property=\"article:modified_time\" content=\"2025-10-13T13:53:15+00:00\" \/>\n<meta property=\"og:image\" content=\"https:\/\/rutana.lt\/wp-content\/uploads\/2025\/09\/A113-908.jpg\" \/>\n\t<meta property=\"og:image:width\" content=\"1024\" \/>\n\t<meta property=\"og:image:height\" content=\"1024\" \/>\n\t<meta property=\"og:image:type\" content=\"image\/jpeg\" \/>\n<meta name=\"twitter:card\" content=\"summary_large_image\" \/>\n<meta name=\"twitter:label1\" content=\"Est. reading time\" \/>\n\t<meta name=\"twitter:data1\" content=\"1 minute\" \/>\n<script type=\"application\/ld+json\" class=\"yoast-schema-graph\">{\"@context\":\"https:\\\/\\\/schema.org\",\"@graph\":[{\"@type\":\"WebPage\",\"@id\":\"https:\\\/\\\/rutana.lt\\\/produktas\\\/lipnios-etiketes-thermal-eco-40x25mm-1000-etikeciu-baltos-01336\\\/\",\"url\":\"https:\\\/\\\/rutana.lt\\\/produktas\\\/lipnios-etiketes-thermal-eco-40x25mm-1000-etikeciu-baltos-01336\\\/\",\"name\":\"Lipnios etiket\u0117s Thermal Eco 40x25mm 1000 etike\u010di\u0173 baltos 01336 - Rutana - Ra\u0161tin\u0117s reikmenys\",\"isPartOf\":{\"@id\":\"https:\\\/\\\/rutana.lt\\\/#website\"},\"primaryImageOfPage\":{\"@id\":\"https:\\\/\\\/rutana.lt\\\/produktas\\\/lipnios-etiketes-thermal-eco-40x25mm-1000-etikeciu-baltos-01336\\\/#primaryimage\"},\"image\":{\"@id\":\"https:\\\/\\\/rutana.lt\\\/produktas\\\/lipnios-etiketes-thermal-eco-40x25mm-1000-etikeciu-baltos-01336\\\/#primaryimage\"},\"thumbnailUrl\":\"https:\\\/\\\/rutana.lt\\\/wp-content\\\/uploads\\\/2025\\\/09\\\/A113-908-1.jpg?v=1763564958\",\"datePublished\":\"2025-09-03T07:50:17+00:00\",\"dateModified\":\"2025-10-13T13:53:15+00:00\",\"breadcrumb\":{\"@id\":\"https:\\\/\\\/rutana.lt\\\/produktas\\\/lipnios-etiketes-thermal-eco-40x25mm-1000-etikeciu-baltos-01336\\\/#breadcrumb\"},\"inLanguage\":\"en-US\",\"potentialAction\":[{\"@type\":\"ReadAction\",\"target\":[\"https:\\\/\\\/rutana.lt\\\/produktas\\\/lipnios-etiketes-thermal-eco-40x25mm-1000-etikeciu-baltos-01336\\\/\"]}]},{\"@type\":\"ImageObject\",\"inLanguage\":\"en-US\",\"@id\":\"https:\\\/\\\/rutana.lt\\\/produktas\\\/lipnios-etiketes-thermal-eco-40x25mm-1000-etikeciu-baltos-01336\\\/#primaryimage\",\"url\":\"https:\\\/\\\/rutana.lt\\\/wp-content\\\/uploads\\\/2025\\\/09\\\/A113-908-1.jpg?v=1763564958\",\"contentUrl\":\"https:\\\/\\\/rutana.lt\\\/wp-content\\\/uploads\\\/2025\\\/09\\\/A113-908-1.jpg?v=1763564958\",\"width\":1024,\"height\":1024},{\"@type\":\"BreadcrumbList\",\"@id\":\"https:\\\/\\\/rutana.lt\\\/produktas\\\/lipnios-etiketes-thermal-eco-40x25mm-1000-etikeciu-baltos-01336\\\/#breadcrumb\",\"itemListElement\":[{\"@type\":\"ListItem\",\"position\":1,\"name\":\"Home\",\"item\":\"https:\\\/\\\/rutana.lt\\\/\"},{\"@type\":\"ListItem\",\"position\":2,\"name\":\"Parduotuv\u0117\",\"item\":\"https:\\\/\\\/rutana.lt\\\/parduotuve\\\/\"},{\"@type\":\"ListItem\",\"position\":3,\"name\":\"Lipnios etiket\u0117s Thermal Eco 40x25mm 1000 etike\u010di\u0173 baltos 01336\"}]},{\"@type\":\"WebSite\",\"@id\":\"https:\\\/\\\/rutana.lt\\\/#website\",\"url\":\"https:\\\/\\\/rutana.lt\\\/\",\"name\":\"Rutana - Ra\u0161tin\u0117s reikmenys\",\"description\":\"Prekiaujame pasaulin\u0117je rinkoje pripa\u017eintomis, kokybi\u0161komis biuro prek\u0117mis toki\u0173  gamintoj\u0173 kaip: Schneider, Esselte, Novus, 3M, Faber-Castell, Citizen, Milan, Leitz, Colop, Zebra, Staedtler, Durable, Tork, Parker, Waterman ir kt.\",\"publisher\":{\"@id\":\"https:\\\/\\\/rutana.lt\\\/#organization\"},\"potentialAction\":[{\"@type\":\"SearchAction\",\"target\":{\"@type\":\"EntryPoint\",\"urlTemplate\":\"https:\\\/\\\/rutana.lt\\\/?s={search_term_string}\"},\"query-input\":{\"@type\":\"PropertyValueSpecification\",\"valueRequired\":true,\"valueName\":\"search_term_string\"}}],\"inLanguage\":\"en-US\"},{\"@type\":\"Organization\",\"@id\":\"https:\\\/\\\/rutana.lt\\\/#organization\",\"name\":\"Rutana - Ra\u0161tin\u0117s reikmenys\",\"url\":\"https:\\\/\\\/rutana.lt\\\/\",\"logo\":{\"@type\":\"ImageObject\",\"inLanguage\":\"en-US\",\"@id\":\"https:\\\/\\\/rutana.lt\\\/#\\\/schema\\\/logo\\\/image\\\/\",\"url\":\"https:\\\/\\\/rutana.lt\\\/wp-content\\\/uploads\\\/2025\\\/10\\\/Asset-32.png\",\"contentUrl\":\"https:\\\/\\\/rutana.lt\\\/wp-content\\\/uploads\\\/2025\\\/10\\\/Asset-32.png\",\"width\":433,\"height\":119,\"caption\":\"Rutana - Ra\u0161tin\u0117s reikmenys\"},\"image\":{\"@id\":\"https:\\\/\\\/rutana.lt\\\/#\\\/schema\\\/logo\\\/image\\\/\"},\"sameAs\":[\"https:\\\/\\\/www.facebook.com\\\/RutanaKanceliarinesPrekes\\\/\"]}]}<\/script>\n<!-- \/ Yoast SEO plugin. -->","yoast_head_json":{"title":"Lipnios etiket\u0117s Thermal Eco 40x25mm 1000 etike\u010di\u0173 baltos 01336 - Rutana - Ra\u0161tin\u0117s reikmenys","robots":{"index":"index","follow":"follow","max-snippet":"max-snippet:-1","max-image-preview":"max-image-preview:large","max-video-preview":"max-video-preview:-1"},"canonical":"https:\/\/rutana.lt\/en\/product\/lipnios-etiketes-thermal-eco-40x25mm-1000-etikeciu-baltos-01336\/","og_locale":"en_US","og_type":"article","og_title":"Lipnios etiket\u0117s Thermal Eco 40x25mm 1000 etike\u010di\u0173 baltos 01336 - Rutana - Ra\u0161tin\u0117s reikmenys","og_description":"Thermal Eco popierius &#8211; standartinio jautrumo termopopierius tinkantis informacijos spausdinimui tiesioginio \u0161iluminio ( terminio ) perne\u0161imo spausdintuvais arba svarstykl\u0117mis su integruotais spausdintuvais. Informacijos spausdinimui ant \u0161ios \u017ealiavos etike\u010di\u0173 da\u017ejuost\u0117s yra nereikalingos. Thermal Eco popierius n\u0117ra atsparus aplinkos poveikiui ( dr\u0117gmei, \u0161viesai, \u0161ilumai ) ar mechaniniams pa\u017eeidimams ( \u012fbr\u0117\u017eimams, trin\u010diai ), tod\u0117l idealiai tinka trumpo naudojimo [&hellip;]","og_url":"https:\/\/rutana.lt\/en\/product\/lipnios-etiketes-thermal-eco-40x25mm-1000-etikeciu-baltos-01336\/","og_site_name":"Rutana - Ra\u0161tin\u0117s reikmenys","article_publisher":"https:\/\/www.facebook.com\/RutanaKanceliarinesPrekes\/","article_modified_time":"2025-10-13T13:53:15+00:00","og_image":[{"width":1024,"height":1024,"url":"https:\/\/rutana.lt\/wp-content\/uploads\/2025\/09\/A113-908.jpg","type":"image\/jpeg"}],"twitter_card":"summary_large_image","twitter_misc":{"Est. reading time":"1 minute"},"schema":{"@context":"https:\/\/schema.org","@graph":[{"@type":"WebPage","@id":"https:\/\/rutana.lt\/produktas\/lipnios-etiketes-thermal-eco-40x25mm-1000-etikeciu-baltos-01336\/","url":"https:\/\/rutana.lt\/produktas\/lipnios-etiketes-thermal-eco-40x25mm-1000-etikeciu-baltos-01336\/","name":"Lipnios etiket\u0117s Thermal Eco 40x25mm 1000 etike\u010di\u0173 baltos 01336 - Rutana - Ra\u0161tin\u0117s reikmenys","isPartOf":{"@id":"https:\/\/rutana.lt\/#website"},"primaryImageOfPage":{"@id":"https:\/\/rutana.lt\/produktas\/lipnios-etiketes-thermal-eco-40x25mm-1000-etikeciu-baltos-01336\/#primaryimage"},"image":{"@id":"https:\/\/rutana.lt\/produktas\/lipnios-etiketes-thermal-eco-40x25mm-1000-etikeciu-baltos-01336\/#primaryimage"},"thumbnailUrl":"https:\/\/rutana.lt\/wp-content\/uploads\/2025\/09\/A113-908-1.jpg?v=1763564958","datePublished":"2025-09-03T07:50:17+00:00","dateModified":"2025-10-13T13:53:15+00:00","breadcrumb":{"@id":"https:\/\/rutana.lt\/produktas\/lipnios-etiketes-thermal-eco-40x25mm-1000-etikeciu-baltos-01336\/#breadcrumb"},"inLanguage":"en-US","potentialAction":[{"@type":"ReadAction","target":["https:\/\/rutana.lt\/produktas\/lipnios-etiketes-thermal-eco-40x25mm-1000-etikeciu-baltos-01336\/"]}]},{"@type":"ImageObject","inLanguage":"en-US","@id":"https:\/\/rutana.lt\/produktas\/lipnios-etiketes-thermal-eco-40x25mm-1000-etikeciu-baltos-01336\/#primaryimage","url":"https:\/\/rutana.lt\/wp-content\/uploads\/2025\/09\/A113-908-1.jpg?v=1763564958","contentUrl":"https:\/\/rutana.lt\/wp-content\/uploads\/2025\/09\/A113-908-1.jpg?v=1763564958","width":1024,"height":1024},{"@type":"BreadcrumbList","@id":"https:\/\/rutana.lt\/produktas\/lipnios-etiketes-thermal-eco-40x25mm-1000-etikeciu-baltos-01336\/#breadcrumb","itemListElement":[{"@type":"ListItem","position":1,"name":"Home","item":"https:\/\/rutana.lt\/"},{"@type":"ListItem","position":2,"name":"Parduotuv\u0117","item":"https:\/\/rutana.lt\/parduotuve\/"},{"@type":"ListItem","position":3,"name":"Lipnios etiket\u0117s Thermal Eco 40x25mm 1000 etike\u010di\u0173 baltos 01336"}]},{"@type":"WebSite","@id":"https:\/\/rutana.lt\/#website","url":"https:\/\/rutana.lt\/","name":"Rutana - Ra\u0161tin\u0117s reikmenys","description":"Prekiaujame pasaulin\u0117je rinkoje pripa\u017eintomis, kokybi\u0161komis biuro prek\u0117mis toki\u0173  gamintoj\u0173 kaip: Schneider, Esselte, Novus, 3M, Faber-Castell, Citizen, Milan, Leitz, Colop, Zebra, Staedtler, Durable, Tork, Parker, Waterman ir kt.","publisher":{"@id":"https:\/\/rutana.lt\/#organization"},"potentialAction":[{"@type":"SearchAction","target":{"@type":"EntryPoint","urlTemplate":"https:\/\/rutana.lt\/?s={search_term_string}"},"query-input":{"@type":"PropertyValueSpecification","valueRequired":true,"valueName":"search_term_string"}}],"inLanguage":"en-US"},{"@type":"Organization","@id":"https:\/\/rutana.lt\/#organization","name":"Rutana - Ra\u0161tin\u0117s reikmenys","url":"https:\/\/rutana.lt\/","logo":{"@type":"ImageObject","inLanguage":"en-US","@id":"https:\/\/rutana.lt\/#\/schema\/logo\/image\/","url":"https:\/\/rutana.lt\/wp-content\/uploads\/2025\/10\/Asset-32.png","contentUrl":"https:\/\/rutana.lt\/wp-content\/uploads\/2025\/10\/Asset-32.png","width":433,"height":119,"caption":"Rutana - Ra\u0161tin\u0117s reikmenys"},"image":{"@id":"https:\/\/rutana.lt\/#\/schema\/logo\/image\/"},"sameAs":["https:\/\/www.facebook.com\/RutanaKanceliarinesPrekes\/"]}]}},"_links":{"self":[{"href":"https:\/\/rutana.lt\/en\/wp-json\/wp\/v2\/product\/17197","targetHints":{"allow":["GET"]}}],"collection":[{"href":"https:\/\/rutana.lt\/en\/wp-json\/wp\/v2\/product"}],"about":[{"href":"https:\/\/rutana.lt\/en\/wp-json\/wp\/v2\/types\/product"}],"replies":[{"embeddable":true,"href":"https:\/\/rutana.lt\/en\/wp-json\/wp\/v2\/comments?post=17197"}],"version-history":[{"count":1,"href":"https:\/\/rutana.lt\/en\/wp-json\/wp\/v2\/product\/17197\/revisions"}],"predecessor-version":[{"id":17258,"href":"https:\/\/rutana.lt\/en\/wp-json\/wp\/v2\/product\/17197\/revisions\/17258"}],"wp:featuredmedia":[{"embeddable":true,"href":"https:\/\/rutana.lt\/en\/wp-json\/wp\/v2\/media\/29325"}],"wp:attachment":[{"href":"https:\/\/rutana.lt\/en\/wp-json\/wp\/v2\/media?parent=17197"}],"wp:term":[{"taxonomy":"product_brand","embeddable":true,"href":"https:\/\/rutana.lt\/en\/wp-json\/wp\/v2\/product_brand?post=17197"},{"taxonomy":"product_cat","embeddable":true,"href":"https:\/\/rutana.lt\/en\/wp-json\/wp\/v2\/product_cat?post=17197"},{"taxonomy":"product_tag","embeddable":true,"href":"https:\/\/rutana.lt\/en\/wp-json\/wp\/v2\/product_tag?post=17197"}],"curies":[{"name":"wp","href":"https:\/\/api.w.org\/{rel}","templated":true}]}}