{"id":17195,"date":"2025-09-03T09:50:17","date_gmt":"2025-09-03T07:50:17","guid":{"rendered":"https:\/\/rutana.webdemo.lt\/?post_type=product&#038;p=17195"},"modified":"2025-10-13T15:53:14","modified_gmt":"2025-10-13T13:53:14","slug":"plastilininiai-klijai-50g-erichkrause-59666","status":"publish","type":"product","link":"https:\/\/rutana.lt\/en\/product\/plastilininiai-klijai-50g-erichkrause-59666\/","title":{"rendered":"Plastilininiai klijai 50g ErichKrause 59666"},"content":{"rendered":"<p>Lipnus montavimo glaistas. Auk\u0161tas sukibimas. Greitas ir patvarus plakat\u0173, fotografij\u0173 klijavimas, galimyb\u0117 dekoruoti ir pritvirtinti daiktus prie \u012fvairi\u0173 tip\u0173 pavir\u0161i\u0173: stiklo, plyteli\u0173, med\u017eio, plastiko, metalo, marmuro. Daugkartinio naudojimo. Lengvai nuimamas nuo pavir\u0161iaus be pa\u017eeidim\u0173 ar p\u0117dsak\u0173. Sukibimo j\u0117ga priklauso nuo objekto, med\u017eiag\u0173, pavir\u0161iaus tekst\u016bros ir kokybi\u0161ko jo paruo\u0161imo, vienodo apkrovos pasiskirstymo. Rekomenduojamas fiksuot\u0173 objekt\u0173 gylis yra iki 10 mm.<\/p>\n<p>Svoris: 50 g<\/p>\n<p>Spalva: balta<\/p>\n<p>Kilm\u0117s \u0161alis: Malaizija<\/p>","protected":false},"excerpt":{"rendered":"<p>Lipnus montavimo glaistas. Auk\u0161tas sukibimas. Greitas ir patvarus plakat\u0173, fotografij\u0173 klijavimas, galimyb\u0117 dekoruoti ir pritvirtinti daiktus prie \u012fvairi\u0173 tip\u0173 pavir\u0161i\u0173: stiklo, plyteli\u0173, med\u017eio, plastiko, metalo, marmuro. Daugkartinio naudojimo. Lengvai nuimamas nuo pavir\u0161iaus be pa\u017eeidim\u0173 ar p\u0117dsak\u0173. Sukibimo j\u0117ga priklauso nuo objekto, med\u017eiag\u0173, pavir\u0161iaus tekst\u016bros ir kokybi\u0161ko jo paruo\u0161imo, vienodo apkrovos pasiskirstymo. Rekomenduojamas fiksuot\u0173 objekt\u0173 gylis [&hellip;]<\/p>","protected":false},"featured_media":29323,"comment_status":"open","ping_status":"closed","template":"","meta":{"_season_start":"","_season_end":"","_season_days":"","_season_months":"","_season_auto_visibility":""},"product_brand":[648],"product_cat":[1872],"product_tag":[],"class_list":{"0":"post-17195","1":"product","2":"type-product","3":"status-publish","4":"has-post-thumbnail","6":"product_brand-erichkrause","7":"product_cat-plastilininiai-klijai","9":"first","10":"instock","11":"taxable","12":"shipping-taxable","13":"purchasable","14":"product-type-simple"},"yoast_head":"<!-- This site is optimized with the Yoast SEO plugin v26.1.1 - https:\/\/yoast.com\/wordpress\/plugins\/seo\/ -->\n<title>Plastilininiai klijai 50g ErichKrause 59666 - Rutana - Ra\u0161tin\u0117s reikmenys<\/title>\n<meta name=\"robots\" content=\"index, follow, max-snippet:-1, max-image-preview:large, max-video-preview:-1\" \/>\n<link rel=\"canonical\" href=\"https:\/\/rutana.lt\/en\/product\/plastilininiai-klijai-50g-erichkrause-59666\/\" \/>\n<meta property=\"og:locale\" content=\"en_US\" \/>\n<meta property=\"og:type\" content=\"article\" \/>\n<meta property=\"og:title\" content=\"Plastilininiai klijai 50g ErichKrause 59666 - Rutana - Ra\u0161tin\u0117s reikmenys\" \/>\n<meta property=\"og:description\" content=\"Lipnus montavimo glaistas. Auk\u0161tas sukibimas. Greitas ir patvarus plakat\u0173, fotografij\u0173 klijavimas, galimyb\u0117 dekoruoti ir pritvirtinti daiktus prie \u012fvairi\u0173 tip\u0173 pavir\u0161i\u0173: stiklo, plyteli\u0173, med\u017eio, plastiko, metalo, marmuro. Daugkartinio naudojimo. Lengvai nuimamas nuo pavir\u0161iaus be pa\u017eeidim\u0173 ar p\u0117dsak\u0173. Sukibimo j\u0117ga priklauso nuo objekto, med\u017eiag\u0173, pavir\u0161iaus tekst\u016bros ir kokybi\u0161ko jo paruo\u0161imo, vienodo apkrovos pasiskirstymo. Rekomenduojamas fiksuot\u0173 objekt\u0173 gylis [&hellip;]\" \/>\n<meta property=\"og:url\" content=\"https:\/\/rutana.lt\/en\/product\/plastilininiai-klijai-50g-erichkrause-59666\/\" \/>\n<meta property=\"og:site_name\" content=\"Rutana - Ra\u0161tin\u0117s reikmenys\" \/>\n<meta property=\"article:publisher\" content=\"https:\/\/www.facebook.com\/RutanaKanceliarinesPrekes\/\" \/>\n<meta property=\"article:modified_time\" content=\"2025-10-13T13:53:14+00:00\" \/>\n<meta property=\"og:image\" content=\"https:\/\/rutana.lt\/wp-content\/uploads\/2025\/09\/B012-614.jpg\" \/>\n\t<meta property=\"og:image:width\" content=\"1024\" \/>\n\t<meta property=\"og:image:height\" content=\"1024\" \/>\n\t<meta property=\"og:image:type\" content=\"image\/jpeg\" \/>\n<meta name=\"twitter:card\" content=\"summary_large_image\" \/>\n<script type=\"application\/ld+json\" class=\"yoast-schema-graph\">{\"@context\":\"https:\/\/schema.org\",\"@graph\":[{\"@type\":\"WebPage\",\"@id\":\"https:\/\/rutana.lt\/produktas\/plastilininiai-klijai-50g-erichkrause-59666\/\",\"url\":\"https:\/\/rutana.lt\/produktas\/plastilininiai-klijai-50g-erichkrause-59666\/\",\"name\":\"Plastilininiai klijai 50g ErichKrause 59666 - Rutana - Ra\u0161tin\u0117s reikmenys\",\"isPartOf\":{\"@id\":\"https:\/\/rutana.lt\/#website\"},\"primaryImageOfPage\":{\"@id\":\"https:\/\/rutana.lt\/produktas\/plastilininiai-klijai-50g-erichkrause-59666\/#primaryimage\"},\"image\":{\"@id\":\"https:\/\/rutana.lt\/produktas\/plastilininiai-klijai-50g-erichkrause-59666\/#primaryimage\"},\"thumbnailUrl\":\"https:\/\/rutana.lt\/wp-content\/uploads\/2025\/09\/B012-614-1.jpg?v=1763564968\",\"datePublished\":\"2025-09-03T07:50:17+00:00\",\"dateModified\":\"2025-10-13T13:53:14+00:00\",\"breadcrumb\":{\"@id\":\"https:\/\/rutana.lt\/produktas\/plastilininiai-klijai-50g-erichkrause-59666\/#breadcrumb\"},\"inLanguage\":\"en-US\",\"potentialAction\":[{\"@type\":\"ReadAction\",\"target\":[\"https:\/\/rutana.lt\/produktas\/plastilininiai-klijai-50g-erichkrause-59666\/\"]}]},{\"@type\":\"ImageObject\",\"inLanguage\":\"en-US\",\"@id\":\"https:\/\/rutana.lt\/produktas\/plastilininiai-klijai-50g-erichkrause-59666\/#primaryimage\",\"url\":\"https:\/\/rutana.lt\/wp-content\/uploads\/2025\/09\/B012-614-1.jpg?v=1763564968\",\"contentUrl\":\"https:\/\/rutana.lt\/wp-content\/uploads\/2025\/09\/B012-614-1.jpg?v=1763564968\",\"width\":1024,\"height\":1024},{\"@type\":\"BreadcrumbList\",\"@id\":\"https:\/\/rutana.lt\/produktas\/plastilininiai-klijai-50g-erichkrause-59666\/#breadcrumb\",\"itemListElement\":[{\"@type\":\"ListItem\",\"position\":1,\"name\":\"Home\",\"item\":\"https:\/\/rutana.lt\/\"},{\"@type\":\"ListItem\",\"position\":2,\"name\":\"Parduotuv\u0117\",\"item\":\"https:\/\/rutana.lt\/parduotuve\/\"},{\"@type\":\"ListItem\",\"position\":3,\"name\":\"Plastilininiai klijai 50g ErichKrause 59666\"}]},{\"@type\":\"WebSite\",\"@id\":\"https:\/\/rutana.lt\/#website\",\"url\":\"https:\/\/rutana.lt\/\",\"name\":\"Rutana - Ra\u0161tin\u0117s reikmenys\",\"description\":\"Prekiaujame pasaulin\u0117je rinkoje pripa\u017eintomis, kokybi\u0161komis biuro prek\u0117mis toki\u0173  gamintoj\u0173 kaip: Schneider, Esselte, Novus, 3M, Faber-Castell, Citizen, Milan, Leitz, Colop, Zebra, Staedtler, Durable, Tork, Parker, Waterman ir kt.\",\"publisher\":{\"@id\":\"https:\/\/rutana.lt\/#organization\"},\"potentialAction\":[{\"@type\":\"SearchAction\",\"target\":{\"@type\":\"EntryPoint\",\"urlTemplate\":\"https:\/\/rutana.lt\/?s={search_term_string}\"},\"query-input\":{\"@type\":\"PropertyValueSpecification\",\"valueRequired\":true,\"valueName\":\"search_term_string\"}}],\"inLanguage\":\"en-US\"},{\"@type\":\"Organization\",\"@id\":\"https:\/\/rutana.lt\/#organization\",\"name\":\"Rutana - Ra\u0161tin\u0117s reikmenys\",\"url\":\"https:\/\/rutana.lt\/\",\"logo\":{\"@type\":\"ImageObject\",\"inLanguage\":\"en-US\",\"@id\":\"https:\/\/rutana.lt\/#\/schema\/logo\/image\/\",\"url\":\"https:\/\/rutana.lt\/wp-content\/uploads\/2025\/10\/Asset-32.png\",\"contentUrl\":\"https:\/\/rutana.lt\/wp-content\/uploads\/2025\/10\/Asset-32.png\",\"width\":433,\"height\":119,\"caption\":\"Rutana - Ra\u0161tin\u0117s reikmenys\"},\"image\":{\"@id\":\"https:\/\/rutana.lt\/#\/schema\/logo\/image\/\"},\"sameAs\":[\"https:\/\/www.facebook.com\/RutanaKanceliarinesPrekes\/\"]}]}<\/script>\n<!-- \/ Yoast SEO plugin. -->","yoast_head_json":{"title":"Plastilininiai klijai 50g ErichKrause 59666 - Rutana - Ra\u0161tin\u0117s reikmenys","robots":{"index":"index","follow":"follow","max-snippet":"max-snippet:-1","max-image-preview":"max-image-preview:large","max-video-preview":"max-video-preview:-1"},"canonical":"https:\/\/rutana.lt\/en\/product\/plastilininiai-klijai-50g-erichkrause-59666\/","og_locale":"en_US","og_type":"article","og_title":"Plastilininiai klijai 50g ErichKrause 59666 - Rutana - Ra\u0161tin\u0117s reikmenys","og_description":"Lipnus montavimo glaistas. Auk\u0161tas sukibimas. Greitas ir patvarus plakat\u0173, fotografij\u0173 klijavimas, galimyb\u0117 dekoruoti ir pritvirtinti daiktus prie \u012fvairi\u0173 tip\u0173 pavir\u0161i\u0173: stiklo, plyteli\u0173, med\u017eio, plastiko, metalo, marmuro. Daugkartinio naudojimo. Lengvai nuimamas nuo pavir\u0161iaus be pa\u017eeidim\u0173 ar p\u0117dsak\u0173. Sukibimo j\u0117ga priklauso nuo objekto, med\u017eiag\u0173, pavir\u0161iaus tekst\u016bros ir kokybi\u0161ko jo paruo\u0161imo, vienodo apkrovos pasiskirstymo. Rekomenduojamas fiksuot\u0173 objekt\u0173 gylis [&hellip;]","og_url":"https:\/\/rutana.lt\/en\/product\/plastilininiai-klijai-50g-erichkrause-59666\/","og_site_name":"Rutana - Ra\u0161tin\u0117s reikmenys","article_publisher":"https:\/\/www.facebook.com\/RutanaKanceliarinesPrekes\/","article_modified_time":"2025-10-13T13:53:14+00:00","og_image":[{"width":1024,"height":1024,"url":"https:\/\/rutana.lt\/wp-content\/uploads\/2025\/09\/B012-614.jpg","type":"image\/jpeg"}],"twitter_card":"summary_large_image","schema":{"@context":"https:\/\/schema.org","@graph":[{"@type":"WebPage","@id":"https:\/\/rutana.lt\/produktas\/plastilininiai-klijai-50g-erichkrause-59666\/","url":"https:\/\/rutana.lt\/produktas\/plastilininiai-klijai-50g-erichkrause-59666\/","name":"Plastilininiai klijai 50g ErichKrause 59666 - Rutana - Ra\u0161tin\u0117s reikmenys","isPartOf":{"@id":"https:\/\/rutana.lt\/#website"},"primaryImageOfPage":{"@id":"https:\/\/rutana.lt\/produktas\/plastilininiai-klijai-50g-erichkrause-59666\/#primaryimage"},"image":{"@id":"https:\/\/rutana.lt\/produktas\/plastilininiai-klijai-50g-erichkrause-59666\/#primaryimage"},"thumbnailUrl":"https:\/\/rutana.lt\/wp-content\/uploads\/2025\/09\/B012-614-1.jpg?v=1763564968","datePublished":"2025-09-03T07:50:17+00:00","dateModified":"2025-10-13T13:53:14+00:00","breadcrumb":{"@id":"https:\/\/rutana.lt\/produktas\/plastilininiai-klijai-50g-erichkrause-59666\/#breadcrumb"},"inLanguage":"en-US","potentialAction":[{"@type":"ReadAction","target":["https:\/\/rutana.lt\/produktas\/plastilininiai-klijai-50g-erichkrause-59666\/"]}]},{"@type":"ImageObject","inLanguage":"en-US","@id":"https:\/\/rutana.lt\/produktas\/plastilininiai-klijai-50g-erichkrause-59666\/#primaryimage","url":"https:\/\/rutana.lt\/wp-content\/uploads\/2025\/09\/B012-614-1.jpg?v=1763564968","contentUrl":"https:\/\/rutana.lt\/wp-content\/uploads\/2025\/09\/B012-614-1.jpg?v=1763564968","width":1024,"height":1024},{"@type":"BreadcrumbList","@id":"https:\/\/rutana.lt\/produktas\/plastilininiai-klijai-50g-erichkrause-59666\/#breadcrumb","itemListElement":[{"@type":"ListItem","position":1,"name":"Home","item":"https:\/\/rutana.lt\/"},{"@type":"ListItem","position":2,"name":"Parduotuv\u0117","item":"https:\/\/rutana.lt\/parduotuve\/"},{"@type":"ListItem","position":3,"name":"Plastilininiai klijai 50g ErichKrause 59666"}]},{"@type":"WebSite","@id":"https:\/\/rutana.lt\/#website","url":"https:\/\/rutana.lt\/","name":"Rutana - Ra\u0161tin\u0117s reikmenys","description":"Prekiaujame pasaulin\u0117je rinkoje pripa\u017eintomis, kokybi\u0161komis biuro prek\u0117mis toki\u0173  gamintoj\u0173 kaip: Schneider, Esselte, Novus, 3M, Faber-Castell, Citizen, Milan, Leitz, Colop, Zebra, Staedtler, Durable, Tork, Parker, Waterman ir kt.","publisher":{"@id":"https:\/\/rutana.lt\/#organization"},"potentialAction":[{"@type":"SearchAction","target":{"@type":"EntryPoint","urlTemplate":"https:\/\/rutana.lt\/?s={search_term_string}"},"query-input":{"@type":"PropertyValueSpecification","valueRequired":true,"valueName":"search_term_string"}}],"inLanguage":"en-US"},{"@type":"Organization","@id":"https:\/\/rutana.lt\/#organization","name":"Rutana - Ra\u0161tin\u0117s reikmenys","url":"https:\/\/rutana.lt\/","logo":{"@type":"ImageObject","inLanguage":"en-US","@id":"https:\/\/rutana.lt\/#\/schema\/logo\/image\/","url":"https:\/\/rutana.lt\/wp-content\/uploads\/2025\/10\/Asset-32.png","contentUrl":"https:\/\/rutana.lt\/wp-content\/uploads\/2025\/10\/Asset-32.png","width":433,"height":119,"caption":"Rutana - Ra\u0161tin\u0117s reikmenys"},"image":{"@id":"https:\/\/rutana.lt\/#\/schema\/logo\/image\/"},"sameAs":["https:\/\/www.facebook.com\/RutanaKanceliarinesPrekes\/"]}]}},"_links":{"self":[{"href":"https:\/\/rutana.lt\/en\/wp-json\/wp\/v2\/product\/17195","targetHints":{"allow":["GET"]}}],"collection":[{"href":"https:\/\/rutana.lt\/en\/wp-json\/wp\/v2\/product"}],"about":[{"href":"https:\/\/rutana.lt\/en\/wp-json\/wp\/v2\/types\/product"}],"replies":[{"embeddable":true,"href":"https:\/\/rutana.lt\/en\/wp-json\/wp\/v2\/comments?post=17195"}],"version-history":[{"count":1,"href":"https:\/\/rutana.lt\/en\/wp-json\/wp\/v2\/product\/17195\/revisions"}],"predecessor-version":[{"id":17238,"href":"https:\/\/rutana.lt\/en\/wp-json\/wp\/v2\/product\/17195\/revisions\/17238"}],"wp:featuredmedia":[{"embeddable":true,"href":"https:\/\/rutana.lt\/en\/wp-json\/wp\/v2\/media\/29323"}],"wp:attachment":[{"href":"https:\/\/rutana.lt\/en\/wp-json\/wp\/v2\/media?parent=17195"}],"wp:term":[{"taxonomy":"product_brand","embeddable":true,"href":"https:\/\/rutana.lt\/en\/wp-json\/wp\/v2\/product_brand?post=17195"},{"taxonomy":"product_cat","embeddable":true,"href":"https:\/\/rutana.lt\/en\/wp-json\/wp\/v2\/product_cat?post=17195"},{"taxonomy":"product_tag","embeddable":true,"href":"https:\/\/rutana.lt\/en\/wp-json\/wp\/v2\/product_tag?post=17195"}],"curies":[{"name":"wp","href":"https:\/\/api.w.org\/{rel}","templated":true}]}}