{"id":17193,"date":"2025-09-03T09:50:17","date_gmt":"2025-09-03T07:50:17","guid":{"rendered":"https:\/\/rutana.webdemo.lt\/?post_type=product&#038;p=17193"},"modified":"2025-10-13T15:53:13","modified_gmt":"2025-10-13T13:53:13","slug":"sasiuvinis-su-spirale-a5-su-skirtukais-200-lapu-langeliais-zalias-coolpack-94061cp","status":"publish","type":"product","link":"https:\/\/rutana.lt\/en\/product\/sasiuvinis-su-spirale-a5-su-skirtukais-200-lapu-langeliais-zalias-coolpack-94061cp\/","title":{"rendered":"S\u0105siuvinis su spirale A5 su skirtukais 200 lap\u0173 langeliais \u017ealias CoolPack 94061CP"},"content":{"rendered":"<p>S\u0105siuvinis su spiral\u0117s \u012fri\u0161imu. Vir\u0161elis ir nugar\u0117l\u0117 pagamintos i\u0161 auk\u0161tos kokyb\u0117s storo, spalvoto polipropileno.  Vidiniai lapai pagaminti i\u0161 kokybi\u0161ko balto 80 g\/m<sup>2 <\/sup>popieriaus. Lapai turi mikroperforacij\u0105, tod\u0117l yra lengvai i\u0161pl\u0117\u0161iami i\u0161 s\u0105siuvinio. Perkeliami, 3 spalvoti skirtukai su vieta u\u017era\u0161ui leid\u017eia paskirstyti s\u0105siuvinio turin\u012f kaip pageidaujate. S\u0105siuvinis turi perkeliam\u0105 liniuot\u0119. S\u0105siuvinio gale yra plastikinis skaidrus vokas su lipduku u\u017era\u0161ams susid\u0117ti. Tinkamas naudoti moksleiviams, studentams, mokytojams ir t.t.<\/p>\n<p>S\u0105siuvinio formatas: A5<\/p>\n<p>S\u0105siuvinio lap\u0173 skai\u010dius: 200  <\/p>\n<p>Vidiniai lapai: langeliais<\/p>\n<p>Vir\u0161elio spalva: \u017ealia<\/p>\n<p>S\u0105siuvinio matmenys: 21 x 16 x 2 cm<\/p>\n<p>Kilm\u0117s \u0161alis: Lenkija<\/p>\n<\/p>\n<p><\/p>","protected":false},"excerpt":{"rendered":"<p>S\u0105siuvinis su spiral\u0117s \u012fri\u0161imu. Vir\u0161elis ir nugar\u0117l\u0117 pagamintos i\u0161 auk\u0161tos kokyb\u0117s storo, spalvoto polipropileno. Vidiniai lapai pagaminti i\u0161 kokybi\u0161ko balto 80 g\/m2 popieriaus. Lapai turi mikroperforacij\u0105, tod\u0117l yra lengvai i\u0161pl\u0117\u0161iami i\u0161 s\u0105siuvinio. Perkeliami, 3 spalvoti skirtukai su vieta u\u017era\u0161ui leid\u017eia paskirstyti s\u0105siuvinio turin\u012f kaip pageidaujate. S\u0105siuvinis turi perkeliam\u0105 liniuot\u0119. S\u0105siuvinio gale yra plastikinis skaidrus vokas [&hellip;]<\/p>","protected":false},"featured_media":29321,"comment_status":"open","ping_status":"closed","template":"","meta":{"_season_start":"","_season_end":"","_season_days":"","_season_months":"","_season_auto_visibility":""},"product_brand":[1026],"product_cat":[1848],"product_tag":[],"class_list":{"0":"post-17193","1":"product","2":"type-product","3":"status-publish","4":"has-post-thumbnail","6":"product_brand-coolpack","7":"product_cat-a5-formatai","9":"first","10":"instock","11":"taxable","12":"shipping-taxable","13":"purchasable","14":"product-type-simple"},"yoast_head":"<!-- This site is optimized with the Yoast SEO plugin v27.4 - https:\/\/yoast.com\/product\/yoast-seo-wordpress\/ -->\n<title>S\u0105siuvinis su spirale A5 su skirtukais 200 lap\u0173 langeliais \u017ealias CoolPack 94061CP - Rutana - Ra\u0161tin\u0117s reikmenys<\/title>\n<meta name=\"robots\" content=\"index, follow, max-snippet:-1, max-image-preview:large, max-video-preview:-1\" \/>\n<link rel=\"canonical\" href=\"https:\/\/rutana.lt\/en\/product\/sasiuvinis-su-spirale-a5-su-skirtukais-200-lapu-langeliais-zalias-coolpack-94061cp\/\" \/>\n<meta property=\"og:locale\" content=\"en_US\" \/>\n<meta property=\"og:type\" content=\"article\" \/>\n<meta property=\"og:title\" content=\"S\u0105siuvinis su spirale A5 su skirtukais 200 lap\u0173 langeliais \u017ealias CoolPack 94061CP - Rutana - Ra\u0161tin\u0117s reikmenys\" \/>\n<meta property=\"og:description\" content=\"S\u0105siuvinis su spiral\u0117s \u012fri\u0161imu. Vir\u0161elis ir nugar\u0117l\u0117 pagamintos i\u0161 auk\u0161tos kokyb\u0117s storo, spalvoto polipropileno. Vidiniai lapai pagaminti i\u0161 kokybi\u0161ko balto 80 g\/m2 popieriaus. Lapai turi mikroperforacij\u0105, tod\u0117l yra lengvai i\u0161pl\u0117\u0161iami i\u0161 s\u0105siuvinio. Perkeliami, 3 spalvoti skirtukai su vieta u\u017era\u0161ui leid\u017eia paskirstyti s\u0105siuvinio turin\u012f kaip pageidaujate. S\u0105siuvinis turi perkeliam\u0105 liniuot\u0119. S\u0105siuvinio gale yra plastikinis skaidrus vokas [&hellip;]\" \/>\n<meta property=\"og:url\" content=\"https:\/\/rutana.lt\/en\/product\/sasiuvinis-su-spirale-a5-su-skirtukais-200-lapu-langeliais-zalias-coolpack-94061cp\/\" \/>\n<meta property=\"og:site_name\" content=\"Rutana - Ra\u0161tin\u0117s reikmenys\" \/>\n<meta property=\"article:publisher\" content=\"https:\/\/www.facebook.com\/RutanaKanceliarinesPrekes\/\" \/>\n<meta property=\"article:modified_time\" content=\"2025-10-13T13:53:13+00:00\" \/>\n<meta property=\"og:image\" content=\"https:\/\/rutana.lt\/wp-content\/uploads\/2025\/09\/A025-231.jpg\" \/>\n\t<meta property=\"og:image:width\" content=\"1000\" \/>\n\t<meta property=\"og:image:height\" content=\"1000\" \/>\n\t<meta property=\"og:image:type\" content=\"image\/jpeg\" \/>\n<meta name=\"twitter:card\" content=\"summary_large_image\" \/>\n<meta name=\"twitter:label1\" content=\"Est. reading time\" \/>\n\t<meta name=\"twitter:data1\" content=\"1 minute\" \/>\n<script type=\"application\/ld+json\" class=\"yoast-schema-graph\">{\"@context\":\"https:\\\/\\\/schema.org\",\"@graph\":[{\"@type\":\"WebPage\",\"@id\":\"https:\\\/\\\/rutana.lt\\\/produktas\\\/sasiuvinis-su-spirale-a5-su-skirtukais-200-lapu-langeliais-zalias-coolpack-94061cp\\\/\",\"url\":\"https:\\\/\\\/rutana.lt\\\/produktas\\\/sasiuvinis-su-spirale-a5-su-skirtukais-200-lapu-langeliais-zalias-coolpack-94061cp\\\/\",\"name\":\"S\u0105siuvinis su spirale A5 su skirtukais 200 lap\u0173 langeliais \u017ealias CoolPack 94061CP - Rutana - Ra\u0161tin\u0117s reikmenys\",\"isPartOf\":{\"@id\":\"https:\\\/\\\/rutana.lt\\\/#website\"},\"primaryImageOfPage\":{\"@id\":\"https:\\\/\\\/rutana.lt\\\/produktas\\\/sasiuvinis-su-spirale-a5-su-skirtukais-200-lapu-langeliais-zalias-coolpack-94061cp\\\/#primaryimage\"},\"image\":{\"@id\":\"https:\\\/\\\/rutana.lt\\\/produktas\\\/sasiuvinis-su-spirale-a5-su-skirtukais-200-lapu-langeliais-zalias-coolpack-94061cp\\\/#primaryimage\"},\"thumbnailUrl\":\"https:\\\/\\\/rutana.lt\\\/wp-content\\\/uploads\\\/2025\\\/09\\\/A025-231-3.jpg?v=1763564970\",\"datePublished\":\"2025-09-03T07:50:17+00:00\",\"dateModified\":\"2025-10-13T13:53:13+00:00\",\"breadcrumb\":{\"@id\":\"https:\\\/\\\/rutana.lt\\\/produktas\\\/sasiuvinis-su-spirale-a5-su-skirtukais-200-lapu-langeliais-zalias-coolpack-94061cp\\\/#breadcrumb\"},\"inLanguage\":\"en-US\",\"potentialAction\":[{\"@type\":\"ReadAction\",\"target\":[\"https:\\\/\\\/rutana.lt\\\/produktas\\\/sasiuvinis-su-spirale-a5-su-skirtukais-200-lapu-langeliais-zalias-coolpack-94061cp\\\/\"]}]},{\"@type\":\"ImageObject\",\"inLanguage\":\"en-US\",\"@id\":\"https:\\\/\\\/rutana.lt\\\/produktas\\\/sasiuvinis-su-spirale-a5-su-skirtukais-200-lapu-langeliais-zalias-coolpack-94061cp\\\/#primaryimage\",\"url\":\"https:\\\/\\\/rutana.lt\\\/wp-content\\\/uploads\\\/2025\\\/09\\\/A025-231-3.jpg?v=1763564970\",\"contentUrl\":\"https:\\\/\\\/rutana.lt\\\/wp-content\\\/uploads\\\/2025\\\/09\\\/A025-231-3.jpg?v=1763564970\",\"width\":1000,\"height\":1000},{\"@type\":\"BreadcrumbList\",\"@id\":\"https:\\\/\\\/rutana.lt\\\/produktas\\\/sasiuvinis-su-spirale-a5-su-skirtukais-200-lapu-langeliais-zalias-coolpack-94061cp\\\/#breadcrumb\",\"itemListElement\":[{\"@type\":\"ListItem\",\"position\":1,\"name\":\"Home\",\"item\":\"https:\\\/\\\/rutana.lt\\\/\"},{\"@type\":\"ListItem\",\"position\":2,\"name\":\"Parduotuv\u0117\",\"item\":\"https:\\\/\\\/rutana.lt\\\/parduotuve\\\/\"},{\"@type\":\"ListItem\",\"position\":3,\"name\":\"S\u0105siuvinis su spirale A5 su skirtukais 200 lap\u0173 langeliais \u017ealias CoolPack 94061CP\"}]},{\"@type\":\"WebSite\",\"@id\":\"https:\\\/\\\/rutana.lt\\\/#website\",\"url\":\"https:\\\/\\\/rutana.lt\\\/\",\"name\":\"Rutana - Ra\u0161tin\u0117s reikmenys\",\"description\":\"Prekiaujame pasaulin\u0117je rinkoje pripa\u017eintomis, kokybi\u0161komis biuro prek\u0117mis toki\u0173  gamintoj\u0173 kaip: Schneider, Esselte, Novus, 3M, Faber-Castell, Citizen, Milan, Leitz, Colop, Zebra, Staedtler, Durable, Tork, Parker, Waterman ir kt.\",\"publisher\":{\"@id\":\"https:\\\/\\\/rutana.lt\\\/#organization\"},\"potentialAction\":[{\"@type\":\"SearchAction\",\"target\":{\"@type\":\"EntryPoint\",\"urlTemplate\":\"https:\\\/\\\/rutana.lt\\\/?s={search_term_string}\"},\"query-input\":{\"@type\":\"PropertyValueSpecification\",\"valueRequired\":true,\"valueName\":\"search_term_string\"}}],\"inLanguage\":\"en-US\"},{\"@type\":\"Organization\",\"@id\":\"https:\\\/\\\/rutana.lt\\\/#organization\",\"name\":\"Rutana - Ra\u0161tin\u0117s reikmenys\",\"url\":\"https:\\\/\\\/rutana.lt\\\/\",\"logo\":{\"@type\":\"ImageObject\",\"inLanguage\":\"en-US\",\"@id\":\"https:\\\/\\\/rutana.lt\\\/#\\\/schema\\\/logo\\\/image\\\/\",\"url\":\"https:\\\/\\\/rutana.lt\\\/wp-content\\\/uploads\\\/2025\\\/10\\\/Asset-32.png\",\"contentUrl\":\"https:\\\/\\\/rutana.lt\\\/wp-content\\\/uploads\\\/2025\\\/10\\\/Asset-32.png\",\"width\":433,\"height\":119,\"caption\":\"Rutana - Ra\u0161tin\u0117s reikmenys\"},\"image\":{\"@id\":\"https:\\\/\\\/rutana.lt\\\/#\\\/schema\\\/logo\\\/image\\\/\"},\"sameAs\":[\"https:\\\/\\\/www.facebook.com\\\/RutanaKanceliarinesPrekes\\\/\"]}]}<\/script>\n<!-- \/ Yoast SEO plugin. -->","yoast_head_json":{"title":"S\u0105siuvinis su spirale A5 su skirtukais 200 lap\u0173 langeliais \u017ealias CoolPack 94061CP - Rutana - Ra\u0161tin\u0117s reikmenys","robots":{"index":"index","follow":"follow","max-snippet":"max-snippet:-1","max-image-preview":"max-image-preview:large","max-video-preview":"max-video-preview:-1"},"canonical":"https:\/\/rutana.lt\/en\/product\/sasiuvinis-su-spirale-a5-su-skirtukais-200-lapu-langeliais-zalias-coolpack-94061cp\/","og_locale":"en_US","og_type":"article","og_title":"S\u0105siuvinis su spirale A5 su skirtukais 200 lap\u0173 langeliais \u017ealias CoolPack 94061CP - Rutana - Ra\u0161tin\u0117s reikmenys","og_description":"S\u0105siuvinis su spiral\u0117s \u012fri\u0161imu. Vir\u0161elis ir nugar\u0117l\u0117 pagamintos i\u0161 auk\u0161tos kokyb\u0117s storo, spalvoto polipropileno. Vidiniai lapai pagaminti i\u0161 kokybi\u0161ko balto 80 g\/m2 popieriaus. Lapai turi mikroperforacij\u0105, tod\u0117l yra lengvai i\u0161pl\u0117\u0161iami i\u0161 s\u0105siuvinio. Perkeliami, 3 spalvoti skirtukai su vieta u\u017era\u0161ui leid\u017eia paskirstyti s\u0105siuvinio turin\u012f kaip pageidaujate. S\u0105siuvinis turi perkeliam\u0105 liniuot\u0119. S\u0105siuvinio gale yra plastikinis skaidrus vokas [&hellip;]","og_url":"https:\/\/rutana.lt\/en\/product\/sasiuvinis-su-spirale-a5-su-skirtukais-200-lapu-langeliais-zalias-coolpack-94061cp\/","og_site_name":"Rutana - Ra\u0161tin\u0117s reikmenys","article_publisher":"https:\/\/www.facebook.com\/RutanaKanceliarinesPrekes\/","article_modified_time":"2025-10-13T13:53:13+00:00","og_image":[{"width":1000,"height":1000,"url":"https:\/\/rutana.lt\/wp-content\/uploads\/2025\/09\/A025-231.jpg","type":"image\/jpeg"}],"twitter_card":"summary_large_image","twitter_misc":{"Est. reading time":"1 minute"},"schema":{"@context":"https:\/\/schema.org","@graph":[{"@type":"WebPage","@id":"https:\/\/rutana.lt\/produktas\/sasiuvinis-su-spirale-a5-su-skirtukais-200-lapu-langeliais-zalias-coolpack-94061cp\/","url":"https:\/\/rutana.lt\/produktas\/sasiuvinis-su-spirale-a5-su-skirtukais-200-lapu-langeliais-zalias-coolpack-94061cp\/","name":"S\u0105siuvinis su spirale A5 su skirtukais 200 lap\u0173 langeliais \u017ealias CoolPack 94061CP - Rutana - Ra\u0161tin\u0117s reikmenys","isPartOf":{"@id":"https:\/\/rutana.lt\/#website"},"primaryImageOfPage":{"@id":"https:\/\/rutana.lt\/produktas\/sasiuvinis-su-spirale-a5-su-skirtukais-200-lapu-langeliais-zalias-coolpack-94061cp\/#primaryimage"},"image":{"@id":"https:\/\/rutana.lt\/produktas\/sasiuvinis-su-spirale-a5-su-skirtukais-200-lapu-langeliais-zalias-coolpack-94061cp\/#primaryimage"},"thumbnailUrl":"https:\/\/rutana.lt\/wp-content\/uploads\/2025\/09\/A025-231-3.jpg?v=1763564970","datePublished":"2025-09-03T07:50:17+00:00","dateModified":"2025-10-13T13:53:13+00:00","breadcrumb":{"@id":"https:\/\/rutana.lt\/produktas\/sasiuvinis-su-spirale-a5-su-skirtukais-200-lapu-langeliais-zalias-coolpack-94061cp\/#breadcrumb"},"inLanguage":"en-US","potentialAction":[{"@type":"ReadAction","target":["https:\/\/rutana.lt\/produktas\/sasiuvinis-su-spirale-a5-su-skirtukais-200-lapu-langeliais-zalias-coolpack-94061cp\/"]}]},{"@type":"ImageObject","inLanguage":"en-US","@id":"https:\/\/rutana.lt\/produktas\/sasiuvinis-su-spirale-a5-su-skirtukais-200-lapu-langeliais-zalias-coolpack-94061cp\/#primaryimage","url":"https:\/\/rutana.lt\/wp-content\/uploads\/2025\/09\/A025-231-3.jpg?v=1763564970","contentUrl":"https:\/\/rutana.lt\/wp-content\/uploads\/2025\/09\/A025-231-3.jpg?v=1763564970","width":1000,"height":1000},{"@type":"BreadcrumbList","@id":"https:\/\/rutana.lt\/produktas\/sasiuvinis-su-spirale-a5-su-skirtukais-200-lapu-langeliais-zalias-coolpack-94061cp\/#breadcrumb","itemListElement":[{"@type":"ListItem","position":1,"name":"Home","item":"https:\/\/rutana.lt\/"},{"@type":"ListItem","position":2,"name":"Parduotuv\u0117","item":"https:\/\/rutana.lt\/parduotuve\/"},{"@type":"ListItem","position":3,"name":"S\u0105siuvinis su spirale A5 su skirtukais 200 lap\u0173 langeliais \u017ealias CoolPack 94061CP"}]},{"@type":"WebSite","@id":"https:\/\/rutana.lt\/#website","url":"https:\/\/rutana.lt\/","name":"Rutana - Ra\u0161tin\u0117s reikmenys","description":"Prekiaujame pasaulin\u0117je rinkoje pripa\u017eintomis, kokybi\u0161komis biuro prek\u0117mis toki\u0173  gamintoj\u0173 kaip: Schneider, Esselte, Novus, 3M, Faber-Castell, Citizen, Milan, Leitz, Colop, Zebra, Staedtler, Durable, Tork, Parker, Waterman ir kt.","publisher":{"@id":"https:\/\/rutana.lt\/#organization"},"potentialAction":[{"@type":"SearchAction","target":{"@type":"EntryPoint","urlTemplate":"https:\/\/rutana.lt\/?s={search_term_string}"},"query-input":{"@type":"PropertyValueSpecification","valueRequired":true,"valueName":"search_term_string"}}],"inLanguage":"en-US"},{"@type":"Organization","@id":"https:\/\/rutana.lt\/#organization","name":"Rutana - Ra\u0161tin\u0117s reikmenys","url":"https:\/\/rutana.lt\/","logo":{"@type":"ImageObject","inLanguage":"en-US","@id":"https:\/\/rutana.lt\/#\/schema\/logo\/image\/","url":"https:\/\/rutana.lt\/wp-content\/uploads\/2025\/10\/Asset-32.png","contentUrl":"https:\/\/rutana.lt\/wp-content\/uploads\/2025\/10\/Asset-32.png","width":433,"height":119,"caption":"Rutana - Ra\u0161tin\u0117s reikmenys"},"image":{"@id":"https:\/\/rutana.lt\/#\/schema\/logo\/image\/"},"sameAs":["https:\/\/www.facebook.com\/RutanaKanceliarinesPrekes\/"]}]}},"_links":{"self":[{"href":"https:\/\/rutana.lt\/en\/wp-json\/wp\/v2\/product\/17193","targetHints":{"allow":["GET"]}}],"collection":[{"href":"https:\/\/rutana.lt\/en\/wp-json\/wp\/v2\/product"}],"about":[{"href":"https:\/\/rutana.lt\/en\/wp-json\/wp\/v2\/types\/product"}],"replies":[{"embeddable":true,"href":"https:\/\/rutana.lt\/en\/wp-json\/wp\/v2\/comments?post=17193"}],"version-history":[{"count":1,"href":"https:\/\/rutana.lt\/en\/wp-json\/wp\/v2\/product\/17193\/revisions"}],"predecessor-version":[{"id":17234,"href":"https:\/\/rutana.lt\/en\/wp-json\/wp\/v2\/product\/17193\/revisions\/17234"}],"wp:featuredmedia":[{"embeddable":true,"href":"https:\/\/rutana.lt\/en\/wp-json\/wp\/v2\/media\/29321"}],"wp:attachment":[{"href":"https:\/\/rutana.lt\/en\/wp-json\/wp\/v2\/media?parent=17193"}],"wp:term":[{"taxonomy":"product_brand","embeddable":true,"href":"https:\/\/rutana.lt\/en\/wp-json\/wp\/v2\/product_brand?post=17193"},{"taxonomy":"product_cat","embeddable":true,"href":"https:\/\/rutana.lt\/en\/wp-json\/wp\/v2\/product_cat?post=17193"},{"taxonomy":"product_tag","embeddable":true,"href":"https:\/\/rutana.lt\/en\/wp-json\/wp\/v2\/product_tag?post=17193"}],"curies":[{"name":"wp","href":"https:\/\/api.w.org\/{rel}","templated":true}]}}