{"id":17153,"date":"2025-09-03T09:49:54","date_gmt":"2025-09-03T07:49:54","guid":{"rendered":"https:\/\/rutana.webdemo.lt\/?post_type=product&#038;p=17153"},"modified":"2025-10-13T15:53:11","modified_gmt":"2025-10-13T13:53:11","slug":"kreidine-lenta-60-x-90-cm-juoda-su-mediniu-remu-bi-office-07011619","status":"publish","type":"product","link":"https:\/\/rutana.lt\/en\/product\/kreidine-lenta-60-x-90-cm-juoda-su-mediniu-remu-bi-office-07011619\/","title":{"rendered":"Kreidin\u0117 lenta 60 x 90 cm juoda su mediniu r\u0117mu Bi-Office 07011619"},"content":{"rendered":"<p>Kreidin\u0117 lenta idealiai tinka restoranams, kavin\u0117ms, butikams ar asmenin\u0117ms erdv\u0117ms. Ra\u0161oma specialiais kreidinio tipo markeriais. Integruotas d\u0117klas pagamintas i\u0161 nedidelio griovelio ant r\u0117mo, kuriame galite lengvai laikyti ra\u0161ymo priemones. Lengvai nuvalomas pavir\u0161ius. Komplektacijoje yra tvirtinimo detal\u0117s, kreidos rinkinys.<\/p>\n<p>Lentos i\u0161matavimai: 60 x 90 cm<\/p>\n<p>R\u0117mas: medinis<\/p>\n<p>R\u0117mo spalva: juoda<\/p>\n<p>Lentos pavir\u0161iaus spalva: juoda<\/p>\n<p>Montavimas: ant sienos<\/p>\n<p>Kilm\u0117s \u0161alis: Portugalija<\/p>\n<\/p>\n<p><\/p>","protected":false},"excerpt":{"rendered":"<p>Kreidin\u0117 lenta idealiai tinka restoranams, kavin\u0117ms, butikams ar asmenin\u0117ms erdv\u0117ms. Ra\u0161oma specialiais kreidinio tipo markeriais. Integruotas d\u0117klas pagamintas i\u0161 nedidelio griovelio ant r\u0117mo, kuriame galite lengvai laikyti ra\u0161ymo priemones. Lengvai nuvalomas pavir\u0161ius. Komplektacijoje yra tvirtinimo detal\u0117s, kreidos rinkinys. Lentos i\u0161matavimai: 60 x 90 cm R\u0117mas: medinis R\u0117mo spalva: juoda Lentos pavir\u0161iaus spalva: juoda Montavimas: ant [&hellip;]<\/p>","protected":false},"featured_media":29315,"comment_status":"open","ping_status":"closed","template":"","meta":{"_season_start":"","_season_end":"","_season_days":"","_season_months":"","_season_auto_visibility":""},"product_brand":[1040],"product_cat":[1899],"product_tag":[],"class_list":{"0":"post-17153","1":"product","2":"type-product","3":"status-publish","4":"has-post-thumbnail","6":"product_brand-bi-office","7":"product_cat-kreidines-ir-tekstilines-lentos","9":"first","10":"instock","11":"taxable","12":"shipping-taxable","13":"purchasable","14":"product-type-simple"},"yoast_head":"<!-- This site is optimized with the Yoast SEO plugin v27.4 - https:\/\/yoast.com\/product\/yoast-seo-wordpress\/ -->\n<title>Kreidin\u0117 lenta 60 x 90 cm juoda su mediniu r\u0117mu Bi-Office 07011619 - Rutana - Ra\u0161tin\u0117s reikmenys<\/title>\n<meta name=\"robots\" content=\"index, follow, max-snippet:-1, max-image-preview:large, max-video-preview:-1\" \/>\n<link rel=\"canonical\" href=\"https:\/\/rutana.lt\/en\/product\/kreidine-lenta-60-x-90-cm-juoda-su-mediniu-remu-bi-office-07011619\/\" \/>\n<meta property=\"og:locale\" content=\"en_US\" \/>\n<meta property=\"og:type\" content=\"article\" \/>\n<meta property=\"og:title\" content=\"Kreidin\u0117 lenta 60 x 90 cm juoda su mediniu r\u0117mu Bi-Office 07011619 - Rutana - Ra\u0161tin\u0117s reikmenys\" \/>\n<meta property=\"og:description\" content=\"Kreidin\u0117 lenta idealiai tinka restoranams, kavin\u0117ms, butikams ar asmenin\u0117ms erdv\u0117ms. Ra\u0161oma specialiais kreidinio tipo markeriais. Integruotas d\u0117klas pagamintas i\u0161 nedidelio griovelio ant r\u0117mo, kuriame galite lengvai laikyti ra\u0161ymo priemones. Lengvai nuvalomas pavir\u0161ius. Komplektacijoje yra tvirtinimo detal\u0117s, kreidos rinkinys. Lentos i\u0161matavimai: 60 x 90 cm R\u0117mas: medinis R\u0117mo spalva: juoda Lentos pavir\u0161iaus spalva: juoda Montavimas: ant [&hellip;]\" \/>\n<meta property=\"og:url\" content=\"https:\/\/rutana.lt\/en\/product\/kreidine-lenta-60-x-90-cm-juoda-su-mediniu-remu-bi-office-07011619\/\" \/>\n<meta property=\"og:site_name\" content=\"Rutana - Ra\u0161tin\u0117s reikmenys\" \/>\n<meta property=\"article:publisher\" content=\"https:\/\/www.facebook.com\/RutanaKanceliarinesPrekes\/\" \/>\n<meta property=\"article:modified_time\" content=\"2025-10-13T13:53:11+00:00\" \/>\n<meta property=\"og:image\" content=\"https:\/\/rutana.lt\/wp-content\/uploads\/2025\/09\/B062-558.jpg\" \/>\n\t<meta property=\"og:image:width\" content=\"1066\" \/>\n\t<meta property=\"og:image:height\" content=\"1056\" \/>\n\t<meta property=\"og:image:type\" content=\"image\/jpeg\" \/>\n<meta name=\"twitter:card\" content=\"summary_large_image\" \/>\n<script type=\"application\/ld+json\" class=\"yoast-schema-graph\">{\"@context\":\"https:\\\/\\\/schema.org\",\"@graph\":[{\"@type\":\"WebPage\",\"@id\":\"https:\\\/\\\/rutana.lt\\\/produktas\\\/kreidine-lenta-60-x-90-cm-juoda-su-mediniu-remu-bi-office-07011619\\\/\",\"url\":\"https:\\\/\\\/rutana.lt\\\/produktas\\\/kreidine-lenta-60-x-90-cm-juoda-su-mediniu-remu-bi-office-07011619\\\/\",\"name\":\"Kreidin\u0117 lenta 60 x 90 cm juoda su mediniu r\u0117mu Bi-Office 07011619 - Rutana - Ra\u0161tin\u0117s reikmenys\",\"isPartOf\":{\"@id\":\"https:\\\/\\\/rutana.lt\\\/#website\"},\"primaryImageOfPage\":{\"@id\":\"https:\\\/\\\/rutana.lt\\\/produktas\\\/kreidine-lenta-60-x-90-cm-juoda-su-mediniu-remu-bi-office-07011619\\\/#primaryimage\"},\"image\":{\"@id\":\"https:\\\/\\\/rutana.lt\\\/produktas\\\/kreidine-lenta-60-x-90-cm-juoda-su-mediniu-remu-bi-office-07011619\\\/#primaryimage\"},\"thumbnailUrl\":\"https:\\\/\\\/rutana.lt\\\/wp-content\\\/uploads\\\/2025\\\/09\\\/B062-558-1.jpg?v=1763564985\",\"datePublished\":\"2025-09-03T07:49:54+00:00\",\"dateModified\":\"2025-10-13T13:53:11+00:00\",\"breadcrumb\":{\"@id\":\"https:\\\/\\\/rutana.lt\\\/produktas\\\/kreidine-lenta-60-x-90-cm-juoda-su-mediniu-remu-bi-office-07011619\\\/#breadcrumb\"},\"inLanguage\":\"en-US\",\"potentialAction\":[{\"@type\":\"ReadAction\",\"target\":[\"https:\\\/\\\/rutana.lt\\\/produktas\\\/kreidine-lenta-60-x-90-cm-juoda-su-mediniu-remu-bi-office-07011619\\\/\"]}]},{\"@type\":\"ImageObject\",\"inLanguage\":\"en-US\",\"@id\":\"https:\\\/\\\/rutana.lt\\\/produktas\\\/kreidine-lenta-60-x-90-cm-juoda-su-mediniu-remu-bi-office-07011619\\\/#primaryimage\",\"url\":\"https:\\\/\\\/rutana.lt\\\/wp-content\\\/uploads\\\/2025\\\/09\\\/B062-558-1.jpg?v=1763564985\",\"contentUrl\":\"https:\\\/\\\/rutana.lt\\\/wp-content\\\/uploads\\\/2025\\\/09\\\/B062-558-1.jpg?v=1763564985\",\"width\":1066,\"height\":1056},{\"@type\":\"BreadcrumbList\",\"@id\":\"https:\\\/\\\/rutana.lt\\\/produktas\\\/kreidine-lenta-60-x-90-cm-juoda-su-mediniu-remu-bi-office-07011619\\\/#breadcrumb\",\"itemListElement\":[{\"@type\":\"ListItem\",\"position\":1,\"name\":\"Home\",\"item\":\"https:\\\/\\\/rutana.lt\\\/\"},{\"@type\":\"ListItem\",\"position\":2,\"name\":\"Parduotuv\u0117\",\"item\":\"https:\\\/\\\/rutana.lt\\\/parduotuve\\\/\"},{\"@type\":\"ListItem\",\"position\":3,\"name\":\"Kreidin\u0117 lenta 60 x 90 cm juoda su mediniu r\u0117mu Bi-Office 07011619\"}]},{\"@type\":\"WebSite\",\"@id\":\"https:\\\/\\\/rutana.lt\\\/#website\",\"url\":\"https:\\\/\\\/rutana.lt\\\/\",\"name\":\"Rutana - Ra\u0161tin\u0117s reikmenys\",\"description\":\"Prekiaujame pasaulin\u0117je rinkoje pripa\u017eintomis, kokybi\u0161komis biuro prek\u0117mis toki\u0173  gamintoj\u0173 kaip: Schneider, Esselte, Novus, 3M, Faber-Castell, Citizen, Milan, Leitz, Colop, Zebra, Staedtler, Durable, Tork, Parker, Waterman ir kt.\",\"publisher\":{\"@id\":\"https:\\\/\\\/rutana.lt\\\/#organization\"},\"potentialAction\":[{\"@type\":\"SearchAction\",\"target\":{\"@type\":\"EntryPoint\",\"urlTemplate\":\"https:\\\/\\\/rutana.lt\\\/?s={search_term_string}\"},\"query-input\":{\"@type\":\"PropertyValueSpecification\",\"valueRequired\":true,\"valueName\":\"search_term_string\"}}],\"inLanguage\":\"en-US\"},{\"@type\":\"Organization\",\"@id\":\"https:\\\/\\\/rutana.lt\\\/#organization\",\"name\":\"Rutana - Ra\u0161tin\u0117s reikmenys\",\"url\":\"https:\\\/\\\/rutana.lt\\\/\",\"logo\":{\"@type\":\"ImageObject\",\"inLanguage\":\"en-US\",\"@id\":\"https:\\\/\\\/rutana.lt\\\/#\\\/schema\\\/logo\\\/image\\\/\",\"url\":\"https:\\\/\\\/rutana.lt\\\/wp-content\\\/uploads\\\/2025\\\/10\\\/Asset-32.png\",\"contentUrl\":\"https:\\\/\\\/rutana.lt\\\/wp-content\\\/uploads\\\/2025\\\/10\\\/Asset-32.png\",\"width\":433,\"height\":119,\"caption\":\"Rutana - Ra\u0161tin\u0117s reikmenys\"},\"image\":{\"@id\":\"https:\\\/\\\/rutana.lt\\\/#\\\/schema\\\/logo\\\/image\\\/\"},\"sameAs\":[\"https:\\\/\\\/www.facebook.com\\\/RutanaKanceliarinesPrekes\\\/\"]}]}<\/script>\n<!-- \/ Yoast SEO plugin. -->","yoast_head_json":{"title":"Kreidin\u0117 lenta 60 x 90 cm juoda su mediniu r\u0117mu Bi-Office 07011619 - Rutana - Ra\u0161tin\u0117s reikmenys","robots":{"index":"index","follow":"follow","max-snippet":"max-snippet:-1","max-image-preview":"max-image-preview:large","max-video-preview":"max-video-preview:-1"},"canonical":"https:\/\/rutana.lt\/en\/product\/kreidine-lenta-60-x-90-cm-juoda-su-mediniu-remu-bi-office-07011619\/","og_locale":"en_US","og_type":"article","og_title":"Kreidin\u0117 lenta 60 x 90 cm juoda su mediniu r\u0117mu Bi-Office 07011619 - Rutana - Ra\u0161tin\u0117s reikmenys","og_description":"Kreidin\u0117 lenta idealiai tinka restoranams, kavin\u0117ms, butikams ar asmenin\u0117ms erdv\u0117ms. Ra\u0161oma specialiais kreidinio tipo markeriais. Integruotas d\u0117klas pagamintas i\u0161 nedidelio griovelio ant r\u0117mo, kuriame galite lengvai laikyti ra\u0161ymo priemones. Lengvai nuvalomas pavir\u0161ius. Komplektacijoje yra tvirtinimo detal\u0117s, kreidos rinkinys. Lentos i\u0161matavimai: 60 x 90 cm R\u0117mas: medinis R\u0117mo spalva: juoda Lentos pavir\u0161iaus spalva: juoda Montavimas: ant [&hellip;]","og_url":"https:\/\/rutana.lt\/en\/product\/kreidine-lenta-60-x-90-cm-juoda-su-mediniu-remu-bi-office-07011619\/","og_site_name":"Rutana - Ra\u0161tin\u0117s reikmenys","article_publisher":"https:\/\/www.facebook.com\/RutanaKanceliarinesPrekes\/","article_modified_time":"2025-10-13T13:53:11+00:00","og_image":[{"width":1066,"height":1056,"url":"https:\/\/rutana.lt\/wp-content\/uploads\/2025\/09\/B062-558.jpg","type":"image\/jpeg"}],"twitter_card":"summary_large_image","schema":{"@context":"https:\/\/schema.org","@graph":[{"@type":"WebPage","@id":"https:\/\/rutana.lt\/produktas\/kreidine-lenta-60-x-90-cm-juoda-su-mediniu-remu-bi-office-07011619\/","url":"https:\/\/rutana.lt\/produktas\/kreidine-lenta-60-x-90-cm-juoda-su-mediniu-remu-bi-office-07011619\/","name":"Kreidin\u0117 lenta 60 x 90 cm juoda su mediniu r\u0117mu Bi-Office 07011619 - Rutana - Ra\u0161tin\u0117s reikmenys","isPartOf":{"@id":"https:\/\/rutana.lt\/#website"},"primaryImageOfPage":{"@id":"https:\/\/rutana.lt\/produktas\/kreidine-lenta-60-x-90-cm-juoda-su-mediniu-remu-bi-office-07011619\/#primaryimage"},"image":{"@id":"https:\/\/rutana.lt\/produktas\/kreidine-lenta-60-x-90-cm-juoda-su-mediniu-remu-bi-office-07011619\/#primaryimage"},"thumbnailUrl":"https:\/\/rutana.lt\/wp-content\/uploads\/2025\/09\/B062-558-1.jpg?v=1763564985","datePublished":"2025-09-03T07:49:54+00:00","dateModified":"2025-10-13T13:53:11+00:00","breadcrumb":{"@id":"https:\/\/rutana.lt\/produktas\/kreidine-lenta-60-x-90-cm-juoda-su-mediniu-remu-bi-office-07011619\/#breadcrumb"},"inLanguage":"en-US","potentialAction":[{"@type":"ReadAction","target":["https:\/\/rutana.lt\/produktas\/kreidine-lenta-60-x-90-cm-juoda-su-mediniu-remu-bi-office-07011619\/"]}]},{"@type":"ImageObject","inLanguage":"en-US","@id":"https:\/\/rutana.lt\/produktas\/kreidine-lenta-60-x-90-cm-juoda-su-mediniu-remu-bi-office-07011619\/#primaryimage","url":"https:\/\/rutana.lt\/wp-content\/uploads\/2025\/09\/B062-558-1.jpg?v=1763564985","contentUrl":"https:\/\/rutana.lt\/wp-content\/uploads\/2025\/09\/B062-558-1.jpg?v=1763564985","width":1066,"height":1056},{"@type":"BreadcrumbList","@id":"https:\/\/rutana.lt\/produktas\/kreidine-lenta-60-x-90-cm-juoda-su-mediniu-remu-bi-office-07011619\/#breadcrumb","itemListElement":[{"@type":"ListItem","position":1,"name":"Home","item":"https:\/\/rutana.lt\/"},{"@type":"ListItem","position":2,"name":"Parduotuv\u0117","item":"https:\/\/rutana.lt\/parduotuve\/"},{"@type":"ListItem","position":3,"name":"Kreidin\u0117 lenta 60 x 90 cm juoda su mediniu r\u0117mu Bi-Office 07011619"}]},{"@type":"WebSite","@id":"https:\/\/rutana.lt\/#website","url":"https:\/\/rutana.lt\/","name":"Rutana - Ra\u0161tin\u0117s reikmenys","description":"Prekiaujame pasaulin\u0117je rinkoje pripa\u017eintomis, kokybi\u0161komis biuro prek\u0117mis toki\u0173  gamintoj\u0173 kaip: Schneider, Esselte, Novus, 3M, Faber-Castell, Citizen, Milan, Leitz, Colop, Zebra, Staedtler, Durable, Tork, Parker, Waterman ir kt.","publisher":{"@id":"https:\/\/rutana.lt\/#organization"},"potentialAction":[{"@type":"SearchAction","target":{"@type":"EntryPoint","urlTemplate":"https:\/\/rutana.lt\/?s={search_term_string}"},"query-input":{"@type":"PropertyValueSpecification","valueRequired":true,"valueName":"search_term_string"}}],"inLanguage":"en-US"},{"@type":"Organization","@id":"https:\/\/rutana.lt\/#organization","name":"Rutana - Ra\u0161tin\u0117s reikmenys","url":"https:\/\/rutana.lt\/","logo":{"@type":"ImageObject","inLanguage":"en-US","@id":"https:\/\/rutana.lt\/#\/schema\/logo\/image\/","url":"https:\/\/rutana.lt\/wp-content\/uploads\/2025\/10\/Asset-32.png","contentUrl":"https:\/\/rutana.lt\/wp-content\/uploads\/2025\/10\/Asset-32.png","width":433,"height":119,"caption":"Rutana - Ra\u0161tin\u0117s reikmenys"},"image":{"@id":"https:\/\/rutana.lt\/#\/schema\/logo\/image\/"},"sameAs":["https:\/\/www.facebook.com\/RutanaKanceliarinesPrekes\/"]}]}},"_links":{"self":[{"href":"https:\/\/rutana.lt\/en\/wp-json\/wp\/v2\/product\/17153","targetHints":{"allow":["GET"]}}],"collection":[{"href":"https:\/\/rutana.lt\/en\/wp-json\/wp\/v2\/product"}],"about":[{"href":"https:\/\/rutana.lt\/en\/wp-json\/wp\/v2\/types\/product"}],"replies":[{"embeddable":true,"href":"https:\/\/rutana.lt\/en\/wp-json\/wp\/v2\/comments?post=17153"}],"version-history":[{"count":1,"href":"https:\/\/rutana.lt\/en\/wp-json\/wp\/v2\/product\/17153\/revisions"}],"predecessor-version":[{"id":17222,"href":"https:\/\/rutana.lt\/en\/wp-json\/wp\/v2\/product\/17153\/revisions\/17222"}],"wp:featuredmedia":[{"embeddable":true,"href":"https:\/\/rutana.lt\/en\/wp-json\/wp\/v2\/media\/29315"}],"wp:attachment":[{"href":"https:\/\/rutana.lt\/en\/wp-json\/wp\/v2\/media?parent=17153"}],"wp:term":[{"taxonomy":"product_brand","embeddable":true,"href":"https:\/\/rutana.lt\/en\/wp-json\/wp\/v2\/product_brand?post=17153"},{"taxonomy":"product_cat","embeddable":true,"href":"https:\/\/rutana.lt\/en\/wp-json\/wp\/v2\/product_cat?post=17153"},{"taxonomy":"product_tag","embeddable":true,"href":"https:\/\/rutana.lt\/en\/wp-json\/wp\/v2\/product_tag?post=17153"}],"curies":[{"name":"wp","href":"https:\/\/api.w.org\/{rel}","templated":true}]}}