{"id":17152,"date":"2025-09-03T09:49:54","date_gmt":"2025-09-03T07:49:54","guid":{"rendered":"https:\/\/rutana.webdemo.lt\/?post_type=product&#038;p=17152"},"modified":"2025-10-13T15:53:10","modified_gmt":"2025-10-13T13:53:10","slug":"priklijuojamasis-stalinis-konferenciju-bloknotas-20-lapu-bi-office-2320403","status":"publish","type":"product","link":"https:\/\/rutana.lt\/en\/product\/priklijuojamasis-stalinis-konferenciju-bloknotas-20-lapu-bi-office-2320403\/","title":{"rendered":"Priklijuojamasis stalinis konferencij\u0173 bloknotas 20 lap\u0173 Bi-Office 2320403"},"content":{"rendered":"<p style=\"line-height: 1.8;\">Priklijuojamasis stalinis konferencij\u0173 bloknotas &#8211; inovatyvus sprendimas su silpnai limpan\u010dia juostele leid\u017eia bloknotus pritvirtinti prie bet kokio pavir\u0161iaus ir perkelti. 100% perdirbtas popierius. Puikiai tinka ma\u017eiems susitikimams ir pristatymams. Nuimamas be lipni\u0173 \u017eymi\u0173 ar \u017eenkl\u0173. Tvirtas pagrindas su \u012fmontuota rankena ir \u017eymeklio d\u0117klu.<br \/>Popieriaus gramat\u016bra: 80 g\/m2<br \/>Lap\u0173 skai\u010dius: 20<br \/>Lapo pavir\u0161ius: baltas  <br \/>Bloknoto matmenys: 50 x 58.5 cm <br \/>Kilm\u0117s \u0161alis: Portugalija<\/p>\n<\/p>\n<p><\/p><\/p>","protected":false},"excerpt":{"rendered":"<p>Priklijuojamasis stalinis konferencij\u0173 bloknotas &#8211; inovatyvus sprendimas su silpnai limpan\u010dia juostele leid\u017eia bloknotus pritvirtinti prie bet kokio pavir\u0161iaus ir perkelti. 100% perdirbtas popierius. Puikiai tinka ma\u017eiems susitikimams ir pristatymams. Nuimamas be lipni\u0173 \u017eymi\u0173 ar \u017eenkl\u0173. Tvirtas pagrindas su \u012fmontuota rankena ir \u017eymeklio d\u0117klu.Popieriaus gramat\u016bra: 80 g\/m2Lap\u0173 skai\u010dius: 20Lapo pavir\u0161ius: baltas Bloknoto matmenys: 50 x 58.5 [&hellip;]<\/p>","protected":false},"featured_media":29314,"comment_status":"open","ping_status":"closed","template":"","meta":{"_season_start":"","_season_end":"","_season_days":"","_season_months":"","_season_auto_visibility":""},"product_brand":[1040],"product_cat":[1795],"product_tag":[],"class_list":{"0":"post-17152","1":"product","2":"type-product","3":"status-publish","4":"has-post-thumbnail","6":"product_brand-bi-office","7":"product_cat-bloknotai-lentoms","9":"first","10":"instock","11":"taxable","12":"shipping-taxable","13":"purchasable","14":"product-type-simple"},"yoast_head":"<!-- This site is optimized with the Yoast SEO plugin v27.4 - https:\/\/yoast.com\/product\/yoast-seo-wordpress\/ -->\n<title>Priklijuojamasis stalinis konferencij\u0173 bloknotas 20 lap\u0173 Bi-Office 2320403 - Rutana - Ra\u0161tin\u0117s reikmenys<\/title>\n<meta name=\"robots\" content=\"index, follow, max-snippet:-1, max-image-preview:large, max-video-preview:-1\" \/>\n<link rel=\"canonical\" href=\"https:\/\/rutana.lt\/en\/product\/priklijuojamasis-stalinis-konferenciju-bloknotas-20-lapu-bi-office-2320403\/\" \/>\n<meta property=\"og:locale\" content=\"en_US\" \/>\n<meta property=\"og:type\" content=\"article\" \/>\n<meta property=\"og:title\" content=\"Priklijuojamasis stalinis konferencij\u0173 bloknotas 20 lap\u0173 Bi-Office 2320403 - Rutana - Ra\u0161tin\u0117s reikmenys\" \/>\n<meta property=\"og:description\" content=\"Priklijuojamasis stalinis konferencij\u0173 bloknotas &#8211; inovatyvus sprendimas su silpnai limpan\u010dia juostele leid\u017eia bloknotus pritvirtinti prie bet kokio pavir\u0161iaus ir perkelti. 100% perdirbtas popierius. Puikiai tinka ma\u017eiems susitikimams ir pristatymams. Nuimamas be lipni\u0173 \u017eymi\u0173 ar \u017eenkl\u0173. Tvirtas pagrindas su \u012fmontuota rankena ir \u017eymeklio d\u0117klu.Popieriaus gramat\u016bra: 80 g\/m2Lap\u0173 skai\u010dius: 20Lapo pavir\u0161ius: baltas Bloknoto matmenys: 50 x 58.5 [&hellip;]\" \/>\n<meta property=\"og:url\" content=\"https:\/\/rutana.lt\/en\/product\/priklijuojamasis-stalinis-konferenciju-bloknotas-20-lapu-bi-office-2320403\/\" \/>\n<meta property=\"og:site_name\" content=\"Rutana - Ra\u0161tin\u0117s reikmenys\" \/>\n<meta property=\"article:publisher\" content=\"https:\/\/www.facebook.com\/RutanaKanceliarinesPrekes\/\" \/>\n<meta property=\"article:modified_time\" content=\"2025-10-13T13:53:10+00:00\" \/>\n<meta property=\"og:image\" content=\"https:\/\/rutana.lt\/wp-content\/uploads\/2025\/09\/A031-404.jpg\" \/>\n\t<meta property=\"og:image:width\" content=\"1000\" \/>\n\t<meta property=\"og:image:height\" content=\"1000\" \/>\n\t<meta property=\"og:image:type\" content=\"image\/jpeg\" \/>\n<meta name=\"twitter:card\" content=\"summary_large_image\" \/>\n<script type=\"application\/ld+json\" class=\"yoast-schema-graph\">{\"@context\":\"https:\\\/\\\/schema.org\",\"@graph\":[{\"@type\":\"WebPage\",\"@id\":\"https:\\\/\\\/rutana.lt\\\/produktas\\\/priklijuojamasis-stalinis-konferenciju-bloknotas-20-lapu-bi-office-2320403\\\/\",\"url\":\"https:\\\/\\\/rutana.lt\\\/produktas\\\/priklijuojamasis-stalinis-konferenciju-bloknotas-20-lapu-bi-office-2320403\\\/\",\"name\":\"Priklijuojamasis stalinis konferencij\u0173 bloknotas 20 lap\u0173 Bi-Office 2320403 - Rutana - Ra\u0161tin\u0117s reikmenys\",\"isPartOf\":{\"@id\":\"https:\\\/\\\/rutana.lt\\\/#website\"},\"primaryImageOfPage\":{\"@id\":\"https:\\\/\\\/rutana.lt\\\/produktas\\\/priklijuojamasis-stalinis-konferenciju-bloknotas-20-lapu-bi-office-2320403\\\/#primaryimage\"},\"image\":{\"@id\":\"https:\\\/\\\/rutana.lt\\\/produktas\\\/priklijuojamasis-stalinis-konferenciju-bloknotas-20-lapu-bi-office-2320403\\\/#primaryimage\"},\"thumbnailUrl\":\"https:\\\/\\\/rutana.lt\\\/wp-content\\\/uploads\\\/2025\\\/09\\\/A031-404-2.jpg?v=1763564988\",\"datePublished\":\"2025-09-03T07:49:54+00:00\",\"dateModified\":\"2025-10-13T13:53:10+00:00\",\"breadcrumb\":{\"@id\":\"https:\\\/\\\/rutana.lt\\\/produktas\\\/priklijuojamasis-stalinis-konferenciju-bloknotas-20-lapu-bi-office-2320403\\\/#breadcrumb\"},\"inLanguage\":\"en-US\",\"potentialAction\":[{\"@type\":\"ReadAction\",\"target\":[\"https:\\\/\\\/rutana.lt\\\/produktas\\\/priklijuojamasis-stalinis-konferenciju-bloknotas-20-lapu-bi-office-2320403\\\/\"]}]},{\"@type\":\"ImageObject\",\"inLanguage\":\"en-US\",\"@id\":\"https:\\\/\\\/rutana.lt\\\/produktas\\\/priklijuojamasis-stalinis-konferenciju-bloknotas-20-lapu-bi-office-2320403\\\/#primaryimage\",\"url\":\"https:\\\/\\\/rutana.lt\\\/wp-content\\\/uploads\\\/2025\\\/09\\\/A031-404-2.jpg?v=1763564988\",\"contentUrl\":\"https:\\\/\\\/rutana.lt\\\/wp-content\\\/uploads\\\/2025\\\/09\\\/A031-404-2.jpg?v=1763564988\",\"width\":1000,\"height\":1000},{\"@type\":\"BreadcrumbList\",\"@id\":\"https:\\\/\\\/rutana.lt\\\/produktas\\\/priklijuojamasis-stalinis-konferenciju-bloknotas-20-lapu-bi-office-2320403\\\/#breadcrumb\",\"itemListElement\":[{\"@type\":\"ListItem\",\"position\":1,\"name\":\"Home\",\"item\":\"https:\\\/\\\/rutana.lt\\\/\"},{\"@type\":\"ListItem\",\"position\":2,\"name\":\"Parduotuv\u0117\",\"item\":\"https:\\\/\\\/rutana.lt\\\/parduotuve\\\/\"},{\"@type\":\"ListItem\",\"position\":3,\"name\":\"Priklijuojamasis stalinis konferencij\u0173 bloknotas 20 lap\u0173 Bi-Office 2320403\"}]},{\"@type\":\"WebSite\",\"@id\":\"https:\\\/\\\/rutana.lt\\\/#website\",\"url\":\"https:\\\/\\\/rutana.lt\\\/\",\"name\":\"Rutana - Ra\u0161tin\u0117s reikmenys\",\"description\":\"Prekiaujame pasaulin\u0117je rinkoje pripa\u017eintomis, kokybi\u0161komis biuro prek\u0117mis toki\u0173  gamintoj\u0173 kaip: Schneider, Esselte, Novus, 3M, Faber-Castell, Citizen, Milan, Leitz, Colop, Zebra, Staedtler, Durable, Tork, Parker, Waterman ir kt.\",\"publisher\":{\"@id\":\"https:\\\/\\\/rutana.lt\\\/#organization\"},\"potentialAction\":[{\"@type\":\"SearchAction\",\"target\":{\"@type\":\"EntryPoint\",\"urlTemplate\":\"https:\\\/\\\/rutana.lt\\\/?s={search_term_string}\"},\"query-input\":{\"@type\":\"PropertyValueSpecification\",\"valueRequired\":true,\"valueName\":\"search_term_string\"}}],\"inLanguage\":\"en-US\"},{\"@type\":\"Organization\",\"@id\":\"https:\\\/\\\/rutana.lt\\\/#organization\",\"name\":\"Rutana - Ra\u0161tin\u0117s reikmenys\",\"url\":\"https:\\\/\\\/rutana.lt\\\/\",\"logo\":{\"@type\":\"ImageObject\",\"inLanguage\":\"en-US\",\"@id\":\"https:\\\/\\\/rutana.lt\\\/#\\\/schema\\\/logo\\\/image\\\/\",\"url\":\"https:\\\/\\\/rutana.lt\\\/wp-content\\\/uploads\\\/2025\\\/10\\\/Asset-32.png\",\"contentUrl\":\"https:\\\/\\\/rutana.lt\\\/wp-content\\\/uploads\\\/2025\\\/10\\\/Asset-32.png\",\"width\":433,\"height\":119,\"caption\":\"Rutana - Ra\u0161tin\u0117s reikmenys\"},\"image\":{\"@id\":\"https:\\\/\\\/rutana.lt\\\/#\\\/schema\\\/logo\\\/image\\\/\"},\"sameAs\":[\"https:\\\/\\\/www.facebook.com\\\/RutanaKanceliarinesPrekes\\\/\"]}]}<\/script>\n<!-- \/ Yoast SEO plugin. -->","yoast_head_json":{"title":"Priklijuojamasis stalinis konferencij\u0173 bloknotas 20 lap\u0173 Bi-Office 2320403 - Rutana - Ra\u0161tin\u0117s reikmenys","robots":{"index":"index","follow":"follow","max-snippet":"max-snippet:-1","max-image-preview":"max-image-preview:large","max-video-preview":"max-video-preview:-1"},"canonical":"https:\/\/rutana.lt\/en\/product\/priklijuojamasis-stalinis-konferenciju-bloknotas-20-lapu-bi-office-2320403\/","og_locale":"en_US","og_type":"article","og_title":"Priklijuojamasis stalinis konferencij\u0173 bloknotas 20 lap\u0173 Bi-Office 2320403 - Rutana - Ra\u0161tin\u0117s reikmenys","og_description":"Priklijuojamasis stalinis konferencij\u0173 bloknotas &#8211; inovatyvus sprendimas su silpnai limpan\u010dia juostele leid\u017eia bloknotus pritvirtinti prie bet kokio pavir\u0161iaus ir perkelti. 100% perdirbtas popierius. Puikiai tinka ma\u017eiems susitikimams ir pristatymams. Nuimamas be lipni\u0173 \u017eymi\u0173 ar \u017eenkl\u0173. Tvirtas pagrindas su \u012fmontuota rankena ir \u017eymeklio d\u0117klu.Popieriaus gramat\u016bra: 80 g\/m2Lap\u0173 skai\u010dius: 20Lapo pavir\u0161ius: baltas Bloknoto matmenys: 50 x 58.5 [&hellip;]","og_url":"https:\/\/rutana.lt\/en\/product\/priklijuojamasis-stalinis-konferenciju-bloknotas-20-lapu-bi-office-2320403\/","og_site_name":"Rutana - Ra\u0161tin\u0117s reikmenys","article_publisher":"https:\/\/www.facebook.com\/RutanaKanceliarinesPrekes\/","article_modified_time":"2025-10-13T13:53:10+00:00","og_image":[{"width":1000,"height":1000,"url":"https:\/\/rutana.lt\/wp-content\/uploads\/2025\/09\/A031-404.jpg","type":"image\/jpeg"}],"twitter_card":"summary_large_image","schema":{"@context":"https:\/\/schema.org","@graph":[{"@type":"WebPage","@id":"https:\/\/rutana.lt\/produktas\/priklijuojamasis-stalinis-konferenciju-bloknotas-20-lapu-bi-office-2320403\/","url":"https:\/\/rutana.lt\/produktas\/priklijuojamasis-stalinis-konferenciju-bloknotas-20-lapu-bi-office-2320403\/","name":"Priklijuojamasis stalinis konferencij\u0173 bloknotas 20 lap\u0173 Bi-Office 2320403 - Rutana - Ra\u0161tin\u0117s reikmenys","isPartOf":{"@id":"https:\/\/rutana.lt\/#website"},"primaryImageOfPage":{"@id":"https:\/\/rutana.lt\/produktas\/priklijuojamasis-stalinis-konferenciju-bloknotas-20-lapu-bi-office-2320403\/#primaryimage"},"image":{"@id":"https:\/\/rutana.lt\/produktas\/priklijuojamasis-stalinis-konferenciju-bloknotas-20-lapu-bi-office-2320403\/#primaryimage"},"thumbnailUrl":"https:\/\/rutana.lt\/wp-content\/uploads\/2025\/09\/A031-404-2.jpg?v=1763564988","datePublished":"2025-09-03T07:49:54+00:00","dateModified":"2025-10-13T13:53:10+00:00","breadcrumb":{"@id":"https:\/\/rutana.lt\/produktas\/priklijuojamasis-stalinis-konferenciju-bloknotas-20-lapu-bi-office-2320403\/#breadcrumb"},"inLanguage":"en-US","potentialAction":[{"@type":"ReadAction","target":["https:\/\/rutana.lt\/produktas\/priklijuojamasis-stalinis-konferenciju-bloknotas-20-lapu-bi-office-2320403\/"]}]},{"@type":"ImageObject","inLanguage":"en-US","@id":"https:\/\/rutana.lt\/produktas\/priklijuojamasis-stalinis-konferenciju-bloknotas-20-lapu-bi-office-2320403\/#primaryimage","url":"https:\/\/rutana.lt\/wp-content\/uploads\/2025\/09\/A031-404-2.jpg?v=1763564988","contentUrl":"https:\/\/rutana.lt\/wp-content\/uploads\/2025\/09\/A031-404-2.jpg?v=1763564988","width":1000,"height":1000},{"@type":"BreadcrumbList","@id":"https:\/\/rutana.lt\/produktas\/priklijuojamasis-stalinis-konferenciju-bloknotas-20-lapu-bi-office-2320403\/#breadcrumb","itemListElement":[{"@type":"ListItem","position":1,"name":"Home","item":"https:\/\/rutana.lt\/"},{"@type":"ListItem","position":2,"name":"Parduotuv\u0117","item":"https:\/\/rutana.lt\/parduotuve\/"},{"@type":"ListItem","position":3,"name":"Priklijuojamasis stalinis konferencij\u0173 bloknotas 20 lap\u0173 Bi-Office 2320403"}]},{"@type":"WebSite","@id":"https:\/\/rutana.lt\/#website","url":"https:\/\/rutana.lt\/","name":"Rutana - Ra\u0161tin\u0117s reikmenys","description":"Prekiaujame pasaulin\u0117je rinkoje pripa\u017eintomis, kokybi\u0161komis biuro prek\u0117mis toki\u0173  gamintoj\u0173 kaip: Schneider, Esselte, Novus, 3M, Faber-Castell, Citizen, Milan, Leitz, Colop, Zebra, Staedtler, Durable, Tork, Parker, Waterman ir kt.","publisher":{"@id":"https:\/\/rutana.lt\/#organization"},"potentialAction":[{"@type":"SearchAction","target":{"@type":"EntryPoint","urlTemplate":"https:\/\/rutana.lt\/?s={search_term_string}"},"query-input":{"@type":"PropertyValueSpecification","valueRequired":true,"valueName":"search_term_string"}}],"inLanguage":"en-US"},{"@type":"Organization","@id":"https:\/\/rutana.lt\/#organization","name":"Rutana - Ra\u0161tin\u0117s reikmenys","url":"https:\/\/rutana.lt\/","logo":{"@type":"ImageObject","inLanguage":"en-US","@id":"https:\/\/rutana.lt\/#\/schema\/logo\/image\/","url":"https:\/\/rutana.lt\/wp-content\/uploads\/2025\/10\/Asset-32.png","contentUrl":"https:\/\/rutana.lt\/wp-content\/uploads\/2025\/10\/Asset-32.png","width":433,"height":119,"caption":"Rutana - Ra\u0161tin\u0117s reikmenys"},"image":{"@id":"https:\/\/rutana.lt\/#\/schema\/logo\/image\/"},"sameAs":["https:\/\/www.facebook.com\/RutanaKanceliarinesPrekes\/"]}]}},"_links":{"self":[{"href":"https:\/\/rutana.lt\/en\/wp-json\/wp\/v2\/product\/17152","targetHints":{"allow":["GET"]}}],"collection":[{"href":"https:\/\/rutana.lt\/en\/wp-json\/wp\/v2\/product"}],"about":[{"href":"https:\/\/rutana.lt\/en\/wp-json\/wp\/v2\/types\/product"}],"replies":[{"embeddable":true,"href":"https:\/\/rutana.lt\/en\/wp-json\/wp\/v2\/comments?post=17152"}],"version-history":[{"count":1,"href":"https:\/\/rutana.lt\/en\/wp-json\/wp\/v2\/product\/17152\/revisions"}],"predecessor-version":[{"id":17220,"href":"https:\/\/rutana.lt\/en\/wp-json\/wp\/v2\/product\/17152\/revisions\/17220"}],"wp:featuredmedia":[{"embeddable":true,"href":"https:\/\/rutana.lt\/en\/wp-json\/wp\/v2\/media\/29314"}],"wp:attachment":[{"href":"https:\/\/rutana.lt\/en\/wp-json\/wp\/v2\/media?parent=17152"}],"wp:term":[{"taxonomy":"product_brand","embeddable":true,"href":"https:\/\/rutana.lt\/en\/wp-json\/wp\/v2\/product_brand?post=17152"},{"taxonomy":"product_cat","embeddable":true,"href":"https:\/\/rutana.lt\/en\/wp-json\/wp\/v2\/product_cat?post=17152"},{"taxonomy":"product_tag","embeddable":true,"href":"https:\/\/rutana.lt\/en\/wp-json\/wp\/v2\/product_tag?post=17152"}],"curies":[{"name":"wp","href":"https:\/\/api.w.org\/{rel}","templated":true}]}}