{"id":17151,"date":"2025-09-03T09:49:54","date_gmt":"2025-09-03T07:49:54","guid":{"rendered":"https:\/\/rutana.webdemo.lt\/?post_type=product&#038;p=17151"},"modified":"2025-10-13T15:53:10","modified_gmt":"2025-10-13T13:53:10","slug":"penalas-kitty-1-skyrius-su-2-atvartais-yes-533424","status":"publish","type":"product","link":"https:\/\/rutana.lt\/en\/product\/penalas-kitty-1-skyrius-su-2-atvartais-yes-533424\/","title":{"rendered":"Penalas &#8222;Kitty&#8221; 1 skyrius su 2 atvartais Yes 533424"},"content":{"rendered":"<p>Penalas skirtas pradini\u0173 klasi\u0173 mokiniams. Turi 1 skyri\u0173 ir du papildomus atvartus, kurie leis sutalpinti dar daugiau mokyklini\u0173 preki\u0173, su 1 u\u017etrauktuku. Neu\u017epildytas.<\/p>\n<p>Penalo matmenys: 21 x 13 x 4 cm<\/p>\n<p>Spalva: geltona, su pie\u0161iniu<\/p>\n<p>Med\u017eiaga: poliesteris. Vidus lengvai nuvalomas nuo ra\u0161iklio ir pie\u0161tuko \u017eymi\u0173.<\/p>\n<p><\/p>\n<p><\/p>","protected":false},"excerpt":{"rendered":"<p>Penalas skirtas pradini\u0173 klasi\u0173 mokiniams. Turi 1 skyri\u0173 ir du papildomus atvartus, kurie leis sutalpinti dar daugiau mokyklini\u0173 preki\u0173, su 1 u\u017etrauktuku. Neu\u017epildytas. Penalo matmenys: 21 x 13 x 4 cm Spalva: geltona, su pie\u0161iniu Med\u017eiaga: poliesteris. Vidus lengvai nuvalomas nuo ra\u0161iklio ir pie\u0161tuko \u017eymi\u0173.<\/p>","protected":false},"featured_media":29313,"comment_status":"open","ping_status":"closed","template":"","meta":{"_season_start":"","_season_end":"","_season_days":"","_season_months":"","_season_auto_visibility":""},"product_brand":[533],"product_cat":[1535],"product_tag":[],"class_list":{"0":"post-17151","1":"product","2":"type-product","3":"status-publish","4":"has-post-thumbnail","6":"product_brand-yes","7":"product_cat-penalai-mokyklines-prekes","9":"first","10":"instock","11":"taxable","12":"shipping-taxable","13":"purchasable","14":"product-type-simple"},"yoast_head":"<!-- This site is optimized with the Yoast SEO plugin v27.4 - https:\/\/yoast.com\/product\/yoast-seo-wordpress\/ -->\n<title>Penalas &quot;Kitty&quot; 1 skyrius su 2 atvartais Yes 533424 - Rutana - Ra\u0161tin\u0117s reikmenys<\/title>\n<meta name=\"robots\" content=\"index, follow, max-snippet:-1, max-image-preview:large, max-video-preview:-1\" \/>\n<link rel=\"canonical\" href=\"https:\/\/rutana.lt\/en\/product\/penalas-kitty-1-skyrius-su-2-atvartais-yes-533424\/\" \/>\n<meta property=\"og:locale\" content=\"en_US\" \/>\n<meta property=\"og:type\" content=\"article\" \/>\n<meta property=\"og:title\" content=\"Penalas &quot;Kitty&quot; 1 skyrius su 2 atvartais Yes 533424 - Rutana - Ra\u0161tin\u0117s reikmenys\" \/>\n<meta property=\"og:description\" content=\"Penalas skirtas pradini\u0173 klasi\u0173 mokiniams. Turi 1 skyri\u0173 ir du papildomus atvartus, kurie leis sutalpinti dar daugiau mokyklini\u0173 preki\u0173, su 1 u\u017etrauktuku. Neu\u017epildytas. Penalo matmenys: 21 x 13 x 4 cm Spalva: geltona, su pie\u0161iniu Med\u017eiaga: poliesteris. Vidus lengvai nuvalomas nuo ra\u0161iklio ir pie\u0161tuko \u017eymi\u0173.\" \/>\n<meta property=\"og:url\" content=\"https:\/\/rutana.lt\/en\/product\/penalas-kitty-1-skyrius-su-2-atvartais-yes-533424\/\" \/>\n<meta property=\"og:site_name\" content=\"Rutana - Ra\u0161tin\u0117s reikmenys\" \/>\n<meta property=\"article:publisher\" content=\"https:\/\/www.facebook.com\/RutanaKanceliarinesPrekes\/\" \/>\n<meta property=\"article:modified_time\" content=\"2025-10-13T13:53:10+00:00\" \/>\n<meta property=\"og:image\" content=\"https:\/\/rutana.lt\/wp-content\/uploads\/2025\/09\/D027-103.jpg\" \/>\n\t<meta property=\"og:image:width\" content=\"1000\" \/>\n\t<meta property=\"og:image:height\" content=\"1000\" \/>\n\t<meta property=\"og:image:type\" content=\"image\/jpeg\" \/>\n<meta name=\"twitter:card\" content=\"summary_large_image\" \/>\n<script type=\"application\/ld+json\" class=\"yoast-schema-graph\">{\"@context\":\"https:\\\/\\\/schema.org\",\"@graph\":[{\"@type\":\"WebPage\",\"@id\":\"https:\\\/\\\/rutana.lt\\\/produktas\\\/penalas-kitty-1-skyrius-su-2-atvartais-yes-533424\\\/\",\"url\":\"https:\\\/\\\/rutana.lt\\\/produktas\\\/penalas-kitty-1-skyrius-su-2-atvartais-yes-533424\\\/\",\"name\":\"Penalas \\\"Kitty\\\" 1 skyrius su 2 atvartais Yes 533424 - Rutana - Ra\u0161tin\u0117s reikmenys\",\"isPartOf\":{\"@id\":\"https:\\\/\\\/rutana.lt\\\/#website\"},\"primaryImageOfPage\":{\"@id\":\"https:\\\/\\\/rutana.lt\\\/produktas\\\/penalas-kitty-1-skyrius-su-2-atvartais-yes-533424\\\/#primaryimage\"},\"image\":{\"@id\":\"https:\\\/\\\/rutana.lt\\\/produktas\\\/penalas-kitty-1-skyrius-su-2-atvartais-yes-533424\\\/#primaryimage\"},\"thumbnailUrl\":\"https:\\\/\\\/rutana.lt\\\/wp-content\\\/uploads\\\/2025\\\/09\\\/D027-103-4.jpg?v=1763564986\",\"datePublished\":\"2025-09-03T07:49:54+00:00\",\"dateModified\":\"2025-10-13T13:53:10+00:00\",\"breadcrumb\":{\"@id\":\"https:\\\/\\\/rutana.lt\\\/produktas\\\/penalas-kitty-1-skyrius-su-2-atvartais-yes-533424\\\/#breadcrumb\"},\"inLanguage\":\"en-US\",\"potentialAction\":[{\"@type\":\"ReadAction\",\"target\":[\"https:\\\/\\\/rutana.lt\\\/produktas\\\/penalas-kitty-1-skyrius-su-2-atvartais-yes-533424\\\/\"]}]},{\"@type\":\"ImageObject\",\"inLanguage\":\"en-US\",\"@id\":\"https:\\\/\\\/rutana.lt\\\/produktas\\\/penalas-kitty-1-skyrius-su-2-atvartais-yes-533424\\\/#primaryimage\",\"url\":\"https:\\\/\\\/rutana.lt\\\/wp-content\\\/uploads\\\/2025\\\/09\\\/D027-103-4.jpg?v=1763564986\",\"contentUrl\":\"https:\\\/\\\/rutana.lt\\\/wp-content\\\/uploads\\\/2025\\\/09\\\/D027-103-4.jpg?v=1763564986\",\"width\":1000,\"height\":1000},{\"@type\":\"BreadcrumbList\",\"@id\":\"https:\\\/\\\/rutana.lt\\\/produktas\\\/penalas-kitty-1-skyrius-su-2-atvartais-yes-533424\\\/#breadcrumb\",\"itemListElement\":[{\"@type\":\"ListItem\",\"position\":1,\"name\":\"Home\",\"item\":\"https:\\\/\\\/rutana.lt\\\/\"},{\"@type\":\"ListItem\",\"position\":2,\"name\":\"Parduotuv\u0117\",\"item\":\"https:\\\/\\\/rutana.lt\\\/parduotuve\\\/\"},{\"@type\":\"ListItem\",\"position\":3,\"name\":\"Penalas &#8222;Kitty&#8221; 1 skyrius su 2 atvartais Yes 533424\"}]},{\"@type\":\"WebSite\",\"@id\":\"https:\\\/\\\/rutana.lt\\\/#website\",\"url\":\"https:\\\/\\\/rutana.lt\\\/\",\"name\":\"Rutana - Ra\u0161tin\u0117s reikmenys\",\"description\":\"Prekiaujame pasaulin\u0117je rinkoje pripa\u017eintomis, kokybi\u0161komis biuro prek\u0117mis toki\u0173  gamintoj\u0173 kaip: Schneider, Esselte, Novus, 3M, Faber-Castell, Citizen, Milan, Leitz, Colop, Zebra, Staedtler, Durable, Tork, Parker, Waterman ir kt.\",\"publisher\":{\"@id\":\"https:\\\/\\\/rutana.lt\\\/#organization\"},\"potentialAction\":[{\"@type\":\"SearchAction\",\"target\":{\"@type\":\"EntryPoint\",\"urlTemplate\":\"https:\\\/\\\/rutana.lt\\\/?s={search_term_string}\"},\"query-input\":{\"@type\":\"PropertyValueSpecification\",\"valueRequired\":true,\"valueName\":\"search_term_string\"}}],\"inLanguage\":\"en-US\"},{\"@type\":\"Organization\",\"@id\":\"https:\\\/\\\/rutana.lt\\\/#organization\",\"name\":\"Rutana - Ra\u0161tin\u0117s reikmenys\",\"url\":\"https:\\\/\\\/rutana.lt\\\/\",\"logo\":{\"@type\":\"ImageObject\",\"inLanguage\":\"en-US\",\"@id\":\"https:\\\/\\\/rutana.lt\\\/#\\\/schema\\\/logo\\\/image\\\/\",\"url\":\"https:\\\/\\\/rutana.lt\\\/wp-content\\\/uploads\\\/2025\\\/10\\\/Asset-32.png\",\"contentUrl\":\"https:\\\/\\\/rutana.lt\\\/wp-content\\\/uploads\\\/2025\\\/10\\\/Asset-32.png\",\"width\":433,\"height\":119,\"caption\":\"Rutana - Ra\u0161tin\u0117s reikmenys\"},\"image\":{\"@id\":\"https:\\\/\\\/rutana.lt\\\/#\\\/schema\\\/logo\\\/image\\\/\"},\"sameAs\":[\"https:\\\/\\\/www.facebook.com\\\/RutanaKanceliarinesPrekes\\\/\"]}]}<\/script>\n<!-- \/ Yoast SEO plugin. -->","yoast_head_json":{"title":"Penalas \"Kitty\" 1 skyrius su 2 atvartais Yes 533424 - Rutana - Ra\u0161tin\u0117s reikmenys","robots":{"index":"index","follow":"follow","max-snippet":"max-snippet:-1","max-image-preview":"max-image-preview:large","max-video-preview":"max-video-preview:-1"},"canonical":"https:\/\/rutana.lt\/en\/product\/penalas-kitty-1-skyrius-su-2-atvartais-yes-533424\/","og_locale":"en_US","og_type":"article","og_title":"Penalas \"Kitty\" 1 skyrius su 2 atvartais Yes 533424 - Rutana - Ra\u0161tin\u0117s reikmenys","og_description":"Penalas skirtas pradini\u0173 klasi\u0173 mokiniams. Turi 1 skyri\u0173 ir du papildomus atvartus, kurie leis sutalpinti dar daugiau mokyklini\u0173 preki\u0173, su 1 u\u017etrauktuku. Neu\u017epildytas. Penalo matmenys: 21 x 13 x 4 cm Spalva: geltona, su pie\u0161iniu Med\u017eiaga: poliesteris. Vidus lengvai nuvalomas nuo ra\u0161iklio ir pie\u0161tuko \u017eymi\u0173.","og_url":"https:\/\/rutana.lt\/en\/product\/penalas-kitty-1-skyrius-su-2-atvartais-yes-533424\/","og_site_name":"Rutana - Ra\u0161tin\u0117s reikmenys","article_publisher":"https:\/\/www.facebook.com\/RutanaKanceliarinesPrekes\/","article_modified_time":"2025-10-13T13:53:10+00:00","og_image":[{"width":1000,"height":1000,"url":"https:\/\/rutana.lt\/wp-content\/uploads\/2025\/09\/D027-103.jpg","type":"image\/jpeg"}],"twitter_card":"summary_large_image","schema":{"@context":"https:\/\/schema.org","@graph":[{"@type":"WebPage","@id":"https:\/\/rutana.lt\/produktas\/penalas-kitty-1-skyrius-su-2-atvartais-yes-533424\/","url":"https:\/\/rutana.lt\/produktas\/penalas-kitty-1-skyrius-su-2-atvartais-yes-533424\/","name":"Penalas \"Kitty\" 1 skyrius su 2 atvartais Yes 533424 - Rutana - Ra\u0161tin\u0117s reikmenys","isPartOf":{"@id":"https:\/\/rutana.lt\/#website"},"primaryImageOfPage":{"@id":"https:\/\/rutana.lt\/produktas\/penalas-kitty-1-skyrius-su-2-atvartais-yes-533424\/#primaryimage"},"image":{"@id":"https:\/\/rutana.lt\/produktas\/penalas-kitty-1-skyrius-su-2-atvartais-yes-533424\/#primaryimage"},"thumbnailUrl":"https:\/\/rutana.lt\/wp-content\/uploads\/2025\/09\/D027-103-4.jpg?v=1763564986","datePublished":"2025-09-03T07:49:54+00:00","dateModified":"2025-10-13T13:53:10+00:00","breadcrumb":{"@id":"https:\/\/rutana.lt\/produktas\/penalas-kitty-1-skyrius-su-2-atvartais-yes-533424\/#breadcrumb"},"inLanguage":"en-US","potentialAction":[{"@type":"ReadAction","target":["https:\/\/rutana.lt\/produktas\/penalas-kitty-1-skyrius-su-2-atvartais-yes-533424\/"]}]},{"@type":"ImageObject","inLanguage":"en-US","@id":"https:\/\/rutana.lt\/produktas\/penalas-kitty-1-skyrius-su-2-atvartais-yes-533424\/#primaryimage","url":"https:\/\/rutana.lt\/wp-content\/uploads\/2025\/09\/D027-103-4.jpg?v=1763564986","contentUrl":"https:\/\/rutana.lt\/wp-content\/uploads\/2025\/09\/D027-103-4.jpg?v=1763564986","width":1000,"height":1000},{"@type":"BreadcrumbList","@id":"https:\/\/rutana.lt\/produktas\/penalas-kitty-1-skyrius-su-2-atvartais-yes-533424\/#breadcrumb","itemListElement":[{"@type":"ListItem","position":1,"name":"Home","item":"https:\/\/rutana.lt\/"},{"@type":"ListItem","position":2,"name":"Parduotuv\u0117","item":"https:\/\/rutana.lt\/parduotuve\/"},{"@type":"ListItem","position":3,"name":"Penalas &#8222;Kitty&#8221; 1 skyrius su 2 atvartais Yes 533424"}]},{"@type":"WebSite","@id":"https:\/\/rutana.lt\/#website","url":"https:\/\/rutana.lt\/","name":"Rutana - Ra\u0161tin\u0117s reikmenys","description":"Prekiaujame pasaulin\u0117je rinkoje pripa\u017eintomis, kokybi\u0161komis biuro prek\u0117mis toki\u0173  gamintoj\u0173 kaip: Schneider, Esselte, Novus, 3M, Faber-Castell, Citizen, Milan, Leitz, Colop, Zebra, Staedtler, Durable, Tork, Parker, Waterman ir kt.","publisher":{"@id":"https:\/\/rutana.lt\/#organization"},"potentialAction":[{"@type":"SearchAction","target":{"@type":"EntryPoint","urlTemplate":"https:\/\/rutana.lt\/?s={search_term_string}"},"query-input":{"@type":"PropertyValueSpecification","valueRequired":true,"valueName":"search_term_string"}}],"inLanguage":"en-US"},{"@type":"Organization","@id":"https:\/\/rutana.lt\/#organization","name":"Rutana - Ra\u0161tin\u0117s reikmenys","url":"https:\/\/rutana.lt\/","logo":{"@type":"ImageObject","inLanguage":"en-US","@id":"https:\/\/rutana.lt\/#\/schema\/logo\/image\/","url":"https:\/\/rutana.lt\/wp-content\/uploads\/2025\/10\/Asset-32.png","contentUrl":"https:\/\/rutana.lt\/wp-content\/uploads\/2025\/10\/Asset-32.png","width":433,"height":119,"caption":"Rutana - Ra\u0161tin\u0117s reikmenys"},"image":{"@id":"https:\/\/rutana.lt\/#\/schema\/logo\/image\/"},"sameAs":["https:\/\/www.facebook.com\/RutanaKanceliarinesPrekes\/"]}]}},"_links":{"self":[{"href":"https:\/\/rutana.lt\/en\/wp-json\/wp\/v2\/product\/17151","targetHints":{"allow":["GET"]}}],"collection":[{"href":"https:\/\/rutana.lt\/en\/wp-json\/wp\/v2\/product"}],"about":[{"href":"https:\/\/rutana.lt\/en\/wp-json\/wp\/v2\/types\/product"}],"replies":[{"embeddable":true,"href":"https:\/\/rutana.lt\/en\/wp-json\/wp\/v2\/comments?post=17151"}],"version-history":[{"count":1,"href":"https:\/\/rutana.lt\/en\/wp-json\/wp\/v2\/product\/17151\/revisions"}],"predecessor-version":[{"id":17218,"href":"https:\/\/rutana.lt\/en\/wp-json\/wp\/v2\/product\/17151\/revisions\/17218"}],"wp:featuredmedia":[{"embeddable":true,"href":"https:\/\/rutana.lt\/en\/wp-json\/wp\/v2\/media\/29313"}],"wp:attachment":[{"href":"https:\/\/rutana.lt\/en\/wp-json\/wp\/v2\/media?parent=17151"}],"wp:term":[{"taxonomy":"product_brand","embeddable":true,"href":"https:\/\/rutana.lt\/en\/wp-json\/wp\/v2\/product_brand?post=17151"},{"taxonomy":"product_cat","embeddable":true,"href":"https:\/\/rutana.lt\/en\/wp-json\/wp\/v2\/product_cat?post=17151"},{"taxonomy":"product_tag","embeddable":true,"href":"https:\/\/rutana.lt\/en\/wp-json\/wp\/v2\/product_tag?post=17151"}],"curies":[{"name":"wp","href":"https:\/\/api.w.org\/{rel}","templated":true}]}}