{"id":17149,"date":"2025-09-03T09:49:54","date_gmt":"2025-09-03T07:49:54","guid":{"rendered":"https:\/\/rutana.webdemo.lt\/?post_type=product&#038;p=17149"},"modified":"2025-10-13T15:53:09","modified_gmt":"2025-10-13T13:53:09","slug":"uzrasu-knygute-vilnius-a5-kietu-virseliu-cloudline","status":"publish","type":"product","link":"https:\/\/rutana.lt\/en\/product\/uzrasu-knygute-vilnius-a5-kietu-virseliu-cloudline\/","title":{"rendered":"U\u017era\u0161\u0173 knygut\u0117 &#8222;Vilnius&#8221; A5 kietu vir\u0161eliu Cloudline"},"content":{"rendered":"<p style=\"margin-bottom: 10px;\">U\u017era\u0161\u0173 knygut\u0117 kietu, popieriniu vir\u0161eliu su i\u0161skirtinio dizaino motyvais, skirta \u012fvairiems u\u017era\u0161ams pasi\u017eym\u0117ti. <span style=\"background-color: initial; color: inherit; font-family: inherit; font-size: inherit; font-style: inherit; font-variant-ligatures: inherit; font-variant-caps: inherit; font-weight: inherit; text-decoration-line: inherit; text-transform: inherit; letter-spacing: 0.7px;\">U\u017era\u0161in\u0117s \u0161onai nuda\u017eyti m\u0117lyna spalva. <\/span>Puikiai tinkama dovanoti.<\/p>\n<p style=\"margin-bottom: 10px;\">Atvartas: viena pus\u0117 linijomis, kita &#8211; ta\u0161keliais<\/p>\n<p style=\"margin-bottom: 10px;\">Dydis: A5 ( 150 x 215 mm )<\/p>\n<p style=\"margin-bottom: 10px;\">Puslapi\u0173 skai\u010dius: 144<\/p>\n<p style=\"margin-bottom: 10px;\">Susegimas: si\u016btas<\/p>\n<p style=\"margin-bottom: 10px;\">Vir\u0161elio dizainas skirtas: Vilniui<\/p>","protected":false},"excerpt":{"rendered":"<p>U\u017era\u0161\u0173 knygut\u0117 kietu, popieriniu vir\u0161eliu su i\u0161skirtinio dizaino motyvais, skirta \u012fvairiems u\u017era\u0161ams pasi\u017eym\u0117ti. U\u017era\u0161in\u0117s \u0161onai nuda\u017eyti m\u0117lyna spalva. Puikiai tinkama dovanoti. Atvartas: viena pus\u0117 linijomis, kita &#8211; ta\u0161keliais Dydis: A5 ( 150 x 215 mm ) Puslapi\u0173 skai\u010dius: 144 Susegimas: si\u016btas Vir\u0161elio dizainas skirtas: Vilniui<\/p>","protected":false},"featured_media":29310,"comment_status":"open","ping_status":"closed","template":"","meta":{"_season_start":"","_season_end":"","_season_days":"","_season_months":"","_season_auto_visibility":""},"product_brand":[83],"product_cat":[1856,1857],"product_tag":[],"class_list":{"0":"post-17149","1":"product","2":"type-product","3":"status-publish","4":"has-post-thumbnail","6":"product_brand-null","7":"product_cat-a5","8":"product_cat-a6-formatas","10":"first","11":"instock","12":"taxable","13":"shipping-taxable","14":"purchasable","15":"product-type-simple"},"yoast_head":"<!-- This site is optimized with the Yoast SEO plugin v26.1.1 - https:\/\/yoast.com\/wordpress\/plugins\/seo\/ -->\n<title>U\u017era\u0161\u0173 knygut\u0117 &quot;Vilnius&quot; A5 kietu vir\u0161eliu Cloudline - Rutana - Ra\u0161tin\u0117s reikmenys<\/title>\n<meta name=\"robots\" content=\"index, follow, max-snippet:-1, max-image-preview:large, max-video-preview:-1\" \/>\n<link rel=\"canonical\" href=\"https:\/\/rutana.lt\/en\/product\/uzrasu-knygute-vilnius-a5-kietu-virseliu-cloudline\/\" \/>\n<meta property=\"og:locale\" content=\"en_US\" \/>\n<meta property=\"og:type\" content=\"article\" \/>\n<meta property=\"og:title\" content=\"U\u017era\u0161\u0173 knygut\u0117 &quot;Vilnius&quot; A5 kietu vir\u0161eliu Cloudline - Rutana - Ra\u0161tin\u0117s reikmenys\" \/>\n<meta property=\"og:description\" content=\"U\u017era\u0161\u0173 knygut\u0117 kietu, popieriniu vir\u0161eliu su i\u0161skirtinio dizaino motyvais, skirta \u012fvairiems u\u017era\u0161ams pasi\u017eym\u0117ti. U\u017era\u0161in\u0117s \u0161onai nuda\u017eyti m\u0117lyna spalva. Puikiai tinkama dovanoti. Atvartas: viena pus\u0117 linijomis, kita &#8211; ta\u0161keliais Dydis: A5 ( 150 x 215 mm ) Puslapi\u0173 skai\u010dius: 144 Susegimas: si\u016btas Vir\u0161elio dizainas skirtas: Vilniui\" \/>\n<meta property=\"og:url\" content=\"https:\/\/rutana.lt\/en\/product\/uzrasu-knygute-vilnius-a5-kietu-virseliu-cloudline\/\" \/>\n<meta property=\"og:site_name\" content=\"Rutana - Ra\u0161tin\u0117s reikmenys\" \/>\n<meta property=\"article:publisher\" content=\"https:\/\/www.facebook.com\/RutanaKanceliarinesPrekes\/\" \/>\n<meta property=\"article:modified_time\" content=\"2025-10-13T13:53:09+00:00\" \/>\n<meta property=\"og:image\" content=\"https:\/\/rutana.lt\/wp-content\/uploads\/2025\/09\/A032-192-1.jpg\" \/>\n\t<meta property=\"og:image:width\" content=\"1000\" \/>\n\t<meta property=\"og:image:height\" content=\"1000\" \/>\n\t<meta property=\"og:image:type\" content=\"image\/jpeg\" \/>\n<meta name=\"twitter:card\" content=\"summary_large_image\" \/>\n<script type=\"application\/ld+json\" class=\"yoast-schema-graph\">{\"@context\":\"https:\/\/schema.org\",\"@graph\":[{\"@type\":\"WebPage\",\"@id\":\"https:\/\/rutana.lt\/produktas\/uzrasu-knygute-vilnius-a5-kietu-virseliu-cloudline\/\",\"url\":\"https:\/\/rutana.lt\/produktas\/uzrasu-knygute-vilnius-a5-kietu-virseliu-cloudline\/\",\"name\":\"U\u017era\u0161\u0173 knygut\u0117 \\\"Vilnius\\\" A5 kietu vir\u0161eliu Cloudline - Rutana - Ra\u0161tin\u0117s reikmenys\",\"isPartOf\":{\"@id\":\"https:\/\/rutana.lt\/#website\"},\"primaryImageOfPage\":{\"@id\":\"https:\/\/rutana.lt\/produktas\/uzrasu-knygute-vilnius-a5-kietu-virseliu-cloudline\/#primaryimage\"},\"image\":{\"@id\":\"https:\/\/rutana.lt\/produktas\/uzrasu-knygute-vilnius-a5-kietu-virseliu-cloudline\/#primaryimage\"},\"thumbnailUrl\":\"https:\/\/rutana.lt\/wp-content\/uploads\/2025\/09\/A032-192-1-2.jpg?v=1763564999\",\"datePublished\":\"2025-09-03T07:49:54+00:00\",\"dateModified\":\"2025-10-13T13:53:09+00:00\",\"breadcrumb\":{\"@id\":\"https:\/\/rutana.lt\/produktas\/uzrasu-knygute-vilnius-a5-kietu-virseliu-cloudline\/#breadcrumb\"},\"inLanguage\":\"en-US\",\"potentialAction\":[{\"@type\":\"ReadAction\",\"target\":[\"https:\/\/rutana.lt\/produktas\/uzrasu-knygute-vilnius-a5-kietu-virseliu-cloudline\/\"]}]},{\"@type\":\"ImageObject\",\"inLanguage\":\"en-US\",\"@id\":\"https:\/\/rutana.lt\/produktas\/uzrasu-knygute-vilnius-a5-kietu-virseliu-cloudline\/#primaryimage\",\"url\":\"https:\/\/rutana.lt\/wp-content\/uploads\/2025\/09\/A032-192-1-2.jpg?v=1763564999\",\"contentUrl\":\"https:\/\/rutana.lt\/wp-content\/uploads\/2025\/09\/A032-192-1-2.jpg?v=1763564999\",\"width\":1000,\"height\":1000},{\"@type\":\"BreadcrumbList\",\"@id\":\"https:\/\/rutana.lt\/produktas\/uzrasu-knygute-vilnius-a5-kietu-virseliu-cloudline\/#breadcrumb\",\"itemListElement\":[{\"@type\":\"ListItem\",\"position\":1,\"name\":\"Home\",\"item\":\"https:\/\/rutana.lt\/\"},{\"@type\":\"ListItem\",\"position\":2,\"name\":\"Parduotuv\u0117\",\"item\":\"https:\/\/rutana.lt\/parduotuve\/\"},{\"@type\":\"ListItem\",\"position\":3,\"name\":\"U\u017era\u0161\u0173 knygut\u0117 &#8222;Vilnius&#8221; A5 kietu vir\u0161eliu Cloudline\"}]},{\"@type\":\"WebSite\",\"@id\":\"https:\/\/rutana.lt\/#website\",\"url\":\"https:\/\/rutana.lt\/\",\"name\":\"Rutana - Ra\u0161tin\u0117s reikmenys\",\"description\":\"Prekiaujame pasaulin\u0117je rinkoje pripa\u017eintomis, kokybi\u0161komis biuro prek\u0117mis toki\u0173  gamintoj\u0173 kaip: Schneider, Esselte, Novus, 3M, Faber-Castell, Citizen, Milan, Leitz, Colop, Zebra, Staedtler, Durable, Tork, Parker, Waterman ir kt.\",\"publisher\":{\"@id\":\"https:\/\/rutana.lt\/#organization\"},\"potentialAction\":[{\"@type\":\"SearchAction\",\"target\":{\"@type\":\"EntryPoint\",\"urlTemplate\":\"https:\/\/rutana.lt\/?s={search_term_string}\"},\"query-input\":{\"@type\":\"PropertyValueSpecification\",\"valueRequired\":true,\"valueName\":\"search_term_string\"}}],\"inLanguage\":\"en-US\"},{\"@type\":\"Organization\",\"@id\":\"https:\/\/rutana.lt\/#organization\",\"name\":\"Rutana - Ra\u0161tin\u0117s reikmenys\",\"url\":\"https:\/\/rutana.lt\/\",\"logo\":{\"@type\":\"ImageObject\",\"inLanguage\":\"en-US\",\"@id\":\"https:\/\/rutana.lt\/#\/schema\/logo\/image\/\",\"url\":\"https:\/\/rutana.lt\/wp-content\/uploads\/2025\/10\/Asset-32.png\",\"contentUrl\":\"https:\/\/rutana.lt\/wp-content\/uploads\/2025\/10\/Asset-32.png\",\"width\":433,\"height\":119,\"caption\":\"Rutana - Ra\u0161tin\u0117s reikmenys\"},\"image\":{\"@id\":\"https:\/\/rutana.lt\/#\/schema\/logo\/image\/\"},\"sameAs\":[\"https:\/\/www.facebook.com\/RutanaKanceliarinesPrekes\/\"]}]}<\/script>\n<!-- \/ Yoast SEO plugin. -->","yoast_head_json":{"title":"U\u017era\u0161\u0173 knygut\u0117 \"Vilnius\" A5 kietu vir\u0161eliu Cloudline - Rutana - Ra\u0161tin\u0117s reikmenys","robots":{"index":"index","follow":"follow","max-snippet":"max-snippet:-1","max-image-preview":"max-image-preview:large","max-video-preview":"max-video-preview:-1"},"canonical":"https:\/\/rutana.lt\/en\/product\/uzrasu-knygute-vilnius-a5-kietu-virseliu-cloudline\/","og_locale":"en_US","og_type":"article","og_title":"U\u017era\u0161\u0173 knygut\u0117 \"Vilnius\" A5 kietu vir\u0161eliu Cloudline - Rutana - Ra\u0161tin\u0117s reikmenys","og_description":"U\u017era\u0161\u0173 knygut\u0117 kietu, popieriniu vir\u0161eliu su i\u0161skirtinio dizaino motyvais, skirta \u012fvairiems u\u017era\u0161ams pasi\u017eym\u0117ti. U\u017era\u0161in\u0117s \u0161onai nuda\u017eyti m\u0117lyna spalva. Puikiai tinkama dovanoti. Atvartas: viena pus\u0117 linijomis, kita &#8211; ta\u0161keliais Dydis: A5 ( 150 x 215 mm ) Puslapi\u0173 skai\u010dius: 144 Susegimas: si\u016btas Vir\u0161elio dizainas skirtas: Vilniui","og_url":"https:\/\/rutana.lt\/en\/product\/uzrasu-knygute-vilnius-a5-kietu-virseliu-cloudline\/","og_site_name":"Rutana - Ra\u0161tin\u0117s reikmenys","article_publisher":"https:\/\/www.facebook.com\/RutanaKanceliarinesPrekes\/","article_modified_time":"2025-10-13T13:53:09+00:00","og_image":[{"width":1000,"height":1000,"url":"https:\/\/rutana.lt\/wp-content\/uploads\/2025\/09\/A032-192-1.jpg","type":"image\/jpeg"}],"twitter_card":"summary_large_image","schema":{"@context":"https:\/\/schema.org","@graph":[{"@type":"WebPage","@id":"https:\/\/rutana.lt\/produktas\/uzrasu-knygute-vilnius-a5-kietu-virseliu-cloudline\/","url":"https:\/\/rutana.lt\/produktas\/uzrasu-knygute-vilnius-a5-kietu-virseliu-cloudline\/","name":"U\u017era\u0161\u0173 knygut\u0117 \"Vilnius\" A5 kietu vir\u0161eliu Cloudline - Rutana - Ra\u0161tin\u0117s reikmenys","isPartOf":{"@id":"https:\/\/rutana.lt\/#website"},"primaryImageOfPage":{"@id":"https:\/\/rutana.lt\/produktas\/uzrasu-knygute-vilnius-a5-kietu-virseliu-cloudline\/#primaryimage"},"image":{"@id":"https:\/\/rutana.lt\/produktas\/uzrasu-knygute-vilnius-a5-kietu-virseliu-cloudline\/#primaryimage"},"thumbnailUrl":"https:\/\/rutana.lt\/wp-content\/uploads\/2025\/09\/A032-192-1-2.jpg?v=1763564999","datePublished":"2025-09-03T07:49:54+00:00","dateModified":"2025-10-13T13:53:09+00:00","breadcrumb":{"@id":"https:\/\/rutana.lt\/produktas\/uzrasu-knygute-vilnius-a5-kietu-virseliu-cloudline\/#breadcrumb"},"inLanguage":"en-US","potentialAction":[{"@type":"ReadAction","target":["https:\/\/rutana.lt\/produktas\/uzrasu-knygute-vilnius-a5-kietu-virseliu-cloudline\/"]}]},{"@type":"ImageObject","inLanguage":"en-US","@id":"https:\/\/rutana.lt\/produktas\/uzrasu-knygute-vilnius-a5-kietu-virseliu-cloudline\/#primaryimage","url":"https:\/\/rutana.lt\/wp-content\/uploads\/2025\/09\/A032-192-1-2.jpg?v=1763564999","contentUrl":"https:\/\/rutana.lt\/wp-content\/uploads\/2025\/09\/A032-192-1-2.jpg?v=1763564999","width":1000,"height":1000},{"@type":"BreadcrumbList","@id":"https:\/\/rutana.lt\/produktas\/uzrasu-knygute-vilnius-a5-kietu-virseliu-cloudline\/#breadcrumb","itemListElement":[{"@type":"ListItem","position":1,"name":"Home","item":"https:\/\/rutana.lt\/"},{"@type":"ListItem","position":2,"name":"Parduotuv\u0117","item":"https:\/\/rutana.lt\/parduotuve\/"},{"@type":"ListItem","position":3,"name":"U\u017era\u0161\u0173 knygut\u0117 &#8222;Vilnius&#8221; A5 kietu vir\u0161eliu Cloudline"}]},{"@type":"WebSite","@id":"https:\/\/rutana.lt\/#website","url":"https:\/\/rutana.lt\/","name":"Rutana - Ra\u0161tin\u0117s reikmenys","description":"Prekiaujame pasaulin\u0117je rinkoje pripa\u017eintomis, kokybi\u0161komis biuro prek\u0117mis toki\u0173  gamintoj\u0173 kaip: Schneider, Esselte, Novus, 3M, Faber-Castell, Citizen, Milan, Leitz, Colop, Zebra, Staedtler, Durable, Tork, Parker, Waterman ir kt.","publisher":{"@id":"https:\/\/rutana.lt\/#organization"},"potentialAction":[{"@type":"SearchAction","target":{"@type":"EntryPoint","urlTemplate":"https:\/\/rutana.lt\/?s={search_term_string}"},"query-input":{"@type":"PropertyValueSpecification","valueRequired":true,"valueName":"search_term_string"}}],"inLanguage":"en-US"},{"@type":"Organization","@id":"https:\/\/rutana.lt\/#organization","name":"Rutana - Ra\u0161tin\u0117s reikmenys","url":"https:\/\/rutana.lt\/","logo":{"@type":"ImageObject","inLanguage":"en-US","@id":"https:\/\/rutana.lt\/#\/schema\/logo\/image\/","url":"https:\/\/rutana.lt\/wp-content\/uploads\/2025\/10\/Asset-32.png","contentUrl":"https:\/\/rutana.lt\/wp-content\/uploads\/2025\/10\/Asset-32.png","width":433,"height":119,"caption":"Rutana - Ra\u0161tin\u0117s reikmenys"},"image":{"@id":"https:\/\/rutana.lt\/#\/schema\/logo\/image\/"},"sameAs":["https:\/\/www.facebook.com\/RutanaKanceliarinesPrekes\/"]}]}},"_links":{"self":[{"href":"https:\/\/rutana.lt\/en\/wp-json\/wp\/v2\/product\/17149","targetHints":{"allow":["GET"]}}],"collection":[{"href":"https:\/\/rutana.lt\/en\/wp-json\/wp\/v2\/product"}],"about":[{"href":"https:\/\/rutana.lt\/en\/wp-json\/wp\/v2\/types\/product"}],"replies":[{"embeddable":true,"href":"https:\/\/rutana.lt\/en\/wp-json\/wp\/v2\/comments?post=17149"}],"version-history":[{"count":1,"href":"https:\/\/rutana.lt\/en\/wp-json\/wp\/v2\/product\/17149\/revisions"}],"predecessor-version":[{"id":17214,"href":"https:\/\/rutana.lt\/en\/wp-json\/wp\/v2\/product\/17149\/revisions\/17214"}],"wp:featuredmedia":[{"embeddable":true,"href":"https:\/\/rutana.lt\/en\/wp-json\/wp\/v2\/media\/29310"}],"wp:attachment":[{"href":"https:\/\/rutana.lt\/en\/wp-json\/wp\/v2\/media?parent=17149"}],"wp:term":[{"taxonomy":"product_brand","embeddable":true,"href":"https:\/\/rutana.lt\/en\/wp-json\/wp\/v2\/product_brand?post=17149"},{"taxonomy":"product_cat","embeddable":true,"href":"https:\/\/rutana.lt\/en\/wp-json\/wp\/v2\/product_cat?post=17149"},{"taxonomy":"product_tag","embeddable":true,"href":"https:\/\/rutana.lt\/en\/wp-json\/wp\/v2\/product_tag?post=17149"}],"curies":[{"name":"wp","href":"https:\/\/api.w.org\/{rel}","templated":true}]}}