{"id":17098,"date":"2025-09-03T09:49:30","date_gmt":"2025-09-03T07:49:30","guid":{"rendered":"https:\/\/rutana.webdemo.lt\/?post_type=product&#038;p=17098"},"modified":"2025-10-13T15:53:01","modified_gmt":"2025-10-13T13:53:01","slug":"oro-gaiviklio-hermitage-zemuogiu-kvapo-papildymas-1000-ml-101020","status":"publish","type":"product","link":"https:\/\/rutana.lt\/en\/product\/oro-gaiviklio-hermitage-zemuogiu-kvapo-papildymas-1000-ml-101020\/","title":{"rendered":"Oro gaiviklio Hermitage \u017eemuogi\u0173 kvapo papildymas 1000 ml 101020"},"content":{"rendered":"<p>Tai naujos kartos oro gaiviklis nepaliekantis abejing\u0173, kurie m\u0117gsta \u017eemuoges. Nuostabaus \u017eemuogi\u0173 aromato gaiviklis maloniai kvepina ir neutralizuoja pa\u0161alinius kvapus patalpoje. \u017demuogi\u0173 kvapas \u0161velniai u\u017epildo patalp\u0105 ir sukuria maloni\u0105 atmosfer\u0105, kurie primena gaivius pavasario rytus ar \u0161ilt\u0105 saul\u0117t\u0105 dienos pabaig\u0105. Kiekvien\u0105 lankytoj\u0105 \u017eemuogi\u0173 dvelksmas nune\u0161 \u012f vaikystes pievas ir primins ner\u016bpestingas dienas, kurios padeda atsipalaiduoti po dienos r\u016bpes\u010di\u0173. Modernaus dozavimo pagalba u\u017eteks tik vieno papur\u0161kimo, kad malonus kvapas pasklist\u0173 po vis\u0105 patalp\u0105. Rekomenduojama papildyti \u012f oro gaiviklio Hermitage 300ml talpos dozavimo buteliuk\u0105.<\/p>\n<div>Talpa: 1000 ml<\/div>\n<p>Kvapas: \u017eemuogi\u0173<\/p>\n<p>Kilm\u0117s \u0161alis: Ispanija<\/p>\n<p><\/p>\n<p><\/p>","protected":false},"excerpt":{"rendered":"<p>Tai naujos kartos oro gaiviklis nepaliekantis abejing\u0173, kurie m\u0117gsta \u017eemuoges. Nuostabaus \u017eemuogi\u0173 aromato gaiviklis maloniai kvepina ir neutralizuoja pa\u0161alinius kvapus patalpoje. \u017demuogi\u0173 kvapas \u0161velniai u\u017epildo patalp\u0105 ir sukuria maloni\u0105 atmosfer\u0105, kurie primena gaivius pavasario rytus ar \u0161ilt\u0105 saul\u0117t\u0105 dienos pabaig\u0105. Kiekvien\u0105 lankytoj\u0105 \u017eemuogi\u0173 dvelksmas nune\u0161 \u012f vaikystes pievas ir primins ner\u016bpestingas dienas, kurios padeda atsipalaiduoti [&hellip;]<\/p>","protected":false},"featured_media":29295,"comment_status":"open","ping_status":"closed","template":"","meta":{"_season_start":"","_season_end":"","_season_days":"","_season_months":"","_season_auto_visibility":""},"product_brand":[664],"product_cat":[1632],"product_tag":[],"class_list":{"0":"post-17098","1":"product","2":"type-product","3":"status-publish","4":"has-post-thumbnail","6":"product_brand-vijusa","7":"product_cat-oro-gaivikliai","9":"first","10":"instock","11":"taxable","12":"shipping-taxable","13":"purchasable","14":"product-type-simple"},"yoast_head":"<!-- This site is optimized with the Yoast SEO plugin v27.4 - https:\/\/yoast.com\/product\/yoast-seo-wordpress\/ -->\n<title>Oro gaiviklio Hermitage \u017eemuogi\u0173 kvapo papildymas 1000 ml 101020 - Rutana - Ra\u0161tin\u0117s reikmenys<\/title>\n<meta name=\"robots\" content=\"index, follow, max-snippet:-1, max-image-preview:large, max-video-preview:-1\" \/>\n<link rel=\"canonical\" href=\"https:\/\/rutana.lt\/en\/product\/oro-gaiviklio-hermitage-zemuogiu-kvapo-papildymas-1000-ml-101020\/\" \/>\n<meta property=\"og:locale\" content=\"en_US\" \/>\n<meta property=\"og:type\" content=\"article\" \/>\n<meta property=\"og:title\" content=\"Oro gaiviklio Hermitage \u017eemuogi\u0173 kvapo papildymas 1000 ml 101020 - Rutana - Ra\u0161tin\u0117s reikmenys\" \/>\n<meta property=\"og:description\" content=\"Tai naujos kartos oro gaiviklis nepaliekantis abejing\u0173, kurie m\u0117gsta \u017eemuoges. Nuostabaus \u017eemuogi\u0173 aromato gaiviklis maloniai kvepina ir neutralizuoja pa\u0161alinius kvapus patalpoje. \u017demuogi\u0173 kvapas \u0161velniai u\u017epildo patalp\u0105 ir sukuria maloni\u0105 atmosfer\u0105, kurie primena gaivius pavasario rytus ar \u0161ilt\u0105 saul\u0117t\u0105 dienos pabaig\u0105. Kiekvien\u0105 lankytoj\u0105 \u017eemuogi\u0173 dvelksmas nune\u0161 \u012f vaikystes pievas ir primins ner\u016bpestingas dienas, kurios padeda atsipalaiduoti [&hellip;]\" \/>\n<meta property=\"og:url\" content=\"https:\/\/rutana.lt\/en\/product\/oro-gaiviklio-hermitage-zemuogiu-kvapo-papildymas-1000-ml-101020\/\" \/>\n<meta property=\"og:site_name\" content=\"Rutana - Ra\u0161tin\u0117s reikmenys\" \/>\n<meta property=\"article:publisher\" content=\"https:\/\/www.facebook.com\/RutanaKanceliarinesPrekes\/\" \/>\n<meta property=\"article:modified_time\" content=\"2025-10-13T13:53:01+00:00\" \/>\n<meta property=\"og:image\" content=\"https:\/\/rutana.lt\/wp-content\/uploads\/2025\/09\/B095-012.jpg\" \/>\n\t<meta property=\"og:image:width\" content=\"1096\" \/>\n\t<meta property=\"og:image:height\" content=\"1024\" \/>\n\t<meta property=\"og:image:type\" content=\"image\/jpeg\" \/>\n<meta name=\"twitter:card\" content=\"summary_large_image\" \/>\n<script type=\"application\/ld+json\" class=\"yoast-schema-graph\">{\"@context\":\"https:\\\/\\\/schema.org\",\"@graph\":[{\"@type\":\"WebPage\",\"@id\":\"https:\\\/\\\/rutana.lt\\\/produktas\\\/oro-gaiviklio-hermitage-zemuogiu-kvapo-papildymas-1000-ml-101020\\\/\",\"url\":\"https:\\\/\\\/rutana.lt\\\/produktas\\\/oro-gaiviklio-hermitage-zemuogiu-kvapo-papildymas-1000-ml-101020\\\/\",\"name\":\"Oro gaiviklio Hermitage \u017eemuogi\u0173 kvapo papildymas 1000 ml 101020 - Rutana - Ra\u0161tin\u0117s reikmenys\",\"isPartOf\":{\"@id\":\"https:\\\/\\\/rutana.lt\\\/#website\"},\"primaryImageOfPage\":{\"@id\":\"https:\\\/\\\/rutana.lt\\\/produktas\\\/oro-gaiviklio-hermitage-zemuogiu-kvapo-papildymas-1000-ml-101020\\\/#primaryimage\"},\"image\":{\"@id\":\"https:\\\/\\\/rutana.lt\\\/produktas\\\/oro-gaiviklio-hermitage-zemuogiu-kvapo-papildymas-1000-ml-101020\\\/#primaryimage\"},\"thumbnailUrl\":\"https:\\\/\\\/rutana.lt\\\/wp-content\\\/uploads\\\/2025\\\/09\\\/B095-012-1.jpg?v=1763565035\",\"datePublished\":\"2025-09-03T07:49:30+00:00\",\"dateModified\":\"2025-10-13T13:53:01+00:00\",\"breadcrumb\":{\"@id\":\"https:\\\/\\\/rutana.lt\\\/produktas\\\/oro-gaiviklio-hermitage-zemuogiu-kvapo-papildymas-1000-ml-101020\\\/#breadcrumb\"},\"inLanguage\":\"en-US\",\"potentialAction\":[{\"@type\":\"ReadAction\",\"target\":[\"https:\\\/\\\/rutana.lt\\\/produktas\\\/oro-gaiviklio-hermitage-zemuogiu-kvapo-papildymas-1000-ml-101020\\\/\"]}]},{\"@type\":\"ImageObject\",\"inLanguage\":\"en-US\",\"@id\":\"https:\\\/\\\/rutana.lt\\\/produktas\\\/oro-gaiviklio-hermitage-zemuogiu-kvapo-papildymas-1000-ml-101020\\\/#primaryimage\",\"url\":\"https:\\\/\\\/rutana.lt\\\/wp-content\\\/uploads\\\/2025\\\/09\\\/B095-012-1.jpg?v=1763565035\",\"contentUrl\":\"https:\\\/\\\/rutana.lt\\\/wp-content\\\/uploads\\\/2025\\\/09\\\/B095-012-1.jpg?v=1763565035\",\"width\":1096,\"height\":1024},{\"@type\":\"BreadcrumbList\",\"@id\":\"https:\\\/\\\/rutana.lt\\\/produktas\\\/oro-gaiviklio-hermitage-zemuogiu-kvapo-papildymas-1000-ml-101020\\\/#breadcrumb\",\"itemListElement\":[{\"@type\":\"ListItem\",\"position\":1,\"name\":\"Home\",\"item\":\"https:\\\/\\\/rutana.lt\\\/\"},{\"@type\":\"ListItem\",\"position\":2,\"name\":\"Parduotuv\u0117\",\"item\":\"https:\\\/\\\/rutana.lt\\\/parduotuve\\\/\"},{\"@type\":\"ListItem\",\"position\":3,\"name\":\"Oro gaiviklio Hermitage \u017eemuogi\u0173 kvapo papildymas 1000 ml 101020\"}]},{\"@type\":\"WebSite\",\"@id\":\"https:\\\/\\\/rutana.lt\\\/#website\",\"url\":\"https:\\\/\\\/rutana.lt\\\/\",\"name\":\"Rutana - Ra\u0161tin\u0117s reikmenys\",\"description\":\"Prekiaujame pasaulin\u0117je rinkoje pripa\u017eintomis, kokybi\u0161komis biuro prek\u0117mis toki\u0173  gamintoj\u0173 kaip: Schneider, Esselte, Novus, 3M, Faber-Castell, Citizen, Milan, Leitz, Colop, Zebra, Staedtler, Durable, Tork, Parker, Waterman ir kt.\",\"publisher\":{\"@id\":\"https:\\\/\\\/rutana.lt\\\/#organization\"},\"potentialAction\":[{\"@type\":\"SearchAction\",\"target\":{\"@type\":\"EntryPoint\",\"urlTemplate\":\"https:\\\/\\\/rutana.lt\\\/?s={search_term_string}\"},\"query-input\":{\"@type\":\"PropertyValueSpecification\",\"valueRequired\":true,\"valueName\":\"search_term_string\"}}],\"inLanguage\":\"en-US\"},{\"@type\":\"Organization\",\"@id\":\"https:\\\/\\\/rutana.lt\\\/#organization\",\"name\":\"Rutana - Ra\u0161tin\u0117s reikmenys\",\"url\":\"https:\\\/\\\/rutana.lt\\\/\",\"logo\":{\"@type\":\"ImageObject\",\"inLanguage\":\"en-US\",\"@id\":\"https:\\\/\\\/rutana.lt\\\/#\\\/schema\\\/logo\\\/image\\\/\",\"url\":\"https:\\\/\\\/rutana.lt\\\/wp-content\\\/uploads\\\/2025\\\/10\\\/Asset-32.png\",\"contentUrl\":\"https:\\\/\\\/rutana.lt\\\/wp-content\\\/uploads\\\/2025\\\/10\\\/Asset-32.png\",\"width\":433,\"height\":119,\"caption\":\"Rutana - Ra\u0161tin\u0117s reikmenys\"},\"image\":{\"@id\":\"https:\\\/\\\/rutana.lt\\\/#\\\/schema\\\/logo\\\/image\\\/\"},\"sameAs\":[\"https:\\\/\\\/www.facebook.com\\\/RutanaKanceliarinesPrekes\\\/\"]}]}<\/script>\n<!-- \/ Yoast SEO plugin. -->","yoast_head_json":{"title":"Oro gaiviklio Hermitage \u017eemuogi\u0173 kvapo papildymas 1000 ml 101020 - Rutana - Ra\u0161tin\u0117s reikmenys","robots":{"index":"index","follow":"follow","max-snippet":"max-snippet:-1","max-image-preview":"max-image-preview:large","max-video-preview":"max-video-preview:-1"},"canonical":"https:\/\/rutana.lt\/en\/product\/oro-gaiviklio-hermitage-zemuogiu-kvapo-papildymas-1000-ml-101020\/","og_locale":"en_US","og_type":"article","og_title":"Oro gaiviklio Hermitage \u017eemuogi\u0173 kvapo papildymas 1000 ml 101020 - Rutana - Ra\u0161tin\u0117s reikmenys","og_description":"Tai naujos kartos oro gaiviklis nepaliekantis abejing\u0173, kurie m\u0117gsta \u017eemuoges. Nuostabaus \u017eemuogi\u0173 aromato gaiviklis maloniai kvepina ir neutralizuoja pa\u0161alinius kvapus patalpoje. \u017demuogi\u0173 kvapas \u0161velniai u\u017epildo patalp\u0105 ir sukuria maloni\u0105 atmosfer\u0105, kurie primena gaivius pavasario rytus ar \u0161ilt\u0105 saul\u0117t\u0105 dienos pabaig\u0105. Kiekvien\u0105 lankytoj\u0105 \u017eemuogi\u0173 dvelksmas nune\u0161 \u012f vaikystes pievas ir primins ner\u016bpestingas dienas, kurios padeda atsipalaiduoti [&hellip;]","og_url":"https:\/\/rutana.lt\/en\/product\/oro-gaiviklio-hermitage-zemuogiu-kvapo-papildymas-1000-ml-101020\/","og_site_name":"Rutana - Ra\u0161tin\u0117s reikmenys","article_publisher":"https:\/\/www.facebook.com\/RutanaKanceliarinesPrekes\/","article_modified_time":"2025-10-13T13:53:01+00:00","og_image":[{"width":1096,"height":1024,"url":"https:\/\/rutana.lt\/wp-content\/uploads\/2025\/09\/B095-012.jpg","type":"image\/jpeg"}],"twitter_card":"summary_large_image","schema":{"@context":"https:\/\/schema.org","@graph":[{"@type":"WebPage","@id":"https:\/\/rutana.lt\/produktas\/oro-gaiviklio-hermitage-zemuogiu-kvapo-papildymas-1000-ml-101020\/","url":"https:\/\/rutana.lt\/produktas\/oro-gaiviklio-hermitage-zemuogiu-kvapo-papildymas-1000-ml-101020\/","name":"Oro gaiviklio Hermitage \u017eemuogi\u0173 kvapo papildymas 1000 ml 101020 - Rutana - Ra\u0161tin\u0117s reikmenys","isPartOf":{"@id":"https:\/\/rutana.lt\/#website"},"primaryImageOfPage":{"@id":"https:\/\/rutana.lt\/produktas\/oro-gaiviklio-hermitage-zemuogiu-kvapo-papildymas-1000-ml-101020\/#primaryimage"},"image":{"@id":"https:\/\/rutana.lt\/produktas\/oro-gaiviklio-hermitage-zemuogiu-kvapo-papildymas-1000-ml-101020\/#primaryimage"},"thumbnailUrl":"https:\/\/rutana.lt\/wp-content\/uploads\/2025\/09\/B095-012-1.jpg?v=1763565035","datePublished":"2025-09-03T07:49:30+00:00","dateModified":"2025-10-13T13:53:01+00:00","breadcrumb":{"@id":"https:\/\/rutana.lt\/produktas\/oro-gaiviklio-hermitage-zemuogiu-kvapo-papildymas-1000-ml-101020\/#breadcrumb"},"inLanguage":"en-US","potentialAction":[{"@type":"ReadAction","target":["https:\/\/rutana.lt\/produktas\/oro-gaiviklio-hermitage-zemuogiu-kvapo-papildymas-1000-ml-101020\/"]}]},{"@type":"ImageObject","inLanguage":"en-US","@id":"https:\/\/rutana.lt\/produktas\/oro-gaiviklio-hermitage-zemuogiu-kvapo-papildymas-1000-ml-101020\/#primaryimage","url":"https:\/\/rutana.lt\/wp-content\/uploads\/2025\/09\/B095-012-1.jpg?v=1763565035","contentUrl":"https:\/\/rutana.lt\/wp-content\/uploads\/2025\/09\/B095-012-1.jpg?v=1763565035","width":1096,"height":1024},{"@type":"BreadcrumbList","@id":"https:\/\/rutana.lt\/produktas\/oro-gaiviklio-hermitage-zemuogiu-kvapo-papildymas-1000-ml-101020\/#breadcrumb","itemListElement":[{"@type":"ListItem","position":1,"name":"Home","item":"https:\/\/rutana.lt\/"},{"@type":"ListItem","position":2,"name":"Parduotuv\u0117","item":"https:\/\/rutana.lt\/parduotuve\/"},{"@type":"ListItem","position":3,"name":"Oro gaiviklio Hermitage \u017eemuogi\u0173 kvapo papildymas 1000 ml 101020"}]},{"@type":"WebSite","@id":"https:\/\/rutana.lt\/#website","url":"https:\/\/rutana.lt\/","name":"Rutana - Ra\u0161tin\u0117s reikmenys","description":"Prekiaujame pasaulin\u0117je rinkoje pripa\u017eintomis, kokybi\u0161komis biuro prek\u0117mis toki\u0173  gamintoj\u0173 kaip: Schneider, Esselte, Novus, 3M, Faber-Castell, Citizen, Milan, Leitz, Colop, Zebra, Staedtler, Durable, Tork, Parker, Waterman ir kt.","publisher":{"@id":"https:\/\/rutana.lt\/#organization"},"potentialAction":[{"@type":"SearchAction","target":{"@type":"EntryPoint","urlTemplate":"https:\/\/rutana.lt\/?s={search_term_string}"},"query-input":{"@type":"PropertyValueSpecification","valueRequired":true,"valueName":"search_term_string"}}],"inLanguage":"en-US"},{"@type":"Organization","@id":"https:\/\/rutana.lt\/#organization","name":"Rutana - Ra\u0161tin\u0117s reikmenys","url":"https:\/\/rutana.lt\/","logo":{"@type":"ImageObject","inLanguage":"en-US","@id":"https:\/\/rutana.lt\/#\/schema\/logo\/image\/","url":"https:\/\/rutana.lt\/wp-content\/uploads\/2025\/10\/Asset-32.png","contentUrl":"https:\/\/rutana.lt\/wp-content\/uploads\/2025\/10\/Asset-32.png","width":433,"height":119,"caption":"Rutana - Ra\u0161tin\u0117s reikmenys"},"image":{"@id":"https:\/\/rutana.lt\/#\/schema\/logo\/image\/"},"sameAs":["https:\/\/www.facebook.com\/RutanaKanceliarinesPrekes\/"]}]}},"_links":{"self":[{"href":"https:\/\/rutana.lt\/en\/wp-json\/wp\/v2\/product\/17098","targetHints":{"allow":["GET"]}}],"collection":[{"href":"https:\/\/rutana.lt\/en\/wp-json\/wp\/v2\/product"}],"about":[{"href":"https:\/\/rutana.lt\/en\/wp-json\/wp\/v2\/types\/product"}],"replies":[{"embeddable":true,"href":"https:\/\/rutana.lt\/en\/wp-json\/wp\/v2\/comments?post=17098"}],"version-history":[{"count":1,"href":"https:\/\/rutana.lt\/en\/wp-json\/wp\/v2\/product\/17098\/revisions"}],"predecessor-version":[{"id":17167,"href":"https:\/\/rutana.lt\/en\/wp-json\/wp\/v2\/product\/17098\/revisions\/17167"}],"wp:featuredmedia":[{"embeddable":true,"href":"https:\/\/rutana.lt\/en\/wp-json\/wp\/v2\/media\/29295"}],"wp:attachment":[{"href":"https:\/\/rutana.lt\/en\/wp-json\/wp\/v2\/media?parent=17098"}],"wp:term":[{"taxonomy":"product_brand","embeddable":true,"href":"https:\/\/rutana.lt\/en\/wp-json\/wp\/v2\/product_brand?post=17098"},{"taxonomy":"product_cat","embeddable":true,"href":"https:\/\/rutana.lt\/en\/wp-json\/wp\/v2\/product_cat?post=17098"},{"taxonomy":"product_tag","embeddable":true,"href":"https:\/\/rutana.lt\/en\/wp-json\/wp\/v2\/product_tag?post=17098"}],"curies":[{"name":"wp","href":"https:\/\/api.w.org\/{rel}","templated":true}]}}