{"id":17097,"date":"2025-09-03T09:49:30","date_gmt":"2025-09-03T07:49:30","guid":{"rendered":"https:\/\/rutana.webdemo.lt\/?post_type=product&#038;p=17097"},"modified":"2025-10-13T15:53:00","modified_gmt":"2025-10-13T13:53:00","slug":"oro-gaiviklis-hermitage-zemuogiu-kvapo-300-ml-101022","status":"publish","type":"product","link":"https:\/\/rutana.lt\/en\/product\/oro-gaiviklis-hermitage-zemuogiu-kvapo-300-ml-101022\/","title":{"rendered":"Oro gaiviklis Hermitage \u017eemuogi\u0173 kvapo 300 ml 101022"},"content":{"rendered":"<p><span style=\"color: rgb(0, 0, 0);\">Tai naujos kartos oro gaiviklis nepaliekantis abejing\u0173, kurie m\u0117gsta \u017eemuoges. Nuostabaus \u017eemuogi\u0173 aromato gaiviklis maloniai kvepina ir neutralizuoja pa\u0161alinius kvapus patalpoje. \u017demuogi\u0173 kvapas \u0161velniai u\u017epildo patalp\u0105 ir sukuria maloni\u0105 atmosfer\u0105, kurie primena gaivius pavasario rytus ar \u0161ilt\u0105 saul\u0117t\u0105 dienos pabaig\u0105. Kiekvien\u0105 lankytoj\u0105 \u017eemuogi\u0173 dvelksmas nune\u0161 \u012f vaikystes pievas ir primins ner\u016bpestingas dienas, kurios padeda atsipalaiduoti po dienos r\u016bpes\u010di\u0173. Modernaus dozavimo pagalba u\u017eteks tik vieno papur\u0161kimo, kad malonus kvapas pasklist\u0173 po vis\u0105 patalp\u0105. Gaiviklio dozatoriui papildyti galima \u012fsigyti 1 litro talpos gaiviklio papildymo.<\/span><\/p>\n<div><span style=\"color: rgb(0, 0, 0);\">Talpa: 300 ml<\/span><\/div>\n<p><span style=\"color: rgb(0, 0, 0);\">Kvapas: \u017eemuogi\u0173<\/span><\/p>\n<p><span style=\"color: rgb(0, 0, 0);\">Kilm\u0117s \u0161alis: Ispanija<\/span><\/p>\n<p><\/p>\n<p><\/p>","protected":false},"excerpt":{"rendered":"<p>Tai naujos kartos oro gaiviklis nepaliekantis abejing\u0173, kurie m\u0117gsta \u017eemuoges. Nuostabaus \u017eemuogi\u0173 aromato gaiviklis maloniai kvepina ir neutralizuoja pa\u0161alinius kvapus patalpoje. \u017demuogi\u0173 kvapas \u0161velniai u\u017epildo patalp\u0105 ir sukuria maloni\u0105 atmosfer\u0105, kurie primena gaivius pavasario rytus ar \u0161ilt\u0105 saul\u0117t\u0105 dienos pabaig\u0105. Kiekvien\u0105 lankytoj\u0105 \u017eemuogi\u0173 dvelksmas nune\u0161 \u012f vaikystes pievas ir primins ner\u016bpestingas dienas, kurios padeda atsipalaiduoti [&hellip;]<\/p>","protected":false},"featured_media":23905,"comment_status":"open","ping_status":"closed","template":"","meta":{"_season_start":"","_season_end":"","_season_days":"","_season_months":"","_season_auto_visibility":""},"product_brand":[664],"product_cat":[1632],"product_tag":[],"class_list":{"0":"post-17097","1":"product","2":"type-product","3":"status-publish","4":"has-post-thumbnail","6":"product_brand-vijusa","7":"product_cat-oro-gaivikliai","9":"first","10":"instock","11":"taxable","12":"shipping-taxable","13":"purchasable","14":"product-type-simple"},"yoast_head":"<!-- This site is optimized with the Yoast SEO plugin v27.4 - https:\/\/yoast.com\/product\/yoast-seo-wordpress\/ -->\n<title>Oro gaiviklis Hermitage \u017eemuogi\u0173 kvapo 300 ml 101022 - Rutana - Ra\u0161tin\u0117s reikmenys<\/title>\n<meta name=\"robots\" content=\"index, follow, max-snippet:-1, max-image-preview:large, max-video-preview:-1\" \/>\n<link rel=\"canonical\" href=\"https:\/\/rutana.lt\/en\/product\/oro-gaiviklis-hermitage-zemuogiu-kvapo-300-ml-101022\/\" \/>\n<meta property=\"og:locale\" content=\"en_US\" \/>\n<meta property=\"og:type\" content=\"article\" \/>\n<meta property=\"og:title\" content=\"Oro gaiviklis Hermitage \u017eemuogi\u0173 kvapo 300 ml 101022 - Rutana - Ra\u0161tin\u0117s reikmenys\" \/>\n<meta property=\"og:description\" content=\"Tai naujos kartos oro gaiviklis nepaliekantis abejing\u0173, kurie m\u0117gsta \u017eemuoges. Nuostabaus \u017eemuogi\u0173 aromato gaiviklis maloniai kvepina ir neutralizuoja pa\u0161alinius kvapus patalpoje. \u017demuogi\u0173 kvapas \u0161velniai u\u017epildo patalp\u0105 ir sukuria maloni\u0105 atmosfer\u0105, kurie primena gaivius pavasario rytus ar \u0161ilt\u0105 saul\u0117t\u0105 dienos pabaig\u0105. Kiekvien\u0105 lankytoj\u0105 \u017eemuogi\u0173 dvelksmas nune\u0161 \u012f vaikystes pievas ir primins ner\u016bpestingas dienas, kurios padeda atsipalaiduoti [&hellip;]\" \/>\n<meta property=\"og:url\" content=\"https:\/\/rutana.lt\/en\/product\/oro-gaiviklis-hermitage-zemuogiu-kvapo-300-ml-101022\/\" \/>\n<meta property=\"og:site_name\" content=\"Rutana - Ra\u0161tin\u0117s reikmenys\" \/>\n<meta property=\"article:publisher\" content=\"https:\/\/www.facebook.com\/RutanaKanceliarinesPrekes\/\" \/>\n<meta property=\"article:modified_time\" content=\"2025-10-13T13:53:00+00:00\" \/>\n<meta property=\"og:image\" content=\"https:\/\/rutana.lt\/wp-content\/uploads\/2025\/09\/B095-004.jpg\" \/>\n\t<meta property=\"og:image:width\" content=\"501\" \/>\n\t<meta property=\"og:image:height\" content=\"552\" \/>\n\t<meta property=\"og:image:type\" content=\"image\/jpeg\" \/>\n<meta name=\"twitter:card\" content=\"summary_large_image\" \/>\n<script type=\"application\/ld+json\" class=\"yoast-schema-graph\">{\"@context\":\"https:\\\/\\\/schema.org\",\"@graph\":[{\"@type\":\"WebPage\",\"@id\":\"https:\\\/\\\/rutana.lt\\\/produktas\\\/oro-gaiviklis-hermitage-zemuogiu-kvapo-300-ml-101022\\\/\",\"url\":\"https:\\\/\\\/rutana.lt\\\/produktas\\\/oro-gaiviklis-hermitage-zemuogiu-kvapo-300-ml-101022\\\/\",\"name\":\"Oro gaiviklis Hermitage \u017eemuogi\u0173 kvapo 300 ml 101022 - Rutana - Ra\u0161tin\u0117s reikmenys\",\"isPartOf\":{\"@id\":\"https:\\\/\\\/rutana.lt\\\/#website\"},\"primaryImageOfPage\":{\"@id\":\"https:\\\/\\\/rutana.lt\\\/produktas\\\/oro-gaiviklis-hermitage-zemuogiu-kvapo-300-ml-101022\\\/#primaryimage\"},\"image\":{\"@id\":\"https:\\\/\\\/rutana.lt\\\/produktas\\\/oro-gaiviklis-hermitage-zemuogiu-kvapo-300-ml-101022\\\/#primaryimage\"},\"thumbnailUrl\":\"https:\\\/\\\/rutana.lt\\\/wp-content\\\/uploads\\\/2025\\\/09\\\/B095-004-1.jpg?v=1763625002\",\"datePublished\":\"2025-09-03T07:49:30+00:00\",\"dateModified\":\"2025-10-13T13:53:00+00:00\",\"breadcrumb\":{\"@id\":\"https:\\\/\\\/rutana.lt\\\/produktas\\\/oro-gaiviklis-hermitage-zemuogiu-kvapo-300-ml-101022\\\/#breadcrumb\"},\"inLanguage\":\"en-US\",\"potentialAction\":[{\"@type\":\"ReadAction\",\"target\":[\"https:\\\/\\\/rutana.lt\\\/produktas\\\/oro-gaiviklis-hermitage-zemuogiu-kvapo-300-ml-101022\\\/\"]}]},{\"@type\":\"ImageObject\",\"inLanguage\":\"en-US\",\"@id\":\"https:\\\/\\\/rutana.lt\\\/produktas\\\/oro-gaiviklis-hermitage-zemuogiu-kvapo-300-ml-101022\\\/#primaryimage\",\"url\":\"https:\\\/\\\/rutana.lt\\\/wp-content\\\/uploads\\\/2025\\\/09\\\/B095-004-1.jpg?v=1763625002\",\"contentUrl\":\"https:\\\/\\\/rutana.lt\\\/wp-content\\\/uploads\\\/2025\\\/09\\\/B095-004-1.jpg?v=1763625002\",\"width\":501,\"height\":552},{\"@type\":\"BreadcrumbList\",\"@id\":\"https:\\\/\\\/rutana.lt\\\/produktas\\\/oro-gaiviklis-hermitage-zemuogiu-kvapo-300-ml-101022\\\/#breadcrumb\",\"itemListElement\":[{\"@type\":\"ListItem\",\"position\":1,\"name\":\"Home\",\"item\":\"https:\\\/\\\/rutana.lt\\\/\"},{\"@type\":\"ListItem\",\"position\":2,\"name\":\"Parduotuv\u0117\",\"item\":\"https:\\\/\\\/rutana.lt\\\/parduotuve\\\/\"},{\"@type\":\"ListItem\",\"position\":3,\"name\":\"Oro gaiviklis Hermitage \u017eemuogi\u0173 kvapo 300 ml 101022\"}]},{\"@type\":\"WebSite\",\"@id\":\"https:\\\/\\\/rutana.lt\\\/#website\",\"url\":\"https:\\\/\\\/rutana.lt\\\/\",\"name\":\"Rutana - Ra\u0161tin\u0117s reikmenys\",\"description\":\"Prekiaujame pasaulin\u0117je rinkoje pripa\u017eintomis, kokybi\u0161komis biuro prek\u0117mis toki\u0173  gamintoj\u0173 kaip: Schneider, Esselte, Novus, 3M, Faber-Castell, Citizen, Milan, Leitz, Colop, Zebra, Staedtler, Durable, Tork, Parker, Waterman ir kt.\",\"publisher\":{\"@id\":\"https:\\\/\\\/rutana.lt\\\/#organization\"},\"potentialAction\":[{\"@type\":\"SearchAction\",\"target\":{\"@type\":\"EntryPoint\",\"urlTemplate\":\"https:\\\/\\\/rutana.lt\\\/?s={search_term_string}\"},\"query-input\":{\"@type\":\"PropertyValueSpecification\",\"valueRequired\":true,\"valueName\":\"search_term_string\"}}],\"inLanguage\":\"en-US\"},{\"@type\":\"Organization\",\"@id\":\"https:\\\/\\\/rutana.lt\\\/#organization\",\"name\":\"Rutana - Ra\u0161tin\u0117s reikmenys\",\"url\":\"https:\\\/\\\/rutana.lt\\\/\",\"logo\":{\"@type\":\"ImageObject\",\"inLanguage\":\"en-US\",\"@id\":\"https:\\\/\\\/rutana.lt\\\/#\\\/schema\\\/logo\\\/image\\\/\",\"url\":\"https:\\\/\\\/rutana.lt\\\/wp-content\\\/uploads\\\/2025\\\/10\\\/Asset-32.png\",\"contentUrl\":\"https:\\\/\\\/rutana.lt\\\/wp-content\\\/uploads\\\/2025\\\/10\\\/Asset-32.png\",\"width\":433,\"height\":119,\"caption\":\"Rutana - Ra\u0161tin\u0117s reikmenys\"},\"image\":{\"@id\":\"https:\\\/\\\/rutana.lt\\\/#\\\/schema\\\/logo\\\/image\\\/\"},\"sameAs\":[\"https:\\\/\\\/www.facebook.com\\\/RutanaKanceliarinesPrekes\\\/\"]}]}<\/script>\n<!-- \/ Yoast SEO plugin. -->","yoast_head_json":{"title":"Oro gaiviklis Hermitage \u017eemuogi\u0173 kvapo 300 ml 101022 - Rutana - Ra\u0161tin\u0117s reikmenys","robots":{"index":"index","follow":"follow","max-snippet":"max-snippet:-1","max-image-preview":"max-image-preview:large","max-video-preview":"max-video-preview:-1"},"canonical":"https:\/\/rutana.lt\/en\/product\/oro-gaiviklis-hermitage-zemuogiu-kvapo-300-ml-101022\/","og_locale":"en_US","og_type":"article","og_title":"Oro gaiviklis Hermitage \u017eemuogi\u0173 kvapo 300 ml 101022 - Rutana - Ra\u0161tin\u0117s reikmenys","og_description":"Tai naujos kartos oro gaiviklis nepaliekantis abejing\u0173, kurie m\u0117gsta \u017eemuoges. Nuostabaus \u017eemuogi\u0173 aromato gaiviklis maloniai kvepina ir neutralizuoja pa\u0161alinius kvapus patalpoje. \u017demuogi\u0173 kvapas \u0161velniai u\u017epildo patalp\u0105 ir sukuria maloni\u0105 atmosfer\u0105, kurie primena gaivius pavasario rytus ar \u0161ilt\u0105 saul\u0117t\u0105 dienos pabaig\u0105. Kiekvien\u0105 lankytoj\u0105 \u017eemuogi\u0173 dvelksmas nune\u0161 \u012f vaikystes pievas ir primins ner\u016bpestingas dienas, kurios padeda atsipalaiduoti [&hellip;]","og_url":"https:\/\/rutana.lt\/en\/product\/oro-gaiviklis-hermitage-zemuogiu-kvapo-300-ml-101022\/","og_site_name":"Rutana - Ra\u0161tin\u0117s reikmenys","article_publisher":"https:\/\/www.facebook.com\/RutanaKanceliarinesPrekes\/","article_modified_time":"2025-10-13T13:53:00+00:00","og_image":[{"width":501,"height":552,"url":"https:\/\/rutana.lt\/wp-content\/uploads\/2025\/09\/B095-004.jpg","type":"image\/jpeg"}],"twitter_card":"summary_large_image","schema":{"@context":"https:\/\/schema.org","@graph":[{"@type":"WebPage","@id":"https:\/\/rutana.lt\/produktas\/oro-gaiviklis-hermitage-zemuogiu-kvapo-300-ml-101022\/","url":"https:\/\/rutana.lt\/produktas\/oro-gaiviklis-hermitage-zemuogiu-kvapo-300-ml-101022\/","name":"Oro gaiviklis Hermitage \u017eemuogi\u0173 kvapo 300 ml 101022 - Rutana - Ra\u0161tin\u0117s reikmenys","isPartOf":{"@id":"https:\/\/rutana.lt\/#website"},"primaryImageOfPage":{"@id":"https:\/\/rutana.lt\/produktas\/oro-gaiviklis-hermitage-zemuogiu-kvapo-300-ml-101022\/#primaryimage"},"image":{"@id":"https:\/\/rutana.lt\/produktas\/oro-gaiviklis-hermitage-zemuogiu-kvapo-300-ml-101022\/#primaryimage"},"thumbnailUrl":"https:\/\/rutana.lt\/wp-content\/uploads\/2025\/09\/B095-004-1.jpg?v=1763625002","datePublished":"2025-09-03T07:49:30+00:00","dateModified":"2025-10-13T13:53:00+00:00","breadcrumb":{"@id":"https:\/\/rutana.lt\/produktas\/oro-gaiviklis-hermitage-zemuogiu-kvapo-300-ml-101022\/#breadcrumb"},"inLanguage":"en-US","potentialAction":[{"@type":"ReadAction","target":["https:\/\/rutana.lt\/produktas\/oro-gaiviklis-hermitage-zemuogiu-kvapo-300-ml-101022\/"]}]},{"@type":"ImageObject","inLanguage":"en-US","@id":"https:\/\/rutana.lt\/produktas\/oro-gaiviklis-hermitage-zemuogiu-kvapo-300-ml-101022\/#primaryimage","url":"https:\/\/rutana.lt\/wp-content\/uploads\/2025\/09\/B095-004-1.jpg?v=1763625002","contentUrl":"https:\/\/rutana.lt\/wp-content\/uploads\/2025\/09\/B095-004-1.jpg?v=1763625002","width":501,"height":552},{"@type":"BreadcrumbList","@id":"https:\/\/rutana.lt\/produktas\/oro-gaiviklis-hermitage-zemuogiu-kvapo-300-ml-101022\/#breadcrumb","itemListElement":[{"@type":"ListItem","position":1,"name":"Home","item":"https:\/\/rutana.lt\/"},{"@type":"ListItem","position":2,"name":"Parduotuv\u0117","item":"https:\/\/rutana.lt\/parduotuve\/"},{"@type":"ListItem","position":3,"name":"Oro gaiviklis Hermitage \u017eemuogi\u0173 kvapo 300 ml 101022"}]},{"@type":"WebSite","@id":"https:\/\/rutana.lt\/#website","url":"https:\/\/rutana.lt\/","name":"Rutana - Ra\u0161tin\u0117s reikmenys","description":"Prekiaujame pasaulin\u0117je rinkoje pripa\u017eintomis, kokybi\u0161komis biuro prek\u0117mis toki\u0173  gamintoj\u0173 kaip: Schneider, Esselte, Novus, 3M, Faber-Castell, Citizen, Milan, Leitz, Colop, Zebra, Staedtler, Durable, Tork, Parker, Waterman ir kt.","publisher":{"@id":"https:\/\/rutana.lt\/#organization"},"potentialAction":[{"@type":"SearchAction","target":{"@type":"EntryPoint","urlTemplate":"https:\/\/rutana.lt\/?s={search_term_string}"},"query-input":{"@type":"PropertyValueSpecification","valueRequired":true,"valueName":"search_term_string"}}],"inLanguage":"en-US"},{"@type":"Organization","@id":"https:\/\/rutana.lt\/#organization","name":"Rutana - Ra\u0161tin\u0117s reikmenys","url":"https:\/\/rutana.lt\/","logo":{"@type":"ImageObject","inLanguage":"en-US","@id":"https:\/\/rutana.lt\/#\/schema\/logo\/image\/","url":"https:\/\/rutana.lt\/wp-content\/uploads\/2025\/10\/Asset-32.png","contentUrl":"https:\/\/rutana.lt\/wp-content\/uploads\/2025\/10\/Asset-32.png","width":433,"height":119,"caption":"Rutana - Ra\u0161tin\u0117s reikmenys"},"image":{"@id":"https:\/\/rutana.lt\/#\/schema\/logo\/image\/"},"sameAs":["https:\/\/www.facebook.com\/RutanaKanceliarinesPrekes\/"]}]}},"_links":{"self":[{"href":"https:\/\/rutana.lt\/en\/wp-json\/wp\/v2\/product\/17097","targetHints":{"allow":["GET"]}}],"collection":[{"href":"https:\/\/rutana.lt\/en\/wp-json\/wp\/v2\/product"}],"about":[{"href":"https:\/\/rutana.lt\/en\/wp-json\/wp\/v2\/types\/product"}],"replies":[{"embeddable":true,"href":"https:\/\/rutana.lt\/en\/wp-json\/wp\/v2\/comments?post=17097"}],"version-history":[{"count":1,"href":"https:\/\/rutana.lt\/en\/wp-json\/wp\/v2\/product\/17097\/revisions"}],"predecessor-version":[{"id":17165,"href":"https:\/\/rutana.lt\/en\/wp-json\/wp\/v2\/product\/17097\/revisions\/17165"}],"wp:featuredmedia":[{"embeddable":true,"href":"https:\/\/rutana.lt\/en\/wp-json\/wp\/v2\/media\/23905"}],"wp:attachment":[{"href":"https:\/\/rutana.lt\/en\/wp-json\/wp\/v2\/media?parent=17097"}],"wp:term":[{"taxonomy":"product_brand","embeddable":true,"href":"https:\/\/rutana.lt\/en\/wp-json\/wp\/v2\/product_brand?post=17097"},{"taxonomy":"product_cat","embeddable":true,"href":"https:\/\/rutana.lt\/en\/wp-json\/wp\/v2\/product_cat?post=17097"},{"taxonomy":"product_tag","embeddable":true,"href":"https:\/\/rutana.lt\/en\/wp-json\/wp\/v2\/product_tag?post=17097"}],"curies":[{"name":"wp","href":"https:\/\/api.w.org\/{rel}","templated":true}]}}