{"id":17091,"date":"2025-09-03T09:49:29","date_gmt":"2025-09-03T07:49:29","guid":{"rendered":"https:\/\/rutana.webdemo.lt\/?post_type=product&#038;p=17091"},"modified":"2025-10-13T15:52:58","modified_gmt":"2025-10-13T13:52:58","slug":"keptos-sardines-tikka-masala-padaze-100g-diplomats","status":"publish","type":"product","link":"https:\/\/rutana.lt\/en\/product\/keptos-sardines-tikka-masala-padaze-100g-diplomats\/","title":{"rendered":"Keptos sardin\u0117s Tikka Masala pada\u017ee 100g Diplomats"},"content":{"rendered":"<p style=\"\">Tikka Masala pada\u017eas \u2013 tai skanus kario pada\u017eas, papildantis puikiai paruo\u0161tas keptas sardines, suteikdamas joms i\u0161skirtin\u012f indi\u0161ko skonio akcent\u0105!<\/p>\n<p style=\"\">Ingridientai: Kepta \u017euvis (sprattus sprattus) 70%, Tikka Masala pada\u017eas 30% ( nulupti pomidorai (pomidor\u0173 sultys, r\u016bg\u0161tingum\u0105 reguliuojanti med\u017eiaga: citrin\u0173 r\u016bg\u0161tis ), vanduo, kokos\u0173 pienas ( kokoso ekstraktas: vanduo, polioksietileno sorbitano monosteara, polisorbatas 60 ), Tikka Masala kario pasta ( vanduo, malti prieskoniai: ciber\u017eol\u0117, paprika, kmynai, kalendra, prieskoniai, imbieras ), raps\u0173 aliejus, druska, kukur\u016bz\u0173 miltai, r\u016bg\u0161tys ( acto r\u016bg\u0161tis, citrinos r\u016bg\u0161tis ), tamarindas, \u010desnako milteliai, d\u017eiovinti dobil\u0173 lapai, kmynai, paprikos ekstraktas, d\u017eiovinti kalendros lapai, garsty\u010di\u0173 milteliai, raps\u0173 aliejus, cukrus ), soj\u0173 miltai. Sud\u0117tyje yra tik GMO ir be glitimo ingredient\u0173.<\/p>\n<p style=\"\">Svoris: 100 g<\/p>\n<p>Kilm\u0117s \u0161alis: Latvija<\/p>\n<p><\/p><\/p>","protected":false},"excerpt":{"rendered":"<p>Tikka Masala pada\u017eas \u2013 tai skanus kario pada\u017eas, papildantis puikiai paruo\u0161tas keptas sardines, suteikdamas joms i\u0161skirtin\u012f indi\u0161ko skonio akcent\u0105! Ingridientai: Kepta \u017euvis (sprattus sprattus) 70%, Tikka Masala pada\u017eas 30% ( nulupti pomidorai (pomidor\u0173 sultys, r\u016bg\u0161tingum\u0105 reguliuojanti med\u017eiaga: citrin\u0173 r\u016bg\u0161tis ), vanduo, kokos\u0173 pienas ( kokoso ekstraktas: vanduo, polioksietileno sorbitano monosteara, polisorbatas 60 ), Tikka Masala [&hellip;]<\/p>","protected":false},"featured_media":29289,"comment_status":"open","ping_status":"closed","template":"","meta":{"_season_start":"","_season_end":"","_season_days":"","_season_months":"","_season_auto_visibility":""},"product_brand":[1032],"product_cat":[1702],"product_tag":[],"class_list":{"0":"post-17091","1":"product","2":"type-product","3":"status-publish","4":"has-post-thumbnail","6":"product_brand-diplomats","7":"product_cat-riesutai-ir-uzkandziai","9":"first","10":"instock","11":"taxable","12":"shipping-taxable","13":"purchasable","14":"product-type-simple"},"yoast_head":"<!-- This site is optimized with the Yoast SEO plugin v26.1.1 - https:\/\/yoast.com\/wordpress\/plugins\/seo\/ -->\n<title>Keptos sardin\u0117s Tikka Masala pada\u017ee 100g Diplomats - Rutana - Ra\u0161tin\u0117s reikmenys<\/title>\n<meta name=\"robots\" content=\"index, follow, max-snippet:-1, max-image-preview:large, max-video-preview:-1\" \/>\n<link rel=\"canonical\" href=\"https:\/\/rutana.lt\/en\/product\/keptos-sardines-tikka-masala-padaze-100g-diplomats\/\" \/>\n<meta property=\"og:locale\" content=\"en_US\" \/>\n<meta property=\"og:type\" content=\"article\" \/>\n<meta property=\"og:title\" content=\"Keptos sardin\u0117s Tikka Masala pada\u017ee 100g Diplomats - Rutana - Ra\u0161tin\u0117s reikmenys\" \/>\n<meta property=\"og:description\" content=\"Tikka Masala pada\u017eas \u2013 tai skanus kario pada\u017eas, papildantis puikiai paruo\u0161tas keptas sardines, suteikdamas joms i\u0161skirtin\u012f indi\u0161ko skonio akcent\u0105! Ingridientai: Kepta \u017euvis (sprattus sprattus) 70%, Tikka Masala pada\u017eas 30% ( nulupti pomidorai (pomidor\u0173 sultys, r\u016bg\u0161tingum\u0105 reguliuojanti med\u017eiaga: citrin\u0173 r\u016bg\u0161tis ), vanduo, kokos\u0173 pienas ( kokoso ekstraktas: vanduo, polioksietileno sorbitano monosteara, polisorbatas 60 ), Tikka Masala [&hellip;]\" \/>\n<meta property=\"og:url\" content=\"https:\/\/rutana.lt\/en\/product\/keptos-sardines-tikka-masala-padaze-100g-diplomats\/\" \/>\n<meta property=\"og:site_name\" content=\"Rutana - Ra\u0161tin\u0117s reikmenys\" \/>\n<meta property=\"article:publisher\" content=\"https:\/\/www.facebook.com\/RutanaKanceliarinesPrekes\/\" \/>\n<meta property=\"article:modified_time\" content=\"2025-10-13T13:52:58+00:00\" \/>\n<meta property=\"og:image\" content=\"https:\/\/rutana.lt\/wp-content\/uploads\/2025\/09\/B090-905.jpg\" \/>\n\t<meta property=\"og:image:width\" content=\"1200\" \/>\n\t<meta property=\"og:image:height\" content=\"1200\" \/>\n\t<meta property=\"og:image:type\" content=\"image\/jpeg\" \/>\n<meta name=\"twitter:card\" content=\"summary_large_image\" \/>\n<meta name=\"twitter:label1\" content=\"Est. reading time\" \/>\n\t<meta name=\"twitter:data1\" content=\"1 minute\" \/>\n<script type=\"application\/ld+json\" class=\"yoast-schema-graph\">{\"@context\":\"https:\/\/schema.org\",\"@graph\":[{\"@type\":\"WebPage\",\"@id\":\"https:\/\/rutana.lt\/produktas\/keptos-sardines-tikka-masala-padaze-100g-diplomats\/\",\"url\":\"https:\/\/rutana.lt\/produktas\/keptos-sardines-tikka-masala-padaze-100g-diplomats\/\",\"name\":\"Keptos sardin\u0117s Tikka Masala pada\u017ee 100g Diplomats - Rutana - Ra\u0161tin\u0117s reikmenys\",\"isPartOf\":{\"@id\":\"https:\/\/rutana.lt\/#website\"},\"primaryImageOfPage\":{\"@id\":\"https:\/\/rutana.lt\/produktas\/keptos-sardines-tikka-masala-padaze-100g-diplomats\/#primaryimage\"},\"image\":{\"@id\":\"https:\/\/rutana.lt\/produktas\/keptos-sardines-tikka-masala-padaze-100g-diplomats\/#primaryimage\"},\"thumbnailUrl\":\"https:\/\/rutana.lt\/wp-content\/uploads\/2025\/09\/B090-905-1.jpg?v=1763565054\",\"datePublished\":\"2025-09-03T07:49:29+00:00\",\"dateModified\":\"2025-10-13T13:52:58+00:00\",\"breadcrumb\":{\"@id\":\"https:\/\/rutana.lt\/produktas\/keptos-sardines-tikka-masala-padaze-100g-diplomats\/#breadcrumb\"},\"inLanguage\":\"en-US\",\"potentialAction\":[{\"@type\":\"ReadAction\",\"target\":[\"https:\/\/rutana.lt\/produktas\/keptos-sardines-tikka-masala-padaze-100g-diplomats\/\"]}]},{\"@type\":\"ImageObject\",\"inLanguage\":\"en-US\",\"@id\":\"https:\/\/rutana.lt\/produktas\/keptos-sardines-tikka-masala-padaze-100g-diplomats\/#primaryimage\",\"url\":\"https:\/\/rutana.lt\/wp-content\/uploads\/2025\/09\/B090-905-1.jpg?v=1763565054\",\"contentUrl\":\"https:\/\/rutana.lt\/wp-content\/uploads\/2025\/09\/B090-905-1.jpg?v=1763565054\",\"width\":1200,\"height\":1200},{\"@type\":\"BreadcrumbList\",\"@id\":\"https:\/\/rutana.lt\/produktas\/keptos-sardines-tikka-masala-padaze-100g-diplomats\/#breadcrumb\",\"itemListElement\":[{\"@type\":\"ListItem\",\"position\":1,\"name\":\"Home\",\"item\":\"https:\/\/rutana.lt\/\"},{\"@type\":\"ListItem\",\"position\":2,\"name\":\"Parduotuv\u0117\",\"item\":\"https:\/\/rutana.lt\/parduotuve\/\"},{\"@type\":\"ListItem\",\"position\":3,\"name\":\"Keptos sardin\u0117s Tikka Masala pada\u017ee 100g Diplomats\"}]},{\"@type\":\"WebSite\",\"@id\":\"https:\/\/rutana.lt\/#website\",\"url\":\"https:\/\/rutana.lt\/\",\"name\":\"Rutana - Ra\u0161tin\u0117s reikmenys\",\"description\":\"Prekiaujame pasaulin\u0117je rinkoje pripa\u017eintomis, kokybi\u0161komis biuro prek\u0117mis toki\u0173  gamintoj\u0173 kaip: Schneider, Esselte, Novus, 3M, Faber-Castell, Citizen, Milan, Leitz, Colop, Zebra, Staedtler, Durable, Tork, Parker, Waterman ir kt.\",\"publisher\":{\"@id\":\"https:\/\/rutana.lt\/#organization\"},\"potentialAction\":[{\"@type\":\"SearchAction\",\"target\":{\"@type\":\"EntryPoint\",\"urlTemplate\":\"https:\/\/rutana.lt\/?s={search_term_string}\"},\"query-input\":{\"@type\":\"PropertyValueSpecification\",\"valueRequired\":true,\"valueName\":\"search_term_string\"}}],\"inLanguage\":\"en-US\"},{\"@type\":\"Organization\",\"@id\":\"https:\/\/rutana.lt\/#organization\",\"name\":\"Rutana - Ra\u0161tin\u0117s reikmenys\",\"url\":\"https:\/\/rutana.lt\/\",\"logo\":{\"@type\":\"ImageObject\",\"inLanguage\":\"en-US\",\"@id\":\"https:\/\/rutana.lt\/#\/schema\/logo\/image\/\",\"url\":\"https:\/\/rutana.lt\/wp-content\/uploads\/2025\/10\/Asset-32.png\",\"contentUrl\":\"https:\/\/rutana.lt\/wp-content\/uploads\/2025\/10\/Asset-32.png\",\"width\":433,\"height\":119,\"caption\":\"Rutana - Ra\u0161tin\u0117s reikmenys\"},\"image\":{\"@id\":\"https:\/\/rutana.lt\/#\/schema\/logo\/image\/\"},\"sameAs\":[\"https:\/\/www.facebook.com\/RutanaKanceliarinesPrekes\/\"]}]}<\/script>\n<!-- \/ Yoast SEO plugin. -->","yoast_head_json":{"title":"Keptos sardin\u0117s Tikka Masala pada\u017ee 100g Diplomats - Rutana - Ra\u0161tin\u0117s reikmenys","robots":{"index":"index","follow":"follow","max-snippet":"max-snippet:-1","max-image-preview":"max-image-preview:large","max-video-preview":"max-video-preview:-1"},"canonical":"https:\/\/rutana.lt\/en\/product\/keptos-sardines-tikka-masala-padaze-100g-diplomats\/","og_locale":"en_US","og_type":"article","og_title":"Keptos sardin\u0117s Tikka Masala pada\u017ee 100g Diplomats - Rutana - Ra\u0161tin\u0117s reikmenys","og_description":"Tikka Masala pada\u017eas \u2013 tai skanus kario pada\u017eas, papildantis puikiai paruo\u0161tas keptas sardines, suteikdamas joms i\u0161skirtin\u012f indi\u0161ko skonio akcent\u0105! Ingridientai: Kepta \u017euvis (sprattus sprattus) 70%, Tikka Masala pada\u017eas 30% ( nulupti pomidorai (pomidor\u0173 sultys, r\u016bg\u0161tingum\u0105 reguliuojanti med\u017eiaga: citrin\u0173 r\u016bg\u0161tis ), vanduo, kokos\u0173 pienas ( kokoso ekstraktas: vanduo, polioksietileno sorbitano monosteara, polisorbatas 60 ), Tikka Masala [&hellip;]","og_url":"https:\/\/rutana.lt\/en\/product\/keptos-sardines-tikka-masala-padaze-100g-diplomats\/","og_site_name":"Rutana - Ra\u0161tin\u0117s reikmenys","article_publisher":"https:\/\/www.facebook.com\/RutanaKanceliarinesPrekes\/","article_modified_time":"2025-10-13T13:52:58+00:00","og_image":[{"width":1200,"height":1200,"url":"https:\/\/rutana.lt\/wp-content\/uploads\/2025\/09\/B090-905.jpg","type":"image\/jpeg"}],"twitter_card":"summary_large_image","twitter_misc":{"Est. reading time":"1 minute"},"schema":{"@context":"https:\/\/schema.org","@graph":[{"@type":"WebPage","@id":"https:\/\/rutana.lt\/produktas\/keptos-sardines-tikka-masala-padaze-100g-diplomats\/","url":"https:\/\/rutana.lt\/produktas\/keptos-sardines-tikka-masala-padaze-100g-diplomats\/","name":"Keptos sardin\u0117s Tikka Masala pada\u017ee 100g Diplomats - Rutana - Ra\u0161tin\u0117s reikmenys","isPartOf":{"@id":"https:\/\/rutana.lt\/#website"},"primaryImageOfPage":{"@id":"https:\/\/rutana.lt\/produktas\/keptos-sardines-tikka-masala-padaze-100g-diplomats\/#primaryimage"},"image":{"@id":"https:\/\/rutana.lt\/produktas\/keptos-sardines-tikka-masala-padaze-100g-diplomats\/#primaryimage"},"thumbnailUrl":"https:\/\/rutana.lt\/wp-content\/uploads\/2025\/09\/B090-905-1.jpg?v=1763565054","datePublished":"2025-09-03T07:49:29+00:00","dateModified":"2025-10-13T13:52:58+00:00","breadcrumb":{"@id":"https:\/\/rutana.lt\/produktas\/keptos-sardines-tikka-masala-padaze-100g-diplomats\/#breadcrumb"},"inLanguage":"en-US","potentialAction":[{"@type":"ReadAction","target":["https:\/\/rutana.lt\/produktas\/keptos-sardines-tikka-masala-padaze-100g-diplomats\/"]}]},{"@type":"ImageObject","inLanguage":"en-US","@id":"https:\/\/rutana.lt\/produktas\/keptos-sardines-tikka-masala-padaze-100g-diplomats\/#primaryimage","url":"https:\/\/rutana.lt\/wp-content\/uploads\/2025\/09\/B090-905-1.jpg?v=1763565054","contentUrl":"https:\/\/rutana.lt\/wp-content\/uploads\/2025\/09\/B090-905-1.jpg?v=1763565054","width":1200,"height":1200},{"@type":"BreadcrumbList","@id":"https:\/\/rutana.lt\/produktas\/keptos-sardines-tikka-masala-padaze-100g-diplomats\/#breadcrumb","itemListElement":[{"@type":"ListItem","position":1,"name":"Home","item":"https:\/\/rutana.lt\/"},{"@type":"ListItem","position":2,"name":"Parduotuv\u0117","item":"https:\/\/rutana.lt\/parduotuve\/"},{"@type":"ListItem","position":3,"name":"Keptos sardin\u0117s Tikka Masala pada\u017ee 100g Diplomats"}]},{"@type":"WebSite","@id":"https:\/\/rutana.lt\/#website","url":"https:\/\/rutana.lt\/","name":"Rutana - Ra\u0161tin\u0117s reikmenys","description":"Prekiaujame pasaulin\u0117je rinkoje pripa\u017eintomis, kokybi\u0161komis biuro prek\u0117mis toki\u0173  gamintoj\u0173 kaip: Schneider, Esselte, Novus, 3M, Faber-Castell, Citizen, Milan, Leitz, Colop, Zebra, Staedtler, Durable, Tork, Parker, Waterman ir kt.","publisher":{"@id":"https:\/\/rutana.lt\/#organization"},"potentialAction":[{"@type":"SearchAction","target":{"@type":"EntryPoint","urlTemplate":"https:\/\/rutana.lt\/?s={search_term_string}"},"query-input":{"@type":"PropertyValueSpecification","valueRequired":true,"valueName":"search_term_string"}}],"inLanguage":"en-US"},{"@type":"Organization","@id":"https:\/\/rutana.lt\/#organization","name":"Rutana - Ra\u0161tin\u0117s reikmenys","url":"https:\/\/rutana.lt\/","logo":{"@type":"ImageObject","inLanguage":"en-US","@id":"https:\/\/rutana.lt\/#\/schema\/logo\/image\/","url":"https:\/\/rutana.lt\/wp-content\/uploads\/2025\/10\/Asset-32.png","contentUrl":"https:\/\/rutana.lt\/wp-content\/uploads\/2025\/10\/Asset-32.png","width":433,"height":119,"caption":"Rutana - Ra\u0161tin\u0117s reikmenys"},"image":{"@id":"https:\/\/rutana.lt\/#\/schema\/logo\/image\/"},"sameAs":["https:\/\/www.facebook.com\/RutanaKanceliarinesPrekes\/"]}]}},"_links":{"self":[{"href":"https:\/\/rutana.lt\/en\/wp-json\/wp\/v2\/product\/17091","targetHints":{"allow":["GET"]}}],"collection":[{"href":"https:\/\/rutana.lt\/en\/wp-json\/wp\/v2\/product"}],"about":[{"href":"https:\/\/rutana.lt\/en\/wp-json\/wp\/v2\/types\/product"}],"replies":[{"embeddable":true,"href":"https:\/\/rutana.lt\/en\/wp-json\/wp\/v2\/comments?post=17091"}],"version-history":[{"count":1,"href":"https:\/\/rutana.lt\/en\/wp-json\/wp\/v2\/product\/17091\/revisions"}],"predecessor-version":[{"id":17136,"href":"https:\/\/rutana.lt\/en\/wp-json\/wp\/v2\/product\/17091\/revisions\/17136"}],"wp:featuredmedia":[{"embeddable":true,"href":"https:\/\/rutana.lt\/en\/wp-json\/wp\/v2\/media\/29289"}],"wp:attachment":[{"href":"https:\/\/rutana.lt\/en\/wp-json\/wp\/v2\/media?parent=17091"}],"wp:term":[{"taxonomy":"product_brand","embeddable":true,"href":"https:\/\/rutana.lt\/en\/wp-json\/wp\/v2\/product_brand?post=17091"},{"taxonomy":"product_cat","embeddable":true,"href":"https:\/\/rutana.lt\/en\/wp-json\/wp\/v2\/product_cat?post=17091"},{"taxonomy":"product_tag","embeddable":true,"href":"https:\/\/rutana.lt\/en\/wp-json\/wp\/v2\/product_tag?post=17091"}],"curies":[{"name":"wp","href":"https:\/\/api.w.org\/{rel}","templated":true}]}}