{"id":17084,"date":"2025-09-03T09:49:29","date_gmt":"2025-09-03T07:49:29","guid":{"rendered":"https:\/\/rutana.webdemo.lt\/?post_type=product&#038;p=17084"},"modified":"2025-10-13T15:52:56","modified_gmt":"2025-10-13T13:52:56","slug":"duonos-traskuciai-bruschette-su-cesnakais-70g-maretti","status":"publish","type":"product","link":"https:\/\/rutana.lt\/en\/product\/duonos-traskuciai-bruschette-su-cesnakais-70g-maretti\/","title":{"rendered":"Duonos tra\u0161ku\u010diai &#8222;Bruschette&#8221; su \u010desnakais 70g Maretti"},"content":{"rendered":"<p><span style=\"text-align: center;\">Maretti vieno k\u0105snio dyd\u017eio u\u017ekand\u017eiuose slypi tradicini\u0173 itali\u0161k\u0173 kepini\u0173 skonis. Maretti Bruschette duonos tra\u0161ku\u010diai atspindi kulinarin\u012f paveld\u0105 ir meil\u0119 geriems produktams. Tai geras skonis ir gerai kartu praleistas laikas! <\/span>Tinka vegetarams. Kepta orkait\u0117je. Joki\u0173 dirbtini\u0173 da\u017eikli\u0173 ar konservant\u0173. 0 g hidrint\u0173 riebal\u0173.<\/p>\n<p><span style=\"text-align: center;\">Keptos duonos apskritimai kartu su gausiu skrudintu \u010desnaku sudaro paprast\u0105, ta\u010diau i\u0161skirtin\u012f skonio derin\u012f. <\/span><\/p>\n<\/p>\n<p>Svoris: 70 g<\/p>\n<p>Skonis: su \u010desnakais<\/p>\n<p>Kilm\u0117s \u0161alis: Bulgarija<\/p><\/p>","protected":false},"excerpt":{"rendered":"<p>Maretti vieno k\u0105snio dyd\u017eio u\u017ekand\u017eiuose slypi tradicini\u0173 itali\u0161k\u0173 kepini\u0173 skonis. Maretti Bruschette duonos tra\u0161ku\u010diai atspindi kulinarin\u012f paveld\u0105 ir meil\u0119 geriems produktams. Tai geras skonis ir gerai kartu praleistas laikas! Tinka vegetarams. Kepta orkait\u0117je. Joki\u0173 dirbtini\u0173 da\u017eikli\u0173 ar konservant\u0173. 0 g hidrint\u0173 riebal\u0173. Keptos duonos apskritimai kartu su gausiu skrudintu \u010desnaku sudaro paprast\u0105, ta\u010diau i\u0161skirtin\u012f skonio [&hellip;]<\/p>","protected":false},"featured_media":29282,"comment_status":"open","ping_status":"closed","template":"","meta":{"_season_start":"","_season_end":"","_season_days":"","_season_months":"","_season_auto_visibility":""},"product_brand":[1031],"product_cat":[1702],"product_tag":[],"class_list":{"0":"post-17084","1":"product","2":"type-product","3":"status-publish","4":"has-post-thumbnail","6":"product_brand-maretti","7":"product_cat-riesutai-ir-uzkandziai","9":"first","10":"instock","11":"taxable","12":"shipping-taxable","13":"purchasable","14":"product-type-simple"},"yoast_head":"<!-- This site is optimized with the Yoast SEO plugin v26.1.1 - https:\/\/yoast.com\/wordpress\/plugins\/seo\/ -->\n<title>Duonos tra\u0161ku\u010diai &quot;Bruschette&quot; su \u010desnakais 70g Maretti - Rutana - Ra\u0161tin\u0117s reikmenys<\/title>\n<meta name=\"robots\" content=\"index, follow, max-snippet:-1, max-image-preview:large, max-video-preview:-1\" \/>\n<link rel=\"canonical\" href=\"https:\/\/rutana.lt\/en\/product\/duonos-traskuciai-bruschette-su-cesnakais-70g-maretti\/\" \/>\n<meta property=\"og:locale\" content=\"en_US\" \/>\n<meta property=\"og:type\" content=\"article\" \/>\n<meta property=\"og:title\" content=\"Duonos tra\u0161ku\u010diai &quot;Bruschette&quot; su \u010desnakais 70g Maretti - Rutana - Ra\u0161tin\u0117s reikmenys\" \/>\n<meta property=\"og:description\" content=\"Maretti vieno k\u0105snio dyd\u017eio u\u017ekand\u017eiuose slypi tradicini\u0173 itali\u0161k\u0173 kepini\u0173 skonis. Maretti Bruschette duonos tra\u0161ku\u010diai atspindi kulinarin\u012f paveld\u0105 ir meil\u0119 geriems produktams. Tai geras skonis ir gerai kartu praleistas laikas! Tinka vegetarams. Kepta orkait\u0117je. Joki\u0173 dirbtini\u0173 da\u017eikli\u0173 ar konservant\u0173. 0 g hidrint\u0173 riebal\u0173. Keptos duonos apskritimai kartu su gausiu skrudintu \u010desnaku sudaro paprast\u0105, ta\u010diau i\u0161skirtin\u012f skonio [&hellip;]\" \/>\n<meta property=\"og:url\" content=\"https:\/\/rutana.lt\/en\/product\/duonos-traskuciai-bruschette-su-cesnakais-70g-maretti\/\" \/>\n<meta property=\"og:site_name\" content=\"Rutana - Ra\u0161tin\u0117s reikmenys\" \/>\n<meta property=\"article:publisher\" content=\"https:\/\/www.facebook.com\/RutanaKanceliarinesPrekes\/\" \/>\n<meta property=\"article:modified_time\" content=\"2025-10-13T13:52:56+00:00\" \/>\n<meta property=\"og:image\" content=\"https:\/\/rutana.lt\/wp-content\/uploads\/2025\/09\/B090-797.jpg\" \/>\n\t<meta property=\"og:image:width\" content=\"1000\" \/>\n\t<meta property=\"og:image:height\" content=\"1000\" \/>\n\t<meta property=\"og:image:type\" content=\"image\/jpeg\" \/>\n<meta name=\"twitter:card\" content=\"summary_large_image\" \/>\n<script type=\"application\/ld+json\" class=\"yoast-schema-graph\">{\"@context\":\"https:\/\/schema.org\",\"@graph\":[{\"@type\":\"WebPage\",\"@id\":\"https:\/\/rutana.lt\/produktas\/duonos-traskuciai-bruschette-su-cesnakais-70g-maretti\/\",\"url\":\"https:\/\/rutana.lt\/produktas\/duonos-traskuciai-bruschette-su-cesnakais-70g-maretti\/\",\"name\":\"Duonos tra\u0161ku\u010diai \\\"Bruschette\\\" su \u010desnakais 70g Maretti - Rutana - Ra\u0161tin\u0117s reikmenys\",\"isPartOf\":{\"@id\":\"https:\/\/rutana.lt\/#website\"},\"primaryImageOfPage\":{\"@id\":\"https:\/\/rutana.lt\/produktas\/duonos-traskuciai-bruschette-su-cesnakais-70g-maretti\/#primaryimage\"},\"image\":{\"@id\":\"https:\/\/rutana.lt\/produktas\/duonos-traskuciai-bruschette-su-cesnakais-70g-maretti\/#primaryimage\"},\"thumbnailUrl\":\"https:\/\/rutana.lt\/wp-content\/uploads\/2025\/09\/B090-797-1.jpg?v=1763565067\",\"datePublished\":\"2025-09-03T07:49:29+00:00\",\"dateModified\":\"2025-10-13T13:52:56+00:00\",\"breadcrumb\":{\"@id\":\"https:\/\/rutana.lt\/produktas\/duonos-traskuciai-bruschette-su-cesnakais-70g-maretti\/#breadcrumb\"},\"inLanguage\":\"en-US\",\"potentialAction\":[{\"@type\":\"ReadAction\",\"target\":[\"https:\/\/rutana.lt\/produktas\/duonos-traskuciai-bruschette-su-cesnakais-70g-maretti\/\"]}]},{\"@type\":\"ImageObject\",\"inLanguage\":\"en-US\",\"@id\":\"https:\/\/rutana.lt\/produktas\/duonos-traskuciai-bruschette-su-cesnakais-70g-maretti\/#primaryimage\",\"url\":\"https:\/\/rutana.lt\/wp-content\/uploads\/2025\/09\/B090-797-1.jpg?v=1763565067\",\"contentUrl\":\"https:\/\/rutana.lt\/wp-content\/uploads\/2025\/09\/B090-797-1.jpg?v=1763565067\",\"width\":1000,\"height\":1000},{\"@type\":\"BreadcrumbList\",\"@id\":\"https:\/\/rutana.lt\/produktas\/duonos-traskuciai-bruschette-su-cesnakais-70g-maretti\/#breadcrumb\",\"itemListElement\":[{\"@type\":\"ListItem\",\"position\":1,\"name\":\"Home\",\"item\":\"https:\/\/rutana.lt\/\"},{\"@type\":\"ListItem\",\"position\":2,\"name\":\"Parduotuv\u0117\",\"item\":\"https:\/\/rutana.lt\/parduotuve\/\"},{\"@type\":\"ListItem\",\"position\":3,\"name\":\"Duonos tra\u0161ku\u010diai &#8222;Bruschette&#8221; su \u010desnakais 70g Maretti\"}]},{\"@type\":\"WebSite\",\"@id\":\"https:\/\/rutana.lt\/#website\",\"url\":\"https:\/\/rutana.lt\/\",\"name\":\"Rutana - Ra\u0161tin\u0117s reikmenys\",\"description\":\"Prekiaujame pasaulin\u0117je rinkoje pripa\u017eintomis, kokybi\u0161komis biuro prek\u0117mis toki\u0173  gamintoj\u0173 kaip: Schneider, Esselte, Novus, 3M, Faber-Castell, Citizen, Milan, Leitz, Colop, Zebra, Staedtler, Durable, Tork, Parker, Waterman ir kt.\",\"publisher\":{\"@id\":\"https:\/\/rutana.lt\/#organization\"},\"potentialAction\":[{\"@type\":\"SearchAction\",\"target\":{\"@type\":\"EntryPoint\",\"urlTemplate\":\"https:\/\/rutana.lt\/?s={search_term_string}\"},\"query-input\":{\"@type\":\"PropertyValueSpecification\",\"valueRequired\":true,\"valueName\":\"search_term_string\"}}],\"inLanguage\":\"en-US\"},{\"@type\":\"Organization\",\"@id\":\"https:\/\/rutana.lt\/#organization\",\"name\":\"Rutana - Ra\u0161tin\u0117s reikmenys\",\"url\":\"https:\/\/rutana.lt\/\",\"logo\":{\"@type\":\"ImageObject\",\"inLanguage\":\"en-US\",\"@id\":\"https:\/\/rutana.lt\/#\/schema\/logo\/image\/\",\"url\":\"https:\/\/rutana.lt\/wp-content\/uploads\/2025\/10\/Asset-32.png\",\"contentUrl\":\"https:\/\/rutana.lt\/wp-content\/uploads\/2025\/10\/Asset-32.png\",\"width\":433,\"height\":119,\"caption\":\"Rutana - Ra\u0161tin\u0117s reikmenys\"},\"image\":{\"@id\":\"https:\/\/rutana.lt\/#\/schema\/logo\/image\/\"},\"sameAs\":[\"https:\/\/www.facebook.com\/RutanaKanceliarinesPrekes\/\"]}]}<\/script>\n<!-- \/ Yoast SEO plugin. -->","yoast_head_json":{"title":"Duonos tra\u0161ku\u010diai \"Bruschette\" su \u010desnakais 70g Maretti - Rutana - Ra\u0161tin\u0117s reikmenys","robots":{"index":"index","follow":"follow","max-snippet":"max-snippet:-1","max-image-preview":"max-image-preview:large","max-video-preview":"max-video-preview:-1"},"canonical":"https:\/\/rutana.lt\/en\/product\/duonos-traskuciai-bruschette-su-cesnakais-70g-maretti\/","og_locale":"en_US","og_type":"article","og_title":"Duonos tra\u0161ku\u010diai \"Bruschette\" su \u010desnakais 70g Maretti - Rutana - Ra\u0161tin\u0117s reikmenys","og_description":"Maretti vieno k\u0105snio dyd\u017eio u\u017ekand\u017eiuose slypi tradicini\u0173 itali\u0161k\u0173 kepini\u0173 skonis. Maretti Bruschette duonos tra\u0161ku\u010diai atspindi kulinarin\u012f paveld\u0105 ir meil\u0119 geriems produktams. Tai geras skonis ir gerai kartu praleistas laikas! Tinka vegetarams. Kepta orkait\u0117je. Joki\u0173 dirbtini\u0173 da\u017eikli\u0173 ar konservant\u0173. 0 g hidrint\u0173 riebal\u0173. Keptos duonos apskritimai kartu su gausiu skrudintu \u010desnaku sudaro paprast\u0105, ta\u010diau i\u0161skirtin\u012f skonio [&hellip;]","og_url":"https:\/\/rutana.lt\/en\/product\/duonos-traskuciai-bruschette-su-cesnakais-70g-maretti\/","og_site_name":"Rutana - Ra\u0161tin\u0117s reikmenys","article_publisher":"https:\/\/www.facebook.com\/RutanaKanceliarinesPrekes\/","article_modified_time":"2025-10-13T13:52:56+00:00","og_image":[{"width":1000,"height":1000,"url":"https:\/\/rutana.lt\/wp-content\/uploads\/2025\/09\/B090-797.jpg","type":"image\/jpeg"}],"twitter_card":"summary_large_image","schema":{"@context":"https:\/\/schema.org","@graph":[{"@type":"WebPage","@id":"https:\/\/rutana.lt\/produktas\/duonos-traskuciai-bruschette-su-cesnakais-70g-maretti\/","url":"https:\/\/rutana.lt\/produktas\/duonos-traskuciai-bruschette-su-cesnakais-70g-maretti\/","name":"Duonos tra\u0161ku\u010diai \"Bruschette\" su \u010desnakais 70g Maretti - Rutana - Ra\u0161tin\u0117s reikmenys","isPartOf":{"@id":"https:\/\/rutana.lt\/#website"},"primaryImageOfPage":{"@id":"https:\/\/rutana.lt\/produktas\/duonos-traskuciai-bruschette-su-cesnakais-70g-maretti\/#primaryimage"},"image":{"@id":"https:\/\/rutana.lt\/produktas\/duonos-traskuciai-bruschette-su-cesnakais-70g-maretti\/#primaryimage"},"thumbnailUrl":"https:\/\/rutana.lt\/wp-content\/uploads\/2025\/09\/B090-797-1.jpg?v=1763565067","datePublished":"2025-09-03T07:49:29+00:00","dateModified":"2025-10-13T13:52:56+00:00","breadcrumb":{"@id":"https:\/\/rutana.lt\/produktas\/duonos-traskuciai-bruschette-su-cesnakais-70g-maretti\/#breadcrumb"},"inLanguage":"en-US","potentialAction":[{"@type":"ReadAction","target":["https:\/\/rutana.lt\/produktas\/duonos-traskuciai-bruschette-su-cesnakais-70g-maretti\/"]}]},{"@type":"ImageObject","inLanguage":"en-US","@id":"https:\/\/rutana.lt\/produktas\/duonos-traskuciai-bruschette-su-cesnakais-70g-maretti\/#primaryimage","url":"https:\/\/rutana.lt\/wp-content\/uploads\/2025\/09\/B090-797-1.jpg?v=1763565067","contentUrl":"https:\/\/rutana.lt\/wp-content\/uploads\/2025\/09\/B090-797-1.jpg?v=1763565067","width":1000,"height":1000},{"@type":"BreadcrumbList","@id":"https:\/\/rutana.lt\/produktas\/duonos-traskuciai-bruschette-su-cesnakais-70g-maretti\/#breadcrumb","itemListElement":[{"@type":"ListItem","position":1,"name":"Home","item":"https:\/\/rutana.lt\/"},{"@type":"ListItem","position":2,"name":"Parduotuv\u0117","item":"https:\/\/rutana.lt\/parduotuve\/"},{"@type":"ListItem","position":3,"name":"Duonos tra\u0161ku\u010diai &#8222;Bruschette&#8221; su \u010desnakais 70g Maretti"}]},{"@type":"WebSite","@id":"https:\/\/rutana.lt\/#website","url":"https:\/\/rutana.lt\/","name":"Rutana - Ra\u0161tin\u0117s reikmenys","description":"Prekiaujame pasaulin\u0117je rinkoje pripa\u017eintomis, kokybi\u0161komis biuro prek\u0117mis toki\u0173  gamintoj\u0173 kaip: Schneider, Esselte, Novus, 3M, Faber-Castell, Citizen, Milan, Leitz, Colop, Zebra, Staedtler, Durable, Tork, Parker, Waterman ir kt.","publisher":{"@id":"https:\/\/rutana.lt\/#organization"},"potentialAction":[{"@type":"SearchAction","target":{"@type":"EntryPoint","urlTemplate":"https:\/\/rutana.lt\/?s={search_term_string}"},"query-input":{"@type":"PropertyValueSpecification","valueRequired":true,"valueName":"search_term_string"}}],"inLanguage":"en-US"},{"@type":"Organization","@id":"https:\/\/rutana.lt\/#organization","name":"Rutana - Ra\u0161tin\u0117s reikmenys","url":"https:\/\/rutana.lt\/","logo":{"@type":"ImageObject","inLanguage":"en-US","@id":"https:\/\/rutana.lt\/#\/schema\/logo\/image\/","url":"https:\/\/rutana.lt\/wp-content\/uploads\/2025\/10\/Asset-32.png","contentUrl":"https:\/\/rutana.lt\/wp-content\/uploads\/2025\/10\/Asset-32.png","width":433,"height":119,"caption":"Rutana - Ra\u0161tin\u0117s reikmenys"},"image":{"@id":"https:\/\/rutana.lt\/#\/schema\/logo\/image\/"},"sameAs":["https:\/\/www.facebook.com\/RutanaKanceliarinesPrekes\/"]}]}},"_links":{"self":[{"href":"https:\/\/rutana.lt\/en\/wp-json\/wp\/v2\/product\/17084","targetHints":{"allow":["GET"]}}],"collection":[{"href":"https:\/\/rutana.lt\/en\/wp-json\/wp\/v2\/product"}],"about":[{"href":"https:\/\/rutana.lt\/en\/wp-json\/wp\/v2\/types\/product"}],"replies":[{"embeddable":true,"href":"https:\/\/rutana.lt\/en\/wp-json\/wp\/v2\/comments?post=17084"}],"version-history":[{"count":1,"href":"https:\/\/rutana.lt\/en\/wp-json\/wp\/v2\/product\/17084\/revisions"}],"predecessor-version":[{"id":17122,"href":"https:\/\/rutana.lt\/en\/wp-json\/wp\/v2\/product\/17084\/revisions\/17122"}],"wp:featuredmedia":[{"embeddable":true,"href":"https:\/\/rutana.lt\/en\/wp-json\/wp\/v2\/media\/29282"}],"wp:attachment":[{"href":"https:\/\/rutana.lt\/en\/wp-json\/wp\/v2\/media?parent=17084"}],"wp:term":[{"taxonomy":"product_brand","embeddable":true,"href":"https:\/\/rutana.lt\/en\/wp-json\/wp\/v2\/product_brand?post=17084"},{"taxonomy":"product_cat","embeddable":true,"href":"https:\/\/rutana.lt\/en\/wp-json\/wp\/v2\/product_cat?post=17084"},{"taxonomy":"product_tag","embeddable":true,"href":"https:\/\/rutana.lt\/en\/wp-json\/wp\/v2\/product_tag?post=17084"}],"curies":[{"name":"wp","href":"https:\/\/api.w.org\/{rel}","templated":true}]}}