{"id":17083,"date":"2025-09-03T09:49:29","date_gmt":"2025-09-03T07:49:29","guid":{"rendered":"https:\/\/rutana.webdemo.lt\/?post_type=product&#038;p=17083"},"modified":"2025-10-13T15:52:55","modified_gmt":"2025-10-13T13:52:55","slug":"universalus-skalbiamasis-muilas-ukiskas-175g-ringuva","status":"publish","type":"product","link":"https:\/\/rutana.lt\/en\/product\/universalus-skalbiamasis-muilas-ukiskas-175g-ringuva\/","title":{"rendered":"Universalus skalbiamasis muilas &#8222;\u016aki\u0161kas&#8221; 175g Ringuva"},"content":{"rendered":"<p style=\"margin-bottom: 0px; padding: 0px; border: 0px; outline: 0px; vertical-align: baseline; background-image: initial; background-position: initial; background-size: initial; background-repeat: initial; background-attachment: initial; background-origin: initial; background-clip: initial;\"><span style=\"margin: 0px; padding: 0px; border: 0px; outline: 0px; vertical-align: baseline; background-image: initial; background-position: initial; background-size: initial; background-repeat: initial; background-attachment: initial; background-origin: initial; background-clip: initial;\"><span style=\"background-image: initial; background-position: initial; background-size: initial; background-repeat: initial; background-attachment: initial; background-origin: initial; background-clip: initial; border-style: initial; border-color: initial; border-image: initial; outline-color: initial; outline-style: initial;\">&#8222;\u016aki\u0161kas&#8221; universalus skalbiamasis muilas<\/span> pagamintas i\u0161 nat\u016brali\u0173 \u017ealiav\u0173. Efektyviai ir kokybi\u0161kai skalbia \u012fvairi\u0173 r\u016b\u0161i\u0173 baltus bei spalvotus audinius. Skirtas skalbti rankomis.<\/span><\/p>\n<p style=\"margin-bottom: 0px; padding: 0px; border: 0px; outline: 0px; vertical-align: baseline; background-image: initial; background-position: initial; background-size: initial; background-repeat: initial; background-attachment: initial; background-origin: initial; background-clip: initial;\"><span style=\"margin: 0px; padding: 0px; border: 0px; outline: 0px; vertical-align: baseline; background-image: initial; background-position: initial; background-size: initial; background-repeat: initial; background-attachment: initial; background-origin: initial; background-clip: initial;\"><br \/><\/span><\/p>\n<p style=\"margin-bottom: 0px; padding: 0px; border: 0px; outline: 0px; vertical-align: baseline; background-image: initial; background-position: initial; background-size: initial; background-repeat: initial; background-attachment: initial; background-origin: initial; background-clip: initial;\"><span style=\"margin: 0px; padding: 0px; border: 0px; outline: 0px; vertical-align: baseline; background-image: initial; background-position: initial; background-size: initial; background-repeat: initial; background-attachment: initial; background-origin: initial; background-clip: initial;\">Kiekis: 175 g<\/span><\/p>\n<p style=\"margin-bottom: 0px; padding: 0px; border: 0px; outline: 0px; vertical-align: baseline; background-image: initial; background-position: initial; background-size: initial; background-repeat: initial; background-attachment: initial; background-origin: initial; background-clip: initial;\"><span style=\"margin: 0px; padding: 0px; border: 0px; outline: 0px; vertical-align: baseline; background-image: initial; background-position: initial; background-size: initial; background-repeat: initial; background-attachment: initial; background-origin: initial; background-clip: initial;\"><br \/><\/span><\/p>\n<p style=\"margin-bottom: 0px; padding: 0px; border: 0px; outline: 0px; vertical-align: baseline; background-image: initial; background-position: initial; background-size: initial; background-repeat: initial; background-attachment: initial; background-origin: initial; background-clip: initial;\"><span style=\"margin: 0px; padding: 0px; border: 0px; outline: 0px; vertical-align: baseline; background-image: initial; background-position: initial; background-size: initial; background-repeat: initial; background-attachment: initial; background-origin: initial; background-clip: initial;\">Sud\u0117tis: <\/span><span style=\"background-image: initial; background-position: initial; background-size: initial; background-repeat: initial; background-attachment: initial; background-origin: initial; background-clip: initial; border-style: initial; border-color: initial; border-image: initial; outline-color: initial; outline-style: initial; text-align: justify;\">daugiau kaip 30 % muilas, kvapai ( limonene )<\/span><\/p>\n<p style=\"margin-bottom: 0px; padding: 0px; border: 0px; outline: 0px; vertical-align: baseline; background-image: initial; background-position: initial; background-size: initial; background-repeat: initial; background-attachment: initial; background-origin: initial; background-clip: initial;\"><span style=\"background-image: initial; background-position: initial; background-size: initial; background-repeat: initial; background-attachment: initial; background-origin: initial; background-clip: initial; border-style: initial; border-color: initial; border-image: initial; outline-color: initial; outline-style: initial; text-align: justify;\"><br \/><\/span><\/p>\n<p style=\"margin-bottom: 0px; padding: 0px; border: 0px; outline: 0px; vertical-align: baseline; background-image: initial; background-position: initial; background-size: initial; background-repeat: initial; background-attachment: initial; background-origin: initial; background-clip: initial;\"><span style=\"background-image: initial; background-position: initial; background-size: initial; background-repeat: initial; background-attachment: initial; background-origin: initial; background-clip: initial; border-style: initial; border-color: initial; border-image: initial; outline-color: initial; outline-style: initial; text-align: justify;\">Kilm\u0117s \u0161alis: Lietuva<\/span><\/p>\n<p style=\"margin-bottom: 0px; padding: 0px; border: 0px; outline: 0px; vertical-align: baseline; background-image: initial; background-position: initial; background-size: initial; background-repeat: initial; background-attachment: initial; background-origin: initial; background-clip: initial;\"><span style=\"margin: 0px; padding: 0px; border: 0px; outline: 0px; vertical-align: baseline; background-image: initial; background-position: initial; background-size: initial; background-repeat: initial; background-attachment: initial; background-origin: initial; background-clip: initial;\"><br \/><\/span><\/p>\n<p><\/p>\n<p><\/p><\/p>","protected":false},"excerpt":{"rendered":"<p>&#8222;\u016aki\u0161kas&#8221; universalus skalbiamasis muilas pagamintas i\u0161 nat\u016brali\u0173 \u017ealiav\u0173. Efektyviai ir kokybi\u0161kai skalbia \u012fvairi\u0173 r\u016b\u0161i\u0173 baltus bei spalvotus audinius. Skirtas skalbti rankomis. Kiekis: 175 g Sud\u0117tis: daugiau kaip 30 % muilas, kvapai ( limonene ) Kilm\u0117s \u0161alis: Lietuva<\/p>","protected":false},"featured_media":29281,"comment_status":"open","ping_status":"closed","template":"","meta":{"_season_start":"","_season_end":"","_season_days":"","_season_months":"","_season_auto_visibility":""},"product_brand":[1030],"product_cat":[1696],"product_tag":[],"class_list":{"0":"post-17083","1":"product","2":"type-product","3":"status-publish","4":"has-post-thumbnail","6":"product_brand-ringuva","7":"product_cat-muilas-ir-laikikliai","9":"first","10":"instock","11":"taxable","12":"shipping-taxable","13":"purchasable","14":"product-type-simple"},"yoast_head":"<!-- This site is optimized with the Yoast SEO plugin v26.1.1 - https:\/\/yoast.com\/wordpress\/plugins\/seo\/ -->\n<title>Universalus skalbiamasis muilas &quot;\u016aki\u0161kas&quot; 175g Ringuva - Rutana - Ra\u0161tin\u0117s reikmenys<\/title>\n<meta name=\"robots\" content=\"index, follow, max-snippet:-1, max-image-preview:large, max-video-preview:-1\" \/>\n<link rel=\"canonical\" href=\"https:\/\/rutana.lt\/en\/product\/universalus-skalbiamasis-muilas-ukiskas-175g-ringuva\/\" \/>\n<meta property=\"og:locale\" content=\"en_US\" \/>\n<meta property=\"og:type\" content=\"article\" \/>\n<meta property=\"og:title\" content=\"Universalus skalbiamasis muilas &quot;\u016aki\u0161kas&quot; 175g Ringuva - Rutana - Ra\u0161tin\u0117s reikmenys\" \/>\n<meta property=\"og:description\" content=\"&#8222;\u016aki\u0161kas&#8221; universalus skalbiamasis muilas pagamintas i\u0161 nat\u016brali\u0173 \u017ealiav\u0173. Efektyviai ir kokybi\u0161kai skalbia \u012fvairi\u0173 r\u016b\u0161i\u0173 baltus bei spalvotus audinius. Skirtas skalbti rankomis. Kiekis: 175 g Sud\u0117tis: daugiau kaip 30 % muilas, kvapai ( limonene ) Kilm\u0117s \u0161alis: Lietuva\" \/>\n<meta property=\"og:url\" content=\"https:\/\/rutana.lt\/en\/product\/universalus-skalbiamasis-muilas-ukiskas-175g-ringuva\/\" \/>\n<meta property=\"og:site_name\" content=\"Rutana - Ra\u0161tin\u0117s reikmenys\" \/>\n<meta property=\"article:publisher\" content=\"https:\/\/www.facebook.com\/RutanaKanceliarinesPrekes\/\" \/>\n<meta property=\"article:modified_time\" content=\"2025-10-13T13:52:55+00:00\" \/>\n<meta property=\"og:image\" content=\"https:\/\/rutana.lt\/wp-content\/uploads\/2025\/09\/B095-444.jpg\" \/>\n\t<meta property=\"og:image:width\" content=\"1181\" \/>\n\t<meta property=\"og:image:height\" content=\"1183\" \/>\n\t<meta property=\"og:image:type\" content=\"image\/jpeg\" \/>\n<meta name=\"twitter:card\" content=\"summary_large_image\" \/>\n<script type=\"application\/ld+json\" class=\"yoast-schema-graph\">{\"@context\":\"https:\/\/schema.org\",\"@graph\":[{\"@type\":\"WebPage\",\"@id\":\"https:\/\/rutana.lt\/produktas\/universalus-skalbiamasis-muilas-ukiskas-175g-ringuva\/\",\"url\":\"https:\/\/rutana.lt\/produktas\/universalus-skalbiamasis-muilas-ukiskas-175g-ringuva\/\",\"name\":\"Universalus skalbiamasis muilas \\\"\u016aki\u0161kas\\\" 175g Ringuva - Rutana - Ra\u0161tin\u0117s reikmenys\",\"isPartOf\":{\"@id\":\"https:\/\/rutana.lt\/#website\"},\"primaryImageOfPage\":{\"@id\":\"https:\/\/rutana.lt\/produktas\/universalus-skalbiamasis-muilas-ukiskas-175g-ringuva\/#primaryimage\"},\"image\":{\"@id\":\"https:\/\/rutana.lt\/produktas\/universalus-skalbiamasis-muilas-ukiskas-175g-ringuva\/#primaryimage\"},\"thumbnailUrl\":\"https:\/\/rutana.lt\/wp-content\/uploads\/2025\/09\/B095-444-1.jpg?v=1763565071\",\"datePublished\":\"2025-09-03T07:49:29+00:00\",\"dateModified\":\"2025-10-13T13:52:55+00:00\",\"breadcrumb\":{\"@id\":\"https:\/\/rutana.lt\/produktas\/universalus-skalbiamasis-muilas-ukiskas-175g-ringuva\/#breadcrumb\"},\"inLanguage\":\"en-US\",\"potentialAction\":[{\"@type\":\"ReadAction\",\"target\":[\"https:\/\/rutana.lt\/produktas\/universalus-skalbiamasis-muilas-ukiskas-175g-ringuva\/\"]}]},{\"@type\":\"ImageObject\",\"inLanguage\":\"en-US\",\"@id\":\"https:\/\/rutana.lt\/produktas\/universalus-skalbiamasis-muilas-ukiskas-175g-ringuva\/#primaryimage\",\"url\":\"https:\/\/rutana.lt\/wp-content\/uploads\/2025\/09\/B095-444-1.jpg?v=1763565071\",\"contentUrl\":\"https:\/\/rutana.lt\/wp-content\/uploads\/2025\/09\/B095-444-1.jpg?v=1763565071\",\"width\":1181,\"height\":1183},{\"@type\":\"BreadcrumbList\",\"@id\":\"https:\/\/rutana.lt\/produktas\/universalus-skalbiamasis-muilas-ukiskas-175g-ringuva\/#breadcrumb\",\"itemListElement\":[{\"@type\":\"ListItem\",\"position\":1,\"name\":\"Home\",\"item\":\"https:\/\/rutana.lt\/\"},{\"@type\":\"ListItem\",\"position\":2,\"name\":\"Parduotuv\u0117\",\"item\":\"https:\/\/rutana.lt\/parduotuve\/\"},{\"@type\":\"ListItem\",\"position\":3,\"name\":\"Universalus skalbiamasis muilas &#8222;\u016aki\u0161kas&#8221; 175g Ringuva\"}]},{\"@type\":\"WebSite\",\"@id\":\"https:\/\/rutana.lt\/#website\",\"url\":\"https:\/\/rutana.lt\/\",\"name\":\"Rutana - Ra\u0161tin\u0117s reikmenys\",\"description\":\"Prekiaujame pasaulin\u0117je rinkoje pripa\u017eintomis, kokybi\u0161komis biuro prek\u0117mis toki\u0173  gamintoj\u0173 kaip: Schneider, Esselte, Novus, 3M, Faber-Castell, Citizen, Milan, Leitz, Colop, Zebra, Staedtler, Durable, Tork, Parker, Waterman ir kt.\",\"publisher\":{\"@id\":\"https:\/\/rutana.lt\/#organization\"},\"potentialAction\":[{\"@type\":\"SearchAction\",\"target\":{\"@type\":\"EntryPoint\",\"urlTemplate\":\"https:\/\/rutana.lt\/?s={search_term_string}\"},\"query-input\":{\"@type\":\"PropertyValueSpecification\",\"valueRequired\":true,\"valueName\":\"search_term_string\"}}],\"inLanguage\":\"en-US\"},{\"@type\":\"Organization\",\"@id\":\"https:\/\/rutana.lt\/#organization\",\"name\":\"Rutana - Ra\u0161tin\u0117s reikmenys\",\"url\":\"https:\/\/rutana.lt\/\",\"logo\":{\"@type\":\"ImageObject\",\"inLanguage\":\"en-US\",\"@id\":\"https:\/\/rutana.lt\/#\/schema\/logo\/image\/\",\"url\":\"https:\/\/rutana.lt\/wp-content\/uploads\/2025\/10\/Asset-32.png\",\"contentUrl\":\"https:\/\/rutana.lt\/wp-content\/uploads\/2025\/10\/Asset-32.png\",\"width\":433,\"height\":119,\"caption\":\"Rutana - Ra\u0161tin\u0117s reikmenys\"},\"image\":{\"@id\":\"https:\/\/rutana.lt\/#\/schema\/logo\/image\/\"},\"sameAs\":[\"https:\/\/www.facebook.com\/RutanaKanceliarinesPrekes\/\"]}]}<\/script>\n<!-- \/ Yoast SEO plugin. -->","yoast_head_json":{"title":"Universalus skalbiamasis muilas \"\u016aki\u0161kas\" 175g Ringuva - Rutana - Ra\u0161tin\u0117s reikmenys","robots":{"index":"index","follow":"follow","max-snippet":"max-snippet:-1","max-image-preview":"max-image-preview:large","max-video-preview":"max-video-preview:-1"},"canonical":"https:\/\/rutana.lt\/en\/product\/universalus-skalbiamasis-muilas-ukiskas-175g-ringuva\/","og_locale":"en_US","og_type":"article","og_title":"Universalus skalbiamasis muilas \"\u016aki\u0161kas\" 175g Ringuva - Rutana - Ra\u0161tin\u0117s reikmenys","og_description":"&#8222;\u016aki\u0161kas&#8221; universalus skalbiamasis muilas pagamintas i\u0161 nat\u016brali\u0173 \u017ealiav\u0173. Efektyviai ir kokybi\u0161kai skalbia \u012fvairi\u0173 r\u016b\u0161i\u0173 baltus bei spalvotus audinius. Skirtas skalbti rankomis. Kiekis: 175 g Sud\u0117tis: daugiau kaip 30 % muilas, kvapai ( limonene ) Kilm\u0117s \u0161alis: Lietuva","og_url":"https:\/\/rutana.lt\/en\/product\/universalus-skalbiamasis-muilas-ukiskas-175g-ringuva\/","og_site_name":"Rutana - Ra\u0161tin\u0117s reikmenys","article_publisher":"https:\/\/www.facebook.com\/RutanaKanceliarinesPrekes\/","article_modified_time":"2025-10-13T13:52:55+00:00","og_image":[{"width":1181,"height":1183,"url":"https:\/\/rutana.lt\/wp-content\/uploads\/2025\/09\/B095-444.jpg","type":"image\/jpeg"}],"twitter_card":"summary_large_image","schema":{"@context":"https:\/\/schema.org","@graph":[{"@type":"WebPage","@id":"https:\/\/rutana.lt\/produktas\/universalus-skalbiamasis-muilas-ukiskas-175g-ringuva\/","url":"https:\/\/rutana.lt\/produktas\/universalus-skalbiamasis-muilas-ukiskas-175g-ringuva\/","name":"Universalus skalbiamasis muilas \"\u016aki\u0161kas\" 175g Ringuva - Rutana - Ra\u0161tin\u0117s reikmenys","isPartOf":{"@id":"https:\/\/rutana.lt\/#website"},"primaryImageOfPage":{"@id":"https:\/\/rutana.lt\/produktas\/universalus-skalbiamasis-muilas-ukiskas-175g-ringuva\/#primaryimage"},"image":{"@id":"https:\/\/rutana.lt\/produktas\/universalus-skalbiamasis-muilas-ukiskas-175g-ringuva\/#primaryimage"},"thumbnailUrl":"https:\/\/rutana.lt\/wp-content\/uploads\/2025\/09\/B095-444-1.jpg?v=1763565071","datePublished":"2025-09-03T07:49:29+00:00","dateModified":"2025-10-13T13:52:55+00:00","breadcrumb":{"@id":"https:\/\/rutana.lt\/produktas\/universalus-skalbiamasis-muilas-ukiskas-175g-ringuva\/#breadcrumb"},"inLanguage":"en-US","potentialAction":[{"@type":"ReadAction","target":["https:\/\/rutana.lt\/produktas\/universalus-skalbiamasis-muilas-ukiskas-175g-ringuva\/"]}]},{"@type":"ImageObject","inLanguage":"en-US","@id":"https:\/\/rutana.lt\/produktas\/universalus-skalbiamasis-muilas-ukiskas-175g-ringuva\/#primaryimage","url":"https:\/\/rutana.lt\/wp-content\/uploads\/2025\/09\/B095-444-1.jpg?v=1763565071","contentUrl":"https:\/\/rutana.lt\/wp-content\/uploads\/2025\/09\/B095-444-1.jpg?v=1763565071","width":1181,"height":1183},{"@type":"BreadcrumbList","@id":"https:\/\/rutana.lt\/produktas\/universalus-skalbiamasis-muilas-ukiskas-175g-ringuva\/#breadcrumb","itemListElement":[{"@type":"ListItem","position":1,"name":"Home","item":"https:\/\/rutana.lt\/"},{"@type":"ListItem","position":2,"name":"Parduotuv\u0117","item":"https:\/\/rutana.lt\/parduotuve\/"},{"@type":"ListItem","position":3,"name":"Universalus skalbiamasis muilas &#8222;\u016aki\u0161kas&#8221; 175g Ringuva"}]},{"@type":"WebSite","@id":"https:\/\/rutana.lt\/#website","url":"https:\/\/rutana.lt\/","name":"Rutana - Ra\u0161tin\u0117s reikmenys","description":"Prekiaujame pasaulin\u0117je rinkoje pripa\u017eintomis, kokybi\u0161komis biuro prek\u0117mis toki\u0173  gamintoj\u0173 kaip: Schneider, Esselte, Novus, 3M, Faber-Castell, Citizen, Milan, Leitz, Colop, Zebra, Staedtler, Durable, Tork, Parker, Waterman ir kt.","publisher":{"@id":"https:\/\/rutana.lt\/#organization"},"potentialAction":[{"@type":"SearchAction","target":{"@type":"EntryPoint","urlTemplate":"https:\/\/rutana.lt\/?s={search_term_string}"},"query-input":{"@type":"PropertyValueSpecification","valueRequired":true,"valueName":"search_term_string"}}],"inLanguage":"en-US"},{"@type":"Organization","@id":"https:\/\/rutana.lt\/#organization","name":"Rutana - Ra\u0161tin\u0117s reikmenys","url":"https:\/\/rutana.lt\/","logo":{"@type":"ImageObject","inLanguage":"en-US","@id":"https:\/\/rutana.lt\/#\/schema\/logo\/image\/","url":"https:\/\/rutana.lt\/wp-content\/uploads\/2025\/10\/Asset-32.png","contentUrl":"https:\/\/rutana.lt\/wp-content\/uploads\/2025\/10\/Asset-32.png","width":433,"height":119,"caption":"Rutana - Ra\u0161tin\u0117s reikmenys"},"image":{"@id":"https:\/\/rutana.lt\/#\/schema\/logo\/image\/"},"sameAs":["https:\/\/www.facebook.com\/RutanaKanceliarinesPrekes\/"]}]}},"_links":{"self":[{"href":"https:\/\/rutana.lt\/en\/wp-json\/wp\/v2\/product\/17083","targetHints":{"allow":["GET"]}}],"collection":[{"href":"https:\/\/rutana.lt\/en\/wp-json\/wp\/v2\/product"}],"about":[{"href":"https:\/\/rutana.lt\/en\/wp-json\/wp\/v2\/types\/product"}],"replies":[{"embeddable":true,"href":"https:\/\/rutana.lt\/en\/wp-json\/wp\/v2\/comments?post=17083"}],"version-history":[{"count":1,"href":"https:\/\/rutana.lt\/en\/wp-json\/wp\/v2\/product\/17083\/revisions"}],"predecessor-version":[{"id":17120,"href":"https:\/\/rutana.lt\/en\/wp-json\/wp\/v2\/product\/17083\/revisions\/17120"}],"wp:featuredmedia":[{"embeddable":true,"href":"https:\/\/rutana.lt\/en\/wp-json\/wp\/v2\/media\/29281"}],"wp:attachment":[{"href":"https:\/\/rutana.lt\/en\/wp-json\/wp\/v2\/media?parent=17083"}],"wp:term":[{"taxonomy":"product_brand","embeddable":true,"href":"https:\/\/rutana.lt\/en\/wp-json\/wp\/v2\/product_brand?post=17083"},{"taxonomy":"product_cat","embeddable":true,"href":"https:\/\/rutana.lt\/en\/wp-json\/wp\/v2\/product_cat?post=17083"},{"taxonomy":"product_tag","embeddable":true,"href":"https:\/\/rutana.lt\/en\/wp-json\/wp\/v2\/product_tag?post=17083"}],"curies":[{"name":"wp","href":"https:\/\/api.w.org\/{rel}","templated":true}]}}