{"id":17081,"date":"2025-09-03T09:49:28","date_gmt":"2025-09-03T07:49:28","guid":{"rendered":"https:\/\/rutana.webdemo.lt\/?post_type=product&#038;p=17081"},"modified":"2025-10-13T15:52:54","modified_gmt":"2025-10-13T13:52:54","slug":"informacinis-laikiklis-a5-l-formos-skaidrus-europel-350002","status":"publish","type":"product","link":"https:\/\/rutana.lt\/en\/product\/informacinis-laikiklis-a5-l-formos-skaidrus-europel-350002\/","title":{"rendered":"Informacinis laikiklis A5 &#8222;L&#8221; formos skaidrus Europel 350002"},"content":{"rendered":"<p>Laikiklis skirtas reprezentatyviam j\u016bs\u0173 informacijos, reklamos pristatymui. Ai\u0161ki konstrukcija leid\u017eia matyti vis\u0105 vaizd\u0105. Lengva pakeisti lankstinukus, popieri\u0173 per apa\u010di\u0105 arba \u0161onus. Idealus laikiklis, kad j\u016bs\u0173 gaminio informacija ir nuotraukos b\u016bt\u0173 apsaugoti nuo ne\u0161varum\u0173 ir dulki\u0173. Gali b\u016bti naudojamas vie\u0161butyje, biure, mokykloje, ligonin\u0117je, konferencijose, parduotuv\u0117se ir t.t.<\/p>\n<p>Formatas: A5 ( 148 x 210 mm )<\/p>\n<p>Spalva: skaidrus<\/p>\n<p>Pagamintas i\u0161: akrilo<\/p>\n<p>Laikiklio ilgis: 10 cm<\/p>\n<p>Laikiklio plotis: 14.8 cm<\/p>\n<p>Laikiklio auk\u0161tis: 21 cm<\/p>\n<p>Laikiklio svoris: 190 g<\/p>\n<p>Tinkamas kabinimui: ne<\/p>\n<p>Dvipusis informacijos atvaizdavimas: ne<\/p>\n<p>Tinkamas naudojimui: patalp\u0173 viduje<\/p>\n<p>Kilm\u0117s \u0161alis: Olandija<\/p>","protected":false},"excerpt":{"rendered":"<p>Laikiklis skirtas reprezentatyviam j\u016bs\u0173 informacijos, reklamos pristatymui. Ai\u0161ki konstrukcija leid\u017eia matyti vis\u0105 vaizd\u0105. Lengva pakeisti lankstinukus, popieri\u0173 per apa\u010di\u0105 arba \u0161onus. Idealus laikiklis, kad j\u016bs\u0173 gaminio informacija ir nuotraukos b\u016bt\u0173 apsaugoti nuo ne\u0161varum\u0173 ir dulki\u0173. Gali b\u016bti naudojamas vie\u0161butyje, biure, mokykloje, ligonin\u0117je, konferencijose, parduotuv\u0117se ir t.t. Formatas: A5 ( 148 x 210 mm ) Spalva: [&hellip;]<\/p>","protected":false},"featured_media":29279,"comment_status":"open","ping_status":"closed","template":"","meta":{"_season_start":"","_season_end":"","_season_days":"","_season_months":"","_season_auto_visibility":""},"product_brand":[1029],"product_cat":[1654,1655,1653],"product_tag":[],"class_list":{"0":"post-17081","1":"product","2":"type-product","3":"status-publish","4":"has-post-thumbnail","6":"product_brand-europel","7":"product_cat-brosiuru-deklai","8":"product_cat-informacines-lentynos","9":"product_cat-informaciniai-stovai","11":"first","12":"instock","13":"taxable","14":"shipping-taxable","15":"purchasable","16":"product-type-simple"},"yoast_head":"<!-- This site is optimized with the Yoast SEO plugin v27.4 - https:\/\/yoast.com\/product\/yoast-seo-wordpress\/ -->\n<title>Informacinis laikiklis A5 &quot;L&quot; formos skaidrus Europel 350002 - Rutana - Ra\u0161tin\u0117s reikmenys<\/title>\n<meta name=\"robots\" content=\"index, follow, max-snippet:-1, max-image-preview:large, max-video-preview:-1\" \/>\n<link rel=\"canonical\" href=\"https:\/\/rutana.lt\/en\/product\/informacinis-laikiklis-a5-l-formos-skaidrus-europel-350002\/\" \/>\n<meta property=\"og:locale\" content=\"en_US\" \/>\n<meta property=\"og:type\" content=\"article\" \/>\n<meta property=\"og:title\" content=\"Informacinis laikiklis A5 &quot;L&quot; formos skaidrus Europel 350002 - Rutana - Ra\u0161tin\u0117s reikmenys\" \/>\n<meta property=\"og:description\" content=\"Laikiklis skirtas reprezentatyviam j\u016bs\u0173 informacijos, reklamos pristatymui. Ai\u0161ki konstrukcija leid\u017eia matyti vis\u0105 vaizd\u0105. Lengva pakeisti lankstinukus, popieri\u0173 per apa\u010di\u0105 arba \u0161onus. Idealus laikiklis, kad j\u016bs\u0173 gaminio informacija ir nuotraukos b\u016bt\u0173 apsaugoti nuo ne\u0161varum\u0173 ir dulki\u0173. Gali b\u016bti naudojamas vie\u0161butyje, biure, mokykloje, ligonin\u0117je, konferencijose, parduotuv\u0117se ir t.t. Formatas: A5 ( 148 x 210 mm ) Spalva: [&hellip;]\" \/>\n<meta property=\"og:url\" content=\"https:\/\/rutana.lt\/en\/product\/informacinis-laikiklis-a5-l-formos-skaidrus-europel-350002\/\" \/>\n<meta property=\"og:site_name\" content=\"Rutana - Ra\u0161tin\u0117s reikmenys\" \/>\n<meta property=\"article:publisher\" content=\"https:\/\/www.facebook.com\/RutanaKanceliarinesPrekes\/\" \/>\n<meta property=\"article:modified_time\" content=\"2025-10-13T13:52:54+00:00\" \/>\n<meta property=\"og:image\" content=\"https:\/\/rutana.lt\/wp-content\/uploads\/2025\/09\/B043-306-1.jpg\" \/>\n\t<meta property=\"og:image:width\" content=\"1387\" \/>\n\t<meta property=\"og:image:height\" content=\"1614\" \/>\n\t<meta property=\"og:image:type\" content=\"image\/jpeg\" \/>\n<meta name=\"twitter:card\" content=\"summary_large_image\" \/>\n<script type=\"application\/ld+json\" class=\"yoast-schema-graph\">{\"@context\":\"https:\\\/\\\/schema.org\",\"@graph\":[{\"@type\":\"WebPage\",\"@id\":\"https:\\\/\\\/rutana.lt\\\/produktas\\\/informacinis-laikiklis-a5-l-formos-skaidrus-europel-350002\\\/\",\"url\":\"https:\\\/\\\/rutana.lt\\\/produktas\\\/informacinis-laikiklis-a5-l-formos-skaidrus-europel-350002\\\/\",\"name\":\"Informacinis laikiklis A5 \\\"L\\\" formos skaidrus Europel 350002 - Rutana - Ra\u0161tin\u0117s reikmenys\",\"isPartOf\":{\"@id\":\"https:\\\/\\\/rutana.lt\\\/#website\"},\"primaryImageOfPage\":{\"@id\":\"https:\\\/\\\/rutana.lt\\\/produktas\\\/informacinis-laikiklis-a5-l-formos-skaidrus-europel-350002\\\/#primaryimage\"},\"image\":{\"@id\":\"https:\\\/\\\/rutana.lt\\\/produktas\\\/informacinis-laikiklis-a5-l-formos-skaidrus-europel-350002\\\/#primaryimage\"},\"thumbnailUrl\":\"https:\\\/\\\/rutana.lt\\\/wp-content\\\/uploads\\\/2025\\\/09\\\/B043-306-1-1.jpg?v=1763565075\",\"datePublished\":\"2025-09-03T07:49:28+00:00\",\"dateModified\":\"2025-10-13T13:52:54+00:00\",\"breadcrumb\":{\"@id\":\"https:\\\/\\\/rutana.lt\\\/produktas\\\/informacinis-laikiklis-a5-l-formos-skaidrus-europel-350002\\\/#breadcrumb\"},\"inLanguage\":\"en-US\",\"potentialAction\":[{\"@type\":\"ReadAction\",\"target\":[\"https:\\\/\\\/rutana.lt\\\/produktas\\\/informacinis-laikiklis-a5-l-formos-skaidrus-europel-350002\\\/\"]}]},{\"@type\":\"ImageObject\",\"inLanguage\":\"en-US\",\"@id\":\"https:\\\/\\\/rutana.lt\\\/produktas\\\/informacinis-laikiklis-a5-l-formos-skaidrus-europel-350002\\\/#primaryimage\",\"url\":\"https:\\\/\\\/rutana.lt\\\/wp-content\\\/uploads\\\/2025\\\/09\\\/B043-306-1-1.jpg?v=1763565075\",\"contentUrl\":\"https:\\\/\\\/rutana.lt\\\/wp-content\\\/uploads\\\/2025\\\/09\\\/B043-306-1-1.jpg?v=1763565075\",\"width\":1387,\"height\":1614},{\"@type\":\"BreadcrumbList\",\"@id\":\"https:\\\/\\\/rutana.lt\\\/produktas\\\/informacinis-laikiklis-a5-l-formos-skaidrus-europel-350002\\\/#breadcrumb\",\"itemListElement\":[{\"@type\":\"ListItem\",\"position\":1,\"name\":\"Home\",\"item\":\"https:\\\/\\\/rutana.lt\\\/\"},{\"@type\":\"ListItem\",\"position\":2,\"name\":\"Parduotuv\u0117\",\"item\":\"https:\\\/\\\/rutana.lt\\\/parduotuve\\\/\"},{\"@type\":\"ListItem\",\"position\":3,\"name\":\"Informacinis laikiklis A5 &#8222;L&#8221; formos skaidrus Europel 350002\"}]},{\"@type\":\"WebSite\",\"@id\":\"https:\\\/\\\/rutana.lt\\\/#website\",\"url\":\"https:\\\/\\\/rutana.lt\\\/\",\"name\":\"Rutana - Ra\u0161tin\u0117s reikmenys\",\"description\":\"Prekiaujame pasaulin\u0117je rinkoje pripa\u017eintomis, kokybi\u0161komis biuro prek\u0117mis toki\u0173  gamintoj\u0173 kaip: Schneider, Esselte, Novus, 3M, Faber-Castell, Citizen, Milan, Leitz, Colop, Zebra, Staedtler, Durable, Tork, Parker, Waterman ir kt.\",\"publisher\":{\"@id\":\"https:\\\/\\\/rutana.lt\\\/#organization\"},\"potentialAction\":[{\"@type\":\"SearchAction\",\"target\":{\"@type\":\"EntryPoint\",\"urlTemplate\":\"https:\\\/\\\/rutana.lt\\\/?s={search_term_string}\"},\"query-input\":{\"@type\":\"PropertyValueSpecification\",\"valueRequired\":true,\"valueName\":\"search_term_string\"}}],\"inLanguage\":\"en-US\"},{\"@type\":\"Organization\",\"@id\":\"https:\\\/\\\/rutana.lt\\\/#organization\",\"name\":\"Rutana - Ra\u0161tin\u0117s reikmenys\",\"url\":\"https:\\\/\\\/rutana.lt\\\/\",\"logo\":{\"@type\":\"ImageObject\",\"inLanguage\":\"en-US\",\"@id\":\"https:\\\/\\\/rutana.lt\\\/#\\\/schema\\\/logo\\\/image\\\/\",\"url\":\"https:\\\/\\\/rutana.lt\\\/wp-content\\\/uploads\\\/2025\\\/10\\\/Asset-32.png\",\"contentUrl\":\"https:\\\/\\\/rutana.lt\\\/wp-content\\\/uploads\\\/2025\\\/10\\\/Asset-32.png\",\"width\":433,\"height\":119,\"caption\":\"Rutana - Ra\u0161tin\u0117s reikmenys\"},\"image\":{\"@id\":\"https:\\\/\\\/rutana.lt\\\/#\\\/schema\\\/logo\\\/image\\\/\"},\"sameAs\":[\"https:\\\/\\\/www.facebook.com\\\/RutanaKanceliarinesPrekes\\\/\"]}]}<\/script>\n<!-- \/ Yoast SEO plugin. -->","yoast_head_json":{"title":"Informacinis laikiklis A5 \"L\" formos skaidrus Europel 350002 - Rutana - Ra\u0161tin\u0117s reikmenys","robots":{"index":"index","follow":"follow","max-snippet":"max-snippet:-1","max-image-preview":"max-image-preview:large","max-video-preview":"max-video-preview:-1"},"canonical":"https:\/\/rutana.lt\/en\/product\/informacinis-laikiklis-a5-l-formos-skaidrus-europel-350002\/","og_locale":"en_US","og_type":"article","og_title":"Informacinis laikiklis A5 \"L\" formos skaidrus Europel 350002 - Rutana - Ra\u0161tin\u0117s reikmenys","og_description":"Laikiklis skirtas reprezentatyviam j\u016bs\u0173 informacijos, reklamos pristatymui. Ai\u0161ki konstrukcija leid\u017eia matyti vis\u0105 vaizd\u0105. Lengva pakeisti lankstinukus, popieri\u0173 per apa\u010di\u0105 arba \u0161onus. Idealus laikiklis, kad j\u016bs\u0173 gaminio informacija ir nuotraukos b\u016bt\u0173 apsaugoti nuo ne\u0161varum\u0173 ir dulki\u0173. Gali b\u016bti naudojamas vie\u0161butyje, biure, mokykloje, ligonin\u0117je, konferencijose, parduotuv\u0117se ir t.t. Formatas: A5 ( 148 x 210 mm ) Spalva: [&hellip;]","og_url":"https:\/\/rutana.lt\/en\/product\/informacinis-laikiklis-a5-l-formos-skaidrus-europel-350002\/","og_site_name":"Rutana - Ra\u0161tin\u0117s reikmenys","article_publisher":"https:\/\/www.facebook.com\/RutanaKanceliarinesPrekes\/","article_modified_time":"2025-10-13T13:52:54+00:00","og_image":[{"width":1387,"height":1614,"url":"https:\/\/rutana.lt\/wp-content\/uploads\/2025\/09\/B043-306-1.jpg","type":"image\/jpeg"}],"twitter_card":"summary_large_image","schema":{"@context":"https:\/\/schema.org","@graph":[{"@type":"WebPage","@id":"https:\/\/rutana.lt\/produktas\/informacinis-laikiklis-a5-l-formos-skaidrus-europel-350002\/","url":"https:\/\/rutana.lt\/produktas\/informacinis-laikiklis-a5-l-formos-skaidrus-europel-350002\/","name":"Informacinis laikiklis A5 \"L\" formos skaidrus Europel 350002 - Rutana - Ra\u0161tin\u0117s reikmenys","isPartOf":{"@id":"https:\/\/rutana.lt\/#website"},"primaryImageOfPage":{"@id":"https:\/\/rutana.lt\/produktas\/informacinis-laikiklis-a5-l-formos-skaidrus-europel-350002\/#primaryimage"},"image":{"@id":"https:\/\/rutana.lt\/produktas\/informacinis-laikiklis-a5-l-formos-skaidrus-europel-350002\/#primaryimage"},"thumbnailUrl":"https:\/\/rutana.lt\/wp-content\/uploads\/2025\/09\/B043-306-1-1.jpg?v=1763565075","datePublished":"2025-09-03T07:49:28+00:00","dateModified":"2025-10-13T13:52:54+00:00","breadcrumb":{"@id":"https:\/\/rutana.lt\/produktas\/informacinis-laikiklis-a5-l-formos-skaidrus-europel-350002\/#breadcrumb"},"inLanguage":"en-US","potentialAction":[{"@type":"ReadAction","target":["https:\/\/rutana.lt\/produktas\/informacinis-laikiklis-a5-l-formos-skaidrus-europel-350002\/"]}]},{"@type":"ImageObject","inLanguage":"en-US","@id":"https:\/\/rutana.lt\/produktas\/informacinis-laikiklis-a5-l-formos-skaidrus-europel-350002\/#primaryimage","url":"https:\/\/rutana.lt\/wp-content\/uploads\/2025\/09\/B043-306-1-1.jpg?v=1763565075","contentUrl":"https:\/\/rutana.lt\/wp-content\/uploads\/2025\/09\/B043-306-1-1.jpg?v=1763565075","width":1387,"height":1614},{"@type":"BreadcrumbList","@id":"https:\/\/rutana.lt\/produktas\/informacinis-laikiklis-a5-l-formos-skaidrus-europel-350002\/#breadcrumb","itemListElement":[{"@type":"ListItem","position":1,"name":"Home","item":"https:\/\/rutana.lt\/"},{"@type":"ListItem","position":2,"name":"Parduotuv\u0117","item":"https:\/\/rutana.lt\/parduotuve\/"},{"@type":"ListItem","position":3,"name":"Informacinis laikiklis A5 &#8222;L&#8221; formos skaidrus Europel 350002"}]},{"@type":"WebSite","@id":"https:\/\/rutana.lt\/#website","url":"https:\/\/rutana.lt\/","name":"Rutana - Ra\u0161tin\u0117s reikmenys","description":"Prekiaujame pasaulin\u0117je rinkoje pripa\u017eintomis, kokybi\u0161komis biuro prek\u0117mis toki\u0173  gamintoj\u0173 kaip: Schneider, Esselte, Novus, 3M, Faber-Castell, Citizen, Milan, Leitz, Colop, Zebra, Staedtler, Durable, Tork, Parker, Waterman ir kt.","publisher":{"@id":"https:\/\/rutana.lt\/#organization"},"potentialAction":[{"@type":"SearchAction","target":{"@type":"EntryPoint","urlTemplate":"https:\/\/rutana.lt\/?s={search_term_string}"},"query-input":{"@type":"PropertyValueSpecification","valueRequired":true,"valueName":"search_term_string"}}],"inLanguage":"en-US"},{"@type":"Organization","@id":"https:\/\/rutana.lt\/#organization","name":"Rutana - Ra\u0161tin\u0117s reikmenys","url":"https:\/\/rutana.lt\/","logo":{"@type":"ImageObject","inLanguage":"en-US","@id":"https:\/\/rutana.lt\/#\/schema\/logo\/image\/","url":"https:\/\/rutana.lt\/wp-content\/uploads\/2025\/10\/Asset-32.png","contentUrl":"https:\/\/rutana.lt\/wp-content\/uploads\/2025\/10\/Asset-32.png","width":433,"height":119,"caption":"Rutana - Ra\u0161tin\u0117s reikmenys"},"image":{"@id":"https:\/\/rutana.lt\/#\/schema\/logo\/image\/"},"sameAs":["https:\/\/www.facebook.com\/RutanaKanceliarinesPrekes\/"]}]}},"_links":{"self":[{"href":"https:\/\/rutana.lt\/en\/wp-json\/wp\/v2\/product\/17081","targetHints":{"allow":["GET"]}}],"collection":[{"href":"https:\/\/rutana.lt\/en\/wp-json\/wp\/v2\/product"}],"about":[{"href":"https:\/\/rutana.lt\/en\/wp-json\/wp\/v2\/types\/product"}],"replies":[{"embeddable":true,"href":"https:\/\/rutana.lt\/en\/wp-json\/wp\/v2\/comments?post=17081"}],"version-history":[{"count":1,"href":"https:\/\/rutana.lt\/en\/wp-json\/wp\/v2\/product\/17081\/revisions"}],"predecessor-version":[{"id":17116,"href":"https:\/\/rutana.lt\/en\/wp-json\/wp\/v2\/product\/17081\/revisions\/17116"}],"wp:featuredmedia":[{"embeddable":true,"href":"https:\/\/rutana.lt\/en\/wp-json\/wp\/v2\/media\/29279"}],"wp:attachment":[{"href":"https:\/\/rutana.lt\/en\/wp-json\/wp\/v2\/media?parent=17081"}],"wp:term":[{"taxonomy":"product_brand","embeddable":true,"href":"https:\/\/rutana.lt\/en\/wp-json\/wp\/v2\/product_brand?post=17081"},{"taxonomy":"product_cat","embeddable":true,"href":"https:\/\/rutana.lt\/en\/wp-json\/wp\/v2\/product_cat?post=17081"},{"taxonomy":"product_tag","embeddable":true,"href":"https:\/\/rutana.lt\/en\/wp-json\/wp\/v2\/product_tag?post=17081"}],"curies":[{"name":"wp","href":"https:\/\/api.w.org\/{rel}","templated":true}]}}