{"id":17032,"date":"2025-09-03T09:49:05","date_gmt":"2025-09-03T07:49:05","guid":{"rendered":"https:\/\/rutana.webdemo.lt\/?post_type=product&#038;p=17032"},"modified":"2025-10-13T15:52:52","modified_gmt":"2025-10-13T13:52:52","slug":"gelio-serdele-gelion-0-7mm-raudona-schneider-103902","status":"publish","type":"product","link":"https:\/\/rutana.lt\/en\/product\/gelio-serdele-gelion-0-7mm-raudona-schneider-103902\/","title":{"rendered":"Gelio \u0161erdel\u0117 Gelion+ 0.7mm raudona Schneider 103902"},"content":{"rendered":"<p>Gelio \u0161erdel\u0117 ISO formatu G2, kad b\u016bt\u0173 u\u017etikrinta geriausia ra\u0161ymo patirtis su gelio ra\u0161ikliu. Naujos kartos gelis Gelion+ itin auk\u0161tos kokyb\u0117s gelis, kuris u\u017etikrina itin lengv\u0105 ir skland\u0173 ra\u0161ymo jausm\u0105. Itin greitai d\u017ei\u016bstantis ra\u0161alas neleid\u017eia i\u0161sitepti ra\u0161ant, tod\u0117l tinka ir kairiarankiams. Naujovi\u0161ka formul\u0117, u\u017etikrinanti ilgesn\u012f patvarum\u0105, palyginti su \u012fprastais gelio u\u017epildais. Tinka visiems Schneider ra\u0161ikliams su Plug + Play sistema ir daugeliu kit\u0173 G2 formato u\u017epild\u0173.<\/p>\n<p>\u0160erdel\u0117s galvut\u0117s storis: 0.7 mm<\/p>\n<p style=\"margin-bottom: 10px;\">Br\u0117\u017eiamos linijos storis: 0.4 mm<\/p>\n<p style=\"margin-bottom: 10px;\">Tu\u0161o spalva: raudona <\/p>\n<p style=\"margin-bottom: 10px;\">Kilm\u0117s \u0161alis: Vokietija<\/p>\n<p style=\"margin-bottom: 10px;\"><\/p>","protected":false},"excerpt":{"rendered":"<p>Gelio \u0161erdel\u0117 ISO formatu G2, kad b\u016bt\u0173 u\u017etikrinta geriausia ra\u0161ymo patirtis su gelio ra\u0161ikliu. Naujos kartos gelis Gelion+ itin auk\u0161tos kokyb\u0117s gelis, kuris u\u017etikrina itin lengv\u0105 ir skland\u0173 ra\u0161ymo jausm\u0105. Itin greitai d\u017ei\u016bstantis ra\u0161alas neleid\u017eia i\u0161sitepti ra\u0161ant, tod\u0117l tinka ir kairiarankiams. Naujovi\u0161ka formul\u0117, u\u017etikrinanti ilgesn\u012f patvarum\u0105, palyginti su \u012fprastais gelio u\u017epildais. Tinka visiems Schneider ra\u0161ikliams [&hellip;]<\/p>","protected":false},"featured_media":29276,"comment_status":"open","ping_status":"closed","template":"","meta":{"_season_start":"","_season_end":"","_season_days":"","_season_months":"","_season_auto_visibility":""},"product_brand":[202],"product_cat":[1858],"product_tag":[],"class_list":{"0":"post-17032","1":"product","2":"type-product","3":"status-publish","4":"has-post-thumbnail","6":"product_brand-schneider","7":"product_cat-serdeles-gelio-rasikliams","9":"first","10":"instock","11":"taxable","12":"shipping-taxable","13":"purchasable","14":"product-type-simple"},"yoast_head":"<!-- This site is optimized with the Yoast SEO plugin v26.1.1 - https:\/\/yoast.com\/wordpress\/plugins\/seo\/ -->\n<title>Gelio \u0161erdel\u0117 Gelion+ 0.7mm raudona Schneider 103902 - Rutana - Ra\u0161tin\u0117s reikmenys<\/title>\n<meta name=\"robots\" content=\"index, follow, max-snippet:-1, max-image-preview:large, max-video-preview:-1\" \/>\n<link rel=\"canonical\" href=\"https:\/\/rutana.lt\/en\/product\/gelio-serdele-gelion-0-7mm-raudona-schneider-103902\/\" \/>\n<meta property=\"og:locale\" content=\"en_US\" \/>\n<meta property=\"og:type\" content=\"article\" \/>\n<meta property=\"og:title\" content=\"Gelio \u0161erdel\u0117 Gelion+ 0.7mm raudona Schneider 103902 - Rutana - Ra\u0161tin\u0117s reikmenys\" \/>\n<meta property=\"og:description\" content=\"Gelio \u0161erdel\u0117 ISO formatu G2, kad b\u016bt\u0173 u\u017etikrinta geriausia ra\u0161ymo patirtis su gelio ra\u0161ikliu. Naujos kartos gelis Gelion+ itin auk\u0161tos kokyb\u0117s gelis, kuris u\u017etikrina itin lengv\u0105 ir skland\u0173 ra\u0161ymo jausm\u0105. Itin greitai d\u017ei\u016bstantis ra\u0161alas neleid\u017eia i\u0161sitepti ra\u0161ant, tod\u0117l tinka ir kairiarankiams. Naujovi\u0161ka formul\u0117, u\u017etikrinanti ilgesn\u012f patvarum\u0105, palyginti su \u012fprastais gelio u\u017epildais. Tinka visiems Schneider ra\u0161ikliams [&hellip;]\" \/>\n<meta property=\"og:url\" content=\"https:\/\/rutana.lt\/en\/product\/gelio-serdele-gelion-0-7mm-raudona-schneider-103902\/\" \/>\n<meta property=\"og:site_name\" content=\"Rutana - Ra\u0161tin\u0117s reikmenys\" \/>\n<meta property=\"article:publisher\" content=\"https:\/\/www.facebook.com\/RutanaKanceliarinesPrekes\/\" \/>\n<meta property=\"article:modified_time\" content=\"2025-10-13T13:52:52+00:00\" \/>\n<meta property=\"og:image\" content=\"https:\/\/rutana.lt\/wp-content\/uploads\/2025\/09\/C078-210.jpg\" \/>\n\t<meta property=\"og:image:width\" content=\"1000\" \/>\n\t<meta property=\"og:image:height\" content=\"1000\" \/>\n\t<meta property=\"og:image:type\" content=\"image\/jpeg\" \/>\n<meta name=\"twitter:card\" content=\"summary_large_image\" \/>\n<meta name=\"twitter:label1\" content=\"Est. reading time\" \/>\n\t<meta name=\"twitter:data1\" content=\"1 minute\" \/>\n<script type=\"application\/ld+json\" class=\"yoast-schema-graph\">{\"@context\":\"https:\/\/schema.org\",\"@graph\":[{\"@type\":\"WebPage\",\"@id\":\"https:\/\/rutana.lt\/produktas\/gelio-serdele-gelion-0-7mm-raudona-schneider-103902\/\",\"url\":\"https:\/\/rutana.lt\/produktas\/gelio-serdele-gelion-0-7mm-raudona-schneider-103902\/\",\"name\":\"Gelio \u0161erdel\u0117 Gelion+ 0.7mm raudona Schneider 103902 - Rutana - Ra\u0161tin\u0117s reikmenys\",\"isPartOf\":{\"@id\":\"https:\/\/rutana.lt\/#website\"},\"primaryImageOfPage\":{\"@id\":\"https:\/\/rutana.lt\/produktas\/gelio-serdele-gelion-0-7mm-raudona-schneider-103902\/#primaryimage\"},\"image\":{\"@id\":\"https:\/\/rutana.lt\/produktas\/gelio-serdele-gelion-0-7mm-raudona-schneider-103902\/#primaryimage\"},\"thumbnailUrl\":\"https:\/\/rutana.lt\/wp-content\/uploads\/2025\/09\/C078-210-1.jpg?v=1763565081\",\"datePublished\":\"2025-09-03T07:49:05+00:00\",\"dateModified\":\"2025-10-13T13:52:52+00:00\",\"breadcrumb\":{\"@id\":\"https:\/\/rutana.lt\/produktas\/gelio-serdele-gelion-0-7mm-raudona-schneider-103902\/#breadcrumb\"},\"inLanguage\":\"en-US\",\"potentialAction\":[{\"@type\":\"ReadAction\",\"target\":[\"https:\/\/rutana.lt\/produktas\/gelio-serdele-gelion-0-7mm-raudona-schneider-103902\/\"]}]},{\"@type\":\"ImageObject\",\"inLanguage\":\"en-US\",\"@id\":\"https:\/\/rutana.lt\/produktas\/gelio-serdele-gelion-0-7mm-raudona-schneider-103902\/#primaryimage\",\"url\":\"https:\/\/rutana.lt\/wp-content\/uploads\/2025\/09\/C078-210-1.jpg?v=1763565081\",\"contentUrl\":\"https:\/\/rutana.lt\/wp-content\/uploads\/2025\/09\/C078-210-1.jpg?v=1763565081\",\"width\":1000,\"height\":1000},{\"@type\":\"BreadcrumbList\",\"@id\":\"https:\/\/rutana.lt\/produktas\/gelio-serdele-gelion-0-7mm-raudona-schneider-103902\/#breadcrumb\",\"itemListElement\":[{\"@type\":\"ListItem\",\"position\":1,\"name\":\"Home\",\"item\":\"https:\/\/rutana.lt\/\"},{\"@type\":\"ListItem\",\"position\":2,\"name\":\"Parduotuv\u0117\",\"item\":\"https:\/\/rutana.lt\/parduotuve\/\"},{\"@type\":\"ListItem\",\"position\":3,\"name\":\"Gelio \u0161erdel\u0117 Gelion+ 0.7mm raudona Schneider 103902\"}]},{\"@type\":\"WebSite\",\"@id\":\"https:\/\/rutana.lt\/#website\",\"url\":\"https:\/\/rutana.lt\/\",\"name\":\"Rutana - Ra\u0161tin\u0117s reikmenys\",\"description\":\"Prekiaujame pasaulin\u0117je rinkoje pripa\u017eintomis, kokybi\u0161komis biuro prek\u0117mis toki\u0173  gamintoj\u0173 kaip: Schneider, Esselte, Novus, 3M, Faber-Castell, Citizen, Milan, Leitz, Colop, Zebra, Staedtler, Durable, Tork, Parker, Waterman ir kt.\",\"publisher\":{\"@id\":\"https:\/\/rutana.lt\/#organization\"},\"potentialAction\":[{\"@type\":\"SearchAction\",\"target\":{\"@type\":\"EntryPoint\",\"urlTemplate\":\"https:\/\/rutana.lt\/?s={search_term_string}\"},\"query-input\":{\"@type\":\"PropertyValueSpecification\",\"valueRequired\":true,\"valueName\":\"search_term_string\"}}],\"inLanguage\":\"en-US\"},{\"@type\":\"Organization\",\"@id\":\"https:\/\/rutana.lt\/#organization\",\"name\":\"Rutana - Ra\u0161tin\u0117s reikmenys\",\"url\":\"https:\/\/rutana.lt\/\",\"logo\":{\"@type\":\"ImageObject\",\"inLanguage\":\"en-US\",\"@id\":\"https:\/\/rutana.lt\/#\/schema\/logo\/image\/\",\"url\":\"https:\/\/rutana.lt\/wp-content\/uploads\/2025\/10\/Asset-32.png\",\"contentUrl\":\"https:\/\/rutana.lt\/wp-content\/uploads\/2025\/10\/Asset-32.png\",\"width\":433,\"height\":119,\"caption\":\"Rutana - Ra\u0161tin\u0117s reikmenys\"},\"image\":{\"@id\":\"https:\/\/rutana.lt\/#\/schema\/logo\/image\/\"},\"sameAs\":[\"https:\/\/www.facebook.com\/RutanaKanceliarinesPrekes\/\"]}]}<\/script>\n<!-- \/ Yoast SEO plugin. -->","yoast_head_json":{"title":"Gelio \u0161erdel\u0117 Gelion+ 0.7mm raudona Schneider 103902 - Rutana - Ra\u0161tin\u0117s reikmenys","robots":{"index":"index","follow":"follow","max-snippet":"max-snippet:-1","max-image-preview":"max-image-preview:large","max-video-preview":"max-video-preview:-1"},"canonical":"https:\/\/rutana.lt\/en\/product\/gelio-serdele-gelion-0-7mm-raudona-schneider-103902\/","og_locale":"en_US","og_type":"article","og_title":"Gelio \u0161erdel\u0117 Gelion+ 0.7mm raudona Schneider 103902 - Rutana - Ra\u0161tin\u0117s reikmenys","og_description":"Gelio \u0161erdel\u0117 ISO formatu G2, kad b\u016bt\u0173 u\u017etikrinta geriausia ra\u0161ymo patirtis su gelio ra\u0161ikliu. Naujos kartos gelis Gelion+ itin auk\u0161tos kokyb\u0117s gelis, kuris u\u017etikrina itin lengv\u0105 ir skland\u0173 ra\u0161ymo jausm\u0105. Itin greitai d\u017ei\u016bstantis ra\u0161alas neleid\u017eia i\u0161sitepti ra\u0161ant, tod\u0117l tinka ir kairiarankiams. Naujovi\u0161ka formul\u0117, u\u017etikrinanti ilgesn\u012f patvarum\u0105, palyginti su \u012fprastais gelio u\u017epildais. Tinka visiems Schneider ra\u0161ikliams [&hellip;]","og_url":"https:\/\/rutana.lt\/en\/product\/gelio-serdele-gelion-0-7mm-raudona-schneider-103902\/","og_site_name":"Rutana - Ra\u0161tin\u0117s reikmenys","article_publisher":"https:\/\/www.facebook.com\/RutanaKanceliarinesPrekes\/","article_modified_time":"2025-10-13T13:52:52+00:00","og_image":[{"width":1000,"height":1000,"url":"https:\/\/rutana.lt\/wp-content\/uploads\/2025\/09\/C078-210.jpg","type":"image\/jpeg"}],"twitter_card":"summary_large_image","twitter_misc":{"Est. reading time":"1 minute"},"schema":{"@context":"https:\/\/schema.org","@graph":[{"@type":"WebPage","@id":"https:\/\/rutana.lt\/produktas\/gelio-serdele-gelion-0-7mm-raudona-schneider-103902\/","url":"https:\/\/rutana.lt\/produktas\/gelio-serdele-gelion-0-7mm-raudona-schneider-103902\/","name":"Gelio \u0161erdel\u0117 Gelion+ 0.7mm raudona Schneider 103902 - Rutana - Ra\u0161tin\u0117s reikmenys","isPartOf":{"@id":"https:\/\/rutana.lt\/#website"},"primaryImageOfPage":{"@id":"https:\/\/rutana.lt\/produktas\/gelio-serdele-gelion-0-7mm-raudona-schneider-103902\/#primaryimage"},"image":{"@id":"https:\/\/rutana.lt\/produktas\/gelio-serdele-gelion-0-7mm-raudona-schneider-103902\/#primaryimage"},"thumbnailUrl":"https:\/\/rutana.lt\/wp-content\/uploads\/2025\/09\/C078-210-1.jpg?v=1763565081","datePublished":"2025-09-03T07:49:05+00:00","dateModified":"2025-10-13T13:52:52+00:00","breadcrumb":{"@id":"https:\/\/rutana.lt\/produktas\/gelio-serdele-gelion-0-7mm-raudona-schneider-103902\/#breadcrumb"},"inLanguage":"en-US","potentialAction":[{"@type":"ReadAction","target":["https:\/\/rutana.lt\/produktas\/gelio-serdele-gelion-0-7mm-raudona-schneider-103902\/"]}]},{"@type":"ImageObject","inLanguage":"en-US","@id":"https:\/\/rutana.lt\/produktas\/gelio-serdele-gelion-0-7mm-raudona-schneider-103902\/#primaryimage","url":"https:\/\/rutana.lt\/wp-content\/uploads\/2025\/09\/C078-210-1.jpg?v=1763565081","contentUrl":"https:\/\/rutana.lt\/wp-content\/uploads\/2025\/09\/C078-210-1.jpg?v=1763565081","width":1000,"height":1000},{"@type":"BreadcrumbList","@id":"https:\/\/rutana.lt\/produktas\/gelio-serdele-gelion-0-7mm-raudona-schneider-103902\/#breadcrumb","itemListElement":[{"@type":"ListItem","position":1,"name":"Home","item":"https:\/\/rutana.lt\/"},{"@type":"ListItem","position":2,"name":"Parduotuv\u0117","item":"https:\/\/rutana.lt\/parduotuve\/"},{"@type":"ListItem","position":3,"name":"Gelio \u0161erdel\u0117 Gelion+ 0.7mm raudona Schneider 103902"}]},{"@type":"WebSite","@id":"https:\/\/rutana.lt\/#website","url":"https:\/\/rutana.lt\/","name":"Rutana - Ra\u0161tin\u0117s reikmenys","description":"Prekiaujame pasaulin\u0117je rinkoje pripa\u017eintomis, kokybi\u0161komis biuro prek\u0117mis toki\u0173  gamintoj\u0173 kaip: Schneider, Esselte, Novus, 3M, Faber-Castell, Citizen, Milan, Leitz, Colop, Zebra, Staedtler, Durable, Tork, Parker, Waterman ir kt.","publisher":{"@id":"https:\/\/rutana.lt\/#organization"},"potentialAction":[{"@type":"SearchAction","target":{"@type":"EntryPoint","urlTemplate":"https:\/\/rutana.lt\/?s={search_term_string}"},"query-input":{"@type":"PropertyValueSpecification","valueRequired":true,"valueName":"search_term_string"}}],"inLanguage":"en-US"},{"@type":"Organization","@id":"https:\/\/rutana.lt\/#organization","name":"Rutana - Ra\u0161tin\u0117s reikmenys","url":"https:\/\/rutana.lt\/","logo":{"@type":"ImageObject","inLanguage":"en-US","@id":"https:\/\/rutana.lt\/#\/schema\/logo\/image\/","url":"https:\/\/rutana.lt\/wp-content\/uploads\/2025\/10\/Asset-32.png","contentUrl":"https:\/\/rutana.lt\/wp-content\/uploads\/2025\/10\/Asset-32.png","width":433,"height":119,"caption":"Rutana - Ra\u0161tin\u0117s reikmenys"},"image":{"@id":"https:\/\/rutana.lt\/#\/schema\/logo\/image\/"},"sameAs":["https:\/\/www.facebook.com\/RutanaKanceliarinesPrekes\/"]}]}},"_links":{"self":[{"href":"https:\/\/rutana.lt\/en\/wp-json\/wp\/v2\/product\/17032","targetHints":{"allow":["GET"]}}],"collection":[{"href":"https:\/\/rutana.lt\/en\/wp-json\/wp\/v2\/product"}],"about":[{"href":"https:\/\/rutana.lt\/en\/wp-json\/wp\/v2\/types\/product"}],"replies":[{"embeddable":true,"href":"https:\/\/rutana.lt\/en\/wp-json\/wp\/v2\/comments?post=17032"}],"version-history":[{"count":1,"href":"https:\/\/rutana.lt\/en\/wp-json\/wp\/v2\/product\/17032\/revisions"}],"predecessor-version":[{"id":17110,"href":"https:\/\/rutana.lt\/en\/wp-json\/wp\/v2\/product\/17032\/revisions\/17110"}],"wp:featuredmedia":[{"embeddable":true,"href":"https:\/\/rutana.lt\/en\/wp-json\/wp\/v2\/media\/29276"}],"wp:attachment":[{"href":"https:\/\/rutana.lt\/en\/wp-json\/wp\/v2\/media?parent=17032"}],"wp:term":[{"taxonomy":"product_brand","embeddable":true,"href":"https:\/\/rutana.lt\/en\/wp-json\/wp\/v2\/product_brand?post=17032"},{"taxonomy":"product_cat","embeddable":true,"href":"https:\/\/rutana.lt\/en\/wp-json\/wp\/v2\/product_cat?post=17032"},{"taxonomy":"product_tag","embeddable":true,"href":"https:\/\/rutana.lt\/en\/wp-json\/wp\/v2\/product_tag?post=17032"}],"curies":[{"name":"wp","href":"https:\/\/api.w.org\/{rel}","templated":true}]}}