{"id":17031,"date":"2025-09-03T09:49:05","date_gmt":"2025-09-03T07:49:05","guid":{"rendered":"https:\/\/rutana.webdemo.lt\/?post_type=product&#038;p=17031"},"modified":"2025-10-13T15:52:52","modified_gmt":"2025-10-13T13:52:52","slug":"kreidiniai-zymekliai-baltos-sp-bistro-4-vnt-marvy-480-4w","status":"publish","type":"product","link":"https:\/\/rutana.lt\/en\/product\/kreidiniai-zymekliai-baltos-sp-bistro-4-vnt-marvy-480-4w\/","title":{"rendered":"Kreidiniai \u017eymekliai baltos sp. &#8222;Bistro&#8221; 4 vnt. Marvy 480-4W"},"content":{"rendered":"<p>Kreidiniai markeriai Bistro Chalk Marker \u2013 tai geriausiai parduodamas MARVY UCHIDA produktas! Ypatinga \u0161i\u0173 markeri\u0173 skystos kreidos ra\u0161alo formul\u0117 sukurta ir idealiai tinka kreidini\u0173, prezentacini\u0173 lent\u0173, \u0161vieslen\u010di\u0173, stiklo, lang\u0173 ir bet koki\u0173 lygi\u0173 pavir\u0161i\u0173 ( ne akyt\u0173! ) dekoravimui. Netoksi\u0161ki, sodri\u0173 ir ry\u0161ki\u0173 spalv\u0173 ( nepermatomi ), vandens pagrindo markeriai greitai d\u017ei\u016bsta, jais dekoruotus pavir\u0161ius ir u\u017era\u0161us paprasta ir lengva valyti dr\u0117gna \u0161luoste. J\u016bs\u0173 dekoracija i\u0161liks ry\u0161ki iki kol nuspr\u0119site j\u0105 nuvalyti. <span style=\"outline: none !important;\">\u0160ie markeriai \u2013 kaip tikra kreida!<\/span><\/p>\n<p><span style=\"outline: none !important;\">Skystos kreidos markeriai Bistro Chalk Marker <\/span>skirti<span style=\"outline: none !important;\"> dekoruoti, ra\u0161yti ar \u017eym\u0117ti. <\/span>Tinka ir \u0161viesiems ir tamsiems pavir\u0161iams namuose, ugdymo \u012fstaigose ar biure. Markeriai sukuria lyg\u0173 sluoksn\u012f be dulki\u0173, yra sodri\u0173 spalv\u0173, puikiai tinka naudoti lauke kaip vitrin\u0173 dekoravimo priemon\u0117.<\/p>\n<p>Galiuko tipas: apvalus<\/p>\n<p>\u017dymekli\u0173 kiekis rinkinyje: 4<\/p>\n<p>\u017dymekli\u0173 spalvos rinkinyje: 1 ( balta )<\/p>\n<p>Kilm\u0117s \u0161alis: Japonija<\/p>\n<p><\/p>\n<p><iframe src=\"\/\/www.youtube.com\/embed\/w15t1zfSuBI\" width=\"640\" height=\"360\" frameborder=\"0\"><\/iframe><\/p>\n<p><\/p>\n<\/p>\n<p><\/p>\n<p><\/p>","protected":false},"excerpt":{"rendered":"<p>Kreidiniai markeriai Bistro Chalk Marker \u2013 tai geriausiai parduodamas MARVY UCHIDA produktas! Ypatinga \u0161i\u0173 markeri\u0173 skystos kreidos ra\u0161alo formul\u0117 sukurta ir idealiai tinka kreidini\u0173, prezentacini\u0173 lent\u0173, \u0161vieslen\u010di\u0173, stiklo, lang\u0173 ir bet koki\u0173 lygi\u0173 pavir\u0161i\u0173 ( ne akyt\u0173! ) dekoravimui. Netoksi\u0161ki, sodri\u0173 ir ry\u0161ki\u0173 spalv\u0173 ( nepermatomi ), vandens pagrindo markeriai greitai d\u017ei\u016bsta, jais dekoruotus pavir\u0161ius [&hellip;]<\/p>","protected":false},"featured_media":29275,"comment_status":"open","ping_status":"closed","template":"","meta":{"_season_start":"","_season_end":"","_season_days":"","_season_months":"","_season_auto_visibility":""},"product_brand":[1009],"product_cat":[1878],"product_tag":[],"class_list":{"0":"post-17031","1":"product","2":"type-product","3":"status-publish","4":"has-post-thumbnail","6":"product_brand-marvy-uchida","7":"product_cat-vandens-pagrindu-zymekliai","9":"first","10":"instock","11":"taxable","12":"shipping-taxable","13":"purchasable","14":"product-type-simple"},"yoast_head":"<!-- This site is optimized with the Yoast SEO plugin v26.1.1 - https:\/\/yoast.com\/wordpress\/plugins\/seo\/ -->\n<title>Kreidiniai \u017eymekliai baltos sp. &quot;Bistro&quot; 4 vnt. Marvy 480-4W - Rutana - Ra\u0161tin\u0117s reikmenys<\/title>\n<meta name=\"robots\" content=\"index, follow, max-snippet:-1, max-image-preview:large, max-video-preview:-1\" \/>\n<link rel=\"canonical\" href=\"https:\/\/rutana.lt\/en\/product\/kreidiniai-zymekliai-baltos-sp-bistro-4-vnt-marvy-480-4w\/\" \/>\n<meta property=\"og:locale\" content=\"en_US\" \/>\n<meta property=\"og:type\" content=\"article\" \/>\n<meta property=\"og:title\" content=\"Kreidiniai \u017eymekliai baltos sp. &quot;Bistro&quot; 4 vnt. Marvy 480-4W - Rutana - Ra\u0161tin\u0117s reikmenys\" \/>\n<meta property=\"og:description\" content=\"Kreidiniai markeriai Bistro Chalk Marker \u2013 tai geriausiai parduodamas MARVY UCHIDA produktas! Ypatinga \u0161i\u0173 markeri\u0173 skystos kreidos ra\u0161alo formul\u0117 sukurta ir idealiai tinka kreidini\u0173, prezentacini\u0173 lent\u0173, \u0161vieslen\u010di\u0173, stiklo, lang\u0173 ir bet koki\u0173 lygi\u0173 pavir\u0161i\u0173 ( ne akyt\u0173! ) dekoravimui. Netoksi\u0161ki, sodri\u0173 ir ry\u0161ki\u0173 spalv\u0173 ( nepermatomi ), vandens pagrindo markeriai greitai d\u017ei\u016bsta, jais dekoruotus pavir\u0161ius [&hellip;]\" \/>\n<meta property=\"og:url\" content=\"https:\/\/rutana.lt\/en\/product\/kreidiniai-zymekliai-baltos-sp-bistro-4-vnt-marvy-480-4w\/\" \/>\n<meta property=\"og:site_name\" content=\"Rutana - Ra\u0161tin\u0117s reikmenys\" \/>\n<meta property=\"article:publisher\" content=\"https:\/\/www.facebook.com\/RutanaKanceliarinesPrekes\/\" \/>\n<meta property=\"article:modified_time\" content=\"2025-10-13T13:52:52+00:00\" \/>\n<meta property=\"og:image\" content=\"https:\/\/rutana.lt\/wp-content\/uploads\/2025\/09\/C102-882.jpg\" \/>\n\t<meta property=\"og:image:width\" content=\"1000\" \/>\n\t<meta property=\"og:image:height\" content=\"1000\" \/>\n\t<meta property=\"og:image:type\" content=\"image\/jpeg\" \/>\n<meta name=\"twitter:card\" content=\"summary_large_image\" \/>\n<meta name=\"twitter:label1\" content=\"Est. reading time\" \/>\n\t<meta name=\"twitter:data1\" content=\"1 minute\" \/>\n<script type=\"application\/ld+json\" class=\"yoast-schema-graph\">{\"@context\":\"https:\/\/schema.org\",\"@graph\":[{\"@type\":\"WebPage\",\"@id\":\"https:\/\/rutana.lt\/produktas\/kreidiniai-zymekliai-baltos-sp-bistro-4-vnt-marvy-480-4w\/\",\"url\":\"https:\/\/rutana.lt\/produktas\/kreidiniai-zymekliai-baltos-sp-bistro-4-vnt-marvy-480-4w\/\",\"name\":\"Kreidiniai \u017eymekliai baltos sp. \\\"Bistro\\\" 4 vnt. Marvy 480-4W - Rutana - Ra\u0161tin\u0117s reikmenys\",\"isPartOf\":{\"@id\":\"https:\/\/rutana.lt\/#website\"},\"primaryImageOfPage\":{\"@id\":\"https:\/\/rutana.lt\/produktas\/kreidiniai-zymekliai-baltos-sp-bistro-4-vnt-marvy-480-4w\/#primaryimage\"},\"image\":{\"@id\":\"https:\/\/rutana.lt\/produktas\/kreidiniai-zymekliai-baltos-sp-bistro-4-vnt-marvy-480-4w\/#primaryimage\"},\"thumbnailUrl\":\"https:\/\/rutana.lt\/wp-content\/uploads\/2025\/09\/C102-882-3.jpg?v=1763565084\",\"datePublished\":\"2025-09-03T07:49:05+00:00\",\"dateModified\":\"2025-10-13T13:52:52+00:00\",\"breadcrumb\":{\"@id\":\"https:\/\/rutana.lt\/produktas\/kreidiniai-zymekliai-baltos-sp-bistro-4-vnt-marvy-480-4w\/#breadcrumb\"},\"inLanguage\":\"en-US\",\"potentialAction\":[{\"@type\":\"ReadAction\",\"target\":[\"https:\/\/rutana.lt\/produktas\/kreidiniai-zymekliai-baltos-sp-bistro-4-vnt-marvy-480-4w\/\"]}]},{\"@type\":\"ImageObject\",\"inLanguage\":\"en-US\",\"@id\":\"https:\/\/rutana.lt\/produktas\/kreidiniai-zymekliai-baltos-sp-bistro-4-vnt-marvy-480-4w\/#primaryimage\",\"url\":\"https:\/\/rutana.lt\/wp-content\/uploads\/2025\/09\/C102-882-3.jpg?v=1763565084\",\"contentUrl\":\"https:\/\/rutana.lt\/wp-content\/uploads\/2025\/09\/C102-882-3.jpg?v=1763565084\",\"width\":1000,\"height\":1000},{\"@type\":\"BreadcrumbList\",\"@id\":\"https:\/\/rutana.lt\/produktas\/kreidiniai-zymekliai-baltos-sp-bistro-4-vnt-marvy-480-4w\/#breadcrumb\",\"itemListElement\":[{\"@type\":\"ListItem\",\"position\":1,\"name\":\"Home\",\"item\":\"https:\/\/rutana.lt\/\"},{\"@type\":\"ListItem\",\"position\":2,\"name\":\"Parduotuv\u0117\",\"item\":\"https:\/\/rutana.lt\/parduotuve\/\"},{\"@type\":\"ListItem\",\"position\":3,\"name\":\"Kreidiniai \u017eymekliai baltos sp. &#8222;Bistro&#8221; 4 vnt. Marvy 480-4W\"}]},{\"@type\":\"WebSite\",\"@id\":\"https:\/\/rutana.lt\/#website\",\"url\":\"https:\/\/rutana.lt\/\",\"name\":\"Rutana - Ra\u0161tin\u0117s reikmenys\",\"description\":\"Prekiaujame pasaulin\u0117je rinkoje pripa\u017eintomis, kokybi\u0161komis biuro prek\u0117mis toki\u0173  gamintoj\u0173 kaip: Schneider, Esselte, Novus, 3M, Faber-Castell, Citizen, Milan, Leitz, Colop, Zebra, Staedtler, Durable, Tork, Parker, Waterman ir kt.\",\"publisher\":{\"@id\":\"https:\/\/rutana.lt\/#organization\"},\"potentialAction\":[{\"@type\":\"SearchAction\",\"target\":{\"@type\":\"EntryPoint\",\"urlTemplate\":\"https:\/\/rutana.lt\/?s={search_term_string}\"},\"query-input\":{\"@type\":\"PropertyValueSpecification\",\"valueRequired\":true,\"valueName\":\"search_term_string\"}}],\"inLanguage\":\"en-US\"},{\"@type\":\"Organization\",\"@id\":\"https:\/\/rutana.lt\/#organization\",\"name\":\"Rutana - Ra\u0161tin\u0117s reikmenys\",\"url\":\"https:\/\/rutana.lt\/\",\"logo\":{\"@type\":\"ImageObject\",\"inLanguage\":\"en-US\",\"@id\":\"https:\/\/rutana.lt\/#\/schema\/logo\/image\/\",\"url\":\"https:\/\/rutana.lt\/wp-content\/uploads\/2025\/10\/Asset-32.png\",\"contentUrl\":\"https:\/\/rutana.lt\/wp-content\/uploads\/2025\/10\/Asset-32.png\",\"width\":433,\"height\":119,\"caption\":\"Rutana - Ra\u0161tin\u0117s reikmenys\"},\"image\":{\"@id\":\"https:\/\/rutana.lt\/#\/schema\/logo\/image\/\"},\"sameAs\":[\"https:\/\/www.facebook.com\/RutanaKanceliarinesPrekes\/\"]}]}<\/script>\n<!-- \/ Yoast SEO plugin. -->","yoast_head_json":{"title":"Kreidiniai \u017eymekliai baltos sp. \"Bistro\" 4 vnt. Marvy 480-4W - Rutana - Ra\u0161tin\u0117s reikmenys","robots":{"index":"index","follow":"follow","max-snippet":"max-snippet:-1","max-image-preview":"max-image-preview:large","max-video-preview":"max-video-preview:-1"},"canonical":"https:\/\/rutana.lt\/en\/product\/kreidiniai-zymekliai-baltos-sp-bistro-4-vnt-marvy-480-4w\/","og_locale":"en_US","og_type":"article","og_title":"Kreidiniai \u017eymekliai baltos sp. \"Bistro\" 4 vnt. Marvy 480-4W - Rutana - Ra\u0161tin\u0117s reikmenys","og_description":"Kreidiniai markeriai Bistro Chalk Marker \u2013 tai geriausiai parduodamas MARVY UCHIDA produktas! Ypatinga \u0161i\u0173 markeri\u0173 skystos kreidos ra\u0161alo formul\u0117 sukurta ir idealiai tinka kreidini\u0173, prezentacini\u0173 lent\u0173, \u0161vieslen\u010di\u0173, stiklo, lang\u0173 ir bet koki\u0173 lygi\u0173 pavir\u0161i\u0173 ( ne akyt\u0173! ) dekoravimui. Netoksi\u0161ki, sodri\u0173 ir ry\u0161ki\u0173 spalv\u0173 ( nepermatomi ), vandens pagrindo markeriai greitai d\u017ei\u016bsta, jais dekoruotus pavir\u0161ius [&hellip;]","og_url":"https:\/\/rutana.lt\/en\/product\/kreidiniai-zymekliai-baltos-sp-bistro-4-vnt-marvy-480-4w\/","og_site_name":"Rutana - Ra\u0161tin\u0117s reikmenys","article_publisher":"https:\/\/www.facebook.com\/RutanaKanceliarinesPrekes\/","article_modified_time":"2025-10-13T13:52:52+00:00","og_image":[{"width":1000,"height":1000,"url":"https:\/\/rutana.lt\/wp-content\/uploads\/2025\/09\/C102-882.jpg","type":"image\/jpeg"}],"twitter_card":"summary_large_image","twitter_misc":{"Est. reading time":"1 minute"},"schema":{"@context":"https:\/\/schema.org","@graph":[{"@type":"WebPage","@id":"https:\/\/rutana.lt\/produktas\/kreidiniai-zymekliai-baltos-sp-bistro-4-vnt-marvy-480-4w\/","url":"https:\/\/rutana.lt\/produktas\/kreidiniai-zymekliai-baltos-sp-bistro-4-vnt-marvy-480-4w\/","name":"Kreidiniai \u017eymekliai baltos sp. \"Bistro\" 4 vnt. Marvy 480-4W - Rutana - Ra\u0161tin\u0117s reikmenys","isPartOf":{"@id":"https:\/\/rutana.lt\/#website"},"primaryImageOfPage":{"@id":"https:\/\/rutana.lt\/produktas\/kreidiniai-zymekliai-baltos-sp-bistro-4-vnt-marvy-480-4w\/#primaryimage"},"image":{"@id":"https:\/\/rutana.lt\/produktas\/kreidiniai-zymekliai-baltos-sp-bistro-4-vnt-marvy-480-4w\/#primaryimage"},"thumbnailUrl":"https:\/\/rutana.lt\/wp-content\/uploads\/2025\/09\/C102-882-3.jpg?v=1763565084","datePublished":"2025-09-03T07:49:05+00:00","dateModified":"2025-10-13T13:52:52+00:00","breadcrumb":{"@id":"https:\/\/rutana.lt\/produktas\/kreidiniai-zymekliai-baltos-sp-bistro-4-vnt-marvy-480-4w\/#breadcrumb"},"inLanguage":"en-US","potentialAction":[{"@type":"ReadAction","target":["https:\/\/rutana.lt\/produktas\/kreidiniai-zymekliai-baltos-sp-bistro-4-vnt-marvy-480-4w\/"]}]},{"@type":"ImageObject","inLanguage":"en-US","@id":"https:\/\/rutana.lt\/produktas\/kreidiniai-zymekliai-baltos-sp-bistro-4-vnt-marvy-480-4w\/#primaryimage","url":"https:\/\/rutana.lt\/wp-content\/uploads\/2025\/09\/C102-882-3.jpg?v=1763565084","contentUrl":"https:\/\/rutana.lt\/wp-content\/uploads\/2025\/09\/C102-882-3.jpg?v=1763565084","width":1000,"height":1000},{"@type":"BreadcrumbList","@id":"https:\/\/rutana.lt\/produktas\/kreidiniai-zymekliai-baltos-sp-bistro-4-vnt-marvy-480-4w\/#breadcrumb","itemListElement":[{"@type":"ListItem","position":1,"name":"Home","item":"https:\/\/rutana.lt\/"},{"@type":"ListItem","position":2,"name":"Parduotuv\u0117","item":"https:\/\/rutana.lt\/parduotuve\/"},{"@type":"ListItem","position":3,"name":"Kreidiniai \u017eymekliai baltos sp. &#8222;Bistro&#8221; 4 vnt. Marvy 480-4W"}]},{"@type":"WebSite","@id":"https:\/\/rutana.lt\/#website","url":"https:\/\/rutana.lt\/","name":"Rutana - Ra\u0161tin\u0117s reikmenys","description":"Prekiaujame pasaulin\u0117je rinkoje pripa\u017eintomis, kokybi\u0161komis biuro prek\u0117mis toki\u0173  gamintoj\u0173 kaip: Schneider, Esselte, Novus, 3M, Faber-Castell, Citizen, Milan, Leitz, Colop, Zebra, Staedtler, Durable, Tork, Parker, Waterman ir kt.","publisher":{"@id":"https:\/\/rutana.lt\/#organization"},"potentialAction":[{"@type":"SearchAction","target":{"@type":"EntryPoint","urlTemplate":"https:\/\/rutana.lt\/?s={search_term_string}"},"query-input":{"@type":"PropertyValueSpecification","valueRequired":true,"valueName":"search_term_string"}}],"inLanguage":"en-US"},{"@type":"Organization","@id":"https:\/\/rutana.lt\/#organization","name":"Rutana - Ra\u0161tin\u0117s reikmenys","url":"https:\/\/rutana.lt\/","logo":{"@type":"ImageObject","inLanguage":"en-US","@id":"https:\/\/rutana.lt\/#\/schema\/logo\/image\/","url":"https:\/\/rutana.lt\/wp-content\/uploads\/2025\/10\/Asset-32.png","contentUrl":"https:\/\/rutana.lt\/wp-content\/uploads\/2025\/10\/Asset-32.png","width":433,"height":119,"caption":"Rutana - Ra\u0161tin\u0117s reikmenys"},"image":{"@id":"https:\/\/rutana.lt\/#\/schema\/logo\/image\/"},"sameAs":["https:\/\/www.facebook.com\/RutanaKanceliarinesPrekes\/"]}]}},"_links":{"self":[{"href":"https:\/\/rutana.lt\/en\/wp-json\/wp\/v2\/product\/17031","targetHints":{"allow":["GET"]}}],"collection":[{"href":"https:\/\/rutana.lt\/en\/wp-json\/wp\/v2\/product"}],"about":[{"href":"https:\/\/rutana.lt\/en\/wp-json\/wp\/v2\/types\/product"}],"replies":[{"embeddable":true,"href":"https:\/\/rutana.lt\/en\/wp-json\/wp\/v2\/comments?post=17031"}],"version-history":[{"count":1,"href":"https:\/\/rutana.lt\/en\/wp-json\/wp\/v2\/product\/17031\/revisions"}],"predecessor-version":[{"id":17108,"href":"https:\/\/rutana.lt\/en\/wp-json\/wp\/v2\/product\/17031\/revisions\/17108"}],"wp:featuredmedia":[{"embeddable":true,"href":"https:\/\/rutana.lt\/en\/wp-json\/wp\/v2\/media\/29275"}],"wp:attachment":[{"href":"https:\/\/rutana.lt\/en\/wp-json\/wp\/v2\/media?parent=17031"}],"wp:term":[{"taxonomy":"product_brand","embeddable":true,"href":"https:\/\/rutana.lt\/en\/wp-json\/wp\/v2\/product_brand?post=17031"},{"taxonomy":"product_cat","embeddable":true,"href":"https:\/\/rutana.lt\/en\/wp-json\/wp\/v2\/product_cat?post=17031"},{"taxonomy":"product_tag","embeddable":true,"href":"https:\/\/rutana.lt\/en\/wp-json\/wp\/v2\/product_tag?post=17031"}],"curies":[{"name":"wp","href":"https:\/\/api.w.org\/{rel}","templated":true}]}}