{"id":17027,"date":"2025-09-03T09:49:05","date_gmt":"2025-09-03T07:49:05","guid":{"rendered":"https:\/\/rutana.webdemo.lt\/?post_type=product&#038;p=17027"},"modified":"2025-10-13T15:52:50","modified_gmt":"2025-10-13T13:52:50","slug":"zirkles-su-ideklu-17-5-cm-sakutto-cut-melsvos-sp-nakabayashi-nh-hs175b","status":"publish","type":"product","link":"https:\/\/rutana.lt\/en\/product\/zirkles-su-ideklu-17-5-cm-sakutto-cut-melsvos-sp-nakabayashi-nh-hs175b\/","title":{"rendered":"\u017dirkl\u0117s su \u012fd\u0117klu 17.5 cm SAKUtto Cut melsvos sp. Nakabayashi NH-HS175B"},"content":{"rendered":"<p>SAKUtto Cut Hikigiri serijos \u017eirkl\u0117s turi i\u0161skirtinum\u0173 \u2013 lenkta a\u0161men\u0173 forma u\u017etikrina skland\u0173 kirpim\u0105 per vis\u0105 ilg\u012f naudojant ma\u017eai rank\u0173 j\u0117gos, o tvirtas \u017eirkli\u0173 mechanizmas tvirtai laiko abi \u017eirkli\u0173 dalis leisdamas a\u0161menims lengvai jud\u0117ti. D\u0117l to, kerpant jomis, neskauda pir\u0161t\u0173. \u017dirkl\u0117s pagamintos i\u0161 ner\u016bdijan\u010dio plieno, tad d\u0117l ilgaam\u017ei\u0161kumo yra tikimyb\u0117, kad perduosite jas i\u0161 kartos \u012f kart\u0105.<\/p>\n<p>A\u0161men\u0173 ilgis: 66 mm<\/p>\n<p>Bendras \u017eirkli\u0173 ilgis: 175 mm<\/p>\n<p>Svoris: 61 g<\/p>\n<p>Spalva: melsva<\/p>\n<p>Kilm\u0117s \u0161alis: Japonija<\/p>\n<p><\/p>\n<p><\/p>\n<p><\/p>","protected":false},"excerpt":{"rendered":"<p>SAKUtto Cut Hikigiri serijos \u017eirkl\u0117s turi i\u0161skirtinum\u0173 \u2013 lenkta a\u0161men\u0173 forma u\u017etikrina skland\u0173 kirpim\u0105 per vis\u0105 ilg\u012f naudojant ma\u017eai rank\u0173 j\u0117gos, o tvirtas \u017eirkli\u0173 mechanizmas tvirtai laiko abi \u017eirkli\u0173 dalis leisdamas a\u0161menims lengvai jud\u0117ti. D\u0117l to, kerpant jomis, neskauda pir\u0161t\u0173. \u017dirkl\u0117s pagamintos i\u0161 ner\u016bdijan\u010dio plieno, tad d\u0117l ilgaam\u017ei\u0161kumo yra tikimyb\u0117, kad perduosite jas i\u0161 kartos [&hellip;]<\/p>","protected":false},"featured_media":29271,"comment_status":"open","ping_status":"closed","template":"","meta":{"_season_start":"","_season_end":"","_season_days":"","_season_months":"","_season_auto_visibility":""},"product_brand":[1027],"product_cat":[1591],"product_tag":[],"class_list":{"0":"post-17027","1":"product","2":"type-product","3":"status-publish","4":"has-post-thumbnail","6":"product_brand-nakabayashi","7":"product_cat-zirkles-ir-kanceliariniai-peiliai","9":"first","10":"instock","11":"taxable","12":"shipping-taxable","13":"purchasable","14":"product-type-simple"},"yoast_head":"<!-- This site is optimized with the Yoast SEO plugin v26.1.1 - https:\/\/yoast.com\/wordpress\/plugins\/seo\/ -->\n<title>\u017dirkl\u0117s su \u012fd\u0117klu 17.5 cm SAKUtto Cut melsvos sp. Nakabayashi NH-HS175B - Rutana - Ra\u0161tin\u0117s reikmenys<\/title>\n<meta name=\"robots\" content=\"index, follow, max-snippet:-1, max-image-preview:large, max-video-preview:-1\" \/>\n<link rel=\"canonical\" href=\"https:\/\/rutana.lt\/en\/product\/zirkles-su-ideklu-17-5-cm-sakutto-cut-melsvos-sp-nakabayashi-nh-hs175b\/\" \/>\n<meta property=\"og:locale\" content=\"en_US\" \/>\n<meta property=\"og:type\" content=\"article\" \/>\n<meta property=\"og:title\" content=\"\u017dirkl\u0117s su \u012fd\u0117klu 17.5 cm SAKUtto Cut melsvos sp. Nakabayashi NH-HS175B - Rutana - Ra\u0161tin\u0117s reikmenys\" \/>\n<meta property=\"og:description\" content=\"SAKUtto Cut Hikigiri serijos \u017eirkl\u0117s turi i\u0161skirtinum\u0173 \u2013 lenkta a\u0161men\u0173 forma u\u017etikrina skland\u0173 kirpim\u0105 per vis\u0105 ilg\u012f naudojant ma\u017eai rank\u0173 j\u0117gos, o tvirtas \u017eirkli\u0173 mechanizmas tvirtai laiko abi \u017eirkli\u0173 dalis leisdamas a\u0161menims lengvai jud\u0117ti. D\u0117l to, kerpant jomis, neskauda pir\u0161t\u0173. \u017dirkl\u0117s pagamintos i\u0161 ner\u016bdijan\u010dio plieno, tad d\u0117l ilgaam\u017ei\u0161kumo yra tikimyb\u0117, kad perduosite jas i\u0161 kartos [&hellip;]\" \/>\n<meta property=\"og:url\" content=\"https:\/\/rutana.lt\/en\/product\/zirkles-su-ideklu-17-5-cm-sakutto-cut-melsvos-sp-nakabayashi-nh-hs175b\/\" \/>\n<meta property=\"og:site_name\" content=\"Rutana - Ra\u0161tin\u0117s reikmenys\" \/>\n<meta property=\"article:publisher\" content=\"https:\/\/www.facebook.com\/RutanaKanceliarinesPrekes\/\" \/>\n<meta property=\"article:modified_time\" content=\"2025-10-13T13:52:50+00:00\" \/>\n<meta property=\"og:image\" content=\"https:\/\/rutana.lt\/wp-content\/uploads\/2025\/09\/B015-204.jpg\" \/>\n\t<meta property=\"og:image:width\" content=\"984\" \/>\n\t<meta property=\"og:image:height\" content=\"915\" \/>\n\t<meta property=\"og:image:type\" content=\"image\/jpeg\" \/>\n<meta name=\"twitter:card\" content=\"summary_large_image\" \/>\n<script type=\"application\/ld+json\" class=\"yoast-schema-graph\">{\"@context\":\"https:\/\/schema.org\",\"@graph\":[{\"@type\":\"WebPage\",\"@id\":\"https:\/\/rutana.lt\/produktas\/zirkles-su-ideklu-17-5-cm-sakutto-cut-melsvos-sp-nakabayashi-nh-hs175b\/\",\"url\":\"https:\/\/rutana.lt\/produktas\/zirkles-su-ideklu-17-5-cm-sakutto-cut-melsvos-sp-nakabayashi-nh-hs175b\/\",\"name\":\"\u017dirkl\u0117s su \u012fd\u0117klu 17.5 cm SAKUtto Cut melsvos sp. Nakabayashi NH-HS175B - Rutana - Ra\u0161tin\u0117s reikmenys\",\"isPartOf\":{\"@id\":\"https:\/\/rutana.lt\/#website\"},\"primaryImageOfPage\":{\"@id\":\"https:\/\/rutana.lt\/produktas\/zirkles-su-ideklu-17-5-cm-sakutto-cut-melsvos-sp-nakabayashi-nh-hs175b\/#primaryimage\"},\"image\":{\"@id\":\"https:\/\/rutana.lt\/produktas\/zirkles-su-ideklu-17-5-cm-sakutto-cut-melsvos-sp-nakabayashi-nh-hs175b\/#primaryimage\"},\"thumbnailUrl\":\"https:\/\/rutana.lt\/wp-content\/uploads\/2025\/09\/B015-204-1.jpg?v=1763565094\",\"datePublished\":\"2025-09-03T07:49:05+00:00\",\"dateModified\":\"2025-10-13T13:52:50+00:00\",\"breadcrumb\":{\"@id\":\"https:\/\/rutana.lt\/produktas\/zirkles-su-ideklu-17-5-cm-sakutto-cut-melsvos-sp-nakabayashi-nh-hs175b\/#breadcrumb\"},\"inLanguage\":\"en-US\",\"potentialAction\":[{\"@type\":\"ReadAction\",\"target\":[\"https:\/\/rutana.lt\/produktas\/zirkles-su-ideklu-17-5-cm-sakutto-cut-melsvos-sp-nakabayashi-nh-hs175b\/\"]}]},{\"@type\":\"ImageObject\",\"inLanguage\":\"en-US\",\"@id\":\"https:\/\/rutana.lt\/produktas\/zirkles-su-ideklu-17-5-cm-sakutto-cut-melsvos-sp-nakabayashi-nh-hs175b\/#primaryimage\",\"url\":\"https:\/\/rutana.lt\/wp-content\/uploads\/2025\/09\/B015-204-1.jpg?v=1763565094\",\"contentUrl\":\"https:\/\/rutana.lt\/wp-content\/uploads\/2025\/09\/B015-204-1.jpg?v=1763565094\",\"width\":984,\"height\":915},{\"@type\":\"BreadcrumbList\",\"@id\":\"https:\/\/rutana.lt\/produktas\/zirkles-su-ideklu-17-5-cm-sakutto-cut-melsvos-sp-nakabayashi-nh-hs175b\/#breadcrumb\",\"itemListElement\":[{\"@type\":\"ListItem\",\"position\":1,\"name\":\"Home\",\"item\":\"https:\/\/rutana.lt\/\"},{\"@type\":\"ListItem\",\"position\":2,\"name\":\"Parduotuv\u0117\",\"item\":\"https:\/\/rutana.lt\/parduotuve\/\"},{\"@type\":\"ListItem\",\"position\":3,\"name\":\"\u017dirkl\u0117s su \u012fd\u0117klu 17.5 cm SAKUtto Cut melsvos sp. Nakabayashi NH-HS175B\"}]},{\"@type\":\"WebSite\",\"@id\":\"https:\/\/rutana.lt\/#website\",\"url\":\"https:\/\/rutana.lt\/\",\"name\":\"Rutana - Ra\u0161tin\u0117s reikmenys\",\"description\":\"Prekiaujame pasaulin\u0117je rinkoje pripa\u017eintomis, kokybi\u0161komis biuro prek\u0117mis toki\u0173  gamintoj\u0173 kaip: Schneider, Esselte, Novus, 3M, Faber-Castell, Citizen, Milan, Leitz, Colop, Zebra, Staedtler, Durable, Tork, Parker, Waterman ir kt.\",\"publisher\":{\"@id\":\"https:\/\/rutana.lt\/#organization\"},\"potentialAction\":[{\"@type\":\"SearchAction\",\"target\":{\"@type\":\"EntryPoint\",\"urlTemplate\":\"https:\/\/rutana.lt\/?s={search_term_string}\"},\"query-input\":{\"@type\":\"PropertyValueSpecification\",\"valueRequired\":true,\"valueName\":\"search_term_string\"}}],\"inLanguage\":\"en-US\"},{\"@type\":\"Organization\",\"@id\":\"https:\/\/rutana.lt\/#organization\",\"name\":\"Rutana - Ra\u0161tin\u0117s reikmenys\",\"url\":\"https:\/\/rutana.lt\/\",\"logo\":{\"@type\":\"ImageObject\",\"inLanguage\":\"en-US\",\"@id\":\"https:\/\/rutana.lt\/#\/schema\/logo\/image\/\",\"url\":\"https:\/\/rutana.lt\/wp-content\/uploads\/2025\/10\/Asset-32.png\",\"contentUrl\":\"https:\/\/rutana.lt\/wp-content\/uploads\/2025\/10\/Asset-32.png\",\"width\":433,\"height\":119,\"caption\":\"Rutana - Ra\u0161tin\u0117s reikmenys\"},\"image\":{\"@id\":\"https:\/\/rutana.lt\/#\/schema\/logo\/image\/\"},\"sameAs\":[\"https:\/\/www.facebook.com\/RutanaKanceliarinesPrekes\/\"]}]}<\/script>\n<!-- \/ Yoast SEO plugin. -->","yoast_head_json":{"title":"\u017dirkl\u0117s su \u012fd\u0117klu 17.5 cm SAKUtto Cut melsvos sp. Nakabayashi NH-HS175B - Rutana - Ra\u0161tin\u0117s reikmenys","robots":{"index":"index","follow":"follow","max-snippet":"max-snippet:-1","max-image-preview":"max-image-preview:large","max-video-preview":"max-video-preview:-1"},"canonical":"https:\/\/rutana.lt\/en\/product\/zirkles-su-ideklu-17-5-cm-sakutto-cut-melsvos-sp-nakabayashi-nh-hs175b\/","og_locale":"en_US","og_type":"article","og_title":"\u017dirkl\u0117s su \u012fd\u0117klu 17.5 cm SAKUtto Cut melsvos sp. Nakabayashi NH-HS175B - Rutana - Ra\u0161tin\u0117s reikmenys","og_description":"SAKUtto Cut Hikigiri serijos \u017eirkl\u0117s turi i\u0161skirtinum\u0173 \u2013 lenkta a\u0161men\u0173 forma u\u017etikrina skland\u0173 kirpim\u0105 per vis\u0105 ilg\u012f naudojant ma\u017eai rank\u0173 j\u0117gos, o tvirtas \u017eirkli\u0173 mechanizmas tvirtai laiko abi \u017eirkli\u0173 dalis leisdamas a\u0161menims lengvai jud\u0117ti. D\u0117l to, kerpant jomis, neskauda pir\u0161t\u0173. \u017dirkl\u0117s pagamintos i\u0161 ner\u016bdijan\u010dio plieno, tad d\u0117l ilgaam\u017ei\u0161kumo yra tikimyb\u0117, kad perduosite jas i\u0161 kartos [&hellip;]","og_url":"https:\/\/rutana.lt\/en\/product\/zirkles-su-ideklu-17-5-cm-sakutto-cut-melsvos-sp-nakabayashi-nh-hs175b\/","og_site_name":"Rutana - Ra\u0161tin\u0117s reikmenys","article_publisher":"https:\/\/www.facebook.com\/RutanaKanceliarinesPrekes\/","article_modified_time":"2025-10-13T13:52:50+00:00","og_image":[{"width":984,"height":915,"url":"https:\/\/rutana.lt\/wp-content\/uploads\/2025\/09\/B015-204.jpg","type":"image\/jpeg"}],"twitter_card":"summary_large_image","schema":{"@context":"https:\/\/schema.org","@graph":[{"@type":"WebPage","@id":"https:\/\/rutana.lt\/produktas\/zirkles-su-ideklu-17-5-cm-sakutto-cut-melsvos-sp-nakabayashi-nh-hs175b\/","url":"https:\/\/rutana.lt\/produktas\/zirkles-su-ideklu-17-5-cm-sakutto-cut-melsvos-sp-nakabayashi-nh-hs175b\/","name":"\u017dirkl\u0117s su \u012fd\u0117klu 17.5 cm SAKUtto Cut melsvos sp. Nakabayashi NH-HS175B - Rutana - Ra\u0161tin\u0117s reikmenys","isPartOf":{"@id":"https:\/\/rutana.lt\/#website"},"primaryImageOfPage":{"@id":"https:\/\/rutana.lt\/produktas\/zirkles-su-ideklu-17-5-cm-sakutto-cut-melsvos-sp-nakabayashi-nh-hs175b\/#primaryimage"},"image":{"@id":"https:\/\/rutana.lt\/produktas\/zirkles-su-ideklu-17-5-cm-sakutto-cut-melsvos-sp-nakabayashi-nh-hs175b\/#primaryimage"},"thumbnailUrl":"https:\/\/rutana.lt\/wp-content\/uploads\/2025\/09\/B015-204-1.jpg?v=1763565094","datePublished":"2025-09-03T07:49:05+00:00","dateModified":"2025-10-13T13:52:50+00:00","breadcrumb":{"@id":"https:\/\/rutana.lt\/produktas\/zirkles-su-ideklu-17-5-cm-sakutto-cut-melsvos-sp-nakabayashi-nh-hs175b\/#breadcrumb"},"inLanguage":"en-US","potentialAction":[{"@type":"ReadAction","target":["https:\/\/rutana.lt\/produktas\/zirkles-su-ideklu-17-5-cm-sakutto-cut-melsvos-sp-nakabayashi-nh-hs175b\/"]}]},{"@type":"ImageObject","inLanguage":"en-US","@id":"https:\/\/rutana.lt\/produktas\/zirkles-su-ideklu-17-5-cm-sakutto-cut-melsvos-sp-nakabayashi-nh-hs175b\/#primaryimage","url":"https:\/\/rutana.lt\/wp-content\/uploads\/2025\/09\/B015-204-1.jpg?v=1763565094","contentUrl":"https:\/\/rutana.lt\/wp-content\/uploads\/2025\/09\/B015-204-1.jpg?v=1763565094","width":984,"height":915},{"@type":"BreadcrumbList","@id":"https:\/\/rutana.lt\/produktas\/zirkles-su-ideklu-17-5-cm-sakutto-cut-melsvos-sp-nakabayashi-nh-hs175b\/#breadcrumb","itemListElement":[{"@type":"ListItem","position":1,"name":"Home","item":"https:\/\/rutana.lt\/"},{"@type":"ListItem","position":2,"name":"Parduotuv\u0117","item":"https:\/\/rutana.lt\/parduotuve\/"},{"@type":"ListItem","position":3,"name":"\u017dirkl\u0117s su \u012fd\u0117klu 17.5 cm SAKUtto Cut melsvos sp. Nakabayashi NH-HS175B"}]},{"@type":"WebSite","@id":"https:\/\/rutana.lt\/#website","url":"https:\/\/rutana.lt\/","name":"Rutana - Ra\u0161tin\u0117s reikmenys","description":"Prekiaujame pasaulin\u0117je rinkoje pripa\u017eintomis, kokybi\u0161komis biuro prek\u0117mis toki\u0173  gamintoj\u0173 kaip: Schneider, Esselte, Novus, 3M, Faber-Castell, Citizen, Milan, Leitz, Colop, Zebra, Staedtler, Durable, Tork, Parker, Waterman ir kt.","publisher":{"@id":"https:\/\/rutana.lt\/#organization"},"potentialAction":[{"@type":"SearchAction","target":{"@type":"EntryPoint","urlTemplate":"https:\/\/rutana.lt\/?s={search_term_string}"},"query-input":{"@type":"PropertyValueSpecification","valueRequired":true,"valueName":"search_term_string"}}],"inLanguage":"en-US"},{"@type":"Organization","@id":"https:\/\/rutana.lt\/#organization","name":"Rutana - Ra\u0161tin\u0117s reikmenys","url":"https:\/\/rutana.lt\/","logo":{"@type":"ImageObject","inLanguage":"en-US","@id":"https:\/\/rutana.lt\/#\/schema\/logo\/image\/","url":"https:\/\/rutana.lt\/wp-content\/uploads\/2025\/10\/Asset-32.png","contentUrl":"https:\/\/rutana.lt\/wp-content\/uploads\/2025\/10\/Asset-32.png","width":433,"height":119,"caption":"Rutana - Ra\u0161tin\u0117s reikmenys"},"image":{"@id":"https:\/\/rutana.lt\/#\/schema\/logo\/image\/"},"sameAs":["https:\/\/www.facebook.com\/RutanaKanceliarinesPrekes\/"]}]}},"_links":{"self":[{"href":"https:\/\/rutana.lt\/en\/wp-json\/wp\/v2\/product\/17027","targetHints":{"allow":["GET"]}}],"collection":[{"href":"https:\/\/rutana.lt\/en\/wp-json\/wp\/v2\/product"}],"about":[{"href":"https:\/\/rutana.lt\/en\/wp-json\/wp\/v2\/types\/product"}],"replies":[{"embeddable":true,"href":"https:\/\/rutana.lt\/en\/wp-json\/wp\/v2\/comments?post=17027"}],"version-history":[{"count":1,"href":"https:\/\/rutana.lt\/en\/wp-json\/wp\/v2\/product\/17027\/revisions"}],"predecessor-version":[{"id":17077,"href":"https:\/\/rutana.lt\/en\/wp-json\/wp\/v2\/product\/17027\/revisions\/17077"}],"wp:featuredmedia":[{"embeddable":true,"href":"https:\/\/rutana.lt\/en\/wp-json\/wp\/v2\/media\/29271"}],"wp:attachment":[{"href":"https:\/\/rutana.lt\/en\/wp-json\/wp\/v2\/media?parent=17027"}],"wp:term":[{"taxonomy":"product_brand","embeddable":true,"href":"https:\/\/rutana.lt\/en\/wp-json\/wp\/v2\/product_brand?post=17027"},{"taxonomy":"product_cat","embeddable":true,"href":"https:\/\/rutana.lt\/en\/wp-json\/wp\/v2\/product_cat?post=17027"},{"taxonomy":"product_tag","embeddable":true,"href":"https:\/\/rutana.lt\/en\/wp-json\/wp\/v2\/product_tag?post=17027"}],"curies":[{"name":"wp","href":"https:\/\/api.w.org\/{rel}","templated":true}]}}