{"id":17025,"date":"2025-09-03T09:49:05","date_gmt":"2025-09-03T07:49:05","guid":{"rendered":"https:\/\/rutana.webdemo.lt\/?post_type=product&#038;p=17025"},"modified":"2025-10-13T15:52:49","modified_gmt":"2025-10-13T13:52:49","slug":"zirkles-18-cm-hikigiri-slim-rausvos-sp-nakabayashi-nh-hst180pb","status":"publish","type":"product","link":"https:\/\/rutana.lt\/en\/product\/zirkles-18-cm-hikigiri-slim-rausvos-sp-nakabayashi-nh-hst180pb\/","title":{"rendered":"\u017dirkl\u0117s 18 cm Hikigiri Slim rausvos sp. Nakabayashi NH-HST180PB"},"content":{"rendered":"<p>NAKABAYASHI prek\u0117s \u017eenklo, Hiki-giri Slim kolekcijos \u017eirkl\u0117s ne tik atlieka savaime suprantam\u0105 funkcij\u0105, ta\u010diau ir i\u0161rai\u0161kingomis spalvomis puo\u0161ia darbo \/ rankdarbi\u0173 stal\u0105. Pa\u0117mus \u012f deln\u0105, kas kart\u0105 suteikia kokybi\u0161kos prabangos poj\u016bt\u012f. A\u0161menys pagaminti i\u0161 ner\u016bdijan\u010dio plieno, \u201eausyt\u0117s\u201d dengtos elastomero med\u017eiaga \u2013 ma\u017eina trint\u012f ir ne\u017ealoja pir\u0161t\u0173.<\/p>\n<p>A\u0161men\u0173 ilgis: 68 mm<\/p>\n<p>Bendras \u017eirkli\u0173 ilgis: 180 mm<\/p>\n<p>Svoris: 58 g<\/p>\n<p>Spalva: rausva<\/p>\n<p>Kilm\u0117s \u0161alis: Japonija<\/p>\n<p><\/p>\n<p><iframe src=\"\/\/www.youtube.com\/embed\/F2-KJgyhotM\" width=\"640\" height=\"360\" frameborder=\"0\"><\/iframe><\/p>\n<p><\/p>","protected":false},"excerpt":{"rendered":"<p>NAKABAYASHI prek\u0117s \u017eenklo, Hiki-giri Slim kolekcijos \u017eirkl\u0117s ne tik atlieka savaime suprantam\u0105 funkcij\u0105, ta\u010diau ir i\u0161rai\u0161kingomis spalvomis puo\u0161ia darbo \/ rankdarbi\u0173 stal\u0105. Pa\u0117mus \u012f deln\u0105, kas kart\u0105 suteikia kokybi\u0161kos prabangos poj\u016bt\u012f. A\u0161menys pagaminti i\u0161 ner\u016bdijan\u010dio plieno, \u201eausyt\u0117s\u201d dengtos elastomero med\u017eiaga \u2013 ma\u017eina trint\u012f ir ne\u017ealoja pir\u0161t\u0173. A\u0161men\u0173 ilgis: 68 mm Bendras \u017eirkli\u0173 ilgis: 180 mm [&hellip;]<\/p>","protected":false},"featured_media":29269,"comment_status":"open","ping_status":"closed","template":"","meta":{"_season_start":"","_season_end":"","_season_days":"","_season_months":"","_season_auto_visibility":""},"product_brand":[1027],"product_cat":[1591],"product_tag":[],"class_list":{"0":"post-17025","1":"product","2":"type-product","3":"status-publish","4":"has-post-thumbnail","6":"product_brand-nakabayashi","7":"product_cat-zirkles-ir-kanceliariniai-peiliai","9":"first","10":"instock","11":"taxable","12":"shipping-taxable","13":"purchasable","14":"product-type-simple"},"yoast_head":"<!-- This site is optimized with the Yoast SEO plugin v26.1.1 - https:\/\/yoast.com\/wordpress\/plugins\/seo\/ -->\n<title>\u017dirkl\u0117s 18 cm Hikigiri Slim rausvos sp. Nakabayashi NH-HST180PB - Rutana - Ra\u0161tin\u0117s reikmenys<\/title>\n<meta name=\"robots\" content=\"index, follow, max-snippet:-1, max-image-preview:large, max-video-preview:-1\" \/>\n<link rel=\"canonical\" href=\"https:\/\/rutana.lt\/en\/product\/zirkles-18-cm-hikigiri-slim-rausvos-sp-nakabayashi-nh-hst180pb\/\" \/>\n<meta property=\"og:locale\" content=\"en_US\" \/>\n<meta property=\"og:type\" content=\"article\" \/>\n<meta property=\"og:title\" content=\"\u017dirkl\u0117s 18 cm Hikigiri Slim rausvos sp. Nakabayashi NH-HST180PB - Rutana - Ra\u0161tin\u0117s reikmenys\" \/>\n<meta property=\"og:description\" content=\"NAKABAYASHI prek\u0117s \u017eenklo, Hiki-giri Slim kolekcijos \u017eirkl\u0117s ne tik atlieka savaime suprantam\u0105 funkcij\u0105, ta\u010diau ir i\u0161rai\u0161kingomis spalvomis puo\u0161ia darbo \/ rankdarbi\u0173 stal\u0105. Pa\u0117mus \u012f deln\u0105, kas kart\u0105 suteikia kokybi\u0161kos prabangos poj\u016bt\u012f. A\u0161menys pagaminti i\u0161 ner\u016bdijan\u010dio plieno, \u201eausyt\u0117s\u201d dengtos elastomero med\u017eiaga \u2013 ma\u017eina trint\u012f ir ne\u017ealoja pir\u0161t\u0173. A\u0161men\u0173 ilgis: 68 mm Bendras \u017eirkli\u0173 ilgis: 180 mm [&hellip;]\" \/>\n<meta property=\"og:url\" content=\"https:\/\/rutana.lt\/en\/product\/zirkles-18-cm-hikigiri-slim-rausvos-sp-nakabayashi-nh-hst180pb\/\" \/>\n<meta property=\"og:site_name\" content=\"Rutana - Ra\u0161tin\u0117s reikmenys\" \/>\n<meta property=\"article:publisher\" content=\"https:\/\/www.facebook.com\/RutanaKanceliarinesPrekes\/\" \/>\n<meta property=\"article:modified_time\" content=\"2025-10-13T13:52:49+00:00\" \/>\n<meta property=\"og:image\" content=\"https:\/\/rutana.lt\/wp-content\/uploads\/2025\/09\/B015-206.jpg\" \/>\n\t<meta property=\"og:image:width\" content=\"1139\" \/>\n\t<meta property=\"og:image:height\" content=\"1176\" \/>\n\t<meta property=\"og:image:type\" content=\"image\/jpeg\" \/>\n<meta name=\"twitter:card\" content=\"summary_large_image\" \/>\n<script type=\"application\/ld+json\" class=\"yoast-schema-graph\">{\"@context\":\"https:\/\/schema.org\",\"@graph\":[{\"@type\":\"WebPage\",\"@id\":\"https:\/\/rutana.lt\/produktas\/zirkles-18-cm-hikigiri-slim-rausvos-sp-nakabayashi-nh-hst180pb\/\",\"url\":\"https:\/\/rutana.lt\/produktas\/zirkles-18-cm-hikigiri-slim-rausvos-sp-nakabayashi-nh-hst180pb\/\",\"name\":\"\u017dirkl\u0117s 18 cm Hikigiri Slim rausvos sp. Nakabayashi NH-HST180PB - Rutana - Ra\u0161tin\u0117s reikmenys\",\"isPartOf\":{\"@id\":\"https:\/\/rutana.lt\/#website\"},\"primaryImageOfPage\":{\"@id\":\"https:\/\/rutana.lt\/produktas\/zirkles-18-cm-hikigiri-slim-rausvos-sp-nakabayashi-nh-hst180pb\/#primaryimage\"},\"image\":{\"@id\":\"https:\/\/rutana.lt\/produktas\/zirkles-18-cm-hikigiri-slim-rausvos-sp-nakabayashi-nh-hst180pb\/#primaryimage\"},\"thumbnailUrl\":\"https:\/\/rutana.lt\/wp-content\/uploads\/2025\/09\/B015-206-2.jpg?v=1763565101\",\"datePublished\":\"2025-09-03T07:49:05+00:00\",\"dateModified\":\"2025-10-13T13:52:49+00:00\",\"breadcrumb\":{\"@id\":\"https:\/\/rutana.lt\/produktas\/zirkles-18-cm-hikigiri-slim-rausvos-sp-nakabayashi-nh-hst180pb\/#breadcrumb\"},\"inLanguage\":\"en-US\",\"potentialAction\":[{\"@type\":\"ReadAction\",\"target\":[\"https:\/\/rutana.lt\/produktas\/zirkles-18-cm-hikigiri-slim-rausvos-sp-nakabayashi-nh-hst180pb\/\"]}]},{\"@type\":\"ImageObject\",\"inLanguage\":\"en-US\",\"@id\":\"https:\/\/rutana.lt\/produktas\/zirkles-18-cm-hikigiri-slim-rausvos-sp-nakabayashi-nh-hst180pb\/#primaryimage\",\"url\":\"https:\/\/rutana.lt\/wp-content\/uploads\/2025\/09\/B015-206-2.jpg?v=1763565101\",\"contentUrl\":\"https:\/\/rutana.lt\/wp-content\/uploads\/2025\/09\/B015-206-2.jpg?v=1763565101\",\"width\":1139,\"height\":1176},{\"@type\":\"BreadcrumbList\",\"@id\":\"https:\/\/rutana.lt\/produktas\/zirkles-18-cm-hikigiri-slim-rausvos-sp-nakabayashi-nh-hst180pb\/#breadcrumb\",\"itemListElement\":[{\"@type\":\"ListItem\",\"position\":1,\"name\":\"Home\",\"item\":\"https:\/\/rutana.lt\/\"},{\"@type\":\"ListItem\",\"position\":2,\"name\":\"Parduotuv\u0117\",\"item\":\"https:\/\/rutana.lt\/parduotuve\/\"},{\"@type\":\"ListItem\",\"position\":3,\"name\":\"\u017dirkl\u0117s 18 cm Hikigiri Slim rausvos sp. Nakabayashi NH-HST180PB\"}]},{\"@type\":\"WebSite\",\"@id\":\"https:\/\/rutana.lt\/#website\",\"url\":\"https:\/\/rutana.lt\/\",\"name\":\"Rutana - Ra\u0161tin\u0117s reikmenys\",\"description\":\"Prekiaujame pasaulin\u0117je rinkoje pripa\u017eintomis, kokybi\u0161komis biuro prek\u0117mis toki\u0173  gamintoj\u0173 kaip: Schneider, Esselte, Novus, 3M, Faber-Castell, Citizen, Milan, Leitz, Colop, Zebra, Staedtler, Durable, Tork, Parker, Waterman ir kt.\",\"publisher\":{\"@id\":\"https:\/\/rutana.lt\/#organization\"},\"potentialAction\":[{\"@type\":\"SearchAction\",\"target\":{\"@type\":\"EntryPoint\",\"urlTemplate\":\"https:\/\/rutana.lt\/?s={search_term_string}\"},\"query-input\":{\"@type\":\"PropertyValueSpecification\",\"valueRequired\":true,\"valueName\":\"search_term_string\"}}],\"inLanguage\":\"en-US\"},{\"@type\":\"Organization\",\"@id\":\"https:\/\/rutana.lt\/#organization\",\"name\":\"Rutana - Ra\u0161tin\u0117s reikmenys\",\"url\":\"https:\/\/rutana.lt\/\",\"logo\":{\"@type\":\"ImageObject\",\"inLanguage\":\"en-US\",\"@id\":\"https:\/\/rutana.lt\/#\/schema\/logo\/image\/\",\"url\":\"https:\/\/rutana.lt\/wp-content\/uploads\/2025\/10\/Asset-32.png\",\"contentUrl\":\"https:\/\/rutana.lt\/wp-content\/uploads\/2025\/10\/Asset-32.png\",\"width\":433,\"height\":119,\"caption\":\"Rutana - Ra\u0161tin\u0117s reikmenys\"},\"image\":{\"@id\":\"https:\/\/rutana.lt\/#\/schema\/logo\/image\/\"},\"sameAs\":[\"https:\/\/www.facebook.com\/RutanaKanceliarinesPrekes\/\"]}]}<\/script>\n<!-- \/ Yoast SEO plugin. -->","yoast_head_json":{"title":"\u017dirkl\u0117s 18 cm Hikigiri Slim rausvos sp. Nakabayashi NH-HST180PB - Rutana - Ra\u0161tin\u0117s reikmenys","robots":{"index":"index","follow":"follow","max-snippet":"max-snippet:-1","max-image-preview":"max-image-preview:large","max-video-preview":"max-video-preview:-1"},"canonical":"https:\/\/rutana.lt\/en\/product\/zirkles-18-cm-hikigiri-slim-rausvos-sp-nakabayashi-nh-hst180pb\/","og_locale":"en_US","og_type":"article","og_title":"\u017dirkl\u0117s 18 cm Hikigiri Slim rausvos sp. Nakabayashi NH-HST180PB - Rutana - Ra\u0161tin\u0117s reikmenys","og_description":"NAKABAYASHI prek\u0117s \u017eenklo, Hiki-giri Slim kolekcijos \u017eirkl\u0117s ne tik atlieka savaime suprantam\u0105 funkcij\u0105, ta\u010diau ir i\u0161rai\u0161kingomis spalvomis puo\u0161ia darbo \/ rankdarbi\u0173 stal\u0105. Pa\u0117mus \u012f deln\u0105, kas kart\u0105 suteikia kokybi\u0161kos prabangos poj\u016bt\u012f. A\u0161menys pagaminti i\u0161 ner\u016bdijan\u010dio plieno, \u201eausyt\u0117s\u201d dengtos elastomero med\u017eiaga \u2013 ma\u017eina trint\u012f ir ne\u017ealoja pir\u0161t\u0173. A\u0161men\u0173 ilgis: 68 mm Bendras \u017eirkli\u0173 ilgis: 180 mm [&hellip;]","og_url":"https:\/\/rutana.lt\/en\/product\/zirkles-18-cm-hikigiri-slim-rausvos-sp-nakabayashi-nh-hst180pb\/","og_site_name":"Rutana - Ra\u0161tin\u0117s reikmenys","article_publisher":"https:\/\/www.facebook.com\/RutanaKanceliarinesPrekes\/","article_modified_time":"2025-10-13T13:52:49+00:00","og_image":[{"width":1139,"height":1176,"url":"https:\/\/rutana.lt\/wp-content\/uploads\/2025\/09\/B015-206.jpg","type":"image\/jpeg"}],"twitter_card":"summary_large_image","schema":{"@context":"https:\/\/schema.org","@graph":[{"@type":"WebPage","@id":"https:\/\/rutana.lt\/produktas\/zirkles-18-cm-hikigiri-slim-rausvos-sp-nakabayashi-nh-hst180pb\/","url":"https:\/\/rutana.lt\/produktas\/zirkles-18-cm-hikigiri-slim-rausvos-sp-nakabayashi-nh-hst180pb\/","name":"\u017dirkl\u0117s 18 cm Hikigiri Slim rausvos sp. Nakabayashi NH-HST180PB - Rutana - Ra\u0161tin\u0117s reikmenys","isPartOf":{"@id":"https:\/\/rutana.lt\/#website"},"primaryImageOfPage":{"@id":"https:\/\/rutana.lt\/produktas\/zirkles-18-cm-hikigiri-slim-rausvos-sp-nakabayashi-nh-hst180pb\/#primaryimage"},"image":{"@id":"https:\/\/rutana.lt\/produktas\/zirkles-18-cm-hikigiri-slim-rausvos-sp-nakabayashi-nh-hst180pb\/#primaryimage"},"thumbnailUrl":"https:\/\/rutana.lt\/wp-content\/uploads\/2025\/09\/B015-206-2.jpg?v=1763565101","datePublished":"2025-09-03T07:49:05+00:00","dateModified":"2025-10-13T13:52:49+00:00","breadcrumb":{"@id":"https:\/\/rutana.lt\/produktas\/zirkles-18-cm-hikigiri-slim-rausvos-sp-nakabayashi-nh-hst180pb\/#breadcrumb"},"inLanguage":"en-US","potentialAction":[{"@type":"ReadAction","target":["https:\/\/rutana.lt\/produktas\/zirkles-18-cm-hikigiri-slim-rausvos-sp-nakabayashi-nh-hst180pb\/"]}]},{"@type":"ImageObject","inLanguage":"en-US","@id":"https:\/\/rutana.lt\/produktas\/zirkles-18-cm-hikigiri-slim-rausvos-sp-nakabayashi-nh-hst180pb\/#primaryimage","url":"https:\/\/rutana.lt\/wp-content\/uploads\/2025\/09\/B015-206-2.jpg?v=1763565101","contentUrl":"https:\/\/rutana.lt\/wp-content\/uploads\/2025\/09\/B015-206-2.jpg?v=1763565101","width":1139,"height":1176},{"@type":"BreadcrumbList","@id":"https:\/\/rutana.lt\/produktas\/zirkles-18-cm-hikigiri-slim-rausvos-sp-nakabayashi-nh-hst180pb\/#breadcrumb","itemListElement":[{"@type":"ListItem","position":1,"name":"Home","item":"https:\/\/rutana.lt\/"},{"@type":"ListItem","position":2,"name":"Parduotuv\u0117","item":"https:\/\/rutana.lt\/parduotuve\/"},{"@type":"ListItem","position":3,"name":"\u017dirkl\u0117s 18 cm Hikigiri Slim rausvos sp. Nakabayashi NH-HST180PB"}]},{"@type":"WebSite","@id":"https:\/\/rutana.lt\/#website","url":"https:\/\/rutana.lt\/","name":"Rutana - Ra\u0161tin\u0117s reikmenys","description":"Prekiaujame pasaulin\u0117je rinkoje pripa\u017eintomis, kokybi\u0161komis biuro prek\u0117mis toki\u0173  gamintoj\u0173 kaip: Schneider, Esselte, Novus, 3M, Faber-Castell, Citizen, Milan, Leitz, Colop, Zebra, Staedtler, Durable, Tork, Parker, Waterman ir kt.","publisher":{"@id":"https:\/\/rutana.lt\/#organization"},"potentialAction":[{"@type":"SearchAction","target":{"@type":"EntryPoint","urlTemplate":"https:\/\/rutana.lt\/?s={search_term_string}"},"query-input":{"@type":"PropertyValueSpecification","valueRequired":true,"valueName":"search_term_string"}}],"inLanguage":"en-US"},{"@type":"Organization","@id":"https:\/\/rutana.lt\/#organization","name":"Rutana - Ra\u0161tin\u0117s reikmenys","url":"https:\/\/rutana.lt\/","logo":{"@type":"ImageObject","inLanguage":"en-US","@id":"https:\/\/rutana.lt\/#\/schema\/logo\/image\/","url":"https:\/\/rutana.lt\/wp-content\/uploads\/2025\/10\/Asset-32.png","contentUrl":"https:\/\/rutana.lt\/wp-content\/uploads\/2025\/10\/Asset-32.png","width":433,"height":119,"caption":"Rutana - Ra\u0161tin\u0117s reikmenys"},"image":{"@id":"https:\/\/rutana.lt\/#\/schema\/logo\/image\/"},"sameAs":["https:\/\/www.facebook.com\/RutanaKanceliarinesPrekes\/"]}]}},"_links":{"self":[{"href":"https:\/\/rutana.lt\/en\/wp-json\/wp\/v2\/product\/17025","targetHints":{"allow":["GET"]}}],"collection":[{"href":"https:\/\/rutana.lt\/en\/wp-json\/wp\/v2\/product"}],"about":[{"href":"https:\/\/rutana.lt\/en\/wp-json\/wp\/v2\/types\/product"}],"replies":[{"embeddable":true,"href":"https:\/\/rutana.lt\/en\/wp-json\/wp\/v2\/comments?post=17025"}],"version-history":[{"count":1,"href":"https:\/\/rutana.lt\/en\/wp-json\/wp\/v2\/product\/17025\/revisions"}],"predecessor-version":[{"id":17073,"href":"https:\/\/rutana.lt\/en\/wp-json\/wp\/v2\/product\/17025\/revisions\/17073"}],"wp:featuredmedia":[{"embeddable":true,"href":"https:\/\/rutana.lt\/en\/wp-json\/wp\/v2\/media\/29269"}],"wp:attachment":[{"href":"https:\/\/rutana.lt\/en\/wp-json\/wp\/v2\/media?parent=17025"}],"wp:term":[{"taxonomy":"product_brand","embeddable":true,"href":"https:\/\/rutana.lt\/en\/wp-json\/wp\/v2\/product_brand?post=17025"},{"taxonomy":"product_cat","embeddable":true,"href":"https:\/\/rutana.lt\/en\/wp-json\/wp\/v2\/product_cat?post=17025"},{"taxonomy":"product_tag","embeddable":true,"href":"https:\/\/rutana.lt\/en\/wp-json\/wp\/v2\/product_tag?post=17025"}],"curies":[{"name":"wp","href":"https:\/\/api.w.org\/{rel}","templated":true}]}}