{"id":17017,"date":"2025-09-03T09:49:05","date_gmt":"2025-09-03T07:49:05","guid":{"rendered":"https:\/\/rutana.webdemo.lt\/?post_type=product&#038;p=17017"},"modified":"2025-10-13T15:52:45","modified_gmt":"2025-10-13T13:52:45","slug":"lipdukai-juodos-sp-klaviaturai-en-ru-lt","status":"publish","type":"product","link":"https:\/\/rutana.lt\/en\/product\/lipdukai-juodos-sp-klaviaturai-en-ru-lt\/","title":{"rendered":"Lipdukai juodos sp. klaviat\u016brai EN RU LT"},"content":{"rendered":"<p>Lipdukai su skai\u010diais ir angl\u0173, rus\u0173, lietuvi\u0173 raid\u0117mis, skirti klijuoti ant juodos spalvos kompiuterio klaviat\u016bros.<\/p>\n<p>Lietuvi\u0161k\u0173 raid\u017ei\u0173 spalva: geltona<\/p>\n<p>Angli\u0161k\u0173 raid\u017ei\u0173 spalva: balta<\/p>\n<p>Rusi\u0161k\u0173 raid\u017ei\u0173 spalva: \u017ealia<\/p>\n<p>Skai\u010di\u0173 ir \u017eenkl\u0173 spalva: balta<\/p>","protected":false},"excerpt":{"rendered":"<p>Lipdukai su skai\u010diais ir angl\u0173, rus\u0173, lietuvi\u0173 raid\u0117mis, skirti klijuoti ant juodos spalvos kompiuterio klaviat\u016bros. Lietuvi\u0161k\u0173 raid\u017ei\u0173 spalva: geltona Angli\u0161k\u0173 raid\u017ei\u0173 spalva: balta Rusi\u0161k\u0173 raid\u017ei\u0173 spalva: \u017ealia Skai\u010di\u0173 ir \u017eenkl\u0173 spalva: balta<\/p>","protected":false},"featured_media":29263,"comment_status":"open","ping_status":"closed","template":"","meta":{"_season_start":"","_season_end":"","_season_days":"","_season_months":"","_season_auto_visibility":""},"product_brand":[83],"product_cat":[1889],"product_tag":[],"class_list":{"0":"post-17017","1":"product","2":"type-product","3":"status-publish","4":"has-post-thumbnail","6":"product_brand-null","7":"product_cat-lipnus-informaciniai-zenklai","9":"first","10":"instock","11":"taxable","12":"shipping-taxable","13":"purchasable","14":"product-type-simple"},"yoast_head":"<!-- This site is optimized with the Yoast SEO plugin v26.1.1 - https:\/\/yoast.com\/wordpress\/plugins\/seo\/ -->\n<title>Lipdukai juodos sp. klaviat\u016brai EN RU LT - Rutana - Ra\u0161tin\u0117s reikmenys<\/title>\n<meta name=\"robots\" content=\"index, follow, max-snippet:-1, max-image-preview:large, max-video-preview:-1\" \/>\n<link rel=\"canonical\" href=\"https:\/\/rutana.lt\/en\/product\/lipdukai-juodos-sp-klaviaturai-en-ru-lt\/\" \/>\n<meta property=\"og:locale\" content=\"en_US\" \/>\n<meta property=\"og:type\" content=\"article\" \/>\n<meta property=\"og:title\" content=\"Lipdukai juodos sp. klaviat\u016brai EN RU LT - Rutana - Ra\u0161tin\u0117s reikmenys\" \/>\n<meta property=\"og:description\" content=\"Lipdukai su skai\u010diais ir angl\u0173, rus\u0173, lietuvi\u0173 raid\u0117mis, skirti klijuoti ant juodos spalvos kompiuterio klaviat\u016bros. Lietuvi\u0161k\u0173 raid\u017ei\u0173 spalva: geltona Angli\u0161k\u0173 raid\u017ei\u0173 spalva: balta Rusi\u0161k\u0173 raid\u017ei\u0173 spalva: \u017ealia Skai\u010di\u0173 ir \u017eenkl\u0173 spalva: balta\" \/>\n<meta property=\"og:url\" content=\"https:\/\/rutana.lt\/en\/product\/lipdukai-juodos-sp-klaviaturai-en-ru-lt\/\" \/>\n<meta property=\"og:site_name\" content=\"Rutana - Ra\u0161tin\u0117s reikmenys\" \/>\n<meta property=\"article:publisher\" content=\"https:\/\/www.facebook.com\/RutanaKanceliarinesPrekes\/\" \/>\n<meta property=\"article:modified_time\" content=\"2025-10-13T13:52:45+00:00\" \/>\n<meta property=\"og:image\" content=\"https:\/\/rutana.lt\/wp-content\/uploads\/2025\/09\/A113-708.jpg\" \/>\n\t<meta property=\"og:image:width\" content=\"1284\" \/>\n\t<meta property=\"og:image:height\" content=\"1241\" \/>\n\t<meta property=\"og:image:type\" content=\"image\/jpeg\" \/>\n<meta name=\"twitter:card\" content=\"summary_large_image\" \/>\n<script type=\"application\/ld+json\" class=\"yoast-schema-graph\">{\"@context\":\"https:\/\/schema.org\",\"@graph\":[{\"@type\":\"WebPage\",\"@id\":\"https:\/\/rutana.lt\/produktas\/lipdukai-juodos-sp-klaviaturai-en-ru-lt\/\",\"url\":\"https:\/\/rutana.lt\/produktas\/lipdukai-juodos-sp-klaviaturai-en-ru-lt\/\",\"name\":\"Lipdukai juodos sp. klaviat\u016brai EN RU LT - Rutana - Ra\u0161tin\u0117s reikmenys\",\"isPartOf\":{\"@id\":\"https:\/\/rutana.lt\/#website\"},\"primaryImageOfPage\":{\"@id\":\"https:\/\/rutana.lt\/produktas\/lipdukai-juodos-sp-klaviaturai-en-ru-lt\/#primaryimage\"},\"image\":{\"@id\":\"https:\/\/rutana.lt\/produktas\/lipdukai-juodos-sp-klaviaturai-en-ru-lt\/#primaryimage\"},\"thumbnailUrl\":\"https:\/\/rutana.lt\/wp-content\/uploads\/2025\/09\/A113-708-1.jpg?v=1763565109\",\"datePublished\":\"2025-09-03T07:49:05+00:00\",\"dateModified\":\"2025-10-13T13:52:45+00:00\",\"breadcrumb\":{\"@id\":\"https:\/\/rutana.lt\/produktas\/lipdukai-juodos-sp-klaviaturai-en-ru-lt\/#breadcrumb\"},\"inLanguage\":\"en-US\",\"potentialAction\":[{\"@type\":\"ReadAction\",\"target\":[\"https:\/\/rutana.lt\/produktas\/lipdukai-juodos-sp-klaviaturai-en-ru-lt\/\"]}]},{\"@type\":\"ImageObject\",\"inLanguage\":\"en-US\",\"@id\":\"https:\/\/rutana.lt\/produktas\/lipdukai-juodos-sp-klaviaturai-en-ru-lt\/#primaryimage\",\"url\":\"https:\/\/rutana.lt\/wp-content\/uploads\/2025\/09\/A113-708-1.jpg?v=1763565109\",\"contentUrl\":\"https:\/\/rutana.lt\/wp-content\/uploads\/2025\/09\/A113-708-1.jpg?v=1763565109\",\"width\":1284,\"height\":1241},{\"@type\":\"BreadcrumbList\",\"@id\":\"https:\/\/rutana.lt\/produktas\/lipdukai-juodos-sp-klaviaturai-en-ru-lt\/#breadcrumb\",\"itemListElement\":[{\"@type\":\"ListItem\",\"position\":1,\"name\":\"Home\",\"item\":\"https:\/\/rutana.lt\/\"},{\"@type\":\"ListItem\",\"position\":2,\"name\":\"Parduotuv\u0117\",\"item\":\"https:\/\/rutana.lt\/parduotuve\/\"},{\"@type\":\"ListItem\",\"position\":3,\"name\":\"Lipdukai juodos sp. klaviat\u016brai EN RU LT\"}]},{\"@type\":\"WebSite\",\"@id\":\"https:\/\/rutana.lt\/#website\",\"url\":\"https:\/\/rutana.lt\/\",\"name\":\"Rutana - Ra\u0161tin\u0117s reikmenys\",\"description\":\"Prekiaujame pasaulin\u0117je rinkoje pripa\u017eintomis, kokybi\u0161komis biuro prek\u0117mis toki\u0173  gamintoj\u0173 kaip: Schneider, Esselte, Novus, 3M, Faber-Castell, Citizen, Milan, Leitz, Colop, Zebra, Staedtler, Durable, Tork, Parker, Waterman ir kt.\",\"publisher\":{\"@id\":\"https:\/\/rutana.lt\/#organization\"},\"potentialAction\":[{\"@type\":\"SearchAction\",\"target\":{\"@type\":\"EntryPoint\",\"urlTemplate\":\"https:\/\/rutana.lt\/?s={search_term_string}\"},\"query-input\":{\"@type\":\"PropertyValueSpecification\",\"valueRequired\":true,\"valueName\":\"search_term_string\"}}],\"inLanguage\":\"en-US\"},{\"@type\":\"Organization\",\"@id\":\"https:\/\/rutana.lt\/#organization\",\"name\":\"Rutana - Ra\u0161tin\u0117s reikmenys\",\"url\":\"https:\/\/rutana.lt\/\",\"logo\":{\"@type\":\"ImageObject\",\"inLanguage\":\"en-US\",\"@id\":\"https:\/\/rutana.lt\/#\/schema\/logo\/image\/\",\"url\":\"https:\/\/rutana.lt\/wp-content\/uploads\/2025\/10\/Asset-32.png\",\"contentUrl\":\"https:\/\/rutana.lt\/wp-content\/uploads\/2025\/10\/Asset-32.png\",\"width\":433,\"height\":119,\"caption\":\"Rutana - Ra\u0161tin\u0117s reikmenys\"},\"image\":{\"@id\":\"https:\/\/rutana.lt\/#\/schema\/logo\/image\/\"},\"sameAs\":[\"https:\/\/www.facebook.com\/RutanaKanceliarinesPrekes\/\"]}]}<\/script>\n<!-- \/ Yoast SEO plugin. -->","yoast_head_json":{"title":"Lipdukai juodos sp. klaviat\u016brai EN RU LT - Rutana - Ra\u0161tin\u0117s reikmenys","robots":{"index":"index","follow":"follow","max-snippet":"max-snippet:-1","max-image-preview":"max-image-preview:large","max-video-preview":"max-video-preview:-1"},"canonical":"https:\/\/rutana.lt\/en\/product\/lipdukai-juodos-sp-klaviaturai-en-ru-lt\/","og_locale":"en_US","og_type":"article","og_title":"Lipdukai juodos sp. klaviat\u016brai EN RU LT - Rutana - Ra\u0161tin\u0117s reikmenys","og_description":"Lipdukai su skai\u010diais ir angl\u0173, rus\u0173, lietuvi\u0173 raid\u0117mis, skirti klijuoti ant juodos spalvos kompiuterio klaviat\u016bros. Lietuvi\u0161k\u0173 raid\u017ei\u0173 spalva: geltona Angli\u0161k\u0173 raid\u017ei\u0173 spalva: balta Rusi\u0161k\u0173 raid\u017ei\u0173 spalva: \u017ealia Skai\u010di\u0173 ir \u017eenkl\u0173 spalva: balta","og_url":"https:\/\/rutana.lt\/en\/product\/lipdukai-juodos-sp-klaviaturai-en-ru-lt\/","og_site_name":"Rutana - Ra\u0161tin\u0117s reikmenys","article_publisher":"https:\/\/www.facebook.com\/RutanaKanceliarinesPrekes\/","article_modified_time":"2025-10-13T13:52:45+00:00","og_image":[{"width":1284,"height":1241,"url":"https:\/\/rutana.lt\/wp-content\/uploads\/2025\/09\/A113-708.jpg","type":"image\/jpeg"}],"twitter_card":"summary_large_image","schema":{"@context":"https:\/\/schema.org","@graph":[{"@type":"WebPage","@id":"https:\/\/rutana.lt\/produktas\/lipdukai-juodos-sp-klaviaturai-en-ru-lt\/","url":"https:\/\/rutana.lt\/produktas\/lipdukai-juodos-sp-klaviaturai-en-ru-lt\/","name":"Lipdukai juodos sp. klaviat\u016brai EN RU LT - Rutana - Ra\u0161tin\u0117s reikmenys","isPartOf":{"@id":"https:\/\/rutana.lt\/#website"},"primaryImageOfPage":{"@id":"https:\/\/rutana.lt\/produktas\/lipdukai-juodos-sp-klaviaturai-en-ru-lt\/#primaryimage"},"image":{"@id":"https:\/\/rutana.lt\/produktas\/lipdukai-juodos-sp-klaviaturai-en-ru-lt\/#primaryimage"},"thumbnailUrl":"https:\/\/rutana.lt\/wp-content\/uploads\/2025\/09\/A113-708-1.jpg?v=1763565109","datePublished":"2025-09-03T07:49:05+00:00","dateModified":"2025-10-13T13:52:45+00:00","breadcrumb":{"@id":"https:\/\/rutana.lt\/produktas\/lipdukai-juodos-sp-klaviaturai-en-ru-lt\/#breadcrumb"},"inLanguage":"en-US","potentialAction":[{"@type":"ReadAction","target":["https:\/\/rutana.lt\/produktas\/lipdukai-juodos-sp-klaviaturai-en-ru-lt\/"]}]},{"@type":"ImageObject","inLanguage":"en-US","@id":"https:\/\/rutana.lt\/produktas\/lipdukai-juodos-sp-klaviaturai-en-ru-lt\/#primaryimage","url":"https:\/\/rutana.lt\/wp-content\/uploads\/2025\/09\/A113-708-1.jpg?v=1763565109","contentUrl":"https:\/\/rutana.lt\/wp-content\/uploads\/2025\/09\/A113-708-1.jpg?v=1763565109","width":1284,"height":1241},{"@type":"BreadcrumbList","@id":"https:\/\/rutana.lt\/produktas\/lipdukai-juodos-sp-klaviaturai-en-ru-lt\/#breadcrumb","itemListElement":[{"@type":"ListItem","position":1,"name":"Home","item":"https:\/\/rutana.lt\/"},{"@type":"ListItem","position":2,"name":"Parduotuv\u0117","item":"https:\/\/rutana.lt\/parduotuve\/"},{"@type":"ListItem","position":3,"name":"Lipdukai juodos sp. klaviat\u016brai EN RU LT"}]},{"@type":"WebSite","@id":"https:\/\/rutana.lt\/#website","url":"https:\/\/rutana.lt\/","name":"Rutana - Ra\u0161tin\u0117s reikmenys","description":"Prekiaujame pasaulin\u0117je rinkoje pripa\u017eintomis, kokybi\u0161komis biuro prek\u0117mis toki\u0173  gamintoj\u0173 kaip: Schneider, Esselte, Novus, 3M, Faber-Castell, Citizen, Milan, Leitz, Colop, Zebra, Staedtler, Durable, Tork, Parker, Waterman ir kt.","publisher":{"@id":"https:\/\/rutana.lt\/#organization"},"potentialAction":[{"@type":"SearchAction","target":{"@type":"EntryPoint","urlTemplate":"https:\/\/rutana.lt\/?s={search_term_string}"},"query-input":{"@type":"PropertyValueSpecification","valueRequired":true,"valueName":"search_term_string"}}],"inLanguage":"en-US"},{"@type":"Organization","@id":"https:\/\/rutana.lt\/#organization","name":"Rutana - Ra\u0161tin\u0117s reikmenys","url":"https:\/\/rutana.lt\/","logo":{"@type":"ImageObject","inLanguage":"en-US","@id":"https:\/\/rutana.lt\/#\/schema\/logo\/image\/","url":"https:\/\/rutana.lt\/wp-content\/uploads\/2025\/10\/Asset-32.png","contentUrl":"https:\/\/rutana.lt\/wp-content\/uploads\/2025\/10\/Asset-32.png","width":433,"height":119,"caption":"Rutana - Ra\u0161tin\u0117s reikmenys"},"image":{"@id":"https:\/\/rutana.lt\/#\/schema\/logo\/image\/"},"sameAs":["https:\/\/www.facebook.com\/RutanaKanceliarinesPrekes\/"]}]}},"_links":{"self":[{"href":"https:\/\/rutana.lt\/en\/wp-json\/wp\/v2\/product\/17017","targetHints":{"allow":["GET"]}}],"collection":[{"href":"https:\/\/rutana.lt\/en\/wp-json\/wp\/v2\/product"}],"about":[{"href":"https:\/\/rutana.lt\/en\/wp-json\/wp\/v2\/types\/product"}],"replies":[{"embeddable":true,"href":"https:\/\/rutana.lt\/en\/wp-json\/wp\/v2\/comments?post=17017"}],"version-history":[{"count":1,"href":"https:\/\/rutana.lt\/en\/wp-json\/wp\/v2\/product\/17017\/revisions"}],"predecessor-version":[{"id":17059,"href":"https:\/\/rutana.lt\/en\/wp-json\/wp\/v2\/product\/17017\/revisions\/17059"}],"wp:featuredmedia":[{"embeddable":true,"href":"https:\/\/rutana.lt\/en\/wp-json\/wp\/v2\/media\/29263"}],"wp:attachment":[{"href":"https:\/\/rutana.lt\/en\/wp-json\/wp\/v2\/media?parent=17017"}],"wp:term":[{"taxonomy":"product_brand","embeddable":true,"href":"https:\/\/rutana.lt\/en\/wp-json\/wp\/v2\/product_brand?post=17017"},{"taxonomy":"product_cat","embeddable":true,"href":"https:\/\/rutana.lt\/en\/wp-json\/wp\/v2\/product_cat?post=17017"},{"taxonomy":"product_tag","embeddable":true,"href":"https:\/\/rutana.lt\/en\/wp-json\/wp\/v2\/product_tag?post=17017"}],"curies":[{"name":"wp","href":"https:\/\/api.w.org\/{rel}","templated":true}]}}