{"id":17016,"date":"2025-09-03T09:49:05","date_gmt":"2025-09-03T07:49:05","guid":{"rendered":"https:\/\/rutana.webdemo.lt\/?post_type=product&#038;p=17016"},"modified":"2025-10-13T15:52:45","modified_gmt":"2025-10-13T13:52:45","slug":"automatinis-tusinukas-u-209-maticgrip-neon-1-0mm-melynas-erichkrause","status":"publish","type":"product","link":"https:\/\/rutana.lt\/en\/product\/automatinis-tusinukas-u-209-maticgrip-neon-1-0mm-melynas-erichkrause\/","title":{"rendered":"Automatinis tu\u0161inukas U-209 Matic&#038;Grip Neon 1.0mm m\u0117lynas ErichKrause"},"content":{"rendered":"<p>Trikampis automatinis vienkartinis tu\u0161inukas Matic&#038;Grip su adatine tipo \u0161erdele ir unikalia Ultra Glide Plus technologija. Ra\u0161iklis turi nepermatom\u0105 ry\u0161kios neonin\u0117s spalvos korpus\u0105 su patogia profiliuota gumine rankena. Su\u0117mimo srities ir spaustuko spalva atitinka ra\u0161alo spalv\u0105. 6 kanal\u0173 ra\u0161ymo galvut\u0117 su 1.0 mm rutuliuko skersmeniu, kartu su itin ma\u017eo klampumo ra\u0161alu u\u017etikrina skland\u0173 ir patog\u0173 ra\u0161ym\u0105 be pastang\u0173. I\u0161tisin\u0117s linijos ilgis yra 1000 m, o storis 0.3 mm, o tai yra auk\u0161tas rodiklis savo kategorijoje. <\/p>\n<p>Br\u0117\u017eio storis: 0.3 mm<\/p>\n<p>Tu\u0161o spalva: m\u0117lyna<\/p>\n<p>Korpuso spalva: \u012fvairios, ry\u0161kios neonin\u0117s<\/p>\n<p>Kilm\u0117s \u0161alis: Vokietija<\/p>\n<p><\/p>","protected":false},"excerpt":{"rendered":"<p>Trikampis automatinis vienkartinis tu\u0161inukas Matic&#038;Grip su adatine tipo \u0161erdele ir unikalia Ultra Glide Plus technologija. Ra\u0161iklis turi nepermatom\u0105 ry\u0161kios neonin\u0117s spalvos korpus\u0105 su patogia profiliuota gumine rankena. Su\u0117mimo srities ir spaustuko spalva atitinka ra\u0161alo spalv\u0105. 6 kanal\u0173 ra\u0161ymo galvut\u0117 su 1.0 mm rutuliuko skersmeniu, kartu su itin ma\u017eo klampumo ra\u0161alu u\u017etikrina skland\u0173 ir patog\u0173 ra\u0161ym\u0105 [&hellip;]<\/p>","protected":false},"featured_media":29262,"comment_status":"open","ping_status":"closed","template":"","meta":{"_season_start":"","_season_end":"","_season_days":"","_season_months":"","_season_auto_visibility":""},"product_brand":[648],"product_cat":[1750],"product_tag":[],"class_list":{"0":"post-17016","1":"product","2":"type-product","3":"status-publish","4":"has-post-thumbnail","6":"product_brand-erichkrause","7":"product_cat-tusinukai","9":"first","10":"instock","11":"taxable","12":"shipping-taxable","13":"purchasable","14":"product-type-simple"},"yoast_head":"<!-- This site is optimized with the Yoast SEO plugin v26.1.1 - https:\/\/yoast.com\/wordpress\/plugins\/seo\/ -->\n<title>Automatinis tu\u0161inukas U-209 Matic&amp;Grip Neon 1.0mm m\u0117lynas ErichKrause - Rutana - Ra\u0161tin\u0117s reikmenys<\/title>\n<meta name=\"robots\" content=\"index, follow, max-snippet:-1, max-image-preview:large, max-video-preview:-1\" \/>\n<link rel=\"canonical\" href=\"https:\/\/rutana.lt\/en\/product\/automatinis-tusinukas-u-209-maticgrip-neon-1-0mm-melynas-erichkrause\/\" \/>\n<meta property=\"og:locale\" content=\"en_US\" \/>\n<meta property=\"og:type\" content=\"article\" \/>\n<meta property=\"og:title\" content=\"Automatinis tu\u0161inukas U-209 Matic&amp;Grip Neon 1.0mm m\u0117lynas ErichKrause - Rutana - Ra\u0161tin\u0117s reikmenys\" \/>\n<meta property=\"og:description\" content=\"Trikampis automatinis vienkartinis tu\u0161inukas Matic&#038;Grip su adatine tipo \u0161erdele ir unikalia Ultra Glide Plus technologija. Ra\u0161iklis turi nepermatom\u0105 ry\u0161kios neonin\u0117s spalvos korpus\u0105 su patogia profiliuota gumine rankena. Su\u0117mimo srities ir spaustuko spalva atitinka ra\u0161alo spalv\u0105. 6 kanal\u0173 ra\u0161ymo galvut\u0117 su 1.0 mm rutuliuko skersmeniu, kartu su itin ma\u017eo klampumo ra\u0161alu u\u017etikrina skland\u0173 ir patog\u0173 ra\u0161ym\u0105 [&hellip;]\" \/>\n<meta property=\"og:url\" content=\"https:\/\/rutana.lt\/en\/product\/automatinis-tusinukas-u-209-maticgrip-neon-1-0mm-melynas-erichkrause\/\" \/>\n<meta property=\"og:site_name\" content=\"Rutana - Ra\u0161tin\u0117s reikmenys\" \/>\n<meta property=\"article:publisher\" content=\"https:\/\/www.facebook.com\/RutanaKanceliarinesPrekes\/\" \/>\n<meta property=\"article:modified_time\" content=\"2025-10-13T13:52:45+00:00\" \/>\n<meta property=\"og:image\" content=\"https:\/\/rutana.lt\/wp-content\/uploads\/2025\/09\/C133-002.jpg\" \/>\n\t<meta property=\"og:image:width\" content=\"600\" \/>\n\t<meta property=\"og:image:height\" content=\"600\" \/>\n\t<meta property=\"og:image:type\" content=\"image\/jpeg\" \/>\n<meta name=\"twitter:card\" content=\"summary_large_image\" \/>\n<meta name=\"twitter:label1\" content=\"Est. reading time\" \/>\n\t<meta name=\"twitter:data1\" content=\"1 minute\" \/>\n<script type=\"application\/ld+json\" class=\"yoast-schema-graph\">{\"@context\":\"https:\/\/schema.org\",\"@graph\":[{\"@type\":\"WebPage\",\"@id\":\"https:\/\/rutana.lt\/produktas\/automatinis-tusinukas-u-209-maticgrip-neon-1-0mm-melynas-erichkrause\/\",\"url\":\"https:\/\/rutana.lt\/produktas\/automatinis-tusinukas-u-209-maticgrip-neon-1-0mm-melynas-erichkrause\/\",\"name\":\"Automatinis tu\u0161inukas U-209 Matic&Grip Neon 1.0mm m\u0117lynas ErichKrause - Rutana - Ra\u0161tin\u0117s reikmenys\",\"isPartOf\":{\"@id\":\"https:\/\/rutana.lt\/#website\"},\"primaryImageOfPage\":{\"@id\":\"https:\/\/rutana.lt\/produktas\/automatinis-tusinukas-u-209-maticgrip-neon-1-0mm-melynas-erichkrause\/#primaryimage\"},\"image\":{\"@id\":\"https:\/\/rutana.lt\/produktas\/automatinis-tusinukas-u-209-maticgrip-neon-1-0mm-melynas-erichkrause\/#primaryimage\"},\"thumbnailUrl\":\"https:\/\/rutana.lt\/wp-content\/uploads\/2025\/09\/C133-002-1.jpg?v=1763565110\",\"datePublished\":\"2025-09-03T07:49:05+00:00\",\"dateModified\":\"2025-10-13T13:52:45+00:00\",\"breadcrumb\":{\"@id\":\"https:\/\/rutana.lt\/produktas\/automatinis-tusinukas-u-209-maticgrip-neon-1-0mm-melynas-erichkrause\/#breadcrumb\"},\"inLanguage\":\"en-US\",\"potentialAction\":[{\"@type\":\"ReadAction\",\"target\":[\"https:\/\/rutana.lt\/produktas\/automatinis-tusinukas-u-209-maticgrip-neon-1-0mm-melynas-erichkrause\/\"]}]},{\"@type\":\"ImageObject\",\"inLanguage\":\"en-US\",\"@id\":\"https:\/\/rutana.lt\/produktas\/automatinis-tusinukas-u-209-maticgrip-neon-1-0mm-melynas-erichkrause\/#primaryimage\",\"url\":\"https:\/\/rutana.lt\/wp-content\/uploads\/2025\/09\/C133-002-1.jpg?v=1763565110\",\"contentUrl\":\"https:\/\/rutana.lt\/wp-content\/uploads\/2025\/09\/C133-002-1.jpg?v=1763565110\",\"width\":600,\"height\":600},{\"@type\":\"BreadcrumbList\",\"@id\":\"https:\/\/rutana.lt\/produktas\/automatinis-tusinukas-u-209-maticgrip-neon-1-0mm-melynas-erichkrause\/#breadcrumb\",\"itemListElement\":[{\"@type\":\"ListItem\",\"position\":1,\"name\":\"Home\",\"item\":\"https:\/\/rutana.lt\/\"},{\"@type\":\"ListItem\",\"position\":2,\"name\":\"Parduotuv\u0117\",\"item\":\"https:\/\/rutana.lt\/parduotuve\/\"},{\"@type\":\"ListItem\",\"position\":3,\"name\":\"Automatinis tu\u0161inukas U-209 Matic&#038;Grip Neon 1.0mm m\u0117lynas ErichKrause\"}]},{\"@type\":\"WebSite\",\"@id\":\"https:\/\/rutana.lt\/#website\",\"url\":\"https:\/\/rutana.lt\/\",\"name\":\"Rutana - Ra\u0161tin\u0117s reikmenys\",\"description\":\"Prekiaujame pasaulin\u0117je rinkoje pripa\u017eintomis, kokybi\u0161komis biuro prek\u0117mis toki\u0173  gamintoj\u0173 kaip: Schneider, Esselte, Novus, 3M, Faber-Castell, Citizen, Milan, Leitz, Colop, Zebra, Staedtler, Durable, Tork, Parker, Waterman ir kt.\",\"publisher\":{\"@id\":\"https:\/\/rutana.lt\/#organization\"},\"potentialAction\":[{\"@type\":\"SearchAction\",\"target\":{\"@type\":\"EntryPoint\",\"urlTemplate\":\"https:\/\/rutana.lt\/?s={search_term_string}\"},\"query-input\":{\"@type\":\"PropertyValueSpecification\",\"valueRequired\":true,\"valueName\":\"search_term_string\"}}],\"inLanguage\":\"en-US\"},{\"@type\":\"Organization\",\"@id\":\"https:\/\/rutana.lt\/#organization\",\"name\":\"Rutana - Ra\u0161tin\u0117s reikmenys\",\"url\":\"https:\/\/rutana.lt\/\",\"logo\":{\"@type\":\"ImageObject\",\"inLanguage\":\"en-US\",\"@id\":\"https:\/\/rutana.lt\/#\/schema\/logo\/image\/\",\"url\":\"https:\/\/rutana.lt\/wp-content\/uploads\/2025\/10\/Asset-32.png\",\"contentUrl\":\"https:\/\/rutana.lt\/wp-content\/uploads\/2025\/10\/Asset-32.png\",\"width\":433,\"height\":119,\"caption\":\"Rutana - Ra\u0161tin\u0117s reikmenys\"},\"image\":{\"@id\":\"https:\/\/rutana.lt\/#\/schema\/logo\/image\/\"},\"sameAs\":[\"https:\/\/www.facebook.com\/RutanaKanceliarinesPrekes\/\"]}]}<\/script>\n<!-- \/ Yoast SEO plugin. -->","yoast_head_json":{"title":"Automatinis tu\u0161inukas U-209 Matic&Grip Neon 1.0mm m\u0117lynas ErichKrause - Rutana - Ra\u0161tin\u0117s reikmenys","robots":{"index":"index","follow":"follow","max-snippet":"max-snippet:-1","max-image-preview":"max-image-preview:large","max-video-preview":"max-video-preview:-1"},"canonical":"https:\/\/rutana.lt\/en\/product\/automatinis-tusinukas-u-209-maticgrip-neon-1-0mm-melynas-erichkrause\/","og_locale":"en_US","og_type":"article","og_title":"Automatinis tu\u0161inukas U-209 Matic&Grip Neon 1.0mm m\u0117lynas ErichKrause - Rutana - Ra\u0161tin\u0117s reikmenys","og_description":"Trikampis automatinis vienkartinis tu\u0161inukas Matic&#038;Grip su adatine tipo \u0161erdele ir unikalia Ultra Glide Plus technologija. Ra\u0161iklis turi nepermatom\u0105 ry\u0161kios neonin\u0117s spalvos korpus\u0105 su patogia profiliuota gumine rankena. Su\u0117mimo srities ir spaustuko spalva atitinka ra\u0161alo spalv\u0105. 6 kanal\u0173 ra\u0161ymo galvut\u0117 su 1.0 mm rutuliuko skersmeniu, kartu su itin ma\u017eo klampumo ra\u0161alu u\u017etikrina skland\u0173 ir patog\u0173 ra\u0161ym\u0105 [&hellip;]","og_url":"https:\/\/rutana.lt\/en\/product\/automatinis-tusinukas-u-209-maticgrip-neon-1-0mm-melynas-erichkrause\/","og_site_name":"Rutana - Ra\u0161tin\u0117s reikmenys","article_publisher":"https:\/\/www.facebook.com\/RutanaKanceliarinesPrekes\/","article_modified_time":"2025-10-13T13:52:45+00:00","og_image":[{"width":600,"height":600,"url":"https:\/\/rutana.lt\/wp-content\/uploads\/2025\/09\/C133-002.jpg","type":"image\/jpeg"}],"twitter_card":"summary_large_image","twitter_misc":{"Est. reading time":"1 minute"},"schema":{"@context":"https:\/\/schema.org","@graph":[{"@type":"WebPage","@id":"https:\/\/rutana.lt\/produktas\/automatinis-tusinukas-u-209-maticgrip-neon-1-0mm-melynas-erichkrause\/","url":"https:\/\/rutana.lt\/produktas\/automatinis-tusinukas-u-209-maticgrip-neon-1-0mm-melynas-erichkrause\/","name":"Automatinis tu\u0161inukas U-209 Matic&Grip Neon 1.0mm m\u0117lynas ErichKrause - Rutana - Ra\u0161tin\u0117s reikmenys","isPartOf":{"@id":"https:\/\/rutana.lt\/#website"},"primaryImageOfPage":{"@id":"https:\/\/rutana.lt\/produktas\/automatinis-tusinukas-u-209-maticgrip-neon-1-0mm-melynas-erichkrause\/#primaryimage"},"image":{"@id":"https:\/\/rutana.lt\/produktas\/automatinis-tusinukas-u-209-maticgrip-neon-1-0mm-melynas-erichkrause\/#primaryimage"},"thumbnailUrl":"https:\/\/rutana.lt\/wp-content\/uploads\/2025\/09\/C133-002-1.jpg?v=1763565110","datePublished":"2025-09-03T07:49:05+00:00","dateModified":"2025-10-13T13:52:45+00:00","breadcrumb":{"@id":"https:\/\/rutana.lt\/produktas\/automatinis-tusinukas-u-209-maticgrip-neon-1-0mm-melynas-erichkrause\/#breadcrumb"},"inLanguage":"en-US","potentialAction":[{"@type":"ReadAction","target":["https:\/\/rutana.lt\/produktas\/automatinis-tusinukas-u-209-maticgrip-neon-1-0mm-melynas-erichkrause\/"]}]},{"@type":"ImageObject","inLanguage":"en-US","@id":"https:\/\/rutana.lt\/produktas\/automatinis-tusinukas-u-209-maticgrip-neon-1-0mm-melynas-erichkrause\/#primaryimage","url":"https:\/\/rutana.lt\/wp-content\/uploads\/2025\/09\/C133-002-1.jpg?v=1763565110","contentUrl":"https:\/\/rutana.lt\/wp-content\/uploads\/2025\/09\/C133-002-1.jpg?v=1763565110","width":600,"height":600},{"@type":"BreadcrumbList","@id":"https:\/\/rutana.lt\/produktas\/automatinis-tusinukas-u-209-maticgrip-neon-1-0mm-melynas-erichkrause\/#breadcrumb","itemListElement":[{"@type":"ListItem","position":1,"name":"Home","item":"https:\/\/rutana.lt\/"},{"@type":"ListItem","position":2,"name":"Parduotuv\u0117","item":"https:\/\/rutana.lt\/parduotuve\/"},{"@type":"ListItem","position":3,"name":"Automatinis tu\u0161inukas U-209 Matic&#038;Grip Neon 1.0mm m\u0117lynas ErichKrause"}]},{"@type":"WebSite","@id":"https:\/\/rutana.lt\/#website","url":"https:\/\/rutana.lt\/","name":"Rutana - Ra\u0161tin\u0117s reikmenys","description":"Prekiaujame pasaulin\u0117je rinkoje pripa\u017eintomis, kokybi\u0161komis biuro prek\u0117mis toki\u0173  gamintoj\u0173 kaip: Schneider, Esselte, Novus, 3M, Faber-Castell, Citizen, Milan, Leitz, Colop, Zebra, Staedtler, Durable, Tork, Parker, Waterman ir kt.","publisher":{"@id":"https:\/\/rutana.lt\/#organization"},"potentialAction":[{"@type":"SearchAction","target":{"@type":"EntryPoint","urlTemplate":"https:\/\/rutana.lt\/?s={search_term_string}"},"query-input":{"@type":"PropertyValueSpecification","valueRequired":true,"valueName":"search_term_string"}}],"inLanguage":"en-US"},{"@type":"Organization","@id":"https:\/\/rutana.lt\/#organization","name":"Rutana - Ra\u0161tin\u0117s reikmenys","url":"https:\/\/rutana.lt\/","logo":{"@type":"ImageObject","inLanguage":"en-US","@id":"https:\/\/rutana.lt\/#\/schema\/logo\/image\/","url":"https:\/\/rutana.lt\/wp-content\/uploads\/2025\/10\/Asset-32.png","contentUrl":"https:\/\/rutana.lt\/wp-content\/uploads\/2025\/10\/Asset-32.png","width":433,"height":119,"caption":"Rutana - Ra\u0161tin\u0117s reikmenys"},"image":{"@id":"https:\/\/rutana.lt\/#\/schema\/logo\/image\/"},"sameAs":["https:\/\/www.facebook.com\/RutanaKanceliarinesPrekes\/"]}]}},"_links":{"self":[{"href":"https:\/\/rutana.lt\/en\/wp-json\/wp\/v2\/product\/17016","targetHints":{"allow":["GET"]}}],"collection":[{"href":"https:\/\/rutana.lt\/en\/wp-json\/wp\/v2\/product"}],"about":[{"href":"https:\/\/rutana.lt\/en\/wp-json\/wp\/v2\/types\/product"}],"replies":[{"embeddable":true,"href":"https:\/\/rutana.lt\/en\/wp-json\/wp\/v2\/comments?post=17016"}],"version-history":[{"count":1,"href":"https:\/\/rutana.lt\/en\/wp-json\/wp\/v2\/product\/17016\/revisions"}],"predecessor-version":[{"id":17057,"href":"https:\/\/rutana.lt\/en\/wp-json\/wp\/v2\/product\/17016\/revisions\/17057"}],"wp:featuredmedia":[{"embeddable":true,"href":"https:\/\/rutana.lt\/en\/wp-json\/wp\/v2\/media\/29262"}],"wp:attachment":[{"href":"https:\/\/rutana.lt\/en\/wp-json\/wp\/v2\/media?parent=17016"}],"wp:term":[{"taxonomy":"product_brand","embeddable":true,"href":"https:\/\/rutana.lt\/en\/wp-json\/wp\/v2\/product_brand?post=17016"},{"taxonomy":"product_cat","embeddable":true,"href":"https:\/\/rutana.lt\/en\/wp-json\/wp\/v2\/product_cat?post=17016"},{"taxonomy":"product_tag","embeddable":true,"href":"https:\/\/rutana.lt\/en\/wp-json\/wp\/v2\/product_tag?post=17016"}],"curies":[{"name":"wp","href":"https:\/\/api.w.org\/{rel}","templated":true}]}}