{"id":17013,"date":"2025-09-03T09:49:04","date_gmt":"2025-09-03T07:49:04","guid":{"rendered":"https:\/\/rutana.webdemo.lt\/?post_type=product&#038;p=17013"},"modified":"2025-10-13T15:52:44","modified_gmt":"2025-10-13T13:52:44","slug":"kniedziu-susegejas-skylamusis-iki-30-lapu-kw-trio-09718","status":"publish","type":"product","link":"https:\/\/rutana.lt\/en\/product\/kniedziu-susegejas-skylamusis-iki-30-lapu-kw-trio-09718\/","title":{"rendered":"Knied\u017ei\u0173 suseg\u0117jas &#8211; skylamu\u0161is iki 30 lap\u0173 KW-triO 09718"},"content":{"rendered":"<p>Metalinis knied\u017ei\u0173 suseg\u0117jas pramu\u0161a vien\u0105 skyl\u0119 popieriaus pluo\u0161te ir suspaud\u017eia iki 5.0 mm diametro knied\u0119. Tinkamas naudoti notariniams dokumentams susegti, taip pat kitiems svarbiems dokumentams, kuriuos reikia susegti ir suri\u0161ti. Labai tvirtas chromuotas, metalinis korpusas ir mechanizmas. <\/p>\n<p>Pramu\u0161am\u0173 lap\u0173 kiekis: iki 30<\/p>\n<p>Pramu\u0161amo popieriaus pluo\u0161to storis: 5 &#8211; 12 mm<\/p>\n<p>Tinkamos knied\u0117s: 5.0 mm<\/p>\n<p>Suseg\u0117jo matmenys: 158 x 22 x 98 mm<\/p>\n<p>Spalva: sidabrin\u0117<\/p>\n<p><\/p>\n<p><\/p>","protected":false},"excerpt":{"rendered":"<p>Metalinis knied\u017ei\u0173 suseg\u0117jas pramu\u0161a vien\u0105 skyl\u0119 popieriaus pluo\u0161te ir suspaud\u017eia iki 5.0 mm diametro knied\u0119. Tinkamas naudoti notariniams dokumentams susegti, taip pat kitiems svarbiems dokumentams, kuriuos reikia susegti ir suri\u0161ti. Labai tvirtas chromuotas, metalinis korpusas ir mechanizmas. Pramu\u0161am\u0173 lap\u0173 kiekis: iki 30 Pramu\u0161amo popieriaus pluo\u0161to storis: 5 &#8211; 12 mm Tinkamos knied\u0117s: 5.0 mm Suseg\u0117jo [&hellip;]<\/p>","protected":false},"featured_media":29259,"comment_status":"open","ping_status":"closed","template":"","meta":{"_season_start":"","_season_end":"","_season_days":"","_season_months":"","_season_auto_visibility":""},"product_brand":[477],"product_cat":[1647],"product_tag":[],"class_list":{"0":"post-17013","1":"product","2":"type-product","3":"status-publish","4":"has-post-thumbnail","6":"product_brand-kw-trio","7":"product_cat-reikmenys-notarams","9":"first","10":"instock","11":"taxable","12":"shipping-taxable","13":"purchasable","14":"product-type-simple"},"yoast_head":"<!-- This site is optimized with the Yoast SEO plugin v26.1.1 - https:\/\/yoast.com\/wordpress\/plugins\/seo\/ -->\n<title>Knied\u017ei\u0173 suseg\u0117jas - skylamu\u0161is iki 30 lap\u0173 KW-triO 09718 - Rutana - Ra\u0161tin\u0117s reikmenys<\/title>\n<meta name=\"robots\" content=\"index, follow, max-snippet:-1, max-image-preview:large, max-video-preview:-1\" \/>\n<link rel=\"canonical\" href=\"https:\/\/rutana.lt\/en\/product\/kniedziu-susegejas-skylamusis-iki-30-lapu-kw-trio-09718\/\" \/>\n<meta property=\"og:locale\" content=\"en_US\" \/>\n<meta property=\"og:type\" content=\"article\" \/>\n<meta property=\"og:title\" content=\"Knied\u017ei\u0173 suseg\u0117jas - skylamu\u0161is iki 30 lap\u0173 KW-triO 09718 - Rutana - Ra\u0161tin\u0117s reikmenys\" \/>\n<meta property=\"og:description\" content=\"Metalinis knied\u017ei\u0173 suseg\u0117jas pramu\u0161a vien\u0105 skyl\u0119 popieriaus pluo\u0161te ir suspaud\u017eia iki 5.0 mm diametro knied\u0119. Tinkamas naudoti notariniams dokumentams susegti, taip pat kitiems svarbiems dokumentams, kuriuos reikia susegti ir suri\u0161ti. Labai tvirtas chromuotas, metalinis korpusas ir mechanizmas. Pramu\u0161am\u0173 lap\u0173 kiekis: iki 30 Pramu\u0161amo popieriaus pluo\u0161to storis: 5 &#8211; 12 mm Tinkamos knied\u0117s: 5.0 mm Suseg\u0117jo [&hellip;]\" \/>\n<meta property=\"og:url\" content=\"https:\/\/rutana.lt\/en\/product\/kniedziu-susegejas-skylamusis-iki-30-lapu-kw-trio-09718\/\" \/>\n<meta property=\"og:site_name\" content=\"Rutana - Ra\u0161tin\u0117s reikmenys\" \/>\n<meta property=\"article:publisher\" content=\"https:\/\/www.facebook.com\/RutanaKanceliarinesPrekes\/\" \/>\n<meta property=\"article:modified_time\" content=\"2025-10-13T13:52:44+00:00\" \/>\n<meta property=\"og:image\" content=\"https:\/\/rutana.lt\/wp-content\/uploads\/2025\/09\/B019-752.jpg\" \/>\n\t<meta property=\"og:image:width\" content=\"600\" \/>\n\t<meta property=\"og:image:height\" content=\"600\" \/>\n\t<meta property=\"og:image:type\" content=\"image\/jpeg\" \/>\n<meta name=\"twitter:card\" content=\"summary_large_image\" \/>\n<script type=\"application\/ld+json\" class=\"yoast-schema-graph\">{\"@context\":\"https:\/\/schema.org\",\"@graph\":[{\"@type\":\"WebPage\",\"@id\":\"https:\/\/rutana.lt\/produktas\/kniedziu-susegejas-skylamusis-iki-30-lapu-kw-trio-09718\/\",\"url\":\"https:\/\/rutana.lt\/produktas\/kniedziu-susegejas-skylamusis-iki-30-lapu-kw-trio-09718\/\",\"name\":\"Knied\u017ei\u0173 suseg\u0117jas - skylamu\u0161is iki 30 lap\u0173 KW-triO 09718 - Rutana - Ra\u0161tin\u0117s reikmenys\",\"isPartOf\":{\"@id\":\"https:\/\/rutana.lt\/#website\"},\"primaryImageOfPage\":{\"@id\":\"https:\/\/rutana.lt\/produktas\/kniedziu-susegejas-skylamusis-iki-30-lapu-kw-trio-09718\/#primaryimage\"},\"image\":{\"@id\":\"https:\/\/rutana.lt\/produktas\/kniedziu-susegejas-skylamusis-iki-30-lapu-kw-trio-09718\/#primaryimage\"},\"thumbnailUrl\":\"https:\/\/rutana.lt\/wp-content\/uploads\/2025\/09\/B019-752-1.jpg?v=1763565114\",\"datePublished\":\"2025-09-03T07:49:04+00:00\",\"dateModified\":\"2025-10-13T13:52:44+00:00\",\"breadcrumb\":{\"@id\":\"https:\/\/rutana.lt\/produktas\/kniedziu-susegejas-skylamusis-iki-30-lapu-kw-trio-09718\/#breadcrumb\"},\"inLanguage\":\"en-US\",\"potentialAction\":[{\"@type\":\"ReadAction\",\"target\":[\"https:\/\/rutana.lt\/produktas\/kniedziu-susegejas-skylamusis-iki-30-lapu-kw-trio-09718\/\"]}]},{\"@type\":\"ImageObject\",\"inLanguage\":\"en-US\",\"@id\":\"https:\/\/rutana.lt\/produktas\/kniedziu-susegejas-skylamusis-iki-30-lapu-kw-trio-09718\/#primaryimage\",\"url\":\"https:\/\/rutana.lt\/wp-content\/uploads\/2025\/09\/B019-752-1.jpg?v=1763565114\",\"contentUrl\":\"https:\/\/rutana.lt\/wp-content\/uploads\/2025\/09\/B019-752-1.jpg?v=1763565114\",\"width\":600,\"height\":600},{\"@type\":\"BreadcrumbList\",\"@id\":\"https:\/\/rutana.lt\/produktas\/kniedziu-susegejas-skylamusis-iki-30-lapu-kw-trio-09718\/#breadcrumb\",\"itemListElement\":[{\"@type\":\"ListItem\",\"position\":1,\"name\":\"Home\",\"item\":\"https:\/\/rutana.lt\/\"},{\"@type\":\"ListItem\",\"position\":2,\"name\":\"Parduotuv\u0117\",\"item\":\"https:\/\/rutana.lt\/parduotuve\/\"},{\"@type\":\"ListItem\",\"position\":3,\"name\":\"Knied\u017ei\u0173 suseg\u0117jas &#8211; skylamu\u0161is iki 30 lap\u0173 KW-triO 09718\"}]},{\"@type\":\"WebSite\",\"@id\":\"https:\/\/rutana.lt\/#website\",\"url\":\"https:\/\/rutana.lt\/\",\"name\":\"Rutana - Ra\u0161tin\u0117s reikmenys\",\"description\":\"Prekiaujame pasaulin\u0117je rinkoje pripa\u017eintomis, kokybi\u0161komis biuro prek\u0117mis toki\u0173  gamintoj\u0173 kaip: Schneider, Esselte, Novus, 3M, Faber-Castell, Citizen, Milan, Leitz, Colop, Zebra, Staedtler, Durable, Tork, Parker, Waterman ir kt.\",\"publisher\":{\"@id\":\"https:\/\/rutana.lt\/#organization\"},\"potentialAction\":[{\"@type\":\"SearchAction\",\"target\":{\"@type\":\"EntryPoint\",\"urlTemplate\":\"https:\/\/rutana.lt\/?s={search_term_string}\"},\"query-input\":{\"@type\":\"PropertyValueSpecification\",\"valueRequired\":true,\"valueName\":\"search_term_string\"}}],\"inLanguage\":\"en-US\"},{\"@type\":\"Organization\",\"@id\":\"https:\/\/rutana.lt\/#organization\",\"name\":\"Rutana - Ra\u0161tin\u0117s reikmenys\",\"url\":\"https:\/\/rutana.lt\/\",\"logo\":{\"@type\":\"ImageObject\",\"inLanguage\":\"en-US\",\"@id\":\"https:\/\/rutana.lt\/#\/schema\/logo\/image\/\",\"url\":\"https:\/\/rutana.lt\/wp-content\/uploads\/2025\/10\/Asset-32.png\",\"contentUrl\":\"https:\/\/rutana.lt\/wp-content\/uploads\/2025\/10\/Asset-32.png\",\"width\":433,\"height\":119,\"caption\":\"Rutana - Ra\u0161tin\u0117s reikmenys\"},\"image\":{\"@id\":\"https:\/\/rutana.lt\/#\/schema\/logo\/image\/\"},\"sameAs\":[\"https:\/\/www.facebook.com\/RutanaKanceliarinesPrekes\/\"]}]}<\/script>\n<!-- \/ Yoast SEO plugin. -->","yoast_head_json":{"title":"Knied\u017ei\u0173 suseg\u0117jas - skylamu\u0161is iki 30 lap\u0173 KW-triO 09718 - Rutana - Ra\u0161tin\u0117s reikmenys","robots":{"index":"index","follow":"follow","max-snippet":"max-snippet:-1","max-image-preview":"max-image-preview:large","max-video-preview":"max-video-preview:-1"},"canonical":"https:\/\/rutana.lt\/en\/product\/kniedziu-susegejas-skylamusis-iki-30-lapu-kw-trio-09718\/","og_locale":"en_US","og_type":"article","og_title":"Knied\u017ei\u0173 suseg\u0117jas - skylamu\u0161is iki 30 lap\u0173 KW-triO 09718 - Rutana - Ra\u0161tin\u0117s reikmenys","og_description":"Metalinis knied\u017ei\u0173 suseg\u0117jas pramu\u0161a vien\u0105 skyl\u0119 popieriaus pluo\u0161te ir suspaud\u017eia iki 5.0 mm diametro knied\u0119. Tinkamas naudoti notariniams dokumentams susegti, taip pat kitiems svarbiems dokumentams, kuriuos reikia susegti ir suri\u0161ti. Labai tvirtas chromuotas, metalinis korpusas ir mechanizmas. Pramu\u0161am\u0173 lap\u0173 kiekis: iki 30 Pramu\u0161amo popieriaus pluo\u0161to storis: 5 &#8211; 12 mm Tinkamos knied\u0117s: 5.0 mm Suseg\u0117jo [&hellip;]","og_url":"https:\/\/rutana.lt\/en\/product\/kniedziu-susegejas-skylamusis-iki-30-lapu-kw-trio-09718\/","og_site_name":"Rutana - Ra\u0161tin\u0117s reikmenys","article_publisher":"https:\/\/www.facebook.com\/RutanaKanceliarinesPrekes\/","article_modified_time":"2025-10-13T13:52:44+00:00","og_image":[{"width":600,"height":600,"url":"https:\/\/rutana.lt\/wp-content\/uploads\/2025\/09\/B019-752.jpg","type":"image\/jpeg"}],"twitter_card":"summary_large_image","schema":{"@context":"https:\/\/schema.org","@graph":[{"@type":"WebPage","@id":"https:\/\/rutana.lt\/produktas\/kniedziu-susegejas-skylamusis-iki-30-lapu-kw-trio-09718\/","url":"https:\/\/rutana.lt\/produktas\/kniedziu-susegejas-skylamusis-iki-30-lapu-kw-trio-09718\/","name":"Knied\u017ei\u0173 suseg\u0117jas - skylamu\u0161is iki 30 lap\u0173 KW-triO 09718 - Rutana - Ra\u0161tin\u0117s reikmenys","isPartOf":{"@id":"https:\/\/rutana.lt\/#website"},"primaryImageOfPage":{"@id":"https:\/\/rutana.lt\/produktas\/kniedziu-susegejas-skylamusis-iki-30-lapu-kw-trio-09718\/#primaryimage"},"image":{"@id":"https:\/\/rutana.lt\/produktas\/kniedziu-susegejas-skylamusis-iki-30-lapu-kw-trio-09718\/#primaryimage"},"thumbnailUrl":"https:\/\/rutana.lt\/wp-content\/uploads\/2025\/09\/B019-752-1.jpg?v=1763565114","datePublished":"2025-09-03T07:49:04+00:00","dateModified":"2025-10-13T13:52:44+00:00","breadcrumb":{"@id":"https:\/\/rutana.lt\/produktas\/kniedziu-susegejas-skylamusis-iki-30-lapu-kw-trio-09718\/#breadcrumb"},"inLanguage":"en-US","potentialAction":[{"@type":"ReadAction","target":["https:\/\/rutana.lt\/produktas\/kniedziu-susegejas-skylamusis-iki-30-lapu-kw-trio-09718\/"]}]},{"@type":"ImageObject","inLanguage":"en-US","@id":"https:\/\/rutana.lt\/produktas\/kniedziu-susegejas-skylamusis-iki-30-lapu-kw-trio-09718\/#primaryimage","url":"https:\/\/rutana.lt\/wp-content\/uploads\/2025\/09\/B019-752-1.jpg?v=1763565114","contentUrl":"https:\/\/rutana.lt\/wp-content\/uploads\/2025\/09\/B019-752-1.jpg?v=1763565114","width":600,"height":600},{"@type":"BreadcrumbList","@id":"https:\/\/rutana.lt\/produktas\/kniedziu-susegejas-skylamusis-iki-30-lapu-kw-trio-09718\/#breadcrumb","itemListElement":[{"@type":"ListItem","position":1,"name":"Home","item":"https:\/\/rutana.lt\/"},{"@type":"ListItem","position":2,"name":"Parduotuv\u0117","item":"https:\/\/rutana.lt\/parduotuve\/"},{"@type":"ListItem","position":3,"name":"Knied\u017ei\u0173 suseg\u0117jas &#8211; skylamu\u0161is iki 30 lap\u0173 KW-triO 09718"}]},{"@type":"WebSite","@id":"https:\/\/rutana.lt\/#website","url":"https:\/\/rutana.lt\/","name":"Rutana - Ra\u0161tin\u0117s reikmenys","description":"Prekiaujame pasaulin\u0117je rinkoje pripa\u017eintomis, kokybi\u0161komis biuro prek\u0117mis toki\u0173  gamintoj\u0173 kaip: Schneider, Esselte, Novus, 3M, Faber-Castell, Citizen, Milan, Leitz, Colop, Zebra, Staedtler, Durable, Tork, Parker, Waterman ir kt.","publisher":{"@id":"https:\/\/rutana.lt\/#organization"},"potentialAction":[{"@type":"SearchAction","target":{"@type":"EntryPoint","urlTemplate":"https:\/\/rutana.lt\/?s={search_term_string}"},"query-input":{"@type":"PropertyValueSpecification","valueRequired":true,"valueName":"search_term_string"}}],"inLanguage":"en-US"},{"@type":"Organization","@id":"https:\/\/rutana.lt\/#organization","name":"Rutana - Ra\u0161tin\u0117s reikmenys","url":"https:\/\/rutana.lt\/","logo":{"@type":"ImageObject","inLanguage":"en-US","@id":"https:\/\/rutana.lt\/#\/schema\/logo\/image\/","url":"https:\/\/rutana.lt\/wp-content\/uploads\/2025\/10\/Asset-32.png","contentUrl":"https:\/\/rutana.lt\/wp-content\/uploads\/2025\/10\/Asset-32.png","width":433,"height":119,"caption":"Rutana - Ra\u0161tin\u0117s reikmenys"},"image":{"@id":"https:\/\/rutana.lt\/#\/schema\/logo\/image\/"},"sameAs":["https:\/\/www.facebook.com\/RutanaKanceliarinesPrekes\/"]}]}},"_links":{"self":[{"href":"https:\/\/rutana.lt\/en\/wp-json\/wp\/v2\/product\/17013","targetHints":{"allow":["GET"]}}],"collection":[{"href":"https:\/\/rutana.lt\/en\/wp-json\/wp\/v2\/product"}],"about":[{"href":"https:\/\/rutana.lt\/en\/wp-json\/wp\/v2\/types\/product"}],"replies":[{"embeddable":true,"href":"https:\/\/rutana.lt\/en\/wp-json\/wp\/v2\/comments?post=17013"}],"version-history":[{"count":1,"href":"https:\/\/rutana.lt\/en\/wp-json\/wp\/v2\/product\/17013\/revisions"}],"predecessor-version":[{"id":17051,"href":"https:\/\/rutana.lt\/en\/wp-json\/wp\/v2\/product\/17013\/revisions\/17051"}],"wp:featuredmedia":[{"embeddable":true,"href":"https:\/\/rutana.lt\/en\/wp-json\/wp\/v2\/media\/29259"}],"wp:attachment":[{"href":"https:\/\/rutana.lt\/en\/wp-json\/wp\/v2\/media?parent=17013"}],"wp:term":[{"taxonomy":"product_brand","embeddable":true,"href":"https:\/\/rutana.lt\/en\/wp-json\/wp\/v2\/product_brand?post=17013"},{"taxonomy":"product_cat","embeddable":true,"href":"https:\/\/rutana.lt\/en\/wp-json\/wp\/v2\/product_cat?post=17013"},{"taxonomy":"product_tag","embeddable":true,"href":"https:\/\/rutana.lt\/en\/wp-json\/wp\/v2\/product_tag?post=17013"}],"curies":[{"name":"wp","href":"https:\/\/api.w.org\/{rel}","templated":true}]}}