{"id":16967,"date":"2025-09-03T09:48:42","date_gmt":"2025-09-03T07:48:42","guid":{"rendered":"https:\/\/rutana.webdemo.lt\/?post_type=product&#038;p=16967"},"modified":"2025-12-21T13:03:06","modified_gmt":"2025-12-21T11:03:06","slug":"zoleliu-ir-vaisiu-arbatu-rinkinys-fruit-herb-20-vnt-ahmad-tea-1600","status":"publish","type":"product","link":"https:\/\/rutana.lt\/en\/product\/zoleliu-ir-vaisiu-arbatu-rinkinys-fruit-herb-20-vnt-ahmad-tea-1600\/","title":{"rendered":"\u017doleli\u0173 ir vaisi\u0173 arbat\u0173 rinkinys &#8222;Mango &#038; Orange&#8221; 20 vnt. Ahmad Tea 2287"},"content":{"rendered":"<p>Puikus egzoti\u0161k\u0173 mang\u0173 ir aitraus apelsino skoni\u0173 derinys sukuria vaisin\u012f ir pakilios nuotaikos mi\u0161in\u012f, puikiai tinkant\u012f tiems, kurie nori gaivaus vasari\u0161ko skonio g\u0117rimo.<\/p>\n<p>100 % Nat\u016brali. Naudodami 100 % nat\u016bralius ingredientus, arbatos meistrai suk\u016br\u0117 \u0161\u012f mango ir apelsin\u0173 vaisi\u0173 bei \u017eoleli\u0173 mi\u0161in\u012f, kuriame daug apelsin\u0173 \u017eieveli\u0173, mang\u0173 sul\u010di\u0173 granuli\u0173, obuoli\u0173 i\u0161spaud\u0173, balt\u0173j\u0173 kinro\u017ei\u0173, er\u0161k\u0117tuogi\u0173, melis\u0173 lap\u0173, kinro\u017ei\u0173, stevijos lap\u0173, \u017evaig\u017edini\u0173 any\u017ei\u0173, saldymed\u017eio.<\/p>\n<p>\u0160VIE\u017dIA, KAIP K\u0104 TIK SURINKTA. Kiekviena arbatos pakuot\u0117 yra \u0161vie\u017eia ir supakuota taip, kad b\u016bt\u0173 i\u0161saugotas pirminis skonis ir aromatas.<\/p>\n<p style=\"margin-bottom: 10px;\">Kiekis: 20 vnt.<\/p>\n<p class=\"MsoNormal\">Arbatos kiekis pakelyje: 2 g<\/p>\n<p class=\"MsoNormal\">\n<div id=\"product-details\" class=\"tab-pane fade\" data-product=\"{\"><\/div>\n<p class=\"MsoNormal\" style=\"line-height: normal;\">","protected":false},"excerpt":{"rendered":"<p>Puikus egzoti\u0161k\u0173 mang\u0173 ir aitraus apelsino skoni\u0173 derinys sukuria vaisin\u012f ir pakilios nuotaikos mi\u0161in\u012f, puikiai tinkant\u012f tiems, kurie nori gaivaus vasari\u0161ko skonio g\u0117rimo.<\/p>","protected":false},"featured_media":34192,"comment_status":"open","ping_status":"closed","template":"","meta":{"_season_start":"","_season_end":"","_season_days":"","_season_months":"","_season_auto_visibility":"1"},"product_brand":[696],"product_cat":[1834],"product_tag":[],"class_list":{"0":"post-16967","1":"product","2":"type-product","3":"status-publish","4":"has-post-thumbnail","6":"product_brand-ahmad","7":"product_cat-arbata-pakelyje-arbata","9":"first","10":"instock","11":"taxable","12":"shipping-taxable","13":"purchasable","14":"product-type-simple"},"yoast_head":"<!-- This site is optimized with the Yoast SEO plugin v26.1.1 - https:\/\/yoast.com\/wordpress\/plugins\/seo\/ -->\n<title>\u017doleli\u0173 ir vaisi\u0173 arbat\u0173 rinkinys &quot;Mango &amp; Orange&quot; 20 vnt. Ahmad Tea 2287 - Rutana - Ra\u0161tin\u0117s reikmenys<\/title>\n<meta name=\"robots\" content=\"index, follow, max-snippet:-1, max-image-preview:large, max-video-preview:-1\" \/>\n<link rel=\"canonical\" href=\"https:\/\/rutana.lt\/en\/product\/zoleliu-ir-vaisiu-arbatu-rinkinys-fruit-herb-20-vnt-ahmad-tea-1600\/\" \/>\n<meta property=\"og:locale\" content=\"en_US\" \/>\n<meta property=\"og:type\" content=\"article\" \/>\n<meta property=\"og:title\" content=\"\u017doleli\u0173 ir vaisi\u0173 arbat\u0173 rinkinys &quot;Mango &amp; Orange&quot; 20 vnt. Ahmad Tea 2287 - Rutana - Ra\u0161tin\u0117s reikmenys\" \/>\n<meta property=\"og:description\" content=\"Puikus egzoti\u0161k\u0173 mang\u0173 ir aitraus apelsino skoni\u0173 derinys sukuria vaisin\u012f ir pakilios nuotaikos mi\u0161in\u012f, puikiai tinkant\u012f tiems, kurie nori gaivaus vasari\u0161ko skonio g\u0117rimo.\" \/>\n<meta property=\"og:url\" content=\"https:\/\/rutana.lt\/en\/product\/zoleliu-ir-vaisiu-arbatu-rinkinys-fruit-herb-20-vnt-ahmad-tea-1600\/\" \/>\n<meta property=\"og:site_name\" content=\"Rutana - Ra\u0161tin\u0117s reikmenys\" \/>\n<meta property=\"article:publisher\" content=\"https:\/\/www.facebook.com\/RutanaKanceliarinesPrekes\/\" \/>\n<meta property=\"article:modified_time\" content=\"2025-12-21T11:03:06+00:00\" \/>\n<meta property=\"og:image\" content=\"https:\/\/rutana.lt\/wp-content\/uploads\/2025\/09\/B090-389N.jpg\" \/>\n\t<meta property=\"og:image:width\" content=\"1200\" \/>\n\t<meta property=\"og:image:height\" content=\"1200\" \/>\n\t<meta property=\"og:image:type\" content=\"image\/jpeg\" \/>\n<meta name=\"twitter:card\" content=\"summary_large_image\" \/>\n<meta name=\"twitter:label1\" content=\"Est. reading time\" \/>\n\t<meta name=\"twitter:data1\" content=\"1 minute\" \/>\n<script type=\"application\/ld+json\" class=\"yoast-schema-graph\">{\"@context\":\"https:\/\/schema.org\",\"@graph\":[{\"@type\":\"WebPage\",\"@id\":\"https:\/\/rutana.lt\/produktas\/zoleliu-ir-vaisiu-arbatu-rinkinys-fruit-herb-20-vnt-ahmad-tea-1600\/\",\"url\":\"https:\/\/rutana.lt\/produktas\/zoleliu-ir-vaisiu-arbatu-rinkinys-fruit-herb-20-vnt-ahmad-tea-1600\/\",\"name\":\"\u017doleli\u0173 ir vaisi\u0173 arbat\u0173 rinkinys \\\"Mango & Orange\\\" 20 vnt. Ahmad Tea 2287 - Rutana - Ra\u0161tin\u0117s reikmenys\",\"isPartOf\":{\"@id\":\"https:\/\/rutana.lt\/#website\"},\"primaryImageOfPage\":{\"@id\":\"https:\/\/rutana.lt\/produktas\/zoleliu-ir-vaisiu-arbatu-rinkinys-fruit-herb-20-vnt-ahmad-tea-1600\/#primaryimage\"},\"image\":{\"@id\":\"https:\/\/rutana.lt\/produktas\/zoleliu-ir-vaisiu-arbatu-rinkinys-fruit-herb-20-vnt-ahmad-tea-1600\/#primaryimage\"},\"thumbnailUrl\":\"https:\/\/rutana.lt\/wp-content\/uploads\/2025\/09\/B090-389N.jpg\",\"datePublished\":\"2025-09-03T07:48:42+00:00\",\"dateModified\":\"2025-12-21T11:03:06+00:00\",\"breadcrumb\":{\"@id\":\"https:\/\/rutana.lt\/produktas\/zoleliu-ir-vaisiu-arbatu-rinkinys-fruit-herb-20-vnt-ahmad-tea-1600\/#breadcrumb\"},\"inLanguage\":\"en-US\",\"potentialAction\":[{\"@type\":\"ReadAction\",\"target\":[\"https:\/\/rutana.lt\/produktas\/zoleliu-ir-vaisiu-arbatu-rinkinys-fruit-herb-20-vnt-ahmad-tea-1600\/\"]}]},{\"@type\":\"ImageObject\",\"inLanguage\":\"en-US\",\"@id\":\"https:\/\/rutana.lt\/produktas\/zoleliu-ir-vaisiu-arbatu-rinkinys-fruit-herb-20-vnt-ahmad-tea-1600\/#primaryimage\",\"url\":\"https:\/\/rutana.lt\/wp-content\/uploads\/2025\/09\/B090-389N.jpg\",\"contentUrl\":\"https:\/\/rutana.lt\/wp-content\/uploads\/2025\/09\/B090-389N.jpg\",\"width\":1200,\"height\":1200},{\"@type\":\"BreadcrumbList\",\"@id\":\"https:\/\/rutana.lt\/produktas\/zoleliu-ir-vaisiu-arbatu-rinkinys-fruit-herb-20-vnt-ahmad-tea-1600\/#breadcrumb\",\"itemListElement\":[{\"@type\":\"ListItem\",\"position\":1,\"name\":\"Home\",\"item\":\"https:\/\/rutana.lt\/\"},{\"@type\":\"ListItem\",\"position\":2,\"name\":\"Parduotuv\u0117\",\"item\":\"https:\/\/rutana.lt\/parduotuve\/\"},{\"@type\":\"ListItem\",\"position\":3,\"name\":\"\u017doleli\u0173 ir vaisi\u0173 arbat\u0173 rinkinys &#8222;Mango &#038; Orange&#8221; 20 vnt. Ahmad Tea 2287\"}]},{\"@type\":\"WebSite\",\"@id\":\"https:\/\/rutana.lt\/#website\",\"url\":\"https:\/\/rutana.lt\/\",\"name\":\"Rutana - Ra\u0161tin\u0117s reikmenys\",\"description\":\"Prekiaujame pasaulin\u0117je rinkoje pripa\u017eintomis, kokybi\u0161komis biuro prek\u0117mis toki\u0173  gamintoj\u0173 kaip: Schneider, Esselte, Novus, 3M, Faber-Castell, Citizen, Milan, Leitz, Colop, Zebra, Staedtler, Durable, Tork, Parker, Waterman ir kt.\",\"publisher\":{\"@id\":\"https:\/\/rutana.lt\/#organization\"},\"potentialAction\":[{\"@type\":\"SearchAction\",\"target\":{\"@type\":\"EntryPoint\",\"urlTemplate\":\"https:\/\/rutana.lt\/?s={search_term_string}\"},\"query-input\":{\"@type\":\"PropertyValueSpecification\",\"valueRequired\":true,\"valueName\":\"search_term_string\"}}],\"inLanguage\":\"en-US\"},{\"@type\":\"Organization\",\"@id\":\"https:\/\/rutana.lt\/#organization\",\"name\":\"Rutana - Ra\u0161tin\u0117s reikmenys\",\"url\":\"https:\/\/rutana.lt\/\",\"logo\":{\"@type\":\"ImageObject\",\"inLanguage\":\"en-US\",\"@id\":\"https:\/\/rutana.lt\/#\/schema\/logo\/image\/\",\"url\":\"https:\/\/rutana.lt\/wp-content\/uploads\/2025\/10\/Asset-32.png\",\"contentUrl\":\"https:\/\/rutana.lt\/wp-content\/uploads\/2025\/10\/Asset-32.png\",\"width\":433,\"height\":119,\"caption\":\"Rutana - Ra\u0161tin\u0117s reikmenys\"},\"image\":{\"@id\":\"https:\/\/rutana.lt\/#\/schema\/logo\/image\/\"},\"sameAs\":[\"https:\/\/www.facebook.com\/RutanaKanceliarinesPrekes\/\"]}]}<\/script>\n<!-- \/ Yoast SEO plugin. -->","yoast_head_json":{"title":"\u017doleli\u0173 ir vaisi\u0173 arbat\u0173 rinkinys \"Mango & Orange\" 20 vnt. Ahmad Tea 2287 - Rutana - Ra\u0161tin\u0117s reikmenys","robots":{"index":"index","follow":"follow","max-snippet":"max-snippet:-1","max-image-preview":"max-image-preview:large","max-video-preview":"max-video-preview:-1"},"canonical":"https:\/\/rutana.lt\/en\/product\/zoleliu-ir-vaisiu-arbatu-rinkinys-fruit-herb-20-vnt-ahmad-tea-1600\/","og_locale":"en_US","og_type":"article","og_title":"\u017doleli\u0173 ir vaisi\u0173 arbat\u0173 rinkinys \"Mango & Orange\" 20 vnt. Ahmad Tea 2287 - Rutana - Ra\u0161tin\u0117s reikmenys","og_description":"Puikus egzoti\u0161k\u0173 mang\u0173 ir aitraus apelsino skoni\u0173 derinys sukuria vaisin\u012f ir pakilios nuotaikos mi\u0161in\u012f, puikiai tinkant\u012f tiems, kurie nori gaivaus vasari\u0161ko skonio g\u0117rimo.","og_url":"https:\/\/rutana.lt\/en\/product\/zoleliu-ir-vaisiu-arbatu-rinkinys-fruit-herb-20-vnt-ahmad-tea-1600\/","og_site_name":"Rutana - Ra\u0161tin\u0117s reikmenys","article_publisher":"https:\/\/www.facebook.com\/RutanaKanceliarinesPrekes\/","article_modified_time":"2025-12-21T11:03:06+00:00","og_image":[{"width":1200,"height":1200,"url":"https:\/\/rutana.lt\/wp-content\/uploads\/2025\/09\/B090-389N.jpg","type":"image\/jpeg"}],"twitter_card":"summary_large_image","twitter_misc":{"Est. reading time":"1 minute"},"schema":{"@context":"https:\/\/schema.org","@graph":[{"@type":"WebPage","@id":"https:\/\/rutana.lt\/produktas\/zoleliu-ir-vaisiu-arbatu-rinkinys-fruit-herb-20-vnt-ahmad-tea-1600\/","url":"https:\/\/rutana.lt\/produktas\/zoleliu-ir-vaisiu-arbatu-rinkinys-fruit-herb-20-vnt-ahmad-tea-1600\/","name":"\u017doleli\u0173 ir vaisi\u0173 arbat\u0173 rinkinys \"Mango & Orange\" 20 vnt. Ahmad Tea 2287 - Rutana - Ra\u0161tin\u0117s reikmenys","isPartOf":{"@id":"https:\/\/rutana.lt\/#website"},"primaryImageOfPage":{"@id":"https:\/\/rutana.lt\/produktas\/zoleliu-ir-vaisiu-arbatu-rinkinys-fruit-herb-20-vnt-ahmad-tea-1600\/#primaryimage"},"image":{"@id":"https:\/\/rutana.lt\/produktas\/zoleliu-ir-vaisiu-arbatu-rinkinys-fruit-herb-20-vnt-ahmad-tea-1600\/#primaryimage"},"thumbnailUrl":"https:\/\/rutana.lt\/wp-content\/uploads\/2025\/09\/B090-389N.jpg","datePublished":"2025-09-03T07:48:42+00:00","dateModified":"2025-12-21T11:03:06+00:00","breadcrumb":{"@id":"https:\/\/rutana.lt\/produktas\/zoleliu-ir-vaisiu-arbatu-rinkinys-fruit-herb-20-vnt-ahmad-tea-1600\/#breadcrumb"},"inLanguage":"en-US","potentialAction":[{"@type":"ReadAction","target":["https:\/\/rutana.lt\/produktas\/zoleliu-ir-vaisiu-arbatu-rinkinys-fruit-herb-20-vnt-ahmad-tea-1600\/"]}]},{"@type":"ImageObject","inLanguage":"en-US","@id":"https:\/\/rutana.lt\/produktas\/zoleliu-ir-vaisiu-arbatu-rinkinys-fruit-herb-20-vnt-ahmad-tea-1600\/#primaryimage","url":"https:\/\/rutana.lt\/wp-content\/uploads\/2025\/09\/B090-389N.jpg","contentUrl":"https:\/\/rutana.lt\/wp-content\/uploads\/2025\/09\/B090-389N.jpg","width":1200,"height":1200},{"@type":"BreadcrumbList","@id":"https:\/\/rutana.lt\/produktas\/zoleliu-ir-vaisiu-arbatu-rinkinys-fruit-herb-20-vnt-ahmad-tea-1600\/#breadcrumb","itemListElement":[{"@type":"ListItem","position":1,"name":"Home","item":"https:\/\/rutana.lt\/"},{"@type":"ListItem","position":2,"name":"Parduotuv\u0117","item":"https:\/\/rutana.lt\/parduotuve\/"},{"@type":"ListItem","position":3,"name":"\u017doleli\u0173 ir vaisi\u0173 arbat\u0173 rinkinys &#8222;Mango &#038; Orange&#8221; 20 vnt. Ahmad Tea 2287"}]},{"@type":"WebSite","@id":"https:\/\/rutana.lt\/#website","url":"https:\/\/rutana.lt\/","name":"Rutana - Ra\u0161tin\u0117s reikmenys","description":"Prekiaujame pasaulin\u0117je rinkoje pripa\u017eintomis, kokybi\u0161komis biuro prek\u0117mis toki\u0173  gamintoj\u0173 kaip: Schneider, Esselte, Novus, 3M, Faber-Castell, Citizen, Milan, Leitz, Colop, Zebra, Staedtler, Durable, Tork, Parker, Waterman ir kt.","publisher":{"@id":"https:\/\/rutana.lt\/#organization"},"potentialAction":[{"@type":"SearchAction","target":{"@type":"EntryPoint","urlTemplate":"https:\/\/rutana.lt\/?s={search_term_string}"},"query-input":{"@type":"PropertyValueSpecification","valueRequired":true,"valueName":"search_term_string"}}],"inLanguage":"en-US"},{"@type":"Organization","@id":"https:\/\/rutana.lt\/#organization","name":"Rutana - Ra\u0161tin\u0117s reikmenys","url":"https:\/\/rutana.lt\/","logo":{"@type":"ImageObject","inLanguage":"en-US","@id":"https:\/\/rutana.lt\/#\/schema\/logo\/image\/","url":"https:\/\/rutana.lt\/wp-content\/uploads\/2025\/10\/Asset-32.png","contentUrl":"https:\/\/rutana.lt\/wp-content\/uploads\/2025\/10\/Asset-32.png","width":433,"height":119,"caption":"Rutana - Ra\u0161tin\u0117s reikmenys"},"image":{"@id":"https:\/\/rutana.lt\/#\/schema\/logo\/image\/"},"sameAs":["https:\/\/www.facebook.com\/RutanaKanceliarinesPrekes\/"]}]}},"_links":{"self":[{"href":"https:\/\/rutana.lt\/en\/wp-json\/wp\/v2\/product\/16967","targetHints":{"allow":["GET"]}}],"collection":[{"href":"https:\/\/rutana.lt\/en\/wp-json\/wp\/v2\/product"}],"about":[{"href":"https:\/\/rutana.lt\/en\/wp-json\/wp\/v2\/types\/product"}],"replies":[{"embeddable":true,"href":"https:\/\/rutana.lt\/en\/wp-json\/wp\/v2\/comments?post=16967"}],"version-history":[{"count":5,"href":"https:\/\/rutana.lt\/en\/wp-json\/wp\/v2\/product\/16967\/revisions"}],"predecessor-version":[{"id":33956,"href":"https:\/\/rutana.lt\/en\/wp-json\/wp\/v2\/product\/16967\/revisions\/33956"}],"wp:featuredmedia":[{"embeddable":true,"href":"https:\/\/rutana.lt\/en\/wp-json\/wp\/v2\/media\/34192"}],"wp:attachment":[{"href":"https:\/\/rutana.lt\/en\/wp-json\/wp\/v2\/media?parent=16967"}],"wp:term":[{"taxonomy":"product_brand","embeddable":true,"href":"https:\/\/rutana.lt\/en\/wp-json\/wp\/v2\/product_brand?post=16967"},{"taxonomy":"product_cat","embeddable":true,"href":"https:\/\/rutana.lt\/en\/wp-json\/wp\/v2\/product_cat?post=16967"},{"taxonomy":"product_tag","embeddable":true,"href":"https:\/\/rutana.lt\/en\/wp-json\/wp\/v2\/product_tag?post=16967"}],"curies":[{"name":"wp","href":"https:\/\/api.w.org\/{rel}","templated":true}]}}