{"id":16966,"date":"2025-09-03T09:48:42","date_gmt":"2025-09-03T07:48:42","guid":{"rendered":"https:\/\/rutana.webdemo.lt\/?post_type=product&#038;p=16966"},"modified":"2025-12-06T12:03:37","modified_gmt":"2025-12-06T10:03:37","slug":"vaisiniu-arbatu-rinkinys-fruitytea-60-vnt-ahmad-tea-1272","status":"publish","type":"product","link":"https:\/\/rutana.lt\/en\/product\/vaisiniu-arbatu-rinkinys-fruitytea-60-vnt-ahmad-tea-1272\/","title":{"rendered":"Vaisini\u0173 arbat\u0173 rinkinys &#8222;Fruitytea&#8221; 60 vnt. Ahmad Tea 1272"},"content":{"rendered":"<p class=\"MsoNormal\">Vaisini\u0173 arbat\u0173 kolekcija su 6 skirtingomis arbatomis: juodoji arbata \u201eLemon and Lime Twist\u201c, \u017ealioji arbata su bra\u0161k\u0117mis ir kiviu, juodoji arbata \u201eBlackcurrant Burst\u201c, juodoji arbata \u201eRaspberry Caprice\u201c, \u017ealioji arbata su m\u0117lyn\u0117mis ir juodoji arbata su persikais ir pasifloromis. Tai ideali dovana tikram arbatos myl\u0117tojui. Arbatos mai\u0161eliai su virvel\u0117mis individualioje folijos pakuot\u0117je leid\u017eia pilnai i\u0161saugoti arbatos skon\u012f ir aromat\u0105.<\/p>\n<p class=\"MsoNormal\">Kiekis: 60 vnt.<\/p>\n<p class=\"MsoNormal\">Arbatos kiekis pakelyje: 2 g<\/p>","protected":false},"excerpt":{"rendered":"<p>Vaisini\u0173 arbat\u0173 kolekcija su 6 skirtingomis arbatomis.<\/p>","protected":false},"featured_media":29256,"comment_status":"open","ping_status":"closed","template":"","meta":{"_season_start":"","_season_end":"","_season_days":"","_season_months":"","_season_auto_visibility":"1"},"product_brand":[696],"product_cat":[1834],"product_tag":[],"class_list":{"0":"post-16966","1":"product","2":"type-product","3":"status-publish","4":"has-post-thumbnail","6":"product_brand-ahmad","7":"product_cat-arbata-pakelyje-arbata","9":"first","10":"instock","11":"taxable","12":"shipping-taxable","13":"purchasable","14":"product-type-simple"},"yoast_head":"<!-- This site is optimized with the Yoast SEO plugin v26.1.1 - https:\/\/yoast.com\/wordpress\/plugins\/seo\/ -->\n<title>Vaisini\u0173 arbat\u0173 rinkinys &quot;Fruitytea&quot; 60 vnt. Ahmad Tea 1272 - Rutana - Ra\u0161tin\u0117s reikmenys<\/title>\n<meta name=\"robots\" content=\"index, follow, max-snippet:-1, max-image-preview:large, max-video-preview:-1\" \/>\n<link rel=\"canonical\" href=\"https:\/\/rutana.lt\/en\/product\/vaisiniu-arbatu-rinkinys-fruitytea-60-vnt-ahmad-tea-1272\/\" \/>\n<meta property=\"og:locale\" content=\"en_US\" \/>\n<meta property=\"og:type\" content=\"article\" \/>\n<meta property=\"og:title\" content=\"Vaisini\u0173 arbat\u0173 rinkinys &quot;Fruitytea&quot; 60 vnt. Ahmad Tea 1272 - Rutana - Ra\u0161tin\u0117s reikmenys\" \/>\n<meta property=\"og:description\" content=\"Vaisini\u0173 arbat\u0173 kolekcija su 6 skirtingomis arbatomis.\" \/>\n<meta property=\"og:url\" content=\"https:\/\/rutana.lt\/en\/product\/vaisiniu-arbatu-rinkinys-fruitytea-60-vnt-ahmad-tea-1272\/\" \/>\n<meta property=\"og:site_name\" content=\"Rutana - Ra\u0161tin\u0117s reikmenys\" \/>\n<meta property=\"article:publisher\" content=\"https:\/\/www.facebook.com\/RutanaKanceliarinesPrekes\/\" \/>\n<meta property=\"article:modified_time\" content=\"2025-12-06T10:03:37+00:00\" \/>\n<meta property=\"og:image\" content=\"https:\/\/rutana.lt\/wp-content\/uploads\/2025\/09\/B091-297-2.jpg?v=1763565120\" \/>\n\t<meta property=\"og:image:width\" content=\"600\" \/>\n\t<meta property=\"og:image:height\" content=\"573\" \/>\n\t<meta property=\"og:image:type\" content=\"image\/jpeg\" \/>\n<meta name=\"twitter:card\" content=\"summary_large_image\" \/>\n<meta name=\"twitter:label1\" content=\"Est. reading time\" \/>\n\t<meta name=\"twitter:data1\" content=\"1 minute\" \/>\n<script type=\"application\/ld+json\" class=\"yoast-schema-graph\">{\"@context\":\"https:\/\/schema.org\",\"@graph\":[{\"@type\":\"WebPage\",\"@id\":\"https:\/\/rutana.lt\/produktas\/vaisiniu-arbatu-rinkinys-fruitytea-60-vnt-ahmad-tea-1272\/\",\"url\":\"https:\/\/rutana.lt\/produktas\/vaisiniu-arbatu-rinkinys-fruitytea-60-vnt-ahmad-tea-1272\/\",\"name\":\"Vaisini\u0173 arbat\u0173 rinkinys \\\"Fruitytea\\\" 60 vnt. Ahmad Tea 1272 - Rutana - Ra\u0161tin\u0117s reikmenys\",\"isPartOf\":{\"@id\":\"https:\/\/rutana.lt\/#website\"},\"primaryImageOfPage\":{\"@id\":\"https:\/\/rutana.lt\/produktas\/vaisiniu-arbatu-rinkinys-fruitytea-60-vnt-ahmad-tea-1272\/#primaryimage\"},\"image\":{\"@id\":\"https:\/\/rutana.lt\/produktas\/vaisiniu-arbatu-rinkinys-fruitytea-60-vnt-ahmad-tea-1272\/#primaryimage\"},\"thumbnailUrl\":\"https:\/\/rutana.lt\/wp-content\/uploads\/2025\/09\/B091-297-2.jpg?v=1763565120\",\"datePublished\":\"2025-09-03T07:48:42+00:00\",\"dateModified\":\"2025-12-06T10:03:37+00:00\",\"breadcrumb\":{\"@id\":\"https:\/\/rutana.lt\/produktas\/vaisiniu-arbatu-rinkinys-fruitytea-60-vnt-ahmad-tea-1272\/#breadcrumb\"},\"inLanguage\":\"en-US\",\"potentialAction\":[{\"@type\":\"ReadAction\",\"target\":[\"https:\/\/rutana.lt\/produktas\/vaisiniu-arbatu-rinkinys-fruitytea-60-vnt-ahmad-tea-1272\/\"]}]},{\"@type\":\"ImageObject\",\"inLanguage\":\"en-US\",\"@id\":\"https:\/\/rutana.lt\/produktas\/vaisiniu-arbatu-rinkinys-fruitytea-60-vnt-ahmad-tea-1272\/#primaryimage\",\"url\":\"https:\/\/rutana.lt\/wp-content\/uploads\/2025\/09\/B091-297-2.jpg?v=1763565120\",\"contentUrl\":\"https:\/\/rutana.lt\/wp-content\/uploads\/2025\/09\/B091-297-2.jpg?v=1763565120\",\"width\":600,\"height\":573},{\"@type\":\"BreadcrumbList\",\"@id\":\"https:\/\/rutana.lt\/produktas\/vaisiniu-arbatu-rinkinys-fruitytea-60-vnt-ahmad-tea-1272\/#breadcrumb\",\"itemListElement\":[{\"@type\":\"ListItem\",\"position\":1,\"name\":\"Home\",\"item\":\"https:\/\/rutana.lt\/\"},{\"@type\":\"ListItem\",\"position\":2,\"name\":\"Parduotuv\u0117\",\"item\":\"https:\/\/rutana.lt\/parduotuve\/\"},{\"@type\":\"ListItem\",\"position\":3,\"name\":\"Vaisini\u0173 arbat\u0173 rinkinys &#8222;Fruitytea&#8221; 60 vnt. Ahmad Tea 1272\"}]},{\"@type\":\"WebSite\",\"@id\":\"https:\/\/rutana.lt\/#website\",\"url\":\"https:\/\/rutana.lt\/\",\"name\":\"Rutana - Ra\u0161tin\u0117s reikmenys\",\"description\":\"Prekiaujame pasaulin\u0117je rinkoje pripa\u017eintomis, kokybi\u0161komis biuro prek\u0117mis toki\u0173  gamintoj\u0173 kaip: Schneider, Esselte, Novus, 3M, Faber-Castell, Citizen, Milan, Leitz, Colop, Zebra, Staedtler, Durable, Tork, Parker, Waterman ir kt.\",\"publisher\":{\"@id\":\"https:\/\/rutana.lt\/#organization\"},\"potentialAction\":[{\"@type\":\"SearchAction\",\"target\":{\"@type\":\"EntryPoint\",\"urlTemplate\":\"https:\/\/rutana.lt\/?s={search_term_string}\"},\"query-input\":{\"@type\":\"PropertyValueSpecification\",\"valueRequired\":true,\"valueName\":\"search_term_string\"}}],\"inLanguage\":\"en-US\"},{\"@type\":\"Organization\",\"@id\":\"https:\/\/rutana.lt\/#organization\",\"name\":\"Rutana - Ra\u0161tin\u0117s reikmenys\",\"url\":\"https:\/\/rutana.lt\/\",\"logo\":{\"@type\":\"ImageObject\",\"inLanguage\":\"en-US\",\"@id\":\"https:\/\/rutana.lt\/#\/schema\/logo\/image\/\",\"url\":\"https:\/\/rutana.lt\/wp-content\/uploads\/2025\/10\/Asset-32.png\",\"contentUrl\":\"https:\/\/rutana.lt\/wp-content\/uploads\/2025\/10\/Asset-32.png\",\"width\":433,\"height\":119,\"caption\":\"Rutana - Ra\u0161tin\u0117s reikmenys\"},\"image\":{\"@id\":\"https:\/\/rutana.lt\/#\/schema\/logo\/image\/\"},\"sameAs\":[\"https:\/\/www.facebook.com\/RutanaKanceliarinesPrekes\/\"]}]}<\/script>\n<!-- \/ Yoast SEO plugin. -->","yoast_head_json":{"title":"Vaisini\u0173 arbat\u0173 rinkinys \"Fruitytea\" 60 vnt. Ahmad Tea 1272 - Rutana - Ra\u0161tin\u0117s reikmenys","robots":{"index":"index","follow":"follow","max-snippet":"max-snippet:-1","max-image-preview":"max-image-preview:large","max-video-preview":"max-video-preview:-1"},"canonical":"https:\/\/rutana.lt\/en\/product\/vaisiniu-arbatu-rinkinys-fruitytea-60-vnt-ahmad-tea-1272\/","og_locale":"en_US","og_type":"article","og_title":"Vaisini\u0173 arbat\u0173 rinkinys \"Fruitytea\" 60 vnt. Ahmad Tea 1272 - Rutana - Ra\u0161tin\u0117s reikmenys","og_description":"Vaisini\u0173 arbat\u0173 kolekcija su 6 skirtingomis arbatomis.","og_url":"https:\/\/rutana.lt\/en\/product\/vaisiniu-arbatu-rinkinys-fruitytea-60-vnt-ahmad-tea-1272\/","og_site_name":"Rutana - Ra\u0161tin\u0117s reikmenys","article_publisher":"https:\/\/www.facebook.com\/RutanaKanceliarinesPrekes\/","article_modified_time":"2025-12-06T10:03:37+00:00","og_image":[{"width":600,"height":573,"url":"https:\/\/rutana.lt\/wp-content\/uploads\/2025\/09\/B091-297-2.jpg?v=1763565120","type":"image\/jpeg"}],"twitter_card":"summary_large_image","twitter_misc":{"Est. reading time":"1 minute"},"schema":{"@context":"https:\/\/schema.org","@graph":[{"@type":"WebPage","@id":"https:\/\/rutana.lt\/produktas\/vaisiniu-arbatu-rinkinys-fruitytea-60-vnt-ahmad-tea-1272\/","url":"https:\/\/rutana.lt\/produktas\/vaisiniu-arbatu-rinkinys-fruitytea-60-vnt-ahmad-tea-1272\/","name":"Vaisini\u0173 arbat\u0173 rinkinys \"Fruitytea\" 60 vnt. Ahmad Tea 1272 - Rutana - Ra\u0161tin\u0117s reikmenys","isPartOf":{"@id":"https:\/\/rutana.lt\/#website"},"primaryImageOfPage":{"@id":"https:\/\/rutana.lt\/produktas\/vaisiniu-arbatu-rinkinys-fruitytea-60-vnt-ahmad-tea-1272\/#primaryimage"},"image":{"@id":"https:\/\/rutana.lt\/produktas\/vaisiniu-arbatu-rinkinys-fruitytea-60-vnt-ahmad-tea-1272\/#primaryimage"},"thumbnailUrl":"https:\/\/rutana.lt\/wp-content\/uploads\/2025\/09\/B091-297-2.jpg?v=1763565120","datePublished":"2025-09-03T07:48:42+00:00","dateModified":"2025-12-06T10:03:37+00:00","breadcrumb":{"@id":"https:\/\/rutana.lt\/produktas\/vaisiniu-arbatu-rinkinys-fruitytea-60-vnt-ahmad-tea-1272\/#breadcrumb"},"inLanguage":"en-US","potentialAction":[{"@type":"ReadAction","target":["https:\/\/rutana.lt\/produktas\/vaisiniu-arbatu-rinkinys-fruitytea-60-vnt-ahmad-tea-1272\/"]}]},{"@type":"ImageObject","inLanguage":"en-US","@id":"https:\/\/rutana.lt\/produktas\/vaisiniu-arbatu-rinkinys-fruitytea-60-vnt-ahmad-tea-1272\/#primaryimage","url":"https:\/\/rutana.lt\/wp-content\/uploads\/2025\/09\/B091-297-2.jpg?v=1763565120","contentUrl":"https:\/\/rutana.lt\/wp-content\/uploads\/2025\/09\/B091-297-2.jpg?v=1763565120","width":600,"height":573},{"@type":"BreadcrumbList","@id":"https:\/\/rutana.lt\/produktas\/vaisiniu-arbatu-rinkinys-fruitytea-60-vnt-ahmad-tea-1272\/#breadcrumb","itemListElement":[{"@type":"ListItem","position":1,"name":"Home","item":"https:\/\/rutana.lt\/"},{"@type":"ListItem","position":2,"name":"Parduotuv\u0117","item":"https:\/\/rutana.lt\/parduotuve\/"},{"@type":"ListItem","position":3,"name":"Vaisini\u0173 arbat\u0173 rinkinys &#8222;Fruitytea&#8221; 60 vnt. Ahmad Tea 1272"}]},{"@type":"WebSite","@id":"https:\/\/rutana.lt\/#website","url":"https:\/\/rutana.lt\/","name":"Rutana - Ra\u0161tin\u0117s reikmenys","description":"Prekiaujame pasaulin\u0117je rinkoje pripa\u017eintomis, kokybi\u0161komis biuro prek\u0117mis toki\u0173  gamintoj\u0173 kaip: Schneider, Esselte, Novus, 3M, Faber-Castell, Citizen, Milan, Leitz, Colop, Zebra, Staedtler, Durable, Tork, Parker, Waterman ir kt.","publisher":{"@id":"https:\/\/rutana.lt\/#organization"},"potentialAction":[{"@type":"SearchAction","target":{"@type":"EntryPoint","urlTemplate":"https:\/\/rutana.lt\/?s={search_term_string}"},"query-input":{"@type":"PropertyValueSpecification","valueRequired":true,"valueName":"search_term_string"}}],"inLanguage":"en-US"},{"@type":"Organization","@id":"https:\/\/rutana.lt\/#organization","name":"Rutana - Ra\u0161tin\u0117s reikmenys","url":"https:\/\/rutana.lt\/","logo":{"@type":"ImageObject","inLanguage":"en-US","@id":"https:\/\/rutana.lt\/#\/schema\/logo\/image\/","url":"https:\/\/rutana.lt\/wp-content\/uploads\/2025\/10\/Asset-32.png","contentUrl":"https:\/\/rutana.lt\/wp-content\/uploads\/2025\/10\/Asset-32.png","width":433,"height":119,"caption":"Rutana - Ra\u0161tin\u0117s reikmenys"},"image":{"@id":"https:\/\/rutana.lt\/#\/schema\/logo\/image\/"},"sameAs":["https:\/\/www.facebook.com\/RutanaKanceliarinesPrekes\/"]}]}},"_links":{"self":[{"href":"https:\/\/rutana.lt\/en\/wp-json\/wp\/v2\/product\/16966","targetHints":{"allow":["GET"]}}],"collection":[{"href":"https:\/\/rutana.lt\/en\/wp-json\/wp\/v2\/product"}],"about":[{"href":"https:\/\/rutana.lt\/en\/wp-json\/wp\/v2\/types\/product"}],"replies":[{"embeddable":true,"href":"https:\/\/rutana.lt\/en\/wp-json\/wp\/v2\/comments?post=16966"}],"version-history":[{"count":3,"href":"https:\/\/rutana.lt\/en\/wp-json\/wp\/v2\/product\/16966\/revisions"}],"predecessor-version":[{"id":33972,"href":"https:\/\/rutana.lt\/en\/wp-json\/wp\/v2\/product\/16966\/revisions\/33972"}],"wp:featuredmedia":[{"embeddable":true,"href":"https:\/\/rutana.lt\/en\/wp-json\/wp\/v2\/media\/29256"}],"wp:attachment":[{"href":"https:\/\/rutana.lt\/en\/wp-json\/wp\/v2\/media?parent=16966"}],"wp:term":[{"taxonomy":"product_brand","embeddable":true,"href":"https:\/\/rutana.lt\/en\/wp-json\/wp\/v2\/product_brand?post=16966"},{"taxonomy":"product_cat","embeddable":true,"href":"https:\/\/rutana.lt\/en\/wp-json\/wp\/v2\/product_cat?post=16966"},{"taxonomy":"product_tag","embeddable":true,"href":"https:\/\/rutana.lt\/en\/wp-json\/wp\/v2\/product_tag?post=16966"}],"curies":[{"name":"wp","href":"https:\/\/api.w.org\/{rel}","templated":true}]}}