{"id":16897,"date":"2025-09-03T09:48:14","date_gmt":"2025-09-03T07:48:14","guid":{"rendered":"https:\/\/rutana.webdemo.lt\/?post_type=product&#038;p=16897"},"modified":"2025-10-13T15:52:34","modified_gmt":"2025-10-13T13:52:34","slug":"kasete-lazeriniam-spausdintuvui-w1350x-135x-juoda-hewlett-packard","status":"publish","type":"product","link":"https:\/\/rutana.lt\/en\/product\/kasete-lazeriniam-spausdintuvui-w1350x-135x-juoda-hewlett-packard\/","title":{"rendered":"Kaset\u0117 lazeriniam spausdintuvui W1350X (135X) juoda Hewlett-Packard"},"content":{"rendered":"<p>Originali HP kaset\u0117, kuri veikia nepriekai\u0161tingai. M\u0117gaukit\u0117s i\u0161skirtine spausdinimo kokybe naudodami originalias HP kasetes. Kaset\u0117s sukurtos atsi\u017evelgiant \u012f planetos poreikius \u2013 lengviau perdirbamos, ma\u017eiau atliek\u0173.<\/p>\n<p>Tinka spausdintuvams: Hewlett-Packard LaserJet Pro MFP M230, MFP M232e, MFP M232sdw, MFP M234dw, MFP M234sdne, MFP M235d, MFP M235sdne, MFP M235sdwe, MFP M236sdw, MFP M237dw, MFP M237e, MFP M237sdne, MFP M237sdwe, M207d, M209dwe, M210d, M210dw, M210dwe, M211dw, M212dwe.<\/p>\n<p>Spausdinimo spalva: juoda<\/p>\n<p>Spausdinimo technologija: lazeris<\/p>\n<p>Puslapi\u0173 skai\u010dius: 2400<\/p>\n<p>Gamintojo kodas: W1350X ( 135X )<\/p>\n<p>Gamintojas: Hewlett-Packard<\/p>\n<p><\/p>\n<p><\/p>","protected":false},"excerpt":{"rendered":"<p>Originali HP kaset\u0117, kuri veikia nepriekai\u0161tingai. M\u0117gaukit\u0117s i\u0161skirtine spausdinimo kokybe naudodami originalias HP kasetes. Kaset\u0117s sukurtos atsi\u017evelgiant \u012f planetos poreikius \u2013 lengviau perdirbamos, ma\u017eiau atliek\u0173. Tinka spausdintuvams: Hewlett-Packard LaserJet Pro MFP M230, MFP M232e, MFP M232sdw, MFP M234dw, MFP M234sdne, MFP M235d, MFP M235sdne, MFP M235sdwe, MFP M236sdw, MFP M237dw, MFP M237e, MFP M237sdne, MFP [&hellip;]<\/p>","protected":false},"featured_media":29234,"comment_status":"open","ping_status":"closed","template":"","meta":{"_season_start":"","_season_end":"","_season_days":"","_season_months":"","_season_auto_visibility":""},"product_brand":[478],"product_cat":[1842],"product_tag":[],"class_list":{"0":"post-16897","1":"product","2":"type-product","3":"status-publish","4":"has-post-thumbnail","6":"product_brand-hewlett-packard","7":"product_cat-originalus-toneriai","9":"first","10":"instock","11":"taxable","12":"shipping-taxable","13":"purchasable","14":"product-type-simple"},"yoast_head":"<!-- This site is optimized with the Yoast SEO plugin v26.1.1 - https:\/\/yoast.com\/wordpress\/plugins\/seo\/ -->\n<title>Kaset\u0117 lazeriniam spausdintuvui W1350X (135X) juoda Hewlett-Packard - Rutana - Ra\u0161tin\u0117s reikmenys<\/title>\n<meta name=\"robots\" content=\"index, follow, max-snippet:-1, max-image-preview:large, max-video-preview:-1\" \/>\n<link rel=\"canonical\" href=\"https:\/\/rutana.lt\/en\/product\/kasete-lazeriniam-spausdintuvui-w1350x-135x-juoda-hewlett-packard\/\" \/>\n<meta property=\"og:locale\" content=\"en_US\" \/>\n<meta property=\"og:type\" content=\"article\" \/>\n<meta property=\"og:title\" content=\"Kaset\u0117 lazeriniam spausdintuvui W1350X (135X) juoda Hewlett-Packard - Rutana - Ra\u0161tin\u0117s reikmenys\" \/>\n<meta property=\"og:description\" content=\"Originali HP kaset\u0117, kuri veikia nepriekai\u0161tingai. M\u0117gaukit\u0117s i\u0161skirtine spausdinimo kokybe naudodami originalias HP kasetes. Kaset\u0117s sukurtos atsi\u017evelgiant \u012f planetos poreikius \u2013 lengviau perdirbamos, ma\u017eiau atliek\u0173. Tinka spausdintuvams: Hewlett-Packard LaserJet Pro MFP M230, MFP M232e, MFP M232sdw, MFP M234dw, MFP M234sdne, MFP M235d, MFP M235sdne, MFP M235sdwe, MFP M236sdw, MFP M237dw, MFP M237e, MFP M237sdne, MFP [&hellip;]\" \/>\n<meta property=\"og:url\" content=\"https:\/\/rutana.lt\/en\/product\/kasete-lazeriniam-spausdintuvui-w1350x-135x-juoda-hewlett-packard\/\" \/>\n<meta property=\"og:site_name\" content=\"Rutana - Ra\u0161tin\u0117s reikmenys\" \/>\n<meta property=\"article:publisher\" content=\"https:\/\/www.facebook.com\/RutanaKanceliarinesPrekes\/\" \/>\n<meta property=\"article:modified_time\" content=\"2025-10-13T13:52:34+00:00\" \/>\n<meta property=\"og:image\" content=\"https:\/\/rutana.lt\/wp-content\/uploads\/2025\/09\/B031-045.jpg\" \/>\n\t<meta property=\"og:image:width\" content=\"600\" \/>\n\t<meta property=\"og:image:height\" content=\"545\" \/>\n\t<meta property=\"og:image:type\" content=\"image\/jpeg\" \/>\n<meta name=\"twitter:card\" content=\"summary_large_image\" \/>\n<meta name=\"twitter:label1\" content=\"Est. reading time\" \/>\n\t<meta name=\"twitter:data1\" content=\"1 minute\" \/>\n<script type=\"application\/ld+json\" class=\"yoast-schema-graph\">{\"@context\":\"https:\/\/schema.org\",\"@graph\":[{\"@type\":\"WebPage\",\"@id\":\"https:\/\/rutana.lt\/produktas\/kasete-lazeriniam-spausdintuvui-w1350x-135x-juoda-hewlett-packard\/\",\"url\":\"https:\/\/rutana.lt\/produktas\/kasete-lazeriniam-spausdintuvui-w1350x-135x-juoda-hewlett-packard\/\",\"name\":\"Kaset\u0117 lazeriniam spausdintuvui W1350X (135X) juoda Hewlett-Packard - Rutana - Ra\u0161tin\u0117s reikmenys\",\"isPartOf\":{\"@id\":\"https:\/\/rutana.lt\/#website\"},\"primaryImageOfPage\":{\"@id\":\"https:\/\/rutana.lt\/produktas\/kasete-lazeriniam-spausdintuvui-w1350x-135x-juoda-hewlett-packard\/#primaryimage\"},\"image\":{\"@id\":\"https:\/\/rutana.lt\/produktas\/kasete-lazeriniam-spausdintuvui-w1350x-135x-juoda-hewlett-packard\/#primaryimage\"},\"thumbnailUrl\":\"https:\/\/rutana.lt\/wp-content\/uploads\/2025\/09\/B031-045-1.jpg?v=1763565148\",\"datePublished\":\"2025-09-03T07:48:14+00:00\",\"dateModified\":\"2025-10-13T13:52:34+00:00\",\"breadcrumb\":{\"@id\":\"https:\/\/rutana.lt\/produktas\/kasete-lazeriniam-spausdintuvui-w1350x-135x-juoda-hewlett-packard\/#breadcrumb\"},\"inLanguage\":\"en-US\",\"potentialAction\":[{\"@type\":\"ReadAction\",\"target\":[\"https:\/\/rutana.lt\/produktas\/kasete-lazeriniam-spausdintuvui-w1350x-135x-juoda-hewlett-packard\/\"]}]},{\"@type\":\"ImageObject\",\"inLanguage\":\"en-US\",\"@id\":\"https:\/\/rutana.lt\/produktas\/kasete-lazeriniam-spausdintuvui-w1350x-135x-juoda-hewlett-packard\/#primaryimage\",\"url\":\"https:\/\/rutana.lt\/wp-content\/uploads\/2025\/09\/B031-045-1.jpg?v=1763565148\",\"contentUrl\":\"https:\/\/rutana.lt\/wp-content\/uploads\/2025\/09\/B031-045-1.jpg?v=1763565148\",\"width\":600,\"height\":545},{\"@type\":\"BreadcrumbList\",\"@id\":\"https:\/\/rutana.lt\/produktas\/kasete-lazeriniam-spausdintuvui-w1350x-135x-juoda-hewlett-packard\/#breadcrumb\",\"itemListElement\":[{\"@type\":\"ListItem\",\"position\":1,\"name\":\"Home\",\"item\":\"https:\/\/rutana.lt\/\"},{\"@type\":\"ListItem\",\"position\":2,\"name\":\"Parduotuv\u0117\",\"item\":\"https:\/\/rutana.lt\/parduotuve\/\"},{\"@type\":\"ListItem\",\"position\":3,\"name\":\"Kaset\u0117 lazeriniam spausdintuvui W1350X (135X) juoda Hewlett-Packard\"}]},{\"@type\":\"WebSite\",\"@id\":\"https:\/\/rutana.lt\/#website\",\"url\":\"https:\/\/rutana.lt\/\",\"name\":\"Rutana - Ra\u0161tin\u0117s reikmenys\",\"description\":\"Prekiaujame pasaulin\u0117je rinkoje pripa\u017eintomis, kokybi\u0161komis biuro prek\u0117mis toki\u0173  gamintoj\u0173 kaip: Schneider, Esselte, Novus, 3M, Faber-Castell, Citizen, Milan, Leitz, Colop, Zebra, Staedtler, Durable, Tork, Parker, Waterman ir kt.\",\"publisher\":{\"@id\":\"https:\/\/rutana.lt\/#organization\"},\"potentialAction\":[{\"@type\":\"SearchAction\",\"target\":{\"@type\":\"EntryPoint\",\"urlTemplate\":\"https:\/\/rutana.lt\/?s={search_term_string}\"},\"query-input\":{\"@type\":\"PropertyValueSpecification\",\"valueRequired\":true,\"valueName\":\"search_term_string\"}}],\"inLanguage\":\"en-US\"},{\"@type\":\"Organization\",\"@id\":\"https:\/\/rutana.lt\/#organization\",\"name\":\"Rutana - Ra\u0161tin\u0117s reikmenys\",\"url\":\"https:\/\/rutana.lt\/\",\"logo\":{\"@type\":\"ImageObject\",\"inLanguage\":\"en-US\",\"@id\":\"https:\/\/rutana.lt\/#\/schema\/logo\/image\/\",\"url\":\"https:\/\/rutana.lt\/wp-content\/uploads\/2025\/10\/Asset-32.png\",\"contentUrl\":\"https:\/\/rutana.lt\/wp-content\/uploads\/2025\/10\/Asset-32.png\",\"width\":433,\"height\":119,\"caption\":\"Rutana - Ra\u0161tin\u0117s reikmenys\"},\"image\":{\"@id\":\"https:\/\/rutana.lt\/#\/schema\/logo\/image\/\"},\"sameAs\":[\"https:\/\/www.facebook.com\/RutanaKanceliarinesPrekes\/\"]}]}<\/script>\n<!-- \/ Yoast SEO plugin. -->","yoast_head_json":{"title":"Kaset\u0117 lazeriniam spausdintuvui W1350X (135X) juoda Hewlett-Packard - Rutana - Ra\u0161tin\u0117s reikmenys","robots":{"index":"index","follow":"follow","max-snippet":"max-snippet:-1","max-image-preview":"max-image-preview:large","max-video-preview":"max-video-preview:-1"},"canonical":"https:\/\/rutana.lt\/en\/product\/kasete-lazeriniam-spausdintuvui-w1350x-135x-juoda-hewlett-packard\/","og_locale":"en_US","og_type":"article","og_title":"Kaset\u0117 lazeriniam spausdintuvui W1350X (135X) juoda Hewlett-Packard - Rutana - Ra\u0161tin\u0117s reikmenys","og_description":"Originali HP kaset\u0117, kuri veikia nepriekai\u0161tingai. M\u0117gaukit\u0117s i\u0161skirtine spausdinimo kokybe naudodami originalias HP kasetes. Kaset\u0117s sukurtos atsi\u017evelgiant \u012f planetos poreikius \u2013 lengviau perdirbamos, ma\u017eiau atliek\u0173. Tinka spausdintuvams: Hewlett-Packard LaserJet Pro MFP M230, MFP M232e, MFP M232sdw, MFP M234dw, MFP M234sdne, MFP M235d, MFP M235sdne, MFP M235sdwe, MFP M236sdw, MFP M237dw, MFP M237e, MFP M237sdne, MFP [&hellip;]","og_url":"https:\/\/rutana.lt\/en\/product\/kasete-lazeriniam-spausdintuvui-w1350x-135x-juoda-hewlett-packard\/","og_site_name":"Rutana - Ra\u0161tin\u0117s reikmenys","article_publisher":"https:\/\/www.facebook.com\/RutanaKanceliarinesPrekes\/","article_modified_time":"2025-10-13T13:52:34+00:00","og_image":[{"width":600,"height":545,"url":"https:\/\/rutana.lt\/wp-content\/uploads\/2025\/09\/B031-045.jpg","type":"image\/jpeg"}],"twitter_card":"summary_large_image","twitter_misc":{"Est. reading time":"1 minute"},"schema":{"@context":"https:\/\/schema.org","@graph":[{"@type":"WebPage","@id":"https:\/\/rutana.lt\/produktas\/kasete-lazeriniam-spausdintuvui-w1350x-135x-juoda-hewlett-packard\/","url":"https:\/\/rutana.lt\/produktas\/kasete-lazeriniam-spausdintuvui-w1350x-135x-juoda-hewlett-packard\/","name":"Kaset\u0117 lazeriniam spausdintuvui W1350X (135X) juoda Hewlett-Packard - Rutana - Ra\u0161tin\u0117s reikmenys","isPartOf":{"@id":"https:\/\/rutana.lt\/#website"},"primaryImageOfPage":{"@id":"https:\/\/rutana.lt\/produktas\/kasete-lazeriniam-spausdintuvui-w1350x-135x-juoda-hewlett-packard\/#primaryimage"},"image":{"@id":"https:\/\/rutana.lt\/produktas\/kasete-lazeriniam-spausdintuvui-w1350x-135x-juoda-hewlett-packard\/#primaryimage"},"thumbnailUrl":"https:\/\/rutana.lt\/wp-content\/uploads\/2025\/09\/B031-045-1.jpg?v=1763565148","datePublished":"2025-09-03T07:48:14+00:00","dateModified":"2025-10-13T13:52:34+00:00","breadcrumb":{"@id":"https:\/\/rutana.lt\/produktas\/kasete-lazeriniam-spausdintuvui-w1350x-135x-juoda-hewlett-packard\/#breadcrumb"},"inLanguage":"en-US","potentialAction":[{"@type":"ReadAction","target":["https:\/\/rutana.lt\/produktas\/kasete-lazeriniam-spausdintuvui-w1350x-135x-juoda-hewlett-packard\/"]}]},{"@type":"ImageObject","inLanguage":"en-US","@id":"https:\/\/rutana.lt\/produktas\/kasete-lazeriniam-spausdintuvui-w1350x-135x-juoda-hewlett-packard\/#primaryimage","url":"https:\/\/rutana.lt\/wp-content\/uploads\/2025\/09\/B031-045-1.jpg?v=1763565148","contentUrl":"https:\/\/rutana.lt\/wp-content\/uploads\/2025\/09\/B031-045-1.jpg?v=1763565148","width":600,"height":545},{"@type":"BreadcrumbList","@id":"https:\/\/rutana.lt\/produktas\/kasete-lazeriniam-spausdintuvui-w1350x-135x-juoda-hewlett-packard\/#breadcrumb","itemListElement":[{"@type":"ListItem","position":1,"name":"Home","item":"https:\/\/rutana.lt\/"},{"@type":"ListItem","position":2,"name":"Parduotuv\u0117","item":"https:\/\/rutana.lt\/parduotuve\/"},{"@type":"ListItem","position":3,"name":"Kaset\u0117 lazeriniam spausdintuvui W1350X (135X) juoda Hewlett-Packard"}]},{"@type":"WebSite","@id":"https:\/\/rutana.lt\/#website","url":"https:\/\/rutana.lt\/","name":"Rutana - Ra\u0161tin\u0117s reikmenys","description":"Prekiaujame pasaulin\u0117je rinkoje pripa\u017eintomis, kokybi\u0161komis biuro prek\u0117mis toki\u0173  gamintoj\u0173 kaip: Schneider, Esselte, Novus, 3M, Faber-Castell, Citizen, Milan, Leitz, Colop, Zebra, Staedtler, Durable, Tork, Parker, Waterman ir kt.","publisher":{"@id":"https:\/\/rutana.lt\/#organization"},"potentialAction":[{"@type":"SearchAction","target":{"@type":"EntryPoint","urlTemplate":"https:\/\/rutana.lt\/?s={search_term_string}"},"query-input":{"@type":"PropertyValueSpecification","valueRequired":true,"valueName":"search_term_string"}}],"inLanguage":"en-US"},{"@type":"Organization","@id":"https:\/\/rutana.lt\/#organization","name":"Rutana - Ra\u0161tin\u0117s reikmenys","url":"https:\/\/rutana.lt\/","logo":{"@type":"ImageObject","inLanguage":"en-US","@id":"https:\/\/rutana.lt\/#\/schema\/logo\/image\/","url":"https:\/\/rutana.lt\/wp-content\/uploads\/2025\/10\/Asset-32.png","contentUrl":"https:\/\/rutana.lt\/wp-content\/uploads\/2025\/10\/Asset-32.png","width":433,"height":119,"caption":"Rutana - Ra\u0161tin\u0117s reikmenys"},"image":{"@id":"https:\/\/rutana.lt\/#\/schema\/logo\/image\/"},"sameAs":["https:\/\/www.facebook.com\/RutanaKanceliarinesPrekes\/"]}]}},"_links":{"self":[{"href":"https:\/\/rutana.lt\/en\/wp-json\/wp\/v2\/product\/16897","targetHints":{"allow":["GET"]}}],"collection":[{"href":"https:\/\/rutana.lt\/en\/wp-json\/wp\/v2\/product"}],"about":[{"href":"https:\/\/rutana.lt\/en\/wp-json\/wp\/v2\/types\/product"}],"replies":[{"embeddable":true,"href":"https:\/\/rutana.lt\/en\/wp-json\/wp\/v2\/comments?post=16897"}],"version-history":[{"count":1,"href":"https:\/\/rutana.lt\/en\/wp-json\/wp\/v2\/product\/16897\/revisions"}],"predecessor-version":[{"id":16977,"href":"https:\/\/rutana.lt\/en\/wp-json\/wp\/v2\/product\/16897\/revisions\/16977"}],"wp:featuredmedia":[{"embeddable":true,"href":"https:\/\/rutana.lt\/en\/wp-json\/wp\/v2\/media\/29234"}],"wp:attachment":[{"href":"https:\/\/rutana.lt\/en\/wp-json\/wp\/v2\/media?parent=16897"}],"wp:term":[{"taxonomy":"product_brand","embeddable":true,"href":"https:\/\/rutana.lt\/en\/wp-json\/wp\/v2\/product_brand?post=16897"},{"taxonomy":"product_cat","embeddable":true,"href":"https:\/\/rutana.lt\/en\/wp-json\/wp\/v2\/product_cat?post=16897"},{"taxonomy":"product_tag","embeddable":true,"href":"https:\/\/rutana.lt\/en\/wp-json\/wp\/v2\/product_tag?post=16897"}],"curies":[{"name":"wp","href":"https:\/\/api.w.org\/{rel}","templated":true}]}}