{"id":16883,"date":"2025-09-03T09:48:13","date_gmt":"2025-09-03T07:48:13","guid":{"rendered":"https:\/\/rutana.webdemo.lt\/?post_type=product&#038;p=16883"},"modified":"2025-10-13T15:52:29","modified_gmt":"2025-10-13T13:52:29","slug":"persiku-nektaras-250-ml-stikliniame-butelyje-granini","status":"publish","type":"product","link":"https:\/\/rutana.lt\/en\/product\/persiku-nektaras-250-ml-stikliniame-butelyje-granini\/","title":{"rendered":"Persik\u0173 nektaras 250 ml stikliniame butelyje Granini"},"content":{"rendered":"<div class=\"inner-wrap pa-none color-default bg-transparent\" style=\"line-height: 25px;\">\n<div class=\"inner-wrap pa-none color-default bg-transparent\" style=\"line-height: 25px;\">\n<div class=\"inner-wrap pa-none color-default bg-transparent\" style=\"line-height: 25px;\">\n<p style=\"line-height: 25px; margin-bottom: 0px;\">Ypatingas persik\u0173 skonis, m\u0117gstantiems saldum\u0105.<\/p>\n<\/div>\n<div class=\"co-picture\" style=\"line-height: 25px;\">\n<div class=\"picture\" style=\"line-height: 25px; position: relative;\"><\/div>\n<\/div>\n<p style=\"line-height: 25px; margin-bottom: 0px;\"><span style=\"border: 0px; --tw-border-spacing-x: 0; --tw-border-spacing-y: 0; --tw-translate-x: 0; --tw-translate-y: 0; --tw-rotate: 0; --tw-skew-x: 0; --tw-skew-y: 0; --tw-scale-x: 1; --tw-scale-y: 1; --tw-pan-x: ; --tw-pan-y: ; --tw-pinch-zoom: ; --tw-scroll-snap-strictness: proximity; --tw-ordinal: ; --tw-slashed-zero: ; --tw-numeric-figure: ; --tw-numeric-spacing: ; --tw-numeric-fraction: ; --tw-ring-inset: ; --tw-ring-offset-width: 0px; --tw-ring-offset-color: #fff; --tw-ring-color: rgb(59 130 246 \/ 0.5); --tw-ring-offset-shadow: 0 0 #0000; --tw-ring-shadow: 0 0 #0000; --tw-shadow: 0 0 #0000; --tw-shadow-colored: 0 0 #0000; --tw-blur: ; --tw-brightness: ; --tw-contrast: ; --tw-grayscale: ; --tw-hue-rotate: ; --tw-invert: ; --tw-saturate: ; --tw-sepia: ; --tw-drop-shadow: ; --tw-backdrop-blur: ; --tw-backdrop-brightness: ; --tw-backdrop-contrast: ; --tw-backdrop-grayscale: ; --tw-backdrop-hue-rotate: ; --tw-backdrop-invert: ; --tw-backdrop-opacity: ; --tw-backdrop-saturate: ; --tw-backdrop-sepia: ; margin: 0px; padding: 0px; font-variant-numeric: inherit; font-variant-east-asian: inherit; font-variant-alternates: inherit; font-variant-position: inherit; font-stretch: inherit; line-height: inherit; font-optical-sizing: inherit; font-kerning: inherit; font-feature-settings: inherit; font-variation-settings: inherit; vertical-align: baseline; text-align: justify;\">Sudedamosios dalys: <\/span><span style=\"border: 0px; --tw-border-spacing-x: 0; --tw-border-spacing-y: 0; --tw-translate-x: 0; --tw-translate-y: 0; --tw-rotate: 0; --tw-skew-x: 0; --tw-skew-y: 0; --tw-scale-x: 1; --tw-scale-y: 1; --tw-pan-x: ; --tw-pan-y: ; --tw-pinch-zoom: ; --tw-scroll-snap-strictness: proximity; --tw-ordinal: ; --tw-slashed-zero: ; --tw-numeric-figure: ; --tw-numeric-spacing: ; --tw-numeric-fraction: ; --tw-ring-inset: ; --tw-ring-offset-width: 0px; --tw-ring-offset-color: #fff; --tw-ring-color: rgb(59 130 246 \/ 0.5); --tw-ring-offset-shadow: 0 0 #0000; --tw-ring-shadow: 0 0 #0000; --tw-shadow: 0 0 #0000; --tw-shadow-colored: 0 0 #0000; --tw-blur: ; --tw-brightness: ; --tw-contrast: ; --tw-grayscale: ; --tw-hue-rotate: ; --tw-invert: ; --tw-saturate: ; --tw-sepia: ; --tw-drop-shadow: ; --tw-backdrop-blur: ; --tw-backdrop-brightness: ; --tw-backdrop-contrast: ; --tw-backdrop-grayscale: ; --tw-backdrop-hue-rotate: ; --tw-backdrop-invert: ; --tw-backdrop-opacity: ; --tw-backdrop-saturate: ; --tw-backdrop-sepia: ; margin: 0px; padding: 0px; font-variant-numeric: inherit; font-variant-east-asian: inherit; font-variant-alternates: inherit; font-variant-position: inherit; font-stretch: inherit; line-height: inherit; font-optical-sizing: inherit; font-kerning: inherit; font-feature-settings: inherit; font-variation-settings: inherit; vertical-align: baseline; text-align: justify;\">v<\/span><span style=\"text-align: justify;\">anduo, persik\u0173 sultys (45%) i\u0161 tyr\u0117s, cukrus, persik\u0173 sultys (5%) i\u0161 koncentruot\u0173 sul\u010di\u0173, koncentruotos citrin\u0173 sultys, antioksidatorius askorbo r\u016bg\u0161tis.<\/span><\/p>\n<\/div>\n<\/div>\n<div class=\"co-picture\" style=\"line-height: 25px;\">\n<div class=\"picture\" style=\"line-height: 25px; position: relative;\"><\/div>\n<\/div>\n<p>Talpa: 250 ml<\/p>\n<p>Tara: stiklas<\/p>\n<p>Depozitas: kaina nurodyta su depozitu<\/p>\n<p>Kilm\u0117s \u0161alis: Pranc\u016bzija<\/p>\n<p><\/p>","protected":false},"excerpt":{"rendered":"<p>Ypatingas persik\u0173 skonis, m\u0117gstantiems saldum\u0105. Sudedamosios dalys: vanduo, persik\u0173 sultys (45%) i\u0161 tyr\u0117s, cukrus, persik\u0173 sultys (5%) i\u0161 koncentruot\u0173 sul\u010di\u0173, koncentruotos citrin\u0173 sultys, antioksidatorius askorbo r\u016bg\u0161tis. Talpa: 250 ml Tara: stiklas Depozitas: kaina nurodyta su depozitu Kilm\u0117s \u0161alis: Pranc\u016bzija<\/p>","protected":false},"featured_media":29220,"comment_status":"open","ping_status":"closed","template":"","meta":{"_season_start":"","_season_end":"","_season_days":"","_season_months":"","_season_auto_visibility":""},"product_brand":[1006],"product_cat":[1882],"product_tag":[],"class_list":{"0":"post-16883","1":"product","2":"type-product","3":"status-publish","4":"has-post-thumbnail","6":"product_brand-granini","7":"product_cat-sultys","9":"first","10":"instock","11":"taxable","12":"shipping-taxable","13":"purchasable","14":"product-type-simple"},"yoast_head":"<!-- This site is optimized with the Yoast SEO plugin v27.4 - https:\/\/yoast.com\/product\/yoast-seo-wordpress\/ -->\n<title>Persik\u0173 nektaras 250 ml stikliniame butelyje Granini - Rutana - Ra\u0161tin\u0117s reikmenys<\/title>\n<meta name=\"robots\" content=\"index, follow, max-snippet:-1, max-image-preview:large, max-video-preview:-1\" \/>\n<link rel=\"canonical\" href=\"https:\/\/rutana.lt\/en\/product\/persiku-nektaras-250-ml-stikliniame-butelyje-granini\/\" \/>\n<meta property=\"og:locale\" content=\"en_US\" \/>\n<meta property=\"og:type\" content=\"article\" \/>\n<meta property=\"og:title\" content=\"Persik\u0173 nektaras 250 ml stikliniame butelyje Granini - Rutana - Ra\u0161tin\u0117s reikmenys\" \/>\n<meta property=\"og:description\" content=\"Ypatingas persik\u0173 skonis, m\u0117gstantiems saldum\u0105. Sudedamosios dalys: vanduo, persik\u0173 sultys (45%) i\u0161 tyr\u0117s, cukrus, persik\u0173 sultys (5%) i\u0161 koncentruot\u0173 sul\u010di\u0173, koncentruotos citrin\u0173 sultys, antioksidatorius askorbo r\u016bg\u0161tis. Talpa: 250 ml Tara: stiklas Depozitas: kaina nurodyta su depozitu Kilm\u0117s \u0161alis: Pranc\u016bzija\" \/>\n<meta property=\"og:url\" content=\"https:\/\/rutana.lt\/en\/product\/persiku-nektaras-250-ml-stikliniame-butelyje-granini\/\" \/>\n<meta property=\"og:site_name\" content=\"Rutana - Ra\u0161tin\u0117s reikmenys\" \/>\n<meta property=\"article:publisher\" content=\"https:\/\/www.facebook.com\/RutanaKanceliarinesPrekes\/\" \/>\n<meta property=\"article:modified_time\" content=\"2025-10-13T13:52:29+00:00\" \/>\n<meta property=\"og:image\" content=\"https:\/\/rutana.lt\/wp-content\/uploads\/2025\/09\/B091-724.jpg\" \/>\n\t<meta property=\"og:image:width\" content=\"500\" \/>\n\t<meta property=\"og:image:height\" content=\"500\" \/>\n\t<meta property=\"og:image:type\" content=\"image\/jpeg\" \/>\n<meta name=\"twitter:card\" content=\"summary_large_image\" \/>\n<script type=\"application\/ld+json\" class=\"yoast-schema-graph\">{\"@context\":\"https:\\\/\\\/schema.org\",\"@graph\":[{\"@type\":\"WebPage\",\"@id\":\"https:\\\/\\\/rutana.lt\\\/produktas\\\/persiku-nektaras-250-ml-stikliniame-butelyje-granini\\\/\",\"url\":\"https:\\\/\\\/rutana.lt\\\/produktas\\\/persiku-nektaras-250-ml-stikliniame-butelyje-granini\\\/\",\"name\":\"Persik\u0173 nektaras 250 ml stikliniame butelyje Granini - Rutana - Ra\u0161tin\u0117s reikmenys\",\"isPartOf\":{\"@id\":\"https:\\\/\\\/rutana.lt\\\/#website\"},\"primaryImageOfPage\":{\"@id\":\"https:\\\/\\\/rutana.lt\\\/produktas\\\/persiku-nektaras-250-ml-stikliniame-butelyje-granini\\\/#primaryimage\"},\"image\":{\"@id\":\"https:\\\/\\\/rutana.lt\\\/produktas\\\/persiku-nektaras-250-ml-stikliniame-butelyje-granini\\\/#primaryimage\"},\"thumbnailUrl\":\"https:\\\/\\\/rutana.lt\\\/wp-content\\\/uploads\\\/2025\\\/09\\\/B091-724-1.jpg?v=1763565165\",\"datePublished\":\"2025-09-03T07:48:13+00:00\",\"dateModified\":\"2025-10-13T13:52:29+00:00\",\"breadcrumb\":{\"@id\":\"https:\\\/\\\/rutana.lt\\\/produktas\\\/persiku-nektaras-250-ml-stikliniame-butelyje-granini\\\/#breadcrumb\"},\"inLanguage\":\"en-US\",\"potentialAction\":[{\"@type\":\"ReadAction\",\"target\":[\"https:\\\/\\\/rutana.lt\\\/produktas\\\/persiku-nektaras-250-ml-stikliniame-butelyje-granini\\\/\"]}]},{\"@type\":\"ImageObject\",\"inLanguage\":\"en-US\",\"@id\":\"https:\\\/\\\/rutana.lt\\\/produktas\\\/persiku-nektaras-250-ml-stikliniame-butelyje-granini\\\/#primaryimage\",\"url\":\"https:\\\/\\\/rutana.lt\\\/wp-content\\\/uploads\\\/2025\\\/09\\\/B091-724-1.jpg?v=1763565165\",\"contentUrl\":\"https:\\\/\\\/rutana.lt\\\/wp-content\\\/uploads\\\/2025\\\/09\\\/B091-724-1.jpg?v=1763565165\",\"width\":500,\"height\":500},{\"@type\":\"BreadcrumbList\",\"@id\":\"https:\\\/\\\/rutana.lt\\\/produktas\\\/persiku-nektaras-250-ml-stikliniame-butelyje-granini\\\/#breadcrumb\",\"itemListElement\":[{\"@type\":\"ListItem\",\"position\":1,\"name\":\"Home\",\"item\":\"https:\\\/\\\/rutana.lt\\\/\"},{\"@type\":\"ListItem\",\"position\":2,\"name\":\"Parduotuv\u0117\",\"item\":\"https:\\\/\\\/rutana.lt\\\/parduotuve\\\/\"},{\"@type\":\"ListItem\",\"position\":3,\"name\":\"Persik\u0173 nektaras 250 ml stikliniame butelyje Granini\"}]},{\"@type\":\"WebSite\",\"@id\":\"https:\\\/\\\/rutana.lt\\\/#website\",\"url\":\"https:\\\/\\\/rutana.lt\\\/\",\"name\":\"Rutana - Ra\u0161tin\u0117s reikmenys\",\"description\":\"Prekiaujame pasaulin\u0117je rinkoje pripa\u017eintomis, kokybi\u0161komis biuro prek\u0117mis toki\u0173  gamintoj\u0173 kaip: Schneider, Esselte, Novus, 3M, Faber-Castell, Citizen, Milan, Leitz, Colop, Zebra, Staedtler, Durable, Tork, Parker, Waterman ir kt.\",\"publisher\":{\"@id\":\"https:\\\/\\\/rutana.lt\\\/#organization\"},\"potentialAction\":[{\"@type\":\"SearchAction\",\"target\":{\"@type\":\"EntryPoint\",\"urlTemplate\":\"https:\\\/\\\/rutana.lt\\\/?s={search_term_string}\"},\"query-input\":{\"@type\":\"PropertyValueSpecification\",\"valueRequired\":true,\"valueName\":\"search_term_string\"}}],\"inLanguage\":\"en-US\"},{\"@type\":\"Organization\",\"@id\":\"https:\\\/\\\/rutana.lt\\\/#organization\",\"name\":\"Rutana - Ra\u0161tin\u0117s reikmenys\",\"url\":\"https:\\\/\\\/rutana.lt\\\/\",\"logo\":{\"@type\":\"ImageObject\",\"inLanguage\":\"en-US\",\"@id\":\"https:\\\/\\\/rutana.lt\\\/#\\\/schema\\\/logo\\\/image\\\/\",\"url\":\"https:\\\/\\\/rutana.lt\\\/wp-content\\\/uploads\\\/2025\\\/10\\\/Asset-32.png\",\"contentUrl\":\"https:\\\/\\\/rutana.lt\\\/wp-content\\\/uploads\\\/2025\\\/10\\\/Asset-32.png\",\"width\":433,\"height\":119,\"caption\":\"Rutana - Ra\u0161tin\u0117s reikmenys\"},\"image\":{\"@id\":\"https:\\\/\\\/rutana.lt\\\/#\\\/schema\\\/logo\\\/image\\\/\"},\"sameAs\":[\"https:\\\/\\\/www.facebook.com\\\/RutanaKanceliarinesPrekes\\\/\"]}]}<\/script>\n<!-- \/ Yoast SEO plugin. -->","yoast_head_json":{"title":"Persik\u0173 nektaras 250 ml stikliniame butelyje Granini - Rutana - Ra\u0161tin\u0117s reikmenys","robots":{"index":"index","follow":"follow","max-snippet":"max-snippet:-1","max-image-preview":"max-image-preview:large","max-video-preview":"max-video-preview:-1"},"canonical":"https:\/\/rutana.lt\/en\/product\/persiku-nektaras-250-ml-stikliniame-butelyje-granini\/","og_locale":"en_US","og_type":"article","og_title":"Persik\u0173 nektaras 250 ml stikliniame butelyje Granini - Rutana - Ra\u0161tin\u0117s reikmenys","og_description":"Ypatingas persik\u0173 skonis, m\u0117gstantiems saldum\u0105. Sudedamosios dalys: vanduo, persik\u0173 sultys (45%) i\u0161 tyr\u0117s, cukrus, persik\u0173 sultys (5%) i\u0161 koncentruot\u0173 sul\u010di\u0173, koncentruotos citrin\u0173 sultys, antioksidatorius askorbo r\u016bg\u0161tis. Talpa: 250 ml Tara: stiklas Depozitas: kaina nurodyta su depozitu Kilm\u0117s \u0161alis: Pranc\u016bzija","og_url":"https:\/\/rutana.lt\/en\/product\/persiku-nektaras-250-ml-stikliniame-butelyje-granini\/","og_site_name":"Rutana - Ra\u0161tin\u0117s reikmenys","article_publisher":"https:\/\/www.facebook.com\/RutanaKanceliarinesPrekes\/","article_modified_time":"2025-10-13T13:52:29+00:00","og_image":[{"width":500,"height":500,"url":"https:\/\/rutana.lt\/wp-content\/uploads\/2025\/09\/B091-724.jpg","type":"image\/jpeg"}],"twitter_card":"summary_large_image","schema":{"@context":"https:\/\/schema.org","@graph":[{"@type":"WebPage","@id":"https:\/\/rutana.lt\/produktas\/persiku-nektaras-250-ml-stikliniame-butelyje-granini\/","url":"https:\/\/rutana.lt\/produktas\/persiku-nektaras-250-ml-stikliniame-butelyje-granini\/","name":"Persik\u0173 nektaras 250 ml stikliniame butelyje Granini - Rutana - Ra\u0161tin\u0117s reikmenys","isPartOf":{"@id":"https:\/\/rutana.lt\/#website"},"primaryImageOfPage":{"@id":"https:\/\/rutana.lt\/produktas\/persiku-nektaras-250-ml-stikliniame-butelyje-granini\/#primaryimage"},"image":{"@id":"https:\/\/rutana.lt\/produktas\/persiku-nektaras-250-ml-stikliniame-butelyje-granini\/#primaryimage"},"thumbnailUrl":"https:\/\/rutana.lt\/wp-content\/uploads\/2025\/09\/B091-724-1.jpg?v=1763565165","datePublished":"2025-09-03T07:48:13+00:00","dateModified":"2025-10-13T13:52:29+00:00","breadcrumb":{"@id":"https:\/\/rutana.lt\/produktas\/persiku-nektaras-250-ml-stikliniame-butelyje-granini\/#breadcrumb"},"inLanguage":"en-US","potentialAction":[{"@type":"ReadAction","target":["https:\/\/rutana.lt\/produktas\/persiku-nektaras-250-ml-stikliniame-butelyje-granini\/"]}]},{"@type":"ImageObject","inLanguage":"en-US","@id":"https:\/\/rutana.lt\/produktas\/persiku-nektaras-250-ml-stikliniame-butelyje-granini\/#primaryimage","url":"https:\/\/rutana.lt\/wp-content\/uploads\/2025\/09\/B091-724-1.jpg?v=1763565165","contentUrl":"https:\/\/rutana.lt\/wp-content\/uploads\/2025\/09\/B091-724-1.jpg?v=1763565165","width":500,"height":500},{"@type":"BreadcrumbList","@id":"https:\/\/rutana.lt\/produktas\/persiku-nektaras-250-ml-stikliniame-butelyje-granini\/#breadcrumb","itemListElement":[{"@type":"ListItem","position":1,"name":"Home","item":"https:\/\/rutana.lt\/"},{"@type":"ListItem","position":2,"name":"Parduotuv\u0117","item":"https:\/\/rutana.lt\/parduotuve\/"},{"@type":"ListItem","position":3,"name":"Persik\u0173 nektaras 250 ml stikliniame butelyje Granini"}]},{"@type":"WebSite","@id":"https:\/\/rutana.lt\/#website","url":"https:\/\/rutana.lt\/","name":"Rutana - Ra\u0161tin\u0117s reikmenys","description":"Prekiaujame pasaulin\u0117je rinkoje pripa\u017eintomis, kokybi\u0161komis biuro prek\u0117mis toki\u0173  gamintoj\u0173 kaip: Schneider, Esselte, Novus, 3M, Faber-Castell, Citizen, Milan, Leitz, Colop, Zebra, Staedtler, Durable, Tork, Parker, Waterman ir kt.","publisher":{"@id":"https:\/\/rutana.lt\/#organization"},"potentialAction":[{"@type":"SearchAction","target":{"@type":"EntryPoint","urlTemplate":"https:\/\/rutana.lt\/?s={search_term_string}"},"query-input":{"@type":"PropertyValueSpecification","valueRequired":true,"valueName":"search_term_string"}}],"inLanguage":"en-US"},{"@type":"Organization","@id":"https:\/\/rutana.lt\/#organization","name":"Rutana - Ra\u0161tin\u0117s reikmenys","url":"https:\/\/rutana.lt\/","logo":{"@type":"ImageObject","inLanguage":"en-US","@id":"https:\/\/rutana.lt\/#\/schema\/logo\/image\/","url":"https:\/\/rutana.lt\/wp-content\/uploads\/2025\/10\/Asset-32.png","contentUrl":"https:\/\/rutana.lt\/wp-content\/uploads\/2025\/10\/Asset-32.png","width":433,"height":119,"caption":"Rutana - Ra\u0161tin\u0117s reikmenys"},"image":{"@id":"https:\/\/rutana.lt\/#\/schema\/logo\/image\/"},"sameAs":["https:\/\/www.facebook.com\/RutanaKanceliarinesPrekes\/"]}]}},"_links":{"self":[{"href":"https:\/\/rutana.lt\/en\/wp-json\/wp\/v2\/product\/16883","targetHints":{"allow":["GET"]}}],"collection":[{"href":"https:\/\/rutana.lt\/en\/wp-json\/wp\/v2\/product"}],"about":[{"href":"https:\/\/rutana.lt\/en\/wp-json\/wp\/v2\/types\/product"}],"replies":[{"embeddable":true,"href":"https:\/\/rutana.lt\/en\/wp-json\/wp\/v2\/comments?post=16883"}],"version-history":[{"count":1,"href":"https:\/\/rutana.lt\/en\/wp-json\/wp\/v2\/product\/16883\/revisions"}],"predecessor-version":[{"id":16926,"href":"https:\/\/rutana.lt\/en\/wp-json\/wp\/v2\/product\/16883\/revisions\/16926"}],"wp:featuredmedia":[{"embeddable":true,"href":"https:\/\/rutana.lt\/en\/wp-json\/wp\/v2\/media\/29220"}],"wp:attachment":[{"href":"https:\/\/rutana.lt\/en\/wp-json\/wp\/v2\/media?parent=16883"}],"wp:term":[{"taxonomy":"product_brand","embeddable":true,"href":"https:\/\/rutana.lt\/en\/wp-json\/wp\/v2\/product_brand?post=16883"},{"taxonomy":"product_cat","embeddable":true,"href":"https:\/\/rutana.lt\/en\/wp-json\/wp\/v2\/product_cat?post=16883"},{"taxonomy":"product_tag","embeddable":true,"href":"https:\/\/rutana.lt\/en\/wp-json\/wp\/v2\/product_tag?post=16883"}],"curies":[{"name":"wp","href":"https:\/\/api.w.org\/{rel}","templated":true}]}}