{"id":16756,"date":"2025-09-03T09:47:30","date_gmt":"2025-09-03T07:47:30","guid":{"rendered":"https:\/\/rutana.webdemo.lt\/?post_type=product&#038;p=16756"},"modified":"2025-10-27T17:50:30","modified_gmt":"2025-10-27T15:50:30","slug":"arbata-zoleliu-lemon-ginger-20-vnt-ahmad-tea-00020","status":"publish","type":"product","link":"https:\/\/rutana.lt\/en\/product\/arbata-zoleliu-lemon-ginger-20-vnt-ahmad-tea-00020\/","title":{"rendered":"Arbata \u017eoleli\u0173 &#8222;Lemon &#038; Ginger&#8221; 20 vnt. Ahmad Tea 00020"},"content":{"rendered":"<p class=\"MsoNormal\">Skanios citrinos puikiai dera su imbieru ir sukuria nuotaik\u0105, ta\u010diau raminant\u012f g\u0117rim\u0105. Gaivus g\u0117rimas bet kuriuo metu ir labai populiarus po vakarien\u0117s. Sud\u0117tyje n\u0117ra kofeino. Virimas tur\u0117t\u0173 trukti apie 5 minutes. Arbatos mai\u0161eliai su virvel\u0117mis, suvynioti atskirai \u012f folij\u0105, leid\u017eia i\u0161saugoti arbatos skon\u012f ir aromat\u0105.<\/p>\n<p class=\"MsoNormal\">Sud\u0117tis: citrin\u0173 \u017eievel\u0117s, imbieras, obuolys, citrin\u017eol\u0117, svarainiai, kinro\u017e\u0117<\/p>\n<p class=\"MsoNormal\">Kiekis: 20 vnt.<\/p>\n<p class=\"MsoNormal\">Arbatos kiekis pakelyje: 2 g<\/p>\n<div id=\"product-details\" class=\"tab-pane fade\" data-product=\"{\">\n<div class=\"product-out-of-stock\" style=\"box-sizing: inherit;\">Kilm\u0117s \u0161alis: \u012fvair\u016bs regionai, \u012fskaitant Vokietij\u0105, Meksik\u0105, Tailand\u0105, Turkij\u0105, Indij\u0105<\/div>\n<\/div>","protected":false},"excerpt":{"rendered":"<p>Skanios citrinos puikiai dera su imbieru ir sukuria nuotaik\u0105, ta\u010diau raminant\u012f g\u0117rim\u0105. Gaivus g\u0117rimas bet kuriuo metu ir labai populiarus po vakarien\u0117s. Sud\u0117tyje n\u0117ra kofeino. Virimas tur\u0117t\u0173 trukti apie 5 minutes. Arbatos mai\u0161eliai su virvel\u0117mis, suvynioti atskirai \u012f folij\u0105, leid\u017eia i\u0161saugoti arbatos skon\u012f ir aromat\u0105. Sud\u0117tis: citrin\u0173 \u017eievel\u0117s, imbieras, obuolys, citrin\u017eol\u0117, svarainiai, kinro\u017e\u0117 Kiekis: 20 [&hellip;]<\/p>","protected":false},"featured_media":29181,"comment_status":"open","ping_status":"closed","template":"","meta":{"_season_start":"","_season_end":"","_season_days":"","_season_months":"","_season_auto_visibility":"1"},"product_brand":[696],"product_cat":[1834],"product_tag":[],"class_list":{"0":"post-16756","1":"product","2":"type-product","3":"status-publish","4":"has-post-thumbnail","6":"product_brand-ahmad","7":"product_cat-arbata-pakelyje-arbata","9":"first","10":"instock","11":"taxable","12":"shipping-taxable","13":"purchasable","14":"product-type-simple"},"yoast_head":"<!-- This site is optimized with the Yoast SEO plugin v27.4 - https:\/\/yoast.com\/product\/yoast-seo-wordpress\/ -->\n<title>Arbata \u017eoleli\u0173 &quot;Lemon &amp; Ginger&quot; 20 vnt. Ahmad Tea 00020 - Rutana - Ra\u0161tin\u0117s reikmenys<\/title>\n<meta name=\"robots\" content=\"index, follow, max-snippet:-1, max-image-preview:large, max-video-preview:-1\" \/>\n<link rel=\"canonical\" href=\"https:\/\/rutana.lt\/en\/product\/arbata-zoleliu-lemon-ginger-20-vnt-ahmad-tea-00020\/\" \/>\n<meta property=\"og:locale\" content=\"en_US\" \/>\n<meta property=\"og:type\" content=\"article\" \/>\n<meta property=\"og:title\" content=\"Arbata \u017eoleli\u0173 &quot;Lemon &amp; Ginger&quot; 20 vnt. Ahmad Tea 00020 - Rutana - Ra\u0161tin\u0117s reikmenys\" \/>\n<meta property=\"og:description\" content=\"Skanios citrinos puikiai dera su imbieru ir sukuria nuotaik\u0105, ta\u010diau raminant\u012f g\u0117rim\u0105. Gaivus g\u0117rimas bet kuriuo metu ir labai populiarus po vakarien\u0117s. Sud\u0117tyje n\u0117ra kofeino. Virimas tur\u0117t\u0173 trukti apie 5 minutes. Arbatos mai\u0161eliai su virvel\u0117mis, suvynioti atskirai \u012f folij\u0105, leid\u017eia i\u0161saugoti arbatos skon\u012f ir aromat\u0105. Sud\u0117tis: citrin\u0173 \u017eievel\u0117s, imbieras, obuolys, citrin\u017eol\u0117, svarainiai, kinro\u017e\u0117 Kiekis: 20 [&hellip;]\" \/>\n<meta property=\"og:url\" content=\"https:\/\/rutana.lt\/en\/product\/arbata-zoleliu-lemon-ginger-20-vnt-ahmad-tea-00020\/\" \/>\n<meta property=\"og:site_name\" content=\"Rutana - Ra\u0161tin\u0117s reikmenys\" \/>\n<meta property=\"article:publisher\" content=\"https:\/\/www.facebook.com\/RutanaKanceliarinesPrekes\/\" \/>\n<meta property=\"article:modified_time\" content=\"2025-10-27T15:50:30+00:00\" \/>\n<meta property=\"og:image\" content=\"https:\/\/rutana.lt\/wp-content\/uploads\/2025\/09\/B090-376-2.jpg\" \/>\n\t<meta property=\"og:image:width\" content=\"600\" \/>\n\t<meta property=\"og:image:height\" content=\"600\" \/>\n\t<meta property=\"og:image:type\" content=\"image\/jpeg\" \/>\n<meta name=\"twitter:card\" content=\"summary_large_image\" \/>\n<meta name=\"twitter:label1\" content=\"Est. reading time\" \/>\n\t<meta name=\"twitter:data1\" content=\"1 minute\" \/>\n<script type=\"application\/ld+json\" class=\"yoast-schema-graph\">{\"@context\":\"https:\\\/\\\/schema.org\",\"@graph\":[{\"@type\":\"WebPage\",\"@id\":\"https:\\\/\\\/rutana.lt\\\/produktas\\\/arbata-zoleliu-lemon-ginger-20-vnt-ahmad-tea-00020\\\/\",\"url\":\"https:\\\/\\\/rutana.lt\\\/produktas\\\/arbata-zoleliu-lemon-ginger-20-vnt-ahmad-tea-00020\\\/\",\"name\":\"Arbata \u017eoleli\u0173 \\\"Lemon & Ginger\\\" 20 vnt. Ahmad Tea 00020 - Rutana - Ra\u0161tin\u0117s reikmenys\",\"isPartOf\":{\"@id\":\"https:\\\/\\\/rutana.lt\\\/#website\"},\"primaryImageOfPage\":{\"@id\":\"https:\\\/\\\/rutana.lt\\\/produktas\\\/arbata-zoleliu-lemon-ginger-20-vnt-ahmad-tea-00020\\\/#primaryimage\"},\"image\":{\"@id\":\"https:\\\/\\\/rutana.lt\\\/produktas\\\/arbata-zoleliu-lemon-ginger-20-vnt-ahmad-tea-00020\\\/#primaryimage\"},\"thumbnailUrl\":\"https:\\\/\\\/rutana.lt\\\/wp-content\\\/uploads\\\/2025\\\/09\\\/B090-376-2.jpg?v=1763565220\",\"datePublished\":\"2025-09-03T07:47:30+00:00\",\"dateModified\":\"2025-10-27T15:50:30+00:00\",\"breadcrumb\":{\"@id\":\"https:\\\/\\\/rutana.lt\\\/produktas\\\/arbata-zoleliu-lemon-ginger-20-vnt-ahmad-tea-00020\\\/#breadcrumb\"},\"inLanguage\":\"en-US\",\"potentialAction\":[{\"@type\":\"ReadAction\",\"target\":[\"https:\\\/\\\/rutana.lt\\\/produktas\\\/arbata-zoleliu-lemon-ginger-20-vnt-ahmad-tea-00020\\\/\"]}]},{\"@type\":\"ImageObject\",\"inLanguage\":\"en-US\",\"@id\":\"https:\\\/\\\/rutana.lt\\\/produktas\\\/arbata-zoleliu-lemon-ginger-20-vnt-ahmad-tea-00020\\\/#primaryimage\",\"url\":\"https:\\\/\\\/rutana.lt\\\/wp-content\\\/uploads\\\/2025\\\/09\\\/B090-376-2.jpg?v=1763565220\",\"contentUrl\":\"https:\\\/\\\/rutana.lt\\\/wp-content\\\/uploads\\\/2025\\\/09\\\/B090-376-2.jpg?v=1763565220\",\"width\":600,\"height\":600},{\"@type\":\"BreadcrumbList\",\"@id\":\"https:\\\/\\\/rutana.lt\\\/produktas\\\/arbata-zoleliu-lemon-ginger-20-vnt-ahmad-tea-00020\\\/#breadcrumb\",\"itemListElement\":[{\"@type\":\"ListItem\",\"position\":1,\"name\":\"Home\",\"item\":\"https:\\\/\\\/rutana.lt\\\/\"},{\"@type\":\"ListItem\",\"position\":2,\"name\":\"Parduotuv\u0117\",\"item\":\"https:\\\/\\\/rutana.lt\\\/parduotuve\\\/\"},{\"@type\":\"ListItem\",\"position\":3,\"name\":\"Arbata \u017eoleli\u0173 &#8222;Lemon &#038; Ginger&#8221; 20 vnt. Ahmad Tea 00020\"}]},{\"@type\":\"WebSite\",\"@id\":\"https:\\\/\\\/rutana.lt\\\/#website\",\"url\":\"https:\\\/\\\/rutana.lt\\\/\",\"name\":\"Rutana - Ra\u0161tin\u0117s reikmenys\",\"description\":\"Prekiaujame pasaulin\u0117je rinkoje pripa\u017eintomis, kokybi\u0161komis biuro prek\u0117mis toki\u0173  gamintoj\u0173 kaip: Schneider, Esselte, Novus, 3M, Faber-Castell, Citizen, Milan, Leitz, Colop, Zebra, Staedtler, Durable, Tork, Parker, Waterman ir kt.\",\"publisher\":{\"@id\":\"https:\\\/\\\/rutana.lt\\\/#organization\"},\"potentialAction\":[{\"@type\":\"SearchAction\",\"target\":{\"@type\":\"EntryPoint\",\"urlTemplate\":\"https:\\\/\\\/rutana.lt\\\/?s={search_term_string}\"},\"query-input\":{\"@type\":\"PropertyValueSpecification\",\"valueRequired\":true,\"valueName\":\"search_term_string\"}}],\"inLanguage\":\"en-US\"},{\"@type\":\"Organization\",\"@id\":\"https:\\\/\\\/rutana.lt\\\/#organization\",\"name\":\"Rutana - Ra\u0161tin\u0117s reikmenys\",\"url\":\"https:\\\/\\\/rutana.lt\\\/\",\"logo\":{\"@type\":\"ImageObject\",\"inLanguage\":\"en-US\",\"@id\":\"https:\\\/\\\/rutana.lt\\\/#\\\/schema\\\/logo\\\/image\\\/\",\"url\":\"https:\\\/\\\/rutana.lt\\\/wp-content\\\/uploads\\\/2025\\\/10\\\/Asset-32.png\",\"contentUrl\":\"https:\\\/\\\/rutana.lt\\\/wp-content\\\/uploads\\\/2025\\\/10\\\/Asset-32.png\",\"width\":433,\"height\":119,\"caption\":\"Rutana - Ra\u0161tin\u0117s reikmenys\"},\"image\":{\"@id\":\"https:\\\/\\\/rutana.lt\\\/#\\\/schema\\\/logo\\\/image\\\/\"},\"sameAs\":[\"https:\\\/\\\/www.facebook.com\\\/RutanaKanceliarinesPrekes\\\/\"]}]}<\/script>\n<!-- \/ Yoast SEO plugin. -->","yoast_head_json":{"title":"Arbata \u017eoleli\u0173 \"Lemon & Ginger\" 20 vnt. Ahmad Tea 00020 - Rutana - Ra\u0161tin\u0117s reikmenys","robots":{"index":"index","follow":"follow","max-snippet":"max-snippet:-1","max-image-preview":"max-image-preview:large","max-video-preview":"max-video-preview:-1"},"canonical":"https:\/\/rutana.lt\/en\/product\/arbata-zoleliu-lemon-ginger-20-vnt-ahmad-tea-00020\/","og_locale":"en_US","og_type":"article","og_title":"Arbata \u017eoleli\u0173 \"Lemon & Ginger\" 20 vnt. Ahmad Tea 00020 - Rutana - Ra\u0161tin\u0117s reikmenys","og_description":"Skanios citrinos puikiai dera su imbieru ir sukuria nuotaik\u0105, ta\u010diau raminant\u012f g\u0117rim\u0105. Gaivus g\u0117rimas bet kuriuo metu ir labai populiarus po vakarien\u0117s. Sud\u0117tyje n\u0117ra kofeino. Virimas tur\u0117t\u0173 trukti apie 5 minutes. Arbatos mai\u0161eliai su virvel\u0117mis, suvynioti atskirai \u012f folij\u0105, leid\u017eia i\u0161saugoti arbatos skon\u012f ir aromat\u0105. Sud\u0117tis: citrin\u0173 \u017eievel\u0117s, imbieras, obuolys, citrin\u017eol\u0117, svarainiai, kinro\u017e\u0117 Kiekis: 20 [&hellip;]","og_url":"https:\/\/rutana.lt\/en\/product\/arbata-zoleliu-lemon-ginger-20-vnt-ahmad-tea-00020\/","og_site_name":"Rutana - Ra\u0161tin\u0117s reikmenys","article_publisher":"https:\/\/www.facebook.com\/RutanaKanceliarinesPrekes\/","article_modified_time":"2025-10-27T15:50:30+00:00","og_image":[{"width":600,"height":600,"url":"https:\/\/rutana.lt\/wp-content\/uploads\/2025\/09\/B090-376-2.jpg","type":"image\/jpeg"}],"twitter_card":"summary_large_image","twitter_misc":{"Est. reading time":"1 minute"},"schema":{"@context":"https:\/\/schema.org","@graph":[{"@type":"WebPage","@id":"https:\/\/rutana.lt\/produktas\/arbata-zoleliu-lemon-ginger-20-vnt-ahmad-tea-00020\/","url":"https:\/\/rutana.lt\/produktas\/arbata-zoleliu-lemon-ginger-20-vnt-ahmad-tea-00020\/","name":"Arbata \u017eoleli\u0173 \"Lemon & Ginger\" 20 vnt. Ahmad Tea 00020 - Rutana - Ra\u0161tin\u0117s reikmenys","isPartOf":{"@id":"https:\/\/rutana.lt\/#website"},"primaryImageOfPage":{"@id":"https:\/\/rutana.lt\/produktas\/arbata-zoleliu-lemon-ginger-20-vnt-ahmad-tea-00020\/#primaryimage"},"image":{"@id":"https:\/\/rutana.lt\/produktas\/arbata-zoleliu-lemon-ginger-20-vnt-ahmad-tea-00020\/#primaryimage"},"thumbnailUrl":"https:\/\/rutana.lt\/wp-content\/uploads\/2025\/09\/B090-376-2.jpg?v=1763565220","datePublished":"2025-09-03T07:47:30+00:00","dateModified":"2025-10-27T15:50:30+00:00","breadcrumb":{"@id":"https:\/\/rutana.lt\/produktas\/arbata-zoleliu-lemon-ginger-20-vnt-ahmad-tea-00020\/#breadcrumb"},"inLanguage":"en-US","potentialAction":[{"@type":"ReadAction","target":["https:\/\/rutana.lt\/produktas\/arbata-zoleliu-lemon-ginger-20-vnt-ahmad-tea-00020\/"]}]},{"@type":"ImageObject","inLanguage":"en-US","@id":"https:\/\/rutana.lt\/produktas\/arbata-zoleliu-lemon-ginger-20-vnt-ahmad-tea-00020\/#primaryimage","url":"https:\/\/rutana.lt\/wp-content\/uploads\/2025\/09\/B090-376-2.jpg?v=1763565220","contentUrl":"https:\/\/rutana.lt\/wp-content\/uploads\/2025\/09\/B090-376-2.jpg?v=1763565220","width":600,"height":600},{"@type":"BreadcrumbList","@id":"https:\/\/rutana.lt\/produktas\/arbata-zoleliu-lemon-ginger-20-vnt-ahmad-tea-00020\/#breadcrumb","itemListElement":[{"@type":"ListItem","position":1,"name":"Home","item":"https:\/\/rutana.lt\/"},{"@type":"ListItem","position":2,"name":"Parduotuv\u0117","item":"https:\/\/rutana.lt\/parduotuve\/"},{"@type":"ListItem","position":3,"name":"Arbata \u017eoleli\u0173 &#8222;Lemon &#038; Ginger&#8221; 20 vnt. Ahmad Tea 00020"}]},{"@type":"WebSite","@id":"https:\/\/rutana.lt\/#website","url":"https:\/\/rutana.lt\/","name":"Rutana - Ra\u0161tin\u0117s reikmenys","description":"Prekiaujame pasaulin\u0117je rinkoje pripa\u017eintomis, kokybi\u0161komis biuro prek\u0117mis toki\u0173  gamintoj\u0173 kaip: Schneider, Esselte, Novus, 3M, Faber-Castell, Citizen, Milan, Leitz, Colop, Zebra, Staedtler, Durable, Tork, Parker, Waterman ir kt.","publisher":{"@id":"https:\/\/rutana.lt\/#organization"},"potentialAction":[{"@type":"SearchAction","target":{"@type":"EntryPoint","urlTemplate":"https:\/\/rutana.lt\/?s={search_term_string}"},"query-input":{"@type":"PropertyValueSpecification","valueRequired":true,"valueName":"search_term_string"}}],"inLanguage":"en-US"},{"@type":"Organization","@id":"https:\/\/rutana.lt\/#organization","name":"Rutana - Ra\u0161tin\u0117s reikmenys","url":"https:\/\/rutana.lt\/","logo":{"@type":"ImageObject","inLanguage":"en-US","@id":"https:\/\/rutana.lt\/#\/schema\/logo\/image\/","url":"https:\/\/rutana.lt\/wp-content\/uploads\/2025\/10\/Asset-32.png","contentUrl":"https:\/\/rutana.lt\/wp-content\/uploads\/2025\/10\/Asset-32.png","width":433,"height":119,"caption":"Rutana - Ra\u0161tin\u0117s reikmenys"},"image":{"@id":"https:\/\/rutana.lt\/#\/schema\/logo\/image\/"},"sameAs":["https:\/\/www.facebook.com\/RutanaKanceliarinesPrekes\/"]}]}},"_links":{"self":[{"href":"https:\/\/rutana.lt\/en\/wp-json\/wp\/v2\/product\/16756","targetHints":{"allow":["GET"]}}],"collection":[{"href":"https:\/\/rutana.lt\/en\/wp-json\/wp\/v2\/product"}],"about":[{"href":"https:\/\/rutana.lt\/en\/wp-json\/wp\/v2\/types\/product"}],"replies":[{"embeddable":true,"href":"https:\/\/rutana.lt\/en\/wp-json\/wp\/v2\/comments?post=16756"}],"version-history":[{"count":2,"href":"https:\/\/rutana.lt\/en\/wp-json\/wp\/v2\/product\/16756\/revisions"}],"predecessor-version":[{"id":33398,"href":"https:\/\/rutana.lt\/en\/wp-json\/wp\/v2\/product\/16756\/revisions\/33398"}],"wp:featuredmedia":[{"embeddable":true,"href":"https:\/\/rutana.lt\/en\/wp-json\/wp\/v2\/media\/29181"}],"wp:attachment":[{"href":"https:\/\/rutana.lt\/en\/wp-json\/wp\/v2\/media?parent=16756"}],"wp:term":[{"taxonomy":"product_brand","embeddable":true,"href":"https:\/\/rutana.lt\/en\/wp-json\/wp\/v2\/product_brand?post=16756"},{"taxonomy":"product_cat","embeddable":true,"href":"https:\/\/rutana.lt\/en\/wp-json\/wp\/v2\/product_cat?post=16756"},{"taxonomy":"product_tag","embeddable":true,"href":"https:\/\/rutana.lt\/en\/wp-json\/wp\/v2\/product_tag?post=16756"}],"curies":[{"name":"wp","href":"https:\/\/api.w.org\/{rel}","templated":true}]}}