{"id":16755,"date":"2025-09-03T09:47:29","date_gmt":"2025-09-03T07:47:29","guid":{"rendered":"https:\/\/rutana.webdemo.lt\/?post_type=product&#038;p=16755"},"modified":"2025-10-27T17:52:30","modified_gmt":"2025-10-27T15:52:30","slug":"arbata-zoleliu-detox-20-vnt-ahmad-tea-01366","status":"publish","type":"product","link":"https:\/\/rutana.lt\/en\/product\/arbata-zoleliu-detox-20-vnt-ahmad-tea-01366\/","title":{"rendered":"Arbata \u017eoleli\u0173 &#8222;Detox&#8221; 20 vnt. Ahmad Tea 01366"},"content":{"rendered":"<p class=\"MsoNormal\">\u201eAhmad Tea Detox\u201c mi\u0161inys si\u016blo 100% nat\u016brali\u0173 ingredient\u0173 balans\u0105, kurie kartu sukuria gaivinant\u012f mi\u0161in\u012f, kad vis\u0105 dien\u0105 b\u016bt\u0173 sutelktas d\u0117mesys. Atsi\u017evelgiant \u012f tai, Detox Blend yra be kofeino, be dirbtini\u0173 skoni\u0173 ar saldikli\u0173. Tod\u0117l sudedamosiose dalyse gausu nat\u016bralaus g\u0117rio, u\u017epildytos \u017eemi\u0161komis maistin\u0117mis med\u017eiagomis ir mineralais. Su puikiu skani\u0173 juod\u0173j\u0173 serbent\u0173 ir kvapi\u0173j\u0173 kiaulpieni\u0173 bei rozmarin\u0173 kvap\u0173 deriniu. I\u0161bandykite Detox mi\u0161in\u012f, kad gautum\u0117te skan\u0173 \u017eali\u0173, nat\u016brali\u0173 skoni\u0173 u\u017epil\u0105. Sud\u0117tyje n\u0117ra kofeino. Virimas tur\u0117t\u0173 trukti apie 5 minutes. Arbatos mai\u0161eliai su virvel\u0117mis, suvynioti atskirai \u012f folij\u0105, leid\u017eia i\u0161saugoti arbatos skon\u012f ir aromat\u0105.<\/p>\n<p class=\"MsoNormal\">Sud\u0117tis: Pankoliai 14%, pipirm\u0117t\u0117s 14%, ber\u017eo lapai 13%, rozmarinas 13%, kiaulpien\u0117s \u0161aknis 11%, kiaulpien\u0117s \u017eol\u0117 11%, dilg\u0117li\u0173 lapai 10%, imbiero \u0161aknis 10%, sald\u017ei\u0173j\u0173 gervuogi\u0173 lapai 4%.<\/p>\n<p class=\"MsoNormal\">Kiekis: 20 vnt.<\/p>\n<p class=\"MsoNormal\">Arbatos kiekis pakelyje: 2 g<\/p>\n<div id=\"product-details\" class=\"tab-pane fade\" data-product=\"{\">\n<div class=\"product-out-of-stock\" style=\"box-sizing: inherit;\">Kilm\u0117s \u0161alis: \u012fvair\u016bs regionai, \u012fskaitant JAV, Bulgarij\u0105, Turkij\u0105, Vengrij\u0105, Lenkij\u0105, Vokietij\u0105<\/div>\n<\/div>\n<p class=\"MsoNormal\" style=\"line-height: normal;\">","protected":false},"excerpt":{"rendered":"<p>\u201eAhmad Tea Detox\u201c mi\u0161inys si\u016blo 100% nat\u016brali\u0173 ingredient\u0173 balans\u0105, kurie kartu sukuria gaivinant\u012f mi\u0161in\u012f, kad vis\u0105 dien\u0105 b\u016bt\u0173 sutelktas d\u0117mesys. Atsi\u017evelgiant \u012f tai, Detox Blend yra be kofeino, be dirbtini\u0173 skoni\u0173 ar saldikli\u0173. Tod\u0117l sudedamosiose dalyse gausu nat\u016bralaus g\u0117rio, u\u017epildytos \u017eemi\u0161komis maistin\u0117mis med\u017eiagomis ir mineralais. Su puikiu skani\u0173 juod\u0173j\u0173 serbent\u0173 ir kvapi\u0173j\u0173 kiaulpieni\u0173 bei rozmarin\u0173 [&hellip;]<\/p>","protected":false},"featured_media":29180,"comment_status":"open","ping_status":"closed","template":"","meta":{"_season_start":"","_season_end":"","_season_days":"","_season_months":"","_season_auto_visibility":"1"},"product_brand":[696],"product_cat":[1834],"product_tag":[],"class_list":{"0":"post-16755","1":"product","2":"type-product","3":"status-publish","4":"has-post-thumbnail","6":"product_brand-ahmad","7":"product_cat-arbata-pakelyje-arbata","9":"first","10":"instock","11":"taxable","12":"shipping-taxable","13":"purchasable","14":"product-type-simple"},"yoast_head":"<!-- This site is optimized with the Yoast SEO plugin v26.1.1 - https:\/\/yoast.com\/wordpress\/plugins\/seo\/ -->\n<title>Arbata \u017eoleli\u0173 &quot;Detox&quot; 20 vnt. Ahmad Tea 01366 - Rutana - Ra\u0161tin\u0117s reikmenys<\/title>\n<meta name=\"robots\" content=\"index, follow, max-snippet:-1, max-image-preview:large, max-video-preview:-1\" \/>\n<link rel=\"canonical\" href=\"https:\/\/rutana.lt\/en\/product\/arbata-zoleliu-detox-20-vnt-ahmad-tea-01366\/\" \/>\n<meta property=\"og:locale\" content=\"en_US\" \/>\n<meta property=\"og:type\" content=\"article\" \/>\n<meta property=\"og:title\" content=\"Arbata \u017eoleli\u0173 &quot;Detox&quot; 20 vnt. Ahmad Tea 01366 - Rutana - Ra\u0161tin\u0117s reikmenys\" \/>\n<meta property=\"og:description\" content=\"\u201eAhmad Tea Detox\u201c mi\u0161inys si\u016blo 100% nat\u016brali\u0173 ingredient\u0173 balans\u0105, kurie kartu sukuria gaivinant\u012f mi\u0161in\u012f, kad vis\u0105 dien\u0105 b\u016bt\u0173 sutelktas d\u0117mesys. Atsi\u017evelgiant \u012f tai, Detox Blend yra be kofeino, be dirbtini\u0173 skoni\u0173 ar saldikli\u0173. Tod\u0117l sudedamosiose dalyse gausu nat\u016bralaus g\u0117rio, u\u017epildytos \u017eemi\u0161komis maistin\u0117mis med\u017eiagomis ir mineralais. Su puikiu skani\u0173 juod\u0173j\u0173 serbent\u0173 ir kvapi\u0173j\u0173 kiaulpieni\u0173 bei rozmarin\u0173 [&hellip;]\" \/>\n<meta property=\"og:url\" content=\"https:\/\/rutana.lt\/en\/product\/arbata-zoleliu-detox-20-vnt-ahmad-tea-01366\/\" \/>\n<meta property=\"og:site_name\" content=\"Rutana - Ra\u0161tin\u0117s reikmenys\" \/>\n<meta property=\"article:publisher\" content=\"https:\/\/www.facebook.com\/RutanaKanceliarinesPrekes\/\" \/>\n<meta property=\"article:modified_time\" content=\"2025-10-27T15:52:30+00:00\" \/>\n<meta property=\"og:image\" content=\"https:\/\/rutana.lt\/wp-content\/uploads\/2025\/09\/B090-396-2.jpg\" \/>\n\t<meta property=\"og:image:width\" content=\"600\" \/>\n\t<meta property=\"og:image:height\" content=\"600\" \/>\n\t<meta property=\"og:image:type\" content=\"image\/jpeg\" \/>\n<meta name=\"twitter:card\" content=\"summary_large_image\" \/>\n<meta name=\"twitter:label1\" content=\"Est. reading time\" \/>\n\t<meta name=\"twitter:data1\" content=\"1 minute\" \/>\n<script type=\"application\/ld+json\" class=\"yoast-schema-graph\">{\"@context\":\"https:\/\/schema.org\",\"@graph\":[{\"@type\":\"WebPage\",\"@id\":\"https:\/\/rutana.lt\/produktas\/arbata-zoleliu-detox-20-vnt-ahmad-tea-01366\/\",\"url\":\"https:\/\/rutana.lt\/produktas\/arbata-zoleliu-detox-20-vnt-ahmad-tea-01366\/\",\"name\":\"Arbata \u017eoleli\u0173 \\\"Detox\\\" 20 vnt. Ahmad Tea 01366 - Rutana - Ra\u0161tin\u0117s reikmenys\",\"isPartOf\":{\"@id\":\"https:\/\/rutana.lt\/#website\"},\"primaryImageOfPage\":{\"@id\":\"https:\/\/rutana.lt\/produktas\/arbata-zoleliu-detox-20-vnt-ahmad-tea-01366\/#primaryimage\"},\"image\":{\"@id\":\"https:\/\/rutana.lt\/produktas\/arbata-zoleliu-detox-20-vnt-ahmad-tea-01366\/#primaryimage\"},\"thumbnailUrl\":\"https:\/\/rutana.lt\/wp-content\/uploads\/2025\/09\/B090-396-2.jpg?v=1763565218\",\"datePublished\":\"2025-09-03T07:47:29+00:00\",\"dateModified\":\"2025-10-27T15:52:30+00:00\",\"breadcrumb\":{\"@id\":\"https:\/\/rutana.lt\/produktas\/arbata-zoleliu-detox-20-vnt-ahmad-tea-01366\/#breadcrumb\"},\"inLanguage\":\"en-US\",\"potentialAction\":[{\"@type\":\"ReadAction\",\"target\":[\"https:\/\/rutana.lt\/produktas\/arbata-zoleliu-detox-20-vnt-ahmad-tea-01366\/\"]}]},{\"@type\":\"ImageObject\",\"inLanguage\":\"en-US\",\"@id\":\"https:\/\/rutana.lt\/produktas\/arbata-zoleliu-detox-20-vnt-ahmad-tea-01366\/#primaryimage\",\"url\":\"https:\/\/rutana.lt\/wp-content\/uploads\/2025\/09\/B090-396-2.jpg?v=1763565218\",\"contentUrl\":\"https:\/\/rutana.lt\/wp-content\/uploads\/2025\/09\/B090-396-2.jpg?v=1763565218\",\"width\":600,\"height\":600},{\"@type\":\"BreadcrumbList\",\"@id\":\"https:\/\/rutana.lt\/produktas\/arbata-zoleliu-detox-20-vnt-ahmad-tea-01366\/#breadcrumb\",\"itemListElement\":[{\"@type\":\"ListItem\",\"position\":1,\"name\":\"Home\",\"item\":\"https:\/\/rutana.lt\/\"},{\"@type\":\"ListItem\",\"position\":2,\"name\":\"Parduotuv\u0117\",\"item\":\"https:\/\/rutana.lt\/parduotuve\/\"},{\"@type\":\"ListItem\",\"position\":3,\"name\":\"Arbata \u017eoleli\u0173 &#8222;Detox&#8221; 20 vnt. Ahmad Tea 01366\"}]},{\"@type\":\"WebSite\",\"@id\":\"https:\/\/rutana.lt\/#website\",\"url\":\"https:\/\/rutana.lt\/\",\"name\":\"Rutana - Ra\u0161tin\u0117s reikmenys\",\"description\":\"Prekiaujame pasaulin\u0117je rinkoje pripa\u017eintomis, kokybi\u0161komis biuro prek\u0117mis toki\u0173  gamintoj\u0173 kaip: Schneider, Esselte, Novus, 3M, Faber-Castell, Citizen, Milan, Leitz, Colop, Zebra, Staedtler, Durable, Tork, Parker, Waterman ir kt.\",\"publisher\":{\"@id\":\"https:\/\/rutana.lt\/#organization\"},\"potentialAction\":[{\"@type\":\"SearchAction\",\"target\":{\"@type\":\"EntryPoint\",\"urlTemplate\":\"https:\/\/rutana.lt\/?s={search_term_string}\"},\"query-input\":{\"@type\":\"PropertyValueSpecification\",\"valueRequired\":true,\"valueName\":\"search_term_string\"}}],\"inLanguage\":\"en-US\"},{\"@type\":\"Organization\",\"@id\":\"https:\/\/rutana.lt\/#organization\",\"name\":\"Rutana - Ra\u0161tin\u0117s reikmenys\",\"url\":\"https:\/\/rutana.lt\/\",\"logo\":{\"@type\":\"ImageObject\",\"inLanguage\":\"en-US\",\"@id\":\"https:\/\/rutana.lt\/#\/schema\/logo\/image\/\",\"url\":\"https:\/\/rutana.lt\/wp-content\/uploads\/2025\/10\/Asset-32.png\",\"contentUrl\":\"https:\/\/rutana.lt\/wp-content\/uploads\/2025\/10\/Asset-32.png\",\"width\":433,\"height\":119,\"caption\":\"Rutana - Ra\u0161tin\u0117s reikmenys\"},\"image\":{\"@id\":\"https:\/\/rutana.lt\/#\/schema\/logo\/image\/\"},\"sameAs\":[\"https:\/\/www.facebook.com\/RutanaKanceliarinesPrekes\/\"]}]}<\/script>\n<!-- \/ Yoast SEO plugin. -->","yoast_head_json":{"title":"Arbata \u017eoleli\u0173 \"Detox\" 20 vnt. Ahmad Tea 01366 - Rutana - Ra\u0161tin\u0117s reikmenys","robots":{"index":"index","follow":"follow","max-snippet":"max-snippet:-1","max-image-preview":"max-image-preview:large","max-video-preview":"max-video-preview:-1"},"canonical":"https:\/\/rutana.lt\/en\/product\/arbata-zoleliu-detox-20-vnt-ahmad-tea-01366\/","og_locale":"en_US","og_type":"article","og_title":"Arbata \u017eoleli\u0173 \"Detox\" 20 vnt. Ahmad Tea 01366 - Rutana - Ra\u0161tin\u0117s reikmenys","og_description":"\u201eAhmad Tea Detox\u201c mi\u0161inys si\u016blo 100% nat\u016brali\u0173 ingredient\u0173 balans\u0105, kurie kartu sukuria gaivinant\u012f mi\u0161in\u012f, kad vis\u0105 dien\u0105 b\u016bt\u0173 sutelktas d\u0117mesys. Atsi\u017evelgiant \u012f tai, Detox Blend yra be kofeino, be dirbtini\u0173 skoni\u0173 ar saldikli\u0173. Tod\u0117l sudedamosiose dalyse gausu nat\u016bralaus g\u0117rio, u\u017epildytos \u017eemi\u0161komis maistin\u0117mis med\u017eiagomis ir mineralais. Su puikiu skani\u0173 juod\u0173j\u0173 serbent\u0173 ir kvapi\u0173j\u0173 kiaulpieni\u0173 bei rozmarin\u0173 [&hellip;]","og_url":"https:\/\/rutana.lt\/en\/product\/arbata-zoleliu-detox-20-vnt-ahmad-tea-01366\/","og_site_name":"Rutana - Ra\u0161tin\u0117s reikmenys","article_publisher":"https:\/\/www.facebook.com\/RutanaKanceliarinesPrekes\/","article_modified_time":"2025-10-27T15:52:30+00:00","og_image":[{"width":600,"height":600,"url":"https:\/\/rutana.lt\/wp-content\/uploads\/2025\/09\/B090-396-2.jpg","type":"image\/jpeg"}],"twitter_card":"summary_large_image","twitter_misc":{"Est. reading time":"1 minute"},"schema":{"@context":"https:\/\/schema.org","@graph":[{"@type":"WebPage","@id":"https:\/\/rutana.lt\/produktas\/arbata-zoleliu-detox-20-vnt-ahmad-tea-01366\/","url":"https:\/\/rutana.lt\/produktas\/arbata-zoleliu-detox-20-vnt-ahmad-tea-01366\/","name":"Arbata \u017eoleli\u0173 \"Detox\" 20 vnt. Ahmad Tea 01366 - Rutana - Ra\u0161tin\u0117s reikmenys","isPartOf":{"@id":"https:\/\/rutana.lt\/#website"},"primaryImageOfPage":{"@id":"https:\/\/rutana.lt\/produktas\/arbata-zoleliu-detox-20-vnt-ahmad-tea-01366\/#primaryimage"},"image":{"@id":"https:\/\/rutana.lt\/produktas\/arbata-zoleliu-detox-20-vnt-ahmad-tea-01366\/#primaryimage"},"thumbnailUrl":"https:\/\/rutana.lt\/wp-content\/uploads\/2025\/09\/B090-396-2.jpg?v=1763565218","datePublished":"2025-09-03T07:47:29+00:00","dateModified":"2025-10-27T15:52:30+00:00","breadcrumb":{"@id":"https:\/\/rutana.lt\/produktas\/arbata-zoleliu-detox-20-vnt-ahmad-tea-01366\/#breadcrumb"},"inLanguage":"en-US","potentialAction":[{"@type":"ReadAction","target":["https:\/\/rutana.lt\/produktas\/arbata-zoleliu-detox-20-vnt-ahmad-tea-01366\/"]}]},{"@type":"ImageObject","inLanguage":"en-US","@id":"https:\/\/rutana.lt\/produktas\/arbata-zoleliu-detox-20-vnt-ahmad-tea-01366\/#primaryimage","url":"https:\/\/rutana.lt\/wp-content\/uploads\/2025\/09\/B090-396-2.jpg?v=1763565218","contentUrl":"https:\/\/rutana.lt\/wp-content\/uploads\/2025\/09\/B090-396-2.jpg?v=1763565218","width":600,"height":600},{"@type":"BreadcrumbList","@id":"https:\/\/rutana.lt\/produktas\/arbata-zoleliu-detox-20-vnt-ahmad-tea-01366\/#breadcrumb","itemListElement":[{"@type":"ListItem","position":1,"name":"Home","item":"https:\/\/rutana.lt\/"},{"@type":"ListItem","position":2,"name":"Parduotuv\u0117","item":"https:\/\/rutana.lt\/parduotuve\/"},{"@type":"ListItem","position":3,"name":"Arbata \u017eoleli\u0173 &#8222;Detox&#8221; 20 vnt. Ahmad Tea 01366"}]},{"@type":"WebSite","@id":"https:\/\/rutana.lt\/#website","url":"https:\/\/rutana.lt\/","name":"Rutana - Ra\u0161tin\u0117s reikmenys","description":"Prekiaujame pasaulin\u0117je rinkoje pripa\u017eintomis, kokybi\u0161komis biuro prek\u0117mis toki\u0173  gamintoj\u0173 kaip: Schneider, Esselte, Novus, 3M, Faber-Castell, Citizen, Milan, Leitz, Colop, Zebra, Staedtler, Durable, Tork, Parker, Waterman ir kt.","publisher":{"@id":"https:\/\/rutana.lt\/#organization"},"potentialAction":[{"@type":"SearchAction","target":{"@type":"EntryPoint","urlTemplate":"https:\/\/rutana.lt\/?s={search_term_string}"},"query-input":{"@type":"PropertyValueSpecification","valueRequired":true,"valueName":"search_term_string"}}],"inLanguage":"en-US"},{"@type":"Organization","@id":"https:\/\/rutana.lt\/#organization","name":"Rutana - Ra\u0161tin\u0117s reikmenys","url":"https:\/\/rutana.lt\/","logo":{"@type":"ImageObject","inLanguage":"en-US","@id":"https:\/\/rutana.lt\/#\/schema\/logo\/image\/","url":"https:\/\/rutana.lt\/wp-content\/uploads\/2025\/10\/Asset-32.png","contentUrl":"https:\/\/rutana.lt\/wp-content\/uploads\/2025\/10\/Asset-32.png","width":433,"height":119,"caption":"Rutana - Ra\u0161tin\u0117s reikmenys"},"image":{"@id":"https:\/\/rutana.lt\/#\/schema\/logo\/image\/"},"sameAs":["https:\/\/www.facebook.com\/RutanaKanceliarinesPrekes\/"]}]}},"_links":{"self":[{"href":"https:\/\/rutana.lt\/en\/wp-json\/wp\/v2\/product\/16755","targetHints":{"allow":["GET"]}}],"collection":[{"href":"https:\/\/rutana.lt\/en\/wp-json\/wp\/v2\/product"}],"about":[{"href":"https:\/\/rutana.lt\/en\/wp-json\/wp\/v2\/types\/product"}],"replies":[{"embeddable":true,"href":"https:\/\/rutana.lt\/en\/wp-json\/wp\/v2\/comments?post=16755"}],"version-history":[{"count":2,"href":"https:\/\/rutana.lt\/en\/wp-json\/wp\/v2\/product\/16755\/revisions"}],"predecessor-version":[{"id":33399,"href":"https:\/\/rutana.lt\/en\/wp-json\/wp\/v2\/product\/16755\/revisions\/33399"}],"wp:featuredmedia":[{"embeddable":true,"href":"https:\/\/rutana.lt\/en\/wp-json\/wp\/v2\/media\/29180"}],"wp:attachment":[{"href":"https:\/\/rutana.lt\/en\/wp-json\/wp\/v2\/media?parent=16755"}],"wp:term":[{"taxonomy":"product_brand","embeddable":true,"href":"https:\/\/rutana.lt\/en\/wp-json\/wp\/v2\/product_brand?post=16755"},{"taxonomy":"product_cat","embeddable":true,"href":"https:\/\/rutana.lt\/en\/wp-json\/wp\/v2\/product_cat?post=16755"},{"taxonomy":"product_tag","embeddable":true,"href":"https:\/\/rutana.lt\/en\/wp-json\/wp\/v2\/product_tag?post=16755"}],"curies":[{"name":"wp","href":"https:\/\/api.w.org\/{rel}","templated":true}]}}