{"id":16682,"date":"2025-09-03T09:47:05","date_gmt":"2025-09-03T07:47:05","guid":{"rendered":"https:\/\/rutana.webdemo.lt\/?post_type=product&#038;p=16682"},"modified":"2025-10-13T15:52:06","modified_gmt":"2025-10-13T13:52:06","slug":"lipni-dvipuse-montavimo-juosta-extreme-19mm-x-1-5m-scotch-pt1100-1915-p","status":"publish","type":"product","link":"https:\/\/rutana.lt\/en\/product\/lipni-dvipuse-montavimo-juosta-extreme-19mm-x-1-5m-scotch-pt1100-1915-p\/","title":{"rendered":"Lipni dvipus\u0117 montavimo juosta &#8222;Extreme&#8221; 19mm x 1.5m Scotch PT1100-1915-P"},"content":{"rendered":"<p>Atliekant sunkiausius darbus lauke, rinkit\u0117s stipriausi\u0105 tvirtinim\u0105 \u2013 Scotch-Fix\u2122 Extreme Exterior dvipus\u0119 tvirtinimo juost\u0105 su 3M\u2122 pa\u017eangia technologija. \u0160i dvipus\u0117 juosta, apr\u016bpinta galingais nuolatiniais klijais, nepaiso gravitacijos ir i\u0161laiko iki 10 kg sveriant\u012f daikt\u0105. Jis yra atsparus oro s\u0105lygoms, kad b\u016bt\u0173 ilgalaikis ry\u0161ys lauke. Taigi, nesvarbu, ar montuojate pa\u0161to d\u0117\u017eut\u0119 naujame name, ar pridedate prie gara\u017eo sien\u0173, Scotch-Fix\u2122 Extreme i\u0161orin\u0117 dvipus\u0117 montavimo juosta atlieka darb\u0105 greitai, lengvai ir be \u012franki\u0173. Atspari temperat\u016brai nuo -40\u00b0C iki 90\u00b0C. Puikiai tinka ant da\u017eytos gipso kartono plok\u0161t\u0117s, da\u017eytos \/ apdailintos medienos, metalo, akrilo, lygaus akmens ir da\u017eyto betono.<\/p>\n<p>Juostos plotis: 19 mm<\/p>\n<p>Juostos ilgis: 1.5 m<\/p>\n<p>Tvirtumas: iki 10 kg<\/p>\n<p>Kilm\u0117s \u0161alis: JAV<\/p>\n<\/p>\n<p><\/p>","protected":false},"excerpt":{"rendered":"<p>Atliekant sunkiausius darbus lauke, rinkit\u0117s stipriausi\u0105 tvirtinim\u0105 \u2013 Scotch-Fix\u2122 Extreme Exterior dvipus\u0119 tvirtinimo juost\u0105 su 3M\u2122 pa\u017eangia technologija. \u0160i dvipus\u0117 juosta, apr\u016bpinta galingais nuolatiniais klijais, nepaiso gravitacijos ir i\u0161laiko iki 10 kg sveriant\u012f daikt\u0105. Jis yra atsparus oro s\u0105lygoms, kad b\u016bt\u0173 ilgalaikis ry\u0161ys lauke. Taigi, nesvarbu, ar montuojate pa\u0161to d\u0117\u017eut\u0119 naujame name, ar pridedate prie [&hellip;]<\/p>","protected":false},"featured_media":29156,"comment_status":"open","ping_status":"closed","template":"","meta":{"_season_start":"","_season_end":"","_season_days":"","_season_months":"","_season_auto_visibility":""},"product_brand":[242],"product_cat":[1602,1601],"product_tag":[],"class_list":{"0":"post-16682","1":"product","2":"type-product","3":"status-publish","4":"has-post-thumbnail","6":"product_brand-3m","7":"product_cat-juostos-pakavimui","8":"product_cat-lipnios-juosteles-ir-laikikliai","10":"first","11":"instock","12":"taxable","13":"shipping-taxable","14":"purchasable","15":"product-type-simple"},"yoast_head":"<!-- This site is optimized with the Yoast SEO plugin v27.4 - https:\/\/yoast.com\/product\/yoast-seo-wordpress\/ -->\n<title>Lipni dvipus\u0117 montavimo juosta &quot;Extreme&quot; 19mm x 1.5m Scotch PT1100-1915-P - Rutana - Ra\u0161tin\u0117s reikmenys<\/title>\n<meta name=\"robots\" content=\"index, follow, max-snippet:-1, max-image-preview:large, max-video-preview:-1\" \/>\n<link rel=\"canonical\" href=\"https:\/\/rutana.lt\/en\/product\/lipni-dvipuse-montavimo-juosta-extreme-19mm-x-1-5m-scotch-pt1100-1915-p\/\" \/>\n<meta property=\"og:locale\" content=\"en_US\" \/>\n<meta property=\"og:type\" content=\"article\" \/>\n<meta property=\"og:title\" content=\"Lipni dvipus\u0117 montavimo juosta &quot;Extreme&quot; 19mm x 1.5m Scotch PT1100-1915-P - Rutana - Ra\u0161tin\u0117s reikmenys\" \/>\n<meta property=\"og:description\" content=\"Atliekant sunkiausius darbus lauke, rinkit\u0117s stipriausi\u0105 tvirtinim\u0105 \u2013 Scotch-Fix\u2122 Extreme Exterior dvipus\u0119 tvirtinimo juost\u0105 su 3M\u2122 pa\u017eangia technologija. \u0160i dvipus\u0117 juosta, apr\u016bpinta galingais nuolatiniais klijais, nepaiso gravitacijos ir i\u0161laiko iki 10 kg sveriant\u012f daikt\u0105. Jis yra atsparus oro s\u0105lygoms, kad b\u016bt\u0173 ilgalaikis ry\u0161ys lauke. Taigi, nesvarbu, ar montuojate pa\u0161to d\u0117\u017eut\u0119 naujame name, ar pridedate prie [&hellip;]\" \/>\n<meta property=\"og:url\" content=\"https:\/\/rutana.lt\/en\/product\/lipni-dvipuse-montavimo-juosta-extreme-19mm-x-1-5m-scotch-pt1100-1915-p\/\" \/>\n<meta property=\"og:site_name\" content=\"Rutana - Ra\u0161tin\u0117s reikmenys\" \/>\n<meta property=\"article:publisher\" content=\"https:\/\/www.facebook.com\/RutanaKanceliarinesPrekes\/\" \/>\n<meta property=\"article:modified_time\" content=\"2025-10-13T13:52:06+00:00\" \/>\n<meta property=\"og:image\" content=\"https:\/\/rutana.lt\/wp-content\/uploads\/2025\/09\/B013-936.jpg\" \/>\n\t<meta property=\"og:image:width\" content=\"532\" \/>\n\t<meta property=\"og:image:height\" content=\"686\" \/>\n\t<meta property=\"og:image:type\" content=\"image\/jpeg\" \/>\n<meta name=\"twitter:card\" content=\"summary_large_image\" \/>\n<meta name=\"twitter:label1\" content=\"Est. reading time\" \/>\n\t<meta name=\"twitter:data1\" content=\"1 minute\" \/>\n<script type=\"application\/ld+json\" class=\"yoast-schema-graph\">{\"@context\":\"https:\\\/\\\/schema.org\",\"@graph\":[{\"@type\":\"WebPage\",\"@id\":\"https:\\\/\\\/rutana.lt\\\/produktas\\\/lipni-dvipuse-montavimo-juosta-extreme-19mm-x-1-5m-scotch-pt1100-1915-p\\\/\",\"url\":\"https:\\\/\\\/rutana.lt\\\/produktas\\\/lipni-dvipuse-montavimo-juosta-extreme-19mm-x-1-5m-scotch-pt1100-1915-p\\\/\",\"name\":\"Lipni dvipus\u0117 montavimo juosta \\\"Extreme\\\" 19mm x 1.5m Scotch PT1100-1915-P - Rutana - Ra\u0161tin\u0117s reikmenys\",\"isPartOf\":{\"@id\":\"https:\\\/\\\/rutana.lt\\\/#website\"},\"primaryImageOfPage\":{\"@id\":\"https:\\\/\\\/rutana.lt\\\/produktas\\\/lipni-dvipuse-montavimo-juosta-extreme-19mm-x-1-5m-scotch-pt1100-1915-p\\\/#primaryimage\"},\"image\":{\"@id\":\"https:\\\/\\\/rutana.lt\\\/produktas\\\/lipni-dvipuse-montavimo-juosta-extreme-19mm-x-1-5m-scotch-pt1100-1915-p\\\/#primaryimage\"},\"thumbnailUrl\":\"https:\\\/\\\/rutana.lt\\\/wp-content\\\/uploads\\\/2025\\\/09\\\/B013-936-1.jpg?v=1763565256\",\"datePublished\":\"2025-09-03T07:47:05+00:00\",\"dateModified\":\"2025-10-13T13:52:06+00:00\",\"breadcrumb\":{\"@id\":\"https:\\\/\\\/rutana.lt\\\/produktas\\\/lipni-dvipuse-montavimo-juosta-extreme-19mm-x-1-5m-scotch-pt1100-1915-p\\\/#breadcrumb\"},\"inLanguage\":\"en-US\",\"potentialAction\":[{\"@type\":\"ReadAction\",\"target\":[\"https:\\\/\\\/rutana.lt\\\/produktas\\\/lipni-dvipuse-montavimo-juosta-extreme-19mm-x-1-5m-scotch-pt1100-1915-p\\\/\"]}]},{\"@type\":\"ImageObject\",\"inLanguage\":\"en-US\",\"@id\":\"https:\\\/\\\/rutana.lt\\\/produktas\\\/lipni-dvipuse-montavimo-juosta-extreme-19mm-x-1-5m-scotch-pt1100-1915-p\\\/#primaryimage\",\"url\":\"https:\\\/\\\/rutana.lt\\\/wp-content\\\/uploads\\\/2025\\\/09\\\/B013-936-1.jpg?v=1763565256\",\"contentUrl\":\"https:\\\/\\\/rutana.lt\\\/wp-content\\\/uploads\\\/2025\\\/09\\\/B013-936-1.jpg?v=1763565256\",\"width\":532,\"height\":686},{\"@type\":\"BreadcrumbList\",\"@id\":\"https:\\\/\\\/rutana.lt\\\/produktas\\\/lipni-dvipuse-montavimo-juosta-extreme-19mm-x-1-5m-scotch-pt1100-1915-p\\\/#breadcrumb\",\"itemListElement\":[{\"@type\":\"ListItem\",\"position\":1,\"name\":\"Home\",\"item\":\"https:\\\/\\\/rutana.lt\\\/\"},{\"@type\":\"ListItem\",\"position\":2,\"name\":\"Parduotuv\u0117\",\"item\":\"https:\\\/\\\/rutana.lt\\\/parduotuve\\\/\"},{\"@type\":\"ListItem\",\"position\":3,\"name\":\"Lipni dvipus\u0117 montavimo juosta &#8222;Extreme&#8221; 19mm x 1.5m Scotch PT1100-1915-P\"}]},{\"@type\":\"WebSite\",\"@id\":\"https:\\\/\\\/rutana.lt\\\/#website\",\"url\":\"https:\\\/\\\/rutana.lt\\\/\",\"name\":\"Rutana - Ra\u0161tin\u0117s reikmenys\",\"description\":\"Prekiaujame pasaulin\u0117je rinkoje pripa\u017eintomis, kokybi\u0161komis biuro prek\u0117mis toki\u0173  gamintoj\u0173 kaip: Schneider, Esselte, Novus, 3M, Faber-Castell, Citizen, Milan, Leitz, Colop, Zebra, Staedtler, Durable, Tork, Parker, Waterman ir kt.\",\"publisher\":{\"@id\":\"https:\\\/\\\/rutana.lt\\\/#organization\"},\"potentialAction\":[{\"@type\":\"SearchAction\",\"target\":{\"@type\":\"EntryPoint\",\"urlTemplate\":\"https:\\\/\\\/rutana.lt\\\/?s={search_term_string}\"},\"query-input\":{\"@type\":\"PropertyValueSpecification\",\"valueRequired\":true,\"valueName\":\"search_term_string\"}}],\"inLanguage\":\"en-US\"},{\"@type\":\"Organization\",\"@id\":\"https:\\\/\\\/rutana.lt\\\/#organization\",\"name\":\"Rutana - Ra\u0161tin\u0117s reikmenys\",\"url\":\"https:\\\/\\\/rutana.lt\\\/\",\"logo\":{\"@type\":\"ImageObject\",\"inLanguage\":\"en-US\",\"@id\":\"https:\\\/\\\/rutana.lt\\\/#\\\/schema\\\/logo\\\/image\\\/\",\"url\":\"https:\\\/\\\/rutana.lt\\\/wp-content\\\/uploads\\\/2025\\\/10\\\/Asset-32.png\",\"contentUrl\":\"https:\\\/\\\/rutana.lt\\\/wp-content\\\/uploads\\\/2025\\\/10\\\/Asset-32.png\",\"width\":433,\"height\":119,\"caption\":\"Rutana - Ra\u0161tin\u0117s reikmenys\"},\"image\":{\"@id\":\"https:\\\/\\\/rutana.lt\\\/#\\\/schema\\\/logo\\\/image\\\/\"},\"sameAs\":[\"https:\\\/\\\/www.facebook.com\\\/RutanaKanceliarinesPrekes\\\/\"]}]}<\/script>\n<!-- \/ Yoast SEO plugin. -->","yoast_head_json":{"title":"Lipni dvipus\u0117 montavimo juosta \"Extreme\" 19mm x 1.5m Scotch PT1100-1915-P - Rutana - Ra\u0161tin\u0117s reikmenys","robots":{"index":"index","follow":"follow","max-snippet":"max-snippet:-1","max-image-preview":"max-image-preview:large","max-video-preview":"max-video-preview:-1"},"canonical":"https:\/\/rutana.lt\/en\/product\/lipni-dvipuse-montavimo-juosta-extreme-19mm-x-1-5m-scotch-pt1100-1915-p\/","og_locale":"en_US","og_type":"article","og_title":"Lipni dvipus\u0117 montavimo juosta \"Extreme\" 19mm x 1.5m Scotch PT1100-1915-P - Rutana - Ra\u0161tin\u0117s reikmenys","og_description":"Atliekant sunkiausius darbus lauke, rinkit\u0117s stipriausi\u0105 tvirtinim\u0105 \u2013 Scotch-Fix\u2122 Extreme Exterior dvipus\u0119 tvirtinimo juost\u0105 su 3M\u2122 pa\u017eangia technologija. \u0160i dvipus\u0117 juosta, apr\u016bpinta galingais nuolatiniais klijais, nepaiso gravitacijos ir i\u0161laiko iki 10 kg sveriant\u012f daikt\u0105. Jis yra atsparus oro s\u0105lygoms, kad b\u016bt\u0173 ilgalaikis ry\u0161ys lauke. Taigi, nesvarbu, ar montuojate pa\u0161to d\u0117\u017eut\u0119 naujame name, ar pridedate prie [&hellip;]","og_url":"https:\/\/rutana.lt\/en\/product\/lipni-dvipuse-montavimo-juosta-extreme-19mm-x-1-5m-scotch-pt1100-1915-p\/","og_site_name":"Rutana - Ra\u0161tin\u0117s reikmenys","article_publisher":"https:\/\/www.facebook.com\/RutanaKanceliarinesPrekes\/","article_modified_time":"2025-10-13T13:52:06+00:00","og_image":[{"width":532,"height":686,"url":"https:\/\/rutana.lt\/wp-content\/uploads\/2025\/09\/B013-936.jpg","type":"image\/jpeg"}],"twitter_card":"summary_large_image","twitter_misc":{"Est. reading time":"1 minute"},"schema":{"@context":"https:\/\/schema.org","@graph":[{"@type":"WebPage","@id":"https:\/\/rutana.lt\/produktas\/lipni-dvipuse-montavimo-juosta-extreme-19mm-x-1-5m-scotch-pt1100-1915-p\/","url":"https:\/\/rutana.lt\/produktas\/lipni-dvipuse-montavimo-juosta-extreme-19mm-x-1-5m-scotch-pt1100-1915-p\/","name":"Lipni dvipus\u0117 montavimo juosta \"Extreme\" 19mm x 1.5m Scotch PT1100-1915-P - Rutana - Ra\u0161tin\u0117s reikmenys","isPartOf":{"@id":"https:\/\/rutana.lt\/#website"},"primaryImageOfPage":{"@id":"https:\/\/rutana.lt\/produktas\/lipni-dvipuse-montavimo-juosta-extreme-19mm-x-1-5m-scotch-pt1100-1915-p\/#primaryimage"},"image":{"@id":"https:\/\/rutana.lt\/produktas\/lipni-dvipuse-montavimo-juosta-extreme-19mm-x-1-5m-scotch-pt1100-1915-p\/#primaryimage"},"thumbnailUrl":"https:\/\/rutana.lt\/wp-content\/uploads\/2025\/09\/B013-936-1.jpg?v=1763565256","datePublished":"2025-09-03T07:47:05+00:00","dateModified":"2025-10-13T13:52:06+00:00","breadcrumb":{"@id":"https:\/\/rutana.lt\/produktas\/lipni-dvipuse-montavimo-juosta-extreme-19mm-x-1-5m-scotch-pt1100-1915-p\/#breadcrumb"},"inLanguage":"en-US","potentialAction":[{"@type":"ReadAction","target":["https:\/\/rutana.lt\/produktas\/lipni-dvipuse-montavimo-juosta-extreme-19mm-x-1-5m-scotch-pt1100-1915-p\/"]}]},{"@type":"ImageObject","inLanguage":"en-US","@id":"https:\/\/rutana.lt\/produktas\/lipni-dvipuse-montavimo-juosta-extreme-19mm-x-1-5m-scotch-pt1100-1915-p\/#primaryimage","url":"https:\/\/rutana.lt\/wp-content\/uploads\/2025\/09\/B013-936-1.jpg?v=1763565256","contentUrl":"https:\/\/rutana.lt\/wp-content\/uploads\/2025\/09\/B013-936-1.jpg?v=1763565256","width":532,"height":686},{"@type":"BreadcrumbList","@id":"https:\/\/rutana.lt\/produktas\/lipni-dvipuse-montavimo-juosta-extreme-19mm-x-1-5m-scotch-pt1100-1915-p\/#breadcrumb","itemListElement":[{"@type":"ListItem","position":1,"name":"Home","item":"https:\/\/rutana.lt\/"},{"@type":"ListItem","position":2,"name":"Parduotuv\u0117","item":"https:\/\/rutana.lt\/parduotuve\/"},{"@type":"ListItem","position":3,"name":"Lipni dvipus\u0117 montavimo juosta &#8222;Extreme&#8221; 19mm x 1.5m Scotch PT1100-1915-P"}]},{"@type":"WebSite","@id":"https:\/\/rutana.lt\/#website","url":"https:\/\/rutana.lt\/","name":"Rutana - Ra\u0161tin\u0117s reikmenys","description":"Prekiaujame pasaulin\u0117je rinkoje pripa\u017eintomis, kokybi\u0161komis biuro prek\u0117mis toki\u0173  gamintoj\u0173 kaip: Schneider, Esselte, Novus, 3M, Faber-Castell, Citizen, Milan, Leitz, Colop, Zebra, Staedtler, Durable, Tork, Parker, Waterman ir kt.","publisher":{"@id":"https:\/\/rutana.lt\/#organization"},"potentialAction":[{"@type":"SearchAction","target":{"@type":"EntryPoint","urlTemplate":"https:\/\/rutana.lt\/?s={search_term_string}"},"query-input":{"@type":"PropertyValueSpecification","valueRequired":true,"valueName":"search_term_string"}}],"inLanguage":"en-US"},{"@type":"Organization","@id":"https:\/\/rutana.lt\/#organization","name":"Rutana - Ra\u0161tin\u0117s reikmenys","url":"https:\/\/rutana.lt\/","logo":{"@type":"ImageObject","inLanguage":"en-US","@id":"https:\/\/rutana.lt\/#\/schema\/logo\/image\/","url":"https:\/\/rutana.lt\/wp-content\/uploads\/2025\/10\/Asset-32.png","contentUrl":"https:\/\/rutana.lt\/wp-content\/uploads\/2025\/10\/Asset-32.png","width":433,"height":119,"caption":"Rutana - Ra\u0161tin\u0117s reikmenys"},"image":{"@id":"https:\/\/rutana.lt\/#\/schema\/logo\/image\/"},"sameAs":["https:\/\/www.facebook.com\/RutanaKanceliarinesPrekes\/"]}]}},"_links":{"self":[{"href":"https:\/\/rutana.lt\/en\/wp-json\/wp\/v2\/product\/16682","targetHints":{"allow":["GET"]}}],"collection":[{"href":"https:\/\/rutana.lt\/en\/wp-json\/wp\/v2\/product"}],"about":[{"href":"https:\/\/rutana.lt\/en\/wp-json\/wp\/v2\/types\/product"}],"replies":[{"embeddable":true,"href":"https:\/\/rutana.lt\/en\/wp-json\/wp\/v2\/comments?post=16682"}],"version-history":[{"count":1,"href":"https:\/\/rutana.lt\/en\/wp-json\/wp\/v2\/product\/16682\/revisions"}],"predecessor-version":[{"id":16732,"href":"https:\/\/rutana.lt\/en\/wp-json\/wp\/v2\/product\/16682\/revisions\/16732"}],"wp:featuredmedia":[{"embeddable":true,"href":"https:\/\/rutana.lt\/en\/wp-json\/wp\/v2\/media\/29156"}],"wp:attachment":[{"href":"https:\/\/rutana.lt\/en\/wp-json\/wp\/v2\/media?parent=16682"}],"wp:term":[{"taxonomy":"product_brand","embeddable":true,"href":"https:\/\/rutana.lt\/en\/wp-json\/wp\/v2\/product_brand?post=16682"},{"taxonomy":"product_cat","embeddable":true,"href":"https:\/\/rutana.lt\/en\/wp-json\/wp\/v2\/product_cat?post=16682"},{"taxonomy":"product_tag","embeddable":true,"href":"https:\/\/rutana.lt\/en\/wp-json\/wp\/v2\/product_tag?post=16682"}],"curies":[{"name":"wp","href":"https:\/\/api.w.org\/{rel}","templated":true}]}}