{"id":16615,"date":"2025-09-03T09:46:40","date_gmt":"2025-09-03T07:46:40","guid":{"rendered":"https:\/\/rutana.webdemo.lt\/?post_type=product&#038;p=16615"},"modified":"2025-10-13T15:51:55","modified_gmt":"2025-10-13T13:51:55","slug":"pinigu-priemimo-kvitai-taksi-a7-50-kompl-nenumeruoti-11033","status":"publish","type":"product","link":"https:\/\/rutana.lt\/en\/product\/pinigu-priemimo-kvitai-taksi-a7-50-kompl-nenumeruoti-11033\/","title":{"rendered":"Pinig\u0173 pri\u0117mimo kvitai &#8222;Taksi&#8221; A7\/50 kompl. nenumeruoti 11033"},"content":{"rendered":"<p>Pinig\u0173 pri\u0117mimo kvitai, pagaminti i\u0161 2 &#8211; j\u0173 save kopijuojan\u010di\u0173 lap\u0173, skirti taksi vairuotojams, i\u0161ra\u0161yti u\u017e suteiktas paslaugas. Kvitai be numeracijos.<\/p>\n<p>Formatas: A7 ( 74 x 105 mm )<\/p>\n<p>Kiekis: 50 komplekt\u0173 ( 100 lap\u0173 )<\/p>\n<p>Lap\u0173 spalvos: baltas + geltonas<\/p>\n<p>Kilm\u0117s \u0161alis: Lietuva<\/p>","protected":false},"excerpt":{"rendered":"<p>Pinig\u0173 pri\u0117mimo kvitai, pagaminti i\u0161 2 &#8211; j\u0173 save kopijuojan\u010di\u0173 lap\u0173, skirti taksi vairuotojams, i\u0161ra\u0161yti u\u017e suteiktas paslaugas. Kvitai be numeracijos. Formatas: A7 ( 74 x 105 mm ) Kiekis: 50 komplekt\u0173 ( 100 lap\u0173 ) Lap\u0173 spalvos: baltas + geltonas Kilm\u0117s \u0161alis: Lietuva<\/p>","protected":false},"featured_media":29131,"comment_status":"open","ping_status":"closed","template":"","meta":{"_season_start":"","_season_end":"","_season_days":"","_season_months":"","_season_auto_visibility":""},"product_brand":[83],"product_cat":[1865],"product_tag":[],"class_list":{"0":"post-16615","1":"product","2":"type-product","3":"status-publish","4":"has-post-thumbnail","6":"product_brand-null","7":"product_cat-blankai","9":"first","10":"instock","11":"taxable","12":"shipping-taxable","13":"purchasable","14":"product-type-simple"},"yoast_head":"<!-- This site is optimized with the Yoast SEO plugin v27.4 - https:\/\/yoast.com\/product\/yoast-seo-wordpress\/ -->\n<title>Pinig\u0173 pri\u0117mimo kvitai &quot;Taksi&quot; A7\/50 kompl. nenumeruoti 11033 - Rutana - Ra\u0161tin\u0117s reikmenys<\/title>\n<meta name=\"robots\" content=\"index, follow, max-snippet:-1, max-image-preview:large, max-video-preview:-1\" \/>\n<link rel=\"canonical\" href=\"https:\/\/rutana.lt\/en\/product\/pinigu-priemimo-kvitai-taksi-a7-50-kompl-nenumeruoti-11033\/\" \/>\n<meta property=\"og:locale\" content=\"en_US\" \/>\n<meta property=\"og:type\" content=\"article\" \/>\n<meta property=\"og:title\" content=\"Pinig\u0173 pri\u0117mimo kvitai &quot;Taksi&quot; A7\/50 kompl. nenumeruoti 11033 - Rutana - Ra\u0161tin\u0117s reikmenys\" \/>\n<meta property=\"og:description\" content=\"Pinig\u0173 pri\u0117mimo kvitai, pagaminti i\u0161 2 &#8211; j\u0173 save kopijuojan\u010di\u0173 lap\u0173, skirti taksi vairuotojams, i\u0161ra\u0161yti u\u017e suteiktas paslaugas. Kvitai be numeracijos. Formatas: A7 ( 74 x 105 mm ) Kiekis: 50 komplekt\u0173 ( 100 lap\u0173 ) Lap\u0173 spalvos: baltas + geltonas Kilm\u0117s \u0161alis: Lietuva\" \/>\n<meta property=\"og:url\" content=\"https:\/\/rutana.lt\/en\/product\/pinigu-priemimo-kvitai-taksi-a7-50-kompl-nenumeruoti-11033\/\" \/>\n<meta property=\"og:site_name\" content=\"Rutana - Ra\u0161tin\u0117s reikmenys\" \/>\n<meta property=\"article:publisher\" content=\"https:\/\/www.facebook.com\/RutanaKanceliarinesPrekes\/\" \/>\n<meta property=\"article:modified_time\" content=\"2025-10-13T13:51:55+00:00\" \/>\n<meta property=\"og:image\" content=\"https:\/\/rutana.lt\/wp-content\/uploads\/2025\/09\/A134-079.jpg\" \/>\n\t<meta property=\"og:image:width\" content=\"650\" \/>\n\t<meta property=\"og:image:height\" content=\"477\" \/>\n\t<meta property=\"og:image:type\" content=\"image\/jpeg\" \/>\n<meta name=\"twitter:card\" content=\"summary_large_image\" \/>\n<script type=\"application\/ld+json\" class=\"yoast-schema-graph\">{\"@context\":\"https:\\\/\\\/schema.org\",\"@graph\":[{\"@type\":\"WebPage\",\"@id\":\"https:\\\/\\\/rutana.lt\\\/produktas\\\/pinigu-priemimo-kvitai-taksi-a7-50-kompl-nenumeruoti-11033\\\/\",\"url\":\"https:\\\/\\\/rutana.lt\\\/produktas\\\/pinigu-priemimo-kvitai-taksi-a7-50-kompl-nenumeruoti-11033\\\/\",\"name\":\"Pinig\u0173 pri\u0117mimo kvitai \\\"Taksi\\\" A7\\\/50 kompl. nenumeruoti 11033 - Rutana - Ra\u0161tin\u0117s reikmenys\",\"isPartOf\":{\"@id\":\"https:\\\/\\\/rutana.lt\\\/#website\"},\"primaryImageOfPage\":{\"@id\":\"https:\\\/\\\/rutana.lt\\\/produktas\\\/pinigu-priemimo-kvitai-taksi-a7-50-kompl-nenumeruoti-11033\\\/#primaryimage\"},\"image\":{\"@id\":\"https:\\\/\\\/rutana.lt\\\/produktas\\\/pinigu-priemimo-kvitai-taksi-a7-50-kompl-nenumeruoti-11033\\\/#primaryimage\"},\"thumbnailUrl\":\"https:\\\/\\\/rutana.lt\\\/wp-content\\\/uploads\\\/2025\\\/09\\\/A134-079-1.jpg?v=1763565289\",\"datePublished\":\"2025-09-03T07:46:40+00:00\",\"dateModified\":\"2025-10-13T13:51:55+00:00\",\"breadcrumb\":{\"@id\":\"https:\\\/\\\/rutana.lt\\\/produktas\\\/pinigu-priemimo-kvitai-taksi-a7-50-kompl-nenumeruoti-11033\\\/#breadcrumb\"},\"inLanguage\":\"en-US\",\"potentialAction\":[{\"@type\":\"ReadAction\",\"target\":[\"https:\\\/\\\/rutana.lt\\\/produktas\\\/pinigu-priemimo-kvitai-taksi-a7-50-kompl-nenumeruoti-11033\\\/\"]}]},{\"@type\":\"ImageObject\",\"inLanguage\":\"en-US\",\"@id\":\"https:\\\/\\\/rutana.lt\\\/produktas\\\/pinigu-priemimo-kvitai-taksi-a7-50-kompl-nenumeruoti-11033\\\/#primaryimage\",\"url\":\"https:\\\/\\\/rutana.lt\\\/wp-content\\\/uploads\\\/2025\\\/09\\\/A134-079-1.jpg?v=1763565289\",\"contentUrl\":\"https:\\\/\\\/rutana.lt\\\/wp-content\\\/uploads\\\/2025\\\/09\\\/A134-079-1.jpg?v=1763565289\",\"width\":650,\"height\":477},{\"@type\":\"BreadcrumbList\",\"@id\":\"https:\\\/\\\/rutana.lt\\\/produktas\\\/pinigu-priemimo-kvitai-taksi-a7-50-kompl-nenumeruoti-11033\\\/#breadcrumb\",\"itemListElement\":[{\"@type\":\"ListItem\",\"position\":1,\"name\":\"Home\",\"item\":\"https:\\\/\\\/rutana.lt\\\/\"},{\"@type\":\"ListItem\",\"position\":2,\"name\":\"Parduotuv\u0117\",\"item\":\"https:\\\/\\\/rutana.lt\\\/parduotuve\\\/\"},{\"@type\":\"ListItem\",\"position\":3,\"name\":\"Pinig\u0173 pri\u0117mimo kvitai &#8222;Taksi&#8221; A7\\\/50 kompl. nenumeruoti 11033\"}]},{\"@type\":\"WebSite\",\"@id\":\"https:\\\/\\\/rutana.lt\\\/#website\",\"url\":\"https:\\\/\\\/rutana.lt\\\/\",\"name\":\"Rutana - Ra\u0161tin\u0117s reikmenys\",\"description\":\"Prekiaujame pasaulin\u0117je rinkoje pripa\u017eintomis, kokybi\u0161komis biuro prek\u0117mis toki\u0173  gamintoj\u0173 kaip: Schneider, Esselte, Novus, 3M, Faber-Castell, Citizen, Milan, Leitz, Colop, Zebra, Staedtler, Durable, Tork, Parker, Waterman ir kt.\",\"publisher\":{\"@id\":\"https:\\\/\\\/rutana.lt\\\/#organization\"},\"potentialAction\":[{\"@type\":\"SearchAction\",\"target\":{\"@type\":\"EntryPoint\",\"urlTemplate\":\"https:\\\/\\\/rutana.lt\\\/?s={search_term_string}\"},\"query-input\":{\"@type\":\"PropertyValueSpecification\",\"valueRequired\":true,\"valueName\":\"search_term_string\"}}],\"inLanguage\":\"en-US\"},{\"@type\":\"Organization\",\"@id\":\"https:\\\/\\\/rutana.lt\\\/#organization\",\"name\":\"Rutana - Ra\u0161tin\u0117s reikmenys\",\"url\":\"https:\\\/\\\/rutana.lt\\\/\",\"logo\":{\"@type\":\"ImageObject\",\"inLanguage\":\"en-US\",\"@id\":\"https:\\\/\\\/rutana.lt\\\/#\\\/schema\\\/logo\\\/image\\\/\",\"url\":\"https:\\\/\\\/rutana.lt\\\/wp-content\\\/uploads\\\/2025\\\/10\\\/Asset-32.png\",\"contentUrl\":\"https:\\\/\\\/rutana.lt\\\/wp-content\\\/uploads\\\/2025\\\/10\\\/Asset-32.png\",\"width\":433,\"height\":119,\"caption\":\"Rutana - Ra\u0161tin\u0117s reikmenys\"},\"image\":{\"@id\":\"https:\\\/\\\/rutana.lt\\\/#\\\/schema\\\/logo\\\/image\\\/\"},\"sameAs\":[\"https:\\\/\\\/www.facebook.com\\\/RutanaKanceliarinesPrekes\\\/\"]}]}<\/script>\n<!-- \/ Yoast SEO plugin. -->","yoast_head_json":{"title":"Pinig\u0173 pri\u0117mimo kvitai \"Taksi\" A7\/50 kompl. nenumeruoti 11033 - Rutana - Ra\u0161tin\u0117s reikmenys","robots":{"index":"index","follow":"follow","max-snippet":"max-snippet:-1","max-image-preview":"max-image-preview:large","max-video-preview":"max-video-preview:-1"},"canonical":"https:\/\/rutana.lt\/en\/product\/pinigu-priemimo-kvitai-taksi-a7-50-kompl-nenumeruoti-11033\/","og_locale":"en_US","og_type":"article","og_title":"Pinig\u0173 pri\u0117mimo kvitai \"Taksi\" A7\/50 kompl. nenumeruoti 11033 - Rutana - Ra\u0161tin\u0117s reikmenys","og_description":"Pinig\u0173 pri\u0117mimo kvitai, pagaminti i\u0161 2 &#8211; j\u0173 save kopijuojan\u010di\u0173 lap\u0173, skirti taksi vairuotojams, i\u0161ra\u0161yti u\u017e suteiktas paslaugas. Kvitai be numeracijos. Formatas: A7 ( 74 x 105 mm ) Kiekis: 50 komplekt\u0173 ( 100 lap\u0173 ) Lap\u0173 spalvos: baltas + geltonas Kilm\u0117s \u0161alis: Lietuva","og_url":"https:\/\/rutana.lt\/en\/product\/pinigu-priemimo-kvitai-taksi-a7-50-kompl-nenumeruoti-11033\/","og_site_name":"Rutana - Ra\u0161tin\u0117s reikmenys","article_publisher":"https:\/\/www.facebook.com\/RutanaKanceliarinesPrekes\/","article_modified_time":"2025-10-13T13:51:55+00:00","og_image":[{"width":650,"height":477,"url":"https:\/\/rutana.lt\/wp-content\/uploads\/2025\/09\/A134-079.jpg","type":"image\/jpeg"}],"twitter_card":"summary_large_image","schema":{"@context":"https:\/\/schema.org","@graph":[{"@type":"WebPage","@id":"https:\/\/rutana.lt\/produktas\/pinigu-priemimo-kvitai-taksi-a7-50-kompl-nenumeruoti-11033\/","url":"https:\/\/rutana.lt\/produktas\/pinigu-priemimo-kvitai-taksi-a7-50-kompl-nenumeruoti-11033\/","name":"Pinig\u0173 pri\u0117mimo kvitai \"Taksi\" A7\/50 kompl. nenumeruoti 11033 - Rutana - Ra\u0161tin\u0117s reikmenys","isPartOf":{"@id":"https:\/\/rutana.lt\/#website"},"primaryImageOfPage":{"@id":"https:\/\/rutana.lt\/produktas\/pinigu-priemimo-kvitai-taksi-a7-50-kompl-nenumeruoti-11033\/#primaryimage"},"image":{"@id":"https:\/\/rutana.lt\/produktas\/pinigu-priemimo-kvitai-taksi-a7-50-kompl-nenumeruoti-11033\/#primaryimage"},"thumbnailUrl":"https:\/\/rutana.lt\/wp-content\/uploads\/2025\/09\/A134-079-1.jpg?v=1763565289","datePublished":"2025-09-03T07:46:40+00:00","dateModified":"2025-10-13T13:51:55+00:00","breadcrumb":{"@id":"https:\/\/rutana.lt\/produktas\/pinigu-priemimo-kvitai-taksi-a7-50-kompl-nenumeruoti-11033\/#breadcrumb"},"inLanguage":"en-US","potentialAction":[{"@type":"ReadAction","target":["https:\/\/rutana.lt\/produktas\/pinigu-priemimo-kvitai-taksi-a7-50-kompl-nenumeruoti-11033\/"]}]},{"@type":"ImageObject","inLanguage":"en-US","@id":"https:\/\/rutana.lt\/produktas\/pinigu-priemimo-kvitai-taksi-a7-50-kompl-nenumeruoti-11033\/#primaryimage","url":"https:\/\/rutana.lt\/wp-content\/uploads\/2025\/09\/A134-079-1.jpg?v=1763565289","contentUrl":"https:\/\/rutana.lt\/wp-content\/uploads\/2025\/09\/A134-079-1.jpg?v=1763565289","width":650,"height":477},{"@type":"BreadcrumbList","@id":"https:\/\/rutana.lt\/produktas\/pinigu-priemimo-kvitai-taksi-a7-50-kompl-nenumeruoti-11033\/#breadcrumb","itemListElement":[{"@type":"ListItem","position":1,"name":"Home","item":"https:\/\/rutana.lt\/"},{"@type":"ListItem","position":2,"name":"Parduotuv\u0117","item":"https:\/\/rutana.lt\/parduotuve\/"},{"@type":"ListItem","position":3,"name":"Pinig\u0173 pri\u0117mimo kvitai &#8222;Taksi&#8221; A7\/50 kompl. nenumeruoti 11033"}]},{"@type":"WebSite","@id":"https:\/\/rutana.lt\/#website","url":"https:\/\/rutana.lt\/","name":"Rutana - Ra\u0161tin\u0117s reikmenys","description":"Prekiaujame pasaulin\u0117je rinkoje pripa\u017eintomis, kokybi\u0161komis biuro prek\u0117mis toki\u0173  gamintoj\u0173 kaip: Schneider, Esselte, Novus, 3M, Faber-Castell, Citizen, Milan, Leitz, Colop, Zebra, Staedtler, Durable, Tork, Parker, Waterman ir kt.","publisher":{"@id":"https:\/\/rutana.lt\/#organization"},"potentialAction":[{"@type":"SearchAction","target":{"@type":"EntryPoint","urlTemplate":"https:\/\/rutana.lt\/?s={search_term_string}"},"query-input":{"@type":"PropertyValueSpecification","valueRequired":true,"valueName":"search_term_string"}}],"inLanguage":"en-US"},{"@type":"Organization","@id":"https:\/\/rutana.lt\/#organization","name":"Rutana - Ra\u0161tin\u0117s reikmenys","url":"https:\/\/rutana.lt\/","logo":{"@type":"ImageObject","inLanguage":"en-US","@id":"https:\/\/rutana.lt\/#\/schema\/logo\/image\/","url":"https:\/\/rutana.lt\/wp-content\/uploads\/2025\/10\/Asset-32.png","contentUrl":"https:\/\/rutana.lt\/wp-content\/uploads\/2025\/10\/Asset-32.png","width":433,"height":119,"caption":"Rutana - Ra\u0161tin\u0117s reikmenys"},"image":{"@id":"https:\/\/rutana.lt\/#\/schema\/logo\/image\/"},"sameAs":["https:\/\/www.facebook.com\/RutanaKanceliarinesPrekes\/"]}]}},"_links":{"self":[{"href":"https:\/\/rutana.lt\/en\/wp-json\/wp\/v2\/product\/16615","targetHints":{"allow":["GET"]}}],"collection":[{"href":"https:\/\/rutana.lt\/en\/wp-json\/wp\/v2\/product"}],"about":[{"href":"https:\/\/rutana.lt\/en\/wp-json\/wp\/v2\/types\/product"}],"replies":[{"embeddable":true,"href":"https:\/\/rutana.lt\/en\/wp-json\/wp\/v2\/comments?post=16615"}],"version-history":[{"count":1,"href":"https:\/\/rutana.lt\/en\/wp-json\/wp\/v2\/product\/16615\/revisions"}],"predecessor-version":[{"id":16661,"href":"https:\/\/rutana.lt\/en\/wp-json\/wp\/v2\/product\/16615\/revisions\/16661"}],"wp:featuredmedia":[{"embeddable":true,"href":"https:\/\/rutana.lt\/en\/wp-json\/wp\/v2\/media\/29131"}],"wp:attachment":[{"href":"https:\/\/rutana.lt\/en\/wp-json\/wp\/v2\/media?parent=16615"}],"wp:term":[{"taxonomy":"product_brand","embeddable":true,"href":"https:\/\/rutana.lt\/en\/wp-json\/wp\/v2\/product_brand?post=16615"},{"taxonomy":"product_cat","embeddable":true,"href":"https:\/\/rutana.lt\/en\/wp-json\/wp\/v2\/product_cat?post=16615"},{"taxonomy":"product_tag","embeddable":true,"href":"https:\/\/rutana.lt\/en\/wp-json\/wp\/v2\/product_tag?post=16615"}],"curies":[{"name":"wp","href":"https:\/\/api.w.org\/{rel}","templated":true}]}}