{"id":16482,"date":"2025-09-03T09:45:52","date_gmt":"2025-09-03T07:45:52","guid":{"rendered":"https:\/\/rutana.webdemo.lt\/?post_type=product&#038;p=16482"},"modified":"2025-10-13T15:51:33","modified_gmt":"2025-10-13T13:51:33","slug":"rasikliu-rinkinys-le-pen-neon-0-3mm-6-vnt-marvy-4300-6f","status":"publish","type":"product","link":"https:\/\/rutana.lt\/en\/product\/rasikliu-rinkinys-le-pen-neon-0-3mm-6-vnt-marvy-4300-6f\/","title":{"rendered":"Ra\u0161ikli\u0173 rinkinys &#8222;Le Pen&#8221; Neon 0.3mm 6 vnt. Marvy 4300-6F"},"content":{"rendered":"<p>Stilingi, <span style=\"box-sizing: inherit; outline: none !important;\">eleganti\u0161ki ra\u0161ikliai plonu antgaliu<\/span> \u2013 vienas perkamiausi\u0173 Uchida gamini\u0173 nuo 1979m. Glotni, itin plona plastikin\u0117 ra\u0161iklio galvut\u0117 <span style=\"box-sizing: inherit; outline: none !important;\">garantuoja ypatingai smulk\u0173 ir tiksl\u0173 br\u0117\u017e\u012f. &#8222;<\/span>Le Pen&#8221; yra idealus ra\u0161ymui \u012fvairiausiomis progomis: <span style=\"box-sizing: inherit; outline: none !important;\">nuo kasdieni\u0173 ar verslo u\u017era\u0161\u0173<\/span>, dienora\u0161\u010di\u0173, lai\u0161k\u0173 iki svarbi\u0173 form\u0173 pildymo ar popieriaus apdailos. \u0160i serija yra ypa\u010d pam\u0117gta <span style=\"box-sizing: inherit; outline: none !important;\">k\u016brybi\u0161kas u\u017era\u0161ines \/ planuoklius kurian\u010di\u0173 \u017emoni\u0173<\/span> ir puikiai tinka u\u017era\u0161ams pagyvinti!<\/p>\n<p>Ra\u0161ikliai &#8222;Le Pen&#8221; yra<span style=\"box-sizing: inherit; outline: none !important;\"> u\u017epildyti ber\u016bg\u0161\u010diu, nekenksmingu vandens pagrindo ra\u0161alu, labai greitai d\u017ei\u016bsta<\/span>. <span style=\"box-sizing: inherit; outline: none !important;\">Patogiam ra\u0161ikli\u0173 saugojimui<\/span> \u2013 tvirtas ir patogus plastikinis d\u0117klas<\/p>\n<p>Galiuko tipas: apvalus<\/p>\n<p>Galvut\u0117s storis: 0.3 mm<\/p>\n<p>Br\u0117\u017eiamos linijos storis: 0.3 mm<\/p>\n<p>Ra\u0161ikli\u0173 kiekis rinkinyje: 6<\/p>\n<p>Ra\u0161alo spalvos rinkinyje: 6 ( Neon )<\/p>\n<p>Kilm\u0117s \u0161alis: Japonija<\/p>\n<\/p>\n<p><iframe src=\"\/\/www.youtube.com\/embed\/rA6M0jf62hk\" width=\"640\" height=\"360\" frameborder=\"0\"><\/iframe><\/p>\n<p><\/p>\n<p><\/p>","protected":false},"excerpt":{"rendered":"<p>Stilingi, eleganti\u0161ki ra\u0161ikliai plonu antgaliu \u2013 vienas perkamiausi\u0173 Uchida gamini\u0173 nuo 1979m. Glotni, itin plona plastikin\u0117 ra\u0161iklio galvut\u0117 garantuoja ypatingai smulk\u0173 ir tiksl\u0173 br\u0117\u017e\u012f. &#8222;Le Pen&#8221; yra idealus ra\u0161ymui \u012fvairiausiomis progomis: nuo kasdieni\u0173 ar verslo u\u017era\u0161\u0173, dienora\u0161\u010di\u0173, lai\u0161k\u0173 iki svarbi\u0173 form\u0173 pildymo ar popieriaus apdailos. \u0160i serija yra ypa\u010d pam\u0117gta k\u016brybi\u0161kas u\u017era\u0161ines \/ planuoklius kurian\u010di\u0173 [&hellip;]<\/p>","protected":false},"featured_media":29086,"comment_status":"open","ping_status":"closed","template":"","meta":{"_season_start":"","_season_end":"","_season_days":"","_season_months":"","_season_auto_visibility":""},"product_brand":[1009],"product_cat":[1749],"product_tag":[],"class_list":{"0":"post-16482","1":"product","2":"type-product","3":"status-publish","4":"has-post-thumbnail","6":"product_brand-marvy-uchida","7":"product_cat-vienkartiniai-rasikliai","9":"first","10":"instock","11":"taxable","12":"shipping-taxable","13":"purchasable","14":"product-type-simple"},"yoast_head":"<!-- This site is optimized with the Yoast SEO plugin v26.1.1 - https:\/\/yoast.com\/wordpress\/plugins\/seo\/ -->\n<title>Ra\u0161ikli\u0173 rinkinys &quot;Le Pen&quot; Neon 0.3mm 6 vnt. Marvy 4300-6F - Rutana - Ra\u0161tin\u0117s reikmenys<\/title>\n<meta name=\"robots\" content=\"index, follow, max-snippet:-1, max-image-preview:large, max-video-preview:-1\" \/>\n<link rel=\"canonical\" href=\"https:\/\/rutana.lt\/en\/product\/rasikliu-rinkinys-le-pen-neon-0-3mm-6-vnt-marvy-4300-6f\/\" \/>\n<meta property=\"og:locale\" content=\"en_US\" \/>\n<meta property=\"og:type\" content=\"article\" \/>\n<meta property=\"og:title\" content=\"Ra\u0161ikli\u0173 rinkinys &quot;Le Pen&quot; Neon 0.3mm 6 vnt. Marvy 4300-6F - Rutana - Ra\u0161tin\u0117s reikmenys\" \/>\n<meta property=\"og:description\" content=\"Stilingi, eleganti\u0161ki ra\u0161ikliai plonu antgaliu \u2013 vienas perkamiausi\u0173 Uchida gamini\u0173 nuo 1979m. Glotni, itin plona plastikin\u0117 ra\u0161iklio galvut\u0117 garantuoja ypatingai smulk\u0173 ir tiksl\u0173 br\u0117\u017e\u012f. &#8222;Le Pen&#8221; yra idealus ra\u0161ymui \u012fvairiausiomis progomis: nuo kasdieni\u0173 ar verslo u\u017era\u0161\u0173, dienora\u0161\u010di\u0173, lai\u0161k\u0173 iki svarbi\u0173 form\u0173 pildymo ar popieriaus apdailos. \u0160i serija yra ypa\u010d pam\u0117gta k\u016brybi\u0161kas u\u017era\u0161ines \/ planuoklius kurian\u010di\u0173 [&hellip;]\" \/>\n<meta property=\"og:url\" content=\"https:\/\/rutana.lt\/en\/product\/rasikliu-rinkinys-le-pen-neon-0-3mm-6-vnt-marvy-4300-6f\/\" \/>\n<meta property=\"og:site_name\" content=\"Rutana - Ra\u0161tin\u0117s reikmenys\" \/>\n<meta property=\"article:publisher\" content=\"https:\/\/www.facebook.com\/RutanaKanceliarinesPrekes\/\" \/>\n<meta property=\"article:modified_time\" content=\"2025-10-13T13:51:33+00:00\" \/>\n<meta property=\"og:image\" content=\"https:\/\/rutana.lt\/wp-content\/uploads\/2025\/09\/C035-412.jpg\" \/>\n\t<meta property=\"og:image:width\" content=\"600\" \/>\n\t<meta property=\"og:image:height\" content=\"600\" \/>\n\t<meta property=\"og:image:type\" content=\"image\/jpeg\" \/>\n<meta name=\"twitter:card\" content=\"summary_large_image\" \/>\n<meta name=\"twitter:label1\" content=\"Est. reading time\" \/>\n\t<meta name=\"twitter:data1\" content=\"1 minute\" \/>\n<script type=\"application\/ld+json\" class=\"yoast-schema-graph\">{\"@context\":\"https:\/\/schema.org\",\"@graph\":[{\"@type\":\"WebPage\",\"@id\":\"https:\/\/rutana.lt\/produktas\/rasikliu-rinkinys-le-pen-neon-0-3mm-6-vnt-marvy-4300-6f\/\",\"url\":\"https:\/\/rutana.lt\/produktas\/rasikliu-rinkinys-le-pen-neon-0-3mm-6-vnt-marvy-4300-6f\/\",\"name\":\"Ra\u0161ikli\u0173 rinkinys \\\"Le Pen\\\" Neon 0.3mm 6 vnt. Marvy 4300-6F - Rutana - Ra\u0161tin\u0117s reikmenys\",\"isPartOf\":{\"@id\":\"https:\/\/rutana.lt\/#website\"},\"primaryImageOfPage\":{\"@id\":\"https:\/\/rutana.lt\/produktas\/rasikliu-rinkinys-le-pen-neon-0-3mm-6-vnt-marvy-4300-6f\/#primaryimage\"},\"image\":{\"@id\":\"https:\/\/rutana.lt\/produktas\/rasikliu-rinkinys-le-pen-neon-0-3mm-6-vnt-marvy-4300-6f\/#primaryimage\"},\"thumbnailUrl\":\"https:\/\/rutana.lt\/wp-content\/uploads\/2025\/09\/C035-412-2.jpg?v=1763565348\",\"datePublished\":\"2025-09-03T07:45:52+00:00\",\"dateModified\":\"2025-10-13T13:51:33+00:00\",\"breadcrumb\":{\"@id\":\"https:\/\/rutana.lt\/produktas\/rasikliu-rinkinys-le-pen-neon-0-3mm-6-vnt-marvy-4300-6f\/#breadcrumb\"},\"inLanguage\":\"en-US\",\"potentialAction\":[{\"@type\":\"ReadAction\",\"target\":[\"https:\/\/rutana.lt\/produktas\/rasikliu-rinkinys-le-pen-neon-0-3mm-6-vnt-marvy-4300-6f\/\"]}]},{\"@type\":\"ImageObject\",\"inLanguage\":\"en-US\",\"@id\":\"https:\/\/rutana.lt\/produktas\/rasikliu-rinkinys-le-pen-neon-0-3mm-6-vnt-marvy-4300-6f\/#primaryimage\",\"url\":\"https:\/\/rutana.lt\/wp-content\/uploads\/2025\/09\/C035-412-2.jpg?v=1763565348\",\"contentUrl\":\"https:\/\/rutana.lt\/wp-content\/uploads\/2025\/09\/C035-412-2.jpg?v=1763565348\",\"width\":600,\"height\":600},{\"@type\":\"BreadcrumbList\",\"@id\":\"https:\/\/rutana.lt\/produktas\/rasikliu-rinkinys-le-pen-neon-0-3mm-6-vnt-marvy-4300-6f\/#breadcrumb\",\"itemListElement\":[{\"@type\":\"ListItem\",\"position\":1,\"name\":\"Home\",\"item\":\"https:\/\/rutana.lt\/\"},{\"@type\":\"ListItem\",\"position\":2,\"name\":\"Parduotuv\u0117\",\"item\":\"https:\/\/rutana.lt\/parduotuve\/\"},{\"@type\":\"ListItem\",\"position\":3,\"name\":\"Ra\u0161ikli\u0173 rinkinys &#8222;Le Pen&#8221; Neon 0.3mm 6 vnt. Marvy 4300-6F\"}]},{\"@type\":\"WebSite\",\"@id\":\"https:\/\/rutana.lt\/#website\",\"url\":\"https:\/\/rutana.lt\/\",\"name\":\"Rutana - Ra\u0161tin\u0117s reikmenys\",\"description\":\"Prekiaujame pasaulin\u0117je rinkoje pripa\u017eintomis, kokybi\u0161komis biuro prek\u0117mis toki\u0173  gamintoj\u0173 kaip: Schneider, Esselte, Novus, 3M, Faber-Castell, Citizen, Milan, Leitz, Colop, Zebra, Staedtler, Durable, Tork, Parker, Waterman ir kt.\",\"publisher\":{\"@id\":\"https:\/\/rutana.lt\/#organization\"},\"potentialAction\":[{\"@type\":\"SearchAction\",\"target\":{\"@type\":\"EntryPoint\",\"urlTemplate\":\"https:\/\/rutana.lt\/?s={search_term_string}\"},\"query-input\":{\"@type\":\"PropertyValueSpecification\",\"valueRequired\":true,\"valueName\":\"search_term_string\"}}],\"inLanguage\":\"en-US\"},{\"@type\":\"Organization\",\"@id\":\"https:\/\/rutana.lt\/#organization\",\"name\":\"Rutana - Ra\u0161tin\u0117s reikmenys\",\"url\":\"https:\/\/rutana.lt\/\",\"logo\":{\"@type\":\"ImageObject\",\"inLanguage\":\"en-US\",\"@id\":\"https:\/\/rutana.lt\/#\/schema\/logo\/image\/\",\"url\":\"https:\/\/rutana.lt\/wp-content\/uploads\/2025\/10\/Asset-32.png\",\"contentUrl\":\"https:\/\/rutana.lt\/wp-content\/uploads\/2025\/10\/Asset-32.png\",\"width\":433,\"height\":119,\"caption\":\"Rutana - Ra\u0161tin\u0117s reikmenys\"},\"image\":{\"@id\":\"https:\/\/rutana.lt\/#\/schema\/logo\/image\/\"},\"sameAs\":[\"https:\/\/www.facebook.com\/RutanaKanceliarinesPrekes\/\"]}]}<\/script>\n<!-- \/ Yoast SEO plugin. -->","yoast_head_json":{"title":"Ra\u0161ikli\u0173 rinkinys \"Le Pen\" Neon 0.3mm 6 vnt. Marvy 4300-6F - Rutana - Ra\u0161tin\u0117s reikmenys","robots":{"index":"index","follow":"follow","max-snippet":"max-snippet:-1","max-image-preview":"max-image-preview:large","max-video-preview":"max-video-preview:-1"},"canonical":"https:\/\/rutana.lt\/en\/product\/rasikliu-rinkinys-le-pen-neon-0-3mm-6-vnt-marvy-4300-6f\/","og_locale":"en_US","og_type":"article","og_title":"Ra\u0161ikli\u0173 rinkinys \"Le Pen\" Neon 0.3mm 6 vnt. Marvy 4300-6F - Rutana - Ra\u0161tin\u0117s reikmenys","og_description":"Stilingi, eleganti\u0161ki ra\u0161ikliai plonu antgaliu \u2013 vienas perkamiausi\u0173 Uchida gamini\u0173 nuo 1979m. Glotni, itin plona plastikin\u0117 ra\u0161iklio galvut\u0117 garantuoja ypatingai smulk\u0173 ir tiksl\u0173 br\u0117\u017e\u012f. &#8222;Le Pen&#8221; yra idealus ra\u0161ymui \u012fvairiausiomis progomis: nuo kasdieni\u0173 ar verslo u\u017era\u0161\u0173, dienora\u0161\u010di\u0173, lai\u0161k\u0173 iki svarbi\u0173 form\u0173 pildymo ar popieriaus apdailos. \u0160i serija yra ypa\u010d pam\u0117gta k\u016brybi\u0161kas u\u017era\u0161ines \/ planuoklius kurian\u010di\u0173 [&hellip;]","og_url":"https:\/\/rutana.lt\/en\/product\/rasikliu-rinkinys-le-pen-neon-0-3mm-6-vnt-marvy-4300-6f\/","og_site_name":"Rutana - Ra\u0161tin\u0117s reikmenys","article_publisher":"https:\/\/www.facebook.com\/RutanaKanceliarinesPrekes\/","article_modified_time":"2025-10-13T13:51:33+00:00","og_image":[{"width":600,"height":600,"url":"https:\/\/rutana.lt\/wp-content\/uploads\/2025\/09\/C035-412.jpg","type":"image\/jpeg"}],"twitter_card":"summary_large_image","twitter_misc":{"Est. reading time":"1 minute"},"schema":{"@context":"https:\/\/schema.org","@graph":[{"@type":"WebPage","@id":"https:\/\/rutana.lt\/produktas\/rasikliu-rinkinys-le-pen-neon-0-3mm-6-vnt-marvy-4300-6f\/","url":"https:\/\/rutana.lt\/produktas\/rasikliu-rinkinys-le-pen-neon-0-3mm-6-vnt-marvy-4300-6f\/","name":"Ra\u0161ikli\u0173 rinkinys \"Le Pen\" Neon 0.3mm 6 vnt. Marvy 4300-6F - Rutana - Ra\u0161tin\u0117s reikmenys","isPartOf":{"@id":"https:\/\/rutana.lt\/#website"},"primaryImageOfPage":{"@id":"https:\/\/rutana.lt\/produktas\/rasikliu-rinkinys-le-pen-neon-0-3mm-6-vnt-marvy-4300-6f\/#primaryimage"},"image":{"@id":"https:\/\/rutana.lt\/produktas\/rasikliu-rinkinys-le-pen-neon-0-3mm-6-vnt-marvy-4300-6f\/#primaryimage"},"thumbnailUrl":"https:\/\/rutana.lt\/wp-content\/uploads\/2025\/09\/C035-412-2.jpg?v=1763565348","datePublished":"2025-09-03T07:45:52+00:00","dateModified":"2025-10-13T13:51:33+00:00","breadcrumb":{"@id":"https:\/\/rutana.lt\/produktas\/rasikliu-rinkinys-le-pen-neon-0-3mm-6-vnt-marvy-4300-6f\/#breadcrumb"},"inLanguage":"en-US","potentialAction":[{"@type":"ReadAction","target":["https:\/\/rutana.lt\/produktas\/rasikliu-rinkinys-le-pen-neon-0-3mm-6-vnt-marvy-4300-6f\/"]}]},{"@type":"ImageObject","inLanguage":"en-US","@id":"https:\/\/rutana.lt\/produktas\/rasikliu-rinkinys-le-pen-neon-0-3mm-6-vnt-marvy-4300-6f\/#primaryimage","url":"https:\/\/rutana.lt\/wp-content\/uploads\/2025\/09\/C035-412-2.jpg?v=1763565348","contentUrl":"https:\/\/rutana.lt\/wp-content\/uploads\/2025\/09\/C035-412-2.jpg?v=1763565348","width":600,"height":600},{"@type":"BreadcrumbList","@id":"https:\/\/rutana.lt\/produktas\/rasikliu-rinkinys-le-pen-neon-0-3mm-6-vnt-marvy-4300-6f\/#breadcrumb","itemListElement":[{"@type":"ListItem","position":1,"name":"Home","item":"https:\/\/rutana.lt\/"},{"@type":"ListItem","position":2,"name":"Parduotuv\u0117","item":"https:\/\/rutana.lt\/parduotuve\/"},{"@type":"ListItem","position":3,"name":"Ra\u0161ikli\u0173 rinkinys &#8222;Le Pen&#8221; Neon 0.3mm 6 vnt. Marvy 4300-6F"}]},{"@type":"WebSite","@id":"https:\/\/rutana.lt\/#website","url":"https:\/\/rutana.lt\/","name":"Rutana - Ra\u0161tin\u0117s reikmenys","description":"Prekiaujame pasaulin\u0117je rinkoje pripa\u017eintomis, kokybi\u0161komis biuro prek\u0117mis toki\u0173  gamintoj\u0173 kaip: Schneider, Esselte, Novus, 3M, Faber-Castell, Citizen, Milan, Leitz, Colop, Zebra, Staedtler, Durable, Tork, Parker, Waterman ir kt.","publisher":{"@id":"https:\/\/rutana.lt\/#organization"},"potentialAction":[{"@type":"SearchAction","target":{"@type":"EntryPoint","urlTemplate":"https:\/\/rutana.lt\/?s={search_term_string}"},"query-input":{"@type":"PropertyValueSpecification","valueRequired":true,"valueName":"search_term_string"}}],"inLanguage":"en-US"},{"@type":"Organization","@id":"https:\/\/rutana.lt\/#organization","name":"Rutana - Ra\u0161tin\u0117s reikmenys","url":"https:\/\/rutana.lt\/","logo":{"@type":"ImageObject","inLanguage":"en-US","@id":"https:\/\/rutana.lt\/#\/schema\/logo\/image\/","url":"https:\/\/rutana.lt\/wp-content\/uploads\/2025\/10\/Asset-32.png","contentUrl":"https:\/\/rutana.lt\/wp-content\/uploads\/2025\/10\/Asset-32.png","width":433,"height":119,"caption":"Rutana - Ra\u0161tin\u0117s reikmenys"},"image":{"@id":"https:\/\/rutana.lt\/#\/schema\/logo\/image\/"},"sameAs":["https:\/\/www.facebook.com\/RutanaKanceliarinesPrekes\/"]}]}},"_links":{"self":[{"href":"https:\/\/rutana.lt\/en\/wp-json\/wp\/v2\/product\/16482","targetHints":{"allow":["GET"]}}],"collection":[{"href":"https:\/\/rutana.lt\/en\/wp-json\/wp\/v2\/product"}],"about":[{"href":"https:\/\/rutana.lt\/en\/wp-json\/wp\/v2\/types\/product"}],"replies":[{"embeddable":true,"href":"https:\/\/rutana.lt\/en\/wp-json\/wp\/v2\/comments?post=16482"}],"version-history":[{"count":1,"href":"https:\/\/rutana.lt\/en\/wp-json\/wp\/v2\/product\/16482\/revisions"}],"predecessor-version":[{"id":16527,"href":"https:\/\/rutana.lt\/en\/wp-json\/wp\/v2\/product\/16482\/revisions\/16527"}],"wp:featuredmedia":[{"embeddable":true,"href":"https:\/\/rutana.lt\/en\/wp-json\/wp\/v2\/media\/29086"}],"wp:attachment":[{"href":"https:\/\/rutana.lt\/en\/wp-json\/wp\/v2\/media?parent=16482"}],"wp:term":[{"taxonomy":"product_brand","embeddable":true,"href":"https:\/\/rutana.lt\/en\/wp-json\/wp\/v2\/product_brand?post=16482"},{"taxonomy":"product_cat","embeddable":true,"href":"https:\/\/rutana.lt\/en\/wp-json\/wp\/v2\/product_cat?post=16482"},{"taxonomy":"product_tag","embeddable":true,"href":"https:\/\/rutana.lt\/en\/wp-json\/wp\/v2\/product_tag?post=16482"}],"curies":[{"name":"wp","href":"https:\/\/api.w.org\/{rel}","templated":true}]}}