{"id":16473,"date":"2025-09-03T09:45:52","date_gmt":"2025-09-03T07:45:52","guid":{"rendered":"https:\/\/rutana.webdemo.lt\/?post_type=product&#038;p=16473"},"modified":"2025-10-13T15:51:29","modified_gmt":"2025-10-13T13:51:29","slug":"tualetinis-popierius-servetelemis-hostess-250-vnt-kimberly-clark-8035","status":"publish","type":"product","link":"https:\/\/rutana.lt\/en\/product\/tualetinis-popierius-servetelemis-hostess-250-vnt-kimberly-clark-8035\/","title":{"rendered":"Tualetinis popierius servet\u0117l\u0117mis &#8222;Hostess&#8221; 250 vnt. Kimberly-Clark 8035"},"content":{"rendered":"<p class=\"MsoNormal\" style=\"margin-bottom: 10px;\">\u201eHostess\u201c tualetinis popierius servet\u0117l\u0117mis patvarus, mink\u0161tas, hipoalergi\u0161kas. LDC gamybos technologija, kuri turi didesn\u012f stiprum\u0105 ir sugeriamum\u0105, taip pat celiulioz\u0117s balinimo technologij\u0105 nenaudojant chloro. U\u017etikrina auk\u0161t\u0105 higienos lyg\u012f ir padidina vartojimo reikmen\u0173 kontrol\u0119. Ekonomi\u0161kas pasirinkimas.<\/p>\n<p>Lapeli\u0173 kiekis: 250<\/p>\n<p style=\"margin-bottom: 10px;\">Lapelio ilgis: 18.6 cm<\/p>\n<p style=\"margin-bottom: 10px;\">Lapelio plotis: 11 cm<\/p>\n<p style=\"margin-bottom: 10px;\">Sluoksniai: 2<\/p>\n<p style=\"margin-bottom: 10px;\">Spalva: balta<\/p>\n<p style=\"margin-bottom: 10px;\">Pakelio i\u0161matavimai: 11 \u00d7 9.3 \u00d7 10 cm<\/p>\n<p style=\"margin-bottom: 10px;\"><\/p>","protected":false},"excerpt":{"rendered":"<p>\u201eHostess\u201c tualetinis popierius servet\u0117l\u0117mis patvarus, mink\u0161tas, hipoalergi\u0161kas. LDC gamybos technologija, kuri turi didesn\u012f stiprum\u0105 ir sugeriamum\u0105, taip pat celiulioz\u0117s balinimo technologij\u0105 nenaudojant chloro. U\u017etikrina auk\u0161t\u0105 higienos lyg\u012f ir padidina vartojimo reikmen\u0173 kontrol\u0119. Ekonomi\u0161kas pasirinkimas. Lapeli\u0173 kiekis: 250 Lapelio ilgis: 18.6 cm Lapelio plotis: 11 cm Sluoksniai: 2 Spalva: balta Pakelio i\u0161matavimai: 11 \u00d7 9.3 \u00d7 [&hellip;]<\/p>","protected":false},"featured_media":29077,"comment_status":"open","ping_status":"closed","template":"","meta":{"_season_start":"","_season_end":"","_season_days":"","_season_months":"","_season_auto_visibility":""},"product_brand":[859],"product_cat":[1622],"product_tag":[],"class_list":{"0":"post-16473","1":"product","2":"type-product","3":"status-publish","4":"has-post-thumbnail","6":"product_brand-kimberly-clark","7":"product_cat-tualetinis-popierius","9":"first","10":"instock","11":"taxable","12":"shipping-taxable","13":"purchasable","14":"product-type-simple"},"yoast_head":"<!-- This site is optimized with the Yoast SEO plugin v26.1.1 - https:\/\/yoast.com\/wordpress\/plugins\/seo\/ -->\n<title>Tualetinis popierius servet\u0117l\u0117mis &quot;Hostess&quot; 250 vnt. Kimberly-Clark 8035 - Rutana - Ra\u0161tin\u0117s reikmenys<\/title>\n<meta name=\"robots\" content=\"index, follow, max-snippet:-1, max-image-preview:large, max-video-preview:-1\" \/>\n<link rel=\"canonical\" href=\"https:\/\/rutana.lt\/en\/product\/tualetinis-popierius-servetelemis-hostess-250-vnt-kimberly-clark-8035\/\" \/>\n<meta property=\"og:locale\" content=\"en_US\" \/>\n<meta property=\"og:type\" content=\"article\" \/>\n<meta property=\"og:title\" content=\"Tualetinis popierius servet\u0117l\u0117mis &quot;Hostess&quot; 250 vnt. Kimberly-Clark 8035 - Rutana - Ra\u0161tin\u0117s reikmenys\" \/>\n<meta property=\"og:description\" content=\"\u201eHostess\u201c tualetinis popierius servet\u0117l\u0117mis patvarus, mink\u0161tas, hipoalergi\u0161kas. LDC gamybos technologija, kuri turi didesn\u012f stiprum\u0105 ir sugeriamum\u0105, taip pat celiulioz\u0117s balinimo technologij\u0105 nenaudojant chloro. U\u017etikrina auk\u0161t\u0105 higienos lyg\u012f ir padidina vartojimo reikmen\u0173 kontrol\u0119. Ekonomi\u0161kas pasirinkimas. Lapeli\u0173 kiekis: 250 Lapelio ilgis: 18.6 cm Lapelio plotis: 11 cm Sluoksniai: 2 Spalva: balta Pakelio i\u0161matavimai: 11 \u00d7 9.3 \u00d7 [&hellip;]\" \/>\n<meta property=\"og:url\" content=\"https:\/\/rutana.lt\/en\/product\/tualetinis-popierius-servetelemis-hostess-250-vnt-kimberly-clark-8035\/\" \/>\n<meta property=\"og:site_name\" content=\"Rutana - Ra\u0161tin\u0117s reikmenys\" \/>\n<meta property=\"article:publisher\" content=\"https:\/\/www.facebook.com\/RutanaKanceliarinesPrekes\/\" \/>\n<meta property=\"article:modified_time\" content=\"2025-10-13T13:51:29+00:00\" \/>\n<meta property=\"og:image\" content=\"https:\/\/rutana.lt\/wp-content\/uploads\/2025\/09\/A081-623.jpg\" \/>\n\t<meta property=\"og:image:width\" content=\"551\" \/>\n\t<meta property=\"og:image:height\" content=\"530\" \/>\n\t<meta property=\"og:image:type\" content=\"image\/jpeg\" \/>\n<meta name=\"twitter:card\" content=\"summary_large_image\" \/>\n<script type=\"application\/ld+json\" class=\"yoast-schema-graph\">{\"@context\":\"https:\/\/schema.org\",\"@graph\":[{\"@type\":\"WebPage\",\"@id\":\"https:\/\/rutana.lt\/produktas\/tualetinis-popierius-servetelemis-hostess-250-vnt-kimberly-clark-8035\/\",\"url\":\"https:\/\/rutana.lt\/produktas\/tualetinis-popierius-servetelemis-hostess-250-vnt-kimberly-clark-8035\/\",\"name\":\"Tualetinis popierius servet\u0117l\u0117mis \\\"Hostess\\\" 250 vnt. Kimberly-Clark 8035 - Rutana - Ra\u0161tin\u0117s reikmenys\",\"isPartOf\":{\"@id\":\"https:\/\/rutana.lt\/#website\"},\"primaryImageOfPage\":{\"@id\":\"https:\/\/rutana.lt\/produktas\/tualetinis-popierius-servetelemis-hostess-250-vnt-kimberly-clark-8035\/#primaryimage\"},\"image\":{\"@id\":\"https:\/\/rutana.lt\/produktas\/tualetinis-popierius-servetelemis-hostess-250-vnt-kimberly-clark-8035\/#primaryimage\"},\"thumbnailUrl\":\"https:\/\/rutana.lt\/wp-content\/uploads\/2025\/09\/A081-623-1.jpg?v=1763565361\",\"datePublished\":\"2025-09-03T07:45:52+00:00\",\"dateModified\":\"2025-10-13T13:51:29+00:00\",\"breadcrumb\":{\"@id\":\"https:\/\/rutana.lt\/produktas\/tualetinis-popierius-servetelemis-hostess-250-vnt-kimberly-clark-8035\/#breadcrumb\"},\"inLanguage\":\"en-US\",\"potentialAction\":[{\"@type\":\"ReadAction\",\"target\":[\"https:\/\/rutana.lt\/produktas\/tualetinis-popierius-servetelemis-hostess-250-vnt-kimberly-clark-8035\/\"]}]},{\"@type\":\"ImageObject\",\"inLanguage\":\"en-US\",\"@id\":\"https:\/\/rutana.lt\/produktas\/tualetinis-popierius-servetelemis-hostess-250-vnt-kimberly-clark-8035\/#primaryimage\",\"url\":\"https:\/\/rutana.lt\/wp-content\/uploads\/2025\/09\/A081-623-1.jpg?v=1763565361\",\"contentUrl\":\"https:\/\/rutana.lt\/wp-content\/uploads\/2025\/09\/A081-623-1.jpg?v=1763565361\",\"width\":551,\"height\":530},{\"@type\":\"BreadcrumbList\",\"@id\":\"https:\/\/rutana.lt\/produktas\/tualetinis-popierius-servetelemis-hostess-250-vnt-kimberly-clark-8035\/#breadcrumb\",\"itemListElement\":[{\"@type\":\"ListItem\",\"position\":1,\"name\":\"Home\",\"item\":\"https:\/\/rutana.lt\/\"},{\"@type\":\"ListItem\",\"position\":2,\"name\":\"Parduotuv\u0117\",\"item\":\"https:\/\/rutana.lt\/parduotuve\/\"},{\"@type\":\"ListItem\",\"position\":3,\"name\":\"Tualetinis popierius servet\u0117l\u0117mis &#8222;Hostess&#8221; 250 vnt. Kimberly-Clark 8035\"}]},{\"@type\":\"WebSite\",\"@id\":\"https:\/\/rutana.lt\/#website\",\"url\":\"https:\/\/rutana.lt\/\",\"name\":\"Rutana - Ra\u0161tin\u0117s reikmenys\",\"description\":\"Prekiaujame pasaulin\u0117je rinkoje pripa\u017eintomis, kokybi\u0161komis biuro prek\u0117mis toki\u0173  gamintoj\u0173 kaip: Schneider, Esselte, Novus, 3M, Faber-Castell, Citizen, Milan, Leitz, Colop, Zebra, Staedtler, Durable, Tork, Parker, Waterman ir kt.\",\"publisher\":{\"@id\":\"https:\/\/rutana.lt\/#organization\"},\"potentialAction\":[{\"@type\":\"SearchAction\",\"target\":{\"@type\":\"EntryPoint\",\"urlTemplate\":\"https:\/\/rutana.lt\/?s={search_term_string}\"},\"query-input\":{\"@type\":\"PropertyValueSpecification\",\"valueRequired\":true,\"valueName\":\"search_term_string\"}}],\"inLanguage\":\"en-US\"},{\"@type\":\"Organization\",\"@id\":\"https:\/\/rutana.lt\/#organization\",\"name\":\"Rutana - Ra\u0161tin\u0117s reikmenys\",\"url\":\"https:\/\/rutana.lt\/\",\"logo\":{\"@type\":\"ImageObject\",\"inLanguage\":\"en-US\",\"@id\":\"https:\/\/rutana.lt\/#\/schema\/logo\/image\/\",\"url\":\"https:\/\/rutana.lt\/wp-content\/uploads\/2025\/10\/Asset-32.png\",\"contentUrl\":\"https:\/\/rutana.lt\/wp-content\/uploads\/2025\/10\/Asset-32.png\",\"width\":433,\"height\":119,\"caption\":\"Rutana - Ra\u0161tin\u0117s reikmenys\"},\"image\":{\"@id\":\"https:\/\/rutana.lt\/#\/schema\/logo\/image\/\"},\"sameAs\":[\"https:\/\/www.facebook.com\/RutanaKanceliarinesPrekes\/\"]}]}<\/script>\n<!-- \/ Yoast SEO plugin. -->","yoast_head_json":{"title":"Tualetinis popierius servet\u0117l\u0117mis \"Hostess\" 250 vnt. Kimberly-Clark 8035 - Rutana - Ra\u0161tin\u0117s reikmenys","robots":{"index":"index","follow":"follow","max-snippet":"max-snippet:-1","max-image-preview":"max-image-preview:large","max-video-preview":"max-video-preview:-1"},"canonical":"https:\/\/rutana.lt\/en\/product\/tualetinis-popierius-servetelemis-hostess-250-vnt-kimberly-clark-8035\/","og_locale":"en_US","og_type":"article","og_title":"Tualetinis popierius servet\u0117l\u0117mis \"Hostess\" 250 vnt. Kimberly-Clark 8035 - Rutana - Ra\u0161tin\u0117s reikmenys","og_description":"\u201eHostess\u201c tualetinis popierius servet\u0117l\u0117mis patvarus, mink\u0161tas, hipoalergi\u0161kas. LDC gamybos technologija, kuri turi didesn\u012f stiprum\u0105 ir sugeriamum\u0105, taip pat celiulioz\u0117s balinimo technologij\u0105 nenaudojant chloro. U\u017etikrina auk\u0161t\u0105 higienos lyg\u012f ir padidina vartojimo reikmen\u0173 kontrol\u0119. Ekonomi\u0161kas pasirinkimas. Lapeli\u0173 kiekis: 250 Lapelio ilgis: 18.6 cm Lapelio plotis: 11 cm Sluoksniai: 2 Spalva: balta Pakelio i\u0161matavimai: 11 \u00d7 9.3 \u00d7 [&hellip;]","og_url":"https:\/\/rutana.lt\/en\/product\/tualetinis-popierius-servetelemis-hostess-250-vnt-kimberly-clark-8035\/","og_site_name":"Rutana - Ra\u0161tin\u0117s reikmenys","article_publisher":"https:\/\/www.facebook.com\/RutanaKanceliarinesPrekes\/","article_modified_time":"2025-10-13T13:51:29+00:00","og_image":[{"width":551,"height":530,"url":"https:\/\/rutana.lt\/wp-content\/uploads\/2025\/09\/A081-623.jpg","type":"image\/jpeg"}],"twitter_card":"summary_large_image","schema":{"@context":"https:\/\/schema.org","@graph":[{"@type":"WebPage","@id":"https:\/\/rutana.lt\/produktas\/tualetinis-popierius-servetelemis-hostess-250-vnt-kimberly-clark-8035\/","url":"https:\/\/rutana.lt\/produktas\/tualetinis-popierius-servetelemis-hostess-250-vnt-kimberly-clark-8035\/","name":"Tualetinis popierius servet\u0117l\u0117mis \"Hostess\" 250 vnt. Kimberly-Clark 8035 - Rutana - Ra\u0161tin\u0117s reikmenys","isPartOf":{"@id":"https:\/\/rutana.lt\/#website"},"primaryImageOfPage":{"@id":"https:\/\/rutana.lt\/produktas\/tualetinis-popierius-servetelemis-hostess-250-vnt-kimberly-clark-8035\/#primaryimage"},"image":{"@id":"https:\/\/rutana.lt\/produktas\/tualetinis-popierius-servetelemis-hostess-250-vnt-kimberly-clark-8035\/#primaryimage"},"thumbnailUrl":"https:\/\/rutana.lt\/wp-content\/uploads\/2025\/09\/A081-623-1.jpg?v=1763565361","datePublished":"2025-09-03T07:45:52+00:00","dateModified":"2025-10-13T13:51:29+00:00","breadcrumb":{"@id":"https:\/\/rutana.lt\/produktas\/tualetinis-popierius-servetelemis-hostess-250-vnt-kimberly-clark-8035\/#breadcrumb"},"inLanguage":"en-US","potentialAction":[{"@type":"ReadAction","target":["https:\/\/rutana.lt\/produktas\/tualetinis-popierius-servetelemis-hostess-250-vnt-kimberly-clark-8035\/"]}]},{"@type":"ImageObject","inLanguage":"en-US","@id":"https:\/\/rutana.lt\/produktas\/tualetinis-popierius-servetelemis-hostess-250-vnt-kimberly-clark-8035\/#primaryimage","url":"https:\/\/rutana.lt\/wp-content\/uploads\/2025\/09\/A081-623-1.jpg?v=1763565361","contentUrl":"https:\/\/rutana.lt\/wp-content\/uploads\/2025\/09\/A081-623-1.jpg?v=1763565361","width":551,"height":530},{"@type":"BreadcrumbList","@id":"https:\/\/rutana.lt\/produktas\/tualetinis-popierius-servetelemis-hostess-250-vnt-kimberly-clark-8035\/#breadcrumb","itemListElement":[{"@type":"ListItem","position":1,"name":"Home","item":"https:\/\/rutana.lt\/"},{"@type":"ListItem","position":2,"name":"Parduotuv\u0117","item":"https:\/\/rutana.lt\/parduotuve\/"},{"@type":"ListItem","position":3,"name":"Tualetinis popierius servet\u0117l\u0117mis &#8222;Hostess&#8221; 250 vnt. Kimberly-Clark 8035"}]},{"@type":"WebSite","@id":"https:\/\/rutana.lt\/#website","url":"https:\/\/rutana.lt\/","name":"Rutana - Ra\u0161tin\u0117s reikmenys","description":"Prekiaujame pasaulin\u0117je rinkoje pripa\u017eintomis, kokybi\u0161komis biuro prek\u0117mis toki\u0173  gamintoj\u0173 kaip: Schneider, Esselte, Novus, 3M, Faber-Castell, Citizen, Milan, Leitz, Colop, Zebra, Staedtler, Durable, Tork, Parker, Waterman ir kt.","publisher":{"@id":"https:\/\/rutana.lt\/#organization"},"potentialAction":[{"@type":"SearchAction","target":{"@type":"EntryPoint","urlTemplate":"https:\/\/rutana.lt\/?s={search_term_string}"},"query-input":{"@type":"PropertyValueSpecification","valueRequired":true,"valueName":"search_term_string"}}],"inLanguage":"en-US"},{"@type":"Organization","@id":"https:\/\/rutana.lt\/#organization","name":"Rutana - Ra\u0161tin\u0117s reikmenys","url":"https:\/\/rutana.lt\/","logo":{"@type":"ImageObject","inLanguage":"en-US","@id":"https:\/\/rutana.lt\/#\/schema\/logo\/image\/","url":"https:\/\/rutana.lt\/wp-content\/uploads\/2025\/10\/Asset-32.png","contentUrl":"https:\/\/rutana.lt\/wp-content\/uploads\/2025\/10\/Asset-32.png","width":433,"height":119,"caption":"Rutana - Ra\u0161tin\u0117s reikmenys"},"image":{"@id":"https:\/\/rutana.lt\/#\/schema\/logo\/image\/"},"sameAs":["https:\/\/www.facebook.com\/RutanaKanceliarinesPrekes\/"]}]}},"_links":{"self":[{"href":"https:\/\/rutana.lt\/en\/wp-json\/wp\/v2\/product\/16473","targetHints":{"allow":["GET"]}}],"collection":[{"href":"https:\/\/rutana.lt\/en\/wp-json\/wp\/v2\/product"}],"about":[{"href":"https:\/\/rutana.lt\/en\/wp-json\/wp\/v2\/types\/product"}],"replies":[{"embeddable":true,"href":"https:\/\/rutana.lt\/en\/wp-json\/wp\/v2\/comments?post=16473"}],"version-history":[{"count":1,"href":"https:\/\/rutana.lt\/en\/wp-json\/wp\/v2\/product\/16473\/revisions"}],"predecessor-version":[{"id":16509,"href":"https:\/\/rutana.lt\/en\/wp-json\/wp\/v2\/product\/16473\/revisions\/16509"}],"wp:featuredmedia":[{"embeddable":true,"href":"https:\/\/rutana.lt\/en\/wp-json\/wp\/v2\/media\/29077"}],"wp:attachment":[{"href":"https:\/\/rutana.lt\/en\/wp-json\/wp\/v2\/media?parent=16473"}],"wp:term":[{"taxonomy":"product_brand","embeddable":true,"href":"https:\/\/rutana.lt\/en\/wp-json\/wp\/v2\/product_brand?post=16473"},{"taxonomy":"product_cat","embeddable":true,"href":"https:\/\/rutana.lt\/en\/wp-json\/wp\/v2\/product_cat?post=16473"},{"taxonomy":"product_tag","embeddable":true,"href":"https:\/\/rutana.lt\/en\/wp-json\/wp\/v2\/product_tag?post=16473"}],"curies":[{"name":"wp","href":"https:\/\/api.w.org\/{rel}","templated":true}]}}