{"id":16471,"date":"2025-09-03T09:45:52","date_gmt":"2025-09-03T07:45:52","guid":{"rendered":"https:\/\/rutana.webdemo.lt\/?post_type=product&#038;p=16471"},"modified":"2026-05-13T00:07:27","modified_gmt":"2026-05-12T22:07:27","slug":"grindu-ploviklis-cleanshine-5000-ml-evans-a078eev","status":"publish","type":"product","link":"https:\/\/rutana.lt\/en\/product\/grindu-ploviklis-cleanshine-5000-ml-evans-a078eev\/","title":{"rendered":"Grind\u0173 ploviklis &#8222;Clean&#038;Shine&#8221; 5000 ml Evans A078EEV"},"content":{"rendered":"<p>Grind\u0173 ploviklis &#8211; nuvalo ir atkuria blizges\u012f ant grind\u0173. Pa\u0161alina \u012fbr\u0117\u017eim\u0173 \u017eymes ir padidina lako ilgaam\u017ei\u0161kum\u0105. Nu\u0161lifuoja iki slydimui atsparaus blizgaus pavir\u0161iaus. Tinka pur\u0161kiamam valymui ir dr\u0117gnam valymui. Idealiai tinka daugeliui grind\u0173, \u012fskaitant vinilo, gumos, marmuro ir t.t. Patvirtintas POLYFLOR grindims.<\/p>\n<p>Talpa: 5000 ml<\/p>\n<p>Tara: PET<\/p>\n<p>pH 10<\/p>\n<p>Kilm\u0117s \u0161alis: Did\u017eioji Britanija<\/p>","protected":false},"excerpt":{"rendered":"<p>Grind\u0173 ploviklis &#8211; nuvalo ir atkuria blizges\u012f ant grind\u0173. Pa\u0161alina \u012fbr\u0117\u017eim\u0173 \u017eymes ir padidina lako ilgaam\u017ei\u0161kum\u0105.<\/p>","protected":false},"featured_media":29075,"comment_status":"open","ping_status":"closed","template":"","meta":{"_season_start":"","_season_end":"","_season_days":"","_season_months":"","_season_auto_visibility":"1"},"product_brand":[620],"product_cat":[1630],"product_tag":[],"class_list":{"0":"post-16471","1":"product","2":"type-product","3":"status-publish","4":"has-post-thumbnail","6":"product_brand-evans","7":"product_cat-grindu-valikliai","9":"first","10":"instock","11":"taxable","12":"shipping-taxable","13":"purchasable","14":"product-type-simple"},"yoast_head":"<!-- This site is optimized with the Yoast SEO plugin v27.4 - https:\/\/yoast.com\/product\/yoast-seo-wordpress\/ -->\n<title>Grind\u0173 ploviklis &quot;Clean&amp;Shine&quot; 5000 ml Evans A078EEV - Rutana - Ra\u0161tin\u0117s reikmenys<\/title>\n<meta name=\"robots\" content=\"index, follow, max-snippet:-1, max-image-preview:large, max-video-preview:-1\" \/>\n<link rel=\"canonical\" href=\"https:\/\/rutana.lt\/en\/product\/grindu-ploviklis-cleanshine-5000-ml-evans-a078eev\/\" \/>\n<meta property=\"og:locale\" content=\"en_US\" \/>\n<meta property=\"og:type\" content=\"article\" \/>\n<meta property=\"og:title\" content=\"Grind\u0173 ploviklis &quot;Clean&amp;Shine&quot; 5000 ml Evans A078EEV - Rutana - Ra\u0161tin\u0117s reikmenys\" \/>\n<meta property=\"og:description\" content=\"Grind\u0173 ploviklis - nuvalo ir atkuria blizges\u012f ant grind\u0173. Pa\u0161alina \u012fbr\u0117\u017eim\u0173 \u017eymes ir padidina lako ilgaam\u017ei\u0161kum\u0105.\" \/>\n<meta property=\"og:url\" content=\"https:\/\/rutana.lt\/en\/product\/grindu-ploviklis-cleanshine-5000-ml-evans-a078eev\/\" \/>\n<meta property=\"og:site_name\" content=\"Rutana - Ra\u0161tin\u0117s reikmenys\" \/>\n<meta property=\"article:publisher\" content=\"https:\/\/www.facebook.com\/RutanaKanceliarinesPrekes\/\" \/>\n<meta property=\"article:modified_time\" content=\"2026-05-12T22:07:27+00:00\" \/>\n<meta property=\"og:image\" content=\"https:\/\/rutana.lt\/wp-content\/uploads\/2025\/09\/B095-564-1.jpg?v=1763565362\" \/>\n\t<meta property=\"og:image:width\" content=\"544\" \/>\n\t<meta property=\"og:image:height\" content=\"582\" \/>\n\t<meta property=\"og:image:type\" content=\"image\/jpeg\" \/>\n<meta name=\"twitter:card\" content=\"summary_large_image\" \/>\n<meta name=\"twitter:label1\" content=\"Est. reading time\" \/>\n\t<meta name=\"twitter:data1\" content=\"1 minute\" \/>\n<script type=\"application\/ld+json\" class=\"yoast-schema-graph\">{\"@context\":\"https:\\\/\\\/schema.org\",\"@graph\":[{\"@type\":\"WebPage\",\"@id\":\"https:\\\/\\\/rutana.lt\\\/produktas\\\/grindu-ploviklis-cleanshine-5000-ml-evans-a078eev\\\/\",\"url\":\"https:\\\/\\\/rutana.lt\\\/produktas\\\/grindu-ploviklis-cleanshine-5000-ml-evans-a078eev\\\/\",\"name\":\"Grind\u0173 ploviklis \\\"Clean&Shine\\\" 5000 ml Evans A078EEV - Rutana - Ra\u0161tin\u0117s reikmenys\",\"isPartOf\":{\"@id\":\"https:\\\/\\\/rutana.lt\\\/#website\"},\"primaryImageOfPage\":{\"@id\":\"https:\\\/\\\/rutana.lt\\\/produktas\\\/grindu-ploviklis-cleanshine-5000-ml-evans-a078eev\\\/#primaryimage\"},\"image\":{\"@id\":\"https:\\\/\\\/rutana.lt\\\/produktas\\\/grindu-ploviklis-cleanshine-5000-ml-evans-a078eev\\\/#primaryimage\"},\"thumbnailUrl\":\"https:\\\/\\\/rutana.lt\\\/wp-content\\\/uploads\\\/2025\\\/09\\\/B095-564-1.jpg?v=1763565362\",\"datePublished\":\"2025-09-03T07:45:52+00:00\",\"dateModified\":\"2026-05-12T22:07:27+00:00\",\"breadcrumb\":{\"@id\":\"https:\\\/\\\/rutana.lt\\\/produktas\\\/grindu-ploviklis-cleanshine-5000-ml-evans-a078eev\\\/#breadcrumb\"},\"inLanguage\":\"en-US\",\"potentialAction\":[{\"@type\":\"ReadAction\",\"target\":[\"https:\\\/\\\/rutana.lt\\\/produktas\\\/grindu-ploviklis-cleanshine-5000-ml-evans-a078eev\\\/\"]}]},{\"@type\":\"ImageObject\",\"inLanguage\":\"en-US\",\"@id\":\"https:\\\/\\\/rutana.lt\\\/produktas\\\/grindu-ploviklis-cleanshine-5000-ml-evans-a078eev\\\/#primaryimage\",\"url\":\"https:\\\/\\\/rutana.lt\\\/wp-content\\\/uploads\\\/2025\\\/09\\\/B095-564-1.jpg?v=1763565362\",\"contentUrl\":\"https:\\\/\\\/rutana.lt\\\/wp-content\\\/uploads\\\/2025\\\/09\\\/B095-564-1.jpg?v=1763565362\",\"width\":544,\"height\":582},{\"@type\":\"BreadcrumbList\",\"@id\":\"https:\\\/\\\/rutana.lt\\\/produktas\\\/grindu-ploviklis-cleanshine-5000-ml-evans-a078eev\\\/#breadcrumb\",\"itemListElement\":[{\"@type\":\"ListItem\",\"position\":1,\"name\":\"Home\",\"item\":\"https:\\\/\\\/rutana.lt\\\/\"},{\"@type\":\"ListItem\",\"position\":2,\"name\":\"Parduotuv\u0117\",\"item\":\"https:\\\/\\\/rutana.lt\\\/parduotuve\\\/\"},{\"@type\":\"ListItem\",\"position\":3,\"name\":\"Grind\u0173 ploviklis &#8222;Clean&#038;Shine&#8221; 5000 ml Evans A078EEV\"}]},{\"@type\":\"WebSite\",\"@id\":\"https:\\\/\\\/rutana.lt\\\/#website\",\"url\":\"https:\\\/\\\/rutana.lt\\\/\",\"name\":\"Rutana - Ra\u0161tin\u0117s reikmenys\",\"description\":\"Prekiaujame pasaulin\u0117je rinkoje pripa\u017eintomis, kokybi\u0161komis biuro prek\u0117mis toki\u0173  gamintoj\u0173 kaip: Schneider, Esselte, Novus, 3M, Faber-Castell, Citizen, Milan, Leitz, Colop, Zebra, Staedtler, Durable, Tork, Parker, Waterman ir kt.\",\"publisher\":{\"@id\":\"https:\\\/\\\/rutana.lt\\\/#organization\"},\"potentialAction\":[{\"@type\":\"SearchAction\",\"target\":{\"@type\":\"EntryPoint\",\"urlTemplate\":\"https:\\\/\\\/rutana.lt\\\/?s={search_term_string}\"},\"query-input\":{\"@type\":\"PropertyValueSpecification\",\"valueRequired\":true,\"valueName\":\"search_term_string\"}}],\"inLanguage\":\"en-US\"},{\"@type\":\"Organization\",\"@id\":\"https:\\\/\\\/rutana.lt\\\/#organization\",\"name\":\"Rutana - Ra\u0161tin\u0117s reikmenys\",\"url\":\"https:\\\/\\\/rutana.lt\\\/\",\"logo\":{\"@type\":\"ImageObject\",\"inLanguage\":\"en-US\",\"@id\":\"https:\\\/\\\/rutana.lt\\\/#\\\/schema\\\/logo\\\/image\\\/\",\"url\":\"https:\\\/\\\/rutana.lt\\\/wp-content\\\/uploads\\\/2025\\\/10\\\/Asset-32.png\",\"contentUrl\":\"https:\\\/\\\/rutana.lt\\\/wp-content\\\/uploads\\\/2025\\\/10\\\/Asset-32.png\",\"width\":433,\"height\":119,\"caption\":\"Rutana - Ra\u0161tin\u0117s reikmenys\"},\"image\":{\"@id\":\"https:\\\/\\\/rutana.lt\\\/#\\\/schema\\\/logo\\\/image\\\/\"},\"sameAs\":[\"https:\\\/\\\/www.facebook.com\\\/RutanaKanceliarinesPrekes\\\/\"]}]}<\/script>\n<!-- \/ Yoast SEO plugin. -->","yoast_head_json":{"title":"Grind\u0173 ploviklis \"Clean&Shine\" 5000 ml Evans A078EEV - Rutana - Ra\u0161tin\u0117s reikmenys","robots":{"index":"index","follow":"follow","max-snippet":"max-snippet:-1","max-image-preview":"max-image-preview:large","max-video-preview":"max-video-preview:-1"},"canonical":"https:\/\/rutana.lt\/en\/product\/grindu-ploviklis-cleanshine-5000-ml-evans-a078eev\/","og_locale":"en_US","og_type":"article","og_title":"Grind\u0173 ploviklis \"Clean&Shine\" 5000 ml Evans A078EEV - Rutana - Ra\u0161tin\u0117s reikmenys","og_description":"Grind\u0173 ploviklis - nuvalo ir atkuria blizges\u012f ant grind\u0173. Pa\u0161alina \u012fbr\u0117\u017eim\u0173 \u017eymes ir padidina lako ilgaam\u017ei\u0161kum\u0105.","og_url":"https:\/\/rutana.lt\/en\/product\/grindu-ploviklis-cleanshine-5000-ml-evans-a078eev\/","og_site_name":"Rutana - Ra\u0161tin\u0117s reikmenys","article_publisher":"https:\/\/www.facebook.com\/RutanaKanceliarinesPrekes\/","article_modified_time":"2026-05-12T22:07:27+00:00","og_image":[{"width":544,"height":582,"url":"https:\/\/rutana.lt\/wp-content\/uploads\/2025\/09\/B095-564-1.jpg?v=1763565362","type":"image\/jpeg"}],"twitter_card":"summary_large_image","twitter_misc":{"Est. reading time":"1 minute"},"schema":{"@context":"https:\/\/schema.org","@graph":[{"@type":"WebPage","@id":"https:\/\/rutana.lt\/produktas\/grindu-ploviklis-cleanshine-5000-ml-evans-a078eev\/","url":"https:\/\/rutana.lt\/produktas\/grindu-ploviklis-cleanshine-5000-ml-evans-a078eev\/","name":"Grind\u0173 ploviklis \"Clean&Shine\" 5000 ml Evans A078EEV - Rutana - Ra\u0161tin\u0117s reikmenys","isPartOf":{"@id":"https:\/\/rutana.lt\/#website"},"primaryImageOfPage":{"@id":"https:\/\/rutana.lt\/produktas\/grindu-ploviklis-cleanshine-5000-ml-evans-a078eev\/#primaryimage"},"image":{"@id":"https:\/\/rutana.lt\/produktas\/grindu-ploviklis-cleanshine-5000-ml-evans-a078eev\/#primaryimage"},"thumbnailUrl":"https:\/\/rutana.lt\/wp-content\/uploads\/2025\/09\/B095-564-1.jpg?v=1763565362","datePublished":"2025-09-03T07:45:52+00:00","dateModified":"2026-05-12T22:07:27+00:00","breadcrumb":{"@id":"https:\/\/rutana.lt\/produktas\/grindu-ploviklis-cleanshine-5000-ml-evans-a078eev\/#breadcrumb"},"inLanguage":"en-US","potentialAction":[{"@type":"ReadAction","target":["https:\/\/rutana.lt\/produktas\/grindu-ploviklis-cleanshine-5000-ml-evans-a078eev\/"]}]},{"@type":"ImageObject","inLanguage":"en-US","@id":"https:\/\/rutana.lt\/produktas\/grindu-ploviklis-cleanshine-5000-ml-evans-a078eev\/#primaryimage","url":"https:\/\/rutana.lt\/wp-content\/uploads\/2025\/09\/B095-564-1.jpg?v=1763565362","contentUrl":"https:\/\/rutana.lt\/wp-content\/uploads\/2025\/09\/B095-564-1.jpg?v=1763565362","width":544,"height":582},{"@type":"BreadcrumbList","@id":"https:\/\/rutana.lt\/produktas\/grindu-ploviklis-cleanshine-5000-ml-evans-a078eev\/#breadcrumb","itemListElement":[{"@type":"ListItem","position":1,"name":"Home","item":"https:\/\/rutana.lt\/"},{"@type":"ListItem","position":2,"name":"Parduotuv\u0117","item":"https:\/\/rutana.lt\/parduotuve\/"},{"@type":"ListItem","position":3,"name":"Grind\u0173 ploviklis &#8222;Clean&#038;Shine&#8221; 5000 ml Evans A078EEV"}]},{"@type":"WebSite","@id":"https:\/\/rutana.lt\/#website","url":"https:\/\/rutana.lt\/","name":"Rutana - Ra\u0161tin\u0117s reikmenys","description":"Prekiaujame pasaulin\u0117je rinkoje pripa\u017eintomis, kokybi\u0161komis biuro prek\u0117mis toki\u0173  gamintoj\u0173 kaip: Schneider, Esselte, Novus, 3M, Faber-Castell, Citizen, Milan, Leitz, Colop, Zebra, Staedtler, Durable, Tork, Parker, Waterman ir kt.","publisher":{"@id":"https:\/\/rutana.lt\/#organization"},"potentialAction":[{"@type":"SearchAction","target":{"@type":"EntryPoint","urlTemplate":"https:\/\/rutana.lt\/?s={search_term_string}"},"query-input":{"@type":"PropertyValueSpecification","valueRequired":true,"valueName":"search_term_string"}}],"inLanguage":"en-US"},{"@type":"Organization","@id":"https:\/\/rutana.lt\/#organization","name":"Rutana - Ra\u0161tin\u0117s reikmenys","url":"https:\/\/rutana.lt\/","logo":{"@type":"ImageObject","inLanguage":"en-US","@id":"https:\/\/rutana.lt\/#\/schema\/logo\/image\/","url":"https:\/\/rutana.lt\/wp-content\/uploads\/2025\/10\/Asset-32.png","contentUrl":"https:\/\/rutana.lt\/wp-content\/uploads\/2025\/10\/Asset-32.png","width":433,"height":119,"caption":"Rutana - Ra\u0161tin\u0117s reikmenys"},"image":{"@id":"https:\/\/rutana.lt\/#\/schema\/logo\/image\/"},"sameAs":["https:\/\/www.facebook.com\/RutanaKanceliarinesPrekes\/"]}]}},"_links":{"self":[{"href":"https:\/\/rutana.lt\/en\/wp-json\/wp\/v2\/product\/16471","targetHints":{"allow":["GET"]}}],"collection":[{"href":"https:\/\/rutana.lt\/en\/wp-json\/wp\/v2\/product"}],"about":[{"href":"https:\/\/rutana.lt\/en\/wp-json\/wp\/v2\/types\/product"}],"replies":[{"embeddable":true,"href":"https:\/\/rutana.lt\/en\/wp-json\/wp\/v2\/comments?post=16471"}],"version-history":[{"count":3,"href":"https:\/\/rutana.lt\/en\/wp-json\/wp\/v2\/product\/16471\/revisions"}],"predecessor-version":[{"id":35665,"href":"https:\/\/rutana.lt\/en\/wp-json\/wp\/v2\/product\/16471\/revisions\/35665"}],"wp:featuredmedia":[{"embeddable":true,"href":"https:\/\/rutana.lt\/en\/wp-json\/wp\/v2\/media\/29075"}],"wp:attachment":[{"href":"https:\/\/rutana.lt\/en\/wp-json\/wp\/v2\/media?parent=16471"}],"wp:term":[{"taxonomy":"product_brand","embeddable":true,"href":"https:\/\/rutana.lt\/en\/wp-json\/wp\/v2\/product_brand?post=16471"},{"taxonomy":"product_cat","embeddable":true,"href":"https:\/\/rutana.lt\/en\/wp-json\/wp\/v2\/product_cat?post=16471"},{"taxonomy":"product_tag","embeddable":true,"href":"https:\/\/rutana.lt\/en\/wp-json\/wp\/v2\/product_tag?post=16471"}],"curies":[{"name":"wp","href":"https:\/\/api.w.org\/{rel}","templated":true}]}}