{"id":16470,"date":"2025-09-03T09:45:52","date_gmt":"2025-09-03T07:45:52","guid":{"rendered":"https:\/\/rutana.webdemo.lt\/?post_type=product&#038;p=16470"},"modified":"2025-10-13T15:51:28","modified_gmt":"2025-10-13T13:51:28","slug":"wc-ir-vonios-kambario-valiklis-nukalkintojas-1000ml-evans-a190cev","status":"publish","type":"product","link":"https:\/\/rutana.lt\/en\/product\/wc-ir-vonios-kambario-valiklis-nukalkintojas-1000ml-evans-a190cev\/","title":{"rendered":"WC ir vonios kambario valiklis-nukalkintojas 1000ml Evans A190CEV"},"content":{"rendered":"<p class=\"MsoHeader\">R\u016bg\u0161tinis valiklis, nukalkinimo priemon\u0117 tualetams, pisuarams ir prausykloms. U\u017etikrina galing\u0105 ir efektyv\u0173 valym\u0105. Pa\u0161alina kalki\u0173 nuos\u0117das, riebalus ir bendr\u0105 ne\u0161varum\u0105. Prilimpa prie vertikali\u0173 pavir\u0161i\u0173, leid\u017eia ilgiau kontaktuoti ir geriau valyti. Idealiai tinka naudoti ant porceliano, ner\u016bdijan\u010dio plieno, chromo, keramini\u0173 plyteli\u0173. Reguliariai naudojant, jis pad\u0117s i\u0161vengti apna\u0161\u0173 susidarymo ir taip pat apsaugosite nuotek\u0173 ir i\u0161leidimo vamzd\u017eius nuo nemalonaus kvapo. Parfumuotas, kad likt\u0173 \u0161varus, gaivus kvapas. Supilstyta \u012f 1 l talpas, kuri\u0173 kaklelis palenktas kampu, tod\u0117l galima lengvai valyti tualeto kra\u0161tus i\u0161 vidaus.<\/p>\n<p class=\"MsoHeader\">Ekologija: visos pavir\u0161iaus aktyviosios med\u017eiagos, naudojamos Evans Vanodine produktuose atitinka Europos Taisykles d\u0117l biologinio skilimo ir aplinkos apsaugos.<\/p>\n<p class=\"MsoHeader\">Talpa: 1000 ml<\/p>\n<p class=\"MsoHeader\">Kilm\u0117s \u0161alis: Did\u017eioji Britanija<\/p>\n<p class=\"MsoNormal\"><span style=\"font-family:\"verdana\",sans-serif;mso-ansi-language:\nlt\"><o:p><\/o:p><\/span><\/p>","protected":false},"excerpt":{"rendered":"<p>R\u016bg\u0161tinis valiklis, nukalkinimo priemon\u0117 tualetams, pisuarams ir prausykloms. U\u017etikrina galing\u0105 ir efektyv\u0173 valym\u0105. Pa\u0161alina kalki\u0173 nuos\u0117das, riebalus ir bendr\u0105 ne\u0161varum\u0105. Prilimpa prie vertikali\u0173 pavir\u0161i\u0173, leid\u017eia ilgiau kontaktuoti ir geriau valyti. Idealiai tinka naudoti ant porceliano, ner\u016bdijan\u010dio plieno, chromo, keramini\u0173 plyteli\u0173. Reguliariai naudojant, jis pad\u0117s i\u0161vengti apna\u0161\u0173 susidarymo ir taip pat apsaugosite nuotek\u0173 ir i\u0161leidimo vamzd\u017eius [&hellip;]<\/p>","protected":false},"featured_media":29074,"comment_status":"open","ping_status":"closed","template":"","meta":{"_season_start":"","_season_end":"","_season_days":"","_season_months":"","_season_auto_visibility":""},"product_brand":[620],"product_cat":[1635,1634],"product_tag":[],"class_list":{"0":"post-16470","1":"product","2":"type-product","3":"status-publish","4":"has-post-thumbnail","6":"product_brand-evans","7":"product_cat-vonios-ir-virtuves-valikliai","8":"product_cat-wc","10":"first","11":"instock","12":"taxable","13":"shipping-taxable","14":"purchasable","15":"product-type-simple"},"yoast_head":"<!-- This site is optimized with the Yoast SEO plugin v26.1.1 - https:\/\/yoast.com\/wordpress\/plugins\/seo\/ -->\n<title>WC ir vonios kambario valiklis-nukalkintojas 1000ml Evans A190CEV - Rutana - Ra\u0161tin\u0117s reikmenys<\/title>\n<meta name=\"robots\" content=\"index, follow, max-snippet:-1, max-image-preview:large, max-video-preview:-1\" \/>\n<link rel=\"canonical\" href=\"https:\/\/rutana.lt\/en\/product\/wc-ir-vonios-kambario-valiklis-nukalkintojas-1000ml-evans-a190cev\/\" \/>\n<meta property=\"og:locale\" content=\"en_US\" \/>\n<meta property=\"og:type\" content=\"article\" \/>\n<meta property=\"og:title\" content=\"WC ir vonios kambario valiklis-nukalkintojas 1000ml Evans A190CEV - Rutana - Ra\u0161tin\u0117s reikmenys\" \/>\n<meta property=\"og:description\" content=\"R\u016bg\u0161tinis valiklis, nukalkinimo priemon\u0117 tualetams, pisuarams ir prausykloms. U\u017etikrina galing\u0105 ir efektyv\u0173 valym\u0105. Pa\u0161alina kalki\u0173 nuos\u0117das, riebalus ir bendr\u0105 ne\u0161varum\u0105. Prilimpa prie vertikali\u0173 pavir\u0161i\u0173, leid\u017eia ilgiau kontaktuoti ir geriau valyti. Idealiai tinka naudoti ant porceliano, ner\u016bdijan\u010dio plieno, chromo, keramini\u0173 plyteli\u0173. Reguliariai naudojant, jis pad\u0117s i\u0161vengti apna\u0161\u0173 susidarymo ir taip pat apsaugosite nuotek\u0173 ir i\u0161leidimo vamzd\u017eius [&hellip;]\" \/>\n<meta property=\"og:url\" content=\"https:\/\/rutana.lt\/en\/product\/wc-ir-vonios-kambario-valiklis-nukalkintojas-1000ml-evans-a190cev\/\" \/>\n<meta property=\"og:site_name\" content=\"Rutana - Ra\u0161tin\u0117s reikmenys\" \/>\n<meta property=\"article:publisher\" content=\"https:\/\/www.facebook.com\/RutanaKanceliarinesPrekes\/\" \/>\n<meta property=\"article:modified_time\" content=\"2025-10-13T13:51:28+00:00\" \/>\n<meta property=\"og:image\" content=\"https:\/\/rutana.lt\/wp-content\/uploads\/2025\/09\/B095-077.jpg\" \/>\n\t<meta property=\"og:image:width\" content=\"544\" \/>\n\t<meta property=\"og:image:height\" content=\"582\" \/>\n\t<meta property=\"og:image:type\" content=\"image\/jpeg\" \/>\n<meta name=\"twitter:card\" content=\"summary_large_image\" \/>\n<meta name=\"twitter:label1\" content=\"Est. reading time\" \/>\n\t<meta name=\"twitter:data1\" content=\"1 minute\" \/>\n<script type=\"application\/ld+json\" class=\"yoast-schema-graph\">{\"@context\":\"https:\/\/schema.org\",\"@graph\":[{\"@type\":\"WebPage\",\"@id\":\"https:\/\/rutana.lt\/produktas\/wc-ir-vonios-kambario-valiklis-nukalkintojas-1000ml-evans-a190cev\/\",\"url\":\"https:\/\/rutana.lt\/produktas\/wc-ir-vonios-kambario-valiklis-nukalkintojas-1000ml-evans-a190cev\/\",\"name\":\"WC ir vonios kambario valiklis-nukalkintojas 1000ml Evans A190CEV - Rutana - Ra\u0161tin\u0117s reikmenys\",\"isPartOf\":{\"@id\":\"https:\/\/rutana.lt\/#website\"},\"primaryImageOfPage\":{\"@id\":\"https:\/\/rutana.lt\/produktas\/wc-ir-vonios-kambario-valiklis-nukalkintojas-1000ml-evans-a190cev\/#primaryimage\"},\"image\":{\"@id\":\"https:\/\/rutana.lt\/produktas\/wc-ir-vonios-kambario-valiklis-nukalkintojas-1000ml-evans-a190cev\/#primaryimage\"},\"thumbnailUrl\":\"https:\/\/rutana.lt\/wp-content\/uploads\/2025\/09\/B095-077-1.jpg?v=1763565365\",\"datePublished\":\"2025-09-03T07:45:52+00:00\",\"dateModified\":\"2025-10-13T13:51:28+00:00\",\"breadcrumb\":{\"@id\":\"https:\/\/rutana.lt\/produktas\/wc-ir-vonios-kambario-valiklis-nukalkintojas-1000ml-evans-a190cev\/#breadcrumb\"},\"inLanguage\":\"en-US\",\"potentialAction\":[{\"@type\":\"ReadAction\",\"target\":[\"https:\/\/rutana.lt\/produktas\/wc-ir-vonios-kambario-valiklis-nukalkintojas-1000ml-evans-a190cev\/\"]}]},{\"@type\":\"ImageObject\",\"inLanguage\":\"en-US\",\"@id\":\"https:\/\/rutana.lt\/produktas\/wc-ir-vonios-kambario-valiklis-nukalkintojas-1000ml-evans-a190cev\/#primaryimage\",\"url\":\"https:\/\/rutana.lt\/wp-content\/uploads\/2025\/09\/B095-077-1.jpg?v=1763565365\",\"contentUrl\":\"https:\/\/rutana.lt\/wp-content\/uploads\/2025\/09\/B095-077-1.jpg?v=1763565365\",\"width\":544,\"height\":582},{\"@type\":\"BreadcrumbList\",\"@id\":\"https:\/\/rutana.lt\/produktas\/wc-ir-vonios-kambario-valiklis-nukalkintojas-1000ml-evans-a190cev\/#breadcrumb\",\"itemListElement\":[{\"@type\":\"ListItem\",\"position\":1,\"name\":\"Home\",\"item\":\"https:\/\/rutana.lt\/\"},{\"@type\":\"ListItem\",\"position\":2,\"name\":\"Parduotuv\u0117\",\"item\":\"https:\/\/rutana.lt\/parduotuve\/\"},{\"@type\":\"ListItem\",\"position\":3,\"name\":\"WC ir vonios kambario valiklis-nukalkintojas 1000ml Evans A190CEV\"}]},{\"@type\":\"WebSite\",\"@id\":\"https:\/\/rutana.lt\/#website\",\"url\":\"https:\/\/rutana.lt\/\",\"name\":\"Rutana - Ra\u0161tin\u0117s reikmenys\",\"description\":\"Prekiaujame pasaulin\u0117je rinkoje pripa\u017eintomis, kokybi\u0161komis biuro prek\u0117mis toki\u0173  gamintoj\u0173 kaip: Schneider, Esselte, Novus, 3M, Faber-Castell, Citizen, Milan, Leitz, Colop, Zebra, Staedtler, Durable, Tork, Parker, Waterman ir kt.\",\"publisher\":{\"@id\":\"https:\/\/rutana.lt\/#organization\"},\"potentialAction\":[{\"@type\":\"SearchAction\",\"target\":{\"@type\":\"EntryPoint\",\"urlTemplate\":\"https:\/\/rutana.lt\/?s={search_term_string}\"},\"query-input\":{\"@type\":\"PropertyValueSpecification\",\"valueRequired\":true,\"valueName\":\"search_term_string\"}}],\"inLanguage\":\"en-US\"},{\"@type\":\"Organization\",\"@id\":\"https:\/\/rutana.lt\/#organization\",\"name\":\"Rutana - Ra\u0161tin\u0117s reikmenys\",\"url\":\"https:\/\/rutana.lt\/\",\"logo\":{\"@type\":\"ImageObject\",\"inLanguage\":\"en-US\",\"@id\":\"https:\/\/rutana.lt\/#\/schema\/logo\/image\/\",\"url\":\"https:\/\/rutana.lt\/wp-content\/uploads\/2025\/10\/Asset-32.png\",\"contentUrl\":\"https:\/\/rutana.lt\/wp-content\/uploads\/2025\/10\/Asset-32.png\",\"width\":433,\"height\":119,\"caption\":\"Rutana - Ra\u0161tin\u0117s reikmenys\"},\"image\":{\"@id\":\"https:\/\/rutana.lt\/#\/schema\/logo\/image\/\"},\"sameAs\":[\"https:\/\/www.facebook.com\/RutanaKanceliarinesPrekes\/\"]}]}<\/script>\n<!-- \/ Yoast SEO plugin. -->","yoast_head_json":{"title":"WC ir vonios kambario valiklis-nukalkintojas 1000ml Evans A190CEV - Rutana - Ra\u0161tin\u0117s reikmenys","robots":{"index":"index","follow":"follow","max-snippet":"max-snippet:-1","max-image-preview":"max-image-preview:large","max-video-preview":"max-video-preview:-1"},"canonical":"https:\/\/rutana.lt\/en\/product\/wc-ir-vonios-kambario-valiklis-nukalkintojas-1000ml-evans-a190cev\/","og_locale":"en_US","og_type":"article","og_title":"WC ir vonios kambario valiklis-nukalkintojas 1000ml Evans A190CEV - Rutana - Ra\u0161tin\u0117s reikmenys","og_description":"R\u016bg\u0161tinis valiklis, nukalkinimo priemon\u0117 tualetams, pisuarams ir prausykloms. U\u017etikrina galing\u0105 ir efektyv\u0173 valym\u0105. Pa\u0161alina kalki\u0173 nuos\u0117das, riebalus ir bendr\u0105 ne\u0161varum\u0105. Prilimpa prie vertikali\u0173 pavir\u0161i\u0173, leid\u017eia ilgiau kontaktuoti ir geriau valyti. Idealiai tinka naudoti ant porceliano, ner\u016bdijan\u010dio plieno, chromo, keramini\u0173 plyteli\u0173. Reguliariai naudojant, jis pad\u0117s i\u0161vengti apna\u0161\u0173 susidarymo ir taip pat apsaugosite nuotek\u0173 ir i\u0161leidimo vamzd\u017eius [&hellip;]","og_url":"https:\/\/rutana.lt\/en\/product\/wc-ir-vonios-kambario-valiklis-nukalkintojas-1000ml-evans-a190cev\/","og_site_name":"Rutana - Ra\u0161tin\u0117s reikmenys","article_publisher":"https:\/\/www.facebook.com\/RutanaKanceliarinesPrekes\/","article_modified_time":"2025-10-13T13:51:28+00:00","og_image":[{"width":544,"height":582,"url":"https:\/\/rutana.lt\/wp-content\/uploads\/2025\/09\/B095-077.jpg","type":"image\/jpeg"}],"twitter_card":"summary_large_image","twitter_misc":{"Est. reading time":"1 minute"},"schema":{"@context":"https:\/\/schema.org","@graph":[{"@type":"WebPage","@id":"https:\/\/rutana.lt\/produktas\/wc-ir-vonios-kambario-valiklis-nukalkintojas-1000ml-evans-a190cev\/","url":"https:\/\/rutana.lt\/produktas\/wc-ir-vonios-kambario-valiklis-nukalkintojas-1000ml-evans-a190cev\/","name":"WC ir vonios kambario valiklis-nukalkintojas 1000ml Evans A190CEV - Rutana - Ra\u0161tin\u0117s reikmenys","isPartOf":{"@id":"https:\/\/rutana.lt\/#website"},"primaryImageOfPage":{"@id":"https:\/\/rutana.lt\/produktas\/wc-ir-vonios-kambario-valiklis-nukalkintojas-1000ml-evans-a190cev\/#primaryimage"},"image":{"@id":"https:\/\/rutana.lt\/produktas\/wc-ir-vonios-kambario-valiklis-nukalkintojas-1000ml-evans-a190cev\/#primaryimage"},"thumbnailUrl":"https:\/\/rutana.lt\/wp-content\/uploads\/2025\/09\/B095-077-1.jpg?v=1763565365","datePublished":"2025-09-03T07:45:52+00:00","dateModified":"2025-10-13T13:51:28+00:00","breadcrumb":{"@id":"https:\/\/rutana.lt\/produktas\/wc-ir-vonios-kambario-valiklis-nukalkintojas-1000ml-evans-a190cev\/#breadcrumb"},"inLanguage":"en-US","potentialAction":[{"@type":"ReadAction","target":["https:\/\/rutana.lt\/produktas\/wc-ir-vonios-kambario-valiklis-nukalkintojas-1000ml-evans-a190cev\/"]}]},{"@type":"ImageObject","inLanguage":"en-US","@id":"https:\/\/rutana.lt\/produktas\/wc-ir-vonios-kambario-valiklis-nukalkintojas-1000ml-evans-a190cev\/#primaryimage","url":"https:\/\/rutana.lt\/wp-content\/uploads\/2025\/09\/B095-077-1.jpg?v=1763565365","contentUrl":"https:\/\/rutana.lt\/wp-content\/uploads\/2025\/09\/B095-077-1.jpg?v=1763565365","width":544,"height":582},{"@type":"BreadcrumbList","@id":"https:\/\/rutana.lt\/produktas\/wc-ir-vonios-kambario-valiklis-nukalkintojas-1000ml-evans-a190cev\/#breadcrumb","itemListElement":[{"@type":"ListItem","position":1,"name":"Home","item":"https:\/\/rutana.lt\/"},{"@type":"ListItem","position":2,"name":"Parduotuv\u0117","item":"https:\/\/rutana.lt\/parduotuve\/"},{"@type":"ListItem","position":3,"name":"WC ir vonios kambario valiklis-nukalkintojas 1000ml Evans A190CEV"}]},{"@type":"WebSite","@id":"https:\/\/rutana.lt\/#website","url":"https:\/\/rutana.lt\/","name":"Rutana - Ra\u0161tin\u0117s reikmenys","description":"Prekiaujame pasaulin\u0117je rinkoje pripa\u017eintomis, kokybi\u0161komis biuro prek\u0117mis toki\u0173  gamintoj\u0173 kaip: Schneider, Esselte, Novus, 3M, Faber-Castell, Citizen, Milan, Leitz, Colop, Zebra, Staedtler, Durable, Tork, Parker, Waterman ir kt.","publisher":{"@id":"https:\/\/rutana.lt\/#organization"},"potentialAction":[{"@type":"SearchAction","target":{"@type":"EntryPoint","urlTemplate":"https:\/\/rutana.lt\/?s={search_term_string}"},"query-input":{"@type":"PropertyValueSpecification","valueRequired":true,"valueName":"search_term_string"}}],"inLanguage":"en-US"},{"@type":"Organization","@id":"https:\/\/rutana.lt\/#organization","name":"Rutana - Ra\u0161tin\u0117s reikmenys","url":"https:\/\/rutana.lt\/","logo":{"@type":"ImageObject","inLanguage":"en-US","@id":"https:\/\/rutana.lt\/#\/schema\/logo\/image\/","url":"https:\/\/rutana.lt\/wp-content\/uploads\/2025\/10\/Asset-32.png","contentUrl":"https:\/\/rutana.lt\/wp-content\/uploads\/2025\/10\/Asset-32.png","width":433,"height":119,"caption":"Rutana - Ra\u0161tin\u0117s reikmenys"},"image":{"@id":"https:\/\/rutana.lt\/#\/schema\/logo\/image\/"},"sameAs":["https:\/\/www.facebook.com\/RutanaKanceliarinesPrekes\/"]}]}},"_links":{"self":[{"href":"https:\/\/rutana.lt\/en\/wp-json\/wp\/v2\/product\/16470","targetHints":{"allow":["GET"]}}],"collection":[{"href":"https:\/\/rutana.lt\/en\/wp-json\/wp\/v2\/product"}],"about":[{"href":"https:\/\/rutana.lt\/en\/wp-json\/wp\/v2\/types\/product"}],"replies":[{"embeddable":true,"href":"https:\/\/rutana.lt\/en\/wp-json\/wp\/v2\/comments?post=16470"}],"version-history":[{"count":1,"href":"https:\/\/rutana.lt\/en\/wp-json\/wp\/v2\/product\/16470\/revisions"}],"predecessor-version":[{"id":16503,"href":"https:\/\/rutana.lt\/en\/wp-json\/wp\/v2\/product\/16470\/revisions\/16503"}],"wp:featuredmedia":[{"embeddable":true,"href":"https:\/\/rutana.lt\/en\/wp-json\/wp\/v2\/media\/29074"}],"wp:attachment":[{"href":"https:\/\/rutana.lt\/en\/wp-json\/wp\/v2\/media?parent=16470"}],"wp:term":[{"taxonomy":"product_brand","embeddable":true,"href":"https:\/\/rutana.lt\/en\/wp-json\/wp\/v2\/product_brand?post=16470"},{"taxonomy":"product_cat","embeddable":true,"href":"https:\/\/rutana.lt\/en\/wp-json\/wp\/v2\/product_cat?post=16470"},{"taxonomy":"product_tag","embeddable":true,"href":"https:\/\/rutana.lt\/en\/wp-json\/wp\/v2\/product_tag?post=16470"}],"curies":[{"name":"wp","href":"https:\/\/api.w.org\/{rel}","templated":true}]}}