{"id":16420,"date":"2025-09-03T09:45:32","date_gmt":"2025-09-03T07:45:32","guid":{"rendered":"https:\/\/rutana.webdemo.lt\/?post_type=product&#038;p=16420"},"modified":"2025-10-13T15:51:22","modified_gmt":"2025-10-13T13:51:22","slug":"kabinamas-popierinis-oro-gaiviklis-by-design-aromatic-89","status":"publish","type":"product","link":"https:\/\/rutana.lt\/en\/product\/kabinamas-popierinis-oro-gaiviklis-by-design-aromatic-89\/","title":{"rendered":"Kabinamas popierinis oro gaiviklis &#8222;By Design&#8221; Aromatic 89"},"content":{"rendered":"<p>Gyvenimas yra \u012fsimintiniausi\u0173 akimirk\u0173 kelion\u0117, o praturtinta aromatingais kvap\u0173 \u017eaismais ji tampa dar malonesn\u0117. Kiekviena mintis, kiekviena istorija, kiekvienas \u012fvykis, pirmiausia, buvo \u012fam\u017eintas ant popieriaus lapo, taip pat kaip ir m\u016bs\u0173 atrinktos kvap\u0173 kompozicijos. Popierinis oro gaiviklis yra prisodrintas prabangi\u0173 aromat\u0173 natomis, kuri\u0173 kvapo u\u017eteks net iki 20 dien\u0173! Gaivikl\u012f galima pakabinti, tod\u0117l kab\u0117damas ant veidrod\u0117lio jis ne tik d\u017eiugins ak\u012f savo i\u0161skirtinumu, bet ir lepins ry\u0161kiausiais kvapais. Intensyvesni aromatai juntami esant didesniam oro jud\u0117jimui automobilyje. Kabinamo oro gaiviklio paruo\u0161imas yra labai paprastas \u2013 Jums reik\u0117s atidaryti mai\u0161el\u012f per nurodyt\u0105 viet\u0105 ant \u012fpakavimo, i\u0161traukti kvapuk\u0105 u\u017e virvut\u0117s ir pakabinti ant veidrod\u0117lio. \u012esp\u0117jame, kad produkt\u0105 reik\u0117t\u0173 i\u0161traukti atsargiai ir neskubant, kad ne\u012fvyktu joks s\u0105lytis su kitais pavir\u0161iais. Kadangi oro gaiviklis jau pakabintas ant veidrod\u0117lio ir d\u017eiugina savo aromatais, dabar Jums beliko tik patogiai \u012fsitaisyti vairuotojo s\u0117dyn\u0117je ir u\u017ek\u016brus automobil\u012f pajusti naujos kelion\u0117s prad\u017ei\u0105!<\/p>\n<p>Kvapo pavadinimas: BY DESIGN<\/p>\n<p class=\"MsoNoSpacing\" style=\"margin-bottom: 10px;\">Vir\u0161utin\u0117s natos: juodieji serbentai, bergamot\u0117, obuolys, ananasas.<\/p>\n<p class=\"MsoNoSpacing\" style=\"margin-bottom: 10px;\">Vidurin\u0117s natos: ro\u017e\u0117, jazminas.<\/p>\n<p class=\"MsoNoSpacing\" style=\"margin-bottom: 10px;\">Apatin\u0117s natos: sodin\u0117 briedrag\u0117, muskusas, gintaras, vanil\u0117.<\/p>\n<p class=\"MsoNoSpacing\"><o:p><\/o:p><\/p>\n<p class=\"MsoNoSpacing\"><o:p><\/o:p><\/p>\n<\/p>\n<p class=\"MsoNoSpacing\">Kilm\u0117s \u0161alis: Lietuva<\/p>\n<p class=\"MsoNoSpacing\" style=\"margin-bottom: 10px;\"><span style=\"color: rgb(33, 33, 33); font-size: 10px; font-style: italic; text-align: right;\">Nuotrauka yra tik pavyzdinio pob\u016bd\u017eio, skirta pademonstruoti prek\u0117s savybes. Nuotraukoje nurodyta prek\u0117 neatspindi konkretaus prek\u0117s modelio.<\/span><\/p>\n<p class=\"MsoNoSpacing\"><o:p><\/o:p><\/p>\n<div class=\"legal-info\" style=\"width: 1434px; text-align: right; font-style: italic; font-size: 10px; color: rgb(33, 33, 33); transition: none 0s ease 0s !important;\"><\/div>","protected":false},"excerpt":{"rendered":"<p>Gyvenimas yra \u012fsimintiniausi\u0173 akimirk\u0173 kelion\u0117, o praturtinta aromatingais kvap\u0173 \u017eaismais ji tampa dar malonesn\u0117. Kiekviena mintis, kiekviena istorija, kiekvienas \u012fvykis, pirmiausia, buvo \u012fam\u017eintas ant popieriaus lapo, taip pat kaip ir m\u016bs\u0173 atrinktos kvap\u0173 kompozicijos. Popierinis oro gaiviklis yra prisodrintas prabangi\u0173 aromat\u0173 natomis, kuri\u0173 kvapo u\u017eteks net iki 20 dien\u0173! Gaivikl\u012f galima pakabinti, tod\u0117l kab\u0117damas ant [&hellip;]<\/p>","protected":false},"featured_media":29066,"comment_status":"open","ping_status":"closed","template":"","meta":{"_season_start":"","_season_end":"","_season_days":"","_season_months":"","_season_auto_visibility":""},"product_brand":[789],"product_cat":[1896],"product_tag":[],"class_list":{"0":"post-16420","1":"product","2":"type-product","3":"status-publish","4":"has-post-thumbnail","6":"product_brand-aromatic-89","7":"product_cat-automobiliu-kvapai-ir-valymas","9":"first","10":"instock","11":"taxable","12":"shipping-taxable","13":"purchasable","14":"product-type-simple"},"yoast_head":"<!-- This site is optimized with the Yoast SEO plugin v26.1.1 - https:\/\/yoast.com\/wordpress\/plugins\/seo\/ -->\n<title>Kabinamas popierinis oro gaiviklis &quot;By Design&quot; Aromatic 89 - Rutana - Ra\u0161tin\u0117s reikmenys<\/title>\n<meta name=\"robots\" content=\"index, follow, max-snippet:-1, max-image-preview:large, max-video-preview:-1\" \/>\n<link rel=\"canonical\" href=\"https:\/\/rutana.lt\/en\/product\/kabinamas-popierinis-oro-gaiviklis-by-design-aromatic-89\/\" \/>\n<meta property=\"og:locale\" content=\"en_US\" \/>\n<meta property=\"og:type\" content=\"article\" \/>\n<meta property=\"og:title\" content=\"Kabinamas popierinis oro gaiviklis &quot;By Design&quot; Aromatic 89 - Rutana - Ra\u0161tin\u0117s reikmenys\" \/>\n<meta property=\"og:description\" content=\"Gyvenimas yra \u012fsimintiniausi\u0173 akimirk\u0173 kelion\u0117, o praturtinta aromatingais kvap\u0173 \u017eaismais ji tampa dar malonesn\u0117. Kiekviena mintis, kiekviena istorija, kiekvienas \u012fvykis, pirmiausia, buvo \u012fam\u017eintas ant popieriaus lapo, taip pat kaip ir m\u016bs\u0173 atrinktos kvap\u0173 kompozicijos. Popierinis oro gaiviklis yra prisodrintas prabangi\u0173 aromat\u0173 natomis, kuri\u0173 kvapo u\u017eteks net iki 20 dien\u0173! Gaivikl\u012f galima pakabinti, tod\u0117l kab\u0117damas ant [&hellip;]\" \/>\n<meta property=\"og:url\" content=\"https:\/\/rutana.lt\/en\/product\/kabinamas-popierinis-oro-gaiviklis-by-design-aromatic-89\/\" \/>\n<meta property=\"og:site_name\" content=\"Rutana - Ra\u0161tin\u0117s reikmenys\" \/>\n<meta property=\"article:publisher\" content=\"https:\/\/www.facebook.com\/RutanaKanceliarinesPrekes\/\" \/>\n<meta property=\"article:modified_time\" content=\"2025-10-13T13:51:22+00:00\" \/>\n<meta property=\"og:image\" content=\"https:\/\/rutana.lt\/wp-content\/uploads\/2025\/09\/B196-328.jpg\" \/>\n\t<meta property=\"og:image:width\" content=\"500\" \/>\n\t<meta property=\"og:image:height\" content=\"500\" \/>\n\t<meta property=\"og:image:type\" content=\"image\/jpeg\" \/>\n<meta name=\"twitter:card\" content=\"summary_large_image\" \/>\n<meta name=\"twitter:label1\" content=\"Est. reading time\" \/>\n\t<meta name=\"twitter:data1\" content=\"1 minute\" \/>\n<script type=\"application\/ld+json\" class=\"yoast-schema-graph\">{\"@context\":\"https:\/\/schema.org\",\"@graph\":[{\"@type\":\"WebPage\",\"@id\":\"https:\/\/rutana.lt\/produktas\/kabinamas-popierinis-oro-gaiviklis-by-design-aromatic-89\/\",\"url\":\"https:\/\/rutana.lt\/produktas\/kabinamas-popierinis-oro-gaiviklis-by-design-aromatic-89\/\",\"name\":\"Kabinamas popierinis oro gaiviklis \\\"By Design\\\" Aromatic 89 - Rutana - Ra\u0161tin\u0117s reikmenys\",\"isPartOf\":{\"@id\":\"https:\/\/rutana.lt\/#website\"},\"primaryImageOfPage\":{\"@id\":\"https:\/\/rutana.lt\/produktas\/kabinamas-popierinis-oro-gaiviklis-by-design-aromatic-89\/#primaryimage\"},\"image\":{\"@id\":\"https:\/\/rutana.lt\/produktas\/kabinamas-popierinis-oro-gaiviklis-by-design-aromatic-89\/#primaryimage\"},\"thumbnailUrl\":\"https:\/\/rutana.lt\/wp-content\/uploads\/2025\/09\/B196-328-1.jpg?v=1763565378\",\"datePublished\":\"2025-09-03T07:45:32+00:00\",\"dateModified\":\"2025-10-13T13:51:22+00:00\",\"breadcrumb\":{\"@id\":\"https:\/\/rutana.lt\/produktas\/kabinamas-popierinis-oro-gaiviklis-by-design-aromatic-89\/#breadcrumb\"},\"inLanguage\":\"en-US\",\"potentialAction\":[{\"@type\":\"ReadAction\",\"target\":[\"https:\/\/rutana.lt\/produktas\/kabinamas-popierinis-oro-gaiviklis-by-design-aromatic-89\/\"]}]},{\"@type\":\"ImageObject\",\"inLanguage\":\"en-US\",\"@id\":\"https:\/\/rutana.lt\/produktas\/kabinamas-popierinis-oro-gaiviklis-by-design-aromatic-89\/#primaryimage\",\"url\":\"https:\/\/rutana.lt\/wp-content\/uploads\/2025\/09\/B196-328-1.jpg?v=1763565378\",\"contentUrl\":\"https:\/\/rutana.lt\/wp-content\/uploads\/2025\/09\/B196-328-1.jpg?v=1763565378\",\"width\":500,\"height\":500},{\"@type\":\"BreadcrumbList\",\"@id\":\"https:\/\/rutana.lt\/produktas\/kabinamas-popierinis-oro-gaiviklis-by-design-aromatic-89\/#breadcrumb\",\"itemListElement\":[{\"@type\":\"ListItem\",\"position\":1,\"name\":\"Home\",\"item\":\"https:\/\/rutana.lt\/\"},{\"@type\":\"ListItem\",\"position\":2,\"name\":\"Parduotuv\u0117\",\"item\":\"https:\/\/rutana.lt\/parduotuve\/\"},{\"@type\":\"ListItem\",\"position\":3,\"name\":\"Kabinamas popierinis oro gaiviklis &#8222;By Design&#8221; Aromatic 89\"}]},{\"@type\":\"WebSite\",\"@id\":\"https:\/\/rutana.lt\/#website\",\"url\":\"https:\/\/rutana.lt\/\",\"name\":\"Rutana - Ra\u0161tin\u0117s reikmenys\",\"description\":\"Prekiaujame pasaulin\u0117je rinkoje pripa\u017eintomis, kokybi\u0161komis biuro prek\u0117mis toki\u0173  gamintoj\u0173 kaip: Schneider, Esselte, Novus, 3M, Faber-Castell, Citizen, Milan, Leitz, Colop, Zebra, Staedtler, Durable, Tork, Parker, Waterman ir kt.\",\"publisher\":{\"@id\":\"https:\/\/rutana.lt\/#organization\"},\"potentialAction\":[{\"@type\":\"SearchAction\",\"target\":{\"@type\":\"EntryPoint\",\"urlTemplate\":\"https:\/\/rutana.lt\/?s={search_term_string}\"},\"query-input\":{\"@type\":\"PropertyValueSpecification\",\"valueRequired\":true,\"valueName\":\"search_term_string\"}}],\"inLanguage\":\"en-US\"},{\"@type\":\"Organization\",\"@id\":\"https:\/\/rutana.lt\/#organization\",\"name\":\"Rutana - Ra\u0161tin\u0117s reikmenys\",\"url\":\"https:\/\/rutana.lt\/\",\"logo\":{\"@type\":\"ImageObject\",\"inLanguage\":\"en-US\",\"@id\":\"https:\/\/rutana.lt\/#\/schema\/logo\/image\/\",\"url\":\"https:\/\/rutana.lt\/wp-content\/uploads\/2025\/10\/Asset-32.png\",\"contentUrl\":\"https:\/\/rutana.lt\/wp-content\/uploads\/2025\/10\/Asset-32.png\",\"width\":433,\"height\":119,\"caption\":\"Rutana - Ra\u0161tin\u0117s reikmenys\"},\"image\":{\"@id\":\"https:\/\/rutana.lt\/#\/schema\/logo\/image\/\"},\"sameAs\":[\"https:\/\/www.facebook.com\/RutanaKanceliarinesPrekes\/\"]}]}<\/script>\n<!-- \/ Yoast SEO plugin. -->","yoast_head_json":{"title":"Kabinamas popierinis oro gaiviklis \"By Design\" Aromatic 89 - Rutana - Ra\u0161tin\u0117s reikmenys","robots":{"index":"index","follow":"follow","max-snippet":"max-snippet:-1","max-image-preview":"max-image-preview:large","max-video-preview":"max-video-preview:-1"},"canonical":"https:\/\/rutana.lt\/en\/product\/kabinamas-popierinis-oro-gaiviklis-by-design-aromatic-89\/","og_locale":"en_US","og_type":"article","og_title":"Kabinamas popierinis oro gaiviklis \"By Design\" Aromatic 89 - Rutana - Ra\u0161tin\u0117s reikmenys","og_description":"Gyvenimas yra \u012fsimintiniausi\u0173 akimirk\u0173 kelion\u0117, o praturtinta aromatingais kvap\u0173 \u017eaismais ji tampa dar malonesn\u0117. Kiekviena mintis, kiekviena istorija, kiekvienas \u012fvykis, pirmiausia, buvo \u012fam\u017eintas ant popieriaus lapo, taip pat kaip ir m\u016bs\u0173 atrinktos kvap\u0173 kompozicijos. Popierinis oro gaiviklis yra prisodrintas prabangi\u0173 aromat\u0173 natomis, kuri\u0173 kvapo u\u017eteks net iki 20 dien\u0173! Gaivikl\u012f galima pakabinti, tod\u0117l kab\u0117damas ant [&hellip;]","og_url":"https:\/\/rutana.lt\/en\/product\/kabinamas-popierinis-oro-gaiviklis-by-design-aromatic-89\/","og_site_name":"Rutana - Ra\u0161tin\u0117s reikmenys","article_publisher":"https:\/\/www.facebook.com\/RutanaKanceliarinesPrekes\/","article_modified_time":"2025-10-13T13:51:22+00:00","og_image":[{"width":500,"height":500,"url":"https:\/\/rutana.lt\/wp-content\/uploads\/2025\/09\/B196-328.jpg","type":"image\/jpeg"}],"twitter_card":"summary_large_image","twitter_misc":{"Est. reading time":"1 minute"},"schema":{"@context":"https:\/\/schema.org","@graph":[{"@type":"WebPage","@id":"https:\/\/rutana.lt\/produktas\/kabinamas-popierinis-oro-gaiviklis-by-design-aromatic-89\/","url":"https:\/\/rutana.lt\/produktas\/kabinamas-popierinis-oro-gaiviklis-by-design-aromatic-89\/","name":"Kabinamas popierinis oro gaiviklis \"By Design\" Aromatic 89 - Rutana - Ra\u0161tin\u0117s reikmenys","isPartOf":{"@id":"https:\/\/rutana.lt\/#website"},"primaryImageOfPage":{"@id":"https:\/\/rutana.lt\/produktas\/kabinamas-popierinis-oro-gaiviklis-by-design-aromatic-89\/#primaryimage"},"image":{"@id":"https:\/\/rutana.lt\/produktas\/kabinamas-popierinis-oro-gaiviklis-by-design-aromatic-89\/#primaryimage"},"thumbnailUrl":"https:\/\/rutana.lt\/wp-content\/uploads\/2025\/09\/B196-328-1.jpg?v=1763565378","datePublished":"2025-09-03T07:45:32+00:00","dateModified":"2025-10-13T13:51:22+00:00","breadcrumb":{"@id":"https:\/\/rutana.lt\/produktas\/kabinamas-popierinis-oro-gaiviklis-by-design-aromatic-89\/#breadcrumb"},"inLanguage":"en-US","potentialAction":[{"@type":"ReadAction","target":["https:\/\/rutana.lt\/produktas\/kabinamas-popierinis-oro-gaiviklis-by-design-aromatic-89\/"]}]},{"@type":"ImageObject","inLanguage":"en-US","@id":"https:\/\/rutana.lt\/produktas\/kabinamas-popierinis-oro-gaiviklis-by-design-aromatic-89\/#primaryimage","url":"https:\/\/rutana.lt\/wp-content\/uploads\/2025\/09\/B196-328-1.jpg?v=1763565378","contentUrl":"https:\/\/rutana.lt\/wp-content\/uploads\/2025\/09\/B196-328-1.jpg?v=1763565378","width":500,"height":500},{"@type":"BreadcrumbList","@id":"https:\/\/rutana.lt\/produktas\/kabinamas-popierinis-oro-gaiviklis-by-design-aromatic-89\/#breadcrumb","itemListElement":[{"@type":"ListItem","position":1,"name":"Home","item":"https:\/\/rutana.lt\/"},{"@type":"ListItem","position":2,"name":"Parduotuv\u0117","item":"https:\/\/rutana.lt\/parduotuve\/"},{"@type":"ListItem","position":3,"name":"Kabinamas popierinis oro gaiviklis &#8222;By Design&#8221; Aromatic 89"}]},{"@type":"WebSite","@id":"https:\/\/rutana.lt\/#website","url":"https:\/\/rutana.lt\/","name":"Rutana - Ra\u0161tin\u0117s reikmenys","description":"Prekiaujame pasaulin\u0117je rinkoje pripa\u017eintomis, kokybi\u0161komis biuro prek\u0117mis toki\u0173  gamintoj\u0173 kaip: Schneider, Esselte, Novus, 3M, Faber-Castell, Citizen, Milan, Leitz, Colop, Zebra, Staedtler, Durable, Tork, Parker, Waterman ir kt.","publisher":{"@id":"https:\/\/rutana.lt\/#organization"},"potentialAction":[{"@type":"SearchAction","target":{"@type":"EntryPoint","urlTemplate":"https:\/\/rutana.lt\/?s={search_term_string}"},"query-input":{"@type":"PropertyValueSpecification","valueRequired":true,"valueName":"search_term_string"}}],"inLanguage":"en-US"},{"@type":"Organization","@id":"https:\/\/rutana.lt\/#organization","name":"Rutana - Ra\u0161tin\u0117s reikmenys","url":"https:\/\/rutana.lt\/","logo":{"@type":"ImageObject","inLanguage":"en-US","@id":"https:\/\/rutana.lt\/#\/schema\/logo\/image\/","url":"https:\/\/rutana.lt\/wp-content\/uploads\/2025\/10\/Asset-32.png","contentUrl":"https:\/\/rutana.lt\/wp-content\/uploads\/2025\/10\/Asset-32.png","width":433,"height":119,"caption":"Rutana - Ra\u0161tin\u0117s reikmenys"},"image":{"@id":"https:\/\/rutana.lt\/#\/schema\/logo\/image\/"},"sameAs":["https:\/\/www.facebook.com\/RutanaKanceliarinesPrekes\/"]}]}},"_links":{"self":[{"href":"https:\/\/rutana.lt\/en\/wp-json\/wp\/v2\/product\/16420","targetHints":{"allow":["GET"]}}],"collection":[{"href":"https:\/\/rutana.lt\/en\/wp-json\/wp\/v2\/product"}],"about":[{"href":"https:\/\/rutana.lt\/en\/wp-json\/wp\/v2\/types\/product"}],"replies":[{"embeddable":true,"href":"https:\/\/rutana.lt\/en\/wp-json\/wp\/v2\/comments?post=16420"}],"version-history":[{"count":1,"href":"https:\/\/rutana.lt\/en\/wp-json\/wp\/v2\/product\/16420\/revisions"}],"predecessor-version":[{"id":16454,"href":"https:\/\/rutana.lt\/en\/wp-json\/wp\/v2\/product\/16420\/revisions\/16454"}],"wp:featuredmedia":[{"embeddable":true,"href":"https:\/\/rutana.lt\/en\/wp-json\/wp\/v2\/media\/29066"}],"wp:attachment":[{"href":"https:\/\/rutana.lt\/en\/wp-json\/wp\/v2\/media?parent=16420"}],"wp:term":[{"taxonomy":"product_brand","embeddable":true,"href":"https:\/\/rutana.lt\/en\/wp-json\/wp\/v2\/product_brand?post=16420"},{"taxonomy":"product_cat","embeddable":true,"href":"https:\/\/rutana.lt\/en\/wp-json\/wp\/v2\/product_cat?post=16420"},{"taxonomy":"product_tag","embeddable":true,"href":"https:\/\/rutana.lt\/en\/wp-json\/wp\/v2\/product_tag?post=16420"}],"curies":[{"name":"wp","href":"https:\/\/api.w.org\/{rel}","templated":true}]}}