{"id":16412,"date":"2025-09-03T09:45:32","date_gmt":"2025-09-03T07:45:32","guid":{"rendered":"https:\/\/rutana.webdemo.lt\/?post_type=product&#038;p=16412"},"modified":"2025-10-13T15:51:19","modified_gmt":"2025-10-13T13:51:19","slug":"ranku-muilas-strawberryrhubarb-300ml-aromatic-89","status":"publish","type":"product","link":"https:\/\/rutana.lt\/en\/product\/ranku-muilas-strawberryrhubarb-300ml-aromatic-89\/","title":{"rendered":"Rank\u0173 muilas &#8222;Strawberry&#038;Rhubarb&#8221; 300ml Aromatic 89"},"content":{"rendered":"<div class=\"short_description\" style=\"box-sizing: inherit; margin: 25px 0px; padding: 0px; transition: all 0.3s ease 0s; line-height: 25px;\">Kreminis rank\u0173 muilas sukurtas i\u0161 kruop\u0161\u010diai atrinkt\u0173 ir suderint\u0173 ingredient\u0173, kurie papildyti vasari\u0161k\u0173 spalv\u0173 ir kvap\u0173 draugyste, nustebins savo i\u0161skirtine nauda. Muile gausu B3, E ir C grup\u0117s vitamin\u0173, kurie prausimo metu gausiai maitina J\u016bs\u0173 rank\u0173 od\u0105 ir ma\u017eina laisv\u0173j\u0173 radikal\u0173 poveik\u012f. Sud\u0117tyje taip pat yra ir alijo\u0161i\u0173 ekstrakto turin\u010dio antioksidacini\u0173 bei valom\u0173j\u0173 savybi\u0173, tod\u0117l ne\u0161varumai bus efektyviai pa\u0161alinti, o oda nuraminta nuo atsiradusi\u0173 sudirginim\u0173. Gaivos i\u0161siilgusiems suk\u016br\u0117me oran\u017ein\u0117s tekst\u016bros muil\u0105, kuris gausus ry\u0161ki\u0173 greipfruto nat\u0173, o saldumo m\u0117g\u0117jams &#8211; arb\u016bz\u0173 aromatas ro\u017ein\u0117s spalvos fone.  Jei vis d\u0117lto nor\u0117t\u0173si ir gaivos, ir saldumo, tai \u017ealia spalva pasipuo\u0161\u0119s bra\u0161ki\u0173 ir rabarbaro duetas Jus tikrai prad\u017eiugins! \u0160velnios tekst\u016bros muilas gausiai dr\u0117kina rankas nesukeldamas tempimo poj\u016b\u010dio, tod\u0117l jis puikiai tinka vis\u0173 odos tip\u0173 prie\u017ei\u016brai. Prausimosi metu u\u017etenka \u012ftrinti nedidel\u012f kiek\u012f muilo \u012f dr\u0117gnas rankas ir gerai jas i\u0161masa\u017eavus nuplauti po tekan\u010diu vandeniu. Vaisiai, spalvos ir ry\u0161k\u016bs kvapai \u2013 tai vasari\u0161k\u0173 potyri\u0173 kombinacija J\u016bs\u0173 rank\u0173 \u0161varai u\u017etikrinti!<br \/>Talpa: 300 ml<br \/>Kvapas: bra\u0161ki\u0173 ir rabarbar\u0173<br \/>Kilm\u0117s \u0161alis: Lietuva<\/div>\n<p style=\"margin-bottom: 10px;\"><br style=\"color: rgb(0, 0, 0); font-size: 14px;\"><\/p>","protected":false},"excerpt":{"rendered":"<p>Kreminis rank\u0173 muilas sukurtas i\u0161 kruop\u0161\u010diai atrinkt\u0173 ir suderint\u0173 ingredient\u0173, kurie papildyti vasari\u0161k\u0173 spalv\u0173 ir kvap\u0173 draugyste, nustebins savo i\u0161skirtine nauda. Muile gausu B3, E ir C grup\u0117s vitamin\u0173, kurie prausimo metu gausiai maitina J\u016bs\u0173 rank\u0173 od\u0105 ir ma\u017eina laisv\u0173j\u0173 radikal\u0173 poveik\u012f. Sud\u0117tyje taip pat yra ir alijo\u0161i\u0173 ekstrakto turin\u010dio antioksidacini\u0173 bei valom\u0173j\u0173 savybi\u0173, tod\u0117l [&hellip;]<\/p>","protected":false},"featured_media":29064,"comment_status":"open","ping_status":"closed","template":"","meta":{"_season_start":"","_season_end":"","_season_days":"","_season_months":"","_season_auto_visibility":""},"product_brand":[789],"product_cat":[1696],"product_tag":[],"class_list":{"0":"post-16412","1":"product","2":"type-product","3":"status-publish","4":"has-post-thumbnail","6":"product_brand-aromatic-89","7":"product_cat-muilas-ir-laikikliai","9":"first","10":"instock","11":"taxable","12":"shipping-taxable","13":"purchasable","14":"product-type-simple"},"yoast_head":"<!-- This site is optimized with the Yoast SEO plugin v26.1.1 - https:\/\/yoast.com\/wordpress\/plugins\/seo\/ -->\n<title>Rank\u0173 muilas &quot;Strawberry&amp;Rhubarb&quot; 300ml Aromatic 89 - Rutana - Ra\u0161tin\u0117s reikmenys<\/title>\n<meta name=\"robots\" content=\"index, follow, max-snippet:-1, max-image-preview:large, max-video-preview:-1\" \/>\n<link rel=\"canonical\" href=\"https:\/\/rutana.lt\/en\/product\/ranku-muilas-strawberryrhubarb-300ml-aromatic-89\/\" \/>\n<meta property=\"og:locale\" content=\"en_US\" \/>\n<meta property=\"og:type\" content=\"article\" \/>\n<meta property=\"og:title\" content=\"Rank\u0173 muilas &quot;Strawberry&amp;Rhubarb&quot; 300ml Aromatic 89 - Rutana - Ra\u0161tin\u0117s reikmenys\" \/>\n<meta property=\"og:description\" content=\"Kreminis rank\u0173 muilas sukurtas i\u0161 kruop\u0161\u010diai atrinkt\u0173 ir suderint\u0173 ingredient\u0173, kurie papildyti vasari\u0161k\u0173 spalv\u0173 ir kvap\u0173 draugyste, nustebins savo i\u0161skirtine nauda. Muile gausu B3, E ir C grup\u0117s vitamin\u0173, kurie prausimo metu gausiai maitina J\u016bs\u0173 rank\u0173 od\u0105 ir ma\u017eina laisv\u0173j\u0173 radikal\u0173 poveik\u012f. Sud\u0117tyje taip pat yra ir alijo\u0161i\u0173 ekstrakto turin\u010dio antioksidacini\u0173 bei valom\u0173j\u0173 savybi\u0173, tod\u0117l [&hellip;]\" \/>\n<meta property=\"og:url\" content=\"https:\/\/rutana.lt\/en\/product\/ranku-muilas-strawberryrhubarb-300ml-aromatic-89\/\" \/>\n<meta property=\"og:site_name\" content=\"Rutana - Ra\u0161tin\u0117s reikmenys\" \/>\n<meta property=\"article:publisher\" content=\"https:\/\/www.facebook.com\/RutanaKanceliarinesPrekes\/\" \/>\n<meta property=\"article:modified_time\" content=\"2025-10-13T13:51:19+00:00\" \/>\n<meta property=\"og:image\" content=\"https:\/\/rutana.lt\/wp-content\/uploads\/2025\/09\/B196-284.jpg\" \/>\n\t<meta property=\"og:image:width\" content=\"600\" \/>\n\t<meta property=\"og:image:height\" content=\"600\" \/>\n\t<meta property=\"og:image:type\" content=\"image\/jpeg\" \/>\n<meta name=\"twitter:card\" content=\"summary_large_image\" \/>\n<meta name=\"twitter:label1\" content=\"Est. reading time\" \/>\n\t<meta name=\"twitter:data1\" content=\"1 minute\" \/>\n<script type=\"application\/ld+json\" class=\"yoast-schema-graph\">{\"@context\":\"https:\/\/schema.org\",\"@graph\":[{\"@type\":\"WebPage\",\"@id\":\"https:\/\/rutana.lt\/produktas\/ranku-muilas-strawberryrhubarb-300ml-aromatic-89\/\",\"url\":\"https:\/\/rutana.lt\/produktas\/ranku-muilas-strawberryrhubarb-300ml-aromatic-89\/\",\"name\":\"Rank\u0173 muilas \\\"Strawberry&Rhubarb\\\" 300ml Aromatic 89 - Rutana - Ra\u0161tin\u0117s reikmenys\",\"isPartOf\":{\"@id\":\"https:\/\/rutana.lt\/#website\"},\"primaryImageOfPage\":{\"@id\":\"https:\/\/rutana.lt\/produktas\/ranku-muilas-strawberryrhubarb-300ml-aromatic-89\/#primaryimage\"},\"image\":{\"@id\":\"https:\/\/rutana.lt\/produktas\/ranku-muilas-strawberryrhubarb-300ml-aromatic-89\/#primaryimage\"},\"thumbnailUrl\":\"https:\/\/rutana.lt\/wp-content\/uploads\/2025\/09\/B196-284-1.jpg?v=1763565379\",\"datePublished\":\"2025-09-03T07:45:32+00:00\",\"dateModified\":\"2025-10-13T13:51:19+00:00\",\"breadcrumb\":{\"@id\":\"https:\/\/rutana.lt\/produktas\/ranku-muilas-strawberryrhubarb-300ml-aromatic-89\/#breadcrumb\"},\"inLanguage\":\"en-US\",\"potentialAction\":[{\"@type\":\"ReadAction\",\"target\":[\"https:\/\/rutana.lt\/produktas\/ranku-muilas-strawberryrhubarb-300ml-aromatic-89\/\"]}]},{\"@type\":\"ImageObject\",\"inLanguage\":\"en-US\",\"@id\":\"https:\/\/rutana.lt\/produktas\/ranku-muilas-strawberryrhubarb-300ml-aromatic-89\/#primaryimage\",\"url\":\"https:\/\/rutana.lt\/wp-content\/uploads\/2025\/09\/B196-284-1.jpg?v=1763565379\",\"contentUrl\":\"https:\/\/rutana.lt\/wp-content\/uploads\/2025\/09\/B196-284-1.jpg?v=1763565379\",\"width\":600,\"height\":600},{\"@type\":\"BreadcrumbList\",\"@id\":\"https:\/\/rutana.lt\/produktas\/ranku-muilas-strawberryrhubarb-300ml-aromatic-89\/#breadcrumb\",\"itemListElement\":[{\"@type\":\"ListItem\",\"position\":1,\"name\":\"Home\",\"item\":\"https:\/\/rutana.lt\/\"},{\"@type\":\"ListItem\",\"position\":2,\"name\":\"Parduotuv\u0117\",\"item\":\"https:\/\/rutana.lt\/parduotuve\/\"},{\"@type\":\"ListItem\",\"position\":3,\"name\":\"Rank\u0173 muilas &#8222;Strawberry&#038;Rhubarb&#8221; 300ml Aromatic 89\"}]},{\"@type\":\"WebSite\",\"@id\":\"https:\/\/rutana.lt\/#website\",\"url\":\"https:\/\/rutana.lt\/\",\"name\":\"Rutana - Ra\u0161tin\u0117s reikmenys\",\"description\":\"Prekiaujame pasaulin\u0117je rinkoje pripa\u017eintomis, kokybi\u0161komis biuro prek\u0117mis toki\u0173  gamintoj\u0173 kaip: Schneider, Esselte, Novus, 3M, Faber-Castell, Citizen, Milan, Leitz, Colop, Zebra, Staedtler, Durable, Tork, Parker, Waterman ir kt.\",\"publisher\":{\"@id\":\"https:\/\/rutana.lt\/#organization\"},\"potentialAction\":[{\"@type\":\"SearchAction\",\"target\":{\"@type\":\"EntryPoint\",\"urlTemplate\":\"https:\/\/rutana.lt\/?s={search_term_string}\"},\"query-input\":{\"@type\":\"PropertyValueSpecification\",\"valueRequired\":true,\"valueName\":\"search_term_string\"}}],\"inLanguage\":\"en-US\"},{\"@type\":\"Organization\",\"@id\":\"https:\/\/rutana.lt\/#organization\",\"name\":\"Rutana - Ra\u0161tin\u0117s reikmenys\",\"url\":\"https:\/\/rutana.lt\/\",\"logo\":{\"@type\":\"ImageObject\",\"inLanguage\":\"en-US\",\"@id\":\"https:\/\/rutana.lt\/#\/schema\/logo\/image\/\",\"url\":\"https:\/\/rutana.lt\/wp-content\/uploads\/2025\/10\/Asset-32.png\",\"contentUrl\":\"https:\/\/rutana.lt\/wp-content\/uploads\/2025\/10\/Asset-32.png\",\"width\":433,\"height\":119,\"caption\":\"Rutana - Ra\u0161tin\u0117s reikmenys\"},\"image\":{\"@id\":\"https:\/\/rutana.lt\/#\/schema\/logo\/image\/\"},\"sameAs\":[\"https:\/\/www.facebook.com\/RutanaKanceliarinesPrekes\/\"]}]}<\/script>\n<!-- \/ Yoast SEO plugin. -->","yoast_head_json":{"title":"Rank\u0173 muilas \"Strawberry&Rhubarb\" 300ml Aromatic 89 - Rutana - Ra\u0161tin\u0117s reikmenys","robots":{"index":"index","follow":"follow","max-snippet":"max-snippet:-1","max-image-preview":"max-image-preview:large","max-video-preview":"max-video-preview:-1"},"canonical":"https:\/\/rutana.lt\/en\/product\/ranku-muilas-strawberryrhubarb-300ml-aromatic-89\/","og_locale":"en_US","og_type":"article","og_title":"Rank\u0173 muilas \"Strawberry&Rhubarb\" 300ml Aromatic 89 - Rutana - Ra\u0161tin\u0117s reikmenys","og_description":"Kreminis rank\u0173 muilas sukurtas i\u0161 kruop\u0161\u010diai atrinkt\u0173 ir suderint\u0173 ingredient\u0173, kurie papildyti vasari\u0161k\u0173 spalv\u0173 ir kvap\u0173 draugyste, nustebins savo i\u0161skirtine nauda. Muile gausu B3, E ir C grup\u0117s vitamin\u0173, kurie prausimo metu gausiai maitina J\u016bs\u0173 rank\u0173 od\u0105 ir ma\u017eina laisv\u0173j\u0173 radikal\u0173 poveik\u012f. Sud\u0117tyje taip pat yra ir alijo\u0161i\u0173 ekstrakto turin\u010dio antioksidacini\u0173 bei valom\u0173j\u0173 savybi\u0173, tod\u0117l [&hellip;]","og_url":"https:\/\/rutana.lt\/en\/product\/ranku-muilas-strawberryrhubarb-300ml-aromatic-89\/","og_site_name":"Rutana - Ra\u0161tin\u0117s reikmenys","article_publisher":"https:\/\/www.facebook.com\/RutanaKanceliarinesPrekes\/","article_modified_time":"2025-10-13T13:51:19+00:00","og_image":[{"width":600,"height":600,"url":"https:\/\/rutana.lt\/wp-content\/uploads\/2025\/09\/B196-284.jpg","type":"image\/jpeg"}],"twitter_card":"summary_large_image","twitter_misc":{"Est. reading time":"1 minute"},"schema":{"@context":"https:\/\/schema.org","@graph":[{"@type":"WebPage","@id":"https:\/\/rutana.lt\/produktas\/ranku-muilas-strawberryrhubarb-300ml-aromatic-89\/","url":"https:\/\/rutana.lt\/produktas\/ranku-muilas-strawberryrhubarb-300ml-aromatic-89\/","name":"Rank\u0173 muilas \"Strawberry&Rhubarb\" 300ml Aromatic 89 - Rutana - Ra\u0161tin\u0117s reikmenys","isPartOf":{"@id":"https:\/\/rutana.lt\/#website"},"primaryImageOfPage":{"@id":"https:\/\/rutana.lt\/produktas\/ranku-muilas-strawberryrhubarb-300ml-aromatic-89\/#primaryimage"},"image":{"@id":"https:\/\/rutana.lt\/produktas\/ranku-muilas-strawberryrhubarb-300ml-aromatic-89\/#primaryimage"},"thumbnailUrl":"https:\/\/rutana.lt\/wp-content\/uploads\/2025\/09\/B196-284-1.jpg?v=1763565379","datePublished":"2025-09-03T07:45:32+00:00","dateModified":"2025-10-13T13:51:19+00:00","breadcrumb":{"@id":"https:\/\/rutana.lt\/produktas\/ranku-muilas-strawberryrhubarb-300ml-aromatic-89\/#breadcrumb"},"inLanguage":"en-US","potentialAction":[{"@type":"ReadAction","target":["https:\/\/rutana.lt\/produktas\/ranku-muilas-strawberryrhubarb-300ml-aromatic-89\/"]}]},{"@type":"ImageObject","inLanguage":"en-US","@id":"https:\/\/rutana.lt\/produktas\/ranku-muilas-strawberryrhubarb-300ml-aromatic-89\/#primaryimage","url":"https:\/\/rutana.lt\/wp-content\/uploads\/2025\/09\/B196-284-1.jpg?v=1763565379","contentUrl":"https:\/\/rutana.lt\/wp-content\/uploads\/2025\/09\/B196-284-1.jpg?v=1763565379","width":600,"height":600},{"@type":"BreadcrumbList","@id":"https:\/\/rutana.lt\/produktas\/ranku-muilas-strawberryrhubarb-300ml-aromatic-89\/#breadcrumb","itemListElement":[{"@type":"ListItem","position":1,"name":"Home","item":"https:\/\/rutana.lt\/"},{"@type":"ListItem","position":2,"name":"Parduotuv\u0117","item":"https:\/\/rutana.lt\/parduotuve\/"},{"@type":"ListItem","position":3,"name":"Rank\u0173 muilas &#8222;Strawberry&#038;Rhubarb&#8221; 300ml Aromatic 89"}]},{"@type":"WebSite","@id":"https:\/\/rutana.lt\/#website","url":"https:\/\/rutana.lt\/","name":"Rutana - Ra\u0161tin\u0117s reikmenys","description":"Prekiaujame pasaulin\u0117je rinkoje pripa\u017eintomis, kokybi\u0161komis biuro prek\u0117mis toki\u0173  gamintoj\u0173 kaip: Schneider, Esselte, Novus, 3M, Faber-Castell, Citizen, Milan, Leitz, Colop, Zebra, Staedtler, Durable, Tork, Parker, Waterman ir kt.","publisher":{"@id":"https:\/\/rutana.lt\/#organization"},"potentialAction":[{"@type":"SearchAction","target":{"@type":"EntryPoint","urlTemplate":"https:\/\/rutana.lt\/?s={search_term_string}"},"query-input":{"@type":"PropertyValueSpecification","valueRequired":true,"valueName":"search_term_string"}}],"inLanguage":"en-US"},{"@type":"Organization","@id":"https:\/\/rutana.lt\/#organization","name":"Rutana - Ra\u0161tin\u0117s reikmenys","url":"https:\/\/rutana.lt\/","logo":{"@type":"ImageObject","inLanguage":"en-US","@id":"https:\/\/rutana.lt\/#\/schema\/logo\/image\/","url":"https:\/\/rutana.lt\/wp-content\/uploads\/2025\/10\/Asset-32.png","contentUrl":"https:\/\/rutana.lt\/wp-content\/uploads\/2025\/10\/Asset-32.png","width":433,"height":119,"caption":"Rutana - Ra\u0161tin\u0117s reikmenys"},"image":{"@id":"https:\/\/rutana.lt\/#\/schema\/logo\/image\/"},"sameAs":["https:\/\/www.facebook.com\/RutanaKanceliarinesPrekes\/"]}]}},"_links":{"self":[{"href":"https:\/\/rutana.lt\/en\/wp-json\/wp\/v2\/product\/16412","targetHints":{"allow":["GET"]}}],"collection":[{"href":"https:\/\/rutana.lt\/en\/wp-json\/wp\/v2\/product"}],"about":[{"href":"https:\/\/rutana.lt\/en\/wp-json\/wp\/v2\/types\/product"}],"replies":[{"embeddable":true,"href":"https:\/\/rutana.lt\/en\/wp-json\/wp\/v2\/comments?post=16412"}],"version-history":[{"count":1,"href":"https:\/\/rutana.lt\/en\/wp-json\/wp\/v2\/product\/16412\/revisions"}],"predecessor-version":[{"id":16444,"href":"https:\/\/rutana.lt\/en\/wp-json\/wp\/v2\/product\/16412\/revisions\/16444"}],"wp:featuredmedia":[{"embeddable":true,"href":"https:\/\/rutana.lt\/en\/wp-json\/wp\/v2\/media\/29064"}],"wp:attachment":[{"href":"https:\/\/rutana.lt\/en\/wp-json\/wp\/v2\/media?parent=16412"}],"wp:term":[{"taxonomy":"product_brand","embeddable":true,"href":"https:\/\/rutana.lt\/en\/wp-json\/wp\/v2\/product_brand?post=16412"},{"taxonomy":"product_cat","embeddable":true,"href":"https:\/\/rutana.lt\/en\/wp-json\/wp\/v2\/product_cat?post=16412"},{"taxonomy":"product_tag","embeddable":true,"href":"https:\/\/rutana.lt\/en\/wp-json\/wp\/v2\/product_tag?post=16412"}],"curies":[{"name":"wp","href":"https:\/\/api.w.org\/{rel}","templated":true}]}}