{"id":16406,"date":"2025-09-03T09:45:31","date_gmt":"2025-09-03T07:45:31","guid":{"rendered":"https:\/\/rutana.webdemo.lt\/?post_type=product&#038;p=16406"},"modified":"2025-10-13T15:51:17","modified_gmt":"2025-10-13T13:51:17","slug":"lipni-dvipuse-montavimo-juosta-powerbond-19mm-x-1-5m-tesa-58565-00001","status":"publish","type":"product","link":"https:\/\/rutana.lt\/en\/product\/lipni-dvipuse-montavimo-juosta-powerbond-19mm-x-1-5m-tesa-58565-00001\/","title":{"rendered":"Lipni dvipus\u0117 montavimo juosta Powerbond 19mm x 1.5m Tesa 58565-00001"},"content":{"rendered":"<p>Tesa dvipus\u0117s montavimo juostos \u2013 patikima ir stipri tradicini\u0173 montavimo metod\u0173 alternatyva. Kitaip nei var\u017etai ir vinys, jos nepalieka skyli\u0173 ir gali b\u016bti naudojamos be joki\u0173 \u012franki\u0173. Nesvarbu, k\u0105 norite pakabinti \u2013 veidrod\u012f patalpoje ar pa\u0161to d\u0117\u017eut\u0119 lauke, Powerbond\u00ae montavimo juostos patikimai i\u0161laikys visus daiktus. Juosta skirta vidaus darbams, naudoti ant plok\u0161\u010di\u0173 objekt\u0173.<\/p>\n<p>Juostos plotis: 19 mm<\/p>\n<p>Juostos ilgis: 1.5 m<\/p>\n<p>Kilm\u0117s \u0161alis: Vokietija<\/p>\n<\/p>\n<p><\/p>","protected":false},"excerpt":{"rendered":"<p>Tesa dvipus\u0117s montavimo juostos \u2013 patikima ir stipri tradicini\u0173 montavimo metod\u0173 alternatyva. Kitaip nei var\u017etai ir vinys, jos nepalieka skyli\u0173 ir gali b\u016bti naudojamos be joki\u0173 \u012franki\u0173. Nesvarbu, k\u0105 norite pakabinti \u2013 veidrod\u012f patalpoje ar pa\u0161to d\u0117\u017eut\u0119 lauke, Powerbond\u00ae montavimo juostos patikimai i\u0161laikys visus daiktus. Juosta skirta vidaus darbams, naudoti ant plok\u0161\u010di\u0173 objekt\u0173. Juostos plotis: [&hellip;]<\/p>","protected":false},"featured_media":29058,"comment_status":"open","ping_status":"closed","template":"","meta":{"_season_start":"","_season_end":"","_season_days":"","_season_months":"","_season_auto_visibility":""},"product_brand":[1007],"product_cat":[1602,1601],"product_tag":[],"class_list":{"0":"post-16406","1":"product","2":"type-product","3":"status-publish","4":"has-post-thumbnail","6":"product_brand-tesa","7":"product_cat-juostos-pakavimui","8":"product_cat-lipnios-juosteles-ir-laikikliai","10":"first","11":"instock","12":"taxable","13":"shipping-taxable","14":"purchasable","15":"product-type-simple"},"yoast_head":"<!-- This site is optimized with the Yoast SEO plugin v27.4 - https:\/\/yoast.com\/product\/yoast-seo-wordpress\/ -->\n<title>Lipni dvipus\u0117 montavimo juosta Powerbond 19mm x 1.5m Tesa 58565-00001 - Rutana - Ra\u0161tin\u0117s reikmenys<\/title>\n<meta name=\"robots\" content=\"index, follow, max-snippet:-1, max-image-preview:large, max-video-preview:-1\" \/>\n<link rel=\"canonical\" href=\"https:\/\/rutana.lt\/en\/product\/lipni-dvipuse-montavimo-juosta-powerbond-19mm-x-1-5m-tesa-58565-00001\/\" \/>\n<meta property=\"og:locale\" content=\"en_US\" \/>\n<meta property=\"og:type\" content=\"article\" \/>\n<meta property=\"og:title\" content=\"Lipni dvipus\u0117 montavimo juosta Powerbond 19mm x 1.5m Tesa 58565-00001 - Rutana - Ra\u0161tin\u0117s reikmenys\" \/>\n<meta property=\"og:description\" content=\"Tesa dvipus\u0117s montavimo juostos \u2013 patikima ir stipri tradicini\u0173 montavimo metod\u0173 alternatyva. Kitaip nei var\u017etai ir vinys, jos nepalieka skyli\u0173 ir gali b\u016bti naudojamos be joki\u0173 \u012franki\u0173. Nesvarbu, k\u0105 norite pakabinti \u2013 veidrod\u012f patalpoje ar pa\u0161to d\u0117\u017eut\u0119 lauke, Powerbond\u00ae montavimo juostos patikimai i\u0161laikys visus daiktus. Juosta skirta vidaus darbams, naudoti ant plok\u0161\u010di\u0173 objekt\u0173. Juostos plotis: [&hellip;]\" \/>\n<meta property=\"og:url\" content=\"https:\/\/rutana.lt\/en\/product\/lipni-dvipuse-montavimo-juosta-powerbond-19mm-x-1-5m-tesa-58565-00001\/\" \/>\n<meta property=\"og:site_name\" content=\"Rutana - Ra\u0161tin\u0117s reikmenys\" \/>\n<meta property=\"article:publisher\" content=\"https:\/\/www.facebook.com\/RutanaKanceliarinesPrekes\/\" \/>\n<meta property=\"article:modified_time\" content=\"2025-10-13T13:51:17+00:00\" \/>\n<meta property=\"og:image\" content=\"https:\/\/rutana.lt\/wp-content\/uploads\/2025\/09\/B013-807.jpg\" \/>\n\t<meta property=\"og:image:width\" content=\"600\" \/>\n\t<meta property=\"og:image:height\" content=\"532\" \/>\n\t<meta property=\"og:image:type\" content=\"image\/jpeg\" \/>\n<meta name=\"twitter:card\" content=\"summary_large_image\" \/>\n<script type=\"application\/ld+json\" class=\"yoast-schema-graph\">{\"@context\":\"https:\\\/\\\/schema.org\",\"@graph\":[{\"@type\":\"WebPage\",\"@id\":\"https:\\\/\\\/rutana.lt\\\/produktas\\\/lipni-dvipuse-montavimo-juosta-powerbond-19mm-x-1-5m-tesa-58565-00001\\\/\",\"url\":\"https:\\\/\\\/rutana.lt\\\/produktas\\\/lipni-dvipuse-montavimo-juosta-powerbond-19mm-x-1-5m-tesa-58565-00001\\\/\",\"name\":\"Lipni dvipus\u0117 montavimo juosta Powerbond 19mm x 1.5m Tesa 58565-00001 - Rutana - Ra\u0161tin\u0117s reikmenys\",\"isPartOf\":{\"@id\":\"https:\\\/\\\/rutana.lt\\\/#website\"},\"primaryImageOfPage\":{\"@id\":\"https:\\\/\\\/rutana.lt\\\/produktas\\\/lipni-dvipuse-montavimo-juosta-powerbond-19mm-x-1-5m-tesa-58565-00001\\\/#primaryimage\"},\"image\":{\"@id\":\"https:\\\/\\\/rutana.lt\\\/produktas\\\/lipni-dvipuse-montavimo-juosta-powerbond-19mm-x-1-5m-tesa-58565-00001\\\/#primaryimage\"},\"thumbnailUrl\":\"https:\\\/\\\/rutana.lt\\\/wp-content\\\/uploads\\\/2025\\\/09\\\/B013-807-1.jpg?v=1763565389\",\"datePublished\":\"2025-09-03T07:45:31+00:00\",\"dateModified\":\"2025-10-13T13:51:17+00:00\",\"breadcrumb\":{\"@id\":\"https:\\\/\\\/rutana.lt\\\/produktas\\\/lipni-dvipuse-montavimo-juosta-powerbond-19mm-x-1-5m-tesa-58565-00001\\\/#breadcrumb\"},\"inLanguage\":\"en-US\",\"potentialAction\":[{\"@type\":\"ReadAction\",\"target\":[\"https:\\\/\\\/rutana.lt\\\/produktas\\\/lipni-dvipuse-montavimo-juosta-powerbond-19mm-x-1-5m-tesa-58565-00001\\\/\"]}]},{\"@type\":\"ImageObject\",\"inLanguage\":\"en-US\",\"@id\":\"https:\\\/\\\/rutana.lt\\\/produktas\\\/lipni-dvipuse-montavimo-juosta-powerbond-19mm-x-1-5m-tesa-58565-00001\\\/#primaryimage\",\"url\":\"https:\\\/\\\/rutana.lt\\\/wp-content\\\/uploads\\\/2025\\\/09\\\/B013-807-1.jpg?v=1763565389\",\"contentUrl\":\"https:\\\/\\\/rutana.lt\\\/wp-content\\\/uploads\\\/2025\\\/09\\\/B013-807-1.jpg?v=1763565389\",\"width\":600,\"height\":532},{\"@type\":\"BreadcrumbList\",\"@id\":\"https:\\\/\\\/rutana.lt\\\/produktas\\\/lipni-dvipuse-montavimo-juosta-powerbond-19mm-x-1-5m-tesa-58565-00001\\\/#breadcrumb\",\"itemListElement\":[{\"@type\":\"ListItem\",\"position\":1,\"name\":\"Home\",\"item\":\"https:\\\/\\\/rutana.lt\\\/\"},{\"@type\":\"ListItem\",\"position\":2,\"name\":\"Parduotuv\u0117\",\"item\":\"https:\\\/\\\/rutana.lt\\\/parduotuve\\\/\"},{\"@type\":\"ListItem\",\"position\":3,\"name\":\"Lipni dvipus\u0117 montavimo juosta Powerbond 19mm x 1.5m Tesa 58565-00001\"}]},{\"@type\":\"WebSite\",\"@id\":\"https:\\\/\\\/rutana.lt\\\/#website\",\"url\":\"https:\\\/\\\/rutana.lt\\\/\",\"name\":\"Rutana - Ra\u0161tin\u0117s reikmenys\",\"description\":\"Prekiaujame pasaulin\u0117je rinkoje pripa\u017eintomis, kokybi\u0161komis biuro prek\u0117mis toki\u0173  gamintoj\u0173 kaip: Schneider, Esselte, Novus, 3M, Faber-Castell, Citizen, Milan, Leitz, Colop, Zebra, Staedtler, Durable, Tork, Parker, Waterman ir kt.\",\"publisher\":{\"@id\":\"https:\\\/\\\/rutana.lt\\\/#organization\"},\"potentialAction\":[{\"@type\":\"SearchAction\",\"target\":{\"@type\":\"EntryPoint\",\"urlTemplate\":\"https:\\\/\\\/rutana.lt\\\/?s={search_term_string}\"},\"query-input\":{\"@type\":\"PropertyValueSpecification\",\"valueRequired\":true,\"valueName\":\"search_term_string\"}}],\"inLanguage\":\"en-US\"},{\"@type\":\"Organization\",\"@id\":\"https:\\\/\\\/rutana.lt\\\/#organization\",\"name\":\"Rutana - Ra\u0161tin\u0117s reikmenys\",\"url\":\"https:\\\/\\\/rutana.lt\\\/\",\"logo\":{\"@type\":\"ImageObject\",\"inLanguage\":\"en-US\",\"@id\":\"https:\\\/\\\/rutana.lt\\\/#\\\/schema\\\/logo\\\/image\\\/\",\"url\":\"https:\\\/\\\/rutana.lt\\\/wp-content\\\/uploads\\\/2025\\\/10\\\/Asset-32.png\",\"contentUrl\":\"https:\\\/\\\/rutana.lt\\\/wp-content\\\/uploads\\\/2025\\\/10\\\/Asset-32.png\",\"width\":433,\"height\":119,\"caption\":\"Rutana - Ra\u0161tin\u0117s reikmenys\"},\"image\":{\"@id\":\"https:\\\/\\\/rutana.lt\\\/#\\\/schema\\\/logo\\\/image\\\/\"},\"sameAs\":[\"https:\\\/\\\/www.facebook.com\\\/RutanaKanceliarinesPrekes\\\/\"]}]}<\/script>\n<!-- \/ Yoast SEO plugin. -->","yoast_head_json":{"title":"Lipni dvipus\u0117 montavimo juosta Powerbond 19mm x 1.5m Tesa 58565-00001 - Rutana - Ra\u0161tin\u0117s reikmenys","robots":{"index":"index","follow":"follow","max-snippet":"max-snippet:-1","max-image-preview":"max-image-preview:large","max-video-preview":"max-video-preview:-1"},"canonical":"https:\/\/rutana.lt\/en\/product\/lipni-dvipuse-montavimo-juosta-powerbond-19mm-x-1-5m-tesa-58565-00001\/","og_locale":"en_US","og_type":"article","og_title":"Lipni dvipus\u0117 montavimo juosta Powerbond 19mm x 1.5m Tesa 58565-00001 - Rutana - Ra\u0161tin\u0117s reikmenys","og_description":"Tesa dvipus\u0117s montavimo juostos \u2013 patikima ir stipri tradicini\u0173 montavimo metod\u0173 alternatyva. Kitaip nei var\u017etai ir vinys, jos nepalieka skyli\u0173 ir gali b\u016bti naudojamos be joki\u0173 \u012franki\u0173. Nesvarbu, k\u0105 norite pakabinti \u2013 veidrod\u012f patalpoje ar pa\u0161to d\u0117\u017eut\u0119 lauke, Powerbond\u00ae montavimo juostos patikimai i\u0161laikys visus daiktus. Juosta skirta vidaus darbams, naudoti ant plok\u0161\u010di\u0173 objekt\u0173. Juostos plotis: [&hellip;]","og_url":"https:\/\/rutana.lt\/en\/product\/lipni-dvipuse-montavimo-juosta-powerbond-19mm-x-1-5m-tesa-58565-00001\/","og_site_name":"Rutana - Ra\u0161tin\u0117s reikmenys","article_publisher":"https:\/\/www.facebook.com\/RutanaKanceliarinesPrekes\/","article_modified_time":"2025-10-13T13:51:17+00:00","og_image":[{"width":600,"height":532,"url":"https:\/\/rutana.lt\/wp-content\/uploads\/2025\/09\/B013-807.jpg","type":"image\/jpeg"}],"twitter_card":"summary_large_image","schema":{"@context":"https:\/\/schema.org","@graph":[{"@type":"WebPage","@id":"https:\/\/rutana.lt\/produktas\/lipni-dvipuse-montavimo-juosta-powerbond-19mm-x-1-5m-tesa-58565-00001\/","url":"https:\/\/rutana.lt\/produktas\/lipni-dvipuse-montavimo-juosta-powerbond-19mm-x-1-5m-tesa-58565-00001\/","name":"Lipni dvipus\u0117 montavimo juosta Powerbond 19mm x 1.5m Tesa 58565-00001 - Rutana - Ra\u0161tin\u0117s reikmenys","isPartOf":{"@id":"https:\/\/rutana.lt\/#website"},"primaryImageOfPage":{"@id":"https:\/\/rutana.lt\/produktas\/lipni-dvipuse-montavimo-juosta-powerbond-19mm-x-1-5m-tesa-58565-00001\/#primaryimage"},"image":{"@id":"https:\/\/rutana.lt\/produktas\/lipni-dvipuse-montavimo-juosta-powerbond-19mm-x-1-5m-tesa-58565-00001\/#primaryimage"},"thumbnailUrl":"https:\/\/rutana.lt\/wp-content\/uploads\/2025\/09\/B013-807-1.jpg?v=1763565389","datePublished":"2025-09-03T07:45:31+00:00","dateModified":"2025-10-13T13:51:17+00:00","breadcrumb":{"@id":"https:\/\/rutana.lt\/produktas\/lipni-dvipuse-montavimo-juosta-powerbond-19mm-x-1-5m-tesa-58565-00001\/#breadcrumb"},"inLanguage":"en-US","potentialAction":[{"@type":"ReadAction","target":["https:\/\/rutana.lt\/produktas\/lipni-dvipuse-montavimo-juosta-powerbond-19mm-x-1-5m-tesa-58565-00001\/"]}]},{"@type":"ImageObject","inLanguage":"en-US","@id":"https:\/\/rutana.lt\/produktas\/lipni-dvipuse-montavimo-juosta-powerbond-19mm-x-1-5m-tesa-58565-00001\/#primaryimage","url":"https:\/\/rutana.lt\/wp-content\/uploads\/2025\/09\/B013-807-1.jpg?v=1763565389","contentUrl":"https:\/\/rutana.lt\/wp-content\/uploads\/2025\/09\/B013-807-1.jpg?v=1763565389","width":600,"height":532},{"@type":"BreadcrumbList","@id":"https:\/\/rutana.lt\/produktas\/lipni-dvipuse-montavimo-juosta-powerbond-19mm-x-1-5m-tesa-58565-00001\/#breadcrumb","itemListElement":[{"@type":"ListItem","position":1,"name":"Home","item":"https:\/\/rutana.lt\/"},{"@type":"ListItem","position":2,"name":"Parduotuv\u0117","item":"https:\/\/rutana.lt\/parduotuve\/"},{"@type":"ListItem","position":3,"name":"Lipni dvipus\u0117 montavimo juosta Powerbond 19mm x 1.5m Tesa 58565-00001"}]},{"@type":"WebSite","@id":"https:\/\/rutana.lt\/#website","url":"https:\/\/rutana.lt\/","name":"Rutana - Ra\u0161tin\u0117s reikmenys","description":"Prekiaujame pasaulin\u0117je rinkoje pripa\u017eintomis, kokybi\u0161komis biuro prek\u0117mis toki\u0173  gamintoj\u0173 kaip: Schneider, Esselte, Novus, 3M, Faber-Castell, Citizen, Milan, Leitz, Colop, Zebra, Staedtler, Durable, Tork, Parker, Waterman ir kt.","publisher":{"@id":"https:\/\/rutana.lt\/#organization"},"potentialAction":[{"@type":"SearchAction","target":{"@type":"EntryPoint","urlTemplate":"https:\/\/rutana.lt\/?s={search_term_string}"},"query-input":{"@type":"PropertyValueSpecification","valueRequired":true,"valueName":"search_term_string"}}],"inLanguage":"en-US"},{"@type":"Organization","@id":"https:\/\/rutana.lt\/#organization","name":"Rutana - Ra\u0161tin\u0117s reikmenys","url":"https:\/\/rutana.lt\/","logo":{"@type":"ImageObject","inLanguage":"en-US","@id":"https:\/\/rutana.lt\/#\/schema\/logo\/image\/","url":"https:\/\/rutana.lt\/wp-content\/uploads\/2025\/10\/Asset-32.png","contentUrl":"https:\/\/rutana.lt\/wp-content\/uploads\/2025\/10\/Asset-32.png","width":433,"height":119,"caption":"Rutana - Ra\u0161tin\u0117s reikmenys"},"image":{"@id":"https:\/\/rutana.lt\/#\/schema\/logo\/image\/"},"sameAs":["https:\/\/www.facebook.com\/RutanaKanceliarinesPrekes\/"]}]}},"_links":{"self":[{"href":"https:\/\/rutana.lt\/en\/wp-json\/wp\/v2\/product\/16406","targetHints":{"allow":["GET"]}}],"collection":[{"href":"https:\/\/rutana.lt\/en\/wp-json\/wp\/v2\/product"}],"about":[{"href":"https:\/\/rutana.lt\/en\/wp-json\/wp\/v2\/types\/product"}],"replies":[{"embeddable":true,"href":"https:\/\/rutana.lt\/en\/wp-json\/wp\/v2\/comments?post=16406"}],"version-history":[{"count":1,"href":"https:\/\/rutana.lt\/en\/wp-json\/wp\/v2\/product\/16406\/revisions"}],"predecessor-version":[{"id":16432,"href":"https:\/\/rutana.lt\/en\/wp-json\/wp\/v2\/product\/16406\/revisions\/16432"}],"wp:featuredmedia":[{"embeddable":true,"href":"https:\/\/rutana.lt\/en\/wp-json\/wp\/v2\/media\/29058"}],"wp:attachment":[{"href":"https:\/\/rutana.lt\/en\/wp-json\/wp\/v2\/media?parent=16406"}],"wp:term":[{"taxonomy":"product_brand","embeddable":true,"href":"https:\/\/rutana.lt\/en\/wp-json\/wp\/v2\/product_brand?post=16406"},{"taxonomy":"product_cat","embeddable":true,"href":"https:\/\/rutana.lt\/en\/wp-json\/wp\/v2\/product_cat?post=16406"},{"taxonomy":"product_tag","embeddable":true,"href":"https:\/\/rutana.lt\/en\/wp-json\/wp\/v2\/product_tag?post=16406"}],"curies":[{"name":"wp","href":"https:\/\/api.w.org\/{rel}","templated":true}]}}