{"id":16350,"date":"2025-09-03T09:45:09","date_gmt":"2025-09-03T07:45:09","guid":{"rendered":"https:\/\/rutana.webdemo.lt\/?post_type=product&#038;p=16350"},"modified":"2025-10-13T15:51:09","modified_gmt":"2025-10-13T13:51:09","slug":"lipnus-skaiciai-0-9-15mm-39vnt-juodi-herma-4164","status":"publish","type":"product","link":"https:\/\/rutana.lt\/en\/product\/lipnus-skaiciai-0-9-15mm-39vnt-juodi-herma-4164\/","title":{"rendered":"Lipn\u016bs skai\u010diai 0 &#8211; 9 15mm 39vnt. juodi Herma 4164"},"content":{"rendered":"<p>Lipn\u016bs juodi skai\u010diai ant skaidrios, atmosferos poveikiui, atsparios pl\u0117vel\u0117s &#8211; idealiai tinkamos naudoti lauke. Idealiai tinka sura\u0161yti daiktus namuose ir darbe.<\/p>\n<p>Skai\u010di\u0173 kiekis: 39 vnt.<\/p>\n<p>Skai\u010diaus dydis: 15 mm <\/p>\n<p>Skai\u010diaus spalva: juoda<\/p>\n<p>Kilm\u0117s \u0161alis: Vokietija<\/p>\n<p><\/p>\n<p><\/p>\n<\/p>\n<p><\/p>","protected":false},"excerpt":{"rendered":"<p>Lipn\u016bs juodi skai\u010diai ant skaidrios, atmosferos poveikiui, atsparios pl\u0117vel\u0117s &#8211; idealiai tinkamos naudoti lauke. Idealiai tinka sura\u0161yti daiktus namuose ir darbe. Skai\u010di\u0173 kiekis: 39 vnt. Skai\u010diaus dydis: 15 mm Skai\u010diaus spalva: juoda Kilm\u0117s \u0161alis: Vokietija<\/p>","protected":false},"featured_media":29048,"comment_status":"open","ping_status":"closed","template":"","meta":{"_season_start":"","_season_end":"","_season_days":"","_season_months":"","_season_auto_visibility":""},"product_brand":[665],"product_cat":[1889],"product_tag":[],"class_list":{"0":"post-16350","1":"product","2":"type-product","3":"status-publish","4":"has-post-thumbnail","6":"product_brand-herma","7":"product_cat-lipnus-informaciniai-zenklai","9":"first","10":"instock","11":"taxable","12":"shipping-taxable","13":"purchasable","14":"product-type-simple"},"yoast_head":"<!-- This site is optimized with the Yoast SEO plugin v27.4 - https:\/\/yoast.com\/product\/yoast-seo-wordpress\/ -->\n<title>Lipn\u016bs skai\u010diai 0 - 9 15mm 39vnt. juodi Herma 4164 - Rutana - Ra\u0161tin\u0117s reikmenys<\/title>\n<meta name=\"robots\" content=\"index, follow, max-snippet:-1, max-image-preview:large, max-video-preview:-1\" \/>\n<link rel=\"canonical\" href=\"https:\/\/rutana.lt\/en\/product\/lipnus-skaiciai-0-9-15mm-39vnt-juodi-herma-4164\/\" \/>\n<meta property=\"og:locale\" content=\"en_US\" \/>\n<meta property=\"og:type\" content=\"article\" \/>\n<meta property=\"og:title\" content=\"Lipn\u016bs skai\u010diai 0 - 9 15mm 39vnt. juodi Herma 4164 - Rutana - Ra\u0161tin\u0117s reikmenys\" \/>\n<meta property=\"og:description\" content=\"Lipn\u016bs juodi skai\u010diai ant skaidrios, atmosferos poveikiui, atsparios pl\u0117vel\u0117s &#8211; idealiai tinkamos naudoti lauke. Idealiai tinka sura\u0161yti daiktus namuose ir darbe. Skai\u010di\u0173 kiekis: 39 vnt. Skai\u010diaus dydis: 15 mm Skai\u010diaus spalva: juoda Kilm\u0117s \u0161alis: Vokietija\" \/>\n<meta property=\"og:url\" content=\"https:\/\/rutana.lt\/en\/product\/lipnus-skaiciai-0-9-15mm-39vnt-juodi-herma-4164\/\" \/>\n<meta property=\"og:site_name\" content=\"Rutana - Ra\u0161tin\u0117s reikmenys\" \/>\n<meta property=\"article:publisher\" content=\"https:\/\/www.facebook.com\/RutanaKanceliarinesPrekes\/\" \/>\n<meta property=\"article:modified_time\" content=\"2025-10-13T13:51:09+00:00\" \/>\n<meta property=\"og:image\" content=\"https:\/\/rutana.lt\/wp-content\/uploads\/2025\/09\/A113-502.jpg\" \/>\n\t<meta property=\"og:image:width\" content=\"500\" \/>\n\t<meta property=\"og:image:height\" content=\"500\" \/>\n\t<meta property=\"og:image:type\" content=\"image\/jpeg\" \/>\n<meta name=\"twitter:card\" content=\"summary_large_image\" \/>\n<script type=\"application\/ld+json\" class=\"yoast-schema-graph\">{\"@context\":\"https:\\\/\\\/schema.org\",\"@graph\":[{\"@type\":\"WebPage\",\"@id\":\"https:\\\/\\\/rutana.lt\\\/produktas\\\/lipnus-skaiciai-0-9-15mm-39vnt-juodi-herma-4164\\\/\",\"url\":\"https:\\\/\\\/rutana.lt\\\/produktas\\\/lipnus-skaiciai-0-9-15mm-39vnt-juodi-herma-4164\\\/\",\"name\":\"Lipn\u016bs skai\u010diai 0 - 9 15mm 39vnt. juodi Herma 4164 - Rutana - Ra\u0161tin\u0117s reikmenys\",\"isPartOf\":{\"@id\":\"https:\\\/\\\/rutana.lt\\\/#website\"},\"primaryImageOfPage\":{\"@id\":\"https:\\\/\\\/rutana.lt\\\/produktas\\\/lipnus-skaiciai-0-9-15mm-39vnt-juodi-herma-4164\\\/#primaryimage\"},\"image\":{\"@id\":\"https:\\\/\\\/rutana.lt\\\/produktas\\\/lipnus-skaiciai-0-9-15mm-39vnt-juodi-herma-4164\\\/#primaryimage\"},\"thumbnailUrl\":\"https:\\\/\\\/rutana.lt\\\/wp-content\\\/uploads\\\/2025\\\/09\\\/A113-502-1.jpg?v=1763565399\",\"datePublished\":\"2025-09-03T07:45:09+00:00\",\"dateModified\":\"2025-10-13T13:51:09+00:00\",\"breadcrumb\":{\"@id\":\"https:\\\/\\\/rutana.lt\\\/produktas\\\/lipnus-skaiciai-0-9-15mm-39vnt-juodi-herma-4164\\\/#breadcrumb\"},\"inLanguage\":\"en-US\",\"potentialAction\":[{\"@type\":\"ReadAction\",\"target\":[\"https:\\\/\\\/rutana.lt\\\/produktas\\\/lipnus-skaiciai-0-9-15mm-39vnt-juodi-herma-4164\\\/\"]}]},{\"@type\":\"ImageObject\",\"inLanguage\":\"en-US\",\"@id\":\"https:\\\/\\\/rutana.lt\\\/produktas\\\/lipnus-skaiciai-0-9-15mm-39vnt-juodi-herma-4164\\\/#primaryimage\",\"url\":\"https:\\\/\\\/rutana.lt\\\/wp-content\\\/uploads\\\/2025\\\/09\\\/A113-502-1.jpg?v=1763565399\",\"contentUrl\":\"https:\\\/\\\/rutana.lt\\\/wp-content\\\/uploads\\\/2025\\\/09\\\/A113-502-1.jpg?v=1763565399\",\"width\":500,\"height\":500},{\"@type\":\"BreadcrumbList\",\"@id\":\"https:\\\/\\\/rutana.lt\\\/produktas\\\/lipnus-skaiciai-0-9-15mm-39vnt-juodi-herma-4164\\\/#breadcrumb\",\"itemListElement\":[{\"@type\":\"ListItem\",\"position\":1,\"name\":\"Home\",\"item\":\"https:\\\/\\\/rutana.lt\\\/\"},{\"@type\":\"ListItem\",\"position\":2,\"name\":\"Parduotuv\u0117\",\"item\":\"https:\\\/\\\/rutana.lt\\\/parduotuve\\\/\"},{\"@type\":\"ListItem\",\"position\":3,\"name\":\"Lipn\u016bs skai\u010diai 0 &#8211; 9 15mm 39vnt. juodi Herma 4164\"}]},{\"@type\":\"WebSite\",\"@id\":\"https:\\\/\\\/rutana.lt\\\/#website\",\"url\":\"https:\\\/\\\/rutana.lt\\\/\",\"name\":\"Rutana - Ra\u0161tin\u0117s reikmenys\",\"description\":\"Prekiaujame pasaulin\u0117je rinkoje pripa\u017eintomis, kokybi\u0161komis biuro prek\u0117mis toki\u0173  gamintoj\u0173 kaip: Schneider, Esselte, Novus, 3M, Faber-Castell, Citizen, Milan, Leitz, Colop, Zebra, Staedtler, Durable, Tork, Parker, Waterman ir kt.\",\"publisher\":{\"@id\":\"https:\\\/\\\/rutana.lt\\\/#organization\"},\"potentialAction\":[{\"@type\":\"SearchAction\",\"target\":{\"@type\":\"EntryPoint\",\"urlTemplate\":\"https:\\\/\\\/rutana.lt\\\/?s={search_term_string}\"},\"query-input\":{\"@type\":\"PropertyValueSpecification\",\"valueRequired\":true,\"valueName\":\"search_term_string\"}}],\"inLanguage\":\"en-US\"},{\"@type\":\"Organization\",\"@id\":\"https:\\\/\\\/rutana.lt\\\/#organization\",\"name\":\"Rutana - Ra\u0161tin\u0117s reikmenys\",\"url\":\"https:\\\/\\\/rutana.lt\\\/\",\"logo\":{\"@type\":\"ImageObject\",\"inLanguage\":\"en-US\",\"@id\":\"https:\\\/\\\/rutana.lt\\\/#\\\/schema\\\/logo\\\/image\\\/\",\"url\":\"https:\\\/\\\/rutana.lt\\\/wp-content\\\/uploads\\\/2025\\\/10\\\/Asset-32.png\",\"contentUrl\":\"https:\\\/\\\/rutana.lt\\\/wp-content\\\/uploads\\\/2025\\\/10\\\/Asset-32.png\",\"width\":433,\"height\":119,\"caption\":\"Rutana - Ra\u0161tin\u0117s reikmenys\"},\"image\":{\"@id\":\"https:\\\/\\\/rutana.lt\\\/#\\\/schema\\\/logo\\\/image\\\/\"},\"sameAs\":[\"https:\\\/\\\/www.facebook.com\\\/RutanaKanceliarinesPrekes\\\/\"]}]}<\/script>\n<!-- \/ Yoast SEO plugin. -->","yoast_head_json":{"title":"Lipn\u016bs skai\u010diai 0 - 9 15mm 39vnt. juodi Herma 4164 - Rutana - Ra\u0161tin\u0117s reikmenys","robots":{"index":"index","follow":"follow","max-snippet":"max-snippet:-1","max-image-preview":"max-image-preview:large","max-video-preview":"max-video-preview:-1"},"canonical":"https:\/\/rutana.lt\/en\/product\/lipnus-skaiciai-0-9-15mm-39vnt-juodi-herma-4164\/","og_locale":"en_US","og_type":"article","og_title":"Lipn\u016bs skai\u010diai 0 - 9 15mm 39vnt. juodi Herma 4164 - Rutana - Ra\u0161tin\u0117s reikmenys","og_description":"Lipn\u016bs juodi skai\u010diai ant skaidrios, atmosferos poveikiui, atsparios pl\u0117vel\u0117s &#8211; idealiai tinkamos naudoti lauke. Idealiai tinka sura\u0161yti daiktus namuose ir darbe. Skai\u010di\u0173 kiekis: 39 vnt. Skai\u010diaus dydis: 15 mm Skai\u010diaus spalva: juoda Kilm\u0117s \u0161alis: Vokietija","og_url":"https:\/\/rutana.lt\/en\/product\/lipnus-skaiciai-0-9-15mm-39vnt-juodi-herma-4164\/","og_site_name":"Rutana - Ra\u0161tin\u0117s reikmenys","article_publisher":"https:\/\/www.facebook.com\/RutanaKanceliarinesPrekes\/","article_modified_time":"2025-10-13T13:51:09+00:00","og_image":[{"width":500,"height":500,"url":"https:\/\/rutana.lt\/wp-content\/uploads\/2025\/09\/A113-502.jpg","type":"image\/jpeg"}],"twitter_card":"summary_large_image","schema":{"@context":"https:\/\/schema.org","@graph":[{"@type":"WebPage","@id":"https:\/\/rutana.lt\/produktas\/lipnus-skaiciai-0-9-15mm-39vnt-juodi-herma-4164\/","url":"https:\/\/rutana.lt\/produktas\/lipnus-skaiciai-0-9-15mm-39vnt-juodi-herma-4164\/","name":"Lipn\u016bs skai\u010diai 0 - 9 15mm 39vnt. juodi Herma 4164 - Rutana - Ra\u0161tin\u0117s reikmenys","isPartOf":{"@id":"https:\/\/rutana.lt\/#website"},"primaryImageOfPage":{"@id":"https:\/\/rutana.lt\/produktas\/lipnus-skaiciai-0-9-15mm-39vnt-juodi-herma-4164\/#primaryimage"},"image":{"@id":"https:\/\/rutana.lt\/produktas\/lipnus-skaiciai-0-9-15mm-39vnt-juodi-herma-4164\/#primaryimage"},"thumbnailUrl":"https:\/\/rutana.lt\/wp-content\/uploads\/2025\/09\/A113-502-1.jpg?v=1763565399","datePublished":"2025-09-03T07:45:09+00:00","dateModified":"2025-10-13T13:51:09+00:00","breadcrumb":{"@id":"https:\/\/rutana.lt\/produktas\/lipnus-skaiciai-0-9-15mm-39vnt-juodi-herma-4164\/#breadcrumb"},"inLanguage":"en-US","potentialAction":[{"@type":"ReadAction","target":["https:\/\/rutana.lt\/produktas\/lipnus-skaiciai-0-9-15mm-39vnt-juodi-herma-4164\/"]}]},{"@type":"ImageObject","inLanguage":"en-US","@id":"https:\/\/rutana.lt\/produktas\/lipnus-skaiciai-0-9-15mm-39vnt-juodi-herma-4164\/#primaryimage","url":"https:\/\/rutana.lt\/wp-content\/uploads\/2025\/09\/A113-502-1.jpg?v=1763565399","contentUrl":"https:\/\/rutana.lt\/wp-content\/uploads\/2025\/09\/A113-502-1.jpg?v=1763565399","width":500,"height":500},{"@type":"BreadcrumbList","@id":"https:\/\/rutana.lt\/produktas\/lipnus-skaiciai-0-9-15mm-39vnt-juodi-herma-4164\/#breadcrumb","itemListElement":[{"@type":"ListItem","position":1,"name":"Home","item":"https:\/\/rutana.lt\/"},{"@type":"ListItem","position":2,"name":"Parduotuv\u0117","item":"https:\/\/rutana.lt\/parduotuve\/"},{"@type":"ListItem","position":3,"name":"Lipn\u016bs skai\u010diai 0 &#8211; 9 15mm 39vnt. juodi Herma 4164"}]},{"@type":"WebSite","@id":"https:\/\/rutana.lt\/#website","url":"https:\/\/rutana.lt\/","name":"Rutana - Ra\u0161tin\u0117s reikmenys","description":"Prekiaujame pasaulin\u0117je rinkoje pripa\u017eintomis, kokybi\u0161komis biuro prek\u0117mis toki\u0173  gamintoj\u0173 kaip: Schneider, Esselte, Novus, 3M, Faber-Castell, Citizen, Milan, Leitz, Colop, Zebra, Staedtler, Durable, Tork, Parker, Waterman ir kt.","publisher":{"@id":"https:\/\/rutana.lt\/#organization"},"potentialAction":[{"@type":"SearchAction","target":{"@type":"EntryPoint","urlTemplate":"https:\/\/rutana.lt\/?s={search_term_string}"},"query-input":{"@type":"PropertyValueSpecification","valueRequired":true,"valueName":"search_term_string"}}],"inLanguage":"en-US"},{"@type":"Organization","@id":"https:\/\/rutana.lt\/#organization","name":"Rutana - Ra\u0161tin\u0117s reikmenys","url":"https:\/\/rutana.lt\/","logo":{"@type":"ImageObject","inLanguage":"en-US","@id":"https:\/\/rutana.lt\/#\/schema\/logo\/image\/","url":"https:\/\/rutana.lt\/wp-content\/uploads\/2025\/10\/Asset-32.png","contentUrl":"https:\/\/rutana.lt\/wp-content\/uploads\/2025\/10\/Asset-32.png","width":433,"height":119,"caption":"Rutana - Ra\u0161tin\u0117s reikmenys"},"image":{"@id":"https:\/\/rutana.lt\/#\/schema\/logo\/image\/"},"sameAs":["https:\/\/www.facebook.com\/RutanaKanceliarinesPrekes\/"]}]}},"_links":{"self":[{"href":"https:\/\/rutana.lt\/en\/wp-json\/wp\/v2\/product\/16350","targetHints":{"allow":["GET"]}}],"collection":[{"href":"https:\/\/rutana.lt\/en\/wp-json\/wp\/v2\/product"}],"about":[{"href":"https:\/\/rutana.lt\/en\/wp-json\/wp\/v2\/types\/product"}],"replies":[{"embeddable":true,"href":"https:\/\/rutana.lt\/en\/wp-json\/wp\/v2\/comments?post=16350"}],"version-history":[{"count":1,"href":"https:\/\/rutana.lt\/en\/wp-json\/wp\/v2\/product\/16350\/revisions"}],"predecessor-version":[{"id":16389,"href":"https:\/\/rutana.lt\/en\/wp-json\/wp\/v2\/product\/16350\/revisions\/16389"}],"wp:featuredmedia":[{"embeddable":true,"href":"https:\/\/rutana.lt\/en\/wp-json\/wp\/v2\/media\/29048"}],"wp:attachment":[{"href":"https:\/\/rutana.lt\/en\/wp-json\/wp\/v2\/media?parent=16350"}],"wp:term":[{"taxonomy":"product_brand","embeddable":true,"href":"https:\/\/rutana.lt\/en\/wp-json\/wp\/v2\/product_brand?post=16350"},{"taxonomy":"product_cat","embeddable":true,"href":"https:\/\/rutana.lt\/en\/wp-json\/wp\/v2\/product_cat?post=16350"},{"taxonomy":"product_tag","embeddable":true,"href":"https:\/\/rutana.lt\/en\/wp-json\/wp\/v2\/product_tag?post=16350"}],"curies":[{"name":"wp","href":"https:\/\/api.w.org\/{rel}","templated":true}]}}