{"id":16341,"date":"2025-09-03T09:45:09","date_gmt":"2025-09-03T07:45:09","guid":{"rendered":"https:\/\/rutana.webdemo.lt\/?post_type=product&#038;p=16341"},"modified":"2025-10-13T15:51:06","modified_gmt":"2025-10-13T13:51:06","slug":"akumuliatorius-industrinis-12v-45-ah-vrla-agm-boxer","status":"publish","type":"product","link":"https:\/\/rutana.lt\/en\/product\/akumuliatorius-industrinis-12v-45-ah-vrla-agm-boxer\/","title":{"rendered":"Akumuliatorius industrinis 12V 45 Ah VRLA AGM Boxer"},"content":{"rendered":"<p>VRLA ( Valve Regulated Lead Acid battery ), dar vadinami SLA ( Sealed Lead Acid battery ) &#8211; taip \u017eymimi vo\u017etuvu reguliuojami \u0161vino &#8211; r\u016bg\u0161tiniai akumuliatoriai. D\u0117l konstrukcini\u0173 ir elektrochemini\u0173 savybi\u0173 \u0161io tipo akumuliatoriai gali b\u016bti montuojami ir transportuojami bet kokia pozicija, neprarandant akumuliatoriaus i\u0161krovos charakteristik\u0173.<\/p>\n<p>AGM ( Absorbed Glass Mat ) technologija, labiausiai paplitusi VRLA akumuliatori\u0173 gamyboje, pasi\u017eymi ma\u017ea vidine var\u017ea, d\u0117l ko geba i\u0161gauti palyginti didel\u0119 srov\u0119 didel\u0117s apkrovos \u012frenginiuose. Taip pat, lyginant su GEL ( g\u0117linio ) tipo akumuliatoriais, pasi\u017eymi geru \u012fkrovimo efektyvumu, l\u0117tesne i\u0161krova, geba veikti \u017eemesn\u0117se temperat\u016brose,  bei i\u0161siskiria palyginti didele energijos talpa t\u016brio vienete.<\/p>\n<p>Naudojamas \u012fvairiuose elektriniuose prietaisuose, ups, signalizacijai, ne\u012fgali\u0173j\u0173 v\u0117\u017eim\u0117liuose ir t.t.<\/p>\n<p>\u012etampa: 12 V<\/p>\n<p>Talpa: 45 Ah<\/p>\n<p>Matmenys: 197 x 165 x 170 x 170 mm<\/p>\n<p>Svoris: 13.8 kg<\/p>\n<div><\/div>","protected":false},"excerpt":{"rendered":"<p>VRLA ( Valve Regulated Lead Acid battery ), dar vadinami SLA ( Sealed Lead Acid battery ) &#8211; taip \u017eymimi vo\u017etuvu reguliuojami \u0161vino &#8211; r\u016bg\u0161tiniai akumuliatoriai. D\u0117l konstrukcini\u0173 ir elektrochemini\u0173 savybi\u0173 \u0161io tipo akumuliatoriai gali b\u016bti montuojami ir transportuojami bet kokia pozicija, neprarandant akumuliatoriaus i\u0161krovos charakteristik\u0173. AGM ( Absorbed Glass Mat ) technologija, labiausiai paplitusi [&hellip;]<\/p>","protected":false},"featured_media":29039,"comment_status":"open","ping_status":"closed","template":"","meta":{"_season_start":"","_season_end":"","_season_days":"","_season_months":"","_season_auto_visibility":""},"product_brand":[1005],"product_cat":[1898],"product_tag":[],"class_list":{"0":"post-16341","1":"product","2":"type-product","3":"status-publish","4":"has-post-thumbnail","6":"product_brand-boxer","7":"product_cat-akumuliatoriai","9":"first","10":"instock","11":"taxable","12":"shipping-taxable","13":"purchasable","14":"product-type-simple"},"yoast_head":"<!-- This site is optimized with the Yoast SEO plugin v27.4 - https:\/\/yoast.com\/product\/yoast-seo-wordpress\/ -->\n<title>Akumuliatorius industrinis 12V 45 Ah VRLA AGM Boxer - Rutana - Ra\u0161tin\u0117s reikmenys<\/title>\n<meta name=\"robots\" content=\"index, follow, max-snippet:-1, max-image-preview:large, max-video-preview:-1\" \/>\n<link rel=\"canonical\" href=\"https:\/\/rutana.lt\/en\/product\/akumuliatorius-industrinis-12v-45-ah-vrla-agm-boxer\/\" \/>\n<meta property=\"og:locale\" content=\"en_US\" \/>\n<meta property=\"og:type\" content=\"article\" \/>\n<meta property=\"og:title\" content=\"Akumuliatorius industrinis 12V 45 Ah VRLA AGM Boxer - Rutana - Ra\u0161tin\u0117s reikmenys\" \/>\n<meta property=\"og:description\" content=\"VRLA ( Valve Regulated Lead Acid battery ), dar vadinami SLA ( Sealed Lead Acid battery ) &#8211; taip \u017eymimi vo\u017etuvu reguliuojami \u0161vino &#8211; r\u016bg\u0161tiniai akumuliatoriai. D\u0117l konstrukcini\u0173 ir elektrochemini\u0173 savybi\u0173 \u0161io tipo akumuliatoriai gali b\u016bti montuojami ir transportuojami bet kokia pozicija, neprarandant akumuliatoriaus i\u0161krovos charakteristik\u0173. AGM ( Absorbed Glass Mat ) technologija, labiausiai paplitusi [&hellip;]\" \/>\n<meta property=\"og:url\" content=\"https:\/\/rutana.lt\/en\/product\/akumuliatorius-industrinis-12v-45-ah-vrla-agm-boxer\/\" \/>\n<meta property=\"og:site_name\" content=\"Rutana - Ra\u0161tin\u0117s reikmenys\" \/>\n<meta property=\"article:publisher\" content=\"https:\/\/www.facebook.com\/RutanaKanceliarinesPrekes\/\" \/>\n<meta property=\"article:modified_time\" content=\"2025-10-13T13:51:06+00:00\" \/>\n<meta property=\"og:image\" content=\"https:\/\/rutana.lt\/wp-content\/uploads\/2025\/09\/B048-514.jpg\" \/>\n\t<meta property=\"og:image:width\" content=\"700\" \/>\n\t<meta property=\"og:image:height\" content=\"483\" \/>\n\t<meta property=\"og:image:type\" content=\"image\/jpeg\" \/>\n<meta name=\"twitter:card\" content=\"summary_large_image\" \/>\n<meta name=\"twitter:label1\" content=\"Est. reading time\" \/>\n\t<meta name=\"twitter:data1\" content=\"1 minute\" \/>\n<script type=\"application\/ld+json\" class=\"yoast-schema-graph\">{\"@context\":\"https:\\\/\\\/schema.org\",\"@graph\":[{\"@type\":\"WebPage\",\"@id\":\"https:\\\/\\\/rutana.lt\\\/produktas\\\/akumuliatorius-industrinis-12v-45-ah-vrla-agm-boxer\\\/\",\"url\":\"https:\\\/\\\/rutana.lt\\\/produktas\\\/akumuliatorius-industrinis-12v-45-ah-vrla-agm-boxer\\\/\",\"name\":\"Akumuliatorius industrinis 12V 45 Ah VRLA AGM Boxer - Rutana - Ra\u0161tin\u0117s reikmenys\",\"isPartOf\":{\"@id\":\"https:\\\/\\\/rutana.lt\\\/#website\"},\"primaryImageOfPage\":{\"@id\":\"https:\\\/\\\/rutana.lt\\\/produktas\\\/akumuliatorius-industrinis-12v-45-ah-vrla-agm-boxer\\\/#primaryimage\"},\"image\":{\"@id\":\"https:\\\/\\\/rutana.lt\\\/produktas\\\/akumuliatorius-industrinis-12v-45-ah-vrla-agm-boxer\\\/#primaryimage\"},\"thumbnailUrl\":\"https:\\\/\\\/rutana.lt\\\/wp-content\\\/uploads\\\/2025\\\/09\\\/B048-514-1.jpg?v=1763565415\",\"datePublished\":\"2025-09-03T07:45:09+00:00\",\"dateModified\":\"2025-10-13T13:51:06+00:00\",\"breadcrumb\":{\"@id\":\"https:\\\/\\\/rutana.lt\\\/produktas\\\/akumuliatorius-industrinis-12v-45-ah-vrla-agm-boxer\\\/#breadcrumb\"},\"inLanguage\":\"en-US\",\"potentialAction\":[{\"@type\":\"ReadAction\",\"target\":[\"https:\\\/\\\/rutana.lt\\\/produktas\\\/akumuliatorius-industrinis-12v-45-ah-vrla-agm-boxer\\\/\"]}]},{\"@type\":\"ImageObject\",\"inLanguage\":\"en-US\",\"@id\":\"https:\\\/\\\/rutana.lt\\\/produktas\\\/akumuliatorius-industrinis-12v-45-ah-vrla-agm-boxer\\\/#primaryimage\",\"url\":\"https:\\\/\\\/rutana.lt\\\/wp-content\\\/uploads\\\/2025\\\/09\\\/B048-514-1.jpg?v=1763565415\",\"contentUrl\":\"https:\\\/\\\/rutana.lt\\\/wp-content\\\/uploads\\\/2025\\\/09\\\/B048-514-1.jpg?v=1763565415\",\"width\":700,\"height\":483},{\"@type\":\"BreadcrumbList\",\"@id\":\"https:\\\/\\\/rutana.lt\\\/produktas\\\/akumuliatorius-industrinis-12v-45-ah-vrla-agm-boxer\\\/#breadcrumb\",\"itemListElement\":[{\"@type\":\"ListItem\",\"position\":1,\"name\":\"Home\",\"item\":\"https:\\\/\\\/rutana.lt\\\/\"},{\"@type\":\"ListItem\",\"position\":2,\"name\":\"Parduotuv\u0117\",\"item\":\"https:\\\/\\\/rutana.lt\\\/parduotuve\\\/\"},{\"@type\":\"ListItem\",\"position\":3,\"name\":\"Akumuliatorius industrinis 12V 45 Ah VRLA AGM Boxer\"}]},{\"@type\":\"WebSite\",\"@id\":\"https:\\\/\\\/rutana.lt\\\/#website\",\"url\":\"https:\\\/\\\/rutana.lt\\\/\",\"name\":\"Rutana - Ra\u0161tin\u0117s reikmenys\",\"description\":\"Prekiaujame pasaulin\u0117je rinkoje pripa\u017eintomis, kokybi\u0161komis biuro prek\u0117mis toki\u0173  gamintoj\u0173 kaip: Schneider, Esselte, Novus, 3M, Faber-Castell, Citizen, Milan, Leitz, Colop, Zebra, Staedtler, Durable, Tork, Parker, Waterman ir kt.\",\"publisher\":{\"@id\":\"https:\\\/\\\/rutana.lt\\\/#organization\"},\"potentialAction\":[{\"@type\":\"SearchAction\",\"target\":{\"@type\":\"EntryPoint\",\"urlTemplate\":\"https:\\\/\\\/rutana.lt\\\/?s={search_term_string}\"},\"query-input\":{\"@type\":\"PropertyValueSpecification\",\"valueRequired\":true,\"valueName\":\"search_term_string\"}}],\"inLanguage\":\"en-US\"},{\"@type\":\"Organization\",\"@id\":\"https:\\\/\\\/rutana.lt\\\/#organization\",\"name\":\"Rutana - Ra\u0161tin\u0117s reikmenys\",\"url\":\"https:\\\/\\\/rutana.lt\\\/\",\"logo\":{\"@type\":\"ImageObject\",\"inLanguage\":\"en-US\",\"@id\":\"https:\\\/\\\/rutana.lt\\\/#\\\/schema\\\/logo\\\/image\\\/\",\"url\":\"https:\\\/\\\/rutana.lt\\\/wp-content\\\/uploads\\\/2025\\\/10\\\/Asset-32.png\",\"contentUrl\":\"https:\\\/\\\/rutana.lt\\\/wp-content\\\/uploads\\\/2025\\\/10\\\/Asset-32.png\",\"width\":433,\"height\":119,\"caption\":\"Rutana - Ra\u0161tin\u0117s reikmenys\"},\"image\":{\"@id\":\"https:\\\/\\\/rutana.lt\\\/#\\\/schema\\\/logo\\\/image\\\/\"},\"sameAs\":[\"https:\\\/\\\/www.facebook.com\\\/RutanaKanceliarinesPrekes\\\/\"]}]}<\/script>\n<!-- \/ Yoast SEO plugin. -->","yoast_head_json":{"title":"Akumuliatorius industrinis 12V 45 Ah VRLA AGM Boxer - Rutana - Ra\u0161tin\u0117s reikmenys","robots":{"index":"index","follow":"follow","max-snippet":"max-snippet:-1","max-image-preview":"max-image-preview:large","max-video-preview":"max-video-preview:-1"},"canonical":"https:\/\/rutana.lt\/en\/product\/akumuliatorius-industrinis-12v-45-ah-vrla-agm-boxer\/","og_locale":"en_US","og_type":"article","og_title":"Akumuliatorius industrinis 12V 45 Ah VRLA AGM Boxer - Rutana - Ra\u0161tin\u0117s reikmenys","og_description":"VRLA ( Valve Regulated Lead Acid battery ), dar vadinami SLA ( Sealed Lead Acid battery ) &#8211; taip \u017eymimi vo\u017etuvu reguliuojami \u0161vino &#8211; r\u016bg\u0161tiniai akumuliatoriai. D\u0117l konstrukcini\u0173 ir elektrochemini\u0173 savybi\u0173 \u0161io tipo akumuliatoriai gali b\u016bti montuojami ir transportuojami bet kokia pozicija, neprarandant akumuliatoriaus i\u0161krovos charakteristik\u0173. AGM ( Absorbed Glass Mat ) technologija, labiausiai paplitusi [&hellip;]","og_url":"https:\/\/rutana.lt\/en\/product\/akumuliatorius-industrinis-12v-45-ah-vrla-agm-boxer\/","og_site_name":"Rutana - Ra\u0161tin\u0117s reikmenys","article_publisher":"https:\/\/www.facebook.com\/RutanaKanceliarinesPrekes\/","article_modified_time":"2025-10-13T13:51:06+00:00","og_image":[{"width":700,"height":483,"url":"https:\/\/rutana.lt\/wp-content\/uploads\/2025\/09\/B048-514.jpg","type":"image\/jpeg"}],"twitter_card":"summary_large_image","twitter_misc":{"Est. reading time":"1 minute"},"schema":{"@context":"https:\/\/schema.org","@graph":[{"@type":"WebPage","@id":"https:\/\/rutana.lt\/produktas\/akumuliatorius-industrinis-12v-45-ah-vrla-agm-boxer\/","url":"https:\/\/rutana.lt\/produktas\/akumuliatorius-industrinis-12v-45-ah-vrla-agm-boxer\/","name":"Akumuliatorius industrinis 12V 45 Ah VRLA AGM Boxer - Rutana - Ra\u0161tin\u0117s reikmenys","isPartOf":{"@id":"https:\/\/rutana.lt\/#website"},"primaryImageOfPage":{"@id":"https:\/\/rutana.lt\/produktas\/akumuliatorius-industrinis-12v-45-ah-vrla-agm-boxer\/#primaryimage"},"image":{"@id":"https:\/\/rutana.lt\/produktas\/akumuliatorius-industrinis-12v-45-ah-vrla-agm-boxer\/#primaryimage"},"thumbnailUrl":"https:\/\/rutana.lt\/wp-content\/uploads\/2025\/09\/B048-514-1.jpg?v=1763565415","datePublished":"2025-09-03T07:45:09+00:00","dateModified":"2025-10-13T13:51:06+00:00","breadcrumb":{"@id":"https:\/\/rutana.lt\/produktas\/akumuliatorius-industrinis-12v-45-ah-vrla-agm-boxer\/#breadcrumb"},"inLanguage":"en-US","potentialAction":[{"@type":"ReadAction","target":["https:\/\/rutana.lt\/produktas\/akumuliatorius-industrinis-12v-45-ah-vrla-agm-boxer\/"]}]},{"@type":"ImageObject","inLanguage":"en-US","@id":"https:\/\/rutana.lt\/produktas\/akumuliatorius-industrinis-12v-45-ah-vrla-agm-boxer\/#primaryimage","url":"https:\/\/rutana.lt\/wp-content\/uploads\/2025\/09\/B048-514-1.jpg?v=1763565415","contentUrl":"https:\/\/rutana.lt\/wp-content\/uploads\/2025\/09\/B048-514-1.jpg?v=1763565415","width":700,"height":483},{"@type":"BreadcrumbList","@id":"https:\/\/rutana.lt\/produktas\/akumuliatorius-industrinis-12v-45-ah-vrla-agm-boxer\/#breadcrumb","itemListElement":[{"@type":"ListItem","position":1,"name":"Home","item":"https:\/\/rutana.lt\/"},{"@type":"ListItem","position":2,"name":"Parduotuv\u0117","item":"https:\/\/rutana.lt\/parduotuve\/"},{"@type":"ListItem","position":3,"name":"Akumuliatorius industrinis 12V 45 Ah VRLA AGM Boxer"}]},{"@type":"WebSite","@id":"https:\/\/rutana.lt\/#website","url":"https:\/\/rutana.lt\/","name":"Rutana - Ra\u0161tin\u0117s reikmenys","description":"Prekiaujame pasaulin\u0117je rinkoje pripa\u017eintomis, kokybi\u0161komis biuro prek\u0117mis toki\u0173  gamintoj\u0173 kaip: Schneider, Esselte, Novus, 3M, Faber-Castell, Citizen, Milan, Leitz, Colop, Zebra, Staedtler, Durable, Tork, Parker, Waterman ir kt.","publisher":{"@id":"https:\/\/rutana.lt\/#organization"},"potentialAction":[{"@type":"SearchAction","target":{"@type":"EntryPoint","urlTemplate":"https:\/\/rutana.lt\/?s={search_term_string}"},"query-input":{"@type":"PropertyValueSpecification","valueRequired":true,"valueName":"search_term_string"}}],"inLanguage":"en-US"},{"@type":"Organization","@id":"https:\/\/rutana.lt\/#organization","name":"Rutana - Ra\u0161tin\u0117s reikmenys","url":"https:\/\/rutana.lt\/","logo":{"@type":"ImageObject","inLanguage":"en-US","@id":"https:\/\/rutana.lt\/#\/schema\/logo\/image\/","url":"https:\/\/rutana.lt\/wp-content\/uploads\/2025\/10\/Asset-32.png","contentUrl":"https:\/\/rutana.lt\/wp-content\/uploads\/2025\/10\/Asset-32.png","width":433,"height":119,"caption":"Rutana - Ra\u0161tin\u0117s reikmenys"},"image":{"@id":"https:\/\/rutana.lt\/#\/schema\/logo\/image\/"},"sameAs":["https:\/\/www.facebook.com\/RutanaKanceliarinesPrekes\/"]}]}},"_links":{"self":[{"href":"https:\/\/rutana.lt\/en\/wp-json\/wp\/v2\/product\/16341","targetHints":{"allow":["GET"]}}],"collection":[{"href":"https:\/\/rutana.lt\/en\/wp-json\/wp\/v2\/product"}],"about":[{"href":"https:\/\/rutana.lt\/en\/wp-json\/wp\/v2\/types\/product"}],"replies":[{"embeddable":true,"href":"https:\/\/rutana.lt\/en\/wp-json\/wp\/v2\/comments?post=16341"}],"version-history":[{"count":1,"href":"https:\/\/rutana.lt\/en\/wp-json\/wp\/v2\/product\/16341\/revisions"}],"predecessor-version":[{"id":16371,"href":"https:\/\/rutana.lt\/en\/wp-json\/wp\/v2\/product\/16341\/revisions\/16371"}],"wp:featuredmedia":[{"embeddable":true,"href":"https:\/\/rutana.lt\/en\/wp-json\/wp\/v2\/media\/29039"}],"wp:attachment":[{"href":"https:\/\/rutana.lt\/en\/wp-json\/wp\/v2\/media?parent=16341"}],"wp:term":[{"taxonomy":"product_brand","embeddable":true,"href":"https:\/\/rutana.lt\/en\/wp-json\/wp\/v2\/product_brand?post=16341"},{"taxonomy":"product_cat","embeddable":true,"href":"https:\/\/rutana.lt\/en\/wp-json\/wp\/v2\/product_cat?post=16341"},{"taxonomy":"product_tag","embeddable":true,"href":"https:\/\/rutana.lt\/en\/wp-json\/wp\/v2\/product_tag?post=16341"}],"curies":[{"name":"wp","href":"https:\/\/api.w.org\/{rel}","templated":true}]}}