{"id":16340,"date":"2025-09-03T09:45:09","date_gmt":"2025-09-03T07:45:09","guid":{"rendered":"https:\/\/rutana.webdemo.lt\/?post_type=product&#038;p=16340"},"modified":"2025-10-13T15:51:05","modified_gmt":"2025-10-13T13:51:05","slug":"automatinis-gelio-rasiklis-sarasa-0-7mm-juodas-zebra","status":"publish","type":"product","link":"https:\/\/rutana.lt\/en\/product\/automatinis-gelio-rasiklis-sarasa-0-7mm-juodas-zebra\/","title":{"rendered":"Automatinis gelio ra\u0161iklis SARASA 0.7mm juodas Zebra"},"content":{"rendered":"<p>Labai populiarus ir labiausiai perkamas Japonijoje gelio ra\u0161iklis su antistresine gumele laikymo zonoje, kuris prisitaiko prie pir\u0161t\u0173 ir suteikia ra\u0161ymui komfort\u0105. Tu\u0161as pagamintas i\u0161 pigmentini\u0173 da\u017eikli\u0173, tod\u0117l nei\u0161blunka ir atsparus vandeniui, greitai d\u017ei\u016bsta. Ra\u0161o mink\u0161tai, tuo lengdamas daugel\u012f savo konkurent\u0173. Kei\u010diama \u0161erdel\u0117 Zebra JF.<\/p>\n<p>\u0160erdel\u0117s galvut\u0117s storis: 0.7 mm<\/p>\n<p>Br\u0117\u017eiamos linijos storis: 0.35 &#8211; 0.38 mm<\/p>\n<p>Tu\u0161o spalva: juoda <\/p>\n<p>Kilm\u0117s \u0161alis: Japonija <\/p>\n<\/p>\n<p><\/p>","protected":false},"excerpt":{"rendered":"<p>Labai populiarus ir labiausiai perkamas Japonijoje gelio ra\u0161iklis su antistresine gumele laikymo zonoje, kuris prisitaiko prie pir\u0161t\u0173 ir suteikia ra\u0161ymui komfort\u0105. Tu\u0161as pagamintas i\u0161 pigmentini\u0173 da\u017eikli\u0173, tod\u0117l nei\u0161blunka ir atsparus vandeniui, greitai d\u017ei\u016bsta. Ra\u0161o mink\u0161tai, tuo lengdamas daugel\u012f savo konkurent\u0173. Kei\u010diama \u0161erdel\u0117 Zebra JF. \u0160erdel\u0117s galvut\u0117s storis: 0.7 mm Br\u0117\u017eiamos linijos storis: 0.35 &#8211; 0.38 [&hellip;]<\/p>","protected":false},"featured_media":29038,"comment_status":"open","ping_status":"closed","template":"","meta":{"_season_start":"","_season_end":"","_season_days":"","_season_months":"","_season_auto_visibility":""},"product_brand":[203],"product_cat":[1747],"product_tag":[],"class_list":{"0":"post-16340","1":"product","2":"type-product","3":"status-publish","4":"has-post-thumbnail","6":"product_brand-zebra","7":"product_cat-geliniai-rasikliai","9":"first","10":"instock","11":"taxable","12":"shipping-taxable","13":"purchasable","14":"product-type-simple"},"yoast_head":"<!-- This site is optimized with the Yoast SEO plugin v27.4 - https:\/\/yoast.com\/product\/yoast-seo-wordpress\/ -->\n<title>Automatinis gelio ra\u0161iklis SARASA 0.7mm juodas Zebra - Rutana - Ra\u0161tin\u0117s reikmenys<\/title>\n<meta name=\"robots\" content=\"index, follow, max-snippet:-1, max-image-preview:large, max-video-preview:-1\" \/>\n<link rel=\"canonical\" href=\"https:\/\/rutana.lt\/en\/product\/automatinis-gelio-rasiklis-sarasa-0-7mm-juodas-zebra\/\" \/>\n<meta property=\"og:locale\" content=\"en_US\" \/>\n<meta property=\"og:type\" content=\"article\" \/>\n<meta property=\"og:title\" content=\"Automatinis gelio ra\u0161iklis SARASA 0.7mm juodas Zebra - Rutana - Ra\u0161tin\u0117s reikmenys\" \/>\n<meta property=\"og:description\" content=\"Labai populiarus ir labiausiai perkamas Japonijoje gelio ra\u0161iklis su antistresine gumele laikymo zonoje, kuris prisitaiko prie pir\u0161t\u0173 ir suteikia ra\u0161ymui komfort\u0105. Tu\u0161as pagamintas i\u0161 pigmentini\u0173 da\u017eikli\u0173, tod\u0117l nei\u0161blunka ir atsparus vandeniui, greitai d\u017ei\u016bsta. Ra\u0161o mink\u0161tai, tuo lengdamas daugel\u012f savo konkurent\u0173. Kei\u010diama \u0161erdel\u0117 Zebra JF. \u0160erdel\u0117s galvut\u0117s storis: 0.7 mm Br\u0117\u017eiamos linijos storis: 0.35 &#8211; 0.38 [&hellip;]\" \/>\n<meta property=\"og:url\" content=\"https:\/\/rutana.lt\/en\/product\/automatinis-gelio-rasiklis-sarasa-0-7mm-juodas-zebra\/\" \/>\n<meta property=\"og:site_name\" content=\"Rutana - Ra\u0161tin\u0117s reikmenys\" \/>\n<meta property=\"article:publisher\" content=\"https:\/\/www.facebook.com\/RutanaKanceliarinesPrekes\/\" \/>\n<meta property=\"article:modified_time\" content=\"2025-10-13T13:51:05+00:00\" \/>\n<meta property=\"og:image\" content=\"https:\/\/rutana.lt\/wp-content\/uploads\/2025\/09\/C042-152.jpg\" \/>\n\t<meta property=\"og:image:width\" content=\"564\" \/>\n\t<meta property=\"og:image:height\" content=\"517\" \/>\n\t<meta property=\"og:image:type\" content=\"image\/jpeg\" \/>\n<meta name=\"twitter:card\" content=\"summary_large_image\" \/>\n<script type=\"application\/ld+json\" class=\"yoast-schema-graph\">{\"@context\":\"https:\\\/\\\/schema.org\",\"@graph\":[{\"@type\":\"WebPage\",\"@id\":\"https:\\\/\\\/rutana.lt\\\/produktas\\\/automatinis-gelio-rasiklis-sarasa-0-7mm-juodas-zebra\\\/\",\"url\":\"https:\\\/\\\/rutana.lt\\\/produktas\\\/automatinis-gelio-rasiklis-sarasa-0-7mm-juodas-zebra\\\/\",\"name\":\"Automatinis gelio ra\u0161iklis SARASA 0.7mm juodas Zebra - Rutana - Ra\u0161tin\u0117s reikmenys\",\"isPartOf\":{\"@id\":\"https:\\\/\\\/rutana.lt\\\/#website\"},\"primaryImageOfPage\":{\"@id\":\"https:\\\/\\\/rutana.lt\\\/produktas\\\/automatinis-gelio-rasiklis-sarasa-0-7mm-juodas-zebra\\\/#primaryimage\"},\"image\":{\"@id\":\"https:\\\/\\\/rutana.lt\\\/produktas\\\/automatinis-gelio-rasiklis-sarasa-0-7mm-juodas-zebra\\\/#primaryimage\"},\"thumbnailUrl\":\"https:\\\/\\\/rutana.lt\\\/wp-content\\\/uploads\\\/2025\\\/09\\\/C042-152-1.jpg?v=1763565414\",\"datePublished\":\"2025-09-03T07:45:09+00:00\",\"dateModified\":\"2025-10-13T13:51:05+00:00\",\"breadcrumb\":{\"@id\":\"https:\\\/\\\/rutana.lt\\\/produktas\\\/automatinis-gelio-rasiklis-sarasa-0-7mm-juodas-zebra\\\/#breadcrumb\"},\"inLanguage\":\"en-US\",\"potentialAction\":[{\"@type\":\"ReadAction\",\"target\":[\"https:\\\/\\\/rutana.lt\\\/produktas\\\/automatinis-gelio-rasiklis-sarasa-0-7mm-juodas-zebra\\\/\"]}]},{\"@type\":\"ImageObject\",\"inLanguage\":\"en-US\",\"@id\":\"https:\\\/\\\/rutana.lt\\\/produktas\\\/automatinis-gelio-rasiklis-sarasa-0-7mm-juodas-zebra\\\/#primaryimage\",\"url\":\"https:\\\/\\\/rutana.lt\\\/wp-content\\\/uploads\\\/2025\\\/09\\\/C042-152-1.jpg?v=1763565414\",\"contentUrl\":\"https:\\\/\\\/rutana.lt\\\/wp-content\\\/uploads\\\/2025\\\/09\\\/C042-152-1.jpg?v=1763565414\",\"width\":564,\"height\":517},{\"@type\":\"BreadcrumbList\",\"@id\":\"https:\\\/\\\/rutana.lt\\\/produktas\\\/automatinis-gelio-rasiklis-sarasa-0-7mm-juodas-zebra\\\/#breadcrumb\",\"itemListElement\":[{\"@type\":\"ListItem\",\"position\":1,\"name\":\"Home\",\"item\":\"https:\\\/\\\/rutana.lt\\\/\"},{\"@type\":\"ListItem\",\"position\":2,\"name\":\"Parduotuv\u0117\",\"item\":\"https:\\\/\\\/rutana.lt\\\/parduotuve\\\/\"},{\"@type\":\"ListItem\",\"position\":3,\"name\":\"Automatinis gelio ra\u0161iklis SARASA 0.7mm juodas Zebra\"}]},{\"@type\":\"WebSite\",\"@id\":\"https:\\\/\\\/rutana.lt\\\/#website\",\"url\":\"https:\\\/\\\/rutana.lt\\\/\",\"name\":\"Rutana - Ra\u0161tin\u0117s reikmenys\",\"description\":\"Prekiaujame pasaulin\u0117je rinkoje pripa\u017eintomis, kokybi\u0161komis biuro prek\u0117mis toki\u0173  gamintoj\u0173 kaip: Schneider, Esselte, Novus, 3M, Faber-Castell, Citizen, Milan, Leitz, Colop, Zebra, Staedtler, Durable, Tork, Parker, Waterman ir kt.\",\"publisher\":{\"@id\":\"https:\\\/\\\/rutana.lt\\\/#organization\"},\"potentialAction\":[{\"@type\":\"SearchAction\",\"target\":{\"@type\":\"EntryPoint\",\"urlTemplate\":\"https:\\\/\\\/rutana.lt\\\/?s={search_term_string}\"},\"query-input\":{\"@type\":\"PropertyValueSpecification\",\"valueRequired\":true,\"valueName\":\"search_term_string\"}}],\"inLanguage\":\"en-US\"},{\"@type\":\"Organization\",\"@id\":\"https:\\\/\\\/rutana.lt\\\/#organization\",\"name\":\"Rutana - Ra\u0161tin\u0117s reikmenys\",\"url\":\"https:\\\/\\\/rutana.lt\\\/\",\"logo\":{\"@type\":\"ImageObject\",\"inLanguage\":\"en-US\",\"@id\":\"https:\\\/\\\/rutana.lt\\\/#\\\/schema\\\/logo\\\/image\\\/\",\"url\":\"https:\\\/\\\/rutana.lt\\\/wp-content\\\/uploads\\\/2025\\\/10\\\/Asset-32.png\",\"contentUrl\":\"https:\\\/\\\/rutana.lt\\\/wp-content\\\/uploads\\\/2025\\\/10\\\/Asset-32.png\",\"width\":433,\"height\":119,\"caption\":\"Rutana - Ra\u0161tin\u0117s reikmenys\"},\"image\":{\"@id\":\"https:\\\/\\\/rutana.lt\\\/#\\\/schema\\\/logo\\\/image\\\/\"},\"sameAs\":[\"https:\\\/\\\/www.facebook.com\\\/RutanaKanceliarinesPrekes\\\/\"]}]}<\/script>\n<!-- \/ Yoast SEO plugin. -->","yoast_head_json":{"title":"Automatinis gelio ra\u0161iklis SARASA 0.7mm juodas Zebra - Rutana - Ra\u0161tin\u0117s reikmenys","robots":{"index":"index","follow":"follow","max-snippet":"max-snippet:-1","max-image-preview":"max-image-preview:large","max-video-preview":"max-video-preview:-1"},"canonical":"https:\/\/rutana.lt\/en\/product\/automatinis-gelio-rasiklis-sarasa-0-7mm-juodas-zebra\/","og_locale":"en_US","og_type":"article","og_title":"Automatinis gelio ra\u0161iklis SARASA 0.7mm juodas Zebra - Rutana - Ra\u0161tin\u0117s reikmenys","og_description":"Labai populiarus ir labiausiai perkamas Japonijoje gelio ra\u0161iklis su antistresine gumele laikymo zonoje, kuris prisitaiko prie pir\u0161t\u0173 ir suteikia ra\u0161ymui komfort\u0105. Tu\u0161as pagamintas i\u0161 pigmentini\u0173 da\u017eikli\u0173, tod\u0117l nei\u0161blunka ir atsparus vandeniui, greitai d\u017ei\u016bsta. Ra\u0161o mink\u0161tai, tuo lengdamas daugel\u012f savo konkurent\u0173. Kei\u010diama \u0161erdel\u0117 Zebra JF. \u0160erdel\u0117s galvut\u0117s storis: 0.7 mm Br\u0117\u017eiamos linijos storis: 0.35 &#8211; 0.38 [&hellip;]","og_url":"https:\/\/rutana.lt\/en\/product\/automatinis-gelio-rasiklis-sarasa-0-7mm-juodas-zebra\/","og_site_name":"Rutana - Ra\u0161tin\u0117s reikmenys","article_publisher":"https:\/\/www.facebook.com\/RutanaKanceliarinesPrekes\/","article_modified_time":"2025-10-13T13:51:05+00:00","og_image":[{"width":564,"height":517,"url":"https:\/\/rutana.lt\/wp-content\/uploads\/2025\/09\/C042-152.jpg","type":"image\/jpeg"}],"twitter_card":"summary_large_image","schema":{"@context":"https:\/\/schema.org","@graph":[{"@type":"WebPage","@id":"https:\/\/rutana.lt\/produktas\/automatinis-gelio-rasiklis-sarasa-0-7mm-juodas-zebra\/","url":"https:\/\/rutana.lt\/produktas\/automatinis-gelio-rasiklis-sarasa-0-7mm-juodas-zebra\/","name":"Automatinis gelio ra\u0161iklis SARASA 0.7mm juodas Zebra - Rutana - Ra\u0161tin\u0117s reikmenys","isPartOf":{"@id":"https:\/\/rutana.lt\/#website"},"primaryImageOfPage":{"@id":"https:\/\/rutana.lt\/produktas\/automatinis-gelio-rasiklis-sarasa-0-7mm-juodas-zebra\/#primaryimage"},"image":{"@id":"https:\/\/rutana.lt\/produktas\/automatinis-gelio-rasiklis-sarasa-0-7mm-juodas-zebra\/#primaryimage"},"thumbnailUrl":"https:\/\/rutana.lt\/wp-content\/uploads\/2025\/09\/C042-152-1.jpg?v=1763565414","datePublished":"2025-09-03T07:45:09+00:00","dateModified":"2025-10-13T13:51:05+00:00","breadcrumb":{"@id":"https:\/\/rutana.lt\/produktas\/automatinis-gelio-rasiklis-sarasa-0-7mm-juodas-zebra\/#breadcrumb"},"inLanguage":"en-US","potentialAction":[{"@type":"ReadAction","target":["https:\/\/rutana.lt\/produktas\/automatinis-gelio-rasiklis-sarasa-0-7mm-juodas-zebra\/"]}]},{"@type":"ImageObject","inLanguage":"en-US","@id":"https:\/\/rutana.lt\/produktas\/automatinis-gelio-rasiklis-sarasa-0-7mm-juodas-zebra\/#primaryimage","url":"https:\/\/rutana.lt\/wp-content\/uploads\/2025\/09\/C042-152-1.jpg?v=1763565414","contentUrl":"https:\/\/rutana.lt\/wp-content\/uploads\/2025\/09\/C042-152-1.jpg?v=1763565414","width":564,"height":517},{"@type":"BreadcrumbList","@id":"https:\/\/rutana.lt\/produktas\/automatinis-gelio-rasiklis-sarasa-0-7mm-juodas-zebra\/#breadcrumb","itemListElement":[{"@type":"ListItem","position":1,"name":"Home","item":"https:\/\/rutana.lt\/"},{"@type":"ListItem","position":2,"name":"Parduotuv\u0117","item":"https:\/\/rutana.lt\/parduotuve\/"},{"@type":"ListItem","position":3,"name":"Automatinis gelio ra\u0161iklis SARASA 0.7mm juodas Zebra"}]},{"@type":"WebSite","@id":"https:\/\/rutana.lt\/#website","url":"https:\/\/rutana.lt\/","name":"Rutana - Ra\u0161tin\u0117s reikmenys","description":"Prekiaujame pasaulin\u0117je rinkoje pripa\u017eintomis, kokybi\u0161komis biuro prek\u0117mis toki\u0173  gamintoj\u0173 kaip: Schneider, Esselte, Novus, 3M, Faber-Castell, Citizen, Milan, Leitz, Colop, Zebra, Staedtler, Durable, Tork, Parker, Waterman ir kt.","publisher":{"@id":"https:\/\/rutana.lt\/#organization"},"potentialAction":[{"@type":"SearchAction","target":{"@type":"EntryPoint","urlTemplate":"https:\/\/rutana.lt\/?s={search_term_string}"},"query-input":{"@type":"PropertyValueSpecification","valueRequired":true,"valueName":"search_term_string"}}],"inLanguage":"en-US"},{"@type":"Organization","@id":"https:\/\/rutana.lt\/#organization","name":"Rutana - Ra\u0161tin\u0117s reikmenys","url":"https:\/\/rutana.lt\/","logo":{"@type":"ImageObject","inLanguage":"en-US","@id":"https:\/\/rutana.lt\/#\/schema\/logo\/image\/","url":"https:\/\/rutana.lt\/wp-content\/uploads\/2025\/10\/Asset-32.png","contentUrl":"https:\/\/rutana.lt\/wp-content\/uploads\/2025\/10\/Asset-32.png","width":433,"height":119,"caption":"Rutana - Ra\u0161tin\u0117s reikmenys"},"image":{"@id":"https:\/\/rutana.lt\/#\/schema\/logo\/image\/"},"sameAs":["https:\/\/www.facebook.com\/RutanaKanceliarinesPrekes\/"]}]}},"_links":{"self":[{"href":"https:\/\/rutana.lt\/en\/wp-json\/wp\/v2\/product\/16340","targetHints":{"allow":["GET"]}}],"collection":[{"href":"https:\/\/rutana.lt\/en\/wp-json\/wp\/v2\/product"}],"about":[{"href":"https:\/\/rutana.lt\/en\/wp-json\/wp\/v2\/types\/product"}],"replies":[{"embeddable":true,"href":"https:\/\/rutana.lt\/en\/wp-json\/wp\/v2\/comments?post=16340"}],"version-history":[{"count":1,"href":"https:\/\/rutana.lt\/en\/wp-json\/wp\/v2\/product\/16340\/revisions"}],"predecessor-version":[{"id":16369,"href":"https:\/\/rutana.lt\/en\/wp-json\/wp\/v2\/product\/16340\/revisions\/16369"}],"wp:featuredmedia":[{"embeddable":true,"href":"https:\/\/rutana.lt\/en\/wp-json\/wp\/v2\/media\/29038"}],"wp:attachment":[{"href":"https:\/\/rutana.lt\/en\/wp-json\/wp\/v2\/media?parent=16340"}],"wp:term":[{"taxonomy":"product_brand","embeddable":true,"href":"https:\/\/rutana.lt\/en\/wp-json\/wp\/v2\/product_brand?post=16340"},{"taxonomy":"product_cat","embeddable":true,"href":"https:\/\/rutana.lt\/en\/wp-json\/wp\/v2\/product_cat?post=16340"},{"taxonomy":"product_tag","embeddable":true,"href":"https:\/\/rutana.lt\/en\/wp-json\/wp\/v2\/product_tag?post=16340"}],"curies":[{"name":"wp","href":"https:\/\/api.w.org\/{rel}","templated":true}]}}