{"id":16232,"date":"2025-09-03T09:44:24","date_gmt":"2025-09-03T07:44:24","guid":{"rendered":"https:\/\/rutana.webdemo.lt\/?post_type=product&#038;p=16232"},"modified":"2025-10-13T15:50:52","modified_gmt":"2025-10-13T13:50:52","slug":"zirkles-21-cm-titan-cut-it-wedo-986-8","status":"publish","type":"product","link":"https:\/\/rutana.lt\/en\/product\/zirkles-21-cm-titan-cut-it-wedo-986-8\/","title":{"rendered":"\u017dirkl\u0117s 21 cm Titan Cut-it Wedo 986 8"},"content":{"rendered":"<p>Cut-it ner\u016bdijan\u010dio plieno \u017eirkl\u0117s su titano danga u\u017etikrina tikslius pj\u016bvius ir ilgalaik\u012f a\u0161trum\u0105, auk\u0161t\u0105 atsparum\u0105 korozijai, didel\u012f mechanin\u012f stiprum\u0105 ir labai geras nelipnias savybes. Ergonomi\u0161kos formos rankenos su mink\u0161tais \u012fd\u0117klais garantuoja saug\u0173 prigludim\u0105 ir padaro kirpim\u0105 dar patogesn\u012f. <\/p>\n<p>\u017dirkli\u0173 ilgis: 21 cm<\/p>\n<p>Spalva: pilka \/ balta<\/p>\n<p>Kilm\u0117s \u0161alis: Vokietija<\/p>\n<p><\/p>\n<p><\/p>","protected":false},"excerpt":{"rendered":"<p>Cut-it ner\u016bdijan\u010dio plieno \u017eirkl\u0117s su titano danga u\u017etikrina tikslius pj\u016bvius ir ilgalaik\u012f a\u0161trum\u0105, auk\u0161t\u0105 atsparum\u0105 korozijai, didel\u012f mechanin\u012f stiprum\u0105 ir labai geras nelipnias savybes. Ergonomi\u0161kos formos rankenos su mink\u0161tais \u012fd\u0117klais garantuoja saug\u0173 prigludim\u0105 ir padaro kirpim\u0105 dar patogesn\u012f. \u017dirkli\u0173 ilgis: 21 cm Spalva: pilka \/ balta Kilm\u0117s \u0161alis: Vokietija<\/p>","protected":false},"featured_media":29014,"comment_status":"open","ping_status":"closed","template":"","meta":{"_season_start":"","_season_end":"","_season_days":"","_season_months":"","_season_auto_visibility":""},"product_brand":[629],"product_cat":[1591],"product_tag":[],"class_list":{"0":"post-16232","1":"product","2":"type-product","3":"status-publish","4":"has-post-thumbnail","6":"product_brand-wedo","7":"product_cat-zirkles-ir-kanceliariniai-peiliai","9":"first","10":"instock","11":"taxable","12":"shipping-taxable","13":"purchasable","14":"product-type-simple"},"yoast_head":"<!-- This site is optimized with the Yoast SEO plugin v26.1.1 - https:\/\/yoast.com\/wordpress\/plugins\/seo\/ -->\n<title>\u017dirkl\u0117s 21 cm Titan Cut-it Wedo 986 8 - Rutana - Ra\u0161tin\u0117s reikmenys<\/title>\n<meta name=\"robots\" content=\"index, follow, max-snippet:-1, max-image-preview:large, max-video-preview:-1\" \/>\n<link rel=\"canonical\" href=\"https:\/\/rutana.lt\/en\/product\/zirkles-21-cm-titan-cut-it-wedo-986-8\/\" \/>\n<meta property=\"og:locale\" content=\"en_US\" \/>\n<meta property=\"og:type\" content=\"article\" \/>\n<meta property=\"og:title\" content=\"\u017dirkl\u0117s 21 cm Titan Cut-it Wedo 986 8 - Rutana - Ra\u0161tin\u0117s reikmenys\" \/>\n<meta property=\"og:description\" content=\"Cut-it ner\u016bdijan\u010dio plieno \u017eirkl\u0117s su titano danga u\u017etikrina tikslius pj\u016bvius ir ilgalaik\u012f a\u0161trum\u0105, auk\u0161t\u0105 atsparum\u0105 korozijai, didel\u012f mechanin\u012f stiprum\u0105 ir labai geras nelipnias savybes. Ergonomi\u0161kos formos rankenos su mink\u0161tais \u012fd\u0117klais garantuoja saug\u0173 prigludim\u0105 ir padaro kirpim\u0105 dar patogesn\u012f. \u017dirkli\u0173 ilgis: 21 cm Spalva: pilka \/ balta Kilm\u0117s \u0161alis: Vokietija\" \/>\n<meta property=\"og:url\" content=\"https:\/\/rutana.lt\/en\/product\/zirkles-21-cm-titan-cut-it-wedo-986-8\/\" \/>\n<meta property=\"og:site_name\" content=\"Rutana - Ra\u0161tin\u0117s reikmenys\" \/>\n<meta property=\"article:publisher\" content=\"https:\/\/www.facebook.com\/RutanaKanceliarinesPrekes\/\" \/>\n<meta property=\"article:modified_time\" content=\"2025-10-13T13:50:52+00:00\" \/>\n<meta property=\"og:image\" content=\"https:\/\/rutana.lt\/wp-content\/uploads\/2025\/09\/B015-297.jpg\" \/>\n\t<meta property=\"og:image:width\" content=\"600\" \/>\n\t<meta property=\"og:image:height\" content=\"524\" \/>\n\t<meta property=\"og:image:type\" content=\"image\/jpeg\" \/>\n<meta name=\"twitter:card\" content=\"summary_large_image\" \/>\n<script type=\"application\/ld+json\" class=\"yoast-schema-graph\">{\"@context\":\"https:\/\/schema.org\",\"@graph\":[{\"@type\":\"WebPage\",\"@id\":\"https:\/\/rutana.lt\/produktas\/zirkles-21-cm-titan-cut-it-wedo-986-8\/\",\"url\":\"https:\/\/rutana.lt\/produktas\/zirkles-21-cm-titan-cut-it-wedo-986-8\/\",\"name\":\"\u017dirkl\u0117s 21 cm Titan Cut-it Wedo 986 8 - Rutana - Ra\u0161tin\u0117s reikmenys\",\"isPartOf\":{\"@id\":\"https:\/\/rutana.lt\/#website\"},\"primaryImageOfPage\":{\"@id\":\"https:\/\/rutana.lt\/produktas\/zirkles-21-cm-titan-cut-it-wedo-986-8\/#primaryimage\"},\"image\":{\"@id\":\"https:\/\/rutana.lt\/produktas\/zirkles-21-cm-titan-cut-it-wedo-986-8\/#primaryimage\"},\"thumbnailUrl\":\"https:\/\/rutana.lt\/wp-content\/uploads\/2025\/09\/B015-297-1.jpg?v=1763565452\",\"datePublished\":\"2025-09-03T07:44:24+00:00\",\"dateModified\":\"2025-10-13T13:50:52+00:00\",\"breadcrumb\":{\"@id\":\"https:\/\/rutana.lt\/produktas\/zirkles-21-cm-titan-cut-it-wedo-986-8\/#breadcrumb\"},\"inLanguage\":\"en-US\",\"potentialAction\":[{\"@type\":\"ReadAction\",\"target\":[\"https:\/\/rutana.lt\/produktas\/zirkles-21-cm-titan-cut-it-wedo-986-8\/\"]}]},{\"@type\":\"ImageObject\",\"inLanguage\":\"en-US\",\"@id\":\"https:\/\/rutana.lt\/produktas\/zirkles-21-cm-titan-cut-it-wedo-986-8\/#primaryimage\",\"url\":\"https:\/\/rutana.lt\/wp-content\/uploads\/2025\/09\/B015-297-1.jpg?v=1763565452\",\"contentUrl\":\"https:\/\/rutana.lt\/wp-content\/uploads\/2025\/09\/B015-297-1.jpg?v=1763565452\",\"width\":600,\"height\":524},{\"@type\":\"BreadcrumbList\",\"@id\":\"https:\/\/rutana.lt\/produktas\/zirkles-21-cm-titan-cut-it-wedo-986-8\/#breadcrumb\",\"itemListElement\":[{\"@type\":\"ListItem\",\"position\":1,\"name\":\"Home\",\"item\":\"https:\/\/rutana.lt\/\"},{\"@type\":\"ListItem\",\"position\":2,\"name\":\"Parduotuv\u0117\",\"item\":\"https:\/\/rutana.lt\/parduotuve\/\"},{\"@type\":\"ListItem\",\"position\":3,\"name\":\"\u017dirkl\u0117s 21 cm Titan Cut-it Wedo 986 8\"}]},{\"@type\":\"WebSite\",\"@id\":\"https:\/\/rutana.lt\/#website\",\"url\":\"https:\/\/rutana.lt\/\",\"name\":\"Rutana - Ra\u0161tin\u0117s reikmenys\",\"description\":\"Prekiaujame pasaulin\u0117je rinkoje pripa\u017eintomis, kokybi\u0161komis biuro prek\u0117mis toki\u0173  gamintoj\u0173 kaip: Schneider, Esselte, Novus, 3M, Faber-Castell, Citizen, Milan, Leitz, Colop, Zebra, Staedtler, Durable, Tork, Parker, Waterman ir kt.\",\"publisher\":{\"@id\":\"https:\/\/rutana.lt\/#organization\"},\"potentialAction\":[{\"@type\":\"SearchAction\",\"target\":{\"@type\":\"EntryPoint\",\"urlTemplate\":\"https:\/\/rutana.lt\/?s={search_term_string}\"},\"query-input\":{\"@type\":\"PropertyValueSpecification\",\"valueRequired\":true,\"valueName\":\"search_term_string\"}}],\"inLanguage\":\"en-US\"},{\"@type\":\"Organization\",\"@id\":\"https:\/\/rutana.lt\/#organization\",\"name\":\"Rutana - Ra\u0161tin\u0117s reikmenys\",\"url\":\"https:\/\/rutana.lt\/\",\"logo\":{\"@type\":\"ImageObject\",\"inLanguage\":\"en-US\",\"@id\":\"https:\/\/rutana.lt\/#\/schema\/logo\/image\/\",\"url\":\"https:\/\/rutana.lt\/wp-content\/uploads\/2025\/10\/Asset-32.png\",\"contentUrl\":\"https:\/\/rutana.lt\/wp-content\/uploads\/2025\/10\/Asset-32.png\",\"width\":433,\"height\":119,\"caption\":\"Rutana - Ra\u0161tin\u0117s reikmenys\"},\"image\":{\"@id\":\"https:\/\/rutana.lt\/#\/schema\/logo\/image\/\"},\"sameAs\":[\"https:\/\/www.facebook.com\/RutanaKanceliarinesPrekes\/\"]}]}<\/script>\n<!-- \/ Yoast SEO plugin. -->","yoast_head_json":{"title":"\u017dirkl\u0117s 21 cm Titan Cut-it Wedo 986 8 - Rutana - Ra\u0161tin\u0117s reikmenys","robots":{"index":"index","follow":"follow","max-snippet":"max-snippet:-1","max-image-preview":"max-image-preview:large","max-video-preview":"max-video-preview:-1"},"canonical":"https:\/\/rutana.lt\/en\/product\/zirkles-21-cm-titan-cut-it-wedo-986-8\/","og_locale":"en_US","og_type":"article","og_title":"\u017dirkl\u0117s 21 cm Titan Cut-it Wedo 986 8 - Rutana - Ra\u0161tin\u0117s reikmenys","og_description":"Cut-it ner\u016bdijan\u010dio plieno \u017eirkl\u0117s su titano danga u\u017etikrina tikslius pj\u016bvius ir ilgalaik\u012f a\u0161trum\u0105, auk\u0161t\u0105 atsparum\u0105 korozijai, didel\u012f mechanin\u012f stiprum\u0105 ir labai geras nelipnias savybes. Ergonomi\u0161kos formos rankenos su mink\u0161tais \u012fd\u0117klais garantuoja saug\u0173 prigludim\u0105 ir padaro kirpim\u0105 dar patogesn\u012f. \u017dirkli\u0173 ilgis: 21 cm Spalva: pilka \/ balta Kilm\u0117s \u0161alis: Vokietija","og_url":"https:\/\/rutana.lt\/en\/product\/zirkles-21-cm-titan-cut-it-wedo-986-8\/","og_site_name":"Rutana - Ra\u0161tin\u0117s reikmenys","article_publisher":"https:\/\/www.facebook.com\/RutanaKanceliarinesPrekes\/","article_modified_time":"2025-10-13T13:50:52+00:00","og_image":[{"width":600,"height":524,"url":"https:\/\/rutana.lt\/wp-content\/uploads\/2025\/09\/B015-297.jpg","type":"image\/jpeg"}],"twitter_card":"summary_large_image","schema":{"@context":"https:\/\/schema.org","@graph":[{"@type":"WebPage","@id":"https:\/\/rutana.lt\/produktas\/zirkles-21-cm-titan-cut-it-wedo-986-8\/","url":"https:\/\/rutana.lt\/produktas\/zirkles-21-cm-titan-cut-it-wedo-986-8\/","name":"\u017dirkl\u0117s 21 cm Titan Cut-it Wedo 986 8 - Rutana - Ra\u0161tin\u0117s reikmenys","isPartOf":{"@id":"https:\/\/rutana.lt\/#website"},"primaryImageOfPage":{"@id":"https:\/\/rutana.lt\/produktas\/zirkles-21-cm-titan-cut-it-wedo-986-8\/#primaryimage"},"image":{"@id":"https:\/\/rutana.lt\/produktas\/zirkles-21-cm-titan-cut-it-wedo-986-8\/#primaryimage"},"thumbnailUrl":"https:\/\/rutana.lt\/wp-content\/uploads\/2025\/09\/B015-297-1.jpg?v=1763565452","datePublished":"2025-09-03T07:44:24+00:00","dateModified":"2025-10-13T13:50:52+00:00","breadcrumb":{"@id":"https:\/\/rutana.lt\/produktas\/zirkles-21-cm-titan-cut-it-wedo-986-8\/#breadcrumb"},"inLanguage":"en-US","potentialAction":[{"@type":"ReadAction","target":["https:\/\/rutana.lt\/produktas\/zirkles-21-cm-titan-cut-it-wedo-986-8\/"]}]},{"@type":"ImageObject","inLanguage":"en-US","@id":"https:\/\/rutana.lt\/produktas\/zirkles-21-cm-titan-cut-it-wedo-986-8\/#primaryimage","url":"https:\/\/rutana.lt\/wp-content\/uploads\/2025\/09\/B015-297-1.jpg?v=1763565452","contentUrl":"https:\/\/rutana.lt\/wp-content\/uploads\/2025\/09\/B015-297-1.jpg?v=1763565452","width":600,"height":524},{"@type":"BreadcrumbList","@id":"https:\/\/rutana.lt\/produktas\/zirkles-21-cm-titan-cut-it-wedo-986-8\/#breadcrumb","itemListElement":[{"@type":"ListItem","position":1,"name":"Home","item":"https:\/\/rutana.lt\/"},{"@type":"ListItem","position":2,"name":"Parduotuv\u0117","item":"https:\/\/rutana.lt\/parduotuve\/"},{"@type":"ListItem","position":3,"name":"\u017dirkl\u0117s 21 cm Titan Cut-it Wedo 986 8"}]},{"@type":"WebSite","@id":"https:\/\/rutana.lt\/#website","url":"https:\/\/rutana.lt\/","name":"Rutana - Ra\u0161tin\u0117s reikmenys","description":"Prekiaujame pasaulin\u0117je rinkoje pripa\u017eintomis, kokybi\u0161komis biuro prek\u0117mis toki\u0173  gamintoj\u0173 kaip: Schneider, Esselte, Novus, 3M, Faber-Castell, Citizen, Milan, Leitz, Colop, Zebra, Staedtler, Durable, Tork, Parker, Waterman ir kt.","publisher":{"@id":"https:\/\/rutana.lt\/#organization"},"potentialAction":[{"@type":"SearchAction","target":{"@type":"EntryPoint","urlTemplate":"https:\/\/rutana.lt\/?s={search_term_string}"},"query-input":{"@type":"PropertyValueSpecification","valueRequired":true,"valueName":"search_term_string"}}],"inLanguage":"en-US"},{"@type":"Organization","@id":"https:\/\/rutana.lt\/#organization","name":"Rutana - Ra\u0161tin\u0117s reikmenys","url":"https:\/\/rutana.lt\/","logo":{"@type":"ImageObject","inLanguage":"en-US","@id":"https:\/\/rutana.lt\/#\/schema\/logo\/image\/","url":"https:\/\/rutana.lt\/wp-content\/uploads\/2025\/10\/Asset-32.png","contentUrl":"https:\/\/rutana.lt\/wp-content\/uploads\/2025\/10\/Asset-32.png","width":433,"height":119,"caption":"Rutana - Ra\u0161tin\u0117s reikmenys"},"image":{"@id":"https:\/\/rutana.lt\/#\/schema\/logo\/image\/"},"sameAs":["https:\/\/www.facebook.com\/RutanaKanceliarinesPrekes\/"]}]}},"_links":{"self":[{"href":"https:\/\/rutana.lt\/en\/wp-json\/wp\/v2\/product\/16232","targetHints":{"allow":["GET"]}}],"collection":[{"href":"https:\/\/rutana.lt\/en\/wp-json\/wp\/v2\/product"}],"about":[{"href":"https:\/\/rutana.lt\/en\/wp-json\/wp\/v2\/types\/product"}],"replies":[{"embeddable":true,"href":"https:\/\/rutana.lt\/en\/wp-json\/wp\/v2\/comments?post=16232"}],"version-history":[{"count":1,"href":"https:\/\/rutana.lt\/en\/wp-json\/wp\/v2\/product\/16232\/revisions"}],"predecessor-version":[{"id":16299,"href":"https:\/\/rutana.lt\/en\/wp-json\/wp\/v2\/product\/16232\/revisions\/16299"}],"wp:featuredmedia":[{"embeddable":true,"href":"https:\/\/rutana.lt\/en\/wp-json\/wp\/v2\/media\/29014"}],"wp:attachment":[{"href":"https:\/\/rutana.lt\/en\/wp-json\/wp\/v2\/media?parent=16232"}],"wp:term":[{"taxonomy":"product_brand","embeddable":true,"href":"https:\/\/rutana.lt\/en\/wp-json\/wp\/v2\/product_brand?post=16232"},{"taxonomy":"product_cat","embeddable":true,"href":"https:\/\/rutana.lt\/en\/wp-json\/wp\/v2\/product_cat?post=16232"},{"taxonomy":"product_tag","embeddable":true,"href":"https:\/\/rutana.lt\/en\/wp-json\/wp\/v2\/product_tag?post=16232"}],"curies":[{"name":"wp","href":"https:\/\/api.w.org\/{rel}","templated":true}]}}