{"id":16229,"date":"2025-09-03T09:44:24","date_gmt":"2025-09-03T07:44:24","guid":{"rendered":"https:\/\/rutana.webdemo.lt\/?post_type=product&#038;p=16229"},"modified":"2025-10-13T15:50:50","modified_gmt":"2025-10-13T13:50:50","slug":"spalvoto-biuro-popieriaus-image-coloraction-10-ryskiu-spalvu-rinkinys-a4-80g-50l-608001","status":"publish","type":"product","link":"https:\/\/rutana.lt\/en\/product\/spalvoto-biuro-popieriaus-image-coloraction-10-ryskiu-spalvu-rinkinys-a4-80g-50l-608001\/","title":{"rendered":"Spalvoto biuro popieriaus Image Coloraction 10 ry\u0161ki\u0173 spalv\u0173 rinkinys A4 80g 50l. 608001"},"content":{"rendered":"<p style=\"margin-bottom: 10px;\">Auk\u0161tos kokyb\u0117s spalvotas biuro popierius, tinkantis vis\u0173 tip\u0173 spausdintuvams, kopijavimo aparatams ir faksams. Ant matinio glotnaus popieriaus i\u0161spausdinta informacija yra ry\u0161ki ir lengvai skaitoma. Galima spausdinti bro\u0161i\u016bras, skrajutes, prisistatymo lai\u0161kus ir pasi\u016blymus, popieriaus spalva suteikia i\u0161skirtinum\u0105 bei matomum\u0105. Popierius yra sertifikuotas pagal standartus: <a href=\"http:\/\/www.internationalpaper.com\/ru\/%D0%BA%D0%BE%D0%BC%D0%BF%D0%B0%D0%BD%D0%B8%D1%8F\/%D0%BE%D0%B1%D0%BB%D0%B0%D1%81%D1%82%D0%B8\/%D0%B5%D0%B2%D1%80%D0%BE%D0%BF%D0%B0-%D0%B1%D0%BB%D0%B8%D0%B6%D0%BD%D0%B8%D0%B9-%D0%B2%D0%BE%D1%81%D1%82%D0%BE%D0%BA-%D0%B8-%D0%B0%D1%84%D1%80%D0%B8%D0%BA%D0%B0\/%D1%83%D1%81%D1%82%D0%BE%D0%B9%D1%87%D0%B8%D0%B2%D0%BE%D0%B5-%D1%80%D0%B0%D0%B7%D0%B2%D0%B8%D1%82%D0%B8%D0%B5\/%D1%81%D0%B5%D1%80%D1%82%D0%B8%D1%84%D0%B8%D0%BA%D0%B0%D1%82%D1%8B\" style=\"outline: 0px !important;\">PEFC\u2122<\/a>, ECF ir ISO 14001. <\/p>\n<p style=\"margin-bottom: 10px;\">Popieriaus spalvos rinkinyje: 10 skirtingos ry\u0161kios spalvos <\/p>\n<p style=\"margin-bottom: 10px;\">Formatas: A4 ( 210 x 297 mm )<\/p>\n<p style=\"margin-bottom: 10px;\">Gramat\u016bra: 80 g\/m<span style=\"line-height: 0; position: relative; vertical-align: baseline; top: -0.5em;\">2<\/span><\/p>\n<p style=\"margin-bottom: 10px;\">Lap\u0173 kiekis pakuot\u0117je: 50<\/p>\n<p style=\"margin-bottom: 10px;\">","protected":false},"excerpt":{"rendered":"<p>Auk\u0161tos kokyb\u0117s spalvotas biuro popierius, tinkantis vis\u0173 tip\u0173 spausdintuvams, kopijavimo aparatams ir faksams. Ant matinio glotnaus popieriaus i\u0161spausdinta informacija yra ry\u0161ki ir lengvai skaitoma. Galima spausdinti bro\u0161i\u016bras, skrajutes, prisistatymo lai\u0161kus ir pasi\u016blymus, popieriaus spalva suteikia i\u0161skirtinum\u0105 bei matomum\u0105. Popierius yra sertifikuotas pagal standartus: PEFC\u2122, ECF ir ISO 14001. Popieriaus spalvos rinkinyje: 10 skirtingos ry\u0161kios spalvos [&hellip;]<\/p>","protected":false},"featured_media":29011,"comment_status":"open","ping_status":"closed","template":"","meta":{"_season_start":"","_season_end":"","_season_days":"","_season_months":"","_season_auto_visibility":""},"product_brand":[177],"product_cat":[1802],"product_tag":[],"class_list":{"0":"post-16229","1":"product","2":"type-product","3":"status-publish","4":"has-post-thumbnail","6":"product_brand-antalis","7":"product_cat-80-g","9":"first","10":"instock","11":"taxable","12":"shipping-taxable","13":"purchasable","14":"product-type-simple"},"yoast_head":"<!-- This site is optimized with the Yoast SEO plugin v27.4 - https:\/\/yoast.com\/product\/yoast-seo-wordpress\/ -->\n<title>Spalvoto biuro popieriaus Image Coloraction 10 ry\u0161ki\u0173 spalv\u0173 rinkinys A4 80g 50l. 608001 - Rutana - Ra\u0161tin\u0117s reikmenys<\/title>\n<meta name=\"robots\" content=\"index, follow, max-snippet:-1, max-image-preview:large, max-video-preview:-1\" \/>\n<link rel=\"canonical\" href=\"https:\/\/rutana.lt\/en\/product\/spalvoto-biuro-popieriaus-image-coloraction-10-ryskiu-spalvu-rinkinys-a4-80g-50l-608001\/\" \/>\n<meta property=\"og:locale\" content=\"en_US\" \/>\n<meta property=\"og:type\" content=\"article\" \/>\n<meta property=\"og:title\" content=\"Spalvoto biuro popieriaus Image Coloraction 10 ry\u0161ki\u0173 spalv\u0173 rinkinys A4 80g 50l. 608001 - Rutana - Ra\u0161tin\u0117s reikmenys\" \/>\n<meta property=\"og:description\" content=\"Auk\u0161tos kokyb\u0117s spalvotas biuro popierius, tinkantis vis\u0173 tip\u0173 spausdintuvams, kopijavimo aparatams ir faksams. Ant matinio glotnaus popieriaus i\u0161spausdinta informacija yra ry\u0161ki ir lengvai skaitoma. Galima spausdinti bro\u0161i\u016bras, skrajutes, prisistatymo lai\u0161kus ir pasi\u016blymus, popieriaus spalva suteikia i\u0161skirtinum\u0105 bei matomum\u0105. Popierius yra sertifikuotas pagal standartus: PEFC\u2122, ECF ir ISO 14001. Popieriaus spalvos rinkinyje: 10 skirtingos ry\u0161kios spalvos [&hellip;]\" \/>\n<meta property=\"og:url\" content=\"https:\/\/rutana.lt\/en\/product\/spalvoto-biuro-popieriaus-image-coloraction-10-ryskiu-spalvu-rinkinys-a4-80g-50l-608001\/\" \/>\n<meta property=\"og:site_name\" content=\"Rutana - Ra\u0161tin\u0117s reikmenys\" \/>\n<meta property=\"article:publisher\" content=\"https:\/\/www.facebook.com\/RutanaKanceliarinesPrekes\/\" \/>\n<meta property=\"article:modified_time\" content=\"2025-10-13T13:50:50+00:00\" \/>\n<meta property=\"og:image\" content=\"https:\/\/rutana.lt\/wp-content\/uploads\/2025\/09\/A071-910.jpg\" \/>\n\t<meta property=\"og:image:width\" content=\"600\" \/>\n\t<meta property=\"og:image:height\" content=\"450\" \/>\n\t<meta property=\"og:image:type\" content=\"image\/jpeg\" \/>\n<meta name=\"twitter:card\" content=\"summary_large_image\" \/>\n<script type=\"application\/ld+json\" class=\"yoast-schema-graph\">{\"@context\":\"https:\\\/\\\/schema.org\",\"@graph\":[{\"@type\":\"WebPage\",\"@id\":\"https:\\\/\\\/rutana.lt\\\/produktas\\\/spalvoto-biuro-popieriaus-image-coloraction-10-ryskiu-spalvu-rinkinys-a4-80g-50l-608001\\\/\",\"url\":\"https:\\\/\\\/rutana.lt\\\/produktas\\\/spalvoto-biuro-popieriaus-image-coloraction-10-ryskiu-spalvu-rinkinys-a4-80g-50l-608001\\\/\",\"name\":\"Spalvoto biuro popieriaus Image Coloraction 10 ry\u0161ki\u0173 spalv\u0173 rinkinys A4 80g 50l. 608001 - Rutana - Ra\u0161tin\u0117s reikmenys\",\"isPartOf\":{\"@id\":\"https:\\\/\\\/rutana.lt\\\/#website\"},\"primaryImageOfPage\":{\"@id\":\"https:\\\/\\\/rutana.lt\\\/produktas\\\/spalvoto-biuro-popieriaus-image-coloraction-10-ryskiu-spalvu-rinkinys-a4-80g-50l-608001\\\/#primaryimage\"},\"image\":{\"@id\":\"https:\\\/\\\/rutana.lt\\\/produktas\\\/spalvoto-biuro-popieriaus-image-coloraction-10-ryskiu-spalvu-rinkinys-a4-80g-50l-608001\\\/#primaryimage\"},\"thumbnailUrl\":\"https:\\\/\\\/rutana.lt\\\/wp-content\\\/uploads\\\/2025\\\/09\\\/A071-910-1.jpg?v=1763565457\",\"datePublished\":\"2025-09-03T07:44:24+00:00\",\"dateModified\":\"2025-10-13T13:50:50+00:00\",\"breadcrumb\":{\"@id\":\"https:\\\/\\\/rutana.lt\\\/produktas\\\/spalvoto-biuro-popieriaus-image-coloraction-10-ryskiu-spalvu-rinkinys-a4-80g-50l-608001\\\/#breadcrumb\"},\"inLanguage\":\"en-US\",\"potentialAction\":[{\"@type\":\"ReadAction\",\"target\":[\"https:\\\/\\\/rutana.lt\\\/produktas\\\/spalvoto-biuro-popieriaus-image-coloraction-10-ryskiu-spalvu-rinkinys-a4-80g-50l-608001\\\/\"]}]},{\"@type\":\"ImageObject\",\"inLanguage\":\"en-US\",\"@id\":\"https:\\\/\\\/rutana.lt\\\/produktas\\\/spalvoto-biuro-popieriaus-image-coloraction-10-ryskiu-spalvu-rinkinys-a4-80g-50l-608001\\\/#primaryimage\",\"url\":\"https:\\\/\\\/rutana.lt\\\/wp-content\\\/uploads\\\/2025\\\/09\\\/A071-910-1.jpg?v=1763565457\",\"contentUrl\":\"https:\\\/\\\/rutana.lt\\\/wp-content\\\/uploads\\\/2025\\\/09\\\/A071-910-1.jpg?v=1763565457\",\"width\":600,\"height\":450},{\"@type\":\"BreadcrumbList\",\"@id\":\"https:\\\/\\\/rutana.lt\\\/produktas\\\/spalvoto-biuro-popieriaus-image-coloraction-10-ryskiu-spalvu-rinkinys-a4-80g-50l-608001\\\/#breadcrumb\",\"itemListElement\":[{\"@type\":\"ListItem\",\"position\":1,\"name\":\"Home\",\"item\":\"https:\\\/\\\/rutana.lt\\\/\"},{\"@type\":\"ListItem\",\"position\":2,\"name\":\"Parduotuv\u0117\",\"item\":\"https:\\\/\\\/rutana.lt\\\/parduotuve\\\/\"},{\"@type\":\"ListItem\",\"position\":3,\"name\":\"Spalvoto biuro popieriaus Image Coloraction 10 ry\u0161ki\u0173 spalv\u0173 rinkinys A4 80g 50l. 608001\"}]},{\"@type\":\"WebSite\",\"@id\":\"https:\\\/\\\/rutana.lt\\\/#website\",\"url\":\"https:\\\/\\\/rutana.lt\\\/\",\"name\":\"Rutana - Ra\u0161tin\u0117s reikmenys\",\"description\":\"Prekiaujame pasaulin\u0117je rinkoje pripa\u017eintomis, kokybi\u0161komis biuro prek\u0117mis toki\u0173  gamintoj\u0173 kaip: Schneider, Esselte, Novus, 3M, Faber-Castell, Citizen, Milan, Leitz, Colop, Zebra, Staedtler, Durable, Tork, Parker, Waterman ir kt.\",\"publisher\":{\"@id\":\"https:\\\/\\\/rutana.lt\\\/#organization\"},\"potentialAction\":[{\"@type\":\"SearchAction\",\"target\":{\"@type\":\"EntryPoint\",\"urlTemplate\":\"https:\\\/\\\/rutana.lt\\\/?s={search_term_string}\"},\"query-input\":{\"@type\":\"PropertyValueSpecification\",\"valueRequired\":true,\"valueName\":\"search_term_string\"}}],\"inLanguage\":\"en-US\"},{\"@type\":\"Organization\",\"@id\":\"https:\\\/\\\/rutana.lt\\\/#organization\",\"name\":\"Rutana - Ra\u0161tin\u0117s reikmenys\",\"url\":\"https:\\\/\\\/rutana.lt\\\/\",\"logo\":{\"@type\":\"ImageObject\",\"inLanguage\":\"en-US\",\"@id\":\"https:\\\/\\\/rutana.lt\\\/#\\\/schema\\\/logo\\\/image\\\/\",\"url\":\"https:\\\/\\\/rutana.lt\\\/wp-content\\\/uploads\\\/2025\\\/10\\\/Asset-32.png\",\"contentUrl\":\"https:\\\/\\\/rutana.lt\\\/wp-content\\\/uploads\\\/2025\\\/10\\\/Asset-32.png\",\"width\":433,\"height\":119,\"caption\":\"Rutana - Ra\u0161tin\u0117s reikmenys\"},\"image\":{\"@id\":\"https:\\\/\\\/rutana.lt\\\/#\\\/schema\\\/logo\\\/image\\\/\"},\"sameAs\":[\"https:\\\/\\\/www.facebook.com\\\/RutanaKanceliarinesPrekes\\\/\"]}]}<\/script>\n<!-- \/ Yoast SEO plugin. -->","yoast_head_json":{"title":"Spalvoto biuro popieriaus Image Coloraction 10 ry\u0161ki\u0173 spalv\u0173 rinkinys A4 80g 50l. 608001 - Rutana - Ra\u0161tin\u0117s reikmenys","robots":{"index":"index","follow":"follow","max-snippet":"max-snippet:-1","max-image-preview":"max-image-preview:large","max-video-preview":"max-video-preview:-1"},"canonical":"https:\/\/rutana.lt\/en\/product\/spalvoto-biuro-popieriaus-image-coloraction-10-ryskiu-spalvu-rinkinys-a4-80g-50l-608001\/","og_locale":"en_US","og_type":"article","og_title":"Spalvoto biuro popieriaus Image Coloraction 10 ry\u0161ki\u0173 spalv\u0173 rinkinys A4 80g 50l. 608001 - Rutana - Ra\u0161tin\u0117s reikmenys","og_description":"Auk\u0161tos kokyb\u0117s spalvotas biuro popierius, tinkantis vis\u0173 tip\u0173 spausdintuvams, kopijavimo aparatams ir faksams. Ant matinio glotnaus popieriaus i\u0161spausdinta informacija yra ry\u0161ki ir lengvai skaitoma. Galima spausdinti bro\u0161i\u016bras, skrajutes, prisistatymo lai\u0161kus ir pasi\u016blymus, popieriaus spalva suteikia i\u0161skirtinum\u0105 bei matomum\u0105. Popierius yra sertifikuotas pagal standartus: PEFC\u2122, ECF ir ISO 14001. Popieriaus spalvos rinkinyje: 10 skirtingos ry\u0161kios spalvos [&hellip;]","og_url":"https:\/\/rutana.lt\/en\/product\/spalvoto-biuro-popieriaus-image-coloraction-10-ryskiu-spalvu-rinkinys-a4-80g-50l-608001\/","og_site_name":"Rutana - Ra\u0161tin\u0117s reikmenys","article_publisher":"https:\/\/www.facebook.com\/RutanaKanceliarinesPrekes\/","article_modified_time":"2025-10-13T13:50:50+00:00","og_image":[{"width":600,"height":450,"url":"https:\/\/rutana.lt\/wp-content\/uploads\/2025\/09\/A071-910.jpg","type":"image\/jpeg"}],"twitter_card":"summary_large_image","schema":{"@context":"https:\/\/schema.org","@graph":[{"@type":"WebPage","@id":"https:\/\/rutana.lt\/produktas\/spalvoto-biuro-popieriaus-image-coloraction-10-ryskiu-spalvu-rinkinys-a4-80g-50l-608001\/","url":"https:\/\/rutana.lt\/produktas\/spalvoto-biuro-popieriaus-image-coloraction-10-ryskiu-spalvu-rinkinys-a4-80g-50l-608001\/","name":"Spalvoto biuro popieriaus Image Coloraction 10 ry\u0161ki\u0173 spalv\u0173 rinkinys A4 80g 50l. 608001 - Rutana - Ra\u0161tin\u0117s reikmenys","isPartOf":{"@id":"https:\/\/rutana.lt\/#website"},"primaryImageOfPage":{"@id":"https:\/\/rutana.lt\/produktas\/spalvoto-biuro-popieriaus-image-coloraction-10-ryskiu-spalvu-rinkinys-a4-80g-50l-608001\/#primaryimage"},"image":{"@id":"https:\/\/rutana.lt\/produktas\/spalvoto-biuro-popieriaus-image-coloraction-10-ryskiu-spalvu-rinkinys-a4-80g-50l-608001\/#primaryimage"},"thumbnailUrl":"https:\/\/rutana.lt\/wp-content\/uploads\/2025\/09\/A071-910-1.jpg?v=1763565457","datePublished":"2025-09-03T07:44:24+00:00","dateModified":"2025-10-13T13:50:50+00:00","breadcrumb":{"@id":"https:\/\/rutana.lt\/produktas\/spalvoto-biuro-popieriaus-image-coloraction-10-ryskiu-spalvu-rinkinys-a4-80g-50l-608001\/#breadcrumb"},"inLanguage":"en-US","potentialAction":[{"@type":"ReadAction","target":["https:\/\/rutana.lt\/produktas\/spalvoto-biuro-popieriaus-image-coloraction-10-ryskiu-spalvu-rinkinys-a4-80g-50l-608001\/"]}]},{"@type":"ImageObject","inLanguage":"en-US","@id":"https:\/\/rutana.lt\/produktas\/spalvoto-biuro-popieriaus-image-coloraction-10-ryskiu-spalvu-rinkinys-a4-80g-50l-608001\/#primaryimage","url":"https:\/\/rutana.lt\/wp-content\/uploads\/2025\/09\/A071-910-1.jpg?v=1763565457","contentUrl":"https:\/\/rutana.lt\/wp-content\/uploads\/2025\/09\/A071-910-1.jpg?v=1763565457","width":600,"height":450},{"@type":"BreadcrumbList","@id":"https:\/\/rutana.lt\/produktas\/spalvoto-biuro-popieriaus-image-coloraction-10-ryskiu-spalvu-rinkinys-a4-80g-50l-608001\/#breadcrumb","itemListElement":[{"@type":"ListItem","position":1,"name":"Home","item":"https:\/\/rutana.lt\/"},{"@type":"ListItem","position":2,"name":"Parduotuv\u0117","item":"https:\/\/rutana.lt\/parduotuve\/"},{"@type":"ListItem","position":3,"name":"Spalvoto biuro popieriaus Image Coloraction 10 ry\u0161ki\u0173 spalv\u0173 rinkinys A4 80g 50l. 608001"}]},{"@type":"WebSite","@id":"https:\/\/rutana.lt\/#website","url":"https:\/\/rutana.lt\/","name":"Rutana - Ra\u0161tin\u0117s reikmenys","description":"Prekiaujame pasaulin\u0117je rinkoje pripa\u017eintomis, kokybi\u0161komis biuro prek\u0117mis toki\u0173  gamintoj\u0173 kaip: Schneider, Esselte, Novus, 3M, Faber-Castell, Citizen, Milan, Leitz, Colop, Zebra, Staedtler, Durable, Tork, Parker, Waterman ir kt.","publisher":{"@id":"https:\/\/rutana.lt\/#organization"},"potentialAction":[{"@type":"SearchAction","target":{"@type":"EntryPoint","urlTemplate":"https:\/\/rutana.lt\/?s={search_term_string}"},"query-input":{"@type":"PropertyValueSpecification","valueRequired":true,"valueName":"search_term_string"}}],"inLanguage":"en-US"},{"@type":"Organization","@id":"https:\/\/rutana.lt\/#organization","name":"Rutana - Ra\u0161tin\u0117s reikmenys","url":"https:\/\/rutana.lt\/","logo":{"@type":"ImageObject","inLanguage":"en-US","@id":"https:\/\/rutana.lt\/#\/schema\/logo\/image\/","url":"https:\/\/rutana.lt\/wp-content\/uploads\/2025\/10\/Asset-32.png","contentUrl":"https:\/\/rutana.lt\/wp-content\/uploads\/2025\/10\/Asset-32.png","width":433,"height":119,"caption":"Rutana - Ra\u0161tin\u0117s reikmenys"},"image":{"@id":"https:\/\/rutana.lt\/#\/schema\/logo\/image\/"},"sameAs":["https:\/\/www.facebook.com\/RutanaKanceliarinesPrekes\/"]}]}},"_links":{"self":[{"href":"https:\/\/rutana.lt\/en\/wp-json\/wp\/v2\/product\/16229","targetHints":{"allow":["GET"]}}],"collection":[{"href":"https:\/\/rutana.lt\/en\/wp-json\/wp\/v2\/product"}],"about":[{"href":"https:\/\/rutana.lt\/en\/wp-json\/wp\/v2\/types\/product"}],"replies":[{"embeddable":true,"href":"https:\/\/rutana.lt\/en\/wp-json\/wp\/v2\/comments?post=16229"}],"version-history":[{"count":1,"href":"https:\/\/rutana.lt\/en\/wp-json\/wp\/v2\/product\/16229\/revisions"}],"predecessor-version":[{"id":16272,"href":"https:\/\/rutana.lt\/en\/wp-json\/wp\/v2\/product\/16229\/revisions\/16272"}],"wp:featuredmedia":[{"embeddable":true,"href":"https:\/\/rutana.lt\/en\/wp-json\/wp\/v2\/media\/29011"}],"wp:attachment":[{"href":"https:\/\/rutana.lt\/en\/wp-json\/wp\/v2\/media?parent=16229"}],"wp:term":[{"taxonomy":"product_brand","embeddable":true,"href":"https:\/\/rutana.lt\/en\/wp-json\/wp\/v2\/product_brand?post=16229"},{"taxonomy":"product_cat","embeddable":true,"href":"https:\/\/rutana.lt\/en\/wp-json\/wp\/v2\/product_cat?post=16229"},{"taxonomy":"product_tag","embeddable":true,"href":"https:\/\/rutana.lt\/en\/wp-json\/wp\/v2\/product_tag?post=16229"}],"curies":[{"name":"wp","href":"https:\/\/api.w.org\/{rel}","templated":true}]}}